{"id":6330,"date":"2018-05-10T13:36:29","date_gmt":"2018-05-10T13:36:29","guid":{"rendered":"https:\/\/www.tele-radio.com\/why-remote-control\/"},"modified":"2019-04-24T10:12:08","modified_gmt":"2019-04-24T10:12:08","slug":"porque-control-remoto","status":"publish","type":"page","link":"https:\/\/www.tele-radio.com\/la\/porque-control-remoto\/","title":{"rendered":"Control remoto seguro"},"content":{"rendered":"<h1>\u00bfPor qu\u00e9 usar control remoto?<\/h1>\n<h2>C\u00f3modo pero tambi\u00e9n seguro<\/h2>\n<p>Un control remoto inal\u00e1mbrico es un sistema <strong>centrado en la comodidad y la seguridad<\/strong> para controlar una pieza de la maquinaria. Uno de sus beneficios obvios es que no tiene que caminar de un lado a otro para operar la maquinaria. Permite al operador estar exactamente donde necesita en lugar de las restricciones naturales de un panel de control o un control cableado. Un control remoto inal\u00e1mbrico tampoco entorpece el camino del operador como lo har\u00eda un sistema cableado. Los sistemas con cable reducen enormemente la movilidad y resultan ser un verdadero peligro para la seguridad suponiendo riesgo de tropiezos y son susceptibles a da\u00f1os y a corrosi\u00f3n. Reparar el control remoto de cable en mitad de la jornada laboral tambi\u00e9n puede ser costoso y lento. El coste de un puesto de producci\u00f3n a\u00fan debe considerarse, lo que en muchos casos puede ser mucho m\u00e1s que los costes de reparaci\u00f3n.<\/p>\n<p><img loading=\"lazy\" decoding=\"async\" class=\"aligncenter wp-image-6288 size-full\" src=\"https:\/\/www.tele-radio.com\/app\/uploads\/eot_lifting.jpg\" sizes=\"auto, (max-width: 1200px) 100vw, 1200px\" srcset=\"https:\/\/www.tele-radio.com\/app\/uploads\/eot_lifting.jpg 1200w, https:\/\/www.tele-radio.com\/app\/uploads\/eot_lifting-400x172.jpg 400w, https:\/\/www.tele-radio.com\/app\/uploads\/eot_lifting-768x330.jpg 768w, https:\/\/www.tele-radio.com\/app\/uploads\/eot_lifting-750x322.jpg 750w, https:\/\/www.tele-radio.com\/app\/uploads\/eot_lifting-500x215.jpg 500w, https:\/\/www.tele-radio.com\/app\/uploads\/eot_lifting-800x343.jpg 800w\" alt=\"mando de control remoto para puente grua - Tele Radio\" width=\"1200\" height=\"515\" \/><\/p>\n<h2>Libertad operativa con la mente en calma<\/h2>\n<p>Con un control remoto inal\u00e1mbrico tiene completa libertad de movimiento al operar una prensa, una trituradora de madera, una bomba de alta presi\u00f3n, una maquinaria de elevaci\u00f3n, etc. con la tranquilidad de que la parada de emergencia esta siempre al alcance. Un control remoto inal\u00e1mbrico contribuye sustancialmente a<strong> limitar los riesgos del espacio de trabajo<\/strong>. Tele Radio ofrece muchas prestaciones de seguridad. Certificamos nuestros sistemas con los m\u00e1s altos est\u00e1ndares de la industria para asegurarnos de que todo siga funcionando en las condiciones m\u00e1s dif\u00edciles. Los sistemas con los m\u00e1s altos requisitos de seguridad est\u00e1n <strong>certificados para SIL3, PLd o PLe<\/strong>. Para estos sistemas, hay rel\u00e9s de seguridad que operan en conjunto para asegurarse de mantener el control de su maquinaria incluso con un cierto nivel de mal funcionamiento.<\/p>\n<p><img loading=\"lazy\" decoding=\"async\" class=\"aligncenter wp-image-6287 size-full\" src=\"https:\/\/www.tele-radio.com\/app\/uploads\/tow.jpg\" sizes=\"auto, (max-width: 1200px) 100vw, 1200px\" srcset=\"https:\/\/www.tele-radio.com\/app\/uploads\/tow.jpg 1200w, https:\/\/www.tele-radio.com\/app\/uploads\/tow-400x204.jpg 400w, https:\/\/www.tele-radio.com\/app\/uploads\/tow-768x392.jpg 768w, https:\/\/www.tele-radio.com\/app\/uploads\/tow-750x383.jpg 750w, https:\/\/www.tele-radio.com\/app\/uploads\/tow-500x255.jpg 500w, https:\/\/www.tele-radio.com\/app\/uploads\/tow-800x408.jpg 800w\" alt=\"mando para grua de Tele Radio\" width=\"1200\" height=\"612\" \/><\/p>\n<h2>Sistemas por control remoto, m\u00e1s seguros que un control por cable<\/h2>\n<p>Cada m\u00e1quina y operaci\u00f3n asociada se vuelven inseguras en caso de un uso inapropiado. Pero con el uso correcto, un control remoto inal\u00e1mbrico tiene <strong>muchos puntos positivos<\/strong> sobre el control de cable tradicional. Adem\u00e1s de las ventajas mencionadas en los puntos anteriores, nuestros sistemas tienen varias prestaciones de seguridad, como el rango ajustable de \u201cdonut\u201d: se puede configurar un \u00e1rea de trabajo espec\u00edfica para el transmisor en el que puede funcionar la operaci\u00f3n. Por ejemplo, no en las inmediaciones de la m\u00e1quina, donde es peligrosa, pero tampoco demasiado lejos donde el usuario no tiene suficiente visibilidad. Con una soluci\u00f3n cableada, conseguir una funcionalidad as\u00ed es pr\u00e1cticamente imposible de realizar.<\/p>\n<h2>Testeo independiente y certificaci\u00f3n<\/h2>\n<p>En el 95% de los casos, los proveedores de m\u00e1quinas y componentes parecen llevar a cabo las inspecciones de las marcas y declaraciones de seguridad obligatorias por s\u00ed mismos. Pero hasta qu\u00e9 punto el fabricante ha llevado a cabo las pruebas realmente y los an\u00e1lisis de acuerdo con los requisitos sigue sin estar claro para el usuario final.<\/p>\n<p>Tele Radio es consciente del hecho de que sus transmisores y receptores se utilizan en lugares cr\u00edticos. Para garantizar el m\u00e1s alto nivel de seguridad, los productos son <strong>inspeccionados independientemente por un organismo de inspecci\u00f3n reconocido<\/strong>. Los certificados siempre se pueden mostrar en caso de que los solicites. \u00a1Como usuario, debe estar 100% seguro de la seguridad de los productos de Tele Radio!<\/p>\n","protected":false},"excerpt":{"rendered":"<p>\u00bfPor qu\u00e9 usar control remoto? C\u00f3modo pero tambi\u00e9n seguro Un control remoto inal\u00e1mbrico es un sistema centrado en la comodidad y la seguridad para controlar una pieza de la maquinaria. Uno de sus beneficios obvios es que no tiene que caminar de un lado a otro para operar la maquinaria. Permite al operador estar exactamente [&hellip;]<\/p>\n","protected":false},"author":29,"featured_media":120756,"parent":0,"menu_order":0,"comment_status":"closed","ping_status":"closed","template":"","meta":{"_acf_changed":false,"footnotes":""},"class_list":["post-6330","page","type-page","status-publish","has-post-thumbnail","hentry"],"acf":[],"_links":{"self":[{"href":"https:\/\/www.tele-radio.com\/la\/wp-json\/wp\/v2\/pages\/6330","targetHints":{"allow":["GET"]}}],"collection":[{"href":"https:\/\/www.tele-radio.com\/la\/wp-json\/wp\/v2\/pages"}],"about":[{"href":"https:\/\/www.tele-radio.com\/la\/wp-json\/wp\/v2\/types\/page"}],"author":[{"embeddable":true,"href":"https:\/\/www.tele-radio.com\/la\/wp-json\/wp\/v2\/users\/29"}],"replies":[{"embeddable":true,"href":"https:\/\/www.tele-radio.com\/la\/wp-json\/wp\/v2\/comments?post=6330"}],"version-history":[{"count":6,"href":"https:\/\/www.tele-radio.com\/la\/wp-json\/wp\/v2\/pages\/6330\/revisions"}],"predecessor-version":[{"id":20103,"href":"https:\/\/www.tele-radio.com\/la\/wp-json\/wp\/v2\/pages\/6330\/revisions\/20103"}],"wp:featuredmedia":[{"embeddable":true,"href":"https:\/\/www.tele-radio.com\/la\/wp-json\/wp\/v2\/media\/120756"}],"wp:attachment":[{"href":"https:\/\/www.tele-radio.com\/la\/wp-json\/wp\/v2\/media?parent=6330"}],"curies":[{"name":"wp","href":"https:\/\/api.w.org\/{rel}","templated":true}]}}