{"id":62307,"date":"2021-03-16T15:00:50","date_gmt":"2021-03-16T15:00:50","guid":{"rendered":"https:\/\/www.tele-radio.com\/?page_id=62307"},"modified":"2021-03-16T15:00:51","modified_gmt":"2021-03-16T15:00:51","slug":"t80-leopard","status":"publish","type":"page","link":"https:\/\/www.tele-radio.com\/la\/productos-retirados\/t80-leopard\/","title":{"rendered":"T80 Leopard"},"content":{"rendered":"\n<h1>Tele Radio T80 Leopard<\/h1>\n\n\n\n<div class=\"wp-block-columns is-layout-flex wp-container-core-columns-is-layout-9d6595d7 wp-block-columns-is-layout-flex\">\n<div class=\"wp-block-column is-layout-flow wp-block-column-is-layout-flow\" style=\"flex-basis:40%\">\n<div class=\"wp-block-image\"><figure class=\"aligncenter size-medium\"><img loading=\"lazy\" decoding=\"async\" width=\"400\" height=\"294\" src=\"https:\/\/www.tele-radio.com\/app\/uploads\/\/T80-leopard-retired-system-Tele-Radio-1-400x294.jpg\" alt=\"\" class=\"wp-image-11618\" srcset=\"https:\/\/www.tele-radio.com\/app\/uploads\/T80-leopard-retired-system-Tele-Radio-1-400x294.jpg 400w, https:\/\/www.tele-radio.com\/app\/uploads\/T80-leopard-retired-system-Tele-Radio-1-500x367.jpg 500w, https:\/\/www.tele-radio.com\/app\/uploads\/T80-leopard-retired-system-Tele-Radio-1.jpg 626w\" sizes=\"auto, (max-width: 400px) 100vw, 400px\" \/><\/figure><\/div>\n<\/div>\n\n\n\n<div class=\"wp-block-column is-layout-flow wp-block-column-is-layout-flow\" style=\"flex-basis:60%\">\n<p>El <strong>sistema Leopard T80<\/strong> de Tele Radio fue introducido en 2006 y fue un sistema robusto con un transmisor y dos tipos de receptores orientado a la industria de la elevaci\u00f3n. El sistema contaba con una funci\u00f3n de parada certificada y cumpli\u00f3 con los est\u00e1ndares de seguridad de categor\u00eda 3 y PLd.<\/p>\n\n\n\n<p>El receptor \u201cMQ\u201d presentaba una carcasa de dise\u00f1o delgado especialmente adecuado para \u00e1reas de instalaci\u00f3n estrechas.<\/p>\n\n\n\n<h2 class=\"wp-block-heading\">Reemplazo<\/h2>\n\n\n\n<p>El sistema fue <strong>retirado a finales de 2012<\/strong> y fue <strong>reemplazado por el sistema Tiger<\/strong> G2 para aplicaciones similares.<\/p>\n\n\n\n<div class=\"wp-block-buttons is-layout-flex wp-block-buttons-is-layout-flex\">\n<div class=\"wp-block-button\"><a class=\"wp-block-button__link has-background\" href=\"https:\/\/www.tele-radio.com\/la\/products\/control-remoto-tiger-g2\/\" style=\"background-color:#feb914\">Ver sistemas Tiger G2<\/a><\/div>\n<\/div>\n\n\n\n<div style=\"height:20px\" aria-hidden=\"true\" class=\"wp-block-spacer\"><\/div>\n<\/div>\n<\/div>\n\n\n\n<p>\u00bfBuscando documentos para los sistemas T80 Leopard? Visita la <a href=\"https:\/\/www.tele-radio.com\/la\/soporte\/descargas\/\">secci\u00f3n de descargas<\/a>.<\/p>\n\n\n\n<div style=\"height:40px\" aria-hidden=\"true\" class=\"wp-block-spacer\"><\/div>\n","protected":false},"excerpt":{"rendered":"<p>Tele Radio T80 Leopard El sistema Leopard T80 de Tele Radio fue introducido en 2006 y fue un sistema robusto con un transmisor y dos tipos de receptores orientado a la industria de la elevaci\u00f3n. El sistema contaba con una funci\u00f3n de parada certificada y cumpli\u00f3 con los est\u00e1ndares de seguridad de categor\u00eda 3 y [&hellip;]<\/p>\n","protected":false},"author":54,"featured_media":0,"parent":6610,"menu_order":0,"comment_status":"closed","ping_status":"closed","template":"","meta":{"_acf_changed":false,"footnotes":""},"class_list":["post-62307","page","type-page","status-publish","hentry"],"acf":[],"_links":{"self":[{"href":"https:\/\/www.tele-radio.com\/la\/wp-json\/wp\/v2\/pages\/62307","targetHints":{"allow":["GET"]}}],"collection":[{"href":"https:\/\/www.tele-radio.com\/la\/wp-json\/wp\/v2\/pages"}],"about":[{"href":"https:\/\/www.tele-radio.com\/la\/wp-json\/wp\/v2\/types\/page"}],"author":[{"embeddable":true,"href":"https:\/\/www.tele-radio.com\/la\/wp-json\/wp\/v2\/users\/54"}],"replies":[{"embeddable":true,"href":"https:\/\/www.tele-radio.com\/la\/wp-json\/wp\/v2\/comments?post=62307"}],"version-history":[{"count":2,"href":"https:\/\/www.tele-radio.com\/la\/wp-json\/wp\/v2\/pages\/62307\/revisions"}],"predecessor-version":[{"id":62309,"href":"https:\/\/www.tele-radio.com\/la\/wp-json\/wp\/v2\/pages\/62307\/revisions\/62309"}],"up":[{"embeddable":true,"href":"https:\/\/www.tele-radio.com\/la\/wp-json\/wp\/v2\/pages\/6610"}],"wp:attachment":[{"href":"https:\/\/www.tele-radio.com\/la\/wp-json\/wp\/v2\/media?parent=62307"}],"curies":[{"name":"wp","href":"https:\/\/api.w.org\/{rel}","templated":true}]}}