{"id":60602,"date":"2021-01-18T11:10:43","date_gmt":"2021-01-18T11:10:43","guid":{"rendered":"https:\/\/www.tele-radio.com\/control-remoto-camion-hormigonera\/"},"modified":"2021-02-12T10:10:45","modified_gmt":"2021-02-12T10:10:45","slug":"control-remoto-camion-hormigonera","status":"publish","type":"page","link":"https:\/\/www.tele-radio.com\/la\/control-remoto-camion-hormigonera\/","title":{"rendered":"Control Remoto en Cami\u00f3n Hormigonera"},"content":{"rendered":"\n<div style=\"height:20px\" aria-hidden=\"true\" class=\"wp-block-spacer\"><\/div>\n\n\n\n<div class=\"wp-block-columns is-layout-flex wp-container-core-columns-is-layout-9d6595d7 wp-block-columns-is-layout-flex\">\n<div class=\"wp-block-column is-layout-flow wp-block-column-is-layout-flow\" style=\"flex-basis:60%\">\n<p>El <strong>cami\u00f3n hormigonera<\/strong> es uno de los elementos indispensables para construcci\u00f3n y obra civil. Transporta el hormig\u00f3n mediante una cuba montada con un eje que le permite girar sobre s\u00ed misma, lo cual homogeniza la mezcla y retrasa el fraguado.<\/p>\n\n\n\n<p>Este giro lo habilita un motor auxiliar o la transmisi\u00f3n hidr\u00e1ulico-mec\u00e1nica del propio motor del cami\u00f3n.<\/p>\n\n\n\n<p>Por costumbre se suele controlar el giro mediante <strong>una palanca fija<\/strong> y la velocidad RPM del tambor, mediante <strong>botones fijos<\/strong>. Este sistema suele requerir doble instalaci\u00f3n, tanto en cabina como en la parte posterior del cami\u00f3n.<\/p>\n<\/div>\n\n\n\n<div class=\"wp-block-column is-layout-flow wp-block-column-is-layout-flow\" style=\"flex-basis:40%\">\n<figure class=\"wp-block-image size-large is-resized\"><img loading=\"lazy\" decoding=\"async\" src=\"https:\/\/www.tele-radio.com\/app\/uploads\/camion-hormigonera-panel.jpg\" alt=\"\" class=\"wp-image-58338\" width=\"300\" height=\"225\" srcset=\"https:\/\/www.tele-radio.com\/app\/uploads\/camion-hormigonera-panel.jpg 1200w, https:\/\/www.tele-radio.com\/app\/uploads\/camion-hormigonera-panel-400x300.jpg 400w, https:\/\/www.tele-radio.com\/app\/uploads\/camion-hormigonera-panel-768x576.jpg 768w, https:\/\/www.tele-radio.com\/app\/uploads\/camion-hormigonera-panel-750x563.jpg 750w, https:\/\/www.tele-radio.com\/app\/uploads\/camion-hormigonera-panel-500x375.jpg 500w, https:\/\/www.tele-radio.com\/app\/uploads\/camion-hormigonera-panel-800x600.jpg 800w\" sizes=\"auto, (max-width: 300px) 100vw, 300px\" \/><\/figure>\n\n\n\n<p><\/p>\n<\/div>\n<\/div>\n\n\n\n<h2 class=\"wp-block-heading\"><strong>Ventajas del control inal\u00e1mbrico<\/strong><\/h2>\n\n\n\n<p>Implementar un sistema de control remoto <strong>Tele Radio<\/strong> optimiza los costes en la instalaci\u00f3n y el mantenimiento, adem\u00e1s de aportar <strong>ergonom\u00eda y<\/strong> <strong>comodidad en su uso diario<\/strong>.<\/p>\n\n\n\n<p>La principal ventaja es la <strong>libertad de movimiento <\/strong>que proporciona, un mayor campo visual, <strong>distancia de seguridad<\/strong>, y ahorro de tiempo.<\/p>\n\n\n\n<p>Tambi\u00e9n se ahorra gran parte <strong>del cableado y controles <\/strong>tanto en cabina como en la parte trasera del veh\u00edculo, y se evitan los t\u00edpicos problemas de mantenimiento del cableado que van surgiendo a lo largo de la vida \u00fatil del cami\u00f3n, muy comunes debido a la suciedad, el polvo y el propio hormig\u00f3n.<\/p>\n\n\n\n<div style=\"height:50px\" aria-hidden=\"true\" class=\"wp-block-spacer\"><\/div>\n\n\n\n<div class=\"wp-block-cover has-very-light-gray-background-color has-background-dim\" style=\"min-height:80px;aspect-ratio:unset;\"><div class=\"wp-block-cover__inner-container is-layout-flow wp-block-cover-is-layout-flow\">\n<div style=\"height:20px\" aria-hidden=\"true\" class=\"wp-block-spacer\"><\/div>\n\n\n\n<h2 class=\"has-very-dark-gray-color has-text-color has-text-align-left wp-block-heading\">Soluci\u00f3n b\u00e1sica de control remoto para cami\u00f3n hormigonera<\/h2>\n\n\n\n<p><\/p>\n<\/div><\/div>\n\n\n\n<div class=\"wp-block-media-text alignwide has-background has-very-light-gray-background-color is-stacked-on-mobile is-vertically-aligned-center\" style=\"grid-template-columns:40% auto\"><figure class=\"wp-block-media-text__media\"><img loading=\"lazy\" decoding=\"async\" width=\"512\" height=\"511\" src=\"https:\/\/www.tele-radio.com\/app\/uploads\/control-remoto-camion-hormigonera-estandar-1.png\" alt=\"\" class=\"wp-image-58130\" srcset=\"https:\/\/www.tele-radio.com\/app\/uploads\/control-remoto-camion-hormigonera-estandar-1.png 512w, https:\/\/www.tele-radio.com\/app\/uploads\/control-remoto-camion-hormigonera-estandar-1-400x400.png 400w, https:\/\/www.tele-radio.com\/app\/uploads\/control-remoto-camion-hormigonera-estandar-1-150x150.png 150w, https:\/\/www.tele-radio.com\/app\/uploads\/control-remoto-camion-hormigonera-estandar-1-250x250.png 250w, https:\/\/www.tele-radio.com\/app\/uploads\/control-remoto-camion-hormigonera-estandar-1-500x500.png 500w\" sizes=\"auto, (max-width: 512px) 100vw, 512px\" \/><\/figure><div class=\"wp-block-media-text__content\">\n<p style=\"font-size:22px\">La versi\u00f3n m\u00e1s b\u00e1sica y est\u00e1ndar de control remoto es el transmisor <strong>PN-T13-4<\/strong>.<\/p>\n\n\n\n<p style=\"font-size:22px\">Controla los sentidos de giro del tambor y la velocidad de revoluciones.<\/p>\n\n\n\n<p style=\"font-size:22px\">Pueden a\u00f1adirse m\u00e1s funciones en otras variantes del transmisor que tienen 6, 8 y 10 botones.<\/p>\n<\/div><\/div>\n\n\n\n<div style=\"height:60px\" aria-hidden=\"true\" class=\"wp-block-spacer\"><\/div>\n\n\n\n<div class=\"wp-block-cover has-background-dim\" style=\"background-color:#ffffff;min-height:50px;aspect-ratio:unset;\"><div class=\"wp-block-cover__inner-container is-layout-flow wp-block-cover-is-layout-flow\">\n<h2 class=\"has-very-dark-gray-color has-text-color has-text-align-left wp-block-heading\">Soluci\u00f3n avanzada con conducci\u00f3n del veh\u00edculo<\/h2>\n<\/div><\/div>\n\n\n\n<div class=\"wp-block-media-text alignwide has-media-on-the-right is-stacked-on-mobile is-vertically-aligned-center\" style=\"grid-template-columns:auto 40%\"><figure class=\"wp-block-media-text__media\"><img loading=\"lazy\" decoding=\"async\" width=\"500\" height=\"317\" src=\"https:\/\/www.tele-radio.com\/app\/uploads\/remote-for-volvo-truck-tele-radio-sm-2.jpg\" alt=\"\" class=\"wp-image-32229\" srcset=\"https:\/\/www.tele-radio.com\/app\/uploads\/remote-for-volvo-truck-tele-radio-sm-2.jpg 500w, https:\/\/www.tele-radio.com\/app\/uploads\/remote-for-volvo-truck-tele-radio-sm-2-400x254.jpg 400w\" sizes=\"auto, (max-width: 500px) 100vw, 500px\" \/><\/figure><div class=\"wp-block-media-text__content\">\n<p style=\"font-size:22px\" class=\"has-text-color has-very-dark-gray-color\">Permite <strong>controlar los movimientos del cami\u00f3n<\/strong> y las funciones de la carrocer\u00eda desde un mismo mando y fuera de la cabina del conductor.<\/p>\n\n\n\n<p style=\"font-size:22px\" class=\"has-text-color has-very-dark-gray-color\">Gracias a la colaboraci\u00f3n entre <strong>Tele Radio<\/strong> y <strong>Volvo Trucks<\/strong>, nuestro sistema inal\u00e1mbrico se integra directamente mediante el BB-CAN del cami\u00f3n con variante <strong>EXSTER <\/strong>y el receptor CAN. El cableado es directo,  sencillo y econ\u00f3mico.<\/p>\n<\/div><\/div>\n\n\n\n<figure class=\"wp-block-image size-large\"><img loading=\"lazy\" decoding=\"async\" width=\"1000\" height=\"600\" src=\"https:\/\/www.tele-radio.com\/app\/uploads\/gif-final.gif\" alt=\"\" class=\"wp-image-59418\"\/><\/figure>\n\n\n\n<p style=\"font-size:22px\">Esta soluci\u00f3n inal\u00e1mbrica mediante control remoto Tele Radio tambi\u00e9n es adaptable a otros sectores como la miner\u00eda o la ganader\u00eda, entre otros. Para conocer m\u00e1s sobre esta soluci\u00f3n, puede leer acerca del primer caso de \u00e9xito con un cliente haciendo <a href=\"https:\/\/www.tele-radio.com\/la\/volvo-trucks-reus-fleming-tele-radio\/\">click aqu\u00ed<\/a>.<\/p>\n\n\n\n<div style=\"height:60px\" aria-hidden=\"true\" class=\"wp-block-spacer\"><\/div>\n\n\n\n<div class=\"wp-block-columns is-layout-flex wp-container-core-columns-is-layout-9d6595d7 wp-block-columns-is-layout-flex\">\n<div class=\"wp-block-column is-layout-flow wp-block-column-is-layout-flow\" style=\"flex-basis:66.66%\">\n<p style=\"font-size:30px\" class=\"has-text-align-left\">Solicita informaci\u00f3n<\/p>\n\n\n\n<div class=\"wpcf7 no-js\" id=\"wpcf7-f48972-o1\" lang=\"en-EN\" dir=\"ltr\" data-wpcf7-id=\"48972\">\n<div class=\"screen-reader-response\"><p role=\"status\" aria-live=\"polite\" aria-atomic=\"true\"><\/p> <ul><\/ul><\/div>\n<form action=\"\/la\/wp-json\/wp\/v2\/pages\/60602#wpcf7-f48972-o1\" method=\"post\" class=\"wpcf7-form init\" aria-label=\"Contact form\" novalidate=\"novalidate\" data-status=\"init\">\n<fieldset class=\"hidden-fields-container\"><input type=\"hidden\" name=\"_wpcf7\" value=\"48972\" \/><input type=\"hidden\" name=\"_wpcf7_version\" value=\"6.1\" \/><input type=\"hidden\" name=\"_wpcf7_locale\" value=\"en_EN\" \/><input type=\"hidden\" name=\"_wpcf7_unit_tag\" value=\"wpcf7-f48972-o1\" \/><input type=\"hidden\" name=\"_wpcf7_container_post\" value=\"0\" \/><input type=\"hidden\" name=\"_wpcf7_posted_data_hash\" value=\"\" \/><input type=\"hidden\" name=\"_wpcf7_recaptcha_response\" value=\"\" \/>\n<\/fieldset>\n<p><label> Nombre*<br \/>\n<span class=\"wpcf7-form-control-wrap\" data-name=\"nombre\"><input size=\"40\" maxlength=\"400\" class=\"wpcf7-form-control wpcf7-text wpcf7-validates-as-required\" aria-required=\"true\" aria-invalid=\"false\" placeholder=\"Su nombre\" value=\"\" type=\"text\" name=\"nombre\" \/><\/span> <\/label>\n<\/p>\n<p><label> Email*<br \/>\n<span class=\"wpcf7-form-control-wrap\" data-name=\"tu-email\"><input size=\"40\" maxlength=\"400\" class=\"wpcf7-form-control wpcf7-email wpcf7-validates-as-required wpcf7-text wpcf7-validates-as-email\" aria-required=\"true\" aria-invalid=\"false\" placeholder=\"Su email\" value=\"\" type=\"email\" name=\"tu-email\" \/><\/span> <\/label>\n<\/p>\n<p><label> Tel\u00e9fono*<br \/>\n<span class=\"wpcf7-form-control-wrap\" data-name=\"tu-tfno\"><input size=\"40\" maxlength=\"400\" class=\"wpcf7-form-control wpcf7-tel wpcf7-validates-as-required wpcf7-text wpcf7-validates-as-tel\" aria-required=\"true\" aria-invalid=\"false\" placeholder=\"Tel\u00e9fono de contacto\" value=\"\" type=\"tel\" name=\"tu-tfno\" \/><\/span> <\/label>\n<\/p>\n<p><label> Mensaje*<br \/>\n<span class=\"wpcf7-form-control-wrap\" data-name=\"your-message\"><textarea cols=\"40\" rows=\"10\" maxlength=\"2000\" class=\"wpcf7-form-control wpcf7-textarea wpcf7-validates-as-required\" aria-required=\"true\" aria-invalid=\"false\" placeholder=\"Por favor, escriba aqu\u00ed su consulta o dudas.\" name=\"your-message\"><\/textarea><\/span> <\/label>\n<\/p>\n<p><span class=\"wpcf7-form-control-wrap\" data-name=\"acceptance-322\"><span class=\"wpcf7-form-control wpcf7-acceptance\"><span class=\"wpcf7-list-item\"><label><input type=\"checkbox\" name=\"acceptance-322\" value=\"1\" aria-invalid=\"false\" \/><span class=\"wpcf7-list-item-label\">He le\u00eddo y acepto las <a href=\"https:\/\/www.tele-radio.com\/la\/politica-de-privacidad-y-cookies\/\" target=\"_blank\">condiciones de privacidad<\/a>.*<\/span><\/label><\/span><\/span><\/span>\n<\/p>\n<p><input class=\"wpcf7-form-control wpcf7-submit has-spinner\" type=\"submit\" value=\"Enviar\" \/>\n<\/p><div class=\"wpcf7-response-output\" aria-hidden=\"true\"><\/div>\n<\/form>\n<\/div>\n\r\n\t\t\t\t<script>\r\n\t\t\t\tif ( typeof huOptions !== 'undefined' ) {\r\n\t\t\t\t\tvar huFormData = {\"source\":\"contactform7\",\"id\":48972,\"title\":\"TRLatAm-comercial\",\"fields\":{\"subject\":{\"first_name\":\"your-name\",\"email\":\"your-email\"},\"preferences\":{\"terms\":\"your-consent\"}}};\r\n\t\t\t\t\tvar huFormNode = document.querySelector( '[id^=\"wpcf7-f48972-\"] form' );\r\n\r\n\t\t\t\t\thuFormData['node'] = huFormNode;\r\n\t\t\t\t\thuOptions['forms'].push( huFormData );\r\n\t\t\t\t}\r\n\t\t\t\t<\/script>\n<\/div>\n\n\n\n<div class=\"wp-block-column is-layout-flow wp-block-column-is-layout-flow\" style=\"flex-basis:33.33%\"><\/div>\n<\/div>\n","protected":false},"excerpt":{"rendered":"<p>El cami\u00f3n hormigonera es uno de los elementos indispensables para construcci\u00f3n y obra civil. Transporta el hormig\u00f3n mediante una cuba montada con un eje que le permite girar sobre s\u00ed misma, lo cual homogeniza la mezcla y retrasa el fraguado. Este giro lo habilita un motor auxiliar o la transmisi\u00f3n hidr\u00e1ulico-mec\u00e1nica del propio motor del [&hellip;]<\/p>\n","protected":false},"author":54,"featured_media":58580,"parent":0,"menu_order":0,"comment_status":"closed","ping_status":"closed","template":"","meta":{"_acf_changed":false,"footnotes":""},"class_list":["post-60602","page","type-page","status-publish","has-post-thumbnail","hentry"],"acf":[],"_links":{"self":[{"href":"https:\/\/www.tele-radio.com\/la\/wp-json\/wp\/v2\/pages\/60602","targetHints":{"allow":["GET"]}}],"collection":[{"href":"https:\/\/www.tele-radio.com\/la\/wp-json\/wp\/v2\/pages"}],"about":[{"href":"https:\/\/www.tele-radio.com\/la\/wp-json\/wp\/v2\/types\/page"}],"author":[{"embeddable":true,"href":"https:\/\/www.tele-radio.com\/la\/wp-json\/wp\/v2\/users\/54"}],"replies":[{"embeddable":true,"href":"https:\/\/www.tele-radio.com\/la\/wp-json\/wp\/v2\/comments?post=60602"}],"version-history":[{"count":7,"href":"https:\/\/www.tele-radio.com\/la\/wp-json\/wp\/v2\/pages\/60602\/revisions"}],"predecessor-version":[{"id":60611,"href":"https:\/\/www.tele-radio.com\/la\/wp-json\/wp\/v2\/pages\/60602\/revisions\/60611"}],"wp:featuredmedia":[{"embeddable":true,"href":"https:\/\/www.tele-radio.com\/la\/wp-json\/wp\/v2\/media\/58580"}],"wp:attachment":[{"href":"https:\/\/www.tele-radio.com\/la\/wp-json\/wp\/v2\/media?parent=60602"}],"curies":[{"name":"wp","href":"https:\/\/api.w.org\/{rel}","templated":true}]}}