{"id":5595,"date":"2018-05-09T09:41:58","date_gmt":"2018-05-09T09:41:58","guid":{"rendered":"https:\/\/www.tele-radio.com\/downloads\/"},"modified":"2019-04-25T09:13:06","modified_gmt":"2019-04-25T09:13:06","slug":"descargas","status":"publish","type":"page","link":"https:\/\/www.tele-radio.com\/la\/soporte\/descargas\/","title":{"rendered":"Descargas"},"content":{"rendered":"<h1>Descargas<\/h1>\n<p>Esta es la biblioteca de descargas de Tele Radio, aqu\u00ed puede descargar las instrucciones de instalaci\u00f3n, certificados, cartas y m\u00e1s. Algunos archivos est\u00e1n protegidos con una contrase\u00f1a, en caso de que la necesite p\u00f3ngase en <a href=\"https:\/\/www.tele-radio.com\/la\/contacto\/\">contacto<\/a>\u00a0con su distribuidor local para obtenerla.<\/p>\n<h2>Sistemas antiguos<\/h2>\n<p>Tambi\u00e9n mantenemos informaci\u00f3n sobre nuestros sistemas m\u00e1s antiguos. Encuentre su sistema, nuevo o antiguo, a continuaci\u00f3n y navegue hasta los documentos que necesita.<\/p>\n<p>&nbsp;<\/p>\n","protected":false},"excerpt":{"rendered":"<p>Descargas Esta es la biblioteca de descargas de Tele Radio, aqu\u00ed puede descargar las instrucciones de instalaci\u00f3n, certificados, cartas y m\u00e1s. Algunos archivos est\u00e1n protegidos con una contrase\u00f1a, en caso de que la necesite p\u00f3ngase en contacto\u00a0con su distribuidor local para obtenerla. Sistemas antiguos Tambi\u00e9n mantenemos informaci\u00f3n sobre nuestros sistemas m\u00e1s antiguos. Encuentre su sistema, [&hellip;]<\/p>\n","protected":false},"author":1,"featured_media":10043,"parent":7002,"menu_order":0,"comment_status":"closed","ping_status":"closed","template":"page-templates\/downloads.php","meta":{"_acf_changed":false,"footnotes":""},"class_list":["post-5595","page","type-page","status-publish","has-post-thumbnail","hentry"],"acf":[],"_links":{"self":[{"href":"https:\/\/www.tele-radio.com\/la\/wp-json\/wp\/v2\/pages\/5595","targetHints":{"allow":["GET"]}}],"collection":[{"href":"https:\/\/www.tele-radio.com\/la\/wp-json\/wp\/v2\/pages"}],"about":[{"href":"https:\/\/www.tele-radio.com\/la\/wp-json\/wp\/v2\/types\/page"}],"author":[{"embeddable":true,"href":"https:\/\/www.tele-radio.com\/la\/wp-json\/wp\/v2\/users\/1"}],"replies":[{"embeddable":true,"href":"https:\/\/www.tele-radio.com\/la\/wp-json\/wp\/v2\/comments?post=5595"}],"version-history":[{"count":7,"href":"https:\/\/www.tele-radio.com\/la\/wp-json\/wp\/v2\/pages\/5595\/revisions"}],"predecessor-version":[{"id":20516,"href":"https:\/\/www.tele-radio.com\/la\/wp-json\/wp\/v2\/pages\/5595\/revisions\/20516"}],"up":[{"embeddable":true,"href":"https:\/\/www.tele-radio.com\/la\/wp-json\/wp\/v2\/pages\/7002"}],"wp:featuredmedia":[{"embeddable":true,"href":"https:\/\/www.tele-radio.com\/la\/wp-json\/wp\/v2\/media\/10043"}],"wp:attachment":[{"href":"https:\/\/www.tele-radio.com\/la\/wp-json\/wp\/v2\/media?parent=5595"}],"curies":[{"name":"wp","href":"https:\/\/api.w.org\/{rel}","templated":true}]}}