{"id":41696,"date":"2020-05-11T11:16:44","date_gmt":"2020-05-11T11:16:44","guid":{"rendered":"https:\/\/www.tele-radio.com\/caratulas-personalizables\/"},"modified":"2022-06-06T15:58:00","modified_gmt":"2022-06-06T15:58:00","slug":"caratulas-personalizables","status":"publish","type":"page","link":"https:\/\/www.tele-radio.com\/la\/caratulas-personalizables\/","title":{"rendered":"Car\u00e1tulas personalizables"},"content":{"rendered":"<h2>Su propio logo, colores, s\u00edmbolos o texto. Para una protecci\u00f3n adicional, seguridad y visibilidad!<\/h2>\n<p>Todos nuestros transmisores y receptores pueden ser adquiridos con car\u00e1tulas personalizables. Estas car\u00e1tulas ayudan a <strong>proteger el transmisor<\/strong>, asegurar un uso seguro y contribuir al reconocimiento de su marca. Las car\u00e1tulas est\u00e1n fabricadas con\u00a0<strong>material de alta calidad industrial (3M)<\/strong>. Pueden soportar un uso intensivo y son <strong>resistentes a la decoloraci\u00f3n y a los l\u00edquidos<\/strong>.<\/p>\n<p>Las car\u00e1tulas ofrecen una <strong>capa adicional de protecci\u00f3n<\/strong> a nuestros productos, y adem\u00e1s, aportan tambi\u00e9n una funci\u00f3n de seguridad. Como utilizan s\u00edmbolos inequ\u00edvocos y enfocados a una funci\u00f3n espec\u00edfica, pueden evitarse malinterpretaciones que podr\u00edan ocurrir con s\u00edmbolos gen\u00e9ricos. Obviamente, puede incluir un logo personalizado en el transmisor, con la identidad corporativa, colores, etc. Las car\u00e1tulas personalizables pueden solicitarse por lotes.<\/p>\n<p>Es libre de elegir sus propios colores, logos, s\u00edmbolos, fuentes, im\u00e1genes, etc. Puede enviarnos su plantilla o un boceto y <strong>le realizaremos un dise\u00f1o a medida<\/strong>.<\/p>\n<p>Podemos ofrecerle una car\u00e1tula personalizada para <strong>cualquier transmisor y receptor<\/strong>. Si quiere pedir una car\u00e1tula personalizada,\u00a0<a href=\"https:\/\/www.tele-radio.com\/es\/contactanos\/#section_5377\">contacte con nosotros<\/a>. Le proporcionaremos todos los precios e informaci\u00f3n necesarios. Basado en toda la informaci\u00f3n que nos proporcione le enviaremos un dise\u00f1o para su aprobaci\u00f3n.<\/p>\n<p><img loading=\"lazy\" decoding=\"async\" class=\"wp-image-41684 size-full aligncenter\" src=\"https:\/\/www.tele-radio.com\/app\/uploads\/teleradio-leaflet-custom-foil-remotes.jpg\" alt=\"\" width=\"1200\" height=\"233\" srcset=\"https:\/\/www.tele-radio.com\/app\/uploads\/teleradio-leaflet-custom-foil-remotes.jpg 1200w, https:\/\/www.tele-radio.com\/app\/uploads\/teleradio-leaflet-custom-foil-remotes-400x78.jpg 400w, https:\/\/www.tele-radio.com\/app\/uploads\/teleradio-leaflet-custom-foil-remotes-768x149.jpg 768w, https:\/\/www.tele-radio.com\/app\/uploads\/teleradio-leaflet-custom-foil-remotes-750x146.jpg 750w, https:\/\/www.tele-radio.com\/app\/uploads\/teleradio-leaflet-custom-foil-remotes-500x97.jpg 500w, https:\/\/www.tele-radio.com\/app\/uploads\/teleradio-leaflet-custom-foil-remotes-800x155.jpg 800w\" sizes=\"auto, (max-width: 1200px) 100vw, 1200px\" \/><\/p>\n<h2>Tipos de car\u00e1tulas personalizadas<\/h2>\n<table style=\"height: 181px;\" width=\"996\">\n<tbody>\n<tr>\n<td style=\"background-color: #fabb00; width: 302px;\" width=\"302\"><strong>CAR\u00c1TULAS DE PLEXIGL\u00c1S<\/strong><\/td>\n<td style=\"background-color: #fabb00; width: 302px;\" width=\"302\"><b>CAR\u00c1TULAS DE POLIURETANO<\/b><\/td>\n<\/tr>\n<tr>\n<td width=\"302\"><span style=\"color: #000000;\">Es una l\u00e1mina r\u00edgida de plexigl\u00e1s que rodea a los botones.\u00a0Es<\/span>t\u00e1 disponible en <strong>tres grosores distintos<\/strong><strong>.<\/strong>\u00a0Con la versi\u00f3n m\u00e1s gruesa, los botones se encuentran m\u00e1s profundos en su carcasa, lo que provoca que no se puedan pulsar por accidente. Las carcasas de plexigl\u00e1s son utilizadas en los <a href=\"https:\/\/www.tele-radio.com\/la\/products\/control-remoto-panther\/\">transmisores mini y midi<\/a> pero tambi\u00e9n pueden utilizarse en los transmisores de mayor tama\u00f1o. Las car\u00e1tulas est\u00e1n fabircadas de un material de alta calidad <strong>resistente a la decoloraci\u00f3n, ara\u00f1azos, l\u00edquidos, etc.<\/strong><\/td>\n<td style=\"text-align: left;\" width=\"302\">Las car\u00e1tulas est\u00e1n fabricadas con material poliuretano de alta calidad,\u00a0<strong>resistente a la decoloraci\u00f3n y a los l\u00edquidos.<\/strong>\u00a0Este tipo de car\u00e1tulas cubren completamente los botones. Estas se usan en los <a href=\"https:\/\/www.tele-radio.com\/es\/products\/puma-control-remoto-avanzado\/\">transmisores tipo pupitre<\/a> pero tambi\u00e9n se pueden utilizar en los transmisores m\u00e1s compactos\u00a0como una alternativa a las car\u00e1tulas de plexigl\u00e1s en caso de que prefiera cubrir los botones por completo para <strong>una mayor protecci\u00f3n y visualizar s\u00edmbolos de mayor tama\u00f1o.\u00a0<\/strong><\/td>\n<\/tr>\n<\/tbody>\n<\/table>\n<p><\/p>\n","protected":false},"excerpt":{"rendered":"<p>Su propio logo, colores, s\u00edmbolos o texto. Para una protecci\u00f3n adicional, seguridad y visibilidad! Todos nuestros transmisores y receptores pueden ser adquiridos con car\u00e1tulas personalizables. Estas car\u00e1tulas ayudan a proteger el transmisor, asegurar un uso seguro y contribuir al reconocimiento de su marca. Las car\u00e1tulas est\u00e1n fabricadas con\u00a0material de alta calidad industrial (3M). Pueden soportar [&hellip;]<\/p>\n","protected":false},"author":54,"featured_media":29185,"parent":0,"menu_order":0,"comment_status":"closed","ping_status":"closed","template":"","meta":{"_acf_changed":false,"footnotes":""},"class_list":["post-41696","page","type-page","status-publish","has-post-thumbnail","hentry"],"acf":[],"_links":{"self":[{"href":"https:\/\/www.tele-radio.com\/la\/wp-json\/wp\/v2\/pages\/41696","targetHints":{"allow":["GET"]}}],"collection":[{"href":"https:\/\/www.tele-radio.com\/la\/wp-json\/wp\/v2\/pages"}],"about":[{"href":"https:\/\/www.tele-radio.com\/la\/wp-json\/wp\/v2\/types\/page"}],"author":[{"embeddable":true,"href":"https:\/\/www.tele-radio.com\/la\/wp-json\/wp\/v2\/users\/54"}],"replies":[{"embeddable":true,"href":"https:\/\/www.tele-radio.com\/la\/wp-json\/wp\/v2\/comments?post=41696"}],"version-history":[{"count":4,"href":"https:\/\/www.tele-radio.com\/la\/wp-json\/wp\/v2\/pages\/41696\/revisions"}],"predecessor-version":[{"id":104289,"href":"https:\/\/www.tele-radio.com\/la\/wp-json\/wp\/v2\/pages\/41696\/revisions\/104289"}],"wp:featuredmedia":[{"embeddable":true,"href":"https:\/\/www.tele-radio.com\/la\/wp-json\/wp\/v2\/media\/29185"}],"wp:attachment":[{"href":"https:\/\/www.tele-radio.com\/la\/wp-json\/wp\/v2\/media?parent=41696"}],"curies":[{"name":"wp","href":"https:\/\/api.w.org\/{rel}","templated":true}]}}