{"id":31738,"date":"2019-08-09T13:32:16","date_gmt":"2019-08-09T13:32:16","guid":{"rendered":"https:\/\/www.tele-radio.com\/mandos-gruas-portacoches-cabrestantes\/"},"modified":"2021-10-08T11:07:53","modified_gmt":"2021-10-08T11:07:53","slug":"mandos-gruas-portacoches-cabrestantes","status":"publish","type":"page","link":"https:\/\/www.tele-radio.com\/la\/mandos-gruas-portacoches-cabrestantes\/","title":{"rendered":"Control Remoto y Mandos a Distancia para Gruas Portacoches y Cabrestantes"},"content":{"rendered":"\n<p>Nuestros Controles Remotos son fabricados teniendo en mente la seguridad, fiabilidad y flexibilidad. Ofreciendo al operador un equipo de f\u00e1cil uso y de alto rendimiento en ambientes hostiles y aplicaciones que demandan operaci\u00f3n continua.<\/p>\n\n\n\n<p>A continuaci\u00f3n mostramos los mandos m\u00e1s vendidos para Camiones Portacoches y Cabrestantes.<\/p>\n\n\n\n<div style=\"height:20px\" aria-hidden=\"true\" class=\"wp-block-spacer\"><\/div>\n\n\n\n<h2 class=\"has-text-align-center wp-block-heading\">Mandos para veh\u00edculos de rescate y cabrestantes<\/h2>\n\n\n\n<div style=\"height:30px\" aria-hidden=\"true\" class=\"wp-block-spacer\"><\/div>\n\n\n\n<div class=\"wp-block-columns is-layout-flex wp-container-core-columns-is-layout-9d6595d7 wp-block-columns-is-layout-flex\">\n<div class=\"wp-block-column is-layout-flow wp-block-column-is-layout-flow\" style=\"flex-basis:50%\">\n<h3 class=\"has-text-align-center wp-block-heading\">Transmisores STL<\/h3>\n\n\n\n<div style=\"height:30px\" aria-hidden=\"true\" class=\"wp-block-spacer\"><\/div>\n\n\n\n<div class=\"wp-block-image\"><figure class=\"aligncenter size-medium\"><img loading=\"lazy\" decoding=\"async\" width=\"400\" height=\"200\" src=\"https:\/\/www.tele-radio.com\/app\/uploads\/\/foils-personalizados-gruas-portacoches-teleradio-400x200.webp\" alt=\"\" class=\"wp-image-82945\" srcset=\"https:\/\/www.tele-radio.com\/app\/uploads\/foils-personalizados-gruas-portacoches-teleradio-400x200.webp 400w, https:\/\/www.tele-radio.com\/app\/uploads\/foils-personalizados-gruas-portacoches-teleradio-360x180.webp 360w, https:\/\/www.tele-radio.com\/app\/uploads\/foils-personalizados-gruas-portacoches-teleradio-500x250.webp 500w, https:\/\/www.tele-radio.com\/app\/uploads\/foils-personalizados-gruas-portacoches-teleradio.webp 600w\" sizes=\"auto, (max-width: 400px) 100vw, 400px\" \/><\/figure><\/div>\n<\/div>\n\n\n\n<div class=\"wp-block-column is-layout-flow wp-block-column-is-layout-flow\" style=\"flex-basis:50%\">\n<h3 class=\"has-text-align-center wp-block-heading\">Transmisores robust<\/h3>\n\n\n\n<div class=\"wp-block-image\"><figure class=\"aligncenter size-medium is-resized\"><img loading=\"lazy\" decoding=\"async\" src=\"https:\/\/www.tele-radio.com\/app\/uploads\/\/mandos-robustos-para-vehiculos-de-rescate-y-cabrestantes-min-345x400.png\" alt=\"\" class=\"wp-image-49421\" width=\"259\" height=\"300\" srcset=\"https:\/\/www.tele-radio.com\/app\/uploads\/mandos-robustos-para-vehiculos-de-rescate-y-cabrestantes-min-345x400.png 345w, https:\/\/www.tele-radio.com\/app\/uploads\/mandos-robustos-para-vehiculos-de-rescate-y-cabrestantes-min-431x500.png 431w, https:\/\/www.tele-radio.com\/app\/uploads\/mandos-robustos-para-vehiculos-de-rescate-y-cabrestantes-min.png 500w\" sizes=\"auto, (max-width: 259px) 100vw, 259px\" \/><\/figure><\/div>\n\n\n\n<p><\/p>\n<\/div>\n<\/div>\n\n\n\n<p>Los transmisores cuentan con diferentes n\u00fameros de botones, seg\u00fan las funciones a controlar: 3, 6, 8, 10 y hasta 12 botones. Igualmente, los receptores ofrecen 5, 10 hasta 19 rel\u00e9s de funci\u00f3n aceptado voltaje de 12-24V AC\/DC o 48-230V AC-DC.<\/p>\n\n\n\n<p>Los <strong>transmisores de alta potencia PN-T21<\/strong> son ideales para este tipo de aplicaciones donde <strong>el receptor puede ir instalado en el interior de la carrocer\u00eda<\/strong> u oculto tras partes met\u00e1licas. Suelen utilizarse junto a los receptores PN-R8, que disponen de antena interna.<\/p>\n\n\n\n<p>Para <strong>winch o cabrestantes<\/strong> los m\u00e1s comunes suelen ser los mandos de 3 botones (encender\/apagar, recoger o soltar cable) o de 6 botones si se quiere disponer de varias velocidades o movimientos extra.<\/p>\n\n\n\n<h2 class=\"has-text-align-center wp-block-heading\">Caracter\u00edsticas<\/h2>\n\n\n\n<div style=\"height:35px\" aria-hidden=\"true\" class=\"wp-block-spacer\"><\/div>\n\n\n\n<div class=\"wp-block-columns is-layout-flex wp-container-core-columns-is-layout-9d6595d7 wp-block-columns-is-layout-flex\">\n<div class=\"wp-block-column is-layout-flow wp-block-column-is-layout-flow\">\n<div class=\"wp-block-image\"><figure class=\"aligncenter size-large\"><img loading=\"lazy\" decoding=\"async\" width=\"64\" height=\"64\" src=\"https:\/\/www.tele-radio.com\/app\/uploads\/frequency-1.png\" alt=\"\" class=\"wp-image-48896\"\/><\/figure><\/div>\n\n\n\n<p class=\"has-text-align-center\">Frecuencia de 2.4 GHz y<br>libre de interferencias<\/p>\n<\/div>\n\n\n\n<div class=\"wp-block-column is-layout-flow wp-block-column-is-layout-flow\">\n<div class=\"wp-block-image\"><figure class=\"aligncenter size-large\"><img loading=\"lazy\" decoding=\"async\" width=\"64\" height=\"64\" src=\"https:\/\/www.tele-radio.com\/app\/uploads\/contract-1.png\" alt=\"\" class=\"wp-image-48875\"\/><\/figure><\/div>\n\n\n\n<p class=\"has-text-align-center\">Mandos ligeros, robustos y a prueba de agua y polvo. Certificaciones IP<\/p>\n<\/div>\n\n\n\n<div class=\"wp-block-column is-layout-flow wp-block-column-is-layout-flow\">\n<div class=\"wp-block-image\"><figure class=\"aligncenter size-large is-resized\"><img loading=\"lazy\" decoding=\"async\" src=\"https:\/\/www.tele-radio.com\/app\/uploads\/replacement-t19.png\" alt=\"\" class=\"wp-image-48916\" width=\"64\" height=\"64\"\/><\/figure><\/div>\n\n\n\n<p class=\"has-text-align-center\">Controle distintos objetos con el mando. Por ejemplo: plataforma deslizante y cabrestante<\/p>\n<\/div>\n<\/div>\n\n\n\n<div style=\"height:35px\" aria-hidden=\"true\" class=\"wp-block-spacer\"><\/div>\n\n\n\n<h2 class=\"wp-block-heading\">Otros mandos<\/h2>\n\n\n\n<p>La flexibilidad, personalizaci\u00f3n y adaptaci\u00f3n de nuestros productos es enorme. Tenemos <strong>la gama m\u00e1s amplia de controles remotos del mercado<\/strong>. Si no encuentra un producto que se adapte a usted o prefiere que le ayudemos a encontrar el sistema inal\u00e1mbrico ideal, env\u00edenos una petici\u00f3n y le ayudaremos.<\/p>\n\n\n\n<h2 class=\"wp-block-heading\">Solicite m\u00e1s informaci\u00f3n o presupuesto<\/h2>\n\n\n\n<div class=\"wp-block-columns is-layout-flex wp-container-core-columns-is-layout-9d6595d7 wp-block-columns-is-layout-flex\">\n<div class=\"wp-block-column is-layout-flow wp-block-column-is-layout-flow\" style=\"flex-basis:66.66%\">\n<div class=\"wpcf7 no-js\" id=\"wpcf7-f48972-o1\" lang=\"en-EN\" dir=\"ltr\" data-wpcf7-id=\"48972\">\n<div class=\"screen-reader-response\"><p role=\"status\" aria-live=\"polite\" aria-atomic=\"true\"><\/p> <ul><\/ul><\/div>\n<form action=\"\/la\/wp-json\/wp\/v2\/pages\/31738#wpcf7-f48972-o1\" method=\"post\" class=\"wpcf7-form init\" aria-label=\"Contact form\" novalidate=\"novalidate\" data-status=\"init\">\n<fieldset class=\"hidden-fields-container\"><input type=\"hidden\" name=\"_wpcf7\" value=\"48972\" \/><input type=\"hidden\" name=\"_wpcf7_version\" value=\"6.1\" \/><input type=\"hidden\" name=\"_wpcf7_locale\" value=\"en_EN\" \/><input type=\"hidden\" name=\"_wpcf7_unit_tag\" value=\"wpcf7-f48972-o1\" \/><input type=\"hidden\" name=\"_wpcf7_container_post\" value=\"0\" \/><input type=\"hidden\" name=\"_wpcf7_posted_data_hash\" value=\"\" \/><input type=\"hidden\" name=\"_wpcf7_recaptcha_response\" value=\"\" \/>\n<\/fieldset>\n<p><label> Nombre*<br \/>\n<span class=\"wpcf7-form-control-wrap\" data-name=\"nombre\"><input size=\"40\" maxlength=\"400\" class=\"wpcf7-form-control wpcf7-text wpcf7-validates-as-required\" aria-required=\"true\" aria-invalid=\"false\" placeholder=\"Su nombre\" value=\"\" type=\"text\" name=\"nombre\" \/><\/span> <\/label>\n<\/p>\n<p><label> Email*<br \/>\n<span class=\"wpcf7-form-control-wrap\" data-name=\"tu-email\"><input size=\"40\" maxlength=\"400\" class=\"wpcf7-form-control wpcf7-email wpcf7-validates-as-required wpcf7-text wpcf7-validates-as-email\" aria-required=\"true\" aria-invalid=\"false\" placeholder=\"Su email\" value=\"\" type=\"email\" name=\"tu-email\" \/><\/span> <\/label>\n<\/p>\n<p><label> Tel\u00e9fono*<br \/>\n<span class=\"wpcf7-form-control-wrap\" data-name=\"tu-tfno\"><input size=\"40\" maxlength=\"400\" class=\"wpcf7-form-control wpcf7-tel wpcf7-validates-as-required wpcf7-text wpcf7-validates-as-tel\" aria-required=\"true\" aria-invalid=\"false\" placeholder=\"Tel\u00e9fono de contacto\" value=\"\" type=\"tel\" name=\"tu-tfno\" \/><\/span> <\/label>\n<\/p>\n<p><label> Mensaje*<br \/>\n<span class=\"wpcf7-form-control-wrap\" data-name=\"your-message\"><textarea cols=\"40\" rows=\"10\" maxlength=\"2000\" class=\"wpcf7-form-control wpcf7-textarea wpcf7-validates-as-required\" aria-required=\"true\" aria-invalid=\"false\" placeholder=\"Por favor, escriba aqu\u00ed su consulta o dudas.\" name=\"your-message\"><\/textarea><\/span> <\/label>\n<\/p>\n<p><span class=\"wpcf7-form-control-wrap\" data-name=\"acceptance-322\"><span class=\"wpcf7-form-control wpcf7-acceptance\"><span class=\"wpcf7-list-item\"><label><input type=\"checkbox\" name=\"acceptance-322\" value=\"1\" aria-invalid=\"false\" \/><span class=\"wpcf7-list-item-label\">He le\u00eddo y acepto las <a href=\"https:\/\/www.tele-radio.com\/la\/politica-de-privacidad-y-cookies\/\" target=\"_blank\">condiciones de privacidad<\/a>.*<\/span><\/label><\/span><\/span><\/span>\n<\/p>\n<p><input class=\"wpcf7-form-control wpcf7-submit has-spinner\" type=\"submit\" value=\"Enviar\" \/>\n<\/p><div class=\"wpcf7-response-output\" aria-hidden=\"true\"><\/div>\n<\/form>\n<\/div>\n\r\n\t\t\t\t<script>\r\n\t\t\t\tif ( typeof huOptions !== 'undefined' ) {\r\n\t\t\t\t\tvar huFormData = {\"source\":\"contactform7\",\"id\":48972,\"title\":\"TRLatAm-comercial\",\"fields\":{\"subject\":{\"first_name\":\"your-name\",\"email\":\"your-email\"},\"preferences\":{\"terms\":\"your-consent\"}}};\r\n\t\t\t\t\tvar huFormNode = document.querySelector( '[id^=\"wpcf7-f48972-\"] form' );\r\n\r\n\t\t\t\t\thuFormData['node'] = huFormNode;\r\n\t\t\t\t\thuOptions['forms'].push( huFormData );\r\n\t\t\t\t}\r\n\t\t\t\t<\/script>\n<\/div>\n\n\n\n<div class=\"wp-block-column is-layout-flow wp-block-column-is-layout-flow\" style=\"flex-basis:33.33%\"><\/div>\n<\/div>\n\n\n\n<h3 class=\"wp-block-heading\">Sobre Tele Radio<\/h3>\n\n\n\n<p><strong>Soporte a nivel mundial<\/strong>. Sucursales en 18 pa\u00edses diferentes, y acuerdos con distribuidores en todo el mundo.<\/p>\n\n\n\n<p>Podemos hacer un <strong>dise\u00f1o totalmente personalizado<\/strong> para sus mandos, con iconos, colores e incluso su logotipo.<\/p>\n\n\n\n<p>Amplio abanico de <strong>accesorios<\/strong> para los mandos: Soportes y acoples para el mando, fundas a medida, clips met\u00e1licos para el cintur\u00f3n, etc.<\/p>\n\n\n\n<p>Tele Radio es una empresa sueca con m\u00e1s de <strong>65 a\u00f1os de experiencia<\/strong>, y una de las l\u00edderes en el sector de control remoto. Fabricamos, personalizamos y vendemos sistemas de control remoto industrial a miles de empresas de todo el mundo. Proveemos sistemas inal\u00e1mbricos a fabricantes de carrocer\u00edas, cabrestantes y winch.<\/p>\n","protected":false},"excerpt":{"rendered":"<p>Nuestros Controles Remotos son fabricados teniendo en mente la seguridad, fiabilidad y flexibilidad. Ofreciendo al operador un equipo de f\u00e1cil uso y de alto rendimiento en ambientes hostiles y aplicaciones que demandan operaci\u00f3n continua. A continuaci\u00f3n mostramos los mandos m\u00e1s vendidos para Camiones Portacoches y Cabrestantes. Mandos para veh\u00edculos de rescate y cabrestantes Transmisores STL [&hellip;]<\/p>\n","protected":false},"author":54,"featured_media":0,"parent":0,"menu_order":0,"comment_status":"closed","ping_status":"closed","template":"","meta":{"_acf_changed":false,"footnotes":""},"class_list":["post-31738","page","type-page","status-publish","hentry"],"acf":[],"_links":{"self":[{"href":"https:\/\/www.tele-radio.com\/la\/wp-json\/wp\/v2\/pages\/31738","targetHints":{"allow":["GET"]}}],"collection":[{"href":"https:\/\/www.tele-radio.com\/la\/wp-json\/wp\/v2\/pages"}],"about":[{"href":"https:\/\/www.tele-radio.com\/la\/wp-json\/wp\/v2\/types\/page"}],"author":[{"embeddable":true,"href":"https:\/\/www.tele-radio.com\/la\/wp-json\/wp\/v2\/users\/54"}],"replies":[{"embeddable":true,"href":"https:\/\/www.tele-radio.com\/la\/wp-json\/wp\/v2\/comments?post=31738"}],"version-history":[{"count":11,"href":"https:\/\/www.tele-radio.com\/la\/wp-json\/wp\/v2\/pages\/31738\/revisions"}],"predecessor-version":[{"id":82959,"href":"https:\/\/www.tele-radio.com\/la\/wp-json\/wp\/v2\/pages\/31738\/revisions\/82959"}],"wp:attachment":[{"href":"https:\/\/www.tele-radio.com\/la\/wp-json\/wp\/v2\/media?parent=31738"}],"curies":[{"name":"wp","href":"https:\/\/api.w.org\/{rel}","templated":true}]}}