{"id":265898,"date":"2025-08-05T10:27:02","date_gmt":"2025-08-05T10:27:02","guid":{"rendered":"https:\/\/www.tele-radio.com\/?page_id=265898"},"modified":"2025-08-05T10:27:12","modified_gmt":"2025-08-05T10:27:12","slug":"control-remoto-para-limpieza-industrial","status":"publish","type":"page","link":"https:\/\/www.tele-radio.com\/la\/control-remoto-para-limpieza-industrial\/","title":{"rendered":"Control remoto para limpieza industrial: ROM BV y Tele Radio"},"content":{"rendered":"\n<h1 class=\"wp-block-heading\"><strong>Control remoto para limpieza industrial: ROM BV y Tele Radio<\/strong><\/h1>\n\n\n\n<p><strong><a href=\"https:\/\/rombv.com\/en?AreaID=40&amp;switchLanguage=en-GB\">ROM BV<\/a> opera a nivel mundial como especialista en t\u00e9cnicas de alta presi\u00f3n y vac\u00edo. Desde sus f\u00e1bricas en Europa, producen y suministran equipos de limpieza para la industria de limpieza profesional y el sector gubernamental. Muchas de las aplicaciones de ROM BV, como los equipos de limpieza de alcantarillado a alta presi\u00f3n y las m\u00e1quinas desatascadoras, est\u00e1n equipadas con control remoto. Los clientes de ROM deben poder contar siempre con un funcionamiento confiable y seguro.<\/strong><\/p>\n\n\n\n<p>Con el control remoto inal\u00e1mbrico de Tele Radio, los clientes de ROM BV disfrutan de mayor libertad de movimiento y, al poder mantener la distancia, reducen el riesgo de lesiones f\u00edsicas. Adem\u00e1s de trabajar de forma m\u00e1s eficiente y segura, la operaci\u00f3n inal\u00e1mbrica en aplicaciones de limpieza industrial de alta presi\u00f3n y de alcantarillado ofrece a\u00fan m\u00e1s beneficios.<\/p>\n\n\n\n<h2 class=\"wp-block-heading\">VENTAJAS<\/h2>\n\n\n\n<div style=\"height:16px\" aria-hidden=\"true\" class=\"wp-block-spacer\"><\/div>\n\n\n\n<div class=\"wp-block-group\"><div class=\"wp-block-group__inner-container is-layout-flow wp-block-group-is-layout-flow\">\n<div class=\"wp-block-columns is-layout-flex wp-container-core-columns-is-layout-9d6595d7 wp-block-columns-is-layout-flex\">\n<div class=\"wp-block-column is-layout-flow wp-block-column-is-layout-flow\" style=\"flex-basis:66.66%\">\n<blockquote class=\"wp-block-quote is-style-plain\">\n<p><strong>Eficiencia<\/strong><\/p>\n<p>&#8211; Operar a distancia una m\u00e1quina desatascadora o un equipo de limpieza de alcantarillado a alta presi\u00f3n ahorra tiempo.<\/p>\n<p><strong>Ahorro de costes<\/strong><\/p>\n<p>&#8211; Se puede realizar el mismo trabajo con menos operarios involucrados en la acci\u00f3n gracias al control remoto para limpieza industrial.<\/p>\n<p><strong>Protecci\u00f3n<\/strong><\/p>\n<p>&#8211; Los sistemas de Tele Radio, con un nivel de protecci\u00f3n hasta IP67, est\u00e1n protegidos frente a polvo, agua y ca\u00eddas.<\/p>\n<p><strong>Tiempo de respuesta r\u00e1pido<\/strong><\/p>\n<p>&#8211; Limitando el consumo de agua gracias a la r\u00e1pida respuesta de los telemandos de Tele Radio.<\/p>\n<p><strong>Seguridad<\/strong><\/p>\n<p>&#8211; <a href=\"https:\/\/www.tele-radio.com\/la\/funcion-de-parada-certificada-control-remoto\/\">El bot\u00f3n de parada certificado<\/a> en el control remoto de Tele Radio es fundamental en t\u00e9rminos de seguridad y garantiza una conexi\u00f3n constante y activa con el receptor, cumpliendo con los est\u00e1ndares de seguridad PLd\/SIL3.<\/p>\n<\/blockquote>\n<\/div>\n\n\n\n<div class=\"wp-block-column is-layout-flow wp-block-column-is-layout-flow\" style=\"flex-basis:33.33%\">\n<div style=\"height:50px\" aria-hidden=\"true\" class=\"wp-block-spacer\"><\/div>\n\n\n<div class=\"wp-block-image\">\n<figure class=\"aligncenter size-large\"><img loading=\"lazy\" decoding=\"async\" width=\"1200\" height=\"1200\" src=\"https:\/\/www.tele-radio.com\/app\/uploads\/\/Web_800_x_800_300dpi-5-1200x1200.jpg\" alt=\"control remoto para limpieza industrial\" class=\"wp-image-139328\" srcset=\"https:\/\/www.tele-radio.com\/app\/uploads\/Web_800_x_800_300dpi-5-1200x1200.jpg 1200w, https:\/\/www.tele-radio.com\/app\/uploads\/Web_800_x_800_300dpi-5-400x400.jpg 400w, https:\/\/www.tele-radio.com\/app\/uploads\/Web_800_x_800_300dpi-5-150x150.jpg 150w, https:\/\/www.tele-radio.com\/app\/uploads\/Web_800_x_800_300dpi-5-768x768.jpg 768w, https:\/\/www.tele-radio.com\/app\/uploads\/Web_800_x_800_300dpi-5-1536x1536.jpg 1536w, https:\/\/www.tele-radio.com\/app\/uploads\/Web_800_x_800_300dpi-5-2048x2048.jpg 2048w, https:\/\/www.tele-radio.com\/app\/uploads\/Web_800_x_800_300dpi-5-250x250.jpg 250w, https:\/\/www.tele-radio.com\/app\/uploads\/Web_800_x_800_300dpi-5-750x750.jpg 750w, https:\/\/www.tele-radio.com\/app\/uploads\/Web_800_x_800_300dpi-5-500x500.jpg 500w, https:\/\/www.tele-radio.com\/app\/uploads\/Web_800_x_800_300dpi-5-1600x1600.jpg 1600w, https:\/\/www.tele-radio.com\/app\/uploads\/Web_800_x_800_300dpi-5-800x800.jpg 800w\" sizes=\"auto, (max-width: 1200px) 100vw, 1200px\" \/><\/figure><\/div><\/div>\n<\/div>\n<\/div><\/div>\n\n\n\n<div style=\"height:47px\" aria-hidden=\"true\" class=\"wp-block-spacer\"><\/div>\n\n\n\n<div class=\"wp-block-group\"><div class=\"wp-block-group__inner-container is-layout-flow wp-block-group-is-layout-flow\">\n<div class=\"wp-block-columns has-black-background-color has-background is-layout-flex wp-container-core-columns-is-layout-9d6595d7 wp-block-columns-is-layout-flex\">\n<div class=\"wp-block-column is-layout-flow wp-block-column-is-layout-flow\">\n<figure class=\"wp-block-image size-full\"><img loading=\"lazy\" decoding=\"async\" width=\"800\" height=\"496\" src=\"https:\/\/www.tele-radio.com\/app\/uploads\/Web_ROM.jpg\" alt=\"\" class=\"wp-image-143771\" srcset=\"https:\/\/www.tele-radio.com\/app\/uploads\/Web_ROM.jpg 800w, https:\/\/www.tele-radio.com\/app\/uploads\/Web_ROM-400x248.jpg 400w, https:\/\/www.tele-radio.com\/app\/uploads\/Web_ROM-768x476.jpg 768w, https:\/\/www.tele-radio.com\/app\/uploads\/Web_ROM-750x465.jpg 750w, https:\/\/www.tele-radio.com\/app\/uploads\/Web_ROM-500x310.jpg 500w\" sizes=\"auto, (max-width: 800px) 100vw, 800px\" \/><\/figure>\n<\/div>\n\n\n\n<div class=\"wp-block-column is-vertically-aligned-center is-layout-flow wp-block-column-is-layout-flow\">\n<p class=\"has-text-align-center has-white-color has-black-background-color has-text-color has-background\">&#8220;<strong><em>El control remoto puede parecer una parte peque\u00f1a de nuestros productos, pero ofrece muchos beneficios a los usuarios de nuestros equipos de limpieza.<\/em><\/strong>&#8220;<\/p>\n<\/div>\n<\/div>\n<\/div><\/div>\n\n\n\n<p>ROM BV cuenta con una amplia variedad de herramientas y accesorios para la limpieza de alcantarillado. Al desatascar o limpiar, el control remoto es una herramienta indispensable para el especialista en alcantarillado.<\/p>\n\n\n\n<h2 class=\"wp-block-heading\">ROM BV<\/h2>\n\n\n\n<p>Desde sus inicios en 1980, la empresa familiar ROM BV, que opera a nivel mundial, ha trabajado intensamente para hacer realidad su visi\u00f3n. Su misi\u00f3n es crear soluciones inteligentes para la industria del alcantarillado y el servicio de sanitarios m\u00f3viles. Esto es conseguido mediante el desarrollo continuo de nuevas tecnolog\u00edas, productos y m\u00e9todos, y su comercializaci\u00f3n a nivel global.<\/p>\n\n\n\n<p><\/p>\n\n\n\n<div class=\"wp-block-group\"><div class=\"wp-block-group__inner-container is-layout-flow wp-block-group-is-layout-flow\">\n<div style=\"height:20px\" aria-hidden=\"true\" class=\"wp-block-spacer\"><\/div>\n\n\n\n<blockquote class=\"wp-block-quote has-text-align-center is-layout-flow wp-block-quote-is-layout-flow\">\n<p><strong><em>&#8220;Al desatascar o limpiar, el control remoto es una herramienta indispensable para el especialista en alcantarillado.&#8221;<\/em><\/strong><\/p>\n<\/blockquote>\n\n\n\n<div style=\"height:20px\" aria-hidden=\"true\" class=\"wp-block-spacer\"><\/div>\n<\/div><\/div>\n\n\n\n<h2 class=\"wp-block-heading\"><meta charset=\"utf-8\">TELE RADIO<\/h2>\n\n\n\n<p><meta charset=\"utf-8\"><\/meta>Tele Radio se enorgullece de ser proveedor de los controles remotos en diversas m\u00e1quinas de ROM BV. Muchos de nuestros productos cuentan con certificaciones independientes de nivel de seguridad SIL3, PLd y PLe en la funci\u00f3n de parada. Con m\u00e1s de 60 a\u00f1os de experiencia, tenemos un s\u00f3lido conocimiento en sistemas de radiocontrol y ofrecemos una amplia gama de transmisores. Desde controles manuales compactos, <a href=\"https:\/\/www.tele-radio.com\/la\/botoneras-inalambricas-industriales\/\">mandos de tama\u00f1o medio con botones<\/a>, <a href=\"https:\/\/www.tele-radio.com\/la\/telemandos-de-pupitre-teq\/\">hasta transmisores de cintura con joysticks y palancas.<\/a><\/p>\n\n\n\n<div style=\"height:20px\" aria-hidden=\"true\" class=\"wp-block-spacer\"><\/div>\n\n\n\n<figure class=\"wp-block-image size-large\"><img loading=\"lazy\" decoding=\"async\" width=\"1200\" height=\"346\" src=\"https:\/\/www.tele-radio.com\/app\/uploads\/\/Family-photo-1200x346.jpg\" alt=\"\" class=\"wp-image-121991\" srcset=\"https:\/\/www.tele-radio.com\/app\/uploads\/Family-photo-1200x346.jpg 1200w, https:\/\/www.tele-radio.com\/app\/uploads\/Family-photo-400x115.jpg 400w, https:\/\/www.tele-radio.com\/app\/uploads\/Family-photo-768x221.jpg 768w, https:\/\/www.tele-radio.com\/app\/uploads\/Family-photo-1536x443.jpg 1536w, https:\/\/www.tele-radio.com\/app\/uploads\/Family-photo-750x216.jpg 750w, https:\/\/www.tele-radio.com\/app\/uploads\/Family-photo-500x144.jpg 500w, https:\/\/www.tele-radio.com\/app\/uploads\/Family-photo-800x231.jpg 800w, https:\/\/www.tele-radio.com\/app\/uploads\/Family-photo.jpg 1600w\" sizes=\"auto, (max-width: 1200px) 100vw, 1200px\" \/><\/figure>\n","protected":false},"excerpt":{"rendered":"<p>Control remoto para limpieza industrial: ROM BV y Tele Radio ROM BV opera a nivel mundial como especialista en t\u00e9cnicas de alta presi\u00f3n y vac\u00edo. Desde sus f\u00e1bricas en Europa, producen y suministran equipos de limpieza para la industria de limpieza profesional y el sector gubernamental. Muchas de las aplicaciones de ROM BV, como los [&hellip;]<\/p>\n","protected":false},"author":100,"featured_media":143807,"parent":0,"menu_order":0,"comment_status":"closed","ping_status":"closed","template":"","meta":{"_acf_changed":false,"footnotes":""},"class_list":["post-265898","page","type-page","status-publish","has-post-thumbnail","hentry"],"acf":[],"_links":{"self":[{"href":"https:\/\/www.tele-radio.com\/la\/wp-json\/wp\/v2\/pages\/265898","targetHints":{"allow":["GET"]}}],"collection":[{"href":"https:\/\/www.tele-radio.com\/la\/wp-json\/wp\/v2\/pages"}],"about":[{"href":"https:\/\/www.tele-radio.com\/la\/wp-json\/wp\/v2\/types\/page"}],"author":[{"embeddable":true,"href":"https:\/\/www.tele-radio.com\/la\/wp-json\/wp\/v2\/users\/100"}],"replies":[{"embeddable":true,"href":"https:\/\/www.tele-radio.com\/la\/wp-json\/wp\/v2\/comments?post=265898"}],"version-history":[{"count":2,"href":"https:\/\/www.tele-radio.com\/la\/wp-json\/wp\/v2\/pages\/265898\/revisions"}],"predecessor-version":[{"id":265907,"href":"https:\/\/www.tele-radio.com\/la\/wp-json\/wp\/v2\/pages\/265898\/revisions\/265907"}],"wp:featuredmedia":[{"embeddable":true,"href":"https:\/\/www.tele-radio.com\/la\/wp-json\/wp\/v2\/media\/143807"}],"wp:attachment":[{"href":"https:\/\/www.tele-radio.com\/la\/wp-json\/wp\/v2\/media?parent=265898"}],"curies":[{"name":"wp","href":"https:\/\/api.w.org\/{rel}","templated":true}]}}