{"id":265791,"date":"2025-08-04T13:38:47","date_gmt":"2025-08-04T13:38:47","guid":{"rendered":"https:\/\/www.tele-radio.com\/?page_id=265791"},"modified":"2025-10-31T16:20:13","modified_gmt":"2025-10-31T16:20:13","slug":"control-inalambrico-para-gruas-puente-en-tandem","status":"publish","type":"page","link":"https:\/\/www.tele-radio.com\/la\/control-inalambrico-para-gruas-puente-en-tandem\/","title":{"rendered":"Telemando para gr\u00faas t\u00e1ndem certificado SIL3 IEC 61508 y PLe"},"content":{"rendered":"\n<h1 class=\"wp-block-heading\">Telemando para gr\u00faas t\u00e1ndem certificado SIL3 IEC 61508 y PLe<br><\/h1>\n\n\n\n<div class=\"wp-block-media-text has-media-on-the-right is-stacked-on-mobile has-small-font-size\" style=\"grid-template-columns:auto 45%\"><div class=\"wp-block-media-text__content\">\n<p>El Sistema <strong>TIGER (CTC)<\/strong> ha sido desarrollado para optimizar la <strong>seguridad operativa<\/strong> en los movimientos de <strong>puentes gr\u00faa<\/strong>. Esta tecnolog\u00eda garantiza no solo una <strong>sincronizaci\u00f3n precisa<\/strong> de las maniobras, sino tambi\u00e9n una <strong>supervisi\u00f3n continua<\/strong> mediante transceptores integrados que monitorean en tiempo real cada operaci\u00f3n del sistema.<\/p>\n<\/div><figure class=\"wp-block-media-text__media\"><video controls src=\"https:\/\/www.tele-radio.com\/app\/uploads\/Cranetocrane-square-ES.mp4\"><\/video><\/figure><\/div>\n\n\n\n<div style=\"height:30px\" aria-hidden=\"true\" class=\"wp-block-spacer\"><\/div>\n\n\n\n<p>Esta comunicaci\u00f3n ininterrumpida mejora significativamente la seguridad al garantizar movimientos sincronizados de las gr\u00faas. Por ejemplo, cuando un polipasto alcanza su primer fin de carrera, la velocidad se reduce en sincron\u00eda con los dem\u00e1s. Si se acciona el segundo fin de carrera, la operaci\u00f3n se detiene de inmediato. Esto asegura que las gr\u00faas trabajen siempre en perfecta coordinaci\u00f3n, evitando accidentes y sobrecargas.<\/p>\n\n\n\n<p>El modelo&nbsp;<strong>Tiger CTC<\/strong>&nbsp;de Tele Radio, dise\u00f1ado para operaciones t\u00e1ndem, cumple completamente con la norma europea&nbsp;<strong>EN15011:2011-05<\/strong>, que exige intercomunicaci\u00f3n total entre los movimientos de las gr\u00faas en este tipo de aplicaciones.<\/p>\n\n\n\n<div class=\"wp-block-buttons is-horizontal is-content-justification-center is-layout-flex wp-container-core-buttons-is-layout-499968f5 wp-block-buttons-is-layout-flex\">\n<div class=\"wp-block-button\"><a class=\"wp-block-button__link has-black-color has-text-color has-background wp-element-button\" href=\"#info\" style=\"border-radius:7px;background-color:#fbba00\"><strong>Quiero saber m\u00e1s<\/strong><\/a><\/div>\n<\/div>\n\n\n\n<p><\/p>\n\n\n\n<h2 class=\"wp-block-heading\">Sistema Tiger CTC: la soluci\u00f3n t\u00e1ndem definitiva<\/h2>\n\n\n\n<div class=\"wp-block-columns is-layout-flex wp-container-core-columns-is-layout-9d6595d7 wp-block-columns-is-layout-flex\">\n<div class=\"wp-block-column is-vertically-aligned-top is-layout-flow wp-block-column-is-layout-flow\">\n<div class=\"wp-block-cover is-light\" style=\"min-height:1200px;aspect-ratio:unset;\"><span aria-hidden=\"true\" class=\"wp-block-cover__background has-very-light-gray-background-color has-background-dim-100 has-background-dim\"><\/span><div class=\"wp-block-cover__inner-container is-layout-flow wp-block-cover-is-layout-flow\">\n<h2 class=\"wp-block-heading has-text-align-center has-very-dark-gray-color has-text-color\">Mando inal\u00e1mbrico t\u00e1ndem CTC<\/h2>\n\n\n\n<div style=\"height:20px\" aria-hidden=\"true\" class=\"wp-block-spacer\"><\/div>\n\n\n<div class=\"wp-block-image is-style-rounded\">\n<figure class=\"aligncenter size-large is-resized\"><img loading=\"lazy\" decoding=\"async\" width=\"1200\" height=\"800\" src=\"https:\/\/www.tele-radio.com\/app\/uploads\/\/PH_TW46_T12B_0001-1200x800.png\" alt=\"\" class=\"wp-image-139202\" style=\"width:auto;height:150px\" srcset=\"https:\/\/www.tele-radio.com\/app\/uploads\/PH_TW46_T12B_0001-1200x800.png 1200w, https:\/\/www.tele-radio.com\/app\/uploads\/PH_TW46_T12B_0001-400x267.png 400w, https:\/\/www.tele-radio.com\/app\/uploads\/PH_TW46_T12B_0001-768x512.png 768w, https:\/\/www.tele-radio.com\/app\/uploads\/PH_TW46_T12B_0001-1536x1024.png 1536w, https:\/\/www.tele-radio.com\/app\/uploads\/PH_TW46_T12B_0001-2048x1365.png 2048w, https:\/\/www.tele-radio.com\/app\/uploads\/PH_TW46_T12B_0001-750x500.png 750w, https:\/\/www.tele-radio.com\/app\/uploads\/PH_TW46_T12B_0001-500x333.png 500w, https:\/\/www.tele-radio.com\/app\/uploads\/PH_TW46_T12B_0001-1600x1067.png 1600w, https:\/\/www.tele-radio.com\/app\/uploads\/PH_TW46_T12B_0001-800x533.png 800w\" sizes=\"auto, (max-width: 1200px) 100vw, 1200px\" \/><\/figure><\/div>\n\n\n<p class=\"has-text-align-center\"><a href=\"https:\/\/www.tele-radio.com\/la\/products\/teq\/tiger-g2-transmisor-2x2-0x2-ple-sil3\/\" target=\"_blank\" rel=\"noreferrer noopener\">T12<\/a><\/p>\n\n\n\n<div class=\"wp-block-columns is-layout-flex wp-container-core-columns-is-layout-9d6595d7 wp-block-columns-is-layout-flex\">\n<div class=\"wp-block-column is-vertically-aligned-bottom is-layout-flow wp-block-column-is-layout-flow\"><div class=\"wp-block-image\">\n<figure class=\"aligncenter size-full is-resized\"><img loading=\"lazy\" decoding=\"async\" width=\"562\" height=\"1209\" src=\"https:\/\/www.tele-radio.com\/app\/uploads\/TG-T9-1-3.png\" alt=\"\" class=\"wp-image-267275\" style=\"width:auto;height:108px\" srcset=\"https:\/\/www.tele-radio.com\/app\/uploads\/TG-T9-1-3.png 562w, https:\/\/www.tele-radio.com\/app\/uploads\/TG-T9-1-3-186x400.png 186w, https:\/\/www.tele-radio.com\/app\/uploads\/TG-T9-1-3-558x1200.png 558w, https:\/\/www.tele-radio.com\/app\/uploads\/TG-T9-1-3-349x750.png 349w, https:\/\/www.tele-radio.com\/app\/uploads\/TG-T9-1-3-232x500.png 232w, https:\/\/www.tele-radio.com\/app\/uploads\/TG-T9-1-3-372x800.png 372w\" sizes=\"auto, (max-width: 562px) 100vw, 562px\" \/><\/figure><\/div>\n\n\n<p class=\"has-text-align-center\"><a href=\"https:\/\/www.tele-radio.com\/es\/products\/tiger-g2\/transmisor-tiger-g2-8-botones-2-pasos-ple-sil3\/\" target=\"_blank\" rel=\"noreferrer noopener\"><em>Tiger T9-1<\/em><\/a><\/p>\n<\/div>\n\n\n\n<div class=\"wp-block-column is-vertically-aligned-bottom is-layout-flow wp-block-column-is-layout-flow\"><div class=\"wp-block-image\">\n<figure class=\"aligncenter size-full is-resized\"><img loading=\"lazy\" decoding=\"async\" width=\"562\" height=\"1209\" src=\"https:\/\/www.tele-radio.com\/app\/uploads\/TG-T9-2-1.png\" alt=\"\" class=\"wp-image-153531\" style=\"width:auto;height:108px\" srcset=\"https:\/\/www.tele-radio.com\/app\/uploads\/TG-T9-2-1.png 562w, https:\/\/www.tele-radio.com\/app\/uploads\/TG-T9-2-1-186x400.png 186w, https:\/\/www.tele-radio.com\/app\/uploads\/TG-T9-2-1-558x1200.png 558w, https:\/\/www.tele-radio.com\/app\/uploads\/TG-T9-2-1-349x750.png 349w, https:\/\/www.tele-radio.com\/app\/uploads\/TG-T9-2-1-232x500.png 232w, https:\/\/www.tele-radio.com\/app\/uploads\/TG-T9-2-1-372x800.png 372w\" sizes=\"auto, (max-width: 562px) 100vw, 562px\" \/><\/figure><\/div>\n\n\n<p class=\"has-text-align-center\"><a href=\"https:\/\/www.tele-radio.com\/es\/products\/tiger-g2\/transmisor-tiger-g2-6-botones-2-pasos-pantalla-ple-sil3\/\" target=\"_blank\" rel=\"noreferrer noopener\"><em>Tiger T9-2<\/em><\/a><\/p>\n<\/div>\n\n\n\n<div class=\"wp-block-column is-vertically-aligned-bottom is-layout-flow wp-block-column-is-layout-flow\"><div class=\"wp-block-image\">\n<figure class=\"aligncenter size-medium is-resized\"><img loading=\"lazy\" decoding=\"async\" width=\"149\" height=\"400\" src=\"https:\/\/www.tele-radio.com\/app\/uploads\/\/TG-T11-5-1-149x400.png\" alt=\"TG-T11-5 crane remote\" class=\"wp-image-232051\" style=\"width:auto;height:150px\" srcset=\"https:\/\/www.tele-radio.com\/app\/uploads\/TG-T11-5-1-149x400.png 149w, https:\/\/www.tele-radio.com\/app\/uploads\/TG-T11-5-1-447x1200.png 447w, https:\/\/www.tele-radio.com\/app\/uploads\/TG-T11-5-1-279x750.png 279w, https:\/\/www.tele-radio.com\/app\/uploads\/TG-T11-5-1-186x500.png 186w, https:\/\/www.tele-radio.com\/app\/uploads\/TG-T11-5-1-298x800.png 298w, https:\/\/www.tele-radio.com\/app\/uploads\/TG-T11-5-1.png 450w\" sizes=\"auto, (max-width: 149px) 100vw, 149px\" \/><\/figure><\/div>\n\n\n<p class=\"has-text-align-center has-luminous-vivid-amber-color has-text-color\"><a href=\"https:\/\/www.tele-radio.com\/es\/products\/panther\/panther-transmitter-12x2-step-buttons-2\/\" target=\"_blank\" rel=\"noreferrer noopener\"><em>Tiger T11-5<\/em><\/a><\/p>\n<\/div>\n\n\n\n<div class=\"wp-block-column is-vertically-aligned-bottom is-layout-flow wp-block-column-is-layout-flow\"><div class=\"wp-block-image\">\n<figure class=\"aligncenter size-medium is-resized\"><img loading=\"lazy\" decoding=\"async\" width=\"149\" height=\"400\" src=\"https:\/\/www.tele-radio.com\/app\/uploads\/\/TG-T11-4-1-149x400.png\" alt=\"\" class=\"wp-image-153555\" style=\"width:auto;height:150px\" srcset=\"https:\/\/www.tele-radio.com\/app\/uploads\/TG-T11-4-1-149x400.png 149w, https:\/\/www.tele-radio.com\/app\/uploads\/TG-T11-4-1-447x1200.png 447w, https:\/\/www.tele-radio.com\/app\/uploads\/TG-T11-4-1-279x750.png 279w, https:\/\/www.tele-radio.com\/app\/uploads\/TG-T11-4-1-186x500.png 186w, https:\/\/www.tele-radio.com\/app\/uploads\/TG-T11-4-1-298x800.png 298w, https:\/\/www.tele-radio.com\/app\/uploads\/TG-T11-4-1.png 450w\" sizes=\"auto, (max-width: 149px) 100vw, 149px\" \/><\/figure><\/div>\n\n\n<p class=\"has-text-align-center has-luminous-vivid-amber-color has-text-color\"><a href=\"https:\/\/www.tele-radio.com\/es\/products\/panther\/panther-transmitter-12x2-step-buttons-2\/\" target=\"_blank\" rel=\"noreferrer noopener\"><em>Tiger T11-4<\/em><\/a><\/p>\n<\/div>\n<\/div>\n\n\n\n<ul class=\"wp-block-list\">\n<li><mark style=\"background-color:rgba(0, 0, 0, 0)\" class=\"has-inline-color has-very-dark-gray-color\"><strong>Transmisor con 6 a 12 botones de doble paso<\/strong>&nbsp;para un control preciso y ergon\u00f3mico.<\/mark><\/li>\n\n\n\n<li><mark style=\"background-color:rgba(0, 0, 0, 0)\" class=\"has-inline-color has-very-dark-gray-color\"><strong>Comunicaci\u00f3n d\u00faplex (bidireccional)<\/strong>&nbsp;permitiendo visualizar datos, errores en la pantalla del transmisor y\/o iluminando los diodos led en el transmisor.<\/mark><\/li>\n\n\n\n<li><mark style=\"background-color:rgba(0, 0, 0, 0)\" class=\"has-inline-color has-very-dark-gray-color\"><strong>Rango de operaci\u00f3n <\/strong>hasta 250 m l\u00ednea visual con 915 MHz y hasta 500 m con 433 MHz.<\/mark><\/li>\n\n\n\n<li><mark style=\"background-color:rgba(0, 0, 0, 0)\" class=\"has-inline-color has-very-dark-gray-color\"><span style=\"color: rgb(49, 49, 49);\"><strong>Sincronizaci\u00f3n autom\u00e1tica en tiempo real<\/strong>, sincronizando velocidades y detenciones.<\/span><\/mark><\/li>\n\n\n\n<li><mark style=\"background-color:rgba(0, 0, 0, 0)\" class=\"has-inline-color has-very-dark-gray-color\"><strong>Personalizaci\u00f3n de mandos<\/strong>: desde el layout de botones hasta accesorios espec\u00edficos seg\u00fan aplicaci\u00f3n.<\/mark><\/li>\n\n\n\n<li><mark style=\"background-color:rgba(0, 0, 0, 0)\" class=\"has-inline-color has-very-dark-gray-color\"><strong>Clasificaci\u00f3n de seguridad SIL\u202f3 \/ PLe<\/strong>, conforme a requisitos m\u00e1s exigentes.<\/mark><\/li>\n<\/ul>\n<\/div><\/div>\n<\/div>\n\n\n\n<div class=\"wp-block-column is-vertically-aligned-top is-layout-flow wp-block-column-is-layout-flow\">\n<div class=\"wp-block-cover is-light\" style=\"min-height:1200px;aspect-ratio:unset;\"><span aria-hidden=\"true\" class=\"wp-block-cover__background has-very-light-gray-background-color has-background-dim-100 has-background-dim\"><\/span><div class=\"wp-block-cover__inner-container is-layout-flow wp-block-cover-is-layout-flow\">\n<h2 class=\"wp-block-heading has-text-align-center has-very-dark-gray-color has-text-color\">Receptores para t\u00e1ndem<\/h2>\n\n\n\n<div style=\"height:20px\" aria-hidden=\"true\" class=\"wp-block-spacer\"><\/div>\n\n\n\n<div class=\"wp-block-columns is-layout-flex wp-container-core-columns-is-layout-9d6595d7 wp-block-columns-is-layout-flex\">\n<div class=\"wp-block-column is-vertically-aligned-bottom is-layout-flow wp-block-column-is-layout-flow\"><div class=\"wp-block-image\">\n<figure class=\"aligncenter size-full is-resized\"><img loading=\"lazy\" decoding=\"async\" width=\"600\" height=\"600\" src=\"https:\/\/www.tele-radio.com\/app\/uploads\/tiger-g2-receiver-7-function-relays-with-sil3-ple-tg-r4-1.png\" alt=\"Receptor Tiger\" class=\"wp-image-154314\" style=\"width:113px;height:122px\" srcset=\"https:\/\/www.tele-radio.com\/app\/uploads\/tiger-g2-receiver-7-function-relays-with-sil3-ple-tg-r4-1.png 600w, https:\/\/www.tele-radio.com\/app\/uploads\/tiger-g2-receiver-7-function-relays-with-sil3-ple-tg-r4-1-400x400.png 400w, https:\/\/www.tele-radio.com\/app\/uploads\/tiger-g2-receiver-7-function-relays-with-sil3-ple-tg-r4-1-150x150.png 150w, https:\/\/www.tele-radio.com\/app\/uploads\/tiger-g2-receiver-7-function-relays-with-sil3-ple-tg-r4-1-250x250.png 250w, https:\/\/www.tele-radio.com\/app\/uploads\/tiger-g2-receiver-7-function-relays-with-sil3-ple-tg-r4-1-500x500.png 500w\" sizes=\"auto, (max-width: 600px) 100vw, 600px\" \/><\/figure><\/div>\n\n\n<p class=\"has-text-align-center\"><em><a href=\"https:\/\/www.tele-radio.com\/es\/products\/tiger-g2\/tiger-g2-receptor-7-function-relays\/\" target=\"_blank\" rel=\"noreferrer noopener\">Receptor R4<\/a><\/em><\/p>\n<\/div>\n\n\n\n<div class=\"wp-block-column is-vertically-aligned-bottom is-layout-flow wp-block-column-is-layout-flow\"><div class=\"wp-block-image\">\n<figure class=\"aligncenter size-medium is-resized\"><img loading=\"lazy\" decoding=\"async\" width=\"400\" height=\"400\" src=\"https:\/\/www.tele-radio.com\/app\/uploads\/\/tiger-g2-receiver-12-function-relays-tg-r9-1-400x400.png\" alt=\"\" class=\"wp-image-267303\" style=\"object-fit:cover;width:113px;height:122px\" srcset=\"https:\/\/www.tele-radio.com\/app\/uploads\/tiger-g2-receiver-12-function-relays-tg-r9-1-400x400.png 400w, https:\/\/www.tele-radio.com\/app\/uploads\/tiger-g2-receiver-12-function-relays-tg-r9-1-150x150.png 150w, https:\/\/www.tele-radio.com\/app\/uploads\/tiger-g2-receiver-12-function-relays-tg-r9-1-250x250.png 250w, https:\/\/www.tele-radio.com\/app\/uploads\/tiger-g2-receiver-12-function-relays-tg-r9-1-500x500.png 500w, https:\/\/www.tele-radio.com\/app\/uploads\/tiger-g2-receiver-12-function-relays-tg-r9-1.png 600w\" sizes=\"auto, (max-width: 400px) 100vw, 400px\" \/><\/figure><\/div>\n\n\n<p class=\"has-text-align-center\"><em><a href=\"https:\/\/www.tele-radio.com\/es\/products\/tiger-g2\/tiger-g2-receptor-12-function-relays\/\" target=\"_blank\" rel=\"noreferrer noopener\">Receptores R9<\/a><\/em><\/p>\n<\/div>\n<\/div>\n\n\n\n<ul class=\"wp-block-list\">\n<li><mark style=\"background-color:rgba(0, 0, 0, 0)\" class=\"has-inline-color has-very-dark-gray-color\">Todos los receptores Tiger G2 cuentan con rel\u00e9s de parada certificados&nbsp;<strong>SIL3, PLe<\/strong>, garantizando un funcionamiento seguro en aplicaciones de elevaci\u00f3n y sincronizaci\u00f3n entre gr\u00faas.<\/mark><\/li>\n\n\n\n<li><mark style=\"background-color:rgba(0, 0, 0, 0)\" class=\"has-inline-color has-very-dark-gray-color\">Su carcasa con protecci\u00f3n&nbsp;<strong>IP65<\/strong>&nbsp;los hace resistentes al polvo, la humedad y las condiciones exigentes de los entornos industriales.<\/mark><\/li>\n\n\n\n<li><mark style=\"background-color:rgba(0, 0, 0, 0)\" class=\"has-inline-color has-very-dark-gray-color\"><span style=\"color: rgb(49, 49, 49);\">Los receptores est\u00e1n disponibles en&nbsp;<strong>433 MHz (69 canales de frecuencia) o 915 MHz (sistema de escaneo inteligente de frecuencia \u2013 cambia de canal cada 40ms)<\/strong>.<\/span><\/mark><\/li>\n\n\n\n<li><mark style=\"background-color:rgba(0, 0, 0, 0)\" class=\"has-inline-color has-very-dark-gray-color\">Un mismo transmisor puede controlar hasta 15 receptores (requiere de configuraci\u00f3n especial).<\/mark><\/li>\n<\/ul>\n<\/div><\/div>\n\n\n\n<p><\/p>\n<\/div>\n<\/div>\n\n\n\n<div class=\"wp-block-columns is-layout-flex wp-container-core-columns-is-layout-9d6595d7 wp-block-columns-is-layout-flex\">\n<div class=\"wp-block-column is-layout-flow wp-block-column-is-layout-flow\">\n<div class=\"wp-block-buttons is-content-justification-center is-layout-flex wp-container-core-buttons-is-layout-16018d1d wp-block-buttons-is-layout-flex\">\n<div class=\"wp-block-button\"><a class=\"wp-block-button__link has-black-color has-luminous-vivid-amber-background-color has-text-color has-background has-link-color has-text-align-center wp-element-button\" href=\"https:\/\/www.tele-radio.com\/la\/certificaciones-iso\/\" style=\"border-radius:10px\"><strong>Certificaciones ISO<\/strong><\/a><\/div>\n<\/div>\n<\/div>\n\n\n\n<div class=\"wp-block-column is-vertically-aligned-center is-layout-flow wp-block-column-is-layout-flow\"><div class=\"wp-block-image\">\n<figure class=\"aligncenter size-full is-resized\"><a href=\"https:\/\/www.tele-radio.com\/la\/certificacion-ec-type-examination\/\" target=\"_blank\" rel=\" noreferrer noopener\"><img loading=\"lazy\" decoding=\"async\" width=\"732\" height=\"732\" src=\"https:\/\/www.tele-radio.com\/app\/uploads\/SIL3PLE.png\" alt=\"\" class=\"wp-image-272077\" style=\"width:auto;height:100px\" srcset=\"https:\/\/www.tele-radio.com\/app\/uploads\/SIL3PLE.png 732w, https:\/\/www.tele-radio.com\/app\/uploads\/SIL3PLE-400x400.png 400w, https:\/\/www.tele-radio.com\/app\/uploads\/SIL3PLE-150x150.png 150w, https:\/\/www.tele-radio.com\/app\/uploads\/SIL3PLE-250x250.png 250w, https:\/\/www.tele-radio.com\/app\/uploads\/SIL3PLE-500x500.png 500w\" sizes=\"auto, (max-width: 732px) 100vw, 732px\" \/><\/a><\/figure><\/div><\/div>\n<\/div>\n\n\n\n<div style=\"height:100px\" aria-hidden=\"true\" class=\"wp-block-spacer\"><\/div>\n\n\n\n<h2 class=\"wp-block-heading\" id=\"info\">Contacta para m\u00e1s informaci\u00f3n<\/h2>\n\n\n\n<div class=\"wp-block-columns is-layout-flex wp-container-core-columns-is-layout-9d6595d7 wp-block-columns-is-layout-flex\">\n<div class=\"wp-block-column is-layout-flow wp-block-column-is-layout-flow\" style=\"flex-basis:50%\">\n<div class=\"wp-block-contact-form-7-contact-form-selector\">\n<div class=\"wpcf7 no-js\" id=\"wpcf7-f48972-o1\" lang=\"en-EN\" dir=\"ltr\" data-wpcf7-id=\"48972\">\n<div class=\"screen-reader-response\"><p role=\"status\" aria-live=\"polite\" aria-atomic=\"true\"><\/p> <ul><\/ul><\/div>\n<form action=\"\/la\/wp-json\/wp\/v2\/pages\/265791#wpcf7-f48972-o1\" method=\"post\" class=\"wpcf7-form init\" aria-label=\"Contact form\" novalidate=\"novalidate\" data-status=\"init\">\n<fieldset class=\"hidden-fields-container\"><input type=\"hidden\" name=\"_wpcf7\" value=\"48972\" \/><input type=\"hidden\" name=\"_wpcf7_version\" value=\"6.1\" \/><input type=\"hidden\" name=\"_wpcf7_locale\" value=\"en_EN\" \/><input type=\"hidden\" name=\"_wpcf7_unit_tag\" value=\"wpcf7-f48972-o1\" \/><input type=\"hidden\" name=\"_wpcf7_container_post\" value=\"0\" \/><input type=\"hidden\" name=\"_wpcf7_posted_data_hash\" value=\"\" \/><input type=\"hidden\" name=\"_wpcf7_recaptcha_response\" value=\"\" \/>\n<\/fieldset>\n<p><label> Nombre*<br \/>\n<span class=\"wpcf7-form-control-wrap\" data-name=\"nombre\"><input size=\"40\" maxlength=\"400\" class=\"wpcf7-form-control wpcf7-text wpcf7-validates-as-required\" aria-required=\"true\" aria-invalid=\"false\" placeholder=\"Su nombre\" value=\"\" type=\"text\" name=\"nombre\" \/><\/span> <\/label>\n<\/p>\n<p><label> Email*<br \/>\n<span class=\"wpcf7-form-control-wrap\" data-name=\"tu-email\"><input size=\"40\" maxlength=\"400\" class=\"wpcf7-form-control wpcf7-email wpcf7-validates-as-required wpcf7-text wpcf7-validates-as-email\" aria-required=\"true\" aria-invalid=\"false\" placeholder=\"Su email\" value=\"\" type=\"email\" name=\"tu-email\" \/><\/span> <\/label>\n<\/p>\n<p><label> Tel\u00e9fono*<br \/>\n<span class=\"wpcf7-form-control-wrap\" data-name=\"tu-tfno\"><input size=\"40\" maxlength=\"400\" class=\"wpcf7-form-control wpcf7-tel wpcf7-validates-as-required wpcf7-text wpcf7-validates-as-tel\" aria-required=\"true\" aria-invalid=\"false\" placeholder=\"Tel\u00e9fono de contacto\" value=\"\" type=\"tel\" name=\"tu-tfno\" \/><\/span> <\/label>\n<\/p>\n<p><label> Mensaje*<br \/>\n<span class=\"wpcf7-form-control-wrap\" data-name=\"your-message\"><textarea cols=\"40\" rows=\"10\" maxlength=\"2000\" class=\"wpcf7-form-control wpcf7-textarea wpcf7-validates-as-required\" aria-required=\"true\" aria-invalid=\"false\" placeholder=\"Por favor, escriba aqu\u00ed su consulta o dudas.\" name=\"your-message\"><\/textarea><\/span> <\/label>\n<\/p>\n<p><span class=\"wpcf7-form-control-wrap\" data-name=\"acceptance-322\"><span class=\"wpcf7-form-control wpcf7-acceptance\"><span class=\"wpcf7-list-item\"><label><input type=\"checkbox\" name=\"acceptance-322\" value=\"1\" aria-invalid=\"false\" \/><span class=\"wpcf7-list-item-label\">He le\u00eddo y acepto las <a href=\"https:\/\/www.tele-radio.com\/la\/politica-de-privacidad-y-cookies\/\" target=\"_blank\">condiciones de privacidad<\/a>.*<\/span><\/label><\/span><\/span><\/span>\n<\/p>\n<p><input class=\"wpcf7-form-control wpcf7-submit has-spinner\" type=\"submit\" value=\"Enviar\" \/>\n<\/p><div class=\"wpcf7-response-output\" aria-hidden=\"true\"><\/div>\n<\/form>\n<\/div>\n\r\n\t\t\t\t<script>\r\n\t\t\t\tif ( typeof huOptions !== 'undefined' ) {\r\n\t\t\t\t\tvar huFormData = {\"source\":\"contactform7\",\"id\":48972,\"title\":\"TRLatAm-comercial\",\"fields\":{\"subject\":{\"first_name\":\"your-name\",\"email\":\"your-email\"},\"preferences\":{\"terms\":\"your-consent\"}}};\r\n\t\t\t\t\tvar huFormNode = document.querySelector( '[id^=\"wpcf7-f48972-\"] form' );\r\n\r\n\t\t\t\t\thuFormData['node'] = huFormNode;\r\n\t\t\t\t\thuOptions['forms'].push( huFormData );\r\n\t\t\t\t}\r\n\t\t\t\t<\/script><\/div>\n<\/div>\n\n\n\n<div class=\"wp-block-column is-layout-flow wp-block-column-is-layout-flow\" style=\"flex-basis:50%\">\n<div class=\"wp-block-buttons is-content-justification-center is-layout-flex wp-container-core-buttons-is-layout-e1485a7b wp-block-buttons-is-layout-flex\">\n<div class=\"wp-block-button\"><a class=\"wp-block-button__link has-black-color has-luminous-vivid-amber-background-color has-text-color has-background has-link-color wp-element-button\" href=\"mailto:comercial@teleradio.com\" style=\"border-radius:10px\" target=\"_blank\" rel=\"noreferrer noopener\"><strong>comercial@teleradio.com<\/strong><\/a><\/div>\n<\/div>\n<\/div>\n<\/div>\n\n\n\n<p class=\"has-text-align-center\" style=\"font-size:32px\"><\/p>\n\n\n\n<p><\/p>\n","protected":false},"excerpt":{"rendered":"<p>Telemando para gr\u00faas t\u00e1ndem certificado SIL3 IEC 61508 y PLe El Sistema TIGER (CTC) ha sido desarrollado para optimizar la seguridad operativa en los movimientos de puentes gr\u00faa. Esta tecnolog\u00eda garantiza no solo una sincronizaci\u00f3n precisa de las maniobras, sino tambi\u00e9n una supervisi\u00f3n continua mediante transceptores integrados que monitorean en tiempo real cada operaci\u00f3n del [&hellip;]<\/p>\n","protected":false},"author":100,"featured_media":265248,"parent":0,"menu_order":0,"comment_status":"closed","ping_status":"closed","template":"content-customer-stories.php","meta":{"_acf_changed":false,"footnotes":""},"class_list":["post-265791","page","type-page","status-publish","has-post-thumbnail","hentry"],"acf":[],"_links":{"self":[{"href":"https:\/\/www.tele-radio.com\/la\/wp-json\/wp\/v2\/pages\/265791","targetHints":{"allow":["GET"]}}],"collection":[{"href":"https:\/\/www.tele-radio.com\/la\/wp-json\/wp\/v2\/pages"}],"about":[{"href":"https:\/\/www.tele-radio.com\/la\/wp-json\/wp\/v2\/types\/page"}],"author":[{"embeddable":true,"href":"https:\/\/www.tele-radio.com\/la\/wp-json\/wp\/v2\/users\/100"}],"replies":[{"embeddable":true,"href":"https:\/\/www.tele-radio.com\/la\/wp-json\/wp\/v2\/comments?post=265791"}],"version-history":[{"count":32,"href":"https:\/\/www.tele-radio.com\/la\/wp-json\/wp\/v2\/pages\/265791\/revisions"}],"predecessor-version":[{"id":272106,"href":"https:\/\/www.tele-radio.com\/la\/wp-json\/wp\/v2\/pages\/265791\/revisions\/272106"}],"wp:featuredmedia":[{"embeddable":true,"href":"https:\/\/www.tele-radio.com\/la\/wp-json\/wp\/v2\/media\/265248"}],"wp:attachment":[{"href":"https:\/\/www.tele-radio.com\/la\/wp-json\/wp\/v2\/media?parent=265791"}],"curies":[{"name":"wp","href":"https:\/\/api.w.org\/{rel}","templated":true}]}}