{"id":260740,"date":"2025-05-28T10:42:40","date_gmt":"2025-05-28T10:42:40","guid":{"rendered":"https:\/\/www.tele-radio.com\/?page_id=260740"},"modified":"2025-05-28T10:42:51","modified_gmt":"2025-05-28T10:42:51","slug":"remolque-de-vehiculos-pesados-tele-radio","status":"publish","type":"page","link":"https:\/\/www.tele-radio.com\/la\/remolque-de-vehiculos-pesados-tele-radio\/","title":{"rendered":"Remolque de veh\u00edculos pesados: Global Towing Systems"},"content":{"rendered":"<p><!-- #############################################################\n     TELE RADIO \u2013 GLOBAL TOWING SYSTEMS  |  LANDING PAGE FUNNEL\n     ############################################################# --><\/p>\n<p><!-- ==========  HERO  ========== --><\/p>\n\n\n<div class=\"wp-block-cover alignfull\" style=\"min-height:640px;aspect-ratio:unset;\"><img decoding=\"async\" class=\"wp-block-cover__image-background\" alt=\"\" src=\"https:\/\/www.tele-radio.com\/app\/uploads\/XT5A6738.jpg\" data-object-fit=\"cover\"\/><span aria-hidden=\"true\" class=\"wp-block-cover__background has-kelp-background-color has-background-dim-60 has-background-dim\"><\/span><div class=\"wp-block-cover__inner-container is-layout-flow wp-block-cover-is-layout-flow\">\n<div class=\"wp-block-group is-vertical is-content-justification-center is-layout-flex wp-container-core-group-is-layout-19dca076 wp-block-group-is-layout-flex\">\n<h1 class=\"wp-block-heading has-text-align-center has-white-color has-text-color\" style=\"font-size:56px\">\u00bfRemolque de veh\u00edculos pesados? Hazlo con confianza<\/h1>\n\n\n\n<p class=\"has-text-align-center has-white-color has-text-color\" style=\"font-size:22px\">Descubre la historia de Global Towing Systems \u00d7 Tele Radio y sus controles remotos inal\u00e1mbricos<\/p>\n\n\n\n<div class=\"wp-block-buttons is-content-justification-center is-layout-flex wp-container-core-buttons-is-layout-16018d1d wp-block-buttons-is-layout-flex\">\n<div class=\"wp-block-button\"><a class=\"wp-block-button__link has-kelp-color has-amber-background-color has-text-color has-background has-custom-font-size wp-element-button\" href=\"https:\/\/www.tele-radio.com\/la\/contacto\/\" style=\"border-radius:4px;font-size:20px\" target=\"_blank\" rel=\"noreferrer noopener\">Solicita una demostraci\u00f3n<\/a><\/div>\n<\/div>\n<\/div>\n<\/div><\/div>\n\n\n\n<div class=\"wp-block-group\" style=\"padding-top:80px;padding-bottom:60px\"><div class=\"wp-block-group__inner-container is-layout-flow wp-block-group-is-layout-flow\">\n<div class=\"wp-block-columns are-vertically-aligned-center is-layout-flex wp-container-core-columns-is-layout-a0017d07 wp-block-columns-is-layout-flex\">\n<div class=\"wp-block-column is-vertically-aligned-center is-layout-flow wp-block-column-is-layout-flow\" style=\"flex-basis:50%\">\n<h2 class=\"wp-block-heading has-kelp-color has-text-color\">El Reto: Levantar veh\u00edculos de carga pesada<\/h2>\n\n\n\n<p class=\"has-gray-color has-text-color\">La recuperaci\u00f3n de camiones siniestrados, autobuses y veh\u00edculos militares requiere una precisi\u00f3n quir\u00fargica. Un solo error puede causar toneladas de da\u00f1os\u2026 o lesiones en el remolque de veh\u00edculos pesados.<\/p>\n\n\n\n<ul class=\"wp-block-list\">\n<li>Visibilidad limitada alrededor de la carga.<\/li>\n\n\n\n<li>Alto riesgo de colapso o deformaci\u00f3n.<\/li>\n\n\n\n<li>P\u00e9rdida de tiempo al desplazarse entre los paneles y los veh\u00edculos.<\/li>\n<\/ul>\n<\/div>\n\n\n\n<div class=\"wp-block-column is-vertically-aligned-center is-layout-flow wp-block-column-is-layout-flow\" style=\"flex-basis:50%\">\n<figure class=\"wp-block-image size-large\"><img decoding=\"async\" src=\"https:\/\/www.tele-radio.com\/app\/uploads\/XT5A6812.jpg\" alt=\"High-risk recovery operation, remolque de veh\u00edculos pesados\" style=\"aspect-ratio:1;object-fit:cover\"\/><\/figure>\n<\/div>\n<\/div>\n<\/div><\/div>\n\n\n\n<div class=\"wp-block-group\" style=\"border-top-color:var(--wp--preset--color--gallery);border-top-width:3px;padding-top:60px;padding-bottom:60px\"><div class=\"wp-block-group__inner-container is-layout-flow wp-block-group-is-layout-flow\">\n<div class=\"wp-block-columns are-vertically-aligned-center is-layout-flex wp-container-core-columns-is-layout-a0017d07 wp-block-columns-is-layout-flex\">\n<div class=\"wp-block-column is-vertically-aligned-center is-layout-flow wp-block-column-is-layout-flow\" style=\"flex-basis:50%\">\n<figure class=\"wp-block-embed is-type-video is-provider-youtube wp-block-embed-youtube wp-embed-aspect-16-9 wp-has-aspect-ratio\"><div class=\"wp-block-embed__wrapper\">\n<iframe loading=\"lazy\" title=\"From Chaos to Control: Wireless Vehicle Recovery with Tele Radio\" width=\"500\" height=\"281\" src=\"https:\/\/www.youtube.com\/embed\/vE4_Ynxbc9k?feature=oembed\" frameborder=\"0\" allow=\"accelerometer; autoplay; clipboard-write; encrypted-media; gyroscope; picture-in-picture; web-share\" referrerpolicy=\"strict-origin-when-cross-origin\" allowfullscreen><\/iframe>\n<\/div><\/figure>\n<\/div>\n\n\n\n<div class=\"wp-block-column is-vertically-aligned-center is-layout-flow wp-block-column-is-layout-flow\" style=\"flex-basis:50%\">\n<h2 class=\"wp-block-heading has-kelp-color has-text-color\">La soluci\u00f3n de control remoto industrial para remolque de cargas pesadas<\/h2>\n\n\n\n<p class=\"has-gray-color has-text-color\">Los sistemas proporcionales VersaTEQ y Panther de Tele Radio ofrecen a los operadores un control a nivel milim\u00e9trico, incluso desde una distancia de hasta 50 metros. Dos transmisores controlan todas las funciones.<\/p>\n\n\n\n<div class=\"wp-block-buttons is-layout-flex wp-block-buttons-is-layout-flex\">\n<div class=\"wp-block-button\"><a class=\"wp-block-button__link has-kelp-color has-amber-background-color has-text-color has-background wp-element-button\" href=\"https:\/\/www.tele-radio.com\/la\/control-remoto-tipo-pupitre\/\" style=\"border-radius:19px\" target=\"_blank\" rel=\"noreferrer noopener\">Obt\u00e9n las especificaciones t\u00e9cnicas<\/a><\/div>\n<\/div>\n<\/div>\n<\/div>\n<\/div><\/div>\n\n\n\n<p class=\"has-text-align-left has-black-color has-text-color has-link-color has-large-font-size wp-elements-f904bd2fa4e8e58df074ffdd734102a3\"><strong>Global Towing Systems: \u201cPrevenir p\u00e9rdidas operativas requiere el mejor control remoto del mercado\u201d<\/strong><\/p>\n\n\n\n<p class=\"has-text-align-left has-black-color has-text-color has-link-color has-medium-font-size wp-elements-8f6d8c59f97ad9ba9148221e377ddcb3\"><strong>Cuando un veh\u00edculo de gran tonelaje se encuentra en apuros, son los clientes de Global Towing Systems quienes acuden al rescate. \u201cCamiones siniestrados, autobuses y veh\u00edculos militares son la peor pesadilla para las empresas de remolque\u201d, afirma Michel Noel, Director General de Global Towing Systems (GTS).<\/strong><\/p>\n\n\n\n<p>\u201cPara alcanzar las ruedas de un veh\u00edculo, un cami\u00f3n de rescate se extiende hasta su m\u00e1xima capacidad\u201d, explica Michel desde su oficina en Koml\u00f3, en el sur de Hungr\u00eda. GTS fabrica superestructuras para veh\u00edculos de rescate. Desde finales de 2023, la empresa tambi\u00e9n suministra controles remotos inal\u00e1mbricos de Tele Radio.<\/p>\n\n\n\n<details class=\"wp-block-details has-kelp-color has-text-color has-medium-font-size is-layout-flow wp-block-details-is-layout-flow\" style=\"padding-top:60px;padding-bottom:60px\"><summary>Lee la historia completa<\/summary>\n<p>Michel: \u201cNuestros clientes trabajan con veh\u00edculos de gran tonelaje. Si cometes un error, el veh\u00edculo entero puede colapsar.\u201d Es ah\u00ed donde entra en juego el sistema de control remoto. \u201cSi quieres evitar da\u00f1ar partes cr\u00edticas, necesitas el mejor control remoto del mercado. La sensibilidad del equipo de Tele Radio permite a los operadores levantar veh\u00edculos pesados con suavidad y manipular la carga de la mejor manera posible.\u201d<\/p>\n\n\n\n<p><em>\u201cLa sensibilidad del equipo de Tele Radio permite a los operadores levantar veh\u00edculos pesados con suavidad y manipular la carga de la mejor forma posible.\u201d<br><br>\u2013 Michel Noel, Director General de Global Towing Systems<\/em><\/p>\n\n\n\n<h3 class=\"wp-block-heading has-black-color has-text-color\">Proporcionalidad: la clave durante operaciones de gran envergadura<\/h3>\n\n\n\n<p>Michel valora el grado de implicaci\u00f3n de Tele Radio en el desarrollo del negocio de GTS. \u201cNuestra f\u00e1brica recibi\u00f3 la visita de representantes de Tele Radio dos veces en menos de un a\u00f1o. Se toman el tiempo para comprender nuestra propuesta y ofrecer soluciones de control remoto que se adaptan a nuestros productos.\u201d<\/p>\n\n\n\n<p>Sin embargo, hay m\u00e1s razones que llevaron a GTS a optar por Tele Radio. \u201cLos controles remotos cuentan con proporcionalidad, algo que puede ser crucial para el \u00e9xito de una operaci\u00f3n. El grado de presi\u00f3n aplicado a un bot\u00f3n afecta el movimiento en tiempo real. Los controles remotos de Tele Radio permiten movimientos extremadamente lentos, lo cual, en nuestro campo de trabajo, puede marcar la diferencia.\u201d<\/p>\n\n\n\n<p>\u201cAhora, nuestros clientes controlan sus veh\u00edculos de rescate desde una distancia de hasta 50 metros. Los operadores extienden un cable hasta el veh\u00edculo da\u00f1ado y comienzan la operaci\u00f3n de rescate en el lugar, sin tener que volver al panel de control integrado en el cami\u00f3n.\u201d<\/p>\n\n\n\n<h3 class=\"wp-block-heading has-black-color has-text-color\">Ofrecer el mejor servicio y los mejores componentes posibles<\/h3>\n\n\n\n<p>GTS suministra los sistemas VersaTEQ y Panther de Tele Radio. Seg\u00fan la ubicaci\u00f3n y las necesidades del cliente, adem\u00e1s del modelo VersaTEQ, m\u00e1s grande y complejo, la empresa tambi\u00e9n ofrece la versi\u00f3n Panther, m\u00e1s compacta, como control remoto de tipo on\/off.<\/p>\n\n\n\n<p>\u201cCuando un operador se arrastra debajo de un veh\u00edculo, no siempre puede usar el VersaTEQ debido a su tama\u00f1o. En ese caso, puede utilizar el control remoto manual Panther, m\u00e1s peque\u00f1o, y seguir manejando una parte importante de las funciones del veh\u00edculo de rescate.\u201d<\/p>\n\n\n\n<p>\u201cNuestro objetivo es ofrecer el mejor servicio y los mejores componentes posibles. Tele Radio encaja perfectamente con esa ambici\u00f3n.\u201d<\/p>\n<\/details>\n\n\n\n<p><\/p>\n\n\n\n<div class=\"wp-block-group has-gallery-background-color has-background\" style=\"padding-top:50px;padding-bottom:50px\"><div class=\"wp-block-group__inner-container is-layout-flow wp-block-group-is-layout-flow\">\n<blockquote class=\"wp-block-quote is-style-large is-layout-flow wp-block-quote-is-layout-flow\">\n<p>\u201cLa sensibilidad del equipo de Tele Radio permite a los operadores levantar veh\u00edculos pesados con suavidad y manipular la carga de la mejor manera posible.\u201d<\/p>\n<cite>Michel Noel, Director General \u2013 Global Towing Systems<\/cite><\/blockquote>\n\n\n\n<p><\/p>\n<\/div><\/div>\n\n\n\n<div class=\"wp-block-group\" style=\"padding-top:60px;padding-bottom:60px\"><div class=\"wp-block-group__inner-container is-layout-flow wp-block-group-is-layout-flow\">\n<p class=\"has-text-align-center has-kelp-color has-text-color has-large-font-size\"><strong>\u00bfPor qu\u00e9 Tele Radio?<\/strong><\/p>\n\n\n\n<div class=\"wp-block-columns is-layout-flex wp-container-core-columns-is-layout-7501fc45 wp-block-columns-is-layout-flex\" style=\"padding-top:40px\">\n<div class=\"wp-block-column is-layout-flow wp-block-column-is-layout-flow\">\n<p class=\"has-amber-color has-text-color has-medium-font-size\"><strong>Precisi\u00f3n milim\u00e9trica<\/strong><\/p>\n\n\n\n<p class=\"has-gray-color has-text-color\">Los botones proporcionales traducen la presi\u00f3n del dedo en un movimiento ultrasuave, algo crucial al levantar cargas de 30 toneladas.<\/p>\n<\/div>\n\n\n\n<div class=\"wp-block-column is-layout-flow wp-block-column-is-layout-flow\">\n<p class=\"has-amber-color has-text-color has-medium-font-size\"><strong>Alcance de trabajo de 50&nbsp;m<\/strong><\/p>\n\n\n\n<p class=\"has-gray-color has-text-color\">Mantente a una distancia segura sin perder el control total\u2014olv\u00eddate de ir y venir al panel de control.<\/p>\n<\/div>\n\n\n\n<div class=\"wp-block-column is-layout-flow wp-block-column-is-layout-flow\">\n<p class=\"has-amber-color has-text-color has-medium-font-size\"><strong>Robusto y modular<\/strong><\/p>\n\n\n\n<p class=\"has-gray-color has-text-color\">Desde transmisores de cintura de tama\u00f1o completo hasta controles manuales compactos: elige el mando que se adapte perfectamente a la tarea.<\/p>\n<\/div>\n<\/div>\n<\/div><\/div>\n\n\n\n<p><\/p>\n\n\n\n<section id=\"cta\" class=\"wp-block-group has-amber-background-color has-background\" style=\"padding-top:60px;padding-bottom:60px\"><div class=\"wp-block-group__inner-container is-layout-flow wp-block-group-is-layout-flow\">\n<p class=\"has-text-align-center has-kelp-color has-text-color has-large-font-size\"><strong>\u00bfListo para minimizar da\u00f1o y tiempo de inactividad?<\/strong><\/p>\n\n\n\n<div class=\"wp-block-buttons is-content-justification-center is-layout-flex wp-container-core-buttons-is-layout-16018d1d wp-block-buttons-is-layout-flex\">\n<div class=\"wp-block-button\"><a class=\"wp-block-button__link has-white-color has-kelp-background-color has-text-color has-background has-custom-font-size wp-element-button\" href=\"https:\/\/www.tele-radio.com\/la\/contacto\/\" style=\"border-radius:4px;padding-top:14px;padding-right:34px;padding-bottom:14px;padding-left:34px;font-size:20px\" target=\"_blank\" rel=\"noreferrer noopener\">Agenda una consulta gratis<\/a><\/div>\n<\/div>\n<\/div><\/section>\n\n\n\n<p><\/p>\n\n\n\n<div style=\"height:33px\" aria-hidden=\"true\" class=\"wp-block-spacer\"><\/div>\n\n\n\n<div class=\"wp-block-contact-form-7-contact-form-selector\">\n<div class=\"wpcf7 no-js\" id=\"wpcf7-f48972-o1\" lang=\"en-EN\" dir=\"ltr\" data-wpcf7-id=\"48972\">\n<div class=\"screen-reader-response\"><p role=\"status\" aria-live=\"polite\" aria-atomic=\"true\"><\/p> <ul><\/ul><\/div>\n<form action=\"\/la\/wp-json\/wp\/v2\/pages\/260740#wpcf7-f48972-o1\" method=\"post\" class=\"wpcf7-form init\" aria-label=\"Contact form\" novalidate=\"novalidate\" data-status=\"init\">\n<fieldset class=\"hidden-fields-container\"><input type=\"hidden\" name=\"_wpcf7\" value=\"48972\" \/><input type=\"hidden\" name=\"_wpcf7_version\" value=\"6.1\" \/><input type=\"hidden\" name=\"_wpcf7_locale\" value=\"en_EN\" \/><input type=\"hidden\" name=\"_wpcf7_unit_tag\" value=\"wpcf7-f48972-o1\" \/><input type=\"hidden\" name=\"_wpcf7_container_post\" value=\"0\" \/><input type=\"hidden\" name=\"_wpcf7_posted_data_hash\" value=\"\" \/><input type=\"hidden\" name=\"_wpcf7_recaptcha_response\" value=\"\" \/>\n<\/fieldset>\n<p><label> Nombre*<br \/>\n<span class=\"wpcf7-form-control-wrap\" data-name=\"nombre\"><input size=\"40\" maxlength=\"400\" class=\"wpcf7-form-control wpcf7-text wpcf7-validates-as-required\" aria-required=\"true\" aria-invalid=\"false\" placeholder=\"Su nombre\" value=\"\" type=\"text\" name=\"nombre\" \/><\/span> <\/label>\n<\/p>\n<p><label> Email*<br \/>\n<span class=\"wpcf7-form-control-wrap\" data-name=\"tu-email\"><input size=\"40\" maxlength=\"400\" class=\"wpcf7-form-control wpcf7-email wpcf7-validates-as-required wpcf7-text wpcf7-validates-as-email\" aria-required=\"true\" aria-invalid=\"false\" placeholder=\"Su email\" value=\"\" type=\"email\" name=\"tu-email\" \/><\/span> <\/label>\n<\/p>\n<p><label> Tel\u00e9fono*<br \/>\n<span class=\"wpcf7-form-control-wrap\" data-name=\"tu-tfno\"><input size=\"40\" maxlength=\"400\" class=\"wpcf7-form-control wpcf7-tel wpcf7-validates-as-required wpcf7-text wpcf7-validates-as-tel\" aria-required=\"true\" aria-invalid=\"false\" placeholder=\"Tel\u00e9fono de contacto\" value=\"\" type=\"tel\" name=\"tu-tfno\" \/><\/span> <\/label>\n<\/p>\n<p><label> Mensaje*<br \/>\n<span class=\"wpcf7-form-control-wrap\" data-name=\"your-message\"><textarea cols=\"40\" rows=\"10\" maxlength=\"2000\" class=\"wpcf7-form-control wpcf7-textarea wpcf7-validates-as-required\" aria-required=\"true\" aria-invalid=\"false\" placeholder=\"Por favor, escriba aqu\u00ed su consulta o dudas.\" name=\"your-message\"><\/textarea><\/span> <\/label>\n<\/p>\n<p><span class=\"wpcf7-form-control-wrap\" data-name=\"acceptance-322\"><span class=\"wpcf7-form-control wpcf7-acceptance\"><span class=\"wpcf7-list-item\"><label><input type=\"checkbox\" name=\"acceptance-322\" value=\"1\" aria-invalid=\"false\" \/><span class=\"wpcf7-list-item-label\">He le\u00eddo y acepto las <a href=\"https:\/\/www.tele-radio.com\/la\/politica-de-privacidad-y-cookies\/\" target=\"_blank\">condiciones de privacidad<\/a>.*<\/span><\/label><\/span><\/span><\/span>\n<\/p>\n<p><input class=\"wpcf7-form-control wpcf7-submit has-spinner\" type=\"submit\" value=\"Enviar\" \/>\n<\/p><div class=\"wpcf7-response-output\" aria-hidden=\"true\"><\/div>\n<\/form>\n<\/div>\n\r\n\t\t\t\t<script>\r\n\t\t\t\tif ( typeof huOptions !== 'undefined' ) {\r\n\t\t\t\t\tvar huFormData = {\"source\":\"contactform7\",\"id\":48972,\"title\":\"TRLatAm-comercial\",\"fields\":{\"subject\":{\"first_name\":\"your-name\",\"email\":\"your-email\"},\"preferences\":{\"terms\":\"your-consent\"}}};\r\n\t\t\t\t\tvar huFormNode = document.querySelector( '[id^=\"wpcf7-f48972-\"] form' );\r\n\r\n\t\t\t\t\thuFormData['node'] = huFormNode;\r\n\t\t\t\t\thuOptions['forms'].push( huFormData );\r\n\t\t\t\t}\r\n\t\t\t\t<\/script><\/div>\n","protected":false},"excerpt":{"rendered":"<p>El Reto: Levantar veh\u00edculos de carga pesada La recuperaci\u00f3n de camiones siniestrados, autobuses y veh\u00edculos militares requiere una precisi\u00f3n quir\u00fargica. Un solo error puede causar toneladas de da\u00f1os\u2026 o lesiones en el remolque de veh\u00edculos pesados. La soluci\u00f3n de control remoto industrial para remolque de cargas pesadas Los sistemas proporcionales VersaTEQ y Panther de Tele [&hellip;]<\/p>\n","protected":false},"author":100,"featured_media":259363,"parent":0,"menu_order":0,"comment_status":"closed","ping_status":"closed","template":"content-customer-stories.php","meta":{"_acf_changed":false,"footnotes":""},"class_list":["post-260740","page","type-page","status-publish","has-post-thumbnail","hentry"],"acf":[],"_links":{"self":[{"href":"https:\/\/www.tele-radio.com\/la\/wp-json\/wp\/v2\/pages\/260740","targetHints":{"allow":["GET"]}}],"collection":[{"href":"https:\/\/www.tele-radio.com\/la\/wp-json\/wp\/v2\/pages"}],"about":[{"href":"https:\/\/www.tele-radio.com\/la\/wp-json\/wp\/v2\/types\/page"}],"author":[{"embeddable":true,"href":"https:\/\/www.tele-radio.com\/la\/wp-json\/wp\/v2\/users\/100"}],"replies":[{"embeddable":true,"href":"https:\/\/www.tele-radio.com\/la\/wp-json\/wp\/v2\/comments?post=260740"}],"version-history":[{"count":1,"href":"https:\/\/www.tele-radio.com\/la\/wp-json\/wp\/v2\/pages\/260740\/revisions"}],"predecessor-version":[{"id":260745,"href":"https:\/\/www.tele-radio.com\/la\/wp-json\/wp\/v2\/pages\/260740\/revisions\/260745"}],"wp:featuredmedia":[{"embeddable":true,"href":"https:\/\/www.tele-radio.com\/la\/wp-json\/wp\/v2\/media\/259363"}],"wp:attachment":[{"href":"https:\/\/www.tele-radio.com\/la\/wp-json\/wp\/v2\/media?parent=260740"}],"curies":[{"name":"wp","href":"https:\/\/api.w.org\/{rel}","templated":true}]}}