{"id":251060,"date":"2025-04-02T12:35:22","date_gmt":"2025-04-02T12:35:22","guid":{"rendered":"https:\/\/www.tele-radio.com\/?page_id=251060"},"modified":"2025-04-02T12:35:25","modified_gmt":"2025-04-02T12:35:25","slug":"control-remoto-industrial-duropaq","status":"publish","type":"page","link":"https:\/\/www.tele-radio.com\/la\/control-remoto-industrial-duropaq\/","title":{"rendered":"Control remoto industrial DuroPAQ TH56"},"content":{"rendered":"\n<h1 class=\"wp-block-heading is-style-outlined-title\">Control remoto industrial DuroPAQ TH56<\/h1>\n\n\n\n<div style=\"height:59px\" aria-hidden=\"true\" class=\"wp-block-spacer\"><\/div>\n\n\n\n<div class=\"wp-block-columns is-layout-flex wp-container-core-columns-is-layout-9d6595d7 wp-block-columns-is-layout-flex\">\n<div class=\"wp-block-column is-layout-flow wp-block-column-is-layout-flow\" style=\"flex-basis:66.66%\">\n<div style=\"height:55px\" aria-hidden=\"true\" class=\"wp-block-spacer\"><\/div>\n\n\n\n<p class=\"has-medium-font-size\" style=\"font-style:normal;font-weight:300\">\u00bfBuscas un control remoto vers\u00e1til, robusto y preparado para el futuro? Lo has encontrado. El <strong>control remoto industrial DuroPAQ TH56 (T35)<\/strong> est\u00e1 a la vanguardia de los controles remotos inal\u00e1mbricos, listo para cumplir con las estrictas normativas de seguridad que se avecinan. Con una estructura s\u00f3lida y resistente, tienes en tus manos un transmisor que soporta incluso las condiciones m\u00e1s exigentes. Su cubierta protectora de goma mejorada lo protege de los terrenos dif\u00edciles donde sabemos que nuestros clientes utilizan sus controles. \u00bfY los <strong>6 botones<\/strong> de este control remoto de <strong>nivel b\u00e1sico<\/strong>? Est\u00e1n dise\u00f1ados para una amplia variedad de aplicaciones que implican movimientos hacia arriba, abajo, izquierda y\/o derecha. El DuroPAQ TH56 tambi\u00e9n incorpora una <strong>pantalla<\/strong> para recibir retroalimentaci\u00f3n de la m\u00e1quina.<\/p>\n<\/div>\n\n\n\n<div class=\"wp-block-column is-layout-flow wp-block-column-is-layout-flow\" style=\"flex-basis:33.33%\">\n<div style=\"height:103px\" aria-hidden=\"true\" class=\"wp-block-spacer\"><\/div>\n\n\n\n<figure class=\"wp-block-image size-large is-resized is-style-rounded\"><img decoding=\"async\" src=\"https:\/\/www.tele-radio.com\/app\/uploads\/\/FH-LC-DURP_60-1200x798.jpg\" alt=\"wireless remote control duropaq\" class=\"wp-image-248562\" style=\"width:385px;height:auto\"\/><\/figure>\n<\/div>\n<\/div>\n\n\n\n<div style=\"height:56px\" aria-hidden=\"true\" class=\"wp-block-spacer\"><\/div>\n\n\n\n<h2 class=\"wp-block-heading has-text-align-center is-style-outlined-title\"><strong>Caracter\u00edsticas del telemando industrial DuroPAQ TH56<\/strong><\/h2>\n\n\n\n<div style=\"height:50px\" aria-hidden=\"true\" class=\"wp-block-spacer\"><\/div>\n\n\n\n<div class=\"wp-block-columns is-layout-flex wp-container-core-columns-is-layout-9d6595d7 wp-block-columns-is-layout-flex\">\n<div class=\"wp-block-column is-layout-flow wp-block-column-is-layout-flow\"><\/div>\n\n\n\n<div class=\"wp-block-column is-layout-flow wp-block-column-is-layout-flow\" style=\"flex-basis:100%\">\n<div class=\"paq-container\">\n  <div class=\"paq-sidebar\">\n    <button class=\"tab-button\" onclick=\"openSpec(event, 'General')\" id=\"defaultOpen\">General<\/button>\n    <button class=\"tab-button\" onclick=\"openSpec(event, 'Flexibility')\">Versatilidad<\/button>\n    <button class=\"tab-button\" onclick=\"openSpec(event, 'Connectivity')\">Conectividad<\/button>\n    <button class=\"tab-button\" onclick=\"openSpec(event, 'Protection')\">Seguridad<\/button>\n  <\/div>\n\n  <div class=\"paq-content\">\n    <div id=\"General\" class=\"tab-content\">\n      <h3>General<\/h3>\n      <p>TEl DuroPAQ TH56 es tu transmisor de mano avanzado, con 6 botones ergon\u00f3micos de doble paso combinados con una pantalla retroiluminada y de f\u00e1cil lectura. Dise\u00f1ado espec\u00edficamente para tareas industriales complejas, permite un control preciso y una retroalimentaci\u00f3n en tiempo real directamente desde el transmisor. Ya sea que est\u00e9s operando gr\u00faas en la construcci\u00f3n, gestionando maquinaria agr\u00edcola de gran tama\u00f1o o controlando sistemas hidr\u00e1ulicos en veh\u00edculos m\u00f3viles, su resistente carcasa con clasificaci\u00f3n IP66 garantiza un rendimiento confiable, incluso en entornos exigentes.<\/p>\n    <\/div>\n\n    <div id=\"Flexibility\" class=\"tab-content\" style=\"display:none\">\n      <h3>Versatilidad<\/h3>\n      <p>Adapta el DuroPAQ TH56 exactamente a tus necesidades operativas. Gracias a sus avanzadas capacidades de programaci\u00f3n, puedes configurar las funciones de los botones, personalizar el comportamiento de los LED, ajustar el sensor de aceleraci\u00f3n integrado para la detecci\u00f3n de inclinaciones o ca\u00eddas, y establecer alertas ac\u00fasticas precisas. Por ejemplo, puedes utilizar la detecci\u00f3n de inclinaci\u00f3n para detener autom\u00e1ticamente la maquinaria cuando se alcanzan \u00e1ngulos peligrosos, lo cual es ideal para equipos que operan en miner\u00eda o construcci\u00f3n.<\/p>\n    <\/div>\n\n    <div id=\"Connectivity\" class=\"tab-content\" style=\"display:none\">\n      <h3>Conectividad<\/h3>\n      <p>Mant\u00e9n el control total desde cualquier lugar con la intuitiva aplicaci\u00f3n FieldManager\u2122 de Tele Radio, compatible con dispositivos Android e iOS. Configura f\u00e1cilmente tu transmisor, ajusta los permisos de usuario gracias a la funcionalidad RFID integrada o comparte datos de configuraci\u00f3n cr\u00edticos al instante por correo electr\u00f3nico. Es ideal para operarios distribuidos en grandes sitios de trabajo o entornos industriales remotos, asegurando que el soporte y la informaci\u00f3n vital est\u00e9n siempre a solo un toque de distancia.<\/p>\n    <\/div>\n\n    <div id=\"Protection\" class=\"tab-content\" style=\"display:none\">\n      <h3>Protecci\u00f3n<\/h3>\n      <p>La seguridad es una prioridad con el DuroPAQ TH56, que cumple con estrictos est\u00e1ndares de seguridad (PLe, CAT4, SIL3). Su exclusivo dise\u00f1o con tres procesadores garantiza el funcionamiento independiente de las comunicaciones por radio, el software configurable y las funciones de seguridad, asegurando que las operaciones cr\u00edticas del transmisor no se vean afectadas por el software instalado por el usuario ni por configuraciones personalizadas. Esto protege a tus trabajadores, tu equipo y tus operaciones en todo momento.<\/p>\n    <\/div>\n  <\/div>\n<\/div>\n<\/div>\n<\/div>\n\n\n\n<div style=\"height:78px\" aria-hidden=\"true\" class=\"wp-block-spacer\"><\/div>\n\n\n\n<div class=\"wp-block-buttons is-content-justification-center is-layout-flex wp-container-core-buttons-is-layout-16018d1d wp-block-buttons-is-layout-flex\">\n<div class=\"wp-block-button\"><a class=\"wp-block-button__link has-black-color has-luminous-vivid-amber-background-color has-text-color has-background has-link-color wp-element-button\" href=\"https:\/\/www.tele-radio.com\/es\/paq-line-hand-transmitters\/\" style=\"border-radius:10px\"><strong>Todos los telemandos l\u00ednea PAQ<\/strong><\/a><\/div>\n<\/div>\n\n\n\n<div style=\"height:78px\" aria-hidden=\"true\" class=\"wp-block-spacer\"><\/div>\n\n\n\n<h2 class=\"wp-block-heading\"><strong>Receptor R30<\/strong><\/h2>\n\n\n\n<h3 class=\"wp-block-heading\"><strong>Control vers\u00e1til<\/strong><\/h3>\n\n\n\n<p>El <strong>receptor R30<\/strong> de Tele Radio ofrece la m\u00e1xima flexibilidad con ocho modelos distintos dise\u00f1ados espec\u00edficamente seg\u00fan tus necesidades de voltaje. Cuatro versiones para sistemas de baja tensi\u00f3n (12-24 VDC y 24-48 VAC) y cuatro para sistemas de alta tensi\u00f3n (110-230 VAC). Dise\u00f1ado para ofrecer <strong>durabilidad<\/strong>, cada receptor R30 es completamente impermeable con una clasificaci\u00f3n IP66. Esto lo hace ideal para condiciones industriales exigentes, como operaciones de gr\u00faas en exteriores o el control de maquinaria agr\u00edcola.<\/p>\n\n\n\n<h3 class=\"wp-block-heading\"><strong>Dise\u00f1ado para confiar<\/strong><\/h3>\n\n\n\n<p>Con funciones de seguridad integradas como 2 rel\u00e9s de parada dedicados, 5 rel\u00e9s de funci\u00f3n est\u00e1ndar y una placa de expansi\u00f3n opcional que proporciona 5 rel\u00e9s adicionales, el R30 garantiza un control preciso, sensible y seguro del equipo. Una antena interna asegura una comunicaci\u00f3n confiable, mientras que la antena externa opcional mejora a\u00fan m\u00e1s la intensidad de la se\u00f1al en entornos dif\u00edciles. Algunos modelos seleccionados tambi\u00e9n est\u00e1n certificados conforme a las normativas m\u00e1s recientes sobre maquinaria, brind\u00e1ndote total tranquilidad y garant\u00eda de cumplimiento.<\/p>\n\n\n\n<p class=\"has-luminous-vivid-amber-background-color has-background has-small-font-size\"><\/p>\n\n\n\n<h3 class=\"wp-block-heading\">Modelos certificados de receptor R30<\/h3>\n\n\n\n<figure class=\"wp-block-table is-style-stripes\"><table class=\"has-black-color has-white-background-color has-text-color has-background has-link-color has-fixed-layout\"><thead><tr><th><\/th><th class=\"has-text-align-center\" data-align=\"center\"><img loading=\"lazy\" decoding=\"async\" width=\"1200\" height=\"800\" class=\"wp-image-247952\" style=\"aspect-ratio: 1 \/ 1; object-fit: contain; width: 189px;\" src=\"https:\/\/www.tele-radio.com\/app\/uploads\/\/R30_01-1-1200x800.png\" alt=\"\" srcset=\"https:\/\/www.tele-radio.com\/app\/uploads\/R30_01-1-1200x800.png 1200w, https:\/\/www.tele-radio.com\/app\/uploads\/R30_01-1-400x267.png 400w, https:\/\/www.tele-radio.com\/app\/uploads\/R30_01-1-768x512.png 768w, https:\/\/www.tele-radio.com\/app\/uploads\/R30_01-1-1536x1024.png 1536w, https:\/\/www.tele-radio.com\/app\/uploads\/R30_01-1-2048x1365.png 2048w, https:\/\/www.tele-radio.com\/app\/uploads\/R30_01-1-750x500.png 750w, https:\/\/www.tele-radio.com\/app\/uploads\/R30_01-1-500x333.png 500w, https:\/\/www.tele-radio.com\/app\/uploads\/R30_01-1-1600x1067.png 1600w, https:\/\/www.tele-radio.com\/app\/uploads\/R30_01-1-800x533.png 800w\" sizes=\"auto, (max-width: 1200px) 100vw, 1200px\" \/><br>R30-21\/R30-26 <strong>RECEPTOR | BAJA TENSI\u00d3N<\/strong><\/th><th class=\"has-text-align-center\" data-align=\"center\"><img loading=\"lazy\" decoding=\"async\" width=\"1200\" height=\"800\" class=\"wp-image-247952\" style=\"aspect-ratio:1;object-fit:contain;width:189px\" src=\"https:\/\/www.tele-radio.com\/app\/uploads\/\/R30_01-1-1200x800.png\" alt=\"\" srcset=\"https:\/\/www.tele-radio.com\/app\/uploads\/R30_01-1-1200x800.png 1200w, https:\/\/www.tele-radio.com\/app\/uploads\/R30_01-1-400x267.png 400w, https:\/\/www.tele-radio.com\/app\/uploads\/R30_01-1-768x512.png 768w, https:\/\/www.tele-radio.com\/app\/uploads\/R30_01-1-1536x1024.png 1536w, https:\/\/www.tele-radio.com\/app\/uploads\/R30_01-1-2048x1365.png 2048w, https:\/\/www.tele-radio.com\/app\/uploads\/R30_01-1-750x500.png 750w, https:\/\/www.tele-radio.com\/app\/uploads\/R30_01-1-500x333.png 500w, https:\/\/www.tele-radio.com\/app\/uploads\/R30_01-1-1600x1067.png 1600w, https:\/\/www.tele-radio.com\/app\/uploads\/R30_01-1-800x533.png 800w\" sizes=\"auto, (max-width: 1200px) 100vw, 1200px\" \/><br>R30-22\/R30-27 <strong>RECEPTOR | BAJA TENSI\u00d3N<\/strong><\/th><th class=\"has-text-align-center\" data-align=\"center\"><img loading=\"lazy\" decoding=\"async\" width=\"1200\" height=\"800\" class=\"wp-image-247952\" style=\"aspect-ratio: 1 \/ 1; object-fit: contain; width: 189px;\" src=\"https:\/\/www.tele-radio.com\/app\/uploads\/\/R30_01-1-1200x800.png\" alt=\"\" srcset=\"https:\/\/www.tele-radio.com\/app\/uploads\/R30_01-1-1200x800.png 1200w, https:\/\/www.tele-radio.com\/app\/uploads\/R30_01-1-400x267.png 400w, https:\/\/www.tele-radio.com\/app\/uploads\/R30_01-1-768x512.png 768w, https:\/\/www.tele-radio.com\/app\/uploads\/R30_01-1-1536x1024.png 1536w, https:\/\/www.tele-radio.com\/app\/uploads\/R30_01-1-2048x1365.png 2048w, https:\/\/www.tele-radio.com\/app\/uploads\/R30_01-1-750x500.png 750w, https:\/\/www.tele-radio.com\/app\/uploads\/R30_01-1-500x333.png 500w, https:\/\/www.tele-radio.com\/app\/uploads\/R30_01-1-1600x1067.png 1600w, https:\/\/www.tele-radio.com\/app\/uploads\/R30_01-1-800x533.png 800w\" sizes=\"auto, (max-width: 1200px) 100vw, 1200px\" \/>R30-21\/R30-76 <strong>RECEPTOR | BAJA TENSI\u00d3N<\/strong><\/th><th class=\"has-text-align-center\" data-align=\"center\"><img loading=\"lazy\" decoding=\"async\" width=\"1200\" height=\"800\" class=\"wp-image-247952\" style=\"aspect-ratio:1;object-fit:contain;width:189px\" src=\"https:\/\/www.tele-radio.com\/app\/uploads\/\/R30_01-1-1200x800.png\" alt=\"\" srcset=\"https:\/\/www.tele-radio.com\/app\/uploads\/R30_01-1-1200x800.png 1200w, https:\/\/www.tele-radio.com\/app\/uploads\/R30_01-1-400x267.png 400w, https:\/\/www.tele-radio.com\/app\/uploads\/R30_01-1-768x512.png 768w, https:\/\/www.tele-radio.com\/app\/uploads\/R30_01-1-1536x1024.png 1536w, https:\/\/www.tele-radio.com\/app\/uploads\/R30_01-1-2048x1365.png 2048w, https:\/\/www.tele-radio.com\/app\/uploads\/R30_01-1-750x500.png 750w, https:\/\/www.tele-radio.com\/app\/uploads\/R30_01-1-500x333.png 500w, https:\/\/www.tele-radio.com\/app\/uploads\/R30_01-1-1600x1067.png 1600w, https:\/\/www.tele-radio.com\/app\/uploads\/R30_01-1-800x533.png 800w\" sizes=\"auto, (max-width: 1200px) 100vw, 1200px\" \/><br>R30-72\/R30-77 <strong>RECEPTOR | BAJA TENSI\u00d3N<\/strong><\/th><\/tr><\/thead><tbody><tr><td><strong>Tensi\u00f3n<\/strong><\/td><td class=\"has-text-align-center\" data-align=\"center\">12-24 VDC &amp; 24-48 VAC<\/td><td class=\"has-text-align-center\" data-align=\"center\">12-24 VDC &amp; 24-48 VAC<\/td><td class=\"has-text-align-center\" data-align=\"center\">110-230 VAC<\/td><td class=\"has-text-align-center\" data-align=\"center\">110-230 VAC<\/td><\/tr><tr><td><strong>Frecuencia<\/strong><\/td><td class=\"has-text-align-center\" data-align=\"center\">2.4 GHz (2405 &#8211; 2480 MHz), DSSS<\/td><td class=\"has-text-align-center\" data-align=\"center\">2.4 GHz (2405 &#8211; 2480 MHz), DSSS<\/td><td class=\"has-text-align-center\" data-align=\"center\">2.4 GHz (2405 &#8211; 2480 MHz), DSSS<\/td><td class=\"has-text-align-center\" data-align=\"center\">2.4 GHz (2405 &#8211; 2480 MHz), DSSS<\/td><\/tr><tr><td><strong>Comunicaci\u00f3n<\/strong><\/td><td class=\"has-text-align-center\" data-align=\"center\">Duplex (TEQ) \/ Simplex (Panther)<\/td><td class=\"has-text-align-center\" data-align=\"center\">Duplex (TEQ) \/ Simplex (Panther)<\/td><td class=\"has-text-align-center\" data-align=\"center\">Duplex (TEQ) \/ Simplex (Panther)<br><\/td><td class=\"has-text-align-center\" data-align=\"center\">Duplex (TEQ) \/ Simplex (Panther)<\/td><\/tr><tr><td><strong>Rel\u00e9s<\/strong><\/td><td class=\"has-text-align-center\" data-align=\"center\">2 de parada + 5 de funci\u00f3n<\/td><td class=\"has-text-align-center\" data-align=\"center\">2 de parada + 5 de funci\u00f3n<\/td><td class=\"has-text-align-center\" data-align=\"center\">2 de parada + 5 de funci\u00f3n<\/td><td class=\"has-text-align-center\" data-align=\"center\">2 de parada + 5 de funci\u00f3n<\/td><\/tr><tr><td><strong>Placa de expansi\u00f3n<\/strong><\/td><td class=\"has-text-align-center\" data-align=\"center\">No<\/td><td class=\"has-text-align-center\" data-align=\"center\">S\u00ed (5 rel\u00e9s extra)<\/td><td class=\"has-text-align-center\" data-align=\"center\">No<\/td><td class=\"has-text-align-center\" data-align=\"center\">S\u00ed (5 rel\u00e9s extra)<\/td><\/tr><tr><td><strong>Antena<\/strong><\/td><td class=\"has-text-align-center\" data-align=\"center\">Interno (antena externa opcional)<\/td><td class=\"has-text-align-center\" data-align=\"center\">Interno (antena externa opcional)<\/td><td class=\"has-text-align-center\" data-align=\"center\">Interno (antena externa opcional)<\/td><td class=\"has-text-align-center\" data-align=\"center\">Interno (antena externa opcional)<\/td><\/tr><tr><td><strong>Protecci\u00f3n<\/strong><\/td><td class=\"has-text-align-center\" data-align=\"center\">IP66<\/td><td class=\"has-text-align-center\" data-align=\"center\">IP66<\/td><td class=\"has-text-align-center\" data-align=\"center\">IP66<\/td><td class=\"has-text-align-center\" data-align=\"center\">IP66<\/td><\/tr><tr><td><strong>Certificado de seguridad<\/strong><\/td><td class=\"has-text-align-center\" data-align=\"center\">PLe, CAT4, SIL3 (funci\u00f3n de parada)<\/td><td class=\"has-text-align-center\" data-align=\"center\">PLe, CAT4, SIL3 (funci\u00f3n de parada)<\/td><td class=\"has-text-align-center\" data-align=\"center\">PLe, CAT4, SIL3 (funci\u00f3n de parada)<\/td><td class=\"has-text-align-center\" data-align=\"center\">PLe, CAT4, SIL3 (funci\u00f3n de parada)<\/td><\/tr><tr><td><strong>Conectividad<\/strong><\/td><td class=\"has-text-align-center\" data-align=\"center\">Aplicaci\u00f3n m\u00f3vil (FieldManager\u2122, Android\/iOS)<\/td><td class=\"has-text-align-center\" data-align=\"center\">Aplicaci\u00f3n m\u00f3vil (FieldManager\u2122, Android\/iOS)<\/td><td class=\"has-text-align-center\" data-align=\"center\">Aplicaci\u00f3n m\u00f3vil (FieldManager\u2122, Android\/iOS)<\/td><td class=\"has-text-align-center\" data-align=\"center\">Aplicaci\u00f3n m\u00f3vil (FieldManager\u2122, Android\/iOS)<\/td><\/tr><tr><td><strong>Certificaci\u00f3n (Regulaciones de maquinaria)<\/strong><\/td><td class=\"has-text-align-center\" data-align=\"center\">Solo R30-26<\/td><td class=\"has-text-align-center\" data-align=\"center\">Solo R30-27<\/td><td class=\"has-text-align-center\" data-align=\"center\">Solo R30-76<\/td><td class=\"has-text-align-center\" data-align=\"center\">Solo R30-77<\/td><\/tr><\/tbody><tfoot><tr><td><\/td><td class=\"has-text-align-center\" data-align=\"center\"><br><strong>Saber m\u00e1s<\/strong><br><br><\/td><td class=\"has-text-align-center\" data-align=\"center\"><br><strong>Saber m\u00e1s<\/strong><br><br><\/td><td class=\"has-text-align-center\" data-align=\"center\"><br><strong>Saber m\u00e1s<\/strong><br><br><\/td><td class=\"has-text-align-center\" data-align=\"center\"><br><strong>Saber m\u00e1s<\/strong><br><br><\/td><\/tr><\/tfoot><\/table><\/figure>\n\n\n\n<div style=\"height:57px\" aria-hidden=\"true\" class=\"wp-block-spacer\"><\/div>\n\n\n\n<p class=\"has-text-align-center has-large-font-size\"><strong>Descarga las especificaciones t\u00e9cnicas completas<\/strong><\/p>\n\n\n\n<div style=\"height:28px\" aria-hidden=\"true\" class=\"wp-block-spacer\"><\/div>\n\n\n\n<div class=\"wp-block-columns is-layout-flex wp-container-core-columns-is-layout-9d6595d7 wp-block-columns-is-layout-flex\">\n<div class=\"wp-block-column is-layout-flow wp-block-column-is-layout-flow\">\n<p class=\"has-text-align-center\"><strong>DuroPAQ TH56<\/strong><\/p>\n\n\n\n<div class=\"wp-block-buttons is-content-justification-center is-layout-flex wp-container-core-buttons-is-layout-16018d1d wp-block-buttons-is-layout-flex\">\n<div class=\"wp-block-button\"><a class=\"wp-block-button__link has-black-color has-text-color has-background has-link-color wp-element-button\" href=\"https:\/\/www.tele-radio.com\/app\/uploads\/Techsheet_DuroPAQ_TH56.pdf\" style=\"border-radius:16px;background-color:#fabb00\" target=\"_blank\" rel=\"noreferrer noopener\"><strong>Descargar<\/strong><\/a><\/div>\n<\/div>\n<\/div>\n\n\n\n<div class=\"wp-block-column is-layout-flow wp-block-column-is-layout-flow\">\n<p class=\"has-text-align-center\"><strong>R30<\/strong><\/p>\n\n\n\n<div class=\"wp-block-buttons is-content-justification-center is-layout-flex wp-container-core-buttons-is-layout-16018d1d wp-block-buttons-is-layout-flex\">\n<div class=\"wp-block-button\"><a class=\"wp-block-button__link has-black-color has-text-color has-background has-link-color wp-element-button\" href=\"https:\/\/www.tele-radio.com\/app\/uploads\/Techsheet_R30.pdf\" style=\"border-radius:16px;background-color:#fabb00\" target=\"_blank\" rel=\"noreferrer noopener\"><strong>Descargar<\/strong><\/a><\/div>\n<\/div>\n<\/div>\n<\/div>\n\n\n\n<div style=\"height:64px\" aria-hidden=\"true\" class=\"wp-block-spacer\"><\/div>\n\n\n\n<p class=\"has-large-font-size\"><strong>Contacta para m\u00e1s informaci\u00f3n<\/strong><\/p>\n\n\n\n<div class=\"wp-block-contact-form-7-contact-form-selector\">\n<div class=\"wpcf7 no-js\" id=\"wpcf7-f48972-o1\" lang=\"en-EN\" dir=\"ltr\" data-wpcf7-id=\"48972\">\n<div class=\"screen-reader-response\"><p role=\"status\" aria-live=\"polite\" aria-atomic=\"true\"><\/p> <ul><\/ul><\/div>\n<form action=\"\/la\/wp-json\/wp\/v2\/pages\/251060#wpcf7-f48972-o1\" method=\"post\" class=\"wpcf7-form init\" aria-label=\"Contact form\" novalidate=\"novalidate\" data-status=\"init\">\n<fieldset class=\"hidden-fields-container\"><input type=\"hidden\" name=\"_wpcf7\" value=\"48972\" \/><input type=\"hidden\" name=\"_wpcf7_version\" value=\"6.1\" \/><input type=\"hidden\" name=\"_wpcf7_locale\" value=\"en_EN\" \/><input type=\"hidden\" name=\"_wpcf7_unit_tag\" value=\"wpcf7-f48972-o1\" \/><input type=\"hidden\" name=\"_wpcf7_container_post\" value=\"0\" \/><input type=\"hidden\" name=\"_wpcf7_posted_data_hash\" value=\"\" \/><input type=\"hidden\" name=\"_wpcf7_recaptcha_response\" value=\"\" \/>\n<\/fieldset>\n<p><label> Nombre*<br \/>\n<span class=\"wpcf7-form-control-wrap\" data-name=\"nombre\"><input size=\"40\" maxlength=\"400\" class=\"wpcf7-form-control wpcf7-text wpcf7-validates-as-required\" aria-required=\"true\" aria-invalid=\"false\" placeholder=\"Su nombre\" value=\"\" type=\"text\" name=\"nombre\" \/><\/span> <\/label>\n<\/p>\n<p><label> Email*<br \/>\n<span class=\"wpcf7-form-control-wrap\" data-name=\"tu-email\"><input size=\"40\" maxlength=\"400\" class=\"wpcf7-form-control wpcf7-email wpcf7-validates-as-required wpcf7-text wpcf7-validates-as-email\" aria-required=\"true\" aria-invalid=\"false\" placeholder=\"Su email\" value=\"\" type=\"email\" name=\"tu-email\" \/><\/span> <\/label>\n<\/p>\n<p><label> Tel\u00e9fono*<br \/>\n<span class=\"wpcf7-form-control-wrap\" data-name=\"tu-tfno\"><input size=\"40\" maxlength=\"400\" class=\"wpcf7-form-control wpcf7-tel wpcf7-validates-as-required wpcf7-text wpcf7-validates-as-tel\" aria-required=\"true\" aria-invalid=\"false\" placeholder=\"Tel\u00e9fono de contacto\" value=\"\" type=\"tel\" name=\"tu-tfno\" \/><\/span> <\/label>\n<\/p>\n<p><label> Mensaje*<br \/>\n<span class=\"wpcf7-form-control-wrap\" data-name=\"your-message\"><textarea cols=\"40\" rows=\"10\" maxlength=\"2000\" class=\"wpcf7-form-control wpcf7-textarea wpcf7-validates-as-required\" aria-required=\"true\" aria-invalid=\"false\" placeholder=\"Por favor, escriba aqu\u00ed su consulta o dudas.\" name=\"your-message\"><\/textarea><\/span> <\/label>\n<\/p>\n<p><span class=\"wpcf7-form-control-wrap\" data-name=\"acceptance-322\"><span class=\"wpcf7-form-control wpcf7-acceptance\"><span class=\"wpcf7-list-item\"><label><input type=\"checkbox\" name=\"acceptance-322\" value=\"1\" aria-invalid=\"false\" \/><span class=\"wpcf7-list-item-label\">He le\u00eddo y acepto las <a href=\"https:\/\/www.tele-radio.com\/la\/politica-de-privacidad-y-cookies\/\" target=\"_blank\">condiciones de privacidad<\/a>.*<\/span><\/label><\/span><\/span><\/span>\n<\/p>\n<p><input class=\"wpcf7-form-control wpcf7-submit has-spinner\" type=\"submit\" value=\"Enviar\" \/>\n<\/p><div class=\"wpcf7-response-output\" aria-hidden=\"true\"><\/div>\n<\/form>\n<\/div>\n\r\n\t\t\t\t<script>\r\n\t\t\t\tif ( typeof huOptions !== 'undefined' ) {\r\n\t\t\t\t\tvar huFormData = {\"source\":\"contactform7\",\"id\":48972,\"title\":\"TRLatAm-comercial\",\"fields\":{\"subject\":{\"first_name\":\"your-name\",\"email\":\"your-email\"},\"preferences\":{\"terms\":\"your-consent\"}}};\r\n\t\t\t\t\tvar huFormNode = document.querySelector( '[id^=\"wpcf7-f48972-\"] form' );\r\n\r\n\t\t\t\t\thuFormData['node'] = huFormNode;\r\n\t\t\t\t\thuOptions['forms'].push( huFormData );\r\n\t\t\t\t}\r\n\t\t\t\t<\/script><\/div>\n\n\n\n<script>\nfunction openSpec(evt, specName) {\n  var i, tabcontent, tabbuttons;\n  \n  tabcontent = document.getElementsByClassName(\"tab-content\");\n  for (i = 0; i < tabcontent.length; i++) {\n    tabcontent[i].style.display = \"none\"; \/\/ verberg alle inhoud\n  }\n\n  tabbuttons = document.getElementsByClassName(\"tab-button\");\n  for (i = 0; i < tabbuttons.length; i++) {\n    tabbuttons[i].className = tabbuttons[i].className.replace(\" active\", \"\"); \/\/ verwijder actieve styling\n  }\n\n  document.getElementById(specName).style.display = \"block\"; \/\/ toon geselecteerde inhoud\n  evt.currentTarget.className += \" active\"; \/\/ activeer geselecteerde knop\n}\n\n\/\/ Open standaard tab (Frequency) bij het laden van de pagina\ndocument.getElementById(\"defaultOpen\").click();\n<\/script>\n","protected":false},"excerpt":{"rendered":"<p>Control remoto industrial DuroPAQ TH56 \u00bfBuscas un control remoto vers\u00e1til, robusto y preparado para el futuro? Lo has encontrado. El control remoto industrial DuroPAQ TH56 (T35) est\u00e1 a la vanguardia de los controles remotos inal\u00e1mbricos, listo para cumplir con las estrictas normativas de seguridad que se avecinan. Con una estructura s\u00f3lida y resistente, tienes en [&hellip;]<\/p>\n","protected":false},"author":54,"featured_media":0,"parent":0,"menu_order":0,"comment_status":"closed","ping_status":"closed","template":"","meta":{"_acf_changed":false,"footnotes":""},"class_list":["post-251060","page","type-page","status-publish","hentry"],"acf":[],"_links":{"self":[{"href":"https:\/\/www.tele-radio.com\/la\/wp-json\/wp\/v2\/pages\/251060","targetHints":{"allow":["GET"]}}],"collection":[{"href":"https:\/\/www.tele-radio.com\/la\/wp-json\/wp\/v2\/pages"}],"about":[{"href":"https:\/\/www.tele-radio.com\/la\/wp-json\/wp\/v2\/types\/page"}],"author":[{"embeddable":true,"href":"https:\/\/www.tele-radio.com\/la\/wp-json\/wp\/v2\/users\/54"}],"replies":[{"embeddable":true,"href":"https:\/\/www.tele-radio.com\/la\/wp-json\/wp\/v2\/comments?post=251060"}],"version-history":[{"count":1,"href":"https:\/\/www.tele-radio.com\/la\/wp-json\/wp\/v2\/pages\/251060\/revisions"}],"predecessor-version":[{"id":251065,"href":"https:\/\/www.tele-radio.com\/la\/wp-json\/wp\/v2\/pages\/251060\/revisions\/251065"}],"wp:attachment":[{"href":"https:\/\/www.tele-radio.com\/la\/wp-json\/wp\/v2\/media?parent=251060"}],"curies":[{"name":"wp","href":"https:\/\/api.w.org\/{rel}","templated":true}]}}