{"id":251050,"date":"2025-04-02T12:18:08","date_gmt":"2025-04-02T12:18:08","guid":{"rendered":"https:\/\/www.tele-radio.com\/?page_id=251050"},"modified":"2025-04-02T12:31:47","modified_gmt":"2025-04-02T12:31:47","slug":"control-remoto-industrial-omnipaq","status":"publish","type":"page","link":"https:\/\/www.tele-radio.com\/la\/control-remoto-industrial-omnipaq\/","title":{"rendered":"Control remoto industrial OmniPAQ TH63"},"content":{"rendered":"\n<h1 class=\"wp-block-heading is-style-outlined-title\">Control remoto industrial OmniPAQ TH63<\/h1>\n\n\n\n<div style=\"height:59px\" aria-hidden=\"true\" class=\"wp-block-spacer\"><\/div>\n\n\n\n<div class=\"wp-block-columns is-layout-flex wp-container-core-columns-is-layout-9d6595d7 wp-block-columns-is-layout-flex\">\n<div class=\"wp-block-column is-layout-flow wp-block-column-is-layout-flow\" style=\"flex-basis:66.66%\">\n<div style=\"height:55px\" aria-hidden=\"true\" class=\"wp-block-spacer\"><\/div>\n\n\n\n<p class=\"has-medium-font-size\">\u00bfBuscas un control remoto vers\u00e1til, robusto y preparado para el futuro? Lo has encontrado. El <strong>control remoto industrial OmniPAQ TH63 (T34)<\/strong> est\u00e1 a la vanguardia de los controles remotos inal\u00e1mbricos, listo para cumplir con las estrictas normativas de seguridad que se avecinan. Con su estructura s\u00f3lida y resistente, tienes en tus manos un transmisor que soporta incluso las condiciones m\u00e1s exigentes. Su cubierta protectora de goma mejorada lo resguarda de los terrenos dif\u00edciles donde sabemos que nuestros clientes utilizan sus controles. \u00bfY los <strong>8 botones<\/strong> de este control remoto de <strong>tama\u00f1o mediano<\/strong>? Est\u00e1n dise\u00f1ados para una amplia variedad de tareas, como el control de gr\u00faas, remolque de veh\u00edculos y aplicaciones m\u00f3viles o marinas. El OmniPAQ TH63 incluye una <strong>bater\u00eda externa<\/strong> que puede recargarse f\u00e1cilmente mientras est\u00e1s en movimiento.<\/p>\n<\/div>\n\n\n\n<div class=\"wp-block-column is-layout-flow wp-block-column-is-layout-flow\" style=\"flex-basis:33.33%\">\n<div style=\"height:97px\" aria-hidden=\"true\" class=\"wp-block-spacer\"><\/div>\n\n\n\n<figure class=\"wp-block-image size-large is-resized is-style-rounded\"><img decoding=\"async\" src=\"https:\/\/www.tele-radio.com\/app\/uploads\/\/FH-LC-OMNP_TH63_2-1200x798.jpg\" alt=\"wireless remote control Omnipaq - control remoto industrial Omnipaq\" class=\"wp-image-247903\" style=\"width:396px;height:auto\"\/><\/figure>\n<\/div>\n<\/div>\n\n\n\n<div style=\"height:56px\" aria-hidden=\"true\" class=\"wp-block-spacer\"><\/div>\n\n\n\n<h2 class=\"wp-block-heading has-text-align-center is-style-outlined-title\"><strong>Caracter\u00edsticas del telemando industrial OmniPAQ TH63<\/strong><\/h2>\n\n\n\n<div style=\"height:50px\" aria-hidden=\"true\" class=\"wp-block-spacer\"><\/div>\n\n\n\n<div class=\"wp-block-columns is-layout-flex wp-container-core-columns-is-layout-9d6595d7 wp-block-columns-is-layout-flex\">\n<div class=\"wp-block-column is-layout-flow wp-block-column-is-layout-flow\"><\/div>\n\n\n\n<div class=\"wp-block-column is-layout-flow wp-block-column-is-layout-flow\" style=\"flex-basis:100%\">\n<div class=\"paq-container\">\n  <div class=\"paq-sidebar\">\n    <button class=\"tab-button\" onclick=\"openSpec(event, 'General')\" id=\"defaultOpen\">General<\/button>\n    <button class=\"tab-button\" onclick=\"openSpec(event, 'Flexibility')\">Versatilidad<\/button>\n    <button class=\"tab-button\" onclick=\"openSpec(event, 'Connectivity')\">Conectividad<\/button>\n    <button class=\"tab-button\" onclick=\"openSpec(event, 'Protection')\">Seguridad<\/button>\n  <\/div>\n\n  <div class=\"paq-content\">\n    <div id=\"General\" class=\"tab-content\">\n      <h3>General<\/h3>\n      <p>El OmniPAQ TH63 est\u00e1 dise\u00f1ado para ser tu aliado confiable en entornos industriales, ofreciendo un control inal\u00e1mbrico intuitivo con sus 8 botones ergon\u00f3micos de doble paso. Ya sea que est\u00e9s controlando cintas transportadoras en log\u00edstica, gr\u00faas en obras de construcci\u00f3n o maquinaria en el sector agr\u00edcola, este transmisor est\u00e1 hecho para ofrecer un rendimiento preciso todos los d\u00edas, incluso en condiciones adversas gracias a su robusta clasificaci\u00f3n IP65.<\/p>\n    <\/div>\n\n    <div id=\"Flexibility\" class=\"tab-content\" style=\"display:none\">\n      <h3>Versatilidad<\/h3>\n      <p>Personaliza el OmniPAQ TH63 exactamente como lo necesitas. Gracias a su avanzada tecnolog\u00eda de conexi\u00f3n, puedes programar las funciones de los botones, configurar los indicadores LED y ajustar el comportamiento de los sensores. Por ejemplo, puedes adaptar el sensor de aceleraci\u00f3n para detectar ca\u00eddas o inclinaciones en aplicaciones de miner\u00eda o silvicultura. Adem\u00e1s, puedes cambiar f\u00e1cilmente entre modos de operaci\u00f3n seg\u00fan las tareas que debas realizar.<\/p>\n    <\/div>\n\n    <div id=\"Connectivity\" class=\"tab-content\" style=\"display:none\">\n      <h3>Conectividad<\/h3>\n      <p>Mantente siempre conectado y en control con la intuitiva aplicaci\u00f3n FieldManager\u2122 de Tele Radio, compatible con dispositivos Android e iOS. Configura tu transmisor de forma remota, comparte r\u00e1pidamente la informaci\u00f3n de configuraci\u00f3n por correo electr\u00f3nico o accede al instante a documentaci\u00f3n de soporte desde cualquier ubicaci\u00f3n, ideal para operarios que trabajan en grandes plantas industriales o en entornos de campo remotos.<\/p>\n    <\/div>\n\n    <div id=\"Protection\" class=\"tab-content\" style=\"display:none\">\n      <h3>Seguridad<\/h3>\n      <p>El OmniPAQ TH63 cumple con los m\u00e1s altos est\u00e1ndares de seguridad (PLe, CAT4, SIL3), garantizando que tus operaciones se mantengan seguras. Cada funci\u00f3n cr\u00edtica, como las comunicaciones por radio, los complementos de software y los sistemas de seguridad, funciona de forma independiente en unidades de procesamiento separadas. Esto asegura que el software o la configuraci\u00f3n instalada por el usuario nunca comprometa las funciones vitales del transmisor, protegiendo tanto a los operadores como al equipo valioso.<\/p>\n    <\/div>\n  <\/div>\n<\/div>\n<\/div>\n<\/div>\n\n\n\n<div style=\"height:78px\" aria-hidden=\"true\" class=\"wp-block-spacer\"><\/div>\n\n\n\n<div class=\"wp-block-buttons is-content-justification-center is-layout-flex wp-container-core-buttons-is-layout-16018d1d wp-block-buttons-is-layout-flex\">\n<div class=\"wp-block-button\"><a class=\"wp-block-button__link has-black-color has-luminous-vivid-amber-background-color has-text-color has-background has-link-color wp-element-button\" href=\"https:\/\/www.tele-radio.com\/es\/paq-line-hand-transmitters\/\" style=\"border-radius:10px\"><strong>Todos los telemandos l\u00ednea PAQ<\/strong><\/a><\/div>\n<\/div>\n\n\n\n<div style=\"height:78px\" aria-hidden=\"true\" class=\"wp-block-spacer\"><\/div>\n\n\n\n<h2 class=\"wp-block-heading\"><strong>Receptor R30<\/strong> <strong>para control remoto industrial OmniPAQ<\/strong><\/h2>\n\n\n\n<h3 class=\"wp-block-heading\"><strong>Control vers\u00e1til<\/strong><\/h3>\n\n\n\n<p>El <strong>receptor R30<\/strong> de Tele Radio ofrece la m\u00e1xima flexibilidad con ocho modelos distintos dise\u00f1ados espec\u00edficamente seg\u00fan tus necesidades de voltaje. Cuatro versiones para sistemas de baja tensi\u00f3n (12-24 VDC y 24-48 VAC) y cuatro para sistemas de alta tensi\u00f3n (110-230 VAC). Dise\u00f1ado para ofrecer <strong>durabilidad<\/strong>, cada receptor R30 es completamente impermeable con clasificaci\u00f3n IP66. Esto lo hace ideal para condiciones industriales exigentes, como el manejo de gr\u00faas en exteriores o el control de maquinaria agr\u00edcola.<\/p>\n\n\n\n<h3 class=\"wp-block-heading\"><strong>Dise\u00f1ado para confiar<\/strong><\/h3>\n\n\n\n<p>Con funciones de seguridad integradas como 2 rel\u00e9s de parada dedicados, 5 rel\u00e9s de funci\u00f3n est\u00e1ndar y una placa de expansi\u00f3n opcional que a\u00f1ade 5 rel\u00e9s adicionales, el R30 garantiza un control preciso, sensible y seguro del equipo. Una antena interna asegura una comunicaci\u00f3n confiable. Adem\u00e1s, la antena externa opcional mejora a\u00fan m\u00e1s la intensidad de la se\u00f1al en entornos exigentes. Algunos modelos seleccionados tambi\u00e9n est\u00e1n certificados conforme a las normativas m\u00e1s recientes de maquinaria, brind\u00e1ndote total tranquilidad y garant\u00eda de cumplimiento.<\/p>\n\n\n\n<p class=\"has-luminous-vivid-amber-background-color has-background has-small-font-size\"><\/p>\n\n\n\n<h3 class=\"wp-block-heading\">Modelos certificados de receptor R30<\/h3>\n\n\n\n<figure class=\"wp-block-table is-style-stripes\"><table class=\"has-black-color has-white-background-color has-text-color has-background has-link-color has-fixed-layout\"><thead><tr><th><\/th><th class=\"has-text-align-center\" data-align=\"center\"><img loading=\"lazy\" decoding=\"async\" width=\"1200\" height=\"800\" class=\"wp-image-247952\" style=\"aspect-ratio: 1 \/ 1; object-fit: contain; width: 189px;\" src=\"https:\/\/www.tele-radio.com\/app\/uploads\/\/R30_01-1-1200x800.png\" alt=\"\" srcset=\"https:\/\/www.tele-radio.com\/app\/uploads\/R30_01-1-1200x800.png 1200w, https:\/\/www.tele-radio.com\/app\/uploads\/R30_01-1-400x267.png 400w, https:\/\/www.tele-radio.com\/app\/uploads\/R30_01-1-768x512.png 768w, https:\/\/www.tele-radio.com\/app\/uploads\/R30_01-1-1536x1024.png 1536w, https:\/\/www.tele-radio.com\/app\/uploads\/R30_01-1-2048x1365.png 2048w, https:\/\/www.tele-radio.com\/app\/uploads\/R30_01-1-750x500.png 750w, https:\/\/www.tele-radio.com\/app\/uploads\/R30_01-1-500x333.png 500w, https:\/\/www.tele-radio.com\/app\/uploads\/R30_01-1-1600x1067.png 1600w, https:\/\/www.tele-radio.com\/app\/uploads\/R30_01-1-800x533.png 800w\" sizes=\"auto, (max-width: 1200px) 100vw, 1200px\" \/><br>R30-21\/R30-26 <strong>RECEPTOR | BAJA TENSI\u00d3N<\/strong><\/th><th class=\"has-text-align-center\" data-align=\"center\"><img loading=\"lazy\" decoding=\"async\" width=\"1200\" height=\"800\" class=\"wp-image-247952\" style=\"aspect-ratio:1;object-fit:contain;width:189px\" src=\"https:\/\/www.tele-radio.com\/app\/uploads\/\/R30_01-1-1200x800.png\" alt=\"\" srcset=\"https:\/\/www.tele-radio.com\/app\/uploads\/R30_01-1-1200x800.png 1200w, https:\/\/www.tele-radio.com\/app\/uploads\/R30_01-1-400x267.png 400w, https:\/\/www.tele-radio.com\/app\/uploads\/R30_01-1-768x512.png 768w, https:\/\/www.tele-radio.com\/app\/uploads\/R30_01-1-1536x1024.png 1536w, https:\/\/www.tele-radio.com\/app\/uploads\/R30_01-1-2048x1365.png 2048w, https:\/\/www.tele-radio.com\/app\/uploads\/R30_01-1-750x500.png 750w, https:\/\/www.tele-radio.com\/app\/uploads\/R30_01-1-500x333.png 500w, https:\/\/www.tele-radio.com\/app\/uploads\/R30_01-1-1600x1067.png 1600w, https:\/\/www.tele-radio.com\/app\/uploads\/R30_01-1-800x533.png 800w\" sizes=\"auto, (max-width: 1200px) 100vw, 1200px\" \/><br>R30-22\/R30-27 <strong>RECEPTOR | BAJA TENSI\u00d3N<\/strong><\/th><th class=\"has-text-align-center\" data-align=\"center\"><img loading=\"lazy\" decoding=\"async\" width=\"1200\" height=\"800\" class=\"wp-image-247952\" style=\"aspect-ratio: 1 \/ 1; object-fit: contain; width: 189px;\" src=\"https:\/\/www.tele-radio.com\/app\/uploads\/\/R30_01-1-1200x800.png\" alt=\"\" srcset=\"https:\/\/www.tele-radio.com\/app\/uploads\/R30_01-1-1200x800.png 1200w, https:\/\/www.tele-radio.com\/app\/uploads\/R30_01-1-400x267.png 400w, https:\/\/www.tele-radio.com\/app\/uploads\/R30_01-1-768x512.png 768w, https:\/\/www.tele-radio.com\/app\/uploads\/R30_01-1-1536x1024.png 1536w, https:\/\/www.tele-radio.com\/app\/uploads\/R30_01-1-2048x1365.png 2048w, https:\/\/www.tele-radio.com\/app\/uploads\/R30_01-1-750x500.png 750w, https:\/\/www.tele-radio.com\/app\/uploads\/R30_01-1-500x333.png 500w, https:\/\/www.tele-radio.com\/app\/uploads\/R30_01-1-1600x1067.png 1600w, https:\/\/www.tele-radio.com\/app\/uploads\/R30_01-1-800x533.png 800w\" sizes=\"auto, (max-width: 1200px) 100vw, 1200px\" \/>R30-21\/R30-76 <strong>RECEPTOR | BAJA TENSI\u00d3N<\/strong><\/th><th class=\"has-text-align-center\" data-align=\"center\"><img loading=\"lazy\" decoding=\"async\" width=\"1200\" height=\"800\" class=\"wp-image-247952\" style=\"aspect-ratio:1;object-fit:contain;width:189px\" src=\"https:\/\/www.tele-radio.com\/app\/uploads\/\/R30_01-1-1200x800.png\" alt=\"\" srcset=\"https:\/\/www.tele-radio.com\/app\/uploads\/R30_01-1-1200x800.png 1200w, https:\/\/www.tele-radio.com\/app\/uploads\/R30_01-1-400x267.png 400w, https:\/\/www.tele-radio.com\/app\/uploads\/R30_01-1-768x512.png 768w, https:\/\/www.tele-radio.com\/app\/uploads\/R30_01-1-1536x1024.png 1536w, https:\/\/www.tele-radio.com\/app\/uploads\/R30_01-1-2048x1365.png 2048w, https:\/\/www.tele-radio.com\/app\/uploads\/R30_01-1-750x500.png 750w, https:\/\/www.tele-radio.com\/app\/uploads\/R30_01-1-500x333.png 500w, https:\/\/www.tele-radio.com\/app\/uploads\/R30_01-1-1600x1067.png 1600w, https:\/\/www.tele-radio.com\/app\/uploads\/R30_01-1-800x533.png 800w\" sizes=\"auto, (max-width: 1200px) 100vw, 1200px\" \/><br>R30-72\/R30-77 <strong>RECEPTOR | BAJA TENSI\u00d3N<\/strong><\/th><\/tr><\/thead><tbody><tr><td><strong>Tensi\u00f3n<\/strong><\/td><td class=\"has-text-align-center\" data-align=\"center\">12-24 VDC &amp; 24-48 VAC<\/td><td class=\"has-text-align-center\" data-align=\"center\">12-24 VDC &amp; 24-48 VAC<\/td><td class=\"has-text-align-center\" data-align=\"center\">110-230 VAC<\/td><td class=\"has-text-align-center\" data-align=\"center\">110-230 VAC<\/td><\/tr><tr><td><strong>Frequencia<\/strong><\/td><td class=\"has-text-align-center\" data-align=\"center\">2.4 GHz (2405 &#8211; 2480 MHz), DSSS<\/td><td class=\"has-text-align-center\" data-align=\"center\">2.4 GHz (2405 &#8211; 2480 MHz), DSSS<\/td><td class=\"has-text-align-center\" data-align=\"center\">2.4 GHz (2405 &#8211; 2480 MHz), DSSS<\/td><td class=\"has-text-align-center\" data-align=\"center\">2.4 GHz (2405 &#8211; 2480 MHz), DSSS<\/td><\/tr><tr><td><strong>Comunicaci\u00f3n<\/strong><\/td><td class=\"has-text-align-center\" data-align=\"center\">Duplex (TEQ) \/ Simplex (Panther)<\/td><td class=\"has-text-align-center\" data-align=\"center\">Duplex (TEQ) \/ Simplex (Panther)<\/td><td class=\"has-text-align-center\" data-align=\"center\">Duplex (TEQ) \/ Simplex (Panther)<br><\/td><td class=\"has-text-align-center\" data-align=\"center\">Duplex (TEQ) \/ Simplex (Panther)<\/td><\/tr><tr><td><strong>Rel\u00e9s<\/strong><\/td><td class=\"has-text-align-center\" data-align=\"center\">2 de parada + 5 de funci\u00f3n<\/td><td class=\"has-text-align-center\" data-align=\"center\">2 de parada + 5 de funci\u00f3n<\/td><td class=\"has-text-align-center\" data-align=\"center\">2 de parada + 5 de funci\u00f3n<\/td><td class=\"has-text-align-center\" data-align=\"center\">2 de parada + 5 de funci\u00f3n<\/td><\/tr><tr><td><strong>Placa de expansi\u00f3n<\/strong><\/td><td class=\"has-text-align-center\" data-align=\"center\">No<\/td><td class=\"has-text-align-center\" data-align=\"center\">S\u00ed (5 rel\u00e9s extra)<\/td><td class=\"has-text-align-center\" data-align=\"center\">No<\/td><td class=\"has-text-align-center\" data-align=\"center\">S\u00ed (5 rel\u00e9s extra)<\/td><\/tr><tr><td><strong>Antena<\/strong><\/td><td class=\"has-text-align-center\" data-align=\"center\">Interno (antena externa opcional)<\/td><td class=\"has-text-align-center\" data-align=\"center\">Interno (antena externa opcional)<\/td><td class=\"has-text-align-center\" data-align=\"center\">Interno (antena externa opcional)<\/td><td class=\"has-text-align-center\" data-align=\"center\">Interno (antena externa opcional)<\/td><\/tr><tr><td><strong>Protecci\u00f3n<\/strong><\/td><td class=\"has-text-align-center\" data-align=\"center\">IP66<\/td><td class=\"has-text-align-center\" data-align=\"center\">IP66<\/td><td class=\"has-text-align-center\" data-align=\"center\">IP66<\/td><td class=\"has-text-align-center\" data-align=\"center\">IP66<\/td><\/tr><tr><td><strong>Certificado de seguridad<\/strong><\/td><td class=\"has-text-align-center\" data-align=\"center\">PLe, CAT4, SIL3 (funci\u00f3n de parada)<\/td><td class=\"has-text-align-center\" data-align=\"center\">PLe, CAT4, SIL3 (funci\u00f3n de parada)<\/td><td class=\"has-text-align-center\" data-align=\"center\">PLe, CAT4, SIL3 (funci\u00f3n de parada)<\/td><td class=\"has-text-align-center\" data-align=\"center\">PLe, CAT4, SIL3 (funci\u00f3n de parada)<\/td><\/tr><tr><td><strong>Conectividad<\/strong><\/td><td class=\"has-text-align-center\" data-align=\"center\">Aplicaci\u00f3n m\u00f3vil (FieldManager\u2122, Android\/iOS)<\/td><td class=\"has-text-align-center\" data-align=\"center\">Aplicaci\u00f3n m\u00f3vil (FieldManager\u2122, Android\/iOS)<\/td><td class=\"has-text-align-center\" data-align=\"center\">Aplicaci\u00f3n m\u00f3vil (FieldManager\u2122, Android\/iOS)<\/td><td class=\"has-text-align-center\" data-align=\"center\">Aplicaci\u00f3n m\u00f3vil (FieldManager\u2122, Android\/iOS)<\/td><\/tr><tr><td><strong>Certificaci\u00f3n (Regulaciones de maquinaria)<\/strong><\/td><td class=\"has-text-align-center\" data-align=\"center\">Solo R30-26<\/td><td class=\"has-text-align-center\" data-align=\"center\">Solo R30-27<\/td><td class=\"has-text-align-center\" data-align=\"center\">Solo R30-76<\/td><td class=\"has-text-align-center\" data-align=\"center\">Solo R30-77<\/td><\/tr><\/tbody><tfoot><tr><td><\/td><td class=\"has-text-align-center\" data-align=\"center\"><br><strong>Saber m\u00e1s<\/strong><br><br><\/td><td class=\"has-text-align-center\" data-align=\"center\"><br><strong>Saber m\u00e1s<\/strong><br><br><\/td><td class=\"has-text-align-center\" data-align=\"center\"><br><strong>Saber m\u00e1s<\/strong><br><br><\/td><td class=\"has-text-align-center\" data-align=\"center\"><br><strong>Saber m\u00e1s<\/strong><br><br><\/td><\/tr><\/tfoot><\/table><\/figure>\n\n\n\n<div style=\"height:57px\" aria-hidden=\"true\" class=\"wp-block-spacer\"><\/div>\n\n\n\n<p class=\"has-text-align-center has-large-font-size\"><strong>Descarga las especificaciones t\u00e9cnicas completas<\/strong><\/p>\n\n\n\n<div style=\"height:39px\" aria-hidden=\"true\" class=\"wp-block-spacer\"><\/div>\n\n\n\n<div class=\"wp-block-columns is-layout-flex wp-container-core-columns-is-layout-9d6595d7 wp-block-columns-is-layout-flex\">\n<div class=\"wp-block-column is-layout-flow wp-block-column-is-layout-flow\">\n<p class=\"has-text-align-center\"><strong>OmniPAQ TH63<\/strong><\/p>\n\n\n\n<div class=\"wp-block-buttons is-content-justification-center is-layout-flex wp-container-core-buttons-is-layout-16018d1d wp-block-buttons-is-layout-flex\">\n<div class=\"wp-block-button\"><a class=\"wp-block-button__link has-black-color has-text-color has-background has-link-color wp-element-button\" href=\"https:\/\/www.tele-radio.com\/app\/uploads\/Techsheet_OmniPAQ_TH63.pdf\" style=\"border-radius:16px;background-color:#fabb00\" target=\"_blank\" rel=\"noreferrer noopener\"><strong>Descargar<\/strong><\/a><\/div>\n<\/div>\n<\/div>\n\n\n\n<div class=\"wp-block-column is-layout-flow wp-block-column-is-layout-flow\">\n<p class=\"has-text-align-center\"><strong>R30<\/strong><\/p>\n\n\n\n<div class=\"wp-block-buttons is-content-justification-center is-layout-flex wp-container-core-buttons-is-layout-16018d1d wp-block-buttons-is-layout-flex\">\n<div class=\"wp-block-button\"><a class=\"wp-block-button__link has-black-color has-text-color has-background has-link-color wp-element-button\" href=\"https:\/\/www.tele-radio.com\/app\/uploads\/Techsheet_R30.pdf\" style=\"border-radius:16px;background-color:#fabb00\" target=\"_blank\" rel=\"noreferrer noopener\"><strong>Descargar<\/strong><\/a><\/div>\n<\/div>\n<\/div>\n<\/div>\n\n\n\n<div style=\"height:64px\" aria-hidden=\"true\" class=\"wp-block-spacer\"><\/div>\n\n\n\n<p class=\"has-large-font-size\"><strong>Contacta para m\u00e1s informaci\u00f3n<\/strong><\/p>\n\n\n\n<div class=\"wp-block-contact-form-7-contact-form-selector\">\n<div class=\"wpcf7 no-js\" id=\"wpcf7-f48972-o1\" lang=\"en-EN\" dir=\"ltr\" data-wpcf7-id=\"48972\">\n<div class=\"screen-reader-response\"><p role=\"status\" aria-live=\"polite\" aria-atomic=\"true\"><\/p> <ul><\/ul><\/div>\n<form action=\"\/la\/wp-json\/wp\/v2\/pages\/251050#wpcf7-f48972-o1\" method=\"post\" class=\"wpcf7-form init\" aria-label=\"Contact form\" novalidate=\"novalidate\" data-status=\"init\">\n<fieldset class=\"hidden-fields-container\"><input type=\"hidden\" name=\"_wpcf7\" value=\"48972\" \/><input type=\"hidden\" name=\"_wpcf7_version\" value=\"6.1\" \/><input type=\"hidden\" name=\"_wpcf7_locale\" value=\"en_EN\" \/><input type=\"hidden\" name=\"_wpcf7_unit_tag\" value=\"wpcf7-f48972-o1\" \/><input type=\"hidden\" name=\"_wpcf7_container_post\" value=\"0\" \/><input type=\"hidden\" name=\"_wpcf7_posted_data_hash\" value=\"\" \/><input type=\"hidden\" name=\"_wpcf7_recaptcha_response\" value=\"\" \/>\n<\/fieldset>\n<p><label> Nombre*<br \/>\n<span class=\"wpcf7-form-control-wrap\" data-name=\"nombre\"><input size=\"40\" maxlength=\"400\" class=\"wpcf7-form-control wpcf7-text wpcf7-validates-as-required\" aria-required=\"true\" aria-invalid=\"false\" placeholder=\"Su nombre\" value=\"\" type=\"text\" name=\"nombre\" \/><\/span> <\/label>\n<\/p>\n<p><label> Email*<br \/>\n<span class=\"wpcf7-form-control-wrap\" data-name=\"tu-email\"><input size=\"40\" maxlength=\"400\" class=\"wpcf7-form-control wpcf7-email wpcf7-validates-as-required wpcf7-text wpcf7-validates-as-email\" aria-required=\"true\" aria-invalid=\"false\" placeholder=\"Su email\" value=\"\" type=\"email\" name=\"tu-email\" \/><\/span> <\/label>\n<\/p>\n<p><label> Tel\u00e9fono*<br \/>\n<span class=\"wpcf7-form-control-wrap\" data-name=\"tu-tfno\"><input size=\"40\" maxlength=\"400\" class=\"wpcf7-form-control wpcf7-tel wpcf7-validates-as-required wpcf7-text wpcf7-validates-as-tel\" aria-required=\"true\" aria-invalid=\"false\" placeholder=\"Tel\u00e9fono de contacto\" value=\"\" type=\"tel\" name=\"tu-tfno\" \/><\/span> <\/label>\n<\/p>\n<p><label> Mensaje*<br \/>\n<span class=\"wpcf7-form-control-wrap\" data-name=\"your-message\"><textarea cols=\"40\" rows=\"10\" maxlength=\"2000\" class=\"wpcf7-form-control wpcf7-textarea wpcf7-validates-as-required\" aria-required=\"true\" aria-invalid=\"false\" placeholder=\"Por favor, escriba aqu\u00ed su consulta o dudas.\" name=\"your-message\"><\/textarea><\/span> <\/label>\n<\/p>\n<p><span class=\"wpcf7-form-control-wrap\" data-name=\"acceptance-322\"><span class=\"wpcf7-form-control wpcf7-acceptance\"><span class=\"wpcf7-list-item\"><label><input type=\"checkbox\" name=\"acceptance-322\" value=\"1\" aria-invalid=\"false\" \/><span class=\"wpcf7-list-item-label\">He le\u00eddo y acepto las <a href=\"https:\/\/www.tele-radio.com\/la\/politica-de-privacidad-y-cookies\/\" target=\"_blank\">condiciones de privacidad<\/a>.*<\/span><\/label><\/span><\/span><\/span>\n<\/p>\n<p><input class=\"wpcf7-form-control wpcf7-submit has-spinner\" type=\"submit\" value=\"Enviar\" \/>\n<\/p><div class=\"wpcf7-response-output\" aria-hidden=\"true\"><\/div>\n<\/form>\n<\/div>\n\r\n\t\t\t\t<script>\r\n\t\t\t\tif ( typeof huOptions !== 'undefined' ) {\r\n\t\t\t\t\tvar huFormData = {\"source\":\"contactform7\",\"id\":48972,\"title\":\"TRLatAm-comercial\",\"fields\":{\"subject\":{\"first_name\":\"your-name\",\"email\":\"your-email\"},\"preferences\":{\"terms\":\"your-consent\"}}};\r\n\t\t\t\t\tvar huFormNode = document.querySelector( '[id^=\"wpcf7-f48972-\"] form' );\r\n\r\n\t\t\t\t\thuFormData['node'] = huFormNode;\r\n\t\t\t\t\thuOptions['forms'].push( huFormData );\r\n\t\t\t\t}\r\n\t\t\t\t<\/script><\/div>\n\n\n\n<script>\nfunction openSpec(evt, specName) {\n  var i, tabcontent, tabbuttons;\n  \n  tabcontent = document.getElementsByClassName(\"tab-content\");\n  for (i = 0; i < tabcontent.length; i++) {\n    tabcontent[i].style.display = \"none\"; \/\/ verberg alle inhoud\n  }\n\n  tabbuttons = document.getElementsByClassName(\"tab-button\");\n  for (i = 0; i < tabbuttons.length; i++) {\n    tabbuttons[i].className = tabbuttons[i].className.replace(\" active\", \"\"); \/\/ verwijder actieve styling\n  }\n\n  document.getElementById(specName).style.display = \"block\"; \/\/ toon geselecteerde inhoud\n  evt.currentTarget.className += \" active\"; \/\/ activeer geselecteerde knop\n}\n\n\/\/ Open standaard tab (Frequency) bij het laden van de pagina\ndocument.getElementById(\"defaultOpen\").click();\n<\/script>\n","protected":false},"excerpt":{"rendered":"<p>Control remoto industrial OmniPAQ TH63 \u00bfBuscas un control remoto vers\u00e1til, robusto y preparado para el futuro? Lo has encontrado. El control remoto industrial OmniPAQ TH63 (T34) est\u00e1 a la vanguardia de los controles remotos inal\u00e1mbricos, listo para cumplir con las estrictas normativas de seguridad que se avecinan. Con su estructura s\u00f3lida y resistente, tienes en [&hellip;]<\/p>\n","protected":false},"author":54,"featured_media":0,"parent":0,"menu_order":0,"comment_status":"closed","ping_status":"closed","template":"","meta":{"_acf_changed":false,"footnotes":""},"class_list":["post-251050","page","type-page","status-publish","hentry"],"acf":[],"_links":{"self":[{"href":"https:\/\/www.tele-radio.com\/la\/wp-json\/wp\/v2\/pages\/251050","targetHints":{"allow":["GET"]}}],"collection":[{"href":"https:\/\/www.tele-radio.com\/la\/wp-json\/wp\/v2\/pages"}],"about":[{"href":"https:\/\/www.tele-radio.com\/la\/wp-json\/wp\/v2\/types\/page"}],"author":[{"embeddable":true,"href":"https:\/\/www.tele-radio.com\/la\/wp-json\/wp\/v2\/users\/54"}],"replies":[{"embeddable":true,"href":"https:\/\/www.tele-radio.com\/la\/wp-json\/wp\/v2\/comments?post=251050"}],"version-history":[{"count":2,"href":"https:\/\/www.tele-radio.com\/la\/wp-json\/wp\/v2\/pages\/251050\/revisions"}],"predecessor-version":[{"id":251059,"href":"https:\/\/www.tele-radio.com\/la\/wp-json\/wp\/v2\/pages\/251050\/revisions\/251059"}],"wp:attachment":[{"href":"https:\/\/www.tele-radio.com\/la\/wp-json\/wp\/v2\/media?parent=251050"}],"curies":[{"name":"wp","href":"https:\/\/api.w.org\/{rel}","templated":true}]}}