{"id":237282,"date":"2024-06-10T15:02:37","date_gmt":"2024-06-10T15:02:37","guid":{"rendered":"https:\/\/www.tele-radio.com\/pns-r1522-t1922-spare-parts\/"},"modified":"2024-12-20T14:54:12","modified_gmt":"2024-12-20T14:54:12","slug":"pns-r1522-t1922-spare-parts","status":"publish","type":"page","link":"https:\/\/www.tele-radio.com\/la\/pns-r1522-t1922-spare-parts\/","title":{"rendered":"Piezas de repuesto PNS-R1522-T1922"},"content":{"rendered":"\n<p>Contacta con tu distribuidor para hacer un pedido de piezas de repuesto.<\/p>\n\n\n\n<div style=\"height:30px\" aria-hidden=\"true\" class=\"wp-block-spacer\"><\/div>\n\n\n\n<div class=\"wp-block-columns is-layout-flex wp-container-core-columns-is-layout-9d6595d7 wp-block-columns-is-layout-flex\">\n<div class=\"wp-block-column is-layout-flow wp-block-column-is-layout-flow\"><div class=\"wp-block-image\">\n<figure class=\"aligncenter size-large is-resized\"><img loading=\"lazy\" decoding=\"async\" width=\"1200\" height=\"939\" src=\"https:\/\/www.tele-radio.com\/app\/uploads\/\/R252002-1200x939.png\" alt=\"R252002 Seta de paro\" class=\"wp-image-237317\" style=\"width:auto;height:150px\" srcset=\"https:\/\/www.tele-radio.com\/app\/uploads\/R252002-1200x939.png 1200w, https:\/\/www.tele-radio.com\/app\/uploads\/R252002-400x313.png 400w, https:\/\/www.tele-radio.com\/app\/uploads\/R252002-768x601.png 768w, https:\/\/www.tele-radio.com\/app\/uploads\/R252002-750x587.png 750w, https:\/\/www.tele-radio.com\/app\/uploads\/R252002-500x391.png 500w, https:\/\/www.tele-radio.com\/app\/uploads\/R252002-800x626.png 800w, https:\/\/www.tele-radio.com\/app\/uploads\/R252002.png 1300w\" sizes=\"auto, (max-width: 1200px) 100vw, 1200px\" \/><\/figure><\/div>\n\n\n<p class=\"has-text-align-center\"><strong>R252002<\/strong><\/p>\n\n\n\n<p class=\"has-text-align-center\">Seta de paro con cable de 90 mm<\/p>\n<\/div>\n\n\n\n<div class=\"wp-block-column is-layout-flow wp-block-column-is-layout-flow\"><div class=\"wp-block-image\">\n<figure class=\"aligncenter size-large is-resized\"><img loading=\"lazy\" decoding=\"async\" width=\"1200\" height=\"984\" src=\"https:\/\/www.tele-radio.com\/app\/uploads\/\/M251610-1200x984.png\" alt=\"M251610 Bot\u00f3n a dos pasos\" class=\"wp-image-237346\" style=\"width:auto;height:150px\" srcset=\"https:\/\/www.tele-radio.com\/app\/uploads\/M251610-1200x984.png 1200w, https:\/\/www.tele-radio.com\/app\/uploads\/M251610-400x328.png 400w, https:\/\/www.tele-radio.com\/app\/uploads\/M251610-768x630.png 768w, https:\/\/www.tele-radio.com\/app\/uploads\/M251610-750x615.png 750w, https:\/\/www.tele-radio.com\/app\/uploads\/M251610-500x410.png 500w, https:\/\/www.tele-radio.com\/app\/uploads\/M251610-800x656.png 800w, https:\/\/www.tele-radio.com\/app\/uploads\/M251610.png 1318w\" sizes=\"auto, (max-width: 1200px) 100vw, 1200px\" \/><\/figure><\/div>\n\n\n<p class=\"has-text-align-center\"><strong>M251610<\/strong><\/p>\n\n\n\n<p class=\"has-text-align-center\">Bot\u00f3n de dos pasos<\/p>\n<\/div>\n\n\n\n<div class=\"wp-block-column is-layout-flow wp-block-column-is-layout-flow\"><div class=\"wp-block-image\">\n<figure class=\"aligncenter size-large is-resized\"><img loading=\"lazy\" decoding=\"async\" width=\"672\" height=\"1200\" src=\"https:\/\/www.tele-radio.com\/app\/uploads\/\/CO-ERB-672x1200.png\" alt=\"\" class=\"wp-image-237374\" style=\"width:auto;height:150px\" srcset=\"https:\/\/www.tele-radio.com\/app\/uploads\/CO-ERB-672x1200.png 672w, https:\/\/www.tele-radio.com\/app\/uploads\/CO-ERB-224x400.png 224w, https:\/\/www.tele-radio.com\/app\/uploads\/CO-ERB-768x1371.png 768w, https:\/\/www.tele-radio.com\/app\/uploads\/CO-ERB-420x750.png 420w, https:\/\/www.tele-radio.com\/app\/uploads\/CO-ERB-280x500.png 280w, https:\/\/www.tele-radio.com\/app\/uploads\/CO-ERB-448x800.png 448w, https:\/\/www.tele-radio.com\/app\/uploads\/CO-ERB.png 840w\" sizes=\"auto, (max-width: 672px) 100vw, 672px\" \/><\/figure><\/div>\n\n\n<p class=\"has-text-align-center\"><strong>CO-ERB<\/strong><\/p>\n\n\n\n<p class=\"has-text-align-center\">Funda de nylon para emisor<\/p>\n<\/div>\n\n\n\n<div class=\"wp-block-column is-layout-flow wp-block-column-is-layout-flow\"><div class=\"wp-block-image\">\n<figure class=\"aligncenter size-full is-resized\"><img loading=\"lazy\" decoding=\"async\" width=\"1080\" height=\"1080\" src=\"https:\/\/www.tele-radio.com\/app\/uploads\/shot_20230103163407.png\" alt=\"magnets\" class=\"wp-image-237402\" style=\"width:auto;height:150px\" srcset=\"https:\/\/www.tele-radio.com\/app\/uploads\/shot_20230103163407.png 1080w, https:\/\/www.tele-radio.com\/app\/uploads\/shot_20230103163407-400x400.png 400w, https:\/\/www.tele-radio.com\/app\/uploads\/shot_20230103163407-150x150.png 150w, https:\/\/www.tele-radio.com\/app\/uploads\/shot_20230103163407-768x768.png 768w, https:\/\/www.tele-radio.com\/app\/uploads\/shot_20230103163407-250x250.png 250w, https:\/\/www.tele-radio.com\/app\/uploads\/shot_20230103163407-750x750.png 750w, https:\/\/www.tele-radio.com\/app\/uploads\/shot_20230103163407-500x500.png 500w, https:\/\/www.tele-radio.com\/app\/uploads\/shot_20230103163407-800x800.png 800w\" sizes=\"auto, (max-width: 1080px) 100vw, 1080px\" \/><\/figure><\/div>\n\n\n<p class=\"has-text-align-center\"><strong>M151330<\/strong><\/p>\n\n\n\n<p class=\"has-text-align-center\">Imanes de montaje<\/p>\n<\/div>\n<\/div>\n\n\n\n<div class=\"wp-block-columns is-layout-flex wp-container-core-columns-is-layout-9d6595d7 wp-block-columns-is-layout-flex\">\n<div class=\"wp-block-column is-layout-flow wp-block-column-is-layout-flow\"><div class=\"wp-block-image\">\n<figure class=\"aligncenter size-large is-resized\"><img loading=\"lazy\" decoding=\"async\" width=\"1200\" height=\"817\" src=\"https:\/\/www.tele-radio.com\/app\/uploads\/\/PH_M830030_0001-1200x817.png\" alt=\"cintur\u00f3n\" class=\"wp-image-237430\" style=\"width:auto;height:150px\" srcset=\"https:\/\/www.tele-radio.com\/app\/uploads\/PH_M830030_0001-1200x817.png 1200w, https:\/\/www.tele-radio.com\/app\/uploads\/PH_M830030_0001-400x272.png 400w, https:\/\/www.tele-radio.com\/app\/uploads\/PH_M830030_0001-768x523.png 768w, https:\/\/www.tele-radio.com\/app\/uploads\/PH_M830030_0001-1536x1045.png 1536w, https:\/\/www.tele-radio.com\/app\/uploads\/PH_M830030_0001-2048x1394.png 2048w, https:\/\/www.tele-radio.com\/app\/uploads\/PH_M830030_0001-750x510.png 750w, https:\/\/www.tele-radio.com\/app\/uploads\/PH_M830030_0001-500x340.png 500w, https:\/\/www.tele-radio.com\/app\/uploads\/PH_M830030_0001-1600x1089.png 1600w, https:\/\/www.tele-radio.com\/app\/uploads\/PH_M830030_0001-800x544.png 800w\" sizes=\"auto, (max-width: 1200px) 100vw, 1200px\" \/><\/figure><\/div>\n\n\n<p class=\"has-text-align-center\"><strong>M830030<\/strong><\/p>\n\n\n\n<p class=\"has-text-align-center\">Cintur\u00f3n para el emisor<\/p>\n<\/div>\n\n\n\n<div class=\"wp-block-column is-layout-flow wp-block-column-is-layout-flow\"><div class=\"wp-block-image\">\n<figure class=\"aligncenter size-full is-resized\"><img loading=\"lazy\" decoding=\"async\" width=\"709\" height=\"834\" src=\"https:\/\/www.tele-radio.com\/app\/uploads\/batteries.png\" alt=\"D4-3\" class=\"wp-image-237486\" style=\"width:auto;height:150px\" srcset=\"https:\/\/www.tele-radio.com\/app\/uploads\/batteries.png 709w, https:\/\/www.tele-radio.com\/app\/uploads\/batteries-340x400.png 340w, https:\/\/www.tele-radio.com\/app\/uploads\/batteries-638x750.png 638w, https:\/\/www.tele-radio.com\/app\/uploads\/batteries-425x500.png 425w, https:\/\/www.tele-radio.com\/app\/uploads\/batteries-680x800.png 680w\" sizes=\"auto, (max-width: 709px) 100vw, 709px\" \/><\/figure><\/div>\n\n\n<p class=\"has-text-align-center\"><strong>D4-3<\/strong><\/p>\n\n\n\n<p class=\"has-text-align-center\">Soporte para pilas<\/p>\n<\/div>\n\n\n\n<div class=\"wp-block-column is-layout-flow wp-block-column-is-layout-flow\"><div class=\"wp-block-image\">\n<figure class=\"aligncenter size-full is-resized\"><img loading=\"lazy\" decoding=\"async\" width=\"600\" height=\"689\" src=\"https:\/\/www.tele-radio.com\/app\/uploads\/M245060.png\" alt=\"M245060\" class=\"wp-image-237514\" style=\"width:auto;height:150px\" srcset=\"https:\/\/www.tele-radio.com\/app\/uploads\/M245060.png 600w, https:\/\/www.tele-radio.com\/app\/uploads\/M245060-348x400.png 348w, https:\/\/www.tele-radio.com\/app\/uploads\/M245060-435x500.png 435w\" sizes=\"auto, (max-width: 600px) 100vw, 600px\" \/><\/figure><\/div>\n\n\n<p class=\"has-text-align-center\"><strong>M245060<\/strong><\/p>\n\n\n\n<p class=\"has-text-align-center\">Bater\u00eda de Li-Ion<\/p>\n<\/div>\n\n\n\n<div class=\"wp-block-column is-layout-flow wp-block-column-is-layout-flow\"><div class=\"wp-block-image\">\n<figure class=\"aligncenter size-full is-resized\"><img loading=\"lazy\" decoding=\"async\" width=\"600\" height=\"915\" src=\"https:\/\/www.tele-radio.com\/app\/uploads\/M769755.png\" alt=\"M769755\" class=\"wp-image-237542\" style=\"width:auto;height:150px\" srcset=\"https:\/\/www.tele-radio.com\/app\/uploads\/M769755.png 600w, https:\/\/www.tele-radio.com\/app\/uploads\/M769755-262x400.png 262w, https:\/\/www.tele-radio.com\/app\/uploads\/M769755-492x750.png 492w, https:\/\/www.tele-radio.com\/app\/uploads\/M769755-328x500.png 328w, https:\/\/www.tele-radio.com\/app\/uploads\/M769755-525x800.png 525w\" sizes=\"auto, (max-width: 600px) 100vw, 600px\" \/><\/figure><\/div>\n\n\n<p class=\"has-text-align-center\"><strong>M769755<\/strong><\/p>\n\n\n\n<p class=\"has-text-align-center\">Cargador 5V<\/p>\n<\/div>\n<\/div>\n\n\n\n<div class=\"wp-block-columns is-layout-flex wp-container-core-columns-is-layout-9d6595d7 wp-block-columns-is-layout-flex\">\n<div class=\"wp-block-column is-layout-flow wp-block-column-is-layout-flow\"><div class=\"wp-block-image\">\n<figure class=\"aligncenter size-full is-resized\"><img loading=\"lazy\" decoding=\"async\" width=\"600\" height=\"557\" src=\"https:\/\/www.tele-radio.com\/app\/uploads\/M769780.png\" alt=\"M769780\" class=\"wp-image-237570\" style=\"width:auto;height:150px\" srcset=\"https:\/\/www.tele-radio.com\/app\/uploads\/M769780.png 600w, https:\/\/www.tele-radio.com\/app\/uploads\/M769780-400x371.png 400w, https:\/\/www.tele-radio.com\/app\/uploads\/M769780-500x464.png 500w\" sizes=\"auto, (max-width: 600px) 100vw, 600px\" \/><\/figure><\/div>\n\n\n<p class=\"has-text-align-center\"><strong>M769780<\/strong><\/p>\n\n\n\n<p class=\"has-text-align-center\">Enchufe para cargador<\/p>\n<\/div>\n\n\n\n<div class=\"wp-block-column is-layout-flow wp-block-column-is-layout-flow\"><div class=\"wp-block-image\">\n<figure class=\"aligncenter size-full is-resized\"><img loading=\"lazy\" decoding=\"async\" width=\"394\" height=\"600\" src=\"https:\/\/www.tele-radio.com\/app\/uploads\/M198013.png\" alt=\"M198013\" class=\"wp-image-237598\" style=\"width:auto;height:150px\" srcset=\"https:\/\/www.tele-radio.com\/app\/uploads\/M198013.png 394w, https:\/\/www.tele-radio.com\/app\/uploads\/M198013-263x400.png 263w, https:\/\/www.tele-radio.com\/app\/uploads\/M198013-328x500.png 328w\" sizes=\"auto, (max-width: 394px) 100vw, 394px\" \/><\/figure><\/div>\n\n\n<p class=\"has-text-align-center\"><strong>M198013<\/strong><\/p>\n\n\n\n<p class=\"has-text-align-center\">Hoja con s\u00edmbolos<\/p>\n<\/div>\n\n\n\n<div class=\"wp-block-column is-layout-flow wp-block-column-is-layout-flow\"><div class=\"wp-block-image\">\n<figure class=\"aligncenter size-full is-resized\"><img loading=\"lazy\" decoding=\"async\" width=\"880\" height=\"1500\" src=\"https:\/\/www.tele-radio.com\/app\/uploads\/M193106.png\" alt=\"M193106\" class=\"wp-image-237626\" style=\"width:auto;height:150px\" srcset=\"https:\/\/www.tele-radio.com\/app\/uploads\/M193106.png 880w, https:\/\/www.tele-radio.com\/app\/uploads\/M193106-235x400.png 235w, https:\/\/www.tele-radio.com\/app\/uploads\/M193106-704x1200.png 704w, https:\/\/www.tele-radio.com\/app\/uploads\/M193106-768x1309.png 768w, https:\/\/www.tele-radio.com\/app\/uploads\/M193106-440x750.png 440w, https:\/\/www.tele-radio.com\/app\/uploads\/M193106-293x500.png 293w, https:\/\/www.tele-radio.com\/app\/uploads\/M193106-469x800.png 469w\" sizes=\"auto, (max-width: 880px) 100vw, 880px\" \/><\/figure><\/div>\n\n\n<p class=\"has-text-align-center\"><strong>M193106<\/strong><\/p>\n\n\n\n<p class=\"has-text-align-center\">Car\u00e1tula sin s\u00edmbolos<\/p>\n<\/div>\n\n\n\n<div class=\"wp-block-column is-layout-flow wp-block-column-is-layout-flow\"><div class=\"wp-block-image\">\n<figure class=\"aligncenter size-full is-resized\"><img loading=\"lazy\" decoding=\"async\" width=\"880\" height=\"1500\" src=\"https:\/\/www.tele-radio.com\/app\/uploads\/M193100.png\" alt=\"M193100\" class=\"wp-image-237654\" style=\"width:auto;height:150px\" srcset=\"https:\/\/www.tele-radio.com\/app\/uploads\/M193100.png 880w, https:\/\/www.tele-radio.com\/app\/uploads\/M193100-235x400.png 235w, https:\/\/www.tele-radio.com\/app\/uploads\/M193100-704x1200.png 704w, https:\/\/www.tele-radio.com\/app\/uploads\/M193100-768x1309.png 768w, https:\/\/www.tele-radio.com\/app\/uploads\/M193100-440x750.png 440w, https:\/\/www.tele-radio.com\/app\/uploads\/M193100-293x500.png 293w, https:\/\/www.tele-radio.com\/app\/uploads\/M193100-469x800.png 469w\" sizes=\"auto, (max-width: 880px) 100vw, 880px\" \/><\/figure><\/div>\n\n\n<p class=\"has-text-align-center\"><strong>M193100<\/strong><\/p>\n\n\n\n<p class=\"has-text-align-center\">Car\u00e1tula con s\u00edmbolos<\/p>\n<\/div>\n<\/div>\n\n\n\n<div style=\"height:50px\" aria-hidden=\"true\" class=\"wp-block-spacer\"><\/div>\n\n\n\n<div class=\"wp-block-buttons is-content-justification-center is-layout-flex wp-container-core-buttons-is-layout-16018d1d wp-block-buttons-is-layout-flex\">\n<div class=\"wp-block-button is-style-fill\"><a class=\"wp-block-button__link has-black-color has-luminous-vivid-amber-background-color has-text-color has-background has-link-color wp-element-button\" href=\"https:\/\/www.tele-radio.com\/la\/pns-r1522-t1922-qr\/\" style=\"border-radius:10px\"><strong>Volver<\/strong><\/a><\/div>\n<\/div>\n\n\n\n<div style=\"height:30px\" aria-hidden=\"true\" class=\"wp-block-spacer\"><\/div>\n","protected":false},"excerpt":{"rendered":"<p>Contacta con tu distribuidor para hacer un pedido de piezas de repuesto. R252002 Seta de paro con cable de 90 mm M251610 Bot\u00f3n de dos pasos CO-ERB Funda de nylon para emisor M151330 Imanes de montaje M830030 Cintur\u00f3n para el emisor D4-3 Soporte para pilas M245060 Bater\u00eda de Li-Ion M769755 Cargador 5V M769780 Enchufe para [&hellip;]<\/p>\n","protected":false},"author":54,"featured_media":221593,"parent":0,"menu_order":0,"comment_status":"closed","ping_status":"closed","template":"","meta":{"_acf_changed":false,"footnotes":""},"class_list":["post-237282","page","type-page","status-publish","has-post-thumbnail","hentry"],"acf":[],"_links":{"self":[{"href":"https:\/\/www.tele-radio.com\/la\/wp-json\/wp\/v2\/pages\/237282","targetHints":{"allow":["GET"]}}],"collection":[{"href":"https:\/\/www.tele-radio.com\/la\/wp-json\/wp\/v2\/pages"}],"about":[{"href":"https:\/\/www.tele-radio.com\/la\/wp-json\/wp\/v2\/types\/page"}],"author":[{"embeddable":true,"href":"https:\/\/www.tele-radio.com\/la\/wp-json\/wp\/v2\/users\/54"}],"replies":[{"embeddable":true,"href":"https:\/\/www.tele-radio.com\/la\/wp-json\/wp\/v2\/comments?post=237282"}],"version-history":[{"count":7,"href":"https:\/\/www.tele-radio.com\/la\/wp-json\/wp\/v2\/pages\/237282\/revisions"}],"predecessor-version":[{"id":237686,"href":"https:\/\/www.tele-radio.com\/la\/wp-json\/wp\/v2\/pages\/237282\/revisions\/237686"}],"wp:featuredmedia":[{"embeddable":true,"href":"https:\/\/www.tele-radio.com\/la\/wp-json\/wp\/v2\/media\/221593"}],"wp:attachment":[{"href":"https:\/\/www.tele-radio.com\/la\/wp-json\/wp\/v2\/media?parent=237282"}],"curies":[{"name":"wp","href":"https:\/\/api.w.org\/{rel}","templated":true}]}}