{"id":234629,"date":"2024-07-26T08:19:17","date_gmt":"2024-07-26T08:19:17","guid":{"rendered":"https:\/\/www.tele-radio.com\/tutorial-cambio-de-caratulas\/"},"modified":"2024-12-13T14:36:07","modified_gmt":"2024-12-13T14:36:07","slug":"tutorial-cambio-de-caratulas","status":"publish","type":"page","link":"https:\/\/www.tele-radio.com\/la\/tutorial-cambio-de-caratulas\/","title":{"rendered":"TUTORIAL CAMBIO DE CAR\u00c1TULAS"},"content":{"rendered":"\n<div style=\"height:79px\" aria-hidden=\"true\" class=\"wp-block-spacer\"><\/div>\n\n\n\n<div class=\"wp-block-columns is-layout-flex wp-container-core-columns-is-layout-9d6595d7 wp-block-columns-is-layout-flex\">\n<div class=\"wp-block-column is-layout-flow wp-block-column-is-layout-flow\" style=\"flex-basis:25%\"><\/div>\n\n\n\n<div class=\"wp-block-column is-layout-flow wp-block-column-is-layout-flow\" style=\"flex-basis:50%\">\n<figure class=\"wp-block-pullquote has-cyan-bluish-gray-background-color has-background has-small-font-size\" style=\"border-style:none;border-width:0px;border-radius:20px\"><blockquote><p><strong>\u00a1IMPORTANTE!<\/strong><\/p><cite>Debes pegar los s\u00edmbolos y la l\u00e1mina <strong>antes<\/strong> de usar el mando. De lo contrario, anular\u00e1s la garant\u00eda del transmisor, ya que no est\u00e1 protegido contra el polvo y la humedad.<\/cite><\/blockquote><\/figure>\n<\/div>\n\n\n\n<div class=\"wp-block-column is-layout-flow wp-block-column-is-layout-flow\" style=\"flex-basis:25%\"><\/div>\n<\/div>\n\n\n\n<p>Recomendamos que si se reemplaza una pegatina vieja por una nueva, para mejor resultado, se limpie la superficie del transmisor asegurando que no quede ning\u00fan residuo de la pegatina anterior.<\/p>\n\n\n\n<div class=\"schema-how-to wp-block-yoast-how-to-block\"><p class=\"schema-how-to-description\"><strong>Tutorial cambio de car\u00e1tulas<\/strong><br>Nota:<em> Esto solo se aplica cuando se env\u00eda la pegatina transparente (M193106) y hoja de s\u00edmbolos (M198013).<\/em><\/p> <ol class=\"schema-how-to-steps\"><li class=\"schema-how-to-step\" id=\"how-to-step-1721980467685\"><strong class=\"schema-how-to-step-name\">Selecciona y retira un s\u00edmbolo autoadhesivo.<\/strong> <p class=\"schema-how-to-step-text\">Repite este paso junto al 2 antes de pasar al 3.<br\/><br\/><img loading=\"lazy\" decoding=\"async\" width=\"100\" height=\"100\" src=\"https:\/\/www.tele-radio.com\/app\/uploads\/1-4-150x150.png\" class=\"attachment-100x100 size-100x100\" alt=\"PASO 1 FOIL\" srcset=\"https:\/\/www.tele-radio.com\/app\/uploads\/1-4-150x150.png 150w, https:\/\/www.tele-radio.com\/app\/uploads\/1-4-400x400.png 400w, https:\/\/www.tele-radio.com\/app\/uploads\/1-4-250x250.png 250w, https:\/\/www.tele-radio.com\/app\/uploads\/1-4-500x500.png 500w, https:\/\/www.tele-radio.com\/app\/uploads\/1-4.png 512w\" sizes=\"auto, (max-width: 100px) 100vw, 100px\" \/><br\/><br\/><\/p> <\/li><li class=\"schema-how-to-step\" id=\"how-to-step-1721981034594\"><strong class=\"schema-how-to-step-name\">Coloca el s\u00edmbolo en el bot\u00f3n correspondiente, haciendo coincidir la funci\u00f3n que controlar\u00e1 ese bot\u00f3n.<\/strong> <p class=\"schema-how-to-step-text\">Repite este proceso hasta que todos los pulsadores est\u00e9n correctamente etiquetados.<br\/><br\/><img loading=\"lazy\" decoding=\"async\" width=\"100\" height=\"100\" src=\"https:\/\/www.tele-radio.com\/app\/uploads\/2-1-150x150.png\" class=\"attachment-100x100 size-100x100\" alt=\"PASO 2 FOIL\" srcset=\"https:\/\/www.tele-radio.com\/app\/uploads\/2-1-150x150.png 150w, https:\/\/www.tele-radio.com\/app\/uploads\/2-1-400x400.png 400w, https:\/\/www.tele-radio.com\/app\/uploads\/2-1-250x250.png 250w, https:\/\/www.tele-radio.com\/app\/uploads\/2-1-500x500.png 500w, https:\/\/www.tele-radio.com\/app\/uploads\/2-1.png 512w\" sizes=\"auto, (max-width: 100px) 100vw, 100px\" \/><br\/><br\/><\/p> <\/li><li class=\"schema-how-to-step\" id=\"how-to-step-1721981117475\"><strong class=\"schema-how-to-step-name\">Retira el film protector transparente en la parte posterior de la l\u00e1mina.<\/strong> <p class=\"schema-how-to-step-text\">Pieza M192505.<br\/><br\/><img loading=\"lazy\" decoding=\"async\" width=\"100\" height=\"100\" src=\"https:\/\/www.tele-radio.com\/app\/uploads\/3-2-150x150.png\" class=\"attachment-100x100 size-100x100\" alt=\"PASO 3 FOIL\" srcset=\"https:\/\/www.tele-radio.com\/app\/uploads\/3-2-150x150.png 150w, https:\/\/www.tele-radio.com\/app\/uploads\/3-2-400x400.png 400w, https:\/\/www.tele-radio.com\/app\/uploads\/3-2-250x250.png 250w, https:\/\/www.tele-radio.com\/app\/uploads\/3-2-500x500.png 500w, https:\/\/www.tele-radio.com\/app\/uploads\/3-2.png 512w\" sizes=\"auto, (max-width: 100px) 100vw, 100px\" \/><br\/><br\/><\/p> <\/li><li class=\"schema-how-to-step\" id=\"how-to-step-1721981322130\"><strong class=\"schema-how-to-step-name\">Coge la l\u00e1mina y col\u00f3cala sobre la placa frontal del transmisor.<\/strong> <p class=\"schema-how-to-step-text\">Una vez colocada correctamente, pega la l\u00e1mina a la cara frontal del transmisor presion\u00e1ndola firmemente contra la carcasa de pl\u00e1stico para sellarlo.<br\/><br\/><img loading=\"lazy\" decoding=\"async\" width=\"100\" height=\"100\" src=\"https:\/\/www.tele-radio.com\/app\/uploads\/4-150x150.png\" class=\"attachment-100x100 size-100x100\" alt=\"PASO 4 FOIL\" srcset=\"https:\/\/www.tele-radio.com\/app\/uploads\/4-150x150.png 150w, https:\/\/www.tele-radio.com\/app\/uploads\/4-400x400.png 400w, https:\/\/www.tele-radio.com\/app\/uploads\/4-250x250.png 250w, https:\/\/www.tele-radio.com\/app\/uploads\/4-500x500.png 500w, https:\/\/www.tele-radio.com\/app\/uploads\/4.png 512w\" sizes=\"auto, (max-width: 100px) 100vw, 100px\" \/><br\/><br\/><\/p> <\/li><\/ol><\/div>\n\n\n\n<div style=\"height:51px\" aria-hidden=\"true\" class=\"wp-block-spacer\"><\/div>\n\n\n\n<div class=\"wp-block-buttons is-content-justification-center is-layout-flex wp-container-core-buttons-is-layout-16018d1d wp-block-buttons-is-layout-flex\">\n<div class=\"wp-block-button is-style-fill\"><a class=\"wp-block-button__link has-black-color has-luminous-vivid-amber-background-color has-text-color has-background has-link-color wp-element-button\" href=\"https:\/\/www.tele-radio.com\/la\/pns-r1522-t1922-qr\/\" style=\"border-radius:10px\"><strong>Volver<\/strong><\/a><\/div>\n<\/div>\n\n\n\n<div style=\"height:100px\" aria-hidden=\"true\" class=\"wp-block-spacer\"><\/div>\n","protected":false},"excerpt":{"rendered":"<p>\u00a1IMPORTANTE! Debes pegar los s\u00edmbolos y la l\u00e1mina antes de usar el mando. De lo contrario, anular\u00e1s la garant\u00eda del transmisor, ya que no est\u00e1 protegido contra el polvo y la humedad. Recomendamos que si se reemplaza una pegatina vieja por una nueva, para mejor resultado, se limpie la superficie del transmisor asegurando que no [&hellip;]<\/p>\n","protected":false},"author":54,"featured_media":0,"parent":0,"menu_order":0,"comment_status":"closed","ping_status":"closed","template":"","meta":{"_acf_changed":false,"footnotes":""},"class_list":["post-234629","page","type-page","status-publish","hentry"],"acf":[],"_links":{"self":[{"href":"https:\/\/www.tele-radio.com\/la\/wp-json\/wp\/v2\/pages\/234629","targetHints":{"allow":["GET"]}}],"collection":[{"href":"https:\/\/www.tele-radio.com\/la\/wp-json\/wp\/v2\/pages"}],"about":[{"href":"https:\/\/www.tele-radio.com\/la\/wp-json\/wp\/v2\/types\/page"}],"author":[{"embeddable":true,"href":"https:\/\/www.tele-radio.com\/la\/wp-json\/wp\/v2\/users\/54"}],"replies":[{"embeddable":true,"href":"https:\/\/www.tele-radio.com\/la\/wp-json\/wp\/v2\/comments?post=234629"}],"version-history":[{"count":4,"href":"https:\/\/www.tele-radio.com\/la\/wp-json\/wp\/v2\/pages\/234629\/revisions"}],"predecessor-version":[{"id":236048,"href":"https:\/\/www.tele-radio.com\/la\/wp-json\/wp\/v2\/pages\/234629\/revisions\/236048"}],"wp:attachment":[{"href":"https:\/\/www.tele-radio.com\/la\/wp-json\/wp\/v2\/media?parent=234629"}],"curies":[{"name":"wp","href":"https:\/\/api.w.org\/{rel}","templated":true}]}}