{"id":230492,"date":"2024-10-18T10:33:34","date_gmt":"2024-10-18T10:33:34","guid":{"rendered":"https:\/\/www.tele-radio.com\/?page_id=230492"},"modified":"2024-10-18T10:33:35","modified_gmt":"2024-10-18T10:33:35","slug":"reemplazar-mando-panther","status":"publish","type":"page","link":"https:\/\/www.tele-radio.com\/la\/reemplazar-mando-panther\/","title":{"rendered":"Tutorial para reemplazar un mando Panther de Tele Radio por otro"},"content":{"rendered":"\n<p>La funci\u00f3n de reemplazo hace que el proceso sea muy r\u00e1pido y sencillo. No necesitar\u00e1s manipular al receptor. En este tutorial ver\u00e1s paso a paso c\u00f3mo hacerlo.<\/p>\n\n\n\n<p>Necesitar\u00e1s:<\/p>\n\n\n\n<ul class=\"wp-block-list\">\n<li>El c\u00f3digo del mando antiguo (replace ID).<\/li>\n\n\n\n<li>El nuevo mando, y encontrarte dentro del rango del receptor.<\/li>\n<\/ul>\n\n\n\n<div class=\"schema-how-to wp-block-yoast-how-to-block\"><p class=\"schema-how-to-total-time\"><span class=\"schema-how-to-duration-time-text\">Tiempo empleado:&nbsp;<\/span>5 minutes<\/p><p class=\"schema-how-to-description\">Reemplazar un mando Panther por otro<\/p> <ol class=\"schema-how-to-steps\"><li class=\"schema-how-to-step\" id=\"how-to-step-1645114644592\"><strong class=\"schema-how-to-step-name\">Ten a mano el replace ID del mando que quieres sustituir<\/strong> <p class=\"schema-how-to-step-text\">El &#8220;replace ID&#8221; es un c\u00f3digo de siete n\u00fameros que se encuentra escrito en una etiqueta en la parte trasera de los transmisores. Si lo has perdido, puedes mirar este n\u00famero en tus archivos o solicitarnos ayuda. <\/p> <\/li><li class=\"schema-how-to-step\" id=\"how-to-step-1645115064009\"><strong class=\"schema-how-to-step-name\">Con el nuevo mando, mant\u00e9n pulsado el bot\u00f3n inferior derecho (start) mientras extraes la seta de paro<\/strong> <p class=\"schema-how-to-step-text\"><\/p> <\/li><li class=\"schema-how-to-step\" id=\"how-to-step-1645115114893\"><strong class=\"schema-how-to-step-name\">Entra en el men\u00fa del transmisor <\/strong> <p class=\"schema-how-to-step-text\">Para entrar al men\u00fa del transmisor, pulsa una vez el bot\u00f3n 1, luego una vez el bot\u00f3n 2, luego el bot\u00f3n 3 y luego el bot\u00f3n 4. Todos los LEDs empezar\u00e1n a parpadear.<\/p> <\/li><li class=\"schema-how-to-step\" id=\"how-to-step-1645115344959\"><strong class=\"schema-how-to-step-name\">Entrar al men\u00fa 3<\/strong> <p class=\"schema-how-to-step-text\">Pulsa el bot\u00f3n n\u00famero 3 para entrar en la opci\u00f3n de reemplazo. El LED n\u00famero 2 empezar\u00e1 a parpadear.<\/p> <\/li><li class=\"schema-how-to-step\" id=\"how-to-step-1645115383980\"><strong class=\"schema-how-to-step-name\">Teclea el replace ID del mando que quieres reemplazar<\/strong> <p class=\"schema-how-to-step-text\">Usando los botones del transmisor, teclea el replace ID. IMPORTANTE, debes mantener pulsado el bot\u00f3n del \u00faltimo d\u00edgito, y mientras lo presionas, pulsar la seta de paro para apagar el transmisor y confirmar el cambio. Por ejemplo, si el c\u00f3digo es el <\/p> <\/li><li class=\"schema-how-to-step\" id=\"how-to-step-1645115571019\"><strong class=\"schema-how-to-step-name\">El transmisor antiguo ya no estar\u00e1 vinculado al receptor y solo funcionar\u00e1 el nuevo mando.<\/strong> <p class=\"schema-how-to-step-text\"><\/p> <\/li><\/ol><\/div>\n","protected":false},"excerpt":{"rendered":"<p>La funci\u00f3n de reemplazo hace que el proceso sea muy r\u00e1pido y sencillo. No necesitar\u00e1s manipular al receptor. En este tutorial ver\u00e1s paso a paso c\u00f3mo hacerlo. Necesitar\u00e1s:<\/p>\n","protected":false},"author":54,"featured_media":0,"parent":0,"menu_order":0,"comment_status":"closed","ping_status":"closed","template":"","meta":{"_acf_changed":false,"footnotes":""},"class_list":["post-230492","page","type-page","status-publish","hentry"],"acf":[],"_links":{"self":[{"href":"https:\/\/www.tele-radio.com\/la\/wp-json\/wp\/v2\/pages\/230492","targetHints":{"allow":["GET"]}}],"collection":[{"href":"https:\/\/www.tele-radio.com\/la\/wp-json\/wp\/v2\/pages"}],"about":[{"href":"https:\/\/www.tele-radio.com\/la\/wp-json\/wp\/v2\/types\/page"}],"author":[{"embeddable":true,"href":"https:\/\/www.tele-radio.com\/la\/wp-json\/wp\/v2\/users\/54"}],"replies":[{"embeddable":true,"href":"https:\/\/www.tele-radio.com\/la\/wp-json\/wp\/v2\/comments?post=230492"}],"version-history":[{"count":1,"href":"https:\/\/www.tele-radio.com\/la\/wp-json\/wp\/v2\/pages\/230492\/revisions"}],"predecessor-version":[{"id":230497,"href":"https:\/\/www.tele-radio.com\/la\/wp-json\/wp\/v2\/pages\/230492\/revisions\/230497"}],"wp:attachment":[{"href":"https:\/\/www.tele-radio.com\/la\/wp-json\/wp\/v2\/media?parent=230492"}],"curies":[{"name":"wp","href":"https:\/\/api.w.org\/{rel}","templated":true}]}}