{"id":230490,"date":"2024-10-18T10:44:55","date_gmt":"2024-10-18T10:44:55","guid":{"rendered":"https:\/\/www.tele-radio.com\/?page_id=230490"},"modified":"2024-10-18T10:45:03","modified_gmt":"2024-10-18T10:45:03","slug":"sistema-shuttle-pallet-control-remoto","status":"publish","type":"page","link":"https:\/\/www.tele-radio.com\/la\/sistema-shuttle-pallet-control-remoto\/","title":{"rendered":"Control Remoto para Shuttle Pallets y almacenes autom\u00e1ticos"},"content":{"rendered":"\n<h2 class=\"wp-block-heading has-text-align-left\">\u00bfEn qu\u00e9 consiste un sistema Shuttle Pallet?<\/h2>\n\n\n\n<div class=\"wp-block-columns is-layout-flex wp-container-core-columns-is-layout-9d6595d7 wp-block-columns-is-layout-flex\">\n<div class=\"wp-block-column is-layout-flow wp-block-column-is-layout-flow\" style=\"flex-basis:55%\">\n<p>El sistema shuttle pallet es una soluci\u00f3n de almacenamiento y paletizaci\u00f3n de alta densidad dise\u00f1ada para optimizar los costos y el uso del espacio. Tambi\u00e9n son conocidos como radio shuttle o carros sat\u00e9lites inteligentes. Funcionan mediante un carro que se desplaza por los pasillos de las estanter\u00edas para mover mercanc\u00eda. Este sistema transporta los pallets de forma aut\u00f3noma o semi-aut\u00f3noma. As\u00ed, el operador puede controlarlos y monitorearlos mediante un control remoto especializado, ya sea para control rutinario o para la recuperaci\u00f3n de sistema shuttle pallet sin bater\u00eda o averiados.<\/p>\n\n\n\n<p>Cuando se deposita un art\u00edculo en el carro (shuttle), este lo transporta hasta la \u00faltima posici\u00f3n disponible en la estanter\u00eda. Tras depositar el pallet, el carro regresa a la posici\u00f3n inicial para recoger el siguiente.<\/p>\n\n\n\n<p>Este sistema ha ganado popularidad en los \u00faltimos a\u00f1os, siendo clave en la implementaci\u00f3n de almacenes autom\u00e1ticos.<\/p>\n<\/div>\n\n\n\n<div class=\"wp-block-column is-layout-flow wp-block-column-is-layout-flow\"><div class=\"wp-block-image\">\n<figure class=\"aligncenter size-full is-resized\"><img loading=\"lazy\" decoding=\"async\" width=\"616\" height=\"594\" src=\"https:\/\/www.tele-radio.com\/app\/uploads\/radio-shuttle-pallet-tr-1.jpg\" alt=\"sistema Shuttle pallet\" class=\"wp-image-53475\" style=\"width:308px;height:297px\" srcset=\"https:\/\/www.tele-radio.com\/app\/uploads\/radio-shuttle-pallet-tr-1.jpg 616w, https:\/\/www.tele-radio.com\/app\/uploads\/radio-shuttle-pallet-tr-1-400x386.jpg 400w, https:\/\/www.tele-radio.com\/app\/uploads\/radio-shuttle-pallet-tr-1-500x482.jpg 500w\" sizes=\"auto, (max-width: 616px) 100vw, 616px\" \/><\/figure><\/div><\/div>\n<\/div>\n\n\n\n<div class=\"wp-block-buttons is-horizontal is-content-justification-center is-layout-flex wp-container-core-buttons-is-layout-499968f5 wp-block-buttons-is-layout-flex\">\n<div class=\"wp-block-button\"><a class=\"wp-block-button__link has-black-color has-text-color has-background wp-element-button\" href=\"#info\" style=\"border-radius:7px;background-color:#fbba00\"><strong>Obt\u00e9n m\u00e1s informaci\u00f3n<\/strong><\/a><\/div>\n<\/div>\n\n\n\n<div style=\"height:30px\" aria-hidden=\"true\" class=\"wp-block-spacer\"><\/div>\n\n\n\n<div class=\"wp-block-cover is-light\"><span aria-hidden=\"true\" class=\"wp-block-cover__background has-very-light-gray-background-color has-background-dim-100 has-background-dim\"><\/span><div class=\"wp-block-cover__inner-container is-layout-flow wp-block-cover-is-layout-flow\">\n<div style=\"height:40px\" aria-hidden=\"true\" class=\"wp-block-spacer\"><\/div>\n\n\n\n<h2 class=\"wp-block-heading has-very-dark-gray-color has-text-color\">Ventajas del Control Remoto para sistemas Shuttle Pallets frente a otras comunicaciones inal\u00e1mbricas<\/h2>\n\n\n\n<p class=\"has-very-dark-gray-color has-text-color\">Existen m\u00faltiples tecnolog\u00edas inal\u00e1mbricas. Algunos fabricantes de shuttle pallets consideran el uso de comunicaciones como el Wifi, pero debido a lsu naturaleza, pueden surgir problemas de interferencias o falta de alcance en ciertos entornos.<\/p>\n\n\n\n<p>La radiofrecuencia industrial, empleada en los equipos de control remoto, ofrece un mayor alcance y prestaciones en comparaci\u00f3n. Esto es crucial en los entornos donde se utilizan shuttle pallets, como grandes almacenes con largas distancias, estanter\u00edas met\u00e1licas y obst\u00e1culos entre el operador y los carros.<\/p>\n\n\n\n<p class=\"has-very-dark-gray-color has-text-color\">El uso de Wifi generalmente se combina con tablets, que permiten enviar y recibir una gran cantidad de datos. Sin embargo, el uso de mandos para la carga y descarga de pallets es ideal para tareas de mantenimiento y supervisi\u00f3n.<\/p>\n\n\n\n<div style=\"height:40px\" aria-hidden=\"true\" class=\"wp-block-spacer\"><\/div>\n<\/div><\/div>\n\n\n\n<div style=\"height:40px\" aria-hidden=\"true\" class=\"wp-block-spacer\"><\/div>\n\n\n\n<h2 class=\"wp-block-heading has-very-dark-gray-color has-text-color\">Uso de tablets vs Mando para carga y descarga de palets<\/h2>\n\n\n<div class=\"wp-block-image\">\n<figure class=\"aligncenter size-large is-resized\"><img loading=\"lazy\" decoding=\"async\" width=\"1200\" height=\"459\" src=\"https:\/\/www.tele-radio.com\/app\/uploads\/\/tablet-vs-control-remoto-industrial-shuttle-pallet-1-1200x459.jpg\" alt=\"Tablet vs control remoto para shuttle pallets\" class=\"wp-image-53518\" style=\"width:900px;height:344px\" srcset=\"https:\/\/www.tele-radio.com\/app\/uploads\/tablet-vs-control-remoto-industrial-shuttle-pallet-1-1200x459.jpg 1200w, https:\/\/www.tele-radio.com\/app\/uploads\/tablet-vs-control-remoto-industrial-shuttle-pallet-1-400x153.jpg 400w, https:\/\/www.tele-radio.com\/app\/uploads\/tablet-vs-control-remoto-industrial-shuttle-pallet-1-768x294.jpg 768w, https:\/\/www.tele-radio.com\/app\/uploads\/tablet-vs-control-remoto-industrial-shuttle-pallet-1-750x287.jpg 750w, https:\/\/www.tele-radio.com\/app\/uploads\/tablet-vs-control-remoto-industrial-shuttle-pallet-1-500x191.jpg 500w, https:\/\/www.tele-radio.com\/app\/uploads\/tablet-vs-control-remoto-industrial-shuttle-pallet-1-800x306.jpg 800w, https:\/\/www.tele-radio.com\/app\/uploads\/tablet-vs-control-remoto-industrial-shuttle-pallet-1.jpg 1400w\" sizes=\"auto, (max-width: 1200px) 100vw, 1200px\" \/><\/figure><\/div>\n\n\n<p class=\"has-very-dark-gray-color has-text-color\">Las tablets comerciales no est\u00e1n dise\u00f1adas para uso industrial, sino dom\u00e9stico u oficinal. A nivel de software, dependen de una aplicaci\u00f3n instalada en sistemas como Android o iOS, lo que requiere mantenimiento por parte de desarrolladores externos.<\/p>\n\n\n\n<p>Si bien una tablet puede mostrar m\u00e1s informaci\u00f3n visual, no ofrece la robustez, resistencia a l\u00edquidos ni ergonom\u00eda de un transmisor industrial. La combinaci\u00f3n de ambos sistemas puede ser ideal en ciertos casos.<\/p>\n\n\n\n<p>Las tablets tienen una duraci\u00f3n de bater\u00eda limitada, pantallas fr\u00e1giles y no se pueden utilizar con guantes. Los transmisores industriales, por otro lado, est\u00e1n dise\u00f1ados para soportar condiciones extremas. Nuestros transmisores con bater\u00edas de litio pueden durar hasta 130 horas de uso continuo (PN-T19-2). Una capacidad inigualable por cualquier tablet.<\/p>\n\n\n\n<p class=\"has-very-dark-gray-color has-text-color\">Adem\u00e1s, los sistemas de control remoto para shuttle pallets est\u00e1n dise\u00f1ados para resistir golpes, ca\u00eddas, agua, polvo y temperaturas extremas (de -20 a +55 \u00b0C). En situaciones de emergencia, la presencia de una seta de paro certificada a\u00f1ade una capa crucial de seguridad.<\/p>\n\n\n\n<div class=\"wp-block-media-text alignwide is-stacked-on-mobile is-vertically-aligned-center is-image-fill has-very-light-gray-background-color has-background\"><figure class=\"wp-block-media-text__media\" style=\"background-image:url(https:\/\/www.tele-radio.com\/app\/uploads\/seta.jpg);background-position:50% 50%\"><img loading=\"lazy\" decoding=\"async\" width=\"300\" height=\"300\" src=\"https:\/\/www.tele-radio.com\/app\/uploads\/seta.jpg\" alt=\"Seta de paro en control remoto\" class=\"wp-image-55276 size-full\" srcset=\"https:\/\/www.tele-radio.com\/app\/uploads\/seta.jpg 300w, https:\/\/www.tele-radio.com\/app\/uploads\/seta-150x150.jpg 150w, https:\/\/www.tele-radio.com\/app\/uploads\/seta-250x250.jpg 250w\" sizes=\"auto, (max-width: 300px) 100vw, 300px\" \/><\/figure><div class=\"wp-block-media-text__content\">\n<p class=\"has-very-dark-gray-color has-text-color has-large-font-size\">Ante una situaci\u00f3n de emergencia, disponer de una seta de paro certificada al alcance de la mano, aporta una gran seguridad a la aplicaci\u00f3n. <\/p>\n<\/div><\/div>\n\n\n\n<div style=\"height:30px\" aria-hidden=\"true\" class=\"wp-block-spacer\"><\/div>\n\n\n\n<h2 class=\"wp-block-heading\">Mandos de control remoto para shuttle pallets<\/h2>\n\n\n\n<p>Nuestros mandos se pueden personalizar con los colores corporativos de tu empresa, logotipos y s\u00edmbolos en los botones. Las car\u00e1tulas est\u00e1n fabricadas con material resistente a los rayos UV, ara\u00f1azos y l\u00edquidos, utilizando adhesivo 3M.<\/p>\n\n\n\n<div class=\"wp-block-columns are-vertically-aligned-center is-layout-flex wp-container-core-columns-is-layout-9d6595d7 wp-block-columns-is-layout-flex\">\n<div class=\"wp-block-column is-vertically-aligned-center yellcolumns is-layout-flow wp-block-column-is-layout-flow\">\n<p class=\"has-text-align-center has-black-color has-text-color has-medium-font-size\"><strong><a href=\"https:\/\/www.tele-radio.com\/es\/products\/panther\/panther-transmisor-8-botones-2-pasos-pld-cat3\/\" target=\"_blank\" aria-label=\"undefined (opens in a new tab)\" rel=\"noreferrer noopener\">Panther PN-T19-2<\/a><\/strong><\/p>\n\n\n<div class=\"wp-block-image\">\n<figure class=\"aligncenter size-large\"><img loading=\"lazy\" decoding=\"async\" width=\"95\" height=\"211\" src=\"https:\/\/www.tele-radio.com\/app\/uploads\/panther-teleradio-shuttle-pallet.png\" alt=\"Mando inal\u00e1mbrico para controlar shuttle pallets\" class=\"wp-image-55209\"\/><\/figure><\/div><\/div>\n\n\n\n<div class=\"wp-block-column is-vertically-aligned-center yellcolumns is-layout-flow wp-block-column-is-layout-flow\">\n<p class=\"has-text-align-center has-black-color has-text-color has-medium-font-size\"><strong><a href=\"https:\/\/www.tele-radio.com\/es\/products\/tiger-g2\/transmisor-tiger-g2-6-botones-2-pasos-pantalla-ple-sil3\/\" target=\"_blank\" aria-label=\"undefined (opens in a new tab)\" rel=\"noreferrer noopener\">Tiger TG-T9-2<\/a><\/strong><\/p>\n\n\n<div class=\"wp-block-image\">\n<figure class=\"aligncenter size-full\"><img loading=\"lazy\" decoding=\"async\" width=\"100\" height=\"210\" src=\"https:\/\/www.tele-radio.com\/app\/uploads\/TG-T11-4-pallet-shuttle-teleradio-1.png\" alt=\"Mando serie Tiger de control remoto para shuttle pallets\" class=\"wp-image-55151\"\/><\/figure><\/div><\/div>\n\n\n\n<div class=\"wp-block-column is-vertically-aligned-center yellcolumns is-layout-flow wp-block-column-is-layout-flow\">\n<p class=\"has-text-align-center has-black-color has-text-color has-medium-font-size\"><strong><a href=\"https:\/\/www.tele-radio.com\/es\/products\/tiger-g2\/transmisor-tiger-g2-10-botones-2-pasos-pantalla-ple-sil3\/\" target=\"_blank\" aria-label=\"undefined (opens in a new tab)\" rel=\"noreferrer noopener\">Tiger TG-T11-4<\/a><\/strong><\/p>\n\n\n<div class=\"wp-block-image\">\n<figure class=\"aligncenter size-large\"><img loading=\"lazy\" decoding=\"async\" width=\"80\" height=\"211\" src=\"https:\/\/www.tele-radio.com\/app\/uploads\/tiger-TG-T11-4-radio-shuttle-pallet-tr.png\" alt=\"Mando inal\u00e1mbrico de la serie Tiger para controlar shuttle pallets\" class=\"wp-image-55174\"\/><\/figure><\/div><\/div>\n<\/div>\n\n\n\n<p>Los sistemas TIGER tienen una funci\u00f3n de parada con certificaci\u00f3n SIL3 PLe, mientras que PANTHER es PLd CAT3.<\/p>\n\n\n\n<p>Con nuestros equipos TIGER, puede controlar desde un mismo mando inal\u00e1mbrico varios carros sat\u00e9lite. Se puede seleccionar cu\u00e1l desea maniobrar desde el propio transmisor.<\/p>\n\n\n\n<h3 class=\"wp-block-heading\">Trabajo sin interrupci\u00f3n<\/h3>\n\n\n\n<p>Entendemos que detener la operaci\u00f3n en un almac\u00e9n puede generar costos significativos. En caso de aver\u00eda o p\u00e9rdida del transmisor, puedes reemplazarlo f\u00e1cilmente:<\/p>\n\n\n\n<p>Cada mando tiene un c\u00f3digo \u00fanico. Para sustituir un mando, simplemente:<\/p>\n\n\n\n<ul class=\"wp-block-list\">\n<li>Acceda al men\u00fa del nuevo transmisor.<\/li>\n\n\n\n<li>Introduzca el c\u00f3digo del antiguo y en 15 segundos habr\u00e1s reemplazado el dispositivo. <\/li>\n\n\n\n<li><a href=\"https:\/\/www.tele-radio.com\/la\/reemplazar-mando-panther\/\" target=\"_blank\" rel=\"noreferrer noopener\">Comprueba c\u00f3mo hacerlo en este enlace<\/a>.<\/li>\n<\/ul>\n\n\n\n<p>Adem\u00e1s, los transmisores TIGER pueden mostrar informaci\u00f3n sobre los carros, como alarmas, valores de los pallets, el carro seleccionado y m\u00e1s.<\/p>\n\n\n\n<div style=\"height:30px\" aria-hidden=\"true\" class=\"wp-block-spacer\"><\/div>\n\n\n\n<div class=\"wp-block-media-text alignwide is-stacked-on-mobile is-vertically-aligned-center has-very-light-gray-background-color has-background\"><figure class=\"wp-block-media-text__media\"><img loading=\"lazy\" decoding=\"async\" width=\"866\" height=\"468\" src=\"https:\/\/www.tele-radio.com\/app\/uploads\/pantalla-control-remoto-shuttle-pallet-teleradio.jpg\" alt=\"\" class=\"wp-image-53117 size-full\" srcset=\"https:\/\/www.tele-radio.com\/app\/uploads\/pantalla-control-remoto-shuttle-pallet-teleradio.jpg 866w, https:\/\/www.tele-radio.com\/app\/uploads\/pantalla-control-remoto-shuttle-pallet-teleradio-400x216.jpg 400w, https:\/\/www.tele-radio.com\/app\/uploads\/pantalla-control-remoto-shuttle-pallet-teleradio-768x415.jpg 768w, https:\/\/www.tele-radio.com\/app\/uploads\/pantalla-control-remoto-shuttle-pallet-teleradio-750x405.jpg 750w, https:\/\/www.tele-radio.com\/app\/uploads\/pantalla-control-remoto-shuttle-pallet-teleradio-500x270.jpg 500w, https:\/\/www.tele-radio.com\/app\/uploads\/pantalla-control-remoto-shuttle-pallet-teleradio-800x432.jpg 800w\" sizes=\"auto, (max-width: 866px) 100vw, 866px\" \/><\/figure><div class=\"wp-block-media-text__content\">\n<p style=\"font-size:30px\">Los transmisores Tiger pueden mostrar informaci\u00f3n de los carros como alarmas, valores, datos de los pallets a controlar, el carro seleccionado en ese momento, etc.<\/p>\n<\/div><\/div>\n\n\n\n<div style=\"height:60px\" aria-hidden=\"true\" class=\"wp-block-spacer\"><\/div>\n\n\n\n<p class=\"has-text-align-left has-large-font-size\" id=\"info\">Contacto<\/p>\n\n\n\n<div class=\"wp-block-columns is-layout-flex wp-container-core-columns-is-layout-9d6595d7 wp-block-columns-is-layout-flex\">\n<div class=\"wp-block-column is-layout-flow wp-block-column-is-layout-flow\" style=\"flex-basis:66.66%\">\n<div class=\"wp-block-contact-form-7-contact-form-selector\">\n<div class=\"wpcf7 no-js\" id=\"wpcf7-f48972-o1\" lang=\"en-EN\" dir=\"ltr\" data-wpcf7-id=\"48972\">\n<div class=\"screen-reader-response\"><p role=\"status\" aria-live=\"polite\" aria-atomic=\"true\"><\/p> <ul><\/ul><\/div>\n<form action=\"\/la\/wp-json\/wp\/v2\/pages\/230490#wpcf7-f48972-o1\" method=\"post\" class=\"wpcf7-form init\" aria-label=\"Contact form\" novalidate=\"novalidate\" data-status=\"init\">\n<fieldset class=\"hidden-fields-container\"><input type=\"hidden\" name=\"_wpcf7\" value=\"48972\" \/><input type=\"hidden\" name=\"_wpcf7_version\" value=\"6.1\" \/><input type=\"hidden\" name=\"_wpcf7_locale\" value=\"en_EN\" \/><input type=\"hidden\" name=\"_wpcf7_unit_tag\" value=\"wpcf7-f48972-o1\" \/><input type=\"hidden\" name=\"_wpcf7_container_post\" value=\"0\" \/><input type=\"hidden\" name=\"_wpcf7_posted_data_hash\" value=\"\" \/><input type=\"hidden\" name=\"_wpcf7_recaptcha_response\" value=\"\" \/>\n<\/fieldset>\n<p><label> Nombre*<br \/>\n<span class=\"wpcf7-form-control-wrap\" data-name=\"nombre\"><input size=\"40\" maxlength=\"400\" class=\"wpcf7-form-control wpcf7-text wpcf7-validates-as-required\" aria-required=\"true\" aria-invalid=\"false\" placeholder=\"Su nombre\" value=\"\" type=\"text\" name=\"nombre\" \/><\/span> <\/label>\n<\/p>\n<p><label> Email*<br \/>\n<span class=\"wpcf7-form-control-wrap\" data-name=\"tu-email\"><input size=\"40\" maxlength=\"400\" class=\"wpcf7-form-control wpcf7-email wpcf7-validates-as-required wpcf7-text wpcf7-validates-as-email\" aria-required=\"true\" aria-invalid=\"false\" placeholder=\"Su email\" value=\"\" type=\"email\" name=\"tu-email\" \/><\/span> <\/label>\n<\/p>\n<p><label> Tel\u00e9fono*<br \/>\n<span class=\"wpcf7-form-control-wrap\" data-name=\"tu-tfno\"><input size=\"40\" maxlength=\"400\" class=\"wpcf7-form-control wpcf7-tel wpcf7-validates-as-required wpcf7-text wpcf7-validates-as-tel\" aria-required=\"true\" aria-invalid=\"false\" placeholder=\"Tel\u00e9fono de contacto\" value=\"\" type=\"tel\" name=\"tu-tfno\" \/><\/span> <\/label>\n<\/p>\n<p><label> Mensaje*<br \/>\n<span class=\"wpcf7-form-control-wrap\" data-name=\"your-message\"><textarea cols=\"40\" rows=\"10\" maxlength=\"2000\" class=\"wpcf7-form-control wpcf7-textarea wpcf7-validates-as-required\" aria-required=\"true\" aria-invalid=\"false\" placeholder=\"Por favor, escriba aqu\u00ed su consulta o dudas.\" name=\"your-message\"><\/textarea><\/span> <\/label>\n<\/p>\n<p><span class=\"wpcf7-form-control-wrap\" data-name=\"acceptance-322\"><span class=\"wpcf7-form-control wpcf7-acceptance\"><span class=\"wpcf7-list-item\"><label><input type=\"checkbox\" name=\"acceptance-322\" value=\"1\" aria-invalid=\"false\" \/><span class=\"wpcf7-list-item-label\">He le\u00eddo y acepto las <a href=\"https:\/\/www.tele-radio.com\/la\/politica-de-privacidad-y-cookies\/\" target=\"_blank\">condiciones de privacidad<\/a>.*<\/span><\/label><\/span><\/span><\/span>\n<\/p>\n<p><input class=\"wpcf7-form-control wpcf7-submit has-spinner\" type=\"submit\" value=\"Enviar\" \/>\n<\/p><div class=\"wpcf7-response-output\" aria-hidden=\"true\"><\/div>\n<\/form>\n<\/div>\n\r\n\t\t\t\t<script>\r\n\t\t\t\tif ( typeof huOptions !== 'undefined' ) {\r\n\t\t\t\t\tvar huFormData = {\"source\":\"contactform7\",\"id\":48972,\"title\":\"TRLatAm-comercial\",\"fields\":{\"subject\":{\"first_name\":\"your-name\",\"email\":\"your-email\"},\"preferences\":{\"terms\":\"your-consent\"}}};\r\n\t\t\t\t\tvar huFormNode = document.querySelector( '[id^=\"wpcf7-f48972-\"] form' );\r\n\r\n\t\t\t\t\thuFormData['node'] = huFormNode;\r\n\t\t\t\t\thuOptions['forms'].push( huFormData );\r\n\t\t\t\t}\r\n\t\t\t\t<\/script><\/div>\n<\/div>\n\n\n\n<div class=\"wp-block-column is-layout-flow wp-block-column-is-layout-flow\" style=\"flex-basis:33.33%\"><\/div>\n<\/div>\n","protected":false},"excerpt":{"rendered":"<p>\u00bfEn qu\u00e9 consiste un sistema Shuttle Pallet? El sistema shuttle pallet es una soluci\u00f3n de almacenamiento y paletizaci\u00f3n de alta densidad dise\u00f1ada para optimizar los costos y el uso del espacio. Tambi\u00e9n son conocidos como radio shuttle o carros sat\u00e9lites inteligentes. Funcionan mediante un carro que se desplaza por los pasillos de las estanter\u00edas para [&hellip;]<\/p>\n","protected":false},"author":54,"featured_media":0,"parent":0,"menu_order":0,"comment_status":"closed","ping_status":"closed","template":"","meta":{"_acf_changed":false,"footnotes":""},"class_list":["post-230490","page","type-page","status-publish","hentry"],"acf":[],"_links":{"self":[{"href":"https:\/\/www.tele-radio.com\/la\/wp-json\/wp\/v2\/pages\/230490","targetHints":{"allow":["GET"]}}],"collection":[{"href":"https:\/\/www.tele-radio.com\/la\/wp-json\/wp\/v2\/pages"}],"about":[{"href":"https:\/\/www.tele-radio.com\/la\/wp-json\/wp\/v2\/types\/page"}],"author":[{"embeddable":true,"href":"https:\/\/www.tele-radio.com\/la\/wp-json\/wp\/v2\/users\/54"}],"replies":[{"embeddable":true,"href":"https:\/\/www.tele-radio.com\/la\/wp-json\/wp\/v2\/comments?post=230490"}],"version-history":[{"count":2,"href":"https:\/\/www.tele-radio.com\/la\/wp-json\/wp\/v2\/pages\/230490\/revisions"}],"predecessor-version":[{"id":230551,"href":"https:\/\/www.tele-radio.com\/la\/wp-json\/wp\/v2\/pages\/230490\/revisions\/230551"}],"wp:attachment":[{"href":"https:\/\/www.tele-radio.com\/la\/wp-json\/wp\/v2\/media?parent=230490"}],"curies":[{"name":"wp","href":"https:\/\/api.w.org\/{rel}","templated":true}]}}