{"id":230449,"date":"2024-10-18T09:42:26","date_gmt":"2024-10-18T09:42:26","guid":{"rendered":"https:\/\/www.tele-radio.com\/?page_id=230449"},"modified":"2024-10-18T13:01:37","modified_gmt":"2024-10-18T13:01:37","slug":"control-remoto-sector-maritimo","status":"publish","type":"page","link":"https:\/\/www.tele-radio.com\/la\/control-remoto-sector-maritimo\/","title":{"rendered":"MARINA Y ALTAMAR"},"content":{"rendered":"\n<div style=\"height:31px\" aria-hidden=\"true\" class=\"wp-block-spacer\"><\/div>\n\n\n\n<h1 class=\"wp-block-heading has-text-align-center\">Soluciones de control remoto para sector mar\u00edtimo y embarcaciones<\/h1>\n\n\n\n<div style=\"height:26px\" aria-hidden=\"true\" class=\"wp-block-spacer\"><\/div>\n\n\n\n<div class=\"wp-block-columns is-layout-flex wp-container-core-columns-is-layout-9d6595d7 wp-block-columns-is-layout-flex\">\n<div class=\"wp-block-column is-layout-flow wp-block-column-is-layout-flow\">\n<h2 class=\"wp-block-heading\">Soluciones de control remoto para sector mar\u00edtimo<\/h2>\n\n\n\n<p>En Tele Radio ofrecemos soluciones de control remoto para todas las \u00e1reas del sector mar\u00edtimo. Ya sea para una peque\u00f1a embarcaci\u00f3n privada o un gran barco, tenemos lo que necesitas. Existen m\u00faltiples aplicaciones en embarcaciones peque\u00f1as o grandes, en r\u00edos, deltas o el mar. Algunos ejemplos incluyen gr\u00faas p\u00f3rtico, pasarelas, luces, anclas, cabrestantes, puntales y mucho m\u00e1s. Con el control remoto podr\u00e1s situarte f\u00edsicamente donde prefieras, en lugar de estar limitado al panel de control. A veces, permanecer en la cabina puede implicar que no tengas la mejor perspectiva del trabajo, lo que podr\u00eda causar accidentes o afectar la productividad.<\/p>\n<\/div>\n\n\n\n<div class=\"wp-block-column is-layout-flow wp-block-column-is-layout-flow\" style=\"flex-basis:100px\"><\/div>\n\n\n\n<div class=\"wp-block-column is-layout-flow wp-block-column-is-layout-flow\">\n<div style=\"height:31px\" aria-hidden=\"true\" class=\"wp-block-spacer\"><\/div>\n\n\n\n<div class=\"wp-block-cover\" style=\"min-height:368px;aspect-ratio:unset;\"><span aria-hidden=\"true\" class=\"wp-block-cover__background has-black-background-color has-background-dim-20 has-background-dim\"><\/span><img loading=\"lazy\" decoding=\"async\" width=\"2560\" height=\"2560\" class=\"wp-block-cover__image-background wp-image-216743\" alt=\"control remoto para sector maritimo\" src=\"https:\/\/www.tele-radio.com\/app\/uploads\/Webbanner_800_x_800_300dpi2-1-scaled.jpg\" data-object-fit=\"cover\" srcset=\"https:\/\/www.tele-radio.com\/app\/uploads\/Webbanner_800_x_800_300dpi2-1-scaled.jpg 2560w, https:\/\/www.tele-radio.com\/app\/uploads\/Webbanner_800_x_800_300dpi2-1-400x400.jpg 400w, https:\/\/www.tele-radio.com\/app\/uploads\/Webbanner_800_x_800_300dpi2-1-1200x1200.jpg 1200w, https:\/\/www.tele-radio.com\/app\/uploads\/Webbanner_800_x_800_300dpi2-1-150x150.jpg 150w, https:\/\/www.tele-radio.com\/app\/uploads\/Webbanner_800_x_800_300dpi2-1-768x768.jpg 768w, https:\/\/www.tele-radio.com\/app\/uploads\/Webbanner_800_x_800_300dpi2-1-1536x1536.jpg 1536w, https:\/\/www.tele-radio.com\/app\/uploads\/Webbanner_800_x_800_300dpi2-1-2048x2048.jpg 2048w, https:\/\/www.tele-radio.com\/app\/uploads\/Webbanner_800_x_800_300dpi2-1-250x250.jpg 250w, https:\/\/www.tele-radio.com\/app\/uploads\/Webbanner_800_x_800_300dpi2-1-750x750.jpg 750w, https:\/\/www.tele-radio.com\/app\/uploads\/Webbanner_800_x_800_300dpi2-1-500x500.jpg 500w, https:\/\/www.tele-radio.com\/app\/uploads\/Webbanner_800_x_800_300dpi2-1-1600x1600.jpg 1600w, https:\/\/www.tele-radio.com\/app\/uploads\/Webbanner_800_x_800_300dpi2-1-800x800.jpg 800w\" sizes=\"auto, (max-width: 2560px) 100vw, 2560px\" \/><div class=\"wp-block-cover__inner-container is-layout-flow wp-block-cover-is-layout-flow\">\n<p class=\"has-text-align-center has-large-font-size\"><\/p>\n<\/div><\/div>\n<\/div>\n<\/div>\n\n\n\n<div style=\"height:100px\" aria-hidden=\"true\" class=\"wp-block-spacer\"><\/div>\n\n\n\n<div class=\"wp-block-buttons is-horizontal is-content-justification-center is-layout-flex wp-container-core-buttons-is-layout-499968f5 wp-block-buttons-is-layout-flex\">\n<div class=\"wp-block-button\"><a class=\"wp-block-button__link has-black-color has-text-color has-background wp-element-button\" href=\"#contacto\" style=\"border-radius:7px;background-color:#fbba00\"><strong>Obt\u00e9n m\u00e1s informaci\u00f3n<\/strong><\/a><\/div>\n<\/div>\n\n\n\n<div style=\"height:100px\" aria-hidden=\"true\" class=\"wp-block-spacer\"><\/div>\n\n\n\n<div class=\"wp-block-cover is-light\"><span aria-hidden=\"true\" class=\"wp-block-cover__background has-very-light-gray-background-color has-background-dim-100 has-background-dim\"><\/span><div class=\"wp-block-cover__inner-container is-layout-flow wp-block-cover-is-layout-flow\">\n<div class=\"wp-block-columns is-layout-flex wp-container-core-columns-is-layout-9d6595d7 wp-block-columns-is-layout-flex\">\n<div class=\"wp-block-column is-layout-flow wp-block-column-is-layout-flow\"><div class=\"wp-block-image size-large\">\n<figure class=\"aligncenter is-resized\"><img loading=\"lazy\" decoding=\"async\" width=\"338\" height=\"283\" src=\"https:\/\/www.tele-radio.com\/app\/uploads\/Fail_Safe_Operation.png\" alt=\"\" class=\"wp-image-68103\" style=\"width:90px;height:75px\"\/><\/figure><\/div>\n\n\n<p class=\"has-text-align-center has-very-dark-gray-color has-text-color\"><strong>Sistema a prueba de fallos<\/strong><\/p>\n\n\n\n<p class=\"has-text-align-center has-very-dark-gray-color has-text-color\">Nuestros rel\u00e9s se desactivan autom\u00e1ticamente por seguridad cuando el equipo est\u00e1 fuera de alcance, sin bater\u00eda o averiado. Contamos con niveles de seguridad certificados de manera independiente.<\/p>\n<\/div>\n\n\n\n<div class=\"wp-block-column is-layout-flow wp-block-column-is-layout-flow\"><div class=\"wp-block-image size-large\">\n<figure class=\"aligncenter is-resized\"><img loading=\"lazy\" decoding=\"async\" width=\"223\" height=\"363\" src=\"https:\/\/www.tele-radio.com\/app\/uploads\/Protection.png\" alt=\"\" class=\"wp-image-68125\" style=\"width:45px;height:78px\"\/><\/figure><\/div>\n\n\n<p class=\"has-text-align-center has-very-dark-gray-color has-text-color\"><strong>Protegido contra polvo y agua<\/strong><\/p>\n\n\n\n<p class=\"has-text-align-center has-very-dark-gray-color has-text-color\">Nuestros transmisores son extremadamente robustos. Algunos tienen certificaci\u00f3n IP65 y la mayor\u00eda cuentan con certificaci\u00f3n IP67.<\/p>\n<\/div>\n\n\n\n<div class=\"wp-block-column is-layout-flow wp-block-column-is-layout-flow\"><div class=\"wp-block-image size-large\">\n<figure class=\"aligncenter is-resized\"><img loading=\"lazy\" decoding=\"async\" width=\"268\" height=\"374\" src=\"https:\/\/www.tele-radio.com\/app\/uploads\/Certification_2.png\" alt=\"\" class=\"wp-image-68149\" style=\"width:56px;height:78px\"\/><\/figure><\/div>\n\n\n<p class=\"has-text-align-center has-very-dark-gray-color has-text-color\"><strong>Servicio excelente<\/strong><\/p>\n\n\n\n<p class=\"has-text-align-center has-very-dark-gray-color has-text-color\">Clientes en todo el mundo conf\u00edan en nuestra marca. Ofrecemos un servicio excelente y soluciones personalizadas.<\/p>\n<\/div>\n<\/div>\n<\/div><\/div>\n\n\n\n<div style=\"height:100px\" aria-hidden=\"true\" class=\"wp-block-spacer\"><\/div>\n\n\n\n<h2 class=\"wp-block-heading has-text-align-center\">APLICACIONES<\/h2>\n\n\n\n<p class=\"has-text-align-center\"><em>Para dar una idea de las posibilidades, tenemos algunos ejemplos de aplicaciones y sus productos t\u00edpicos aqu\u00ed:<\/em><\/p>\n\n\n\n<div class=\"wp-block-columns is-layout-flex wp-container-core-columns-is-layout-9d6595d7 wp-block-columns-is-layout-flex\">\n<div class=\"wp-block-column is-layout-flow wp-block-column-is-layout-flow\">\n<div class=\"wp-block-cover is-light\"><span aria-hidden=\"true\" class=\"wp-block-cover__background has-white-background-color has-background-dim-100 has-background-dim\"><\/span><div class=\"wp-block-cover__inner-container is-layout-flow wp-block-cover-is-layout-flow\"><div class=\"wp-block-image is-style-default\">\n<figure class=\"aligncenter size-full\"><img loading=\"lazy\" decoding=\"async\" width=\"64\" height=\"64\" src=\"https:\/\/www.tele-radio.com\/app\/uploads\/ladder.png\" alt=\"\" class=\"wp-image-119185\"\/><\/figure><\/div>\n\n\n<p class=\"has-text-align-center has-black-color has-text-color\"><strong>PASARELAS<\/strong><\/p>\n\n\n\n<p class=\"has-text-align-center has-black-color has-text-color\">Las pasarelas el\u00e9ctricas controladas remotamente en barcos son aplicaciones comunes que mejoran considerablemente con el uso de telemandos industriales. Puedes subir o bajar la pasarela desde el muelle, justo donde lo necesitas.<\/p>\n<\/div><\/div>\n<\/div>\n\n\n\n<div class=\"wp-block-column is-vertically-aligned-top is-layout-flow wp-block-column-is-layout-flow\">\n<div class=\"wp-block-cover is-light\"><span aria-hidden=\"true\" class=\"wp-block-cover__background has-white-background-color has-background-dim-100 has-background-dim\"><\/span><div class=\"wp-block-cover__inner-container is-layout-flow wp-block-cover-is-layout-flow\"><div class=\"wp-block-image is-style-default\">\n<figure class=\"aligncenter size-full\"><img loading=\"lazy\" decoding=\"async\" width=\"64\" height=\"64\" src=\"https:\/\/www.tele-radio.com\/app\/uploads\/lamp.png\" alt=\"\" class=\"wp-image-119209\"\/><\/figure><\/div>\n\n\n<p class=\"has-text-align-center has-black-color has-text-color\"><strong>LUCES<\/strong><\/p>\n\n\n\n<p class=\"has-text-align-center\">Tener la capacidad de encender o apagar las luces mientras realizas maniobras en el barco es sencillo con el control remoto. En embarcaciones m\u00e1s grandes, el personal puede tener sus propios mandos, facilitando la atenci\u00f3n de las necesidades de los invitados.<\/p>\n<\/div><\/div>\n<\/div>\n\n\n\n<div class=\"wp-block-column is-vertically-aligned-top is-layout-flow wp-block-column-is-layout-flow\">\n<div style=\"height:44px\" aria-hidden=\"true\" class=\"wp-block-spacer\"><\/div>\n\n\n<div class=\"wp-block-image is-style-default\">\n<figure class=\"aligncenter size-full\"><img loading=\"lazy\" decoding=\"async\" width=\"64\" height=\"64\" src=\"https:\/\/www.tele-radio.com\/app\/uploads\/cruise.png\" alt=\"sector mar\u00edtimo\" class=\"wp-image-119245\"\/><\/figure><\/div>\n\n\n<p class=\"has-text-align-center\"><strong>DRAGAS MAR\u00cdTIMAS<\/strong><\/p>\n\n\n\n<p class=\"has-text-align-center\">Las dragas que manejan mercanc\u00edas peligrosas o las dedicadas a la limpieza de cuerpos de agua con componentes hidr\u00e1ulicos requieren un sistema de control remoto especializado que maneje el control de v\u00e1lvulas. Entre los equipos controlados se incluyen excavadoras, pontones estabilizadores, cortadores de barrena y diversos tipos de gr\u00faas.<\/p>\n<\/div>\n<\/div>\n\n\n\n<div style=\"height:42px\" aria-hidden=\"true\" class=\"wp-block-spacer\"><\/div>\n\n\n\n<h2 class=\"wp-block-heading has-text-align-center\"><strong>APLICACIONES<\/strong><\/h2>\n\n\n\n<h3 class=\"wp-block-heading has-text-align-center\">Tus requisitos de funcionalidad y seguridad<\/h3>\n\n\n\n<p>El equipo de Tele Radio est\u00e1 aqu\u00ed para ayudarte a seleccionar el mejor transmisor para tu aplicaci\u00f3n. Ofrecemos diversos transmisores con propiedades espec\u00edficas. Estas tres consideraciones son esenciales a la hora de elegir:<\/p>\n\n\n\n<div class=\"wp-block-media-text alignwide is-stacked-on-mobile is-vertically-aligned-center\" style=\"grid-template-columns:15% auto\"><figure class=\"wp-block-media-text__media\"><img loading=\"lazy\" decoding=\"async\" width=\"404\" height=\"404\" src=\"https:\/\/www.tele-radio.com\/app\/uploads\/Safety_level_2.png\" alt=\"\" class=\"wp-image-68198 size-full\" srcset=\"https:\/\/www.tele-radio.com\/app\/uploads\/Safety_level_2.png 404w, https:\/\/www.tele-radio.com\/app\/uploads\/Safety_level_2-400x400.png 400w, https:\/\/www.tele-radio.com\/app\/uploads\/Safety_level_2-150x150.png 150w, https:\/\/www.tele-radio.com\/app\/uploads\/Safety_level_2-250x250.png 250w\" sizes=\"auto, (max-width: 404px) 100vw, 404px\" \/><\/figure><div class=\"wp-block-media-text__content\">\n<p><strong>Nivel de seguridad<\/strong><\/p>\n\n\n\n<p>Nuestros transmisores cuentan con distintos certificados de seguridad independientes. Esto garantiza que la funcionalidad del bot\u00f3n de seguridad ha sido probada y verificada por una entidad externa. Si deseas minimizar el riesgo de lesiones, es recomendable optar por un sistema con certificaci\u00f3n de seguridad independiente. Si no hay riesgos de seguridad, puedes elegir un mando sin certificaci\u00f3n.<\/p>\n<\/div><\/div>\n\n\n\n<div class=\"wp-block-media-text alignwide is-stacked-on-mobile is-vertically-aligned-center\" style=\"grid-template-columns:15% auto\"><figure class=\"wp-block-media-text__media\"><img loading=\"lazy\" decoding=\"async\" width=\"404\" height=\"404\" src=\"https:\/\/www.tele-radio.com\/app\/uploads\/Control_element_2.png\" alt=\"\" class=\"wp-image-68176 size-full\" srcset=\"https:\/\/www.tele-radio.com\/app\/uploads\/Control_element_2.png 404w, https:\/\/www.tele-radio.com\/app\/uploads\/Control_element_2-400x400.png 400w, https:\/\/www.tele-radio.com\/app\/uploads\/Control_element_2-150x150.png 150w, https:\/\/www.tele-radio.com\/app\/uploads\/Control_element_2-250x250.png 250w\" sizes=\"auto, (max-width: 404px) 100vw, 404px\" \/><\/figure><div class=\"wp-block-media-text__content\">\n<p><strong>Botones o joysticks<\/strong><\/p>\n\n\n\n<p>Un transmisor con botones es m\u00e1s manejable, pero no por ello menos preciso. Por ejemplo, un transmisor con botones de presi\u00f3n proporcional ofrece una precisi\u00f3n similar a la de un joystick. Cuanto m\u00e1s se presiona el bot\u00f3n, mayor es el grado de acci\u00f3n. Los transmisores con joystick son m\u00e1s grandes, pero permiten m\u00e1s opciones de personalizaci\u00f3n, como botones especiales, interruptores y palancas.<\/p>\n<\/div><\/div>\n\n\n\n<div class=\"wp-block-media-text alignwide is-stacked-on-mobile\" style=\"grid-template-columns:15% auto\"><figure class=\"wp-block-media-text__media\"><img loading=\"lazy\" decoding=\"async\" width=\"404\" height=\"404\" src=\"https:\/\/www.tele-radio.com\/app\/uploads\/Feedback_2.png\" alt=\"\" class=\"wp-image-68223 size-full\" srcset=\"https:\/\/www.tele-radio.com\/app\/uploads\/Feedback_2.png 404w, https:\/\/www.tele-radio.com\/app\/uploads\/Feedback_2-400x400.png 400w, https:\/\/www.tele-radio.com\/app\/uploads\/Feedback_2-150x150.png 150w, https:\/\/www.tele-radio.com\/app\/uploads\/Feedback_2-250x250.png 250w\" sizes=\"auto, (max-width: 404px) 100vw, 404px\" \/><\/figure><div class=\"wp-block-media-text__content\">\n<p><strong>Informaci\u00f3n de feedback<\/strong><\/p>\n\n\n\n<p>Algunos transmisores pueden recibir informaci\u00f3n desde el receptor. Dependiendo del sistema, esta informaci\u00f3n se muestra a trav\u00e9s de LEDs o en una pantalla en el transmisor. Por ejemplo, al operar una gr\u00faa, la pantalla puede mostrar datos como el peso elevado o se\u00f1ales de advertencia. Esta funci\u00f3n es menos relevante para tareas sencillas como encender una torre de luz o activar una bomba.<\/p>\n<\/div><\/div>\n\n\n\n<div style=\"height:50px\" aria-hidden=\"true\" class=\"wp-block-spacer\"><\/div>\n\n\n<div class=\"wp-block-image is-style-default\">\n<figure class=\"aligncenter size-large is-resized\"><img decoding=\"async\" src=\"https:\/\/www.tele-radio.com\/app\/uploads\/\/Assortiment_2019_zonder_spiegeling_en_schaduw-1200x614.jpg\" alt=\"\" style=\"width:771px;height:394px\"\/><\/figure><\/div>\n\n\n<p class=\"has-large-font-size\" id=\"contact\">Contacto<\/p>\n\n\n\n<div class=\"wp-block-columns is-layout-flex wp-container-core-columns-is-layout-9d6595d7 wp-block-columns-is-layout-flex\">\n<div class=\"wp-block-column is-layout-flow wp-block-column-is-layout-flow\" style=\"flex-basis:66.66%\">\n<div class=\"wp-block-contact-form-7-contact-form-selector\">\n<div class=\"wpcf7 no-js\" id=\"wpcf7-f48972-o1\" lang=\"en-EN\" dir=\"ltr\" data-wpcf7-id=\"48972\">\n<div class=\"screen-reader-response\"><p role=\"status\" aria-live=\"polite\" aria-atomic=\"true\"><\/p> <ul><\/ul><\/div>\n<form action=\"\/la\/wp-json\/wp\/v2\/pages\/230449#wpcf7-f48972-o1\" method=\"post\" class=\"wpcf7-form init\" aria-label=\"Contact form\" novalidate=\"novalidate\" data-status=\"init\">\n<fieldset class=\"hidden-fields-container\"><input type=\"hidden\" name=\"_wpcf7\" value=\"48972\" \/><input type=\"hidden\" name=\"_wpcf7_version\" value=\"6.1\" \/><input type=\"hidden\" name=\"_wpcf7_locale\" value=\"en_EN\" \/><input type=\"hidden\" name=\"_wpcf7_unit_tag\" value=\"wpcf7-f48972-o1\" \/><input type=\"hidden\" name=\"_wpcf7_container_post\" value=\"0\" \/><input type=\"hidden\" name=\"_wpcf7_posted_data_hash\" value=\"\" \/><input type=\"hidden\" name=\"_wpcf7_recaptcha_response\" value=\"\" \/>\n<\/fieldset>\n<p><label> Nombre*<br \/>\n<span class=\"wpcf7-form-control-wrap\" data-name=\"nombre\"><input size=\"40\" maxlength=\"400\" class=\"wpcf7-form-control wpcf7-text wpcf7-validates-as-required\" aria-required=\"true\" aria-invalid=\"false\" placeholder=\"Su nombre\" value=\"\" type=\"text\" name=\"nombre\" \/><\/span> <\/label>\n<\/p>\n<p><label> Email*<br \/>\n<span class=\"wpcf7-form-control-wrap\" data-name=\"tu-email\"><input size=\"40\" maxlength=\"400\" class=\"wpcf7-form-control wpcf7-email wpcf7-validates-as-required wpcf7-text wpcf7-validates-as-email\" aria-required=\"true\" aria-invalid=\"false\" placeholder=\"Su email\" value=\"\" type=\"email\" name=\"tu-email\" \/><\/span> <\/label>\n<\/p>\n<p><label> Tel\u00e9fono*<br \/>\n<span class=\"wpcf7-form-control-wrap\" data-name=\"tu-tfno\"><input size=\"40\" maxlength=\"400\" class=\"wpcf7-form-control wpcf7-tel wpcf7-validates-as-required wpcf7-text wpcf7-validates-as-tel\" aria-required=\"true\" aria-invalid=\"false\" placeholder=\"Tel\u00e9fono de contacto\" value=\"\" type=\"tel\" name=\"tu-tfno\" \/><\/span> <\/label>\n<\/p>\n<p><label> Mensaje*<br \/>\n<span class=\"wpcf7-form-control-wrap\" data-name=\"your-message\"><textarea cols=\"40\" rows=\"10\" maxlength=\"2000\" class=\"wpcf7-form-control wpcf7-textarea wpcf7-validates-as-required\" aria-required=\"true\" aria-invalid=\"false\" placeholder=\"Por favor, escriba aqu\u00ed su consulta o dudas.\" name=\"your-message\"><\/textarea><\/span> <\/label>\n<\/p>\n<p><span class=\"wpcf7-form-control-wrap\" data-name=\"acceptance-322\"><span class=\"wpcf7-form-control wpcf7-acceptance\"><span class=\"wpcf7-list-item\"><label><input type=\"checkbox\" name=\"acceptance-322\" value=\"1\" aria-invalid=\"false\" \/><span class=\"wpcf7-list-item-label\">He le\u00eddo y acepto las <a href=\"https:\/\/www.tele-radio.com\/la\/politica-de-privacidad-y-cookies\/\" target=\"_blank\">condiciones de privacidad<\/a>.*<\/span><\/label><\/span><\/span><\/span>\n<\/p>\n<p><input class=\"wpcf7-form-control wpcf7-submit has-spinner\" type=\"submit\" value=\"Enviar\" \/>\n<\/p><div class=\"wpcf7-response-output\" aria-hidden=\"true\"><\/div>\n<\/form>\n<\/div>\n\r\n\t\t\t\t<script>\r\n\t\t\t\tif ( typeof huOptions !== 'undefined' ) {\r\n\t\t\t\t\tvar huFormData = {\"source\":\"contactform7\",\"id\":48972,\"title\":\"TRLatAm-comercial\",\"fields\":{\"subject\":{\"first_name\":\"your-name\",\"email\":\"your-email\"},\"preferences\":{\"terms\":\"your-consent\"}}};\r\n\t\t\t\t\tvar huFormNode = document.querySelector( '[id^=\"wpcf7-f48972-\"] form' );\r\n\r\n\t\t\t\t\thuFormData['node'] = huFormNode;\r\n\t\t\t\t\thuOptions['forms'].push( huFormData );\r\n\t\t\t\t}\r\n\t\t\t\t<\/script><\/div>\n<\/div>\n\n\n\n<div class=\"wp-block-column is-layout-flow wp-block-column-is-layout-flow\" style=\"flex-basis:33.33%\"><\/div>\n<\/div>\n\n\n\n<div style=\"height:100px\" aria-hidden=\"true\" class=\"wp-block-spacer\"><\/div>\n","protected":false},"excerpt":{"rendered":"<p>Soluciones de control remoto para sector mar\u00edtimo y embarcaciones Soluciones de control remoto para sector mar\u00edtimo En Tele Radio ofrecemos soluciones de control remoto para todas las \u00e1reas del sector mar\u00edtimo. Ya sea para una peque\u00f1a embarcaci\u00f3n privada o un gran barco, tenemos lo que necesitas. Existen m\u00faltiples aplicaciones en embarcaciones peque\u00f1as o grandes, en [&hellip;]<\/p>\n","protected":false},"author":54,"featured_media":0,"parent":0,"menu_order":0,"comment_status":"closed","ping_status":"closed","template":"","meta":{"_acf_changed":false,"footnotes":""},"class_list":["post-230449","page","type-page","status-publish","hentry"],"acf":[],"_links":{"self":[{"href":"https:\/\/www.tele-radio.com\/la\/wp-json\/wp\/v2\/pages\/230449","targetHints":{"allow":["GET"]}}],"collection":[{"href":"https:\/\/www.tele-radio.com\/la\/wp-json\/wp\/v2\/pages"}],"about":[{"href":"https:\/\/www.tele-radio.com\/la\/wp-json\/wp\/v2\/types\/page"}],"author":[{"embeddable":true,"href":"https:\/\/www.tele-radio.com\/la\/wp-json\/wp\/v2\/users\/54"}],"replies":[{"embeddable":true,"href":"https:\/\/www.tele-radio.com\/la\/wp-json\/wp\/v2\/comments?post=230449"}],"version-history":[{"count":3,"href":"https:\/\/www.tele-radio.com\/la\/wp-json\/wp\/v2\/pages\/230449\/revisions"}],"predecessor-version":[{"id":230610,"href":"https:\/\/www.tele-radio.com\/la\/wp-json\/wp\/v2\/pages\/230449\/revisions\/230610"}],"wp:attachment":[{"href":"https:\/\/www.tele-radio.com\/la\/wp-json\/wp\/v2\/media?parent=230449"}],"curies":[{"name":"wp","href":"https:\/\/api.w.org\/{rel}","templated":true}]}}