{"id":230398,"date":"2024-10-18T08:38:22","date_gmt":"2024-10-18T08:38:22","guid":{"rendered":"https:\/\/www.tele-radio.com\/?page_id=230398"},"modified":"2024-10-18T08:38:36","modified_gmt":"2024-10-18T08:38:36","slug":"control-remoto-para-mineria-demolicion-y-reciclaje","status":"publish","type":"page","link":"https:\/\/www.tele-radio.com\/la\/control-remoto-para-mineria-demolicion-y-reciclaje\/","title":{"rendered":"CONTROL REMOTO PARA MINER\u00cdA, DEMOLICI\u00d3N Y RECICLAJE"},"content":{"rendered":"\n<div style=\"height:31px\" aria-hidden=\"true\" class=\"wp-block-spacer\"><\/div>\n\n\n\n<h1 class=\"wp-block-heading has-text-align-center\"><strong>CONTROL REMOTO PARA MINER\u00cdA, DEMOLICI\u00d3N Y RECICLAJE<\/strong><\/h1>\n\n\n\n<div style=\"height:26px\" aria-hidden=\"true\" class=\"wp-block-spacer\"><\/div>\n\n\n\n<div class=\"wp-block-columns is-layout-flex wp-container-core-columns-is-layout-9d6595d7 wp-block-columns-is-layout-flex\">\n<div class=\"wp-block-column is-layout-flow wp-block-column-is-layout-flow\">\n<p>Los sistemas de control remoto para miner\u00eda, demolici\u00f3n y reciclaje son imprescindibles para mantener la seguridad y eficiencia de los procesos.<\/p>\n\n\n\n<p>A pesar de las condiciones m\u00e1s adversas, siempre puedes contar con una se\u00f1al estable entre el transmisor y el receptor.<\/p>\n\n\n\n<p>El mundo de la miner\u00eda, demolici\u00f3n y reciclaje es un entorno desafiante. Procesar materiales duros requiere maquinaria potente y equipos de excelente calidad. Mantener la seguridad de tus empleados es fundamental.<\/p>\n\n\n\n<p>Para garantizar la seguridad de tu personal, deben confiar en que sus herramientas funcionar\u00e1n en condiciones extremas. Por eso, Tele Radio es tu socio ideal. Gracias a nuestros transmisores, cada m\u00e1quina puede ser operada desde una distancia segura. Los controles son robustos, resistentes al agua y al polvo. La instalaci\u00f3n de nuestros sistemas de control remoto es sencilla y flexible. Es reconfortante saber que nuestra red global de oficinas est\u00e1 lista para brindarte asesor\u00eda, soluciones personalizadas, instalaci\u00f3n, accesorios o reparaciones. \u00a1Porque tu trabajo no puede detenerse!<\/p>\n\n\n\n<p>Las certificaciones de seguridad de nuestros transmisores han sido verificadas de manera independiente. Esto nos permite garantizar que la seguridad de tus empleados siempre estar\u00e1 protegida.<\/p>\n<\/div>\n\n\n\n<div class=\"wp-block-column is-layout-flow wp-block-column-is-layout-flow\" style=\"flex-basis:100px\"><\/div>\n\n\n\n<div class=\"wp-block-column is-layout-flow wp-block-column-is-layout-flow\">\n<div style=\"height:31px\" aria-hidden=\"true\" class=\"wp-block-spacer\"><\/div>\n\n\n\n<div class=\"wp-block-cover\" style=\"min-height:381px;aspect-ratio:unset;\"><span aria-hidden=\"true\" class=\"wp-block-cover__background has-black-background-color has-background-dim-20 has-background-dim\"><\/span><img loading=\"lazy\" decoding=\"async\" width=\"2400\" height=\"1597\" class=\"wp-block-cover__image-background wp-image-119410\" alt=\"Tele Radio frece controles remoto para miner\u00eda, demolici\u00f3n y reciclaje\" src=\"https:\/\/www.tele-radio.com\/app\/uploads\/FM_MI_PU_0254.jpg\" style=\"object-position:31% 60%\" data-object-fit=\"cover\" data-object-position=\"31% 60%\" srcset=\"https:\/\/www.tele-radio.com\/app\/uploads\/FM_MI_PU_0254.jpg 2400w, https:\/\/www.tele-radio.com\/app\/uploads\/FM_MI_PU_0254-400x266.jpg 400w, https:\/\/www.tele-radio.com\/app\/uploads\/FM_MI_PU_0254-1200x799.jpg 1200w, https:\/\/www.tele-radio.com\/app\/uploads\/FM_MI_PU_0254-768x511.jpg 768w, https:\/\/www.tele-radio.com\/app\/uploads\/FM_MI_PU_0254-1536x1022.jpg 1536w, https:\/\/www.tele-radio.com\/app\/uploads\/FM_MI_PU_0254-2048x1363.jpg 2048w, https:\/\/www.tele-radio.com\/app\/uploads\/FM_MI_PU_0254-750x499.jpg 750w, https:\/\/www.tele-radio.com\/app\/uploads\/FM_MI_PU_0254-500x333.jpg 500w, https:\/\/www.tele-radio.com\/app\/uploads\/FM_MI_PU_0254-1600x1065.jpg 1600w, https:\/\/www.tele-radio.com\/app\/uploads\/FM_MI_PU_0254-800x532.jpg 800w\" sizes=\"auto, (max-width: 2400px) 100vw, 2400px\" \/><div class=\"wp-block-cover__inner-container is-layout-flow wp-block-cover-is-layout-flow\">\n<p class=\"has-text-align-center has-large-font-size\"><\/p>\n<\/div><\/div>\n<\/div>\n<\/div>\n\n\n\n<div style=\"height:32px\" aria-hidden=\"true\" class=\"wp-block-spacer\"><\/div>\n\n\n\n<div class=\"wp-block-cover is-light\"><span aria-hidden=\"true\" class=\"wp-block-cover__background has-very-light-gray-background-color has-background-dim-100 has-background-dim\"><\/span><div class=\"wp-block-cover__inner-container is-layout-flow wp-block-cover-is-layout-flow\">\n<div class=\"wp-block-columns is-layout-flex wp-container-core-columns-is-layout-9d6595d7 wp-block-columns-is-layout-flex\">\n<div class=\"wp-block-column is-layout-flow wp-block-column-is-layout-flow\"><div class=\"wp-block-image\">\n<figure class=\"aligncenter size-full is-resized\"><img loading=\"lazy\" decoding=\"async\" width=\"338\" height=\"283\" src=\"https:\/\/www.tele-radio.com\/app\/uploads\/Fail_Safe_Operation.png\" alt=\"operaciones a prueba de errores\" class=\"wp-image-68113\" style=\"width:90px;height:75px\"\/><\/figure><\/div>\n\n\n<h4 class=\"wp-block-heading has-text-align-center has-very-dark-gray-color has-text-color\"><strong>Sistema a prueba de fallos<\/strong><\/h4>\n\n\n\n<p class=\"has-text-align-center has-very-dark-gray-color has-text-color\">Los rel\u00e9s se desactivan de forma segura cuando el equipo est\u00e1 fuera de alcance, sin bater\u00eda, averiado, etc. Contamos con niveles de seguridad certificados de manera independiente.<\/p>\n<\/div>\n\n\n\n<div class=\"wp-block-column is-layout-flow wp-block-column-is-layout-flow\"><div class=\"wp-block-image\">\n<figure class=\"aligncenter size-large is-resized\"><img loading=\"lazy\" decoding=\"async\" width=\"223\" height=\"363\" src=\"https:\/\/www.tele-radio.com\/app\/uploads\/Protection.png\" alt=\"\" class=\"wp-image-68125\" style=\"width:45px;height:78px\"\/><\/figure><\/div>\n\n\n<h4 class=\"wp-block-heading has-text-align-center has-very-dark-gray-color has-text-color\"><strong>Protegido contra polvo y agua<\/strong><\/h4>\n\n\n\n<p class=\"has-text-align-center has-very-dark-gray-color has-text-color\">Nuestros transmisores son extremadamente robustos. Algunos cuentan con certificaci\u00f3n IP65 y la mayor\u00eda con certificaci\u00f3n IP67.<\/p>\n<\/div>\n\n\n\n<div class=\"wp-block-column is-layout-flow wp-block-column-is-layout-flow\"><div class=\"wp-block-image\">\n<figure class=\"aligncenter size-large is-resized\"><img loading=\"lazy\" decoding=\"async\" width=\"268\" height=\"374\" src=\"https:\/\/www.tele-radio.com\/app\/uploads\/Certification_2.png\" alt=\"\" class=\"wp-image-68149\" style=\"width:56px;height:78px\"\/><\/figure><\/div>\n\n\n<h4 class=\"wp-block-heading has-text-align-center has-very-dark-gray-color has-text-color\"><strong>Servicio excelente<\/strong><\/h4>\n\n\n\n<p class=\"has-text-align-center has-very-dark-gray-color has-text-color\">Clientes en todo el mundo conf\u00edan en nuestra marca. Ofrecemos un servicio excelente y soluciones a medida.<\/p>\n<\/div>\n<\/div>\n<\/div><\/div>\n\n\n\n<div style=\"height:100px\" aria-hidden=\"true\" class=\"wp-block-spacer\"><\/div>\n\n\n\n<h2 class=\"wp-block-heading has-text-align-center\">APLICACIONES DE CONTROL REMOTO EN MINER\u00cdA, DEMOLICI\u00d3N Y RECICLAJE<\/h2>\n\n\n\n<p class=\"has-text-align-center\"><em>Para ilustrar las posibilidades, aqu\u00ed te mostramos algunos ejemplos de aplicaciones y productos t\u00edpicos:<\/em><\/p>\n\n\n\n<div class=\"wp-block-columns is-layout-flex wp-container-core-columns-is-layout-9d6595d7 wp-block-columns-is-layout-flex\">\n<div class=\"wp-block-column is-layout-flow wp-block-column-is-layout-flow\">\n<div class=\"wp-block-cover is-light\"><span aria-hidden=\"true\" class=\"wp-block-cover__background has-white-background-color has-background-dim-100 has-background-dim\"><\/span><div class=\"wp-block-cover__inner-container is-layout-flow wp-block-cover-is-layout-flow\"><div class=\"wp-block-image is-style-default\">\n<figure class=\"aligncenter size-full\"><img loading=\"lazy\" decoding=\"async\" width=\"64\" height=\"64\" src=\"https:\/\/www.tele-radio.com\/app\/uploads\/bulldozer.png\" alt=\"\" class=\"wp-image-119460\"\/><\/figure><\/div>\n\n\n<p class=\"has-text-align-center has-black-color has-text-color\"><strong>COMPACTADORES<\/strong><\/p>\n\n\n\n<p class=\"has-text-align-center\">Un compactador es una m\u00e1quina utilizada para reducir el tama\u00f1o de materiales, como excedentes o biomasa, mediante la compactaci\u00f3n, facilitando su transporte y posterior reciclaje. Puede ser operado mediante control remoto para garantizar la seguridad del operador.<\/p>\n<\/div><\/div>\n<\/div>\n\n\n\n<div class=\"wp-block-column is-vertically-aligned-top is-layout-flow wp-block-column-is-layout-flow\">\n<div class=\"wp-block-cover is-light\"><span aria-hidden=\"true\" class=\"wp-block-cover__background has-white-background-color has-background-dim-100 has-background-dim\"><\/span><div class=\"wp-block-cover__inner-container is-layout-flow wp-block-cover-is-layout-flow\"><div class=\"wp-block-image is-style-default\">\n<figure class=\"aligncenter size-full is-resized\"><img loading=\"lazy\" decoding=\"async\" width=\"150\" height=\"150\" src=\"https:\/\/www.tele-radio.com\/app\/uploads\/MINING.png\" alt=\"miner\u00eda - mining\" class=\"wp-image-10421\" style=\"width:75px;height:75px\"\/><\/figure><\/div>\n\n\n<p class=\"has-text-align-center has-black-color has-text-color\"><strong>CINTAS TRANSPORTADORAS  DE MINER\u00cdA<\/strong><\/p>\n\n\n\n<p class=\"has-text-align-center\">Existen diversos tipos de cintas transportadoras: tubulares, subterr\u00e1neas, m\u00f3viles, extensibles y reubicables. Son las arterias de una mina y esenciales para el traslado de materiales. Si la cinta transportadora deja de funcionar, la mina entera se detiene. En este tipo de escenarios, un sistema de control remoto confiable es clave.<\/p>\n<\/div><\/div>\n<\/div>\n\n\n\n<div class=\"wp-block-column is-vertically-aligned-top is-layout-flow wp-block-column-is-layout-flow\">\n<div style=\"height:30px\" aria-hidden=\"true\" class=\"wp-block-spacer\"><\/div>\n\n\n<div class=\"wp-block-image is-style-default\">\n<figure class=\"aligncenter size-full is-resized\"><img loading=\"lazy\" decoding=\"async\" width=\"128\" height=\"128\" src=\"https:\/\/www.tele-radio.com\/app\/uploads\/rocks-1.png\" alt=\"rocks - rocas - excavacion\" class=\"wp-image-117921\" style=\"width:64px;height:64px\"\/><\/figure><\/div>\n\n\n<p class=\"has-text-align-center\"><strong>TRITURADORAS DE ROCA<\/strong><\/p>\n\n\n\n<p class=\"has-text-align-center\">Las trituradoras y cribadoras de rocas son m\u00e1quinas que convierten rocas grandes en piezas m\u00e1s peque\u00f1as. Idealmente, son controladas a distancia por un operador para funciones b\u00e1sicas y desplazamientos.<\/p>\n<\/div>\n<\/div>\n\n\n\n<div style=\"height:50px\" aria-hidden=\"true\" class=\"wp-block-spacer\"><\/div>\n\n\n\n<h2 class=\"wp-block-heading has-text-align-center\"><strong>APLICACIONES<\/strong><\/h2>\n\n\n\n<h3 class=\"wp-block-heading has-text-align-center\">Tus requisitos de funcionalidad y seguridad<\/h3>\n\n\n\n<p>El equipo de Tele Radio puede ayudarte a seleccionar el mejor transmisor para tu aplicaci\u00f3n. Ofrecemos diferentes transmisores con caracter\u00edsticas espec\u00edficas. A continuaci\u00f3n, te mostramos tres aspectos esenciales para considerar en tu elecci\u00f3n:<\/p>\n\n\n\n<div class=\"wp-block-media-text alignwide is-stacked-on-mobile is-vertically-aligned-center\" style=\"grid-template-columns:15% auto\"><figure class=\"wp-block-media-text__media\"><img loading=\"lazy\" decoding=\"async\" width=\"404\" height=\"404\" src=\"https:\/\/www.tele-radio.com\/app\/uploads\/Safety_level_2.png\" alt=\"\" class=\"wp-image-68198 size-full\" srcset=\"https:\/\/www.tele-radio.com\/app\/uploads\/Safety_level_2.png 404w, https:\/\/www.tele-radio.com\/app\/uploads\/Safety_level_2-400x400.png 400w, https:\/\/www.tele-radio.com\/app\/uploads\/Safety_level_2-150x150.png 150w, https:\/\/www.tele-radio.com\/app\/uploads\/Safety_level_2-250x250.png 250w\" sizes=\"auto, (max-width: 404px) 100vw, 404px\" \/><\/figure><div class=\"wp-block-media-text__content\">\n<p><strong>Nivel de seguridad<\/strong><\/p>\n\n\n\n<p>Nuestros transmisores cuentan con diferentes certificados de seguridad independientes. Esto significa que la correcta funcionalidad del bot\u00f3n de seguridad ha sido probada y verificada por una entidad externa e independiente. Se recomienda elegir un sistema con certificaci\u00f3n de seguridad independiente si deseas minimizar el riesgo de lesiones al operar maquinaria. Si no hay riesgos de seguridad, puedes optar por un control sin certificaci\u00f3n.<\/p>\n<\/div><\/div>\n\n\n\n<div class=\"wp-block-media-text alignwide is-stacked-on-mobile is-vertically-aligned-center\" style=\"grid-template-columns:15% auto\"><figure class=\"wp-block-media-text__media\"><img loading=\"lazy\" decoding=\"async\" width=\"404\" height=\"404\" src=\"https:\/\/www.tele-radio.com\/app\/uploads\/Control_element_2.png\" alt=\"\" class=\"wp-image-68176 size-full\" srcset=\"https:\/\/www.tele-radio.com\/app\/uploads\/Control_element_2.png 404w, https:\/\/www.tele-radio.com\/app\/uploads\/Control_element_2-400x400.png 400w, https:\/\/www.tele-radio.com\/app\/uploads\/Control_element_2-150x150.png 150w, https:\/\/www.tele-radio.com\/app\/uploads\/Control_element_2-250x250.png 250w\" sizes=\"auto, (max-width: 404px) 100vw, 404px\" \/><\/figure><div class=\"wp-block-media-text__content\">\n<p><strong>Botones o joysticks<\/strong><\/p>\n\n\n\n<p>Un transmisor con botones es m\u00e1s manejable, pero no menos preciso en su control. Por ejemplo, un transmisor con botones de presi\u00f3n proporcional ofrece precisi\u00f3n similar a uno con joystick. Cuanto m\u00e1s se presiona el bot\u00f3n, mayor es el grado de acci\u00f3n. Un transmisor con joystick es m\u00e1s grande, pero permite m\u00e1s opciones de personalizaci\u00f3n con botones especiales, interruptores y palancas.<\/p>\n<\/div><\/div>\n\n\n\n<div class=\"wp-block-media-text alignwide is-stacked-on-mobile\" style=\"grid-template-columns:15% auto\"><figure class=\"wp-block-media-text__media\"><img loading=\"lazy\" decoding=\"async\" width=\"404\" height=\"404\" src=\"https:\/\/www.tele-radio.com\/app\/uploads\/Feedback_2.png\" alt=\"\" class=\"wp-image-68223 size-full\" srcset=\"https:\/\/www.tele-radio.com\/app\/uploads\/Feedback_2.png 404w, https:\/\/www.tele-radio.com\/app\/uploads\/Feedback_2-400x400.png 400w, https:\/\/www.tele-radio.com\/app\/uploads\/Feedback_2-150x150.png 150w, https:\/\/www.tele-radio.com\/app\/uploads\/Feedback_2-250x250.png 250w\" sizes=\"auto, (max-width: 404px) 100vw, 404px\" \/><\/figure><div class=\"wp-block-media-text__content\">\n<p><strong>Informaci\u00f3n de feedback<\/strong><\/p>\n\n\n\n<p>Algunos transmisores pueden recibir informaci\u00f3n desde un receptor. Dependiendo del sistema, esta informaci\u00f3n se muestra a trav\u00e9s de LEDs o una pantalla en el transmisor. Por ejemplo, al operar una gr\u00faa, la pantalla puede mostrar informaci\u00f3n como el peso elevado o se\u00f1ales de advertencia. Esta funci\u00f3n es menos relevante para tareas m\u00e1s sencillas, como encender una torre de luz o activar una bomba.<\/p>\n<\/div><\/div>\n\n\n\n<div style=\"height:50px\" aria-hidden=\"true\" class=\"wp-block-spacer\"><\/div>\n\n\n<div class=\"wp-block-image is-style-default\">\n<figure class=\"aligncenter size-full is-resized\"><img loading=\"lazy\" decoding=\"async\" width=\"698\" height=\"357\" src=\"https:\/\/www.tele-radio.com\/app\/uploads\/Assortiment_2019_zonder_spiegeling_en_schaduw-removebg.png\" alt=\"construction remote control solutions - control remoto para mineria\" class=\"wp-image-141130\" style=\"width:771px;height:394px\" srcset=\"https:\/\/www.tele-radio.com\/app\/uploads\/Assortiment_2019_zonder_spiegeling_en_schaduw-removebg.png 698w, https:\/\/www.tele-radio.com\/app\/uploads\/Assortiment_2019_zonder_spiegeling_en_schaduw-removebg-400x205.png 400w, https:\/\/www.tele-radio.com\/app\/uploads\/Assortiment_2019_zonder_spiegeling_en_schaduw-removebg-500x256.png 500w\" sizes=\"auto, (max-width: 698px) 100vw, 698px\" \/><\/figure><\/div>\n\n\n<p class=\"has-large-font-size\" id=\"info\">Contacto<\/p>\n\n\n\n<div class=\"wp-block-columns is-layout-flex wp-container-core-columns-is-layout-9d6595d7 wp-block-columns-is-layout-flex\">\n<div class=\"wp-block-column is-layout-flow wp-block-column-is-layout-flow\" style=\"flex-basis:66.66%\">\n<div class=\"wp-block-contact-form-7-contact-form-selector\">\n<div class=\"wpcf7 no-js\" id=\"wpcf7-f48972-o1\" lang=\"en-EN\" dir=\"ltr\" data-wpcf7-id=\"48972\">\n<div class=\"screen-reader-response\"><p role=\"status\" aria-live=\"polite\" aria-atomic=\"true\"><\/p> <ul><\/ul><\/div>\n<form action=\"\/la\/wp-json\/wp\/v2\/pages\/230398#wpcf7-f48972-o1\" method=\"post\" class=\"wpcf7-form init\" aria-label=\"Contact form\" novalidate=\"novalidate\" data-status=\"init\">\n<fieldset class=\"hidden-fields-container\"><input type=\"hidden\" name=\"_wpcf7\" value=\"48972\" \/><input type=\"hidden\" name=\"_wpcf7_version\" value=\"6.1\" \/><input type=\"hidden\" name=\"_wpcf7_locale\" value=\"en_EN\" \/><input type=\"hidden\" name=\"_wpcf7_unit_tag\" value=\"wpcf7-f48972-o1\" \/><input type=\"hidden\" name=\"_wpcf7_container_post\" value=\"0\" \/><input type=\"hidden\" name=\"_wpcf7_posted_data_hash\" value=\"\" \/><input type=\"hidden\" name=\"_wpcf7_recaptcha_response\" value=\"\" \/>\n<\/fieldset>\n<p><label> Nombre*<br \/>\n<span class=\"wpcf7-form-control-wrap\" data-name=\"nombre\"><input size=\"40\" maxlength=\"400\" class=\"wpcf7-form-control wpcf7-text wpcf7-validates-as-required\" aria-required=\"true\" aria-invalid=\"false\" placeholder=\"Su nombre\" value=\"\" type=\"text\" name=\"nombre\" \/><\/span> <\/label>\n<\/p>\n<p><label> Email*<br \/>\n<span class=\"wpcf7-form-control-wrap\" data-name=\"tu-email\"><input size=\"40\" maxlength=\"400\" class=\"wpcf7-form-control wpcf7-email wpcf7-validates-as-required wpcf7-text wpcf7-validates-as-email\" aria-required=\"true\" aria-invalid=\"false\" placeholder=\"Su email\" value=\"\" type=\"email\" name=\"tu-email\" \/><\/span> <\/label>\n<\/p>\n<p><label> Tel\u00e9fono*<br \/>\n<span class=\"wpcf7-form-control-wrap\" data-name=\"tu-tfno\"><input size=\"40\" maxlength=\"400\" class=\"wpcf7-form-control wpcf7-tel wpcf7-validates-as-required wpcf7-text wpcf7-validates-as-tel\" aria-required=\"true\" aria-invalid=\"false\" placeholder=\"Tel\u00e9fono de contacto\" value=\"\" type=\"tel\" name=\"tu-tfno\" \/><\/span> <\/label>\n<\/p>\n<p><label> Mensaje*<br \/>\n<span class=\"wpcf7-form-control-wrap\" data-name=\"your-message\"><textarea cols=\"40\" rows=\"10\" maxlength=\"2000\" class=\"wpcf7-form-control wpcf7-textarea wpcf7-validates-as-required\" aria-required=\"true\" aria-invalid=\"false\" placeholder=\"Por favor, escriba aqu\u00ed su consulta o dudas.\" name=\"your-message\"><\/textarea><\/span> <\/label>\n<\/p>\n<p><span class=\"wpcf7-form-control-wrap\" data-name=\"acceptance-322\"><span class=\"wpcf7-form-control wpcf7-acceptance\"><span class=\"wpcf7-list-item\"><label><input type=\"checkbox\" name=\"acceptance-322\" value=\"1\" aria-invalid=\"false\" \/><span class=\"wpcf7-list-item-label\">He le\u00eddo y acepto las <a href=\"https:\/\/www.tele-radio.com\/la\/politica-de-privacidad-y-cookies\/\" target=\"_blank\">condiciones de privacidad<\/a>.*<\/span><\/label><\/span><\/span><\/span>\n<\/p>\n<p><input class=\"wpcf7-form-control wpcf7-submit has-spinner\" type=\"submit\" value=\"Enviar\" \/>\n<\/p><div class=\"wpcf7-response-output\" aria-hidden=\"true\"><\/div>\n<\/form>\n<\/div>\n\r\n\t\t\t\t<script>\r\n\t\t\t\tif ( typeof huOptions !== 'undefined' ) {\r\n\t\t\t\t\tvar huFormData = {\"source\":\"contactform7\",\"id\":48972,\"title\":\"TRLatAm-comercial\",\"fields\":{\"subject\":{\"first_name\":\"your-name\",\"email\":\"your-email\"},\"preferences\":{\"terms\":\"your-consent\"}}};\r\n\t\t\t\t\tvar huFormNode = document.querySelector( '[id^=\"wpcf7-f48972-\"] form' );\r\n\r\n\t\t\t\t\thuFormData['node'] = huFormNode;\r\n\t\t\t\t\thuOptions['forms'].push( huFormData );\r\n\t\t\t\t}\r\n\t\t\t\t<\/script><\/div>\n<\/div>\n\n\n\n<div class=\"wp-block-column is-layout-flow wp-block-column-is-layout-flow\" style=\"flex-basis:33.33%\"><\/div>\n<\/div>\n\n\n\n<div style=\"height:100px\" aria-hidden=\"true\" class=\"wp-block-spacer\"><\/div>\n","protected":false},"excerpt":{"rendered":"<p>CONTROL REMOTO PARA MINER\u00cdA, DEMOLICI\u00d3N Y RECICLAJE Los sistemas de control remoto para miner\u00eda, demolici\u00f3n y reciclaje son imprescindibles para mantener la seguridad y eficiencia de los procesos. A pesar de las condiciones m\u00e1s adversas, siempre puedes contar con una se\u00f1al estable entre el transmisor y el receptor. El mundo de la miner\u00eda, demolici\u00f3n y [&hellip;]<\/p>\n","protected":false},"author":54,"featured_media":0,"parent":0,"menu_order":0,"comment_status":"closed","ping_status":"closed","template":"","meta":{"_acf_changed":false,"footnotes":""},"class_list":["post-230398","page","type-page","status-publish","hentry"],"acf":[],"_links":{"self":[{"href":"https:\/\/www.tele-radio.com\/la\/wp-json\/wp\/v2\/pages\/230398","targetHints":{"allow":["GET"]}}],"collection":[{"href":"https:\/\/www.tele-radio.com\/la\/wp-json\/wp\/v2\/pages"}],"about":[{"href":"https:\/\/www.tele-radio.com\/la\/wp-json\/wp\/v2\/types\/page"}],"author":[{"embeddable":true,"href":"https:\/\/www.tele-radio.com\/la\/wp-json\/wp\/v2\/users\/54"}],"replies":[{"embeddable":true,"href":"https:\/\/www.tele-radio.com\/la\/wp-json\/wp\/v2\/comments?post=230398"}],"version-history":[{"count":2,"href":"https:\/\/www.tele-radio.com\/la\/wp-json\/wp\/v2\/pages\/230398\/revisions"}],"predecessor-version":[{"id":230419,"href":"https:\/\/www.tele-radio.com\/la\/wp-json\/wp\/v2\/pages\/230398\/revisions\/230419"}],"wp:attachment":[{"href":"https:\/\/www.tele-radio.com\/la\/wp-json\/wp\/v2\/media?parent=230398"}],"curies":[{"name":"wp","href":"https:\/\/api.w.org\/{rel}","templated":true}]}}