{"id":228421,"date":"2024-07-12T12:23:54","date_gmt":"2024-07-12T12:23:54","guid":{"rendered":"https:\/\/www.tele-radio.com\/tele-radios-commitment-to-sustainable-practices-continues\/"},"modified":"2024-07-12T12:23:54","modified_gmt":"2024-07-12T12:23:54","slug":"tele-radios-commitment-to-sustainable-practices-continues","status":"publish","type":"page","link":"https:\/\/www.tele-radio.com\/la\/tele-radios-commitment-to-sustainable-practices-continues\/","title":{"rendered":"El compromiso de Tele Radio con pr\u00e1cticas sostenibles contin\u00faa"},"content":{"rendered":"\n<h1 class=\"wp-block-heading\">El compromiso de Tele Radio con pr\u00e1cticas sostenibles contin\u00faa<\/h1>\n\n\n\n<p><em><strong>La empresa matriz de Tele Radio, Allgon Group, public\u00f3 a principios de este a\u00f1o su informe anual y de sostenibilidad para 2023. En este informe se detallan todas las actividades destinadas a maximizar un impacto positivo en el medio ambiente, en el contexto social y a optimizar las operaciones.<\/strong><\/em><\/p>\n\n\n\n<p>Las pr\u00e1cticas sostenibles son una fuerza motriz clave para la organizaci\u00f3n. Por lo tanto, poder medir estos \u00e9xitos es una parte integral de la pol\u00edtica de pr\u00e1cticas de sostenibilidad de la empresa. Basado en la Agenda 2030, un conjunto de objetivos como la transici\u00f3n hacia materiales sostenibles, la inversi\u00f3n en energ\u00edas renovables y la garant\u00eda de la salud y seguridad de los empleados son parte del enfoque integrado que ha adoptado el Grupo Tele Radio para alcanzar sus metas.<\/p>\n\n\n\n<p>Estos est\u00e1ndares tambi\u00e9n han sido corroborados con la renovaci\u00f3n de la certificaci\u00f3n ISO 14001 para sistemas de gesti\u00f3n ambiental en la sede de Tele Radio en Gotemburgo, Suecia.<\/p>\n\n\n\n<p>Ola Samelius, Presidente y CEO de Tele Radio, dijo: \u201cLas pr\u00e1cticas sostenibles son el centro de nuestra organizaci\u00f3n; es un proceso continuo en el que siempre reevaluamos nuestras pr\u00e1cticas actuales para cumplir con los m\u00e1s altos est\u00e1ndares.\u201d En cuanto a la importancia de la certificaci\u00f3n ISO, a\u00f1adi\u00f3: \u201cCreemos que los est\u00e1ndares ISO sirven como una base para la calidad de nuestras pr\u00e1cticas que todos en la organizaci\u00f3n se esfuerzan por alcanzar.\u201d<\/p>\n\n\n\n<div style=\"height:81px\" aria-hidden=\"true\" class=\"wp-block-spacer\"><\/div>\n\n\n<a href=\"https:\/\/www.tele-radio.com\/app\/uploads\/Allgon_Sustainability_Report_2023.pdf\" class=\"pdfemb-viewer\" style=\"\" data-width=\"max\" data-height=\"max\" data-toolbar=\"bottom\" data-toolbar-fixed=\"off\">Allgon_Sustainability_Report_2023<\/a>\n<p class=\"wp-block-pdfemb-pdf-embedder-viewer\"><\/p>\n","protected":false},"excerpt":{"rendered":"<p>El compromiso de Tele Radio con pr\u00e1cticas sostenibles contin\u00faa La empresa matriz de Tele Radio, Allgon Group, public\u00f3 a principios de este a\u00f1o su informe anual y de sostenibilidad para 2023. En este informe se detallan todas las actividades destinadas a maximizar un impacto positivo en el medio ambiente, en el contexto social y a [&hellip;]<\/p>\n","protected":false},"author":29,"featured_media":225635,"parent":0,"menu_order":0,"comment_status":"closed","ping_status":"closed","template":"","meta":{"_acf_changed":false,"footnotes":""},"class_list":["post-228421","page","type-page","status-publish","has-post-thumbnail","hentry"],"acf":[],"_links":{"self":[{"href":"https:\/\/www.tele-radio.com\/la\/wp-json\/wp\/v2\/pages\/228421","targetHints":{"allow":["GET"]}}],"collection":[{"href":"https:\/\/www.tele-radio.com\/la\/wp-json\/wp\/v2\/pages"}],"about":[{"href":"https:\/\/www.tele-radio.com\/la\/wp-json\/wp\/v2\/types\/page"}],"author":[{"embeddable":true,"href":"https:\/\/www.tele-radio.com\/la\/wp-json\/wp\/v2\/users\/29"}],"replies":[{"embeddable":true,"href":"https:\/\/www.tele-radio.com\/la\/wp-json\/wp\/v2\/comments?post=228421"}],"version-history":[{"count":0,"href":"https:\/\/www.tele-radio.com\/la\/wp-json\/wp\/v2\/pages\/228421\/revisions"}],"wp:featuredmedia":[{"embeddable":true,"href":"https:\/\/www.tele-radio.com\/la\/wp-json\/wp\/v2\/media\/225635"}],"wp:attachment":[{"href":"https:\/\/www.tele-radio.com\/la\/wp-json\/wp\/v2\/media?parent=228421"}],"curies":[{"name":"wp","href":"https:\/\/api.w.org\/{rel}","templated":true}]}}