{"id":228414,"date":"2024-08-29T12:18:32","date_gmt":"2024-08-29T12:18:32","guid":{"rendered":"https:\/\/www.tele-radio.com\/qts-leading-contractors-in-the-british-railway-industry\/"},"modified":"2024-08-29T12:18:32","modified_gmt":"2024-08-29T12:18:32","slug":"qts-leading-contractors-in-the-british-railway-industry","status":"publish","type":"page","link":"https:\/\/www.tele-radio.com\/la\/qts-leading-contractors-in-the-british-railway-industry\/","title":{"rendered":"QTS \u2013 Contratista L\u00edder en la Industria Ferroviaria Brit\u00e1nica"},"content":{"rendered":"\n<div style=\"height:141px\" aria-hidden=\"true\" class=\"wp-block-spacer\"><\/div>\n\n\n\n<h1 class=\"wp-block-heading has-text-align-center has-white-color has-black-background-color has-text-color has-background has-link-color has-x-large-font-size wp-elements-3e1867f848ddd4a7cd4490b6bbfb04fd\">QTS \u2013 Contratista L\u00edder en la Industria Ferroviaria Brit\u00e1nica<\/h1>\n\n\n\n<div class=\"wp-block-columns is-layout-flex wp-container-core-columns-is-layout-9d6595d7 wp-block-columns-is-layout-flex\">\n<div class=\"wp-block-column is-layout-flow wp-block-column-is-layout-flow\" style=\"flex-basis:250px\"><\/div>\n\n\n\n<div class=\"wp-block-column is-layout-flow wp-block-column-is-layout-flow\">\n<figure class=\"wp-block-embed is-type-video is-provider-youtube wp-block-embed-youtube wp-embed-aspect-16-9 wp-has-aspect-ratio\"><div class=\"wp-block-embed__wrapper\">\n<iframe loading=\"lazy\" title=\"QTS &amp; Tele Radio - Implementing Remote Controls\" width=\"500\" height=\"281\" src=\"https:\/\/www.youtube.com\/embed\/c6WVDuXyIF4?feature=oembed\" frameborder=\"0\" allow=\"accelerometer; autoplay; clipboard-write; encrypted-media; gyroscope; picture-in-picture; web-share\" referrerpolicy=\"strict-origin-when-cross-origin\" allowfullscreen><\/iframe>\n<\/div><\/figure>\n<\/div>\n\n\n\n<div class=\"wp-block-column is-layout-flow wp-block-column-is-layout-flow\" style=\"flex-basis:80px\"><\/div>\n<\/div>\n\n\n\n<div class=\"wp-block-group is-vertical is-content-justification-stretch is-layout-flex wp-container-core-group-is-layout-b16ad781 wp-block-group-is-layout-flex\">\n<h2 class=\"wp-block-heading has-text-align-left has-large-font-size\"><strong>Condiciones de trabajo m\u00e1s seguras, mayor eficiencia operativa<\/strong><\/h2>\n\n\n\n<p class=\"has-medium-font-size wp-container-content-9cfa9a5a\">QTS, un contratista l\u00edder en la industria ferroviaria brit\u00e1nica, contribuye al mantenimiento del sistema ferroviario del pa\u00eds. QTS se especializa en ingenier\u00eda civil, gesti\u00f3n de vegetaci\u00f3n, drenaje y limpieza de v\u00edas, cercado, electrificaci\u00f3n, superficies t\u00e1ctiles, acceso mediante cuerdas IRATA y alquiler de flota de maquinaria especializada.<\/p>\n\n\n\n<p class=\"has-medium-font-size wp-container-content-9cfa9a5a\">La empresa se asoci\u00f3 con Tele Radio para desarrollar una soluci\u00f3n de control remoto para una selecci\u00f3n de sus m\u00e1quinas. Al hacerlo, QTS mejor\u00f3 significativamente la seguridad del personal y la eficiencia operativa.<\/p>\n\n\n\n<p class=\"has-medium-font-size wp-container-content-9cfa9a5a\">Tele Radio adapt\u00f3 su l\u00ednea de controles remotos TEQ a las caracter\u00edsticas espec\u00edficas de la maquinaria pesada de QTS, que ahora se opera desde un paquete compacto y \u00fanico.\u00a0 \u00a0<\/p>\n<\/div>\n\n\n\n<div style=\"height:100px\" aria-hidden=\"true\" class=\"wp-block-spacer\"><\/div>\n\n\n\n<h3 class=\"wp-block-heading has-large-font-size\"><strong>\u00bfPor qu\u00e9 control remoto?<\/strong><\/h3>\n\n\n\n<p class=\"has-medium-font-size\"><strong>Eficiencia \u2013 <\/strong>Un importante n\u00famero de funciones en las m\u00e1quinas de QTS, cuando se operan directamente o desde un mando con cable, requieren que el operador camine hacia y desde la m\u00e1quina. Un control remoto agrupa todas las funciones en un solo paquete, ahorrando a los operadores el tiempo previamente dedicado a desplazarse hacia y desde las m\u00e1quinas.<\/p>\n\n\n\n<p class=\"has-medium-font-size\"><strong>Seguridad \u2013 <\/strong>Para garantizar la seguridad de los trabajadores, el personal de QTS sigue estrictos procedimientos de seguridad. Una soluci\u00f3n inal\u00e1mbrica introduce un nivel adicional de protecci\u00f3n: los operadores se mantienen a distancia de las m\u00e1quinas, lo que reduce significativamente el riesgo de accidentes, mientras mejoran su visibilidad de lo que est\u00e1 sucediendo. La l\u00ednea TEQ de Tele Radio cuenta con la certificaci\u00f3n PLe CAT 3.<\/p>\n\n\n\n<div style=\"height:100px\" aria-hidden=\"true\" class=\"wp-block-spacer\"><\/div>\n\n\n\n<h2 class=\"wp-block-heading has-large-font-size\"><strong>Flexibilidad<\/strong><\/h2>\n\n\n\n<p class=\"has-medium-font-size\">QTS opt\u00f3 por una versi\u00f3n personalizada de la l\u00ednea TEQ de Tele Radio debido a la flexibilidad que ofrec\u00eda. Desde el principio, Tele Radio fue capaz de comprender los desaf\u00edos de QTS y responder con equipos dise\u00f1ados para abordar esos retos. A medida que las circunstancias cambiaban, Tele Radio adapt\u00f3 continuamente sus dise\u00f1os para mantener a QTS en el buen camino.<\/p>\n\n\n\n<p class=\"has-medium-font-size\">Marcus Edwards, Supervisor de Cumplimiento de Maquinaria y Proyectos Especiales en QTS Group, dijo: \u201cElegimos Tele Radio porque necesit\u00e1bamos que los controles remotos realizaran una variedad de funciones.\u201d La l\u00ednea TEQ de Tele Radio es la elecci\u00f3n por excelencia para la integraci\u00f3n de una amplia variedad de funciones, incluidas entradas, salidas y retroalimentaci\u00f3n, en un solo paquete.<\/p>\n\n\n\n<pre class=\"wp-block-code\"><code>\n<\/code><\/pre>\n\n\n\n<pre class=\"wp-block-code\"><code><\/code><\/pre>\n","protected":false},"excerpt":{"rendered":"<p>QTS \u2013 Contratista L\u00edder en la Industria Ferroviaria Brit\u00e1nica Condiciones de trabajo m\u00e1s seguras, mayor eficiencia operativa QTS, un contratista l\u00edder en la industria ferroviaria brit\u00e1nica, contribuye al mantenimiento del sistema ferroviario del pa\u00eds. QTS se especializa en ingenier\u00eda civil, gesti\u00f3n de vegetaci\u00f3n, drenaje y limpieza de v\u00edas, cercado, electrificaci\u00f3n, superficies t\u00e1ctiles, acceso mediante cuerdas [&hellip;]<\/p>\n","protected":false},"author":29,"featured_media":227674,"parent":0,"menu_order":0,"comment_status":"closed","ping_status":"closed","template":"","meta":{"_acf_changed":false,"footnotes":""},"class_list":["post-228414","page","type-page","status-publish","has-post-thumbnail","hentry"],"acf":[],"_links":{"self":[{"href":"https:\/\/www.tele-radio.com\/la\/wp-json\/wp\/v2\/pages\/228414","targetHints":{"allow":["GET"]}}],"collection":[{"href":"https:\/\/www.tele-radio.com\/la\/wp-json\/wp\/v2\/pages"}],"about":[{"href":"https:\/\/www.tele-radio.com\/la\/wp-json\/wp\/v2\/types\/page"}],"author":[{"embeddable":true,"href":"https:\/\/www.tele-radio.com\/la\/wp-json\/wp\/v2\/users\/29"}],"replies":[{"embeddable":true,"href":"https:\/\/www.tele-radio.com\/la\/wp-json\/wp\/v2\/comments?post=228414"}],"version-history":[{"count":0,"href":"https:\/\/www.tele-radio.com\/la\/wp-json\/wp\/v2\/pages\/228414\/revisions"}],"wp:featuredmedia":[{"embeddable":true,"href":"https:\/\/www.tele-radio.com\/la\/wp-json\/wp\/v2\/media\/227674"}],"wp:attachment":[{"href":"https:\/\/www.tele-radio.com\/la\/wp-json\/wp\/v2\/media?parent=228414"}],"curies":[{"name":"wp","href":"https:\/\/api.w.org\/{rel}","templated":true}]}}