{"id":87985,"date":"2020-02-06T10:34:28","date_gmt":"2020-02-06T10:34:28","guid":{"rendered":"https:\/\/www.tele-radio.com\/volvo-trucks-reus-fleming-tele-radio\/"},"modified":"2023-11-24T10:54:27","modified_gmt":"2023-11-24T10:54:27","slug":"volvo-kamioni-reus-fleming","status":"publish","type":"page","link":"https:\/\/www.tele-radio.com\/hr\/volvo-kamioni-reus-fleming\/","title":{"rendered":"Volvo Reus Fleming"},"content":{"rendered":"<h1 style=\"text-align: left;\">Volvo Reus Fleming<\/h1>\n<p><img loading=\"lazy\" decoding=\"async\" class=\"wp-image-32135 size-medium alignright\" style=\"box-shadow: 0 4px 8px 0 rgba(0, 0, 0, 0.2), 0 6px 20px 0 rgba(0, 0, 0, 0.19); margin-left: 70px;\" src=\"https:\/\/www.tele-radio.com\/app\/uploads\/\/colaboracion-remoto-control-volvo-tele-radio-338x400.jpg\" alt=\"\" width=\"338\" height=\"400\" srcset=\"https:\/\/www.tele-radio.com\/app\/uploads\/colaboracion-remoto-control-volvo-tele-radio-338x400.jpg 338w, https:\/\/www.tele-radio.com\/app\/uploads\/colaboracion-remoto-control-volvo-tele-radio-423x500.jpg 423w, https:\/\/www.tele-radio.com\/app\/uploads\/colaboracion-remoto-control-volvo-tele-radio.jpg 507w\" sizes=\"auto, (max-width: 338px) 100vw, 338px\" \/><\/p>\n<p>Reus Fleming, S.A. je slu\u017ebeni ovla\u0161teni Volvo zastupnik u Kataloniji, \u0160panjolska za sljede\u0107e pokrajine: &nbsp;Tarragona, Lleida, Huesca i Teruel. Njihov odnos s kupcima najve\u0107i je moto poslovanja, stoga se prilago\u0111avaju zahtjevima kupaca i izlaze iz okvira standarda kada je potreban tehnolo\u0161ki izazov. Njihov fokus je pru\u017eiti izvanrednu uslugu i podr\u0161ku u svakoj situaciji, bez obzira na njezinu slo\u017eenost.<\/p>\n<h2>Prekretnica na Iberskom tr\u017ei\u0161tu<\/h2>\n<p>Zahvaljuju\u0107i bliskoj suradnji s Tele Radijem, Volvo Reus Fleming napravio je izvrstan posao da po prvi put u \u0160panjolskoj i Portugalu uspje\u0161no ugraditi inovativni Volvo Dynamic Steering, uklju\u010duju\u0107i EXSTER varijantu, koja omogu\u0107uje be\u017ei\u010dno povezivanje s <strong>Tele Radio daljinskim upravlja\u010dem.<\/strong><\/p>\n<p>Ovo rje\u0161avanje je implementirano uzimaju\u0107i u obzir sigurnost kao primarni cilj. Volvo i Tele Radio, oba sa sjedi\u0161tem u Goteborgu (\u0160vedska), uvijek usredoto\u010duju svoje napore na razvoj sigurnih i ergonomskih inovacija<\/p>\n<p><img loading=\"lazy\" decoding=\"async\" class=\"alignleft size-full wp-image-32229\" style=\"box-shadow: 0 4px 8px 0 rgba(0, 0, 0, 0.2), 0 6px 20px 0 rgba(0, 0, 0, 0.19); margin-right: 70px;\" src=\"https:\/\/www.tele-radio.com\/app\/uploads\/remote-for-volvo-truck-tele-radio-sm-2.jpg\" alt=\"\" width=\"500\" height=\"317\" srcset=\"https:\/\/www.tele-radio.com\/app\/uploads\/remote-for-volvo-truck-tele-radio-sm-2.jpg 500w, https:\/\/www.tele-radio.com\/app\/uploads\/remote-for-volvo-truck-tele-radio-sm-2-400x254.jpg 400w\" sizes=\"auto, (max-width: 500px) 100vw, 500px\" \/><\/p>\n<h2><\/h2>\n<h2><\/h2>\n<h2><\/h2>\n<h2><\/h2>\n<h2><\/h2>\n<h2>Aplikacije<\/h2>\n<p>Volvo kamion model FH 500 8\u00d72 s funkcijama karoserije tvrtke Cubas Segre odabran je za korisnika kako bi pobolj\u0161ao svoj svakodnevni rad na utovaru\/istovaru hrane za stoku, kao i njezin prijevoz do razli\u010ditih farmi.<\/p>\n<p>Ovo rje\u0161enje pru\u017ea <strong>zna\u010dajno pobolj\u0161anje sigurnosti<\/strong>, budu\u0107i da pove\u0107ava vizualni otvor za korisnika zahvaljuju\u0107i mogu\u0107nosti upravljanja kamionom izvana. Osim toga, \u010dini se ergonomi\u010dnijim kada se izbjegava potreba da se penje i sila s kamiona nekoliko puta dnevno (nekih desetak) ovisno o radnom optere\u0107enju. U\u010dinkovitost rezultira pobolj\u0161anjem produktivnosti i zna\u010dajnim smanjenjem umora pri svakodnevnom radu.<\/p>\n<h2><\/h2>\n<h2 style=\"text-align: center;\">Video i slike<\/h2>\n<div style=\"width: 1280px;\" class=\"wp-video\"><!--[if lt IE 9]><script>document.createElement('video');<\/script><![endif]-->\n<video class=\"wp-video-shortcode\" id=\"video-87985-1\" width=\"1280\" height=\"720\" preload=\"metadata\" controls=\"controls\"><source type=\"video\/mp4\" src=\"https:\/\/www.tele-radio.com\/app\/uploads\/cliente-cubas-segre-control-remoto-volvo.mp4?_=1\" \/><a href=\"https:\/\/www.tele-radio.com\/app\/uploads\/cliente-cubas-segre-control-remoto-volvo.mp4\">https:\/\/www.tele-radio.com\/app\/uploads\/cliente-cubas-segre-control-remoto-volvo.mp4<\/a><\/video><\/div>\n<p><a href=\"https:\/\/www.tele-radio.com\/hr\/volvo-kamioni-reus-fleming\/volvo-trucks-remote-control-segre-1-2\/\" rel=\"attachment wp-att-32852\"><img loading=\"lazy\" decoding=\"async\" class=\"alignleft wp-image-32852 size-full\" src=\"https:\/\/www.tele-radio.com\/app\/uploads\/volvo-trucks-remote-control-segre-1.jpg\" alt=\"\" width=\"1200\" height=\"675\" srcset=\"https:\/\/www.tele-radio.com\/app\/uploads\/volvo-trucks-remote-control-segre-1.jpg 1200w, https:\/\/www.tele-radio.com\/app\/uploads\/volvo-trucks-remote-control-segre-1-400x225.jpg 400w, https:\/\/www.tele-radio.com\/app\/uploads\/volvo-trucks-remote-control-segre-1-768x432.jpg 768w, https:\/\/www.tele-radio.com\/app\/uploads\/volvo-trucks-remote-control-segre-1-750x422.jpg 750w, https:\/\/www.tele-radio.com\/app\/uploads\/volvo-trucks-remote-control-segre-1-500x281.jpg 500w, https:\/\/www.tele-radio.com\/app\/uploads\/volvo-trucks-remote-control-segre-1-800x450.jpg 800w\" sizes=\"auto, (max-width: 1200px) 100vw, 1200px\" \/><\/a> <a href=\"https:\/\/www.tele-radio.com\/hr\/volvo-kamioni-reus-fleming\/volvo-trucks-remote-control-segre-2-2\/\" rel=\"attachment wp-att-32872\"><img loading=\"lazy\" decoding=\"async\" class=\"alignleft wp-image-32872 size-full\" src=\"https:\/\/www.tele-radio.com\/app\/uploads\/volvo-trucks-remote-control-segre-2.jpg\" alt=\"\" width=\"1200\" height=\"728\" srcset=\"https:\/\/www.tele-radio.com\/app\/uploads\/volvo-trucks-remote-control-segre-2.jpg 1200w, https:\/\/www.tele-radio.com\/app\/uploads\/volvo-trucks-remote-control-segre-2-400x243.jpg 400w, https:\/\/www.tele-radio.com\/app\/uploads\/volvo-trucks-remote-control-segre-2-768x466.jpg 768w, https:\/\/www.tele-radio.com\/app\/uploads\/volvo-trucks-remote-control-segre-2-750x455.jpg 750w, https:\/\/www.tele-radio.com\/app\/uploads\/volvo-trucks-remote-control-segre-2-500x303.jpg 500w, https:\/\/www.tele-radio.com\/app\/uploads\/volvo-trucks-remote-control-segre-2-800x485.jpg 800w\" sizes=\"auto, (max-width: 1200px) 100vw, 1200px\" \/><\/a><\/p>\n","protected":false},"excerpt":{"rendered":"<p>Volvo Reus Fleming Reus Fleming, S.A. je slu\u017ebeni ovla\u0161teni Volvo zastupnik u Kataloniji, \u0160panjolska za sljede\u0107e pokrajine: &nbsp;Tarragona, Lleida, Huesca i Teruel. Njihov odnos s kupcima najve\u0107i je moto poslovanja, stoga se prilago\u0111avaju zahtjevima kupaca i izlaze iz okvira standarda kada je potreban tehnolo\u0161ki izazov. Njihov fokus je pru\u017eiti izvanrednu uslugu i podr\u0161ku u svakoj [&hellip;]<\/p>\n","protected":false},"author":54,"featured_media":32831,"parent":0,"menu_order":0,"comment_status":"closed","ping_status":"closed","template":"","meta":{"_acf_changed":false,"footnotes":""},"class_list":["post-87985","page","type-page","status-publish","has-post-thumbnail","hentry"],"acf":[],"_links":{"self":[{"href":"https:\/\/www.tele-radio.com\/hr\/wp-json\/wp\/v2\/pages\/87985","targetHints":{"allow":["GET"]}}],"collection":[{"href":"https:\/\/www.tele-radio.com\/hr\/wp-json\/wp\/v2\/pages"}],"about":[{"href":"https:\/\/www.tele-radio.com\/hr\/wp-json\/wp\/v2\/types\/page"}],"author":[{"embeddable":true,"href":"https:\/\/www.tele-radio.com\/hr\/wp-json\/wp\/v2\/users\/54"}],"replies":[{"embeddable":true,"href":"https:\/\/www.tele-radio.com\/hr\/wp-json\/wp\/v2\/comments?post=87985"}],"version-history":[{"count":3,"href":"https:\/\/www.tele-radio.com\/hr\/wp-json\/wp\/v2\/pages\/87985\/revisions"}],"predecessor-version":[{"id":168209,"href":"https:\/\/www.tele-radio.com\/hr\/wp-json\/wp\/v2\/pages\/87985\/revisions\/168209"}],"wp:featuredmedia":[{"embeddable":true,"href":"https:\/\/www.tele-radio.com\/hr\/wp-json\/wp\/v2\/media\/32831"}],"wp:attachment":[{"href":"https:\/\/www.tele-radio.com\/hr\/wp-json\/wp\/v2\/media?parent=87985"}],"curies":[{"name":"wp","href":"https:\/\/api.w.org\/{rel}","templated":true}]}}