{"id":85529,"date":"2021-07-26T09:59:57","date_gmt":"2021-07-26T09:59:57","guid":{"rendered":"https:\/\/www.tele-radio.com\/zastosowania\/"},"modified":"2021-11-12T12:03:55","modified_gmt":"2021-11-12T12:03:55","slug":"primjena","status":"publish","type":"page","link":"https:\/\/www.tele-radio.com\/hr\/primjena\/","title":{"rendered":"Primjena"},"content":{"rendered":"\n<h1 class=\"wp-block-heading\">Primjena<\/h1>\n\n\n\n<p>Tele Radio sustavi koriste se u mnogim industrijama u kojima su ergonomija, pouzdanost i sigurnost odlu\u010duju\u0107i \u010dimbenici. U nastavku donosimo odabrane aplikacije i primjere rje\u0161enja za radio upravljanje. Primjeri primjena su vidljivi klikom na zadanu kategoriju.<\/p>\n\n\n\n<p> Ako imate bilo kakvih pitanja ili nedoumica u vezi s Tele Radio proizvodima, <a href=\"https:\/\/www.tele-radio.com\/hr\/kontakt\/\">kontaktirajte nas<\/a> . <\/p>\n\n\n\n<div style=\"height:20px\" aria-hidden=\"true\" class=\"wp-block-spacer\"><\/div>\n\n\n\n<div class=\"wp-block-columns is-layout-flex wp-container-core-columns-is-layout-9d6595d7 wp-block-columns-is-layout-flex\">\n<div class=\"wp-block-column is-vertically-aligned-top is-layout-flow wp-block-column-is-layout-flow\">\n<div class=\"wp-block-cover has-background-dim-30 has-background-dim\"><img loading=\"lazy\" decoding=\"async\" width=\"1800\" height=\"1201\" class=\"wp-block-cover__image-background wp-image-73325\" alt=\"\" src=\"https:\/\/www.tele-radio.com\/app\/uploads\/svedoliver130900107-e1628082838753.jpg\" data-object-fit=\"cover\"\/><div class=\"wp-block-cover__inner-container is-layout-flow wp-block-cover-is-layout-flow\">\n<div class=\"wp-block-image\"><figure class=\"aligncenter size-full\"><img loading=\"lazy\" decoding=\"async\" width=\"150\" height=\"150\" src=\"https:\/\/www.tele-radio.com\/app\/uploads\/suwnica-bialy.png\" alt=\"\" class=\"wp-image-84806\"\/><\/figure><\/div>\n\n\n\n<div class=\"wp-block-buttons is-content-justification-center is-layout-flex wp-block-buttons-is-layout-flex\">\n<div class=\"wp-block-button is-style-fill\"><a class=\"wp-block-button__link has-very-dark-gray-color has-luminous-vivid-amber-background-color has-text-color has-background\" href=\"https:\/\/www.tele-radio.com\/pl\/zastosowania\/sterowanie-radiowe-urzadzenia-transportu-bliskiego\/\" style=\"border-radius:10px\"><strong>Dizali\u010dne aplikacije<\/strong><\/a><\/div>\n<\/div>\n<\/div><\/div>\n<\/div>\n\n\n\n<div class=\"wp-block-column is-layout-flow wp-block-column-is-layout-flow\" style=\"flex-basis:0.1%\">\n<div style=\"height:20px\" aria-hidden=\"true\" class=\"wp-block-spacer\"><\/div>\n\n\n\n<p><\/p>\n<\/div>\n\n\n\n<div class=\"wp-block-column is-vertically-aligned-top is-layout-flow wp-block-column-is-layout-flow\">\n<div class=\"wp-block-cover aligncenter has-background-dim-40 has-background-dim\"><img decoding=\"async\" class=\"wp-block-cover__image-background wp-image-71853\" alt=\"\" src=\"https:\/\/www.tele-radio.com\/app\/uploads\/39546080_l-1.jpg\" style=\"object-position:41% 62%\" data-object-fit=\"cover\" data-object-position=\"41% 62%\"\/><div class=\"wp-block-cover__inner-container is-layout-flow wp-block-cover-is-layout-flow\">\n<div class=\"wp-block-image\"><figure class=\"aligncenter size-thumbnail\"><img loading=\"lazy\" decoding=\"async\" width=\"150\" height=\"150\" src=\"https:\/\/www.tele-radio.com\/app\/uploads\/\/pomoc-drogowa-bia\u0142y-150x150.png\" alt=\"\" class=\"wp-image-71619\"\/><\/figure><\/div>\n\n\n\n<div class=\"wp-block-buttons is-content-justification-center is-layout-flex wp-block-buttons-is-layout-flex\">\n<div class=\"wp-block-button\"><a class=\"wp-block-button__link has-very-dark-gray-color has-luminous-vivid-amber-background-color has-text-color has-background\" href=\"https:\/\/www.tele-radio.com\/pl\/zastosowania\/sterowanie-radiowe-pojazdy-specjalne-i-specjalizowane\/\" style=\"border-radius:10px\"><strong>Specijalne nadogradnje<\/strong> <strong>vozila<\/strong><\/a><\/div>\n<\/div>\n<\/div><\/div>\n\n\n\n<p><\/p>\n<\/div>\n\n\n\n<div class=\"wp-block-column is-layout-flow wp-block-column-is-layout-flow\" style=\"flex-basis:0.1%\">\n<div style=\"height:20px\" aria-hidden=\"true\" class=\"wp-block-spacer\"><\/div>\n\n\n\n<p><\/p>\n<\/div>\n\n\n\n<div class=\"wp-block-column is-vertically-aligned-top is-layout-flow wp-block-column-is-layout-flow\">\n<div class=\"wp-block-cover aligncenter has-background-dim-30 has-background-dim\"><img loading=\"lazy\" decoding=\"async\" width=\"1800\" height=\"1201\" class=\"wp-block-cover__image-background wp-image-74693\" alt=\"\" src=\"https:\/\/www.tele-radio.com\/app\/uploads\/39604194_l-e1628082585918.jpg\" data-object-fit=\"cover\"\/><div class=\"wp-block-cover__inner-container is-layout-flow wp-block-cover-is-layout-flow\">\n<div class=\"wp-block-image\"><figure class=\"aligncenter size-large\"><img loading=\"lazy\" decoding=\"async\" width=\"150\" height=\"150\" src=\"https:\/\/www.tele-radio.com\/app\/uploads\/cia\u0328gnik-bia\u0142y.png\" alt=\"\" class=\"wp-image-73760\"\/><\/figure><\/div>\n\n\n\n<div class=\"wp-block-buttons is-content-justification-center is-layout-flex wp-block-buttons-is-layout-flex\">\n<div class=\"wp-block-button\"><a class=\"wp-block-button__link has-very-dark-gray-color has-luminous-vivid-amber-background-color has-text-color has-background\" href=\"https:\/\/www.tele-radio.com\/pl\/zastosowania\/sterowanie-radiowe-maszyny-rolnicze\/\" style=\"border-radius:10px\"><strong>Poljoprivreda i \u0161umarstvo<\/strong><\/a><\/div>\n<\/div>\n<\/div><\/div>\n\n\n\n<p><\/p>\n<\/div>\n<\/div>\n\n\n\n<div style=\"height:20px\" aria-hidden=\"true\" class=\"wp-block-spacer\"><\/div>\n\n\n\n<div class=\"wp-block-columns is-layout-flex wp-container-core-columns-is-layout-9d6595d7 wp-block-columns-is-layout-flex\">\n<div class=\"wp-block-column is-vertically-aligned-top is-layout-flow wp-block-column-is-layout-flow\">\n<div class=\"wp-block-cover has-background-dim-30 has-background-dim\"><img loading=\"lazy\" decoding=\"async\" width=\"1800\" height=\"1200\" class=\"wp-block-cover__image-background wp-image-75507\" alt=\"\" src=\"https:\/\/www.tele-radio.com\/app\/uploads\/lasercutter-scaled-e1628081434598.jpg\" data-object-fit=\"cover\"\/><div class=\"wp-block-cover__inner-container is-layout-flow wp-block-cover-is-layout-flow\">\n<div class=\"wp-block-image\"><figure class=\"aligncenter size-large\"><img loading=\"lazy\" decoding=\"async\" width=\"151\" height=\"150\" src=\"https:\/\/www.tele-radio.com\/app\/uploads\/cnc-bia\u0142y.png\" alt=\"\" class=\"wp-image-75979\"\/><\/figure><\/div>\n\n\n\n<div class=\"wp-block-buttons is-content-justification-center is-layout-flex wp-block-buttons-is-layout-flex\">\n<div class=\"wp-block-button is-style-fill\"><a class=\"wp-block-button__link has-very-dark-gray-color has-luminous-vivid-amber-background-color has-text-color has-background\" href=\"https:\/\/www.tele-radio.com\/pl\/zastosowania\/sterowanie-radiowe-maszyny-przemyslowe\/\" style=\"border-radius:10px\"><strong>Industrijski strojevi<\/strong><\/a><\/div>\n<\/div>\n<\/div><\/div>\n\n\n\n<p><\/p>\n<\/div>\n\n\n\n<div class=\"wp-block-column is-layout-flow wp-block-column-is-layout-flow\" style=\"flex-basis:0.1%\">\n<div style=\"height:20px\" aria-hidden=\"true\" class=\"wp-block-spacer\"><\/div>\n\n\n\n<p><\/p>\n<\/div>\n\n\n\n<div class=\"wp-block-column is-vertically-aligned-top is-layout-flow wp-block-column-is-layout-flow\">\n<div class=\"wp-block-cover aligncenter has-background-dim-40 has-background-dim\"><img loading=\"lazy\" decoding=\"async\" width=\"1800\" height=\"1200\" class=\"wp-block-cover__image-background wp-image-76348\" alt=\"\" src=\"https:\/\/www.tele-radio.com\/app\/uploads\/AdobeStock_128964970-scaled-e1628234382627.jpeg\" style=\"object-position:51% 53%\" data-object-fit=\"cover\" data-object-position=\"51% 53%\"\/><div class=\"wp-block-cover__inner-container is-layout-flow wp-block-cover-is-layout-flow\">\n<div class=\"wp-block-image\"><figure class=\"aligncenter size-full\"><img loading=\"lazy\" decoding=\"async\" width=\"150\" height=\"150\" src=\"https:\/\/www.tele-radio.com\/app\/uploads\/magazyn-bia\u0142y.png\" alt=\"\" class=\"wp-image-76113\"\/><\/figure><\/div>\n\n\n\n<div class=\"wp-block-buttons is-content-justification-center is-layout-flex wp-block-buttons-is-layout-flex\">\n<div class=\"wp-block-button\"><a class=\"wp-block-button__link has-very-dark-gray-color has-luminous-vivid-amber-background-color has-text-color has-background\" href=\"https:\/\/www.tele-radio.com\/pl\/zastosowania\/sterowanie-radiowe-maszyny-magazynowe\/\" style=\"border-radius:10px\"><strong>Logistika<\/strong><\/a><\/div>\n<\/div>\n<\/div><\/div>\n\n\n\n<p><\/p>\n<\/div>\n\n\n\n<div class=\"wp-block-column is-layout-flow wp-block-column-is-layout-flow\" style=\"flex-basis:0.1%\">\n<div style=\"height:20px\" aria-hidden=\"true\" class=\"wp-block-spacer\"><\/div>\n\n\n\n<p><\/p>\n<\/div>\n\n\n\n<div class=\"wp-block-column is-vertically-aligned-top is-layout-flow wp-block-column-is-layout-flow\">\n<div class=\"wp-block-cover aligncenter has-background-dim-20 has-background-dim\"><img loading=\"lazy\" decoding=\"async\" width=\"1800\" height=\"1170\" class=\"wp-block-cover__image-background wp-image-76178\" alt=\"\" src=\"https:\/\/www.tele-radio.com\/app\/uploads\/6154662_l-e1628172963299.jpg\" style=\"object-position:100% 49%\" data-object-fit=\"cover\" data-object-position=\"100% 49%\"\/><div class=\"wp-block-cover__inner-container is-layout-flow wp-block-cover-is-layout-flow\">\n<div class=\"wp-block-image\"><figure class=\"aligncenter size-large\"><img loading=\"lazy\" decoding=\"async\" width=\"150\" height=\"150\" src=\"https:\/\/www.tele-radio.com\/app\/uploads\/koparka-bia\u0142y.png\" alt=\"\" class=\"wp-image-76317\"\/><\/figure><\/div>\n\n\n\n<div class=\"wp-block-buttons is-content-justification-center is-layout-flex wp-block-buttons-is-layout-flex\">\n<div class=\"wp-block-button\"><a class=\"wp-block-button__link has-very-dark-gray-color has-luminous-vivid-amber-background-color has-text-color has-background\" href=\"https:\/\/www.tele-radio.com\/pl\/zastosowania\/sterowanie-radiowe-budownictwo\/\" style=\"border-radius:10px\"><strong>Gra\u0111evina<\/strong><\/a><\/div>\n<\/div>\n<\/div><\/div>\n\n\n\n<p><\/p>\n<\/div>\n<\/div>\n\n\n\n<div style=\"height:20px\" aria-hidden=\"true\" class=\"wp-block-spacer\"><\/div>\n\n\n\n<div class=\"wp-block-columns is-layout-flex wp-container-core-columns-is-layout-9d6595d7 wp-block-columns-is-layout-flex\">\n<div class=\"wp-block-column is-vertically-aligned-top is-layout-flow wp-block-column-is-layout-flow\">\n<div class=\"wp-block-cover has-background-dim-20 has-background-dim\"><img loading=\"lazy\" decoding=\"async\" width=\"1800\" height=\"1200\" class=\"wp-block-cover__image-background wp-image-80617\" alt=\"\" src=\"https:\/\/www.tele-radio.com\/app\/uploads\/AdobeStock_421698546.jpg\" data-object-fit=\"cover\" srcset=\"https:\/\/www.tele-radio.com\/app\/uploads\/AdobeStock_421698546.jpg 1800w, https:\/\/www.tele-radio.com\/app\/uploads\/AdobeStock_421698546-400x267.jpg 400w, https:\/\/www.tele-radio.com\/app\/uploads\/AdobeStock_421698546-1200x800.jpg 1200w, https:\/\/www.tele-radio.com\/app\/uploads\/AdobeStock_421698546-768x512.jpg 768w, https:\/\/www.tele-radio.com\/app\/uploads\/AdobeStock_421698546-1536x1024.jpg 1536w, https:\/\/www.tele-radio.com\/app\/uploads\/AdobeStock_421698546-750x500.jpg 750w, https:\/\/www.tele-radio.com\/app\/uploads\/AdobeStock_421698546-500x333.jpg 500w, https:\/\/www.tele-radio.com\/app\/uploads\/AdobeStock_421698546-1600x1067.jpg 1600w, https:\/\/www.tele-radio.com\/app\/uploads\/AdobeStock_421698546-800x533.jpg 800w\" sizes=\"auto, (max-width: 1800px) 100vw, 1800px\" \/><div class=\"wp-block-cover__inner-container is-layout-flow wp-block-cover-is-layout-flow\">\n<div class=\"wp-block-image\"><figure class=\"aligncenter size-full\"><img loading=\"lazy\" decoding=\"async\" width=\"151\" height=\"150\" src=\"https:\/\/www.tele-radio.com\/app\/uploads\/wiatrak-bialy.png\" alt=\"\" class=\"wp-image-80640\"\/><\/figure><\/div>\n\n\n\n<div class=\"wp-block-buttons is-content-justification-center is-layout-flex wp-block-buttons-is-layout-flex\">\n<div class=\"wp-block-button is-style-fill\"><a class=\"wp-block-button__link has-very-dark-gray-color has-luminous-vivid-amber-background-color has-text-color has-background\" href=\"https:\/\/www.tele-radio.com\/pl\/zastosowania\/sterowanie-radiowe-energetyka-wiatrowa\/\" style=\"border-radius:10px\"><strong>Vjetroelektrane<\/strong><\/a><\/div>\n<\/div>\n<\/div><\/div>\n\n\n\n<p><\/p>\n<\/div>\n\n\n\n<div class=\"wp-block-column is-layout-flow wp-block-column-is-layout-flow\" style=\"flex-basis:0.1%\">\n<div style=\"height:20px\" aria-hidden=\"true\" class=\"wp-block-spacer\"><\/div>\n\n\n\n<p><\/p>\n<\/div>\n\n\n\n<div class=\"wp-block-column is-vertically-aligned-top is-layout-flow wp-block-column-is-layout-flow\">\n<div class=\"wp-block-cover aligncenter has-background-dim-20 has-background-dim\"><img loading=\"lazy\" decoding=\"async\" width=\"2133\" height=\"1200\" class=\"wp-block-cover__image-background wp-image-80663\" alt=\"\" src=\"https:\/\/www.tele-radio.com\/app\/uploads\/AdobeStock_329458666.jpg\" style=\"object-position:51% 53%\" data-object-fit=\"cover\" data-object-position=\"51% 53%\" srcset=\"https:\/\/www.tele-radio.com\/app\/uploads\/AdobeStock_329458666.jpg 2133w, https:\/\/www.tele-radio.com\/app\/uploads\/AdobeStock_329458666-400x225.jpg 400w, https:\/\/www.tele-radio.com\/app\/uploads\/AdobeStock_329458666-1200x675.jpg 1200w, https:\/\/www.tele-radio.com\/app\/uploads\/AdobeStock_329458666-768x432.jpg 768w, https:\/\/www.tele-radio.com\/app\/uploads\/AdobeStock_329458666-1536x864.jpg 1536w, https:\/\/www.tele-radio.com\/app\/uploads\/AdobeStock_329458666-2048x1152.jpg 2048w, https:\/\/www.tele-radio.com\/app\/uploads\/AdobeStock_329458666-750x422.jpg 750w, https:\/\/www.tele-radio.com\/app\/uploads\/AdobeStock_329458666-500x281.jpg 500w, https:\/\/www.tele-radio.com\/app\/uploads\/AdobeStock_329458666-1600x900.jpg 1600w, https:\/\/www.tele-radio.com\/app\/uploads\/AdobeStock_329458666-800x450.jpg 800w\" sizes=\"auto, (max-width: 2133px) 100vw, 2133px\" \/><div class=\"wp-block-cover__inner-container is-layout-flow wp-block-cover-is-layout-flow\">\n<div class=\"wp-block-image\"><figure class=\"aligncenter size-full\"><img loading=\"lazy\" decoding=\"async\" width=\"150\" height=\"150\" src=\"https:\/\/www.tele-radio.com\/app\/uploads\/kotwica-bialy.png\" alt=\"\" class=\"wp-image-80686\"\/><\/figure><\/div>\n\n\n\n<div class=\"wp-block-buttons is-content-justification-center is-layout-flex wp-block-buttons-is-layout-flex\">\n<div class=\"wp-block-button\"><a class=\"wp-block-button__link has-very-dark-gray-color has-luminous-vivid-amber-background-color has-text-color has-background\" href=\"https:\/\/www.tele-radio.com\/pl\/zastosowania\/sterowanie-radiowe-przemysl-morski\/\" style=\"border-radius:10px\"><strong>Pomorska industrija<\/strong><\/a><\/div>\n<\/div>\n<\/div><\/div>\n\n\n\n<p><\/p>\n<\/div>\n\n\n\n<div class=\"wp-block-column is-layout-flow wp-block-column-is-layout-flow\" style=\"flex-basis:0.1%\">\n<div style=\"height:20px\" aria-hidden=\"true\" class=\"wp-block-spacer\"><\/div>\n\n\n\n<p><\/p>\n<\/div>\n\n\n\n<div class=\"wp-block-column is-vertically-aligned-top is-layout-flow wp-block-column-is-layout-flow\">\n<div class=\"wp-block-cover aligncenter has-background-dim-30 has-background-dim\"><img loading=\"lazy\" decoding=\"async\" width=\"1800\" height=\"1198\" class=\"wp-block-cover__image-background wp-image-80709\" alt=\"\" src=\"https:\/\/www.tele-radio.com\/app\/uploads\/AdobeStock_379470413.jpg\" style=\"object-position:100% 49%\" data-object-fit=\"cover\" data-object-position=\"100% 49%\" srcset=\"https:\/\/www.tele-radio.com\/app\/uploads\/AdobeStock_379470413.jpg 1800w, https:\/\/www.tele-radio.com\/app\/uploads\/AdobeStock_379470413-400x266.jpg 400w, https:\/\/www.tele-radio.com\/app\/uploads\/AdobeStock_379470413-1200x799.jpg 1200w, https:\/\/www.tele-radio.com\/app\/uploads\/AdobeStock_379470413-768x511.jpg 768w, https:\/\/www.tele-radio.com\/app\/uploads\/AdobeStock_379470413-1536x1022.jpg 1536w, https:\/\/www.tele-radio.com\/app\/uploads\/AdobeStock_379470413-750x499.jpg 750w, https:\/\/www.tele-radio.com\/app\/uploads\/AdobeStock_379470413-500x333.jpg 500w, https:\/\/www.tele-radio.com\/app\/uploads\/AdobeStock_379470413-1600x1065.jpg 1600w, https:\/\/www.tele-radio.com\/app\/uploads\/AdobeStock_379470413-800x532.jpg 800w\" sizes=\"auto, (max-width: 1800px) 100vw, 1800px\" \/><div class=\"wp-block-cover__inner-container is-layout-flow wp-block-cover-is-layout-flow\">\n<div class=\"wp-block-image\"><figure class=\"aligncenter size-full\"><img loading=\"lazy\" decoding=\"async\" width=\"150\" height=\"150\" src=\"https:\/\/www.tele-radio.com\/app\/uploads\/recykling-bialy.png\" alt=\"\" class=\"wp-image-80732\"\/><\/figure><\/div>\n\n\n\n<div class=\"wp-block-buttons is-content-justification-center is-layout-flex wp-block-buttons-is-layout-flex\">\n<div class=\"wp-block-button\"><a class=\"wp-block-button__link has-very-dark-gray-color has-luminous-vivid-amber-background-color has-text-color has-background\" href=\"https:\/\/www.tele-radio.com\/pl\/zastosowania\/sterowanie-radiowe-maszyny-do-recyklingu\/\" style=\"border-radius:10px\"><strong>Recikliranje<\/strong><\/a><\/div>\n<\/div>\n<\/div><\/div>\n\n\n\n<p><\/p>\n<\/div>\n<\/div>\n\n\n\n<div style=\"height:20px\" aria-hidden=\"true\" class=\"wp-block-spacer\"><\/div>\n\n\n\n<div class=\"wp-block-columns is-layout-flex wp-container-core-columns-is-layout-9d6595d7 wp-block-columns-is-layout-flex\">\n<div class=\"wp-block-column is-vertically-aligned-top is-layout-flow wp-block-column-is-layout-flow\">\n<div class=\"wp-block-cover has-background-dim-30 has-background-dim\"><img loading=\"lazy\" decoding=\"async\" width=\"1800\" height=\"1200\" class=\"wp-block-cover__image-background wp-image-84588\" alt=\"\" src=\"https:\/\/www.tele-radio.com\/app\/uploads\/AdobeStock_110132248..jpg\" data-object-fit=\"cover\" srcset=\"https:\/\/www.tele-radio.com\/app\/uploads\/AdobeStock_110132248..jpg 1800w, https:\/\/www.tele-radio.com\/app\/uploads\/AdobeStock_110132248.-400x267.jpg 400w, https:\/\/www.tele-radio.com\/app\/uploads\/AdobeStock_110132248.-1200x800.jpg 1200w, https:\/\/www.tele-radio.com\/app\/uploads\/AdobeStock_110132248.-768x512.jpg 768w, https:\/\/www.tele-radio.com\/app\/uploads\/AdobeStock_110132248.-1536x1024.jpg 1536w, https:\/\/www.tele-radio.com\/app\/uploads\/AdobeStock_110132248.-750x500.jpg 750w, https:\/\/www.tele-radio.com\/app\/uploads\/AdobeStock_110132248.-500x333.jpg 500w, https:\/\/www.tele-radio.com\/app\/uploads\/AdobeStock_110132248.-1600x1067.jpg 1600w, https:\/\/www.tele-radio.com\/app\/uploads\/AdobeStock_110132248.-800x533.jpg 800w\" sizes=\"auto, (max-width: 1800px) 100vw, 1800px\" \/><div class=\"wp-block-cover__inner-container is-layout-flow wp-block-cover-is-layout-flow\">\n<div class=\"wp-block-image\"><figure class=\"aligncenter size-full\"><img loading=\"lazy\" decoding=\"async\" width=\"150\" height=\"150\" src=\"https:\/\/www.tele-radio.com\/app\/uploads\/wiertlo-bialy.png\" alt=\"\" class=\"wp-image-84691\"\/><\/figure><\/div>\n\n\n\n<div class=\"wp-block-buttons is-content-justification-center is-layout-flex wp-block-buttons-is-layout-flex\">\n<div class=\"wp-block-button is-style-fill\"><a class=\"wp-block-button__link has-very-dark-gray-color has-luminous-vivid-amber-background-color has-text-color has-background\" href=\"https:\/\/www.tele-radio.com\/pl\/zastosowania\/sterowanie-radiowe-gornictwo\/\" style=\"border-radius:10px\"><strong>Rudarstvo<\/strong><\/a><\/div>\n<\/div>\n<\/div><\/div>\n\n\n\n<p><\/p>\n<\/div>\n\n\n\n<div class=\"wp-block-column is-layout-flow wp-block-column-is-layout-flow\" style=\"flex-basis:0.1%\">\n<div style=\"height:20px\" aria-hidden=\"true\" class=\"wp-block-spacer\"><\/div>\n\n\n\n<p><\/p>\n<\/div>\n\n\n\n<div class=\"wp-block-column is-vertically-aligned-top is-layout-flow wp-block-column-is-layout-flow\">\n<div class=\"wp-block-cover aligncenter has-background-dim-30 has-background-dim\"><img loading=\"lazy\" decoding=\"async\" width=\"1800\" height=\"1011\" class=\"wp-block-cover__image-background wp-image-84620\" alt=\"\" src=\"https:\/\/www.tele-radio.com\/app\/uploads\/AdobeStock_330399223..jpg\" style=\"object-position:51% 53%\" data-object-fit=\"cover\" data-object-position=\"51% 53%\" srcset=\"https:\/\/www.tele-radio.com\/app\/uploads\/AdobeStock_330399223..jpg 1800w, https:\/\/www.tele-radio.com\/app\/uploads\/AdobeStock_330399223.-400x225.jpg 400w, https:\/\/www.tele-radio.com\/app\/uploads\/AdobeStock_330399223.-1200x674.jpg 1200w, https:\/\/www.tele-radio.com\/app\/uploads\/AdobeStock_330399223.-768x431.jpg 768w, https:\/\/www.tele-radio.com\/app\/uploads\/AdobeStock_330399223.-1536x863.jpg 1536w, https:\/\/www.tele-radio.com\/app\/uploads\/AdobeStock_330399223.-750x421.jpg 750w, https:\/\/www.tele-radio.com\/app\/uploads\/AdobeStock_330399223.-500x281.jpg 500w, https:\/\/www.tele-radio.com\/app\/uploads\/AdobeStock_330399223.-1600x899.jpg 1600w, https:\/\/www.tele-radio.com\/app\/uploads\/AdobeStock_330399223.-800x449.jpg 800w\" sizes=\"auto, (max-width: 1800px) 100vw, 1800px\" \/><div class=\"wp-block-cover__inner-container is-layout-flow wp-block-cover-is-layout-flow\">\n<div class=\"wp-block-image\"><figure class=\"aligncenter size-full\"><img loading=\"lazy\" decoding=\"async\" width=\"150\" height=\"150\" src=\"https:\/\/www.tele-radio.com\/app\/uploads\/pocia\u0328g-bialy.png\" alt=\"\" class=\"wp-image-84714\"\/><\/figure><\/div>\n\n\n\n<div class=\"wp-block-buttons is-content-justification-center is-layout-flex wp-block-buttons-is-layout-flex\">\n<div class=\"wp-block-button\"><a class=\"wp-block-button__link has-very-dark-gray-color has-luminous-vivid-amber-background-color has-text-color has-background\" href=\"https:\/\/www.tele-radio.com\/pl\/zastosowania\/sterowanie-radiowe-kolejnictwo\/\" style=\"border-radius:10px\"><strong>\u017deljezni\u010dki promet<\/strong><\/a><\/div>\n<\/div>\n<\/div><\/div>\n\n\n\n<p><\/p>\n<\/div>\n\n\n\n<div class=\"wp-block-column is-layout-flow wp-block-column-is-layout-flow\" style=\"flex-basis:0.1%\">\n<div style=\"height:20px\" aria-hidden=\"true\" class=\"wp-block-spacer\"><\/div>\n\n\n\n<p><\/p>\n<\/div>\n\n\n\n<div class=\"wp-block-column is-vertically-aligned-top is-layout-flow wp-block-column-is-layout-flow\">\n<div class=\"wp-block-cover aligncenter has-background-dim-20 has-background-dim\"><img loading=\"lazy\" decoding=\"async\" width=\"1800\" height=\"1012\" class=\"wp-block-cover__image-background wp-image-84657\" alt=\"\" src=\"https:\/\/www.tele-radio.com\/app\/uploads\/AdobeStock_171611514.jpeg\" style=\"object-position:69% 100%\" data-object-fit=\"cover\" data-object-position=\"69% 100%\" srcset=\"https:\/\/www.tele-radio.com\/app\/uploads\/AdobeStock_171611514.jpeg 1800w, https:\/\/www.tele-radio.com\/app\/uploads\/AdobeStock_171611514-400x225.jpeg 400w, https:\/\/www.tele-radio.com\/app\/uploads\/AdobeStock_171611514-1200x675.jpeg 1200w, https:\/\/www.tele-radio.com\/app\/uploads\/AdobeStock_171611514-768x432.jpeg 768w, https:\/\/www.tele-radio.com\/app\/uploads\/AdobeStock_171611514-1536x864.jpeg 1536w, https:\/\/www.tele-radio.com\/app\/uploads\/AdobeStock_171611514-750x422.jpeg 750w, https:\/\/www.tele-radio.com\/app\/uploads\/AdobeStock_171611514-500x281.jpeg 500w, https:\/\/www.tele-radio.com\/app\/uploads\/AdobeStock_171611514-1600x900.jpeg 1600w, https:\/\/www.tele-radio.com\/app\/uploads\/AdobeStock_171611514-800x450.jpeg 800w\" sizes=\"auto, (max-width: 1800px) 100vw, 1800px\" \/><div class=\"wp-block-cover__inner-container is-layout-flow wp-block-cover-is-layout-flow\">\n<div class=\"wp-block-image\"><figure class=\"aligncenter size-full\"><img loading=\"lazy\" decoding=\"async\" width=\"150\" height=\"150\" src=\"https:\/\/www.tele-radio.com\/app\/uploads\/miasto2-bialy-1.png\" alt=\"\" class=\"wp-image-84783\"\/><\/figure><\/div>\n\n\n\n<div class=\"wp-block-buttons is-content-justification-center is-layout-flex wp-block-buttons-is-layout-flex\">\n<div class=\"wp-block-button\"><a class=\"wp-block-button__link has-very-dark-gray-color has-luminous-vivid-amber-background-color has-text-color has-background\" href=\"https:\/\/www.tele-radio.com\/pl\/zastosowania\/sterowanie-radiowe-miasta\/\" style=\"border-radius:10px\"><strong>Urbana podru\u010dja<\/strong><\/a><\/div>\n<\/div>\n<\/div><\/div>\n\n\n\n<p><\/p>\n<\/div>\n<\/div>\n\n\n\n<p><\/p>\n","protected":false},"excerpt":{"rendered":"<p>Primjena Tele Radio sustavi koriste se u mnogim industrijama u kojima su ergonomija, pouzdanost i sigurnost odlu\u010duju\u0107i \u010dimbenici. U nastavku donosimo odabrane aplikacije i primjere rje\u0161enja za radio upravljanje. Primjeri primjena su vidljivi klikom na zadanu kategoriju. Ako imate bilo kakvih pitanja ili nedoumica u vezi s Tele Radio proizvodima, kontaktirajte nas .<\/p>\n","protected":false},"author":78,"featured_media":0,"parent":0,"menu_order":0,"comment_status":"closed","ping_status":"closed","template":"","meta":{"_acf_changed":false,"footnotes":""},"class_list":["post-85529","page","type-page","status-publish","hentry"],"acf":[],"_links":{"self":[{"href":"https:\/\/www.tele-radio.com\/hr\/wp-json\/wp\/v2\/pages\/85529","targetHints":{"allow":["GET"]}}],"collection":[{"href":"https:\/\/www.tele-radio.com\/hr\/wp-json\/wp\/v2\/pages"}],"about":[{"href":"https:\/\/www.tele-radio.com\/hr\/wp-json\/wp\/v2\/types\/page"}],"author":[{"embeddable":true,"href":"https:\/\/www.tele-radio.com\/hr\/wp-json\/wp\/v2\/users\/78"}],"replies":[{"embeddable":true,"href":"https:\/\/www.tele-radio.com\/hr\/wp-json\/wp\/v2\/comments?post=85529"}],"version-history":[{"count":2,"href":"https:\/\/www.tele-radio.com\/hr\/wp-json\/wp\/v2\/pages\/85529\/revisions"}],"predecessor-version":[{"id":85644,"href":"https:\/\/www.tele-radio.com\/hr\/wp-json\/wp\/v2\/pages\/85529\/revisions\/85644"}],"wp:attachment":[{"href":"https:\/\/www.tele-radio.com\/hr\/wp-json\/wp\/v2\/media?parent=85529"}],"curies":[{"name":"wp","href":"https:\/\/api.w.org\/{rel}","templated":true}]}}