{"id":6994,"date":"2018-05-04T14:47:12","date_gmt":"2018-05-04T14:47:12","guid":{"rendered":"https:\/\/www.tele-radio.com\/support\/"},"modified":"2026-01-22T11:49:13","modified_gmt":"2026-01-22T11:49:13","slug":"podrska","status":"publish","type":"page","link":"https:\/\/www.tele-radio.com\/hr\/podrska\/","title":{"rendered":"Podr\u0161ka"},"content":{"rendered":"\n<p>Na\u0161 tim tehni\u010dke podr\u0161ke je uvijek na usluzi! Ako imate pitanja ili dvojbi oko raspolo\u017eivosti proizvoda, dostavi ili statusu Va\u0161e narud\u017ebe kontaktirajte Va\u0161u lokalnu Tele Radio podru\u017enicu.  Informacije kako nas kontaktirati prona\u0111ite <a href=\"https:\/\/www.tele-radio.com\/hr\/kontakt\/\">ovdje. <\/a><\/p>\n\n\n\n<p>Tako\u0111er, pogledajte na\u0161 <a aria-label=\"undefined (opens in a new tab)\" href=\"https:\/\/www.youtube.com\/channel\/UC-qsxgQWLHU0c_o2XFBD28Q\" target=\"_blank\" rel=\"noreferrer noopener\">Youtube kanal <\/a>za video uputstva i obja\u0161njenja kako postaviti i konfigurirati na\u0161 sistem. <\/p>\n\n\n\n<p><a href=\"https:\/\/www.tele-radio.com\/hr\/vodic-za-promjenu-zastitne-folije\/\">Vodi\u010d za promjenu za\u0161titne folije.<\/a><\/p>\n\n\n\n<p><\/p>\n\n\n\n<div class=\"wp-block-columns is-layout-flex wp-container-core-columns-is-layout-9d6595d7 wp-block-columns-is-layout-flex\">\n<div class=\"wp-block-column is-layout-flow wp-block-column-is-layout-flow\">\n<div class=\"wp-block-cover is-light\"><span aria-hidden=\"true\" class=\"wp-block-cover__background has-background-dim-100 has-background-dim\" style=\"background-color:#f7f7f7\"><\/span><div class=\"wp-block-cover__inner-container is-layout-flow wp-block-cover-is-layout-flow\"><div class=\"wp-block-image\">\n<figure class=\"aligncenter size-large is-resized\"><img loading=\"lazy\" decoding=\"async\" width=\"128\" height=\"128\" src=\"https:\/\/www.tele-radio.com\/app\/uploads\/certification.png\" alt=\"\" class=\"wp-image-46654\" style=\"width:64px;height:64px\"\/><\/figure><\/div>\n\n\n<h2 class=\"wp-block-heading has-text-align-center has-very-dark-gray-color has-text-color\">Preuzimanja<\/h2>\n\n\n\n<p class=\"has-text-align-center has-very-dark-gray-color has-text-color\">Prona\u0111ite i preuzmite instalacijska uputstva ,tehni\u010dke listove, certifikate i ostalo.<\/p>\n\n\n\n<div class=\"wp-block-buttons is-horizontal is-content-justification-center is-layout-flex wp-container-core-buttons-is-layout-499968f5 wp-block-buttons-is-layout-flex\">\n<div class=\"wp-block-button\"><a class=\"wp-block-button__link has-background wp-element-button\" href=\"https:\/\/www.tele-radio.com\/hr\/podrska\/preuzimanja\/\" style=\"background-color:#feb914\">Preuzimanja<\/a><\/div>\n<\/div>\n\n\n\n<div style=\"height:30px\" aria-hidden=\"true\" class=\"wp-block-spacer\"><\/div>\n<\/div><\/div>\n<\/div>\n\n\n\n<div class=\"wp-block-column is-layout-flow wp-block-column-is-layout-flow\">\n<div class=\"wp-block-cover is-light\"><span aria-hidden=\"true\" class=\"wp-block-cover__background has-background-dim-100 has-background-dim\" style=\"background-color:#f7f7f7\"><\/span><div class=\"wp-block-cover__inner-container is-layout-flow wp-block-cover-is-layout-flow\"><div class=\"wp-block-image\">\n<figure class=\"aligncenter size-large is-resized\"><img loading=\"lazy\" decoding=\"async\" width=\"64\" height=\"64\" src=\"https:\/\/www.tele-radio.com\/app\/uploads\/box.png\" alt=\"\" class=\"wp-image-50841\" style=\"width:64px;height:64px\"\/><\/figure><\/div>\n\n\n<h2 class=\"wp-block-heading has-text-align-center has-very-dark-gray-color has-text-color\">Umirovljeni proizvodi<\/h2>\n\n\n\n<p class=\"has-text-align-center has-very-dark-gray-color has-text-color\">Informacije o umirovljenim\/prekinutim proizvodima i njihove zamjen\/nasljednici.<\/p>\n\n\n\n<div class=\"wp-block-buttons is-horizontal is-content-justification-center is-layout-flex wp-container-core-buttons-is-layout-499968f5 wp-block-buttons-is-layout-flex\">\n<div class=\"wp-block-button\"><a class=\"wp-block-button__link has-background wp-element-button\" href=\"https:\/\/www.tele-radio.com\/hr\/umirovljeni-sustavi\/\" style=\"background-color:#feb914\">Umirovljeni proizvodi<\/a><\/div>\n<\/div>\n\n\n\n<div style=\"height:30px\" aria-hidden=\"true\" class=\"wp-block-spacer\"><\/div>\n<\/div><\/div>\n<\/div>\n<\/div>\n\n\n\n<div style=\"height:70px\" aria-hidden=\"true\" class=\"wp-block-spacer\"><\/div>\n","protected":false},"excerpt":{"rendered":"<p>Na\u0161 tim tehni\u010dke podr\u0161ke je uvijek na usluzi! Ako imate pitanja ili dvojbi oko raspolo\u017eivosti proizvoda, dostavi ili statusu Va\u0161e narud\u017ebe kontaktirajte Va\u0161u lokalnu Tele Radio podru\u017enicu. Informacije kako nas kontaktirati prona\u0111ite ovdje. Tako\u0111er, pogledajte na\u0161 Youtube kanal za video uputstva i obja\u0161njenja kako postaviti i konfigurirati na\u0161 sistem. Vodi\u010d za promjenu za\u0161titne folije.<\/p>\n","protected":false},"author":1,"featured_media":0,"parent":0,"menu_order":0,"comment_status":"closed","ping_status":"closed","template":"","meta":{"_acf_changed":false,"footnotes":""},"class_list":["post-6994","page","type-page","status-publish","hentry"],"acf":[],"_links":{"self":[{"href":"https:\/\/www.tele-radio.com\/hr\/wp-json\/wp\/v2\/pages\/6994","targetHints":{"allow":["GET"]}}],"collection":[{"href":"https:\/\/www.tele-radio.com\/hr\/wp-json\/wp\/v2\/pages"}],"about":[{"href":"https:\/\/www.tele-radio.com\/hr\/wp-json\/wp\/v2\/types\/page"}],"author":[{"embeddable":true,"href":"https:\/\/www.tele-radio.com\/hr\/wp-json\/wp\/v2\/users\/1"}],"replies":[{"embeddable":true,"href":"https:\/\/www.tele-radio.com\/hr\/wp-json\/wp\/v2\/comments?post=6994"}],"version-history":[{"count":21,"href":"https:\/\/www.tele-radio.com\/hr\/wp-json\/wp\/v2\/pages\/6994\/revisions"}],"predecessor-version":[{"id":277689,"href":"https:\/\/www.tele-radio.com\/hr\/wp-json\/wp\/v2\/pages\/6994\/revisions\/277689"}],"wp:attachment":[{"href":"https:\/\/www.tele-radio.com\/hr\/wp-json\/wp\/v2\/media?parent=6994"}],"curies":[{"name":"wp","href":"https:\/\/api.w.org\/{rel}","templated":true}]}}