{"id":6954,"date":"2018-05-04T14:35:06","date_gmt":"2018-05-04T14:35:06","guid":{"rendered":"https:\/\/www.tele-radio.com\/start\/"},"modified":"2026-03-11T10:37:18","modified_gmt":"2026-03-11T10:37:18","slug":"pocetna-stranica","status":"publish","type":"page","link":"https:\/\/www.tele-radio.com\/hr\/","title":{"rendered":"Po\u010detna"},"content":{"rendered":"\n<h1 class=\"wp-block-heading\">Pouzdano radio daljinsko upravljanje<\/h1>\n\n\n\n<p>Tele Radio je sinonim za pouzdan be\u017ei\u010dni radio daljinski upravlja\u010d.&nbsp; Na\u0161a glavna poslovna podru\u010dja su u industrijske dizalice, mobilne aplikacije, vrata, rampe. Tako\u0111er nudimo daljinsko upravljanje i za hidrauli\u010dne aplikacije.<\/p>\n\n\n\n<figure class=\"wp-block-image size-large nomarginpic\"><img loading=\"lazy\" decoding=\"async\" width=\"1200\" height=\"239\" src=\"https:\/\/www.tele-radio.com\/app\/uploads\/Controles-remotos-industriales-teleradio.jpg\" alt=\"\" class=\"wp-image-61016\" srcset=\"https:\/\/www.tele-radio.com\/app\/uploads\/Controles-remotos-industriales-teleradio.jpg 1200w, https:\/\/www.tele-radio.com\/app\/uploads\/Controles-remotos-industriales-teleradio-400x80.jpg 400w, https:\/\/www.tele-radio.com\/app\/uploads\/Controles-remotos-industriales-teleradio-768x153.jpg 768w, https:\/\/www.tele-radio.com\/app\/uploads\/Controles-remotos-industriales-teleradio-750x149.jpg 750w, https:\/\/www.tele-radio.com\/app\/uploads\/Controles-remotos-industriales-teleradio-500x100.jpg 500w, https:\/\/www.tele-radio.com\/app\/uploads\/Controles-remotos-industriales-teleradio-800x159.jpg 800w\" sizes=\"auto, (max-width: 1200px) 100vw, 1200px\" \/><\/figure>\n\n\n\n<div style=\"height:31px\" aria-hidden=\"true\" class=\"wp-block-spacer\"><\/div>\n\n\n\n<h2 class=\"wp-block-heading\">Vlastito istra\u017eivanje i razvoj<\/h2>\n\n\n\n<p>S vi\u0161e od 60 godina iskustva posjedujemo \u010dvrsto znanje i iskustvo u sustavima radio daljinskog upravljanja. &nbsp;Na\u0161a misija je pru\u017eanje krajnjeg (E2ES) rje\u0161enja, tehnologije i usluge u podru\u010dju be\u017ei\u010dne kontrole ure\u0111aja i komunikacije strojeva, gdje su pouzdanost i sigurnost klju\u010dni \u010dimbenici odlu\u010divanja. Ciljeve posti\u017eemo tako da svi na\u0161i djelatnici aktivno sudjeluju u procesu i preuzimaju odgovornost za svoja podru\u010dja djelovanja. Na\u0161 je krajnji cilj pru\u017eiti rje\u0161enje koja \u0107e dodati vrijednost va\u0161em poslovanju te istodobno pru\u017eiti besprijekornu podr\u0161ku kada vam je potrebna.<\/p>\n\n\n\n<figure class=\"wp-block-image size-large nomarginpic\"><img loading=\"lazy\" decoding=\"async\" width=\"1200\" height=\"233\" src=\"https:\/\/www.tele-radio.com\/app\/uploads\/\/Web_image_1600_x310_px-1-1600x310-1-1200x233.jpg\" alt=\"Primjena radio daljinskog upravljanja u industriji\" class=\"wp-image-28563\" srcset=\"https:\/\/www.tele-radio.com\/app\/uploads\/Web_image_1600_x310_px-1-1600x310-1-1200x233.jpg 1200w, https:\/\/www.tele-radio.com\/app\/uploads\/Web_image_1600_x310_px-1-1600x310-1-400x78.jpg 400w, https:\/\/www.tele-radio.com\/app\/uploads\/Web_image_1600_x310_px-1-1600x310-1-768x149.jpg 768w, https:\/\/www.tele-radio.com\/app\/uploads\/Web_image_1600_x310_px-1-1600x310-1-750x145.jpg 750w, https:\/\/www.tele-radio.com\/app\/uploads\/Web_image_1600_x310_px-1-1600x310-1-500x97.jpg 500w, https:\/\/www.tele-radio.com\/app\/uploads\/Web_image_1600_x310_px-1-1600x310-1.jpg 1600w, https:\/\/www.tele-radio.com\/app\/uploads\/Web_image_1600_x310_px-1-1600x310-1-800x155.jpg 800w\" sizes=\"auto, (max-width: 1200px) 100vw, 1200px\" \/><\/figure>\n\n\n\n<p><\/p>\n\n\n\n<h2 class=\"wp-block-heading\">Sigurno radio daljinsko upravljanje<\/h2>\n\n\n\n<p>Sigurnost je na\u0161a velika briga, a budu\u0107i da smo \u0160vedska kompanija ona je dio na\u0161e su\u0161tine. Ula\u017eemo velike napore kako bi na\u0161i proizvodi bili \u0161to pouzdaniji. Ulo\u017eili smo znatne napore kako bi smo bili sigurni da na\u0161i proizvodi zadovoljavaju najvi\u0161e mogu\u0107e sigurnosne standarde i posjedujemo certifikate koji to potvr\u0111uju.<\/p>\n\n\n\n<p>Vjerojatno ste dosada uvidjeli da na\u0161i proizvodi ne samo da su pouzdani, ve\u0107 su robusni i mogu izdr\u017eati te\u017ea o\u0161te\u0107enja. Znamo da na\u0161i daljinski upravlja\u010di prolaze kroz razaraju\u0107e i te\u0161ke uvjete radne okoline \u2013 i to je sve u redu, imali smo to na umu prilikom dizajna. Namijenjeni su za kori\u0161tenje.<\/p>\n\n\n\n<h2 class=\"wp-block-heading\">Za\u0161to daljinsko upravljanje?<\/h2>\n\n\n\n<p>Be\u017ei\u010dno daljinsko upravljanje je pouzdan i prakti\u010dan sustav upravljanja strojem. Postavlja operatera na sigurno mjesto gdje treba biti umjesto ograni\u010denja prisutnih kod upravljanja preko upravlja\u010dke plo\u010de ili kabelske kontrole. Be\u017ei\u010dno daljinsko upravljanje se tako\u0111er ne nalazi na putu kretanja operatera kao kabelska kontrola. Kabelski sustav upravljanja osim \u0161to ometa rad stvara i opasnost za sigurnost, kao i opasnost od pucanja.<\/p>\n","protected":false},"excerpt":{"rendered":"<p>Pouzdano radio daljinsko upravljanje Tele Radio je sinonim za pouzdan be\u017ei\u010dni radio daljinski upravlja\u010d.&nbsp; Na\u0161a glavna poslovna podru\u010dja su u industrijske dizalice, mobilne aplikacije, vrata, rampe. Tako\u0111er nudimo daljinsko upravljanje i za hidrauli\u010dne aplikacije. Vlastito istra\u017eivanje i razvoj S vi\u0161e od 60 godina iskustva posjedujemo \u010dvrsto znanje i iskustvo u sustavima radio daljinskog upravljanja. &nbsp;Na\u0161a [&hellip;]<\/p>\n","protected":false},"author":29,"featured_media":0,"parent":0,"menu_order":0,"comment_status":"closed","ping_status":"closed","template":"","meta":{"_acf_changed":false,"footnotes":""},"class_list":["post-6954","page","type-page","status-publish","hentry"],"acf":[],"_links":{"self":[{"href":"https:\/\/www.tele-radio.com\/hr\/wp-json\/wp\/v2\/pages\/6954","targetHints":{"allow":["GET"]}}],"collection":[{"href":"https:\/\/www.tele-radio.com\/hr\/wp-json\/wp\/v2\/pages"}],"about":[{"href":"https:\/\/www.tele-radio.com\/hr\/wp-json\/wp\/v2\/types\/page"}],"author":[{"embeddable":true,"href":"https:\/\/www.tele-radio.com\/hr\/wp-json\/wp\/v2\/users\/29"}],"replies":[{"embeddable":true,"href":"https:\/\/www.tele-radio.com\/hr\/wp-json\/wp\/v2\/comments?post=6954"}],"version-history":[{"count":163,"href":"https:\/\/www.tele-radio.com\/hr\/wp-json\/wp\/v2\/pages\/6954\/revisions"}],"predecessor-version":[{"id":283341,"href":"https:\/\/www.tele-radio.com\/hr\/wp-json\/wp\/v2\/pages\/6954\/revisions\/283341"}],"wp:attachment":[{"href":"https:\/\/www.tele-radio.com\/hr\/wp-json\/wp\/v2\/media?parent=6954"}],"curies":[{"name":"wp","href":"https:\/\/api.w.org\/{rel}","templated":true}]}}