{"id":6602,"date":"2018-05-24T12:02:02","date_gmt":"2018-05-24T12:02:02","guid":{"rendered":"https:\/\/www.tele-radio.com\/retired-products\/"},"modified":"2020-05-26T14:02:10","modified_gmt":"2020-05-26T14:02:10","slug":"umirovljeni-sustavi","status":"publish","type":"page","link":"https:\/\/www.tele-radio.com\/hr\/umirovljeni-sustavi\/","title":{"rendered":"Sustavi koji se vi\u0161e ne proizvode"},"content":{"rendered":"<h1 class=\"defaultHeadLine\" align=\"\">Umirovljeni sustavi<\/h1>\n<h2><img loading=\"lazy\" decoding=\"async\" class=\"alignright size-medium wp-image-6265\" src=\"https:\/\/www.tele-radio.com\/app\/uploads\/\/T70-Jaguar-tele-radio-1-400x400.jpg\" alt=\"\" width=\"400\" height=\"400\" srcset=\"https:\/\/www.tele-radio.com\/app\/uploads\/T70-Jaguar-tele-radio-1-400x400.jpg 400w, https:\/\/www.tele-radio.com\/app\/uploads\/T70-Jaguar-tele-radio-1-150x150.jpg 150w, https:\/\/www.tele-radio.com\/app\/uploads\/T70-Jaguar-tele-radio-1-250x250.jpg 250w, https:\/\/www.tele-radio.com\/app\/uploads\/T70-Jaguar-tele-radio-1-500x500.jpg 500w, https:\/\/www.tele-radio.com\/app\/uploads\/T70-Jaguar-tele-radio-1.jpg 626w\" sizes=\"auto, (max-width: 400px) 100vw, 400px\" \/>T70 Jaguar<\/h2>\n<p>Sustav T70 Jaguar je prvi put uveden 2007. godine, da bi se zadovoljilo tr\u017ei\u0161te elektri\u010dnih i hidrauli\u010dnih vitla. Imao je konkurentnu cijenu i nudio je nekoliko prednosti nad svojim bratom, T60, kao \u0161to su vi\u0161e funkcija, uskopojasni radio i ve\u0107i domet prijenosa. T70 Jaguar je umirovljen 2015. godine u korist novog Panther sustava koji nudi nekoliko pobolj\u0161anih parametara<\/p>\n<p><a href=\"https:\/\/www.tele-radio.com\/panther\/\">Vi\u0161e informacija o Panther sustavu mo\u017eete prona\u0107i na sljede\u0107oj stranici<\/a><\/p>\n<hr \/>\n<p><img loading=\"lazy\" decoding=\"async\" class=\"alignright wp-image-6266\" src=\"https:\/\/www.tele-radio.com\/app\/uploads\/tiger-retired-system-tele-radio-1.jpg\" alt=\"\" width=\"420\" height=\"231\" srcset=\"https:\/\/www.tele-radio.com\/app\/uploads\/tiger-retired-system-tele-radio-1.jpg 626w, https:\/\/www.tele-radio.com\/app\/uploads\/tiger-retired-system-tele-radio-1-400x220.jpg 400w, https:\/\/www.tele-radio.com\/app\/uploads\/tiger-retired-system-tele-radio-1-500x276.jpg 500w\" sizes=\"auto, (max-width: 420px) 100vw, 420px\" \/><\/p>\n<h2>Tiger Gen. 1<\/h2>\n<p>&nbsp;<\/p>\n<p>Sustav Tiger prve generacije je uveden oko 2010. godine da bi zadovoljio zahtjeve visoke sigurnosti kod sustava radio daljinskog upravljanja. Direktiva o strojevima EU uvela je nove i stro\u017eije uvjete za strojeve i njihove kontrolne sustave.<\/p>\n<p>Tiger sustav imao je sli\u010dne predajnike prethodniku, 860 Lion, dva ru\u010dna predajnika (hand-held) i upravlja\u010dku palicu (joystik) u razli\u010ditim konfiguracijama. Predajnici su tako\u0111er dolazili s dodatnim displejom za prikaz raznih podataka, kao na primjer informacije o masi, statusu baterije, frekvenciji ili druge informativne poruke.<\/p>\n<p>Sustav Tiger imao je SIL3 level, \u0161to zna\u010di da se pridr\u017eavao izuzetno visokog sigurnosnog standarda. Sustav Tiger se kontinuirano nadogra\u0111ivao do to\u010dke u kojoj su po\u010detni i najnoviji proizvodi bili toliko razli\u010diti da je stvoren sustav Tiger generacije 2. Sustav druge generacije uklju\u010duje predajnike koje su ljudi prepoznali iz prve generacije , ali predajnici druge generacije posjeduju mnoge nadogradnje i pobolj\u0161anja.<\/p>\n<p><a href=\"https:\/\/www.tele-radio.com\/tiger\/\">Vi\u0161e o sustavu Tiger G2<\/a><\/p>\n<hr \/>\n<h2><img loading=\"lazy\" decoding=\"async\" class=\"alignright size-medium wp-image-6267\" src=\"https:\/\/www.tele-radio.com\/app\/uploads\/\/860-lion-retired-system-tele-radio-1-400x252.jpg\" alt=\"\" width=\"400\" height=\"252\" srcset=\"https:\/\/www.tele-radio.com\/app\/uploads\/860-lion-retired-system-tele-radio-1-400x252.jpg 400w, https:\/\/www.tele-radio.com\/app\/uploads\/860-lion-retired-system-tele-radio-1-500x315.jpg 500w, https:\/\/www.tele-radio.com\/app\/uploads\/860-lion-retired-system-tele-radio-1.jpg 626w\" sizes=\"auto, (max-width: 400px) 100vw, 400px\" \/>860 Lion<\/h2>\n<p>&nbsp;<\/p>\n<p>860 Lion je predstavljen 2003. godine kako bi tr\u017ei\u0161tu ponudio tehni\u010dki napredni sustav radio kontrole, koji zadovoljava tada nove sigurnosne standarde svog vremena. U po\u010detku je sustav nudio verzije predajnika od 10 i 12 tipki te prijemnike u rasponu od 10 do 24 funkcijska releja. Kasnije su asortimanu dodani i predajnici s upravlja\u010dkim palicama (joystick).<\/p>\n<p>Za svoje vrijeme, 860 Lion je bio vrlo siguran sustav. Imao je odobrenu Stop funkciju prema kategoriji 3 (Cat3) i PLd. Odabrani sigurnosni releji su kontrolirali Stop funkciju.<\/p>\n<p>Mnoge funkcije i opcije u ustavu 860 Lion dolazile su kao standard. Mogu\u0107e je bilo kontrolirati 2 prijemnika, zasebno ili istovremeno, takozvana &#8221;dual&#8221; funkcija. Sustav je oda\u0161iljao na 69 razli\u010ditih frekvencija (kanala) izme\u0111u 433-434 MHz.<\/p>\n<p>Sustav se po\u010deo zamjenjivati sustavom Tiger tijekom 2010.-2013. i kona\u010dno je povu\u010den u korist sustava Tiger (generacije 2) koji kao i Tiger G1 ispunjava SIL3 standard, a koji 860 Lion nije imao.<\/p>\n<p><a href=\"https:\/\/www.tele-radio.com\/tiger\/\">Vi\u0161e o sustavu Tiger G2<\/a><\/p>\n<hr \/>\n<h2><img loading=\"lazy\" decoding=\"async\" class=\"alignright size-medium wp-image-6268\" src=\"https:\/\/www.tele-radio.com\/app\/uploads\/\/T80-leopard-retired-system-Tele-Radio-1-400x294.jpg\" alt=\"\" width=\"400\" height=\"294\" srcset=\"https:\/\/www.tele-radio.com\/app\/uploads\/T80-leopard-retired-system-Tele-Radio-1-400x294.jpg 400w, https:\/\/www.tele-radio.com\/app\/uploads\/T80-leopard-retired-system-Tele-Radio-1-500x367.jpg 500w, https:\/\/www.tele-radio.com\/app\/uploads\/T80-leopard-retired-system-Tele-Radio-1.jpg 626w\" sizes=\"auto, (max-width: 400px) 100vw, 400px\" \/>T80 Leopard<\/h2>\n<p>Sustav T80 Leopard uveden je 2006. godine i bio je robusni sustav s jednim predajnikom i dvije vrste prijemnika, opremljenih za dizali\u010dne aplikacije i industriju. Sustav je imao odobrenu funkciju zaustavljanja i ispunjavao je sigurnosne standarde kategorije 3 (Cat3)\u00a0 i PLd.<\/p>\n<p>Prijemnik &#8220;MQ&#8221; bio je opremljen tankim ku\u0107i\u0161tem koje je posebno bilo pogodno za uske i zahtjevne instalacije. Sustav je umirovljen krajem 2012. godine i zamijenjen prvenstveno sustavom Tiger za sli\u010dne primjene.<\/p>\n<p><a href=\"https:\/\/www.tele-radio.com\/tiger\/\">Vi\u0161e o sustavu Tiger G2<\/a><\/p>\n<hr \/>\n<h2><img loading=\"lazy\" decoding=\"async\" class=\"alignright size-full wp-image-6263\" src=\"https:\/\/www.tele-radio.com\/app\/uploads\/460-system-retired-tele-radio.jpg\" alt=\"460 system retired Tele Radio\" width=\"339\" height=\"339\" srcset=\"https:\/\/www.tele-radio.com\/app\/uploads\/460-system-retired-tele-radio.jpg 339w, https:\/\/www.tele-radio.com\/app\/uploads\/460-system-retired-tele-radio-150x150.jpg 150w, https:\/\/www.tele-radio.com\/app\/uploads\/460-system-retired-tele-radio-250x250.jpg 250w\" sizes=\"auto, (max-width: 339px) 100vw, 339px\" \/>460 sustav<\/h2>\n<p>&nbsp;<\/p>\n<p>Sustav 460 pokrenut je po\u010detkom 1990-ih i sastojao se od nekoliko predajnika i prijemnika od najmanjih s 1 tipkom do velikih, robusnih predajnika s 8 tipki. Sustav je imao nekoliko prijemnika u rasponu od 1-relejnih do ve\u0107ih 8-relejnih prijemnika. Proizvodi 460 su komunicirali u rasponu od 433 MHz.<\/p>\n<p>Sustav 460 je umirovljen 2006. godine, a zamijenjen je sustavom T60 koji je bio digitalan, za razliku od prethodnika koji je bio analogan. T60 je nudio vi\u0161e a\u017euriranih zna\u010dajki i mogu\u0107nost za vi\u0161e kodova.<\/p>\n<p>Novi sustav T60 uglavnom je kompatibilan sa sustavom 460 i treba ga promatrati kao prirodnu zamjenu u ve\u0107ini slu\u010dajeva. Da biste razumjeli kako prije\u0107i u sustav T60 iz sustava 460, obratite se najbli\u017eem distributeru ili nama direktno.<\/p>\n<p><a href=\"https:\/\/www.tele-radio.com\/t20-t60\/\">Vi\u0161e u sustavu T60<\/a><\/p>\n","protected":false},"excerpt":{"rendered":"<p>Umirovljeni sustavi T70 Jaguar Sustav T70 Jaguar je prvi put uveden 2007. godine, da bi se zadovoljilo tr\u017ei\u0161te elektri\u010dnih i hidrauli\u010dnih vitla. Imao je konkurentnu cijenu i nudio je nekoliko prednosti nad svojim bratom, T60, kao \u0161to su vi\u0161e funkcija, uskopojasni radio i ve\u0107i domet prijenosa. T70 Jaguar je umirovljen 2015. godine u korist novog [&hellip;]<\/p>\n","protected":false},"author":29,"featured_media":11441,"parent":0,"menu_order":0,"comment_status":"closed","ping_status":"closed","template":"","meta":{"_acf_changed":false,"footnotes":""},"class_list":["post-6602","page","type-page","status-publish","has-post-thumbnail","hentry"],"acf":[],"_links":{"self":[{"href":"https:\/\/www.tele-radio.com\/hr\/wp-json\/wp\/v2\/pages\/6602","targetHints":{"allow":["GET"]}}],"collection":[{"href":"https:\/\/www.tele-radio.com\/hr\/wp-json\/wp\/v2\/pages"}],"about":[{"href":"https:\/\/www.tele-radio.com\/hr\/wp-json\/wp\/v2\/types\/page"}],"author":[{"embeddable":true,"href":"https:\/\/www.tele-radio.com\/hr\/wp-json\/wp\/v2\/users\/29"}],"replies":[{"embeddable":true,"href":"https:\/\/www.tele-radio.com\/hr\/wp-json\/wp\/v2\/comments?post=6602"}],"version-history":[{"count":9,"href":"https:\/\/www.tele-radio.com\/hr\/wp-json\/wp\/v2\/pages\/6602\/revisions"}],"predecessor-version":[{"id":42719,"href":"https:\/\/www.tele-radio.com\/hr\/wp-json\/wp\/v2\/pages\/6602\/revisions\/42719"}],"wp:featuredmedia":[{"embeddable":true,"href":"https:\/\/www.tele-radio.com\/hr\/wp-json\/wp\/v2\/media\/11441"}],"wp:attachment":[{"href":"https:\/\/www.tele-radio.com\/hr\/wp-json\/wp\/v2\/media?parent=6602"}],"curies":[{"name":"wp","href":"https:\/\/api.w.org\/{rel}","templated":true}]}}