{"id":6582,"date":"2018-05-13T19:29:47","date_gmt":"2018-05-13T19:29:47","guid":{"rendered":"https:\/\/www.tele-radio.com\/success-stories\/"},"modified":"2023-12-12T12:02:10","modified_gmt":"2023-12-12T12:02:10","slug":"uspjesne-price","status":"publish","type":"page","link":"https:\/\/www.tele-radio.com\/hr\/uspjesne-price\/","title":{"rendered":"Uspje\u0161ne pri\u010de"},"content":{"rendered":"\n<h3 class=\"wp-block-heading\">Od strojeva do dizalica, za kompleksne probleme nudimo rje\u0161enja prilago\u0111ena \u017eeljama kupca-custom made solutions. Realiziramo mnoge projekte. Pro\u010ditajte vi\u0161e o na\u0161im projektima na na\u0161oj stranici:<\/h3>\n\n\n\n<p><\/p>\n\n\n\n<div class=\"wp-block-columns is-layout-flex wp-container-core-columns-is-layout-9d6595d7 wp-block-columns-is-layout-flex\">\n<div class=\"wp-block-column is-layout-flow wp-block-column-is-layout-flow\">\n<div class=\"wp-block-cover is-light\" style=\"min-height:520px;aspect-ratio:unset;\"><span aria-hidden=\"true\" class=\"wp-block-cover__background has-black-background-color has-background-dim\"><\/span><img loading=\"lazy\" decoding=\"async\" width=\"1200\" height=\"1200\" class=\"wp-block-cover__image-background wp-image-121041\" alt=\"\" src=\"https:\/\/www.tele-radio.com\/app\/uploads\/Web_800_x_800_300dpi_V2-1200x1200.jpg\" style=\"object-position:15% 55%\" data-object-fit=\"cover\" data-object-position=\"15% 55%\" srcset=\"https:\/\/www.tele-radio.com\/app\/uploads\/Web_800_x_800_300dpi_V2-1200x1200.jpg 1200w, https:\/\/www.tele-radio.com\/app\/uploads\/Web_800_x_800_300dpi_V2-400x400.jpg 400w, https:\/\/www.tele-radio.com\/app\/uploads\/Web_800_x_800_300dpi_V2-150x150.jpg 150w, https:\/\/www.tele-radio.com\/app\/uploads\/Web_800_x_800_300dpi_V2-768x768.jpg 768w, https:\/\/www.tele-radio.com\/app\/uploads\/Web_800_x_800_300dpi_V2-1536x1536.jpg 1536w, https:\/\/www.tele-radio.com\/app\/uploads\/Web_800_x_800_300dpi_V2-2048x2048.jpg 2048w, https:\/\/www.tele-radio.com\/app\/uploads\/Web_800_x_800_300dpi_V2-250x250.jpg 250w, https:\/\/www.tele-radio.com\/app\/uploads\/Web_800_x_800_300dpi_V2-750x750.jpg 750w, https:\/\/www.tele-radio.com\/app\/uploads\/Web_800_x_800_300dpi_V2-500x500.jpg 500w, https:\/\/www.tele-radio.com\/app\/uploads\/Web_800_x_800_300dpi_V2-1600x1600.jpg 1600w, https:\/\/www.tele-radio.com\/app\/uploads\/Web_800_x_800_300dpi_V2-800x800.jpg 800w\" sizes=\"auto, (max-width: 1200px) 100vw, 1200px\" \/><div class=\"wp-block-cover__inner-container is-layout-flow wp-block-cover-is-layout-flow\">\n<p class=\"has-text-align-center has-white-color has-text-color has-large-font-size\"><strong>EFIKASNA HIDRAULI\u010cNA SJETVA <\/strong>USPJE\u0160NA PRI\u010cA<\/p>\n\n\n\n<div class=\"wp-block-buttons is-content-justification-center is-layout-flex wp-container-core-buttons-is-layout-16018d1d wp-block-buttons-is-layout-flex\">\n<div class=\"wp-block-button is-style-fill\"><a class=\"wp-block-button__link has-black-color has-text-color has-background wp-element-button\" href=\"https:\/\/www.tele-radio.com\/hr\/ucinkovito-hidraulicno-sijanje-steleradio-daljinskim-upravljacem\/\" style=\"border-radius:6px;background-color:#fabb00\"><strong>PRO\u010cITAJ VI\u0160E<\/strong><\/a><\/div>\n<\/div>\n<\/div><\/div>\n<\/div>\n\n\n\n<div class=\"wp-block-column is-layout-flow wp-block-column-is-layout-flow\">\n<div class=\"wp-block-cover is-light\" style=\"min-height:520px;aspect-ratio:unset;\"><span aria-hidden=\"true\" class=\"wp-block-cover__background has-black-background-color has-background-dim\"><\/span><img loading=\"lazy\" decoding=\"async\" width=\"1200\" height=\"675\" class=\"wp-block-cover__image-background wp-image-115245\" alt=\"\" src=\"https:\/\/www.tele-radio.com\/app\/uploads\/DSC07729-1200x675.jpg\" style=\"object-position:58% 53%\" data-object-fit=\"cover\" data-object-position=\"58% 53%\" srcset=\"https:\/\/www.tele-radio.com\/app\/uploads\/DSC07729-1200x675.jpg 1200w, https:\/\/www.tele-radio.com\/app\/uploads\/DSC07729-400x225.jpg 400w, https:\/\/www.tele-radio.com\/app\/uploads\/DSC07729-768x432.jpg 768w, https:\/\/www.tele-radio.com\/app\/uploads\/DSC07729-1536x864.jpg 1536w, https:\/\/www.tele-radio.com\/app\/uploads\/DSC07729-2048x1152.jpg 2048w, https:\/\/www.tele-radio.com\/app\/uploads\/DSC07729-750x422.jpg 750w, https:\/\/www.tele-radio.com\/app\/uploads\/DSC07729-500x281.jpg 500w, https:\/\/www.tele-radio.com\/app\/uploads\/DSC07729-1600x900.jpg 1600w, https:\/\/www.tele-radio.com\/app\/uploads\/DSC07729-800x450.jpg 800w\" sizes=\"auto, (max-width: 1200px) 100vw, 1200px\" \/><div class=\"wp-block-cover__inner-container is-layout-flow wp-block-cover-is-layout-flow\">\n<p class=\"has-text-align-center has-white-color has-text-color has-large-font-size\"><strong>BOLJI PREGLED I VI\u0160E SIGURNOSTI<\/strong><\/p>\n\n\n\n<div class=\"wp-block-buttons is-content-justification-center is-layout-flex wp-container-core-buttons-is-layout-16018d1d wp-block-buttons-is-layout-flex\">\n<div class=\"wp-block-button is-style-fill\"><a class=\"wp-block-button__link has-black-color has-text-color has-background wp-element-button\" href=\"https:\/\/www.tele-radio.com\/hr\/bolji-pregled-i-vise-sigurnosti-za-teleskopske-utovarivace-s-versateq-joystick-predajnikom\/\" style=\"border-radius:6px;background-color:#fabb00\"><strong>PRO\u010cITAJ VI\u0160E<\/strong><\/a><\/div>\n<\/div>\n<\/div><\/div>\n<\/div>\n\n\n\n<div class=\"wp-block-column is-vertically-aligned-top is-layout-flow wp-block-column-is-layout-flow\">\n<div class=\"wp-block-cover is-light\" style=\"min-height:520px;aspect-ratio:unset;\"><span aria-hidden=\"true\" class=\"wp-block-cover__background has-black-background-color has-background-dim\"><\/span><img loading=\"lazy\" decoding=\"async\" width=\"800\" height=\"496\" class=\"wp-block-cover__image-background wp-image-143771\" alt=\"\" src=\"https:\/\/www.tele-radio.com\/app\/uploads\/Web_ROM.jpg\" style=\"object-position:57% 49%\" data-object-fit=\"cover\" data-object-position=\"57% 49%\" srcset=\"https:\/\/www.tele-radio.com\/app\/uploads\/Web_ROM.jpg 800w, https:\/\/www.tele-radio.com\/app\/uploads\/Web_ROM-400x248.jpg 400w, https:\/\/www.tele-radio.com\/app\/uploads\/Web_ROM-768x476.jpg 768w, https:\/\/www.tele-radio.com\/app\/uploads\/Web_ROM-750x465.jpg 750w, https:\/\/www.tele-radio.com\/app\/uploads\/Web_ROM-500x310.jpg 500w\" sizes=\"auto, (max-width: 800px) 100vw, 800px\" \/><div class=\"wp-block-cover__inner-container is-layout-flow wp-block-cover-is-layout-flow\">\n<p class=\"has-text-align-center has-white-color has-text-color has-large-font-size\"><strong>ROM BV<\/strong><br>VISOKOTLA\u010cNI I VAKUMSKI \u010cISTA\u010cI<\/p>\n\n\n\n<div class=\"wp-block-buttons is-content-justification-center is-layout-flex wp-container-core-buttons-is-layout-16018d1d wp-block-buttons-is-layout-flex\">\n<div class=\"wp-block-button is-style-fill\"><a class=\"wp-block-button__link has-black-color has-text-color has-background wp-element-button\" href=\"https:\/\/www.tele-radio.com\/hr\/rom-bv-globalni-strucnjak-za-visokotlacne-i-vakumske-tehnike\/\" style=\"border-radius:6px;background-color:#fabb00\"><strong>PRO\u010cITAJ VI\u0160E<\/strong><\/a><\/div>\n<\/div>\n<\/div><\/div>\n<\/div>\n<\/div>\n\n\n\n<div class=\"wp-block-columns is-layout-flex wp-container-core-columns-is-layout-9d6595d7 wp-block-columns-is-layout-flex\">\n<div class=\"wp-block-column is-layout-flow wp-block-column-is-layout-flow\">\n<div class=\"wp-block-cover\"><span aria-hidden=\"true\" class=\"wp-block-cover__background has-background-dim\"><\/span><img loading=\"lazy\" decoding=\"async\" width=\"742\" height=\"820\" class=\"wp-block-cover__image-background wp-image-103187\" alt=\"\" src=\"https:\/\/www.tele-radio.com\/app\/uploads\/Resized_20190920_145257-2-2.jpg\" data-object-fit=\"cover\" srcset=\"https:\/\/www.tele-radio.com\/app\/uploads\/Resized_20190920_145257-2-2.jpg 742w, https:\/\/www.tele-radio.com\/app\/uploads\/Resized_20190920_145257-2-2-362x400.jpg 362w, https:\/\/www.tele-radio.com\/app\/uploads\/Resized_20190920_145257-2-2-679x750.jpg 679w, https:\/\/www.tele-radio.com\/app\/uploads\/Resized_20190920_145257-2-2-452x500.jpg 452w, https:\/\/www.tele-radio.com\/app\/uploads\/Resized_20190920_145257-2-2-724x800.jpg 724w\" sizes=\"auto, (max-width: 742px) 100vw, 742px\" \/><div class=\"wp-block-cover__inner-container is-layout-flow wp-block-cover-is-layout-flow\">\n<p class=\"has-text-align-center has-large-font-size\"><strong>GROUPE INDUSTRIEL PREMIUM\u2019S<\/strong><br>USPJE\u0160NA PRI\u010cA<\/p>\n\n\n\n<div class=\"wp-block-buttons is-horizontal is-content-justification-center is-layout-flex wp-container-core-buttons-is-layout-499968f5 wp-block-buttons-is-layout-flex\">\n<div class=\"wp-block-button\"><a class=\"wp-block-button__link has-black-color has-text-color has-background wp-element-button\" href=\"https:\/\/www.tele-radio.com\/hr\/groupe-industriel-premiums-success-story\/\" style=\"border-radius:6px;background-color:#fabb00\"><strong>PRO\u010cITAJ VI\u0160E<\/strong><\/a><\/div>\n<\/div>\n<\/div><\/div>\n<\/div>\n\n\n\n<div class=\"wp-block-column is-layout-flow wp-block-column-is-layout-flow\">\n<div class=\"wp-block-cover is-light\"><span aria-hidden=\"true\" class=\"wp-block-cover__background has-background-dim\"><\/span><img loading=\"lazy\" decoding=\"async\" width=\"2560\" height=\"2560\" class=\"wp-block-cover__image-background wp-image-101078\" alt=\"\" src=\"https:\/\/www.tele-radio.com\/app\/uploads\/GMT_WEB_800x800px-1-scaled.jpg\" style=\"object-position:71% 35%\" data-object-fit=\"cover\" data-object-position=\"71% 35%\" srcset=\"https:\/\/www.tele-radio.com\/app\/uploads\/GMT_WEB_800x800px-1-scaled.jpg 2560w, https:\/\/www.tele-radio.com\/app\/uploads\/GMT_WEB_800x800px-1-400x400.jpg 400w, https:\/\/www.tele-radio.com\/app\/uploads\/GMT_WEB_800x800px-1-1200x1200.jpg 1200w, https:\/\/www.tele-radio.com\/app\/uploads\/GMT_WEB_800x800px-1-150x150.jpg 150w, https:\/\/www.tele-radio.com\/app\/uploads\/GMT_WEB_800x800px-1-768x768.jpg 768w, https:\/\/www.tele-radio.com\/app\/uploads\/GMT_WEB_800x800px-1-1536x1536.jpg 1536w, https:\/\/www.tele-radio.com\/app\/uploads\/GMT_WEB_800x800px-1-2048x2048.jpg 2048w, https:\/\/www.tele-radio.com\/app\/uploads\/GMT_WEB_800x800px-1-250x250.jpg 250w, https:\/\/www.tele-radio.com\/app\/uploads\/GMT_WEB_800x800px-1-750x750.jpg 750w, https:\/\/www.tele-radio.com\/app\/uploads\/GMT_WEB_800x800px-1-500x500.jpg 500w, https:\/\/www.tele-radio.com\/app\/uploads\/GMT_WEB_800x800px-1-1600x1600.jpg 1600w, https:\/\/www.tele-radio.com\/app\/uploads\/GMT_WEB_800x800px-1-800x800.jpg 800w\" sizes=\"auto, (max-width: 2560px) 100vw, 2560px\" \/><div class=\"wp-block-cover__inner-container is-layout-flow wp-block-cover-is-layout-flow\">\n<p class=\"has-text-align-center has-white-color has-text-color has-large-font-size\"><strong>GMT OPREMA<\/strong><\/p>\n\n\n\n<div class=\"wp-block-buttons is-horizontal is-content-justification-center is-layout-flex wp-container-core-buttons-is-layout-499968f5 wp-block-buttons-is-layout-flex\">\n<div class=\"wp-block-button\"><a class=\"wp-block-button__link has-black-color has-text-color has-background wp-element-button\" href=\"https:\/\/www.tele-radio.com\/hr\/gmt-sjekaci-stabala\/\" style=\"border-radius:6px;background-color:#fabb00\"><strong>PRO\u010cITAJ VI\u0160E<\/strong><\/a><\/div>\n<\/div>\n\n\n\n<p><\/p>\n<\/div><\/div>\n<\/div>\n\n\n\n<div class=\"wp-block-column is-layout-flow wp-block-column-is-layout-flow\">\n<div class=\"wp-block-cover\"><span aria-hidden=\"true\" class=\"wp-block-cover__background has-black-background-color has-background-dim-30 has-background-dim\"><\/span><img loading=\"lazy\" decoding=\"async\" width=\"2560\" height=\"1713\" class=\"wp-block-cover__image-background wp-image-95789\" alt=\"\" src=\"https:\/\/www.tele-radio.com\/app\/uploads\/In_Truck_Final_movement-1-scaled.jpg\" data-object-fit=\"cover\" srcset=\"https:\/\/www.tele-radio.com\/app\/uploads\/In_Truck_Final_movement-1-scaled.jpg 2560w, https:\/\/www.tele-radio.com\/app\/uploads\/In_Truck_Final_movement-1-400x268.jpg 400w, https:\/\/www.tele-radio.com\/app\/uploads\/In_Truck_Final_movement-1-1200x803.jpg 1200w, https:\/\/www.tele-radio.com\/app\/uploads\/In_Truck_Final_movement-1-768x514.jpg 768w, https:\/\/www.tele-radio.com\/app\/uploads\/In_Truck_Final_movement-1-1536x1028.jpg 1536w, https:\/\/www.tele-radio.com\/app\/uploads\/In_Truck_Final_movement-1-750x502.jpg 750w, https:\/\/www.tele-radio.com\/app\/uploads\/In_Truck_Final_movement-1-500x335.jpg 500w, https:\/\/www.tele-radio.com\/app\/uploads\/In_Truck_Final_movement-1-1600x1071.jpg 1600w, https:\/\/www.tele-radio.com\/app\/uploads\/In_Truck_Final_movement-1-800x535.jpg 800w\" sizes=\"auto, (max-width: 2560px) 100vw, 2560px\" \/><div class=\"wp-block-cover__inner-container is-layout-flow wp-block-cover-is-layout-flow\">\n<p class=\"has-text-align-center has-large-font-size\"><strong>BUDU\u0106NOST JE BE\u017dI\u010cNA:<\/strong> TELE RADIO EXSTER<\/p>\n\n\n\n<div class=\"wp-block-buttons is-horizontal is-content-justification-center is-layout-flex wp-container-core-buttons-is-layout-499968f5 wp-block-buttons-is-layout-flex\">\n<div class=\"wp-block-button\"><a class=\"wp-block-button__link has-black-color has-text-color has-background wp-element-button\" href=\"https:\/\/www.tele-radio.com\/hr\/tele-radio-volvo-exster\/\" style=\"border-radius:7px;background-color:#fabb00\"><strong>PRO\u010cITAJ VI\u0160E<\/strong><\/a><\/div>\n<\/div>\n<\/div><\/div>\n<\/div>\n<\/div>\n\n\n\n<div class=\"wp-block-columns is-layout-flex wp-container-core-columns-is-layout-9d6595d7 wp-block-columns-is-layout-flex\">\n<div class=\"wp-block-column is-layout-flow wp-block-column-is-layout-flow\">\n<div class=\"wp-block-cover is-light\"><span aria-hidden=\"true\" class=\"wp-block-cover__background has-black-background-color has-background-dim-40 has-background-dim\"><\/span><img loading=\"lazy\" decoding=\"async\" width=\"1200\" height=\"675\" class=\"wp-block-cover__image-background wp-image-32857\" alt=\"\" src=\"https:\/\/www.tele-radio.com\/app\/uploads\/volvo-trucks-remote-control-segre-1.jpg\" data-object-fit=\"cover\" srcset=\"https:\/\/www.tele-radio.com\/app\/uploads\/volvo-trucks-remote-control-segre-1.jpg 1200w, https:\/\/www.tele-radio.com\/app\/uploads\/volvo-trucks-remote-control-segre-1-400x225.jpg 400w, https:\/\/www.tele-radio.com\/app\/uploads\/volvo-trucks-remote-control-segre-1-768x432.jpg 768w, https:\/\/www.tele-radio.com\/app\/uploads\/volvo-trucks-remote-control-segre-1-750x422.jpg 750w, https:\/\/www.tele-radio.com\/app\/uploads\/volvo-trucks-remote-control-segre-1-500x281.jpg 500w, https:\/\/www.tele-radio.com\/app\/uploads\/volvo-trucks-remote-control-segre-1-800x450.jpg 800w\" sizes=\"auto, (max-width: 1200px) 100vw, 1200px\" \/><div class=\"wp-block-cover__inner-container is-layout-flow wp-block-cover-is-layout-flow\">\n<p class=\"has-text-align-center has-white-color has-text-color has-large-font-size\"><strong>Volvo kamioni \u2013 Reus Fleming<\/strong><br>Daljinski upravlja\u010d za Volvo kamion Reus Fleming<strong><br><\/strong><\/p>\n\n\n\n<div class=\"wp-block-buttons is-horizontal is-content-justification-center is-layout-flex wp-container-core-buttons-is-layout-499968f5 wp-block-buttons-is-layout-flex\">\n<div class=\"wp-block-button\"><a class=\"wp-block-button__link has-black-color has-text-color has-background wp-element-button\" href=\"https:\/\/www.tele-radio.com\/hr\/volvo-kamioni-reus-fleming\/\" style=\"border-radius:7px;background-color:#fabb00\"><strong>PRO\u010cITAJ VI\u0160E<\/strong><\/a><\/div>\n<\/div>\n<\/div><\/div>\n<\/div>\n\n\n\n<div class=\"wp-block-column is-layout-flow wp-block-column-is-layout-flow\">\n<div class=\"wp-block-cover is-light\"><span aria-hidden=\"true\" class=\"wp-block-cover__background has-black-background-color has-background-dim-40 has-background-dim\"><\/span><img loading=\"lazy\" decoding=\"async\" width=\"800\" height=\"800\" class=\"wp-block-cover__image-background wp-image-39508\" alt=\"\" src=\"https:\/\/www.tele-radio.com\/app\/uploads\/munck-2.jpg\" data-object-fit=\"cover\" srcset=\"https:\/\/www.tele-radio.com\/app\/uploads\/munck-2.jpg 800w, https:\/\/www.tele-radio.com\/app\/uploads\/munck-2-150x150.jpg 150w, https:\/\/www.tele-radio.com\/app\/uploads\/munck-2-400x400.jpg 400w, https:\/\/www.tele-radio.com\/app\/uploads\/munck-2-768x768.jpg 768w, https:\/\/www.tele-radio.com\/app\/uploads\/munck-2-250x250.jpg 250w, https:\/\/www.tele-radio.com\/app\/uploads\/munck-2-750x750.jpg 750w, https:\/\/www.tele-radio.com\/app\/uploads\/munck-2-500x500.jpg 500w\" sizes=\"auto, (max-width: 800px) 100vw, 800px\" \/><div class=\"wp-block-cover__inner-container is-layout-flow wp-block-cover-is-layout-flow\">\n<p class=\"has-text-align-center has-white-color has-text-color has-large-font-size\"><strong>Munck Cranes A\/S<br><\/strong>Prvi u dizalicama na daljinsko upravljanje<\/p>\n\n\n\n<div class=\"wp-block-buttons is-horizontal is-content-justification-center is-layout-flex wp-container-core-buttons-is-layout-499968f5 wp-block-buttons-is-layout-flex\">\n<div class=\"wp-block-button\"><a class=\"wp-block-button__link has-black-color has-luminous-vivid-amber-background-color has-text-color has-background wp-element-button\" href=\"https:\/\/www.tele-radio.com\/hr\/munck-cranes-a-s\/\" style=\"border-radius:7px\"><strong>PRO\u010cITAJ VI\u0160E<\/strong><\/a><\/div>\n<\/div>\n<\/div><\/div>\n<\/div>\n<\/div>\n\n\n\n<div class=\"wp-block-columns is-layout-flex wp-container-core-columns-is-layout-9d6595d7 wp-block-columns-is-layout-flex\">\n<div class=\"wp-block-column is-layout-flow wp-block-column-is-layout-flow\">\n<div class=\"wp-block-cover\"><span aria-hidden=\"true\" class=\"wp-block-cover__background has-black-background-color has-background-dim-40 has-background-dim\"><\/span><img loading=\"lazy\" decoding=\"async\" width=\"800\" height=\"800\" class=\"wp-block-cover__image-background wp-image-39487\" alt=\"\" src=\"https:\/\/www.tele-radio.com\/app\/uploads\/Thames-1.jpg\" data-object-fit=\"cover\" srcset=\"https:\/\/www.tele-radio.com\/app\/uploads\/Thames-1.jpg 800w, https:\/\/www.tele-radio.com\/app\/uploads\/Thames-1-150x150.jpg 150w, https:\/\/www.tele-radio.com\/app\/uploads\/Thames-1-400x400.jpg 400w, https:\/\/www.tele-radio.com\/app\/uploads\/Thames-1-768x768.jpg 768w, https:\/\/www.tele-radio.com\/app\/uploads\/Thames-1-250x250.jpg 250w, https:\/\/www.tele-radio.com\/app\/uploads\/Thames-1-750x750.jpg 750w, https:\/\/www.tele-radio.com\/app\/uploads\/Thames-1-500x500.jpg 500w\" sizes=\"auto, (max-width: 800px) 100vw, 800px\" \/><div class=\"wp-block-cover__inner-container is-layout-flow wp-block-cover-is-layout-flow\">\n<p class=\"has-text-align-center has-large-font-size\"><strong>Thames Reinforcements Ltd<br><\/strong>Proizvo\u0111a\u010d \u010deli\u010dne armature<\/p>\n\n\n\n<div class=\"wp-block-buttons is-horizontal is-content-justification-center is-layout-flex wp-container-core-buttons-is-layout-499968f5 wp-block-buttons-is-layout-flex\">\n<div class=\"wp-block-button\"><a class=\"wp-block-button__link has-black-color has-luminous-vivid-amber-background-color has-text-color has-background wp-element-button\" href=\"https:\/\/www.tele-radio.com\/hr\/thames-reinforcements-ltd\/\" style=\"border-radius:7px\"><strong>PRO\u010cITAJ VI\u0160E<\/strong><\/a><\/div>\n<\/div>\n<\/div><\/div>\n<\/div>\n\n\n\n<div class=\"wp-block-column is-layout-flow wp-block-column-is-layout-flow\">\n<div class=\"wp-block-cover\"><span aria-hidden=\"true\" class=\"wp-block-cover__background has-black-background-color has-background-dim-40 has-background-dim\"><\/span><img loading=\"lazy\" decoding=\"async\" width=\"800\" height=\"800\" class=\"wp-block-cover__image-background wp-image-39466\" alt=\"\" src=\"https:\/\/www.tele-radio.com\/app\/uploads\/easysilage-1.jpg\" data-object-fit=\"cover\" srcset=\"https:\/\/www.tele-radio.com\/app\/uploads\/easysilage-1.jpg 800w, https:\/\/www.tele-radio.com\/app\/uploads\/easysilage-1-150x150.jpg 150w, https:\/\/www.tele-radio.com\/app\/uploads\/easysilage-1-400x400.jpg 400w, https:\/\/www.tele-radio.com\/app\/uploads\/easysilage-1-768x768.jpg 768w, https:\/\/www.tele-radio.com\/app\/uploads\/easysilage-1-250x250.jpg 250w, https:\/\/www.tele-radio.com\/app\/uploads\/easysilage-1-750x750.jpg 750w, https:\/\/www.tele-radio.com\/app\/uploads\/easysilage-1-500x500.jpg 500w\" sizes=\"auto, (max-width: 800px) 100vw, 800px\" \/><div class=\"wp-block-cover__inner-container is-layout-flow wp-block-cover-is-layout-flow\">\n<p class=\"has-text-align-center has-large-font-size\"><strong>Easy Silage BV<br><\/strong>Sustavi pokrivanja silosa<\/p>\n\n\n\n<div class=\"wp-block-buttons is-horizontal is-content-justification-center is-layout-flex wp-container-core-buttons-is-layout-499968f5 wp-block-buttons-is-layout-flex\">\n<div class=\"wp-block-button\"><a class=\"wp-block-button__link has-black-color has-text-color has-background wp-element-button\" href=\"https:\/\/www.tele-radio.com\/hr\/easy-silage\/\" style=\"border-radius:7px;background-color:#fabb00\"><strong>PRO\u010cITAJ VI\u0160E<\/strong><\/a><\/div>\n<\/div>\n<\/div><\/div>\n<\/div>\n\n\n\n<div class=\"wp-block-column is-layout-flow wp-block-column-is-layout-flow\">\n<div class=\"wp-block-cover is-light\"><span aria-hidden=\"true\" class=\"wp-block-cover__background has-black-background-color has-background-dim-40 has-background-dim\"><\/span><img loading=\"lazy\" decoding=\"async\" width=\"800\" height=\"800\" class=\"wp-block-cover__image-background wp-image-39444\" alt=\"\" src=\"https:\/\/www.tele-radio.com\/app\/uploads\/europrima-1.jpg\" data-object-fit=\"cover\" srcset=\"https:\/\/www.tele-radio.com\/app\/uploads\/europrima-1.jpg 800w, https:\/\/www.tele-radio.com\/app\/uploads\/europrima-1-150x150.jpg 150w, https:\/\/www.tele-radio.com\/app\/uploads\/europrima-1-400x400.jpg 400w, https:\/\/www.tele-radio.com\/app\/uploads\/europrima-1-768x768.jpg 768w, https:\/\/www.tele-radio.com\/app\/uploads\/europrima-1-250x250.jpg 250w, https:\/\/www.tele-radio.com\/app\/uploads\/europrima-1-750x750.jpg 750w, https:\/\/www.tele-radio.com\/app\/uploads\/europrima-1-500x500.jpg 500w\" sizes=\"auto, (max-width: 800px) 100vw, 800px\" \/><div class=\"wp-block-cover__inner-container is-layout-flow wp-block-cover-is-layout-flow\">\n<p class=\"has-text-align-center has-white-color has-text-color has-large-font-size\"><strong>Euro Prima Doo<br><\/strong>Specijalist u berbi ljekovitog bilja<\/p>\n\n\n\n<div class=\"wp-block-buttons is-horizontal is-content-justification-center is-layout-flex wp-container-core-buttons-is-layout-499968f5 wp-block-buttons-is-layout-flex\">\n<div class=\"wp-block-button\"><a class=\"wp-block-button__link has-black-color has-text-color has-background wp-element-button\" href=\"https:\/\/www.tele-radio.com\/hr\/euro-prima-doo\/\" style=\"border-radius:7px;background-color:#fabb00\"><strong>PRO\u010cITAJ VI\u0160E<\/strong><\/a><\/div>\n<\/div>\n<\/div><\/div>\n<\/div>\n<\/div>\n","protected":false},"excerpt":{"rendered":"<p>Od strojeva do dizalica, za kompleksne probleme nudimo rje\u0161enja prilago\u0111ena \u017eeljama kupca-custom made solutions. Realiziramo mnoge projekte. Pro\u010ditajte vi\u0161e o na\u0161im projektima na na\u0161oj stranici:<\/p>\n","protected":false},"author":29,"featured_media":0,"parent":0,"menu_order":0,"comment_status":"closed","ping_status":"closed","template":"","meta":{"_acf_changed":false,"footnotes":""},"class_list":["post-6582","page","type-page","status-publish","hentry"],"acf":[],"_links":{"self":[{"href":"https:\/\/www.tele-radio.com\/hr\/wp-json\/wp\/v2\/pages\/6582","targetHints":{"allow":["GET"]}}],"collection":[{"href":"https:\/\/www.tele-radio.com\/hr\/wp-json\/wp\/v2\/pages"}],"about":[{"href":"https:\/\/www.tele-radio.com\/hr\/wp-json\/wp\/v2\/types\/page"}],"author":[{"embeddable":true,"href":"https:\/\/www.tele-radio.com\/hr\/wp-json\/wp\/v2\/users\/29"}],"replies":[{"embeddable":true,"href":"https:\/\/www.tele-radio.com\/hr\/wp-json\/wp\/v2\/comments?post=6582"}],"version-history":[{"count":37,"href":"https:\/\/www.tele-radio.com\/hr\/wp-json\/wp\/v2\/pages\/6582\/revisions"}],"predecessor-version":[{"id":198646,"href":"https:\/\/www.tele-radio.com\/hr\/wp-json\/wp\/v2\/pages\/6582\/revisions\/198646"}],"wp:attachment":[{"href":"https:\/\/www.tele-radio.com\/hr\/wp-json\/wp\/v2\/media?parent=6582"}],"curies":[{"name":"wp","href":"https:\/\/api.w.org\/{rel}","templated":true}]}}