{"id":6558,"date":"2018-05-13T20:05:40","date_gmt":"2018-05-13T20:05:40","guid":{"rendered":"https:\/\/www.tele-radio.com\/munck-cranes-a-s\/"},"modified":"2019-08-30T06:50:39","modified_gmt":"2019-08-30T06:50:39","slug":"munck-cranes-a-s","status":"publish","type":"page","link":"https:\/\/www.tele-radio.com\/hr\/munck-cranes-a-s\/","title":{"rendered":"Munck Cranes A\/S"},"content":{"rendered":"<h1>Munck Cranes A\/S<\/h1>\n<p>Kompanija Munck Cranes je proizvo\u0111a\u010d dizalica iz Bergena, Norve\u0161ka. Kompanija je osnovana 1924. od gosp. Sverre Muncka i zapo\u010dela je svoju povijest kao trgova\u010dka kompanija koja prodaje stepenice, dizala i dizalice. Kompanija Munck je jedan od pionira Norve\u0161ke izvozne industrije. Prva Munck dizalica izvezena je davne 1948. u \u0160vedsku, a potom iste godine i u Englesku. Nakon toga izvoz u mnoge prekomorske zemlje je rapidno narastao.<\/p>\n<h2>Svjetski dobavlja\u010d<\/h2>\n<p>Kasnije, u pedesetim i \u0161ezdesetim, sestrinske tvrtke osnovane su u SAD-u, Kanadi, Velikoj Britaniji, \u0160vedskoj, Brazilu, Belgiji. Mre\u017ea partnera je uspostavljena u ostalim dijelovima svijeta. Jo\u0161 i danas, Munck tijesno sura\u0111uje sa mnogim od ovih kompanija, iako su one vo\u0111ene od strane lokalnih vlasnika. Trenutno Munck Cranes opskrbljuje globalno tr\u017ei\u0161te svojim proizvodima, a sama norve\u0161ka tvornica godi\u0161nje isporu\u010duje 750 dizalica, sa ostalim Munck lokacijama godi\u0161nje ta brojka prelazi preko 1000 dizalica.<\/p>\n<h2>Prvi u daljinski upravljanim dizalicama<\/h2>\n<p>Munck je bio prvi proizvo\u0111a\u010d dizalica koji je odbacio kabelsku kontrolu kao standard na svojim dizalicama i zamijenio je sa daljinskom kontrolom. Ako ste htjeli kabelsku kontrolu morali ste je uzeti odvojeno; uklanjanje kabelske kontrole je bilo ne\u010duveno u industriji i izazvalo je val nezadovoljstva od strane konkurencije. Gledaju\u0107i unatrag ne mo\u017eete tvrditi da Munck nije bio pionir u tehni\u010dkom napretku kontrole dizalice kroz ovaj hrabri \u010din.<\/p>\n<blockquote><p>\u201cKoristimo Tele Radio zbog izvanredne usluge i podr\u0161ke, \u0161to je jako va\u017eno za nas i na\u0161e poslovanje.\u201d<\/p><\/blockquote>\n<p>Ka\u017ee Rune Wab\u00f8, Generalni direktor Munck Cranes.<\/p>\n","protected":false},"excerpt":{"rendered":"<p>Munck Cranes A\/S Kompanija Munck Cranes je proizvo\u0111a\u010d dizalica iz Bergena, Norve\u0161ka. Kompanija je osnovana 1924. od gosp. Sverre Muncka i zapo\u010dela je svoju povijest kao trgova\u010dka kompanija koja prodaje stepenice, dizala i dizalice. Kompanija Munck je jedan od pionira Norve\u0161ke izvozne industrije. Prva Munck dizalica izvezena je davne 1948. u \u0160vedsku, a potom iste [&hellip;]<\/p>\n","protected":false},"author":29,"featured_media":9713,"parent":0,"menu_order":0,"comment_status":"closed","ping_status":"closed","template":"","meta":{"_acf_changed":false,"footnotes":""},"class_list":["post-6558","page","type-page","status-publish","has-post-thumbnail","hentry"],"acf":[],"_links":{"self":[{"href":"https:\/\/www.tele-radio.com\/hr\/wp-json\/wp\/v2\/pages\/6558","targetHints":{"allow":["GET"]}}],"collection":[{"href":"https:\/\/www.tele-radio.com\/hr\/wp-json\/wp\/v2\/pages"}],"about":[{"href":"https:\/\/www.tele-radio.com\/hr\/wp-json\/wp\/v2\/types\/page"}],"author":[{"embeddable":true,"href":"https:\/\/www.tele-radio.com\/hr\/wp-json\/wp\/v2\/users\/29"}],"replies":[{"embeddable":true,"href":"https:\/\/www.tele-radio.com\/hr\/wp-json\/wp\/v2\/comments?post=6558"}],"version-history":[{"count":4,"href":"https:\/\/www.tele-radio.com\/hr\/wp-json\/wp\/v2\/pages\/6558\/revisions"}],"predecessor-version":[{"id":7225,"href":"https:\/\/www.tele-radio.com\/hr\/wp-json\/wp\/v2\/pages\/6558\/revisions\/7225"}],"wp:featuredmedia":[{"embeddable":true,"href":"https:\/\/www.tele-radio.com\/hr\/wp-json\/wp\/v2\/media\/9713"}],"wp:attachment":[{"href":"https:\/\/www.tele-radio.com\/hr\/wp-json\/wp\/v2\/media?parent=6558"}],"curies":[{"name":"wp","href":"https:\/\/api.w.org\/{rel}","templated":true}]}}