{"id":6510,"date":"2018-05-14T06:20:21","date_gmt":"2018-05-14T06:20:21","guid":{"rendered":"https:\/\/www.tele-radio.com\/easy-silage\/"},"modified":"2019-08-30T06:54:49","modified_gmt":"2019-08-30T06:54:49","slug":"easy-silage","status":"publish","type":"page","link":"https:\/\/www.tele-radio.com\/hr\/easy-silage\/","title":{"rendered":"Easy Silage BV"},"content":{"rendered":"<h1>Sustav za pokrivanje otvorenog horizontalnog silosa<\/h1>\n<p>Easy Silage BV su specijalisti u pokrivanju horizontalnih silosa. Kompanija je smje\u0161tena u Dearsumu u centru provincije Frieslland, poznate kao mlije\u010dna provincija Nizozemske.<\/p>\n<h2>Napravljen da pristaje<\/h2>\n<p>Easy Silage pokrovni sustav je pogodan za otvorene horizontalne silose do 100m du\u017eine i 25 metri \u0161irine. Operacije se daljinski kontroliraju pomo\u0107u Panther sustava za daljinsko upravljanje od Tele Radija.\u00a0Budu\u0107i da su sve farme jedinstvene u na\u010dinu na koji oni rade, pokrovni sustavi se izra\u0111uju prema jedinstvenim specifikacijama. Uglavnom, postoje tri komponente aplikacije; sustav tra\u010dnica, vitlo i portalni sustav<\/p>\n<h2>Fleksibilni sustav<\/h2>\n<p>Sustavi tra\u010dnica i vitla pristaju skoro svim postoje\u0107im silosima. Stroj sa rolo mehanizmom se kre\u0107e preko kanala. Prijemnik je montiran na zid pomo\u0107u posebnih dr\u017ea\u010da. Vitlo se mo\u017ee koristiti na vi\u0161e silosa, zahvaljuju\u0107i posebnoj konstrukciji. Pomo\u0107u traktora ili teleskopskog utovariva\u010da operater mo\u017ee lagano premjestiti stroj za pokrivanje iz jednog silosa na drugi.<\/p>\n<h2>Zamjena fiksne upravlja\u010dke plo\u010de<\/h2>\n<p>Korisnik se preselio iz fiksnih kontrola na daljinsko upravljanje jer pru\u017ea operateru bolji pogled na operacije koje bi ina\u010de bile dijelom zasjenjene od mjesta na kojem su montirane izvorne kontrole. Tele Radio BV o\u010dekuje isporuku najmanje 40 sustava Easy Silage BV godi\u0161nje.<\/p>\n","protected":false},"excerpt":{"rendered":"<p>Sustav za pokrivanje otvorenog horizontalnog silosa Easy Silage BV su specijalisti u pokrivanju horizontalnih silosa. Kompanija je smje\u0161tena u Dearsumu u centru provincije Frieslland, poznate kao mlije\u010dna provincija Nizozemske. Napravljen da pristaje Easy Silage pokrovni sustav je pogodan za otvorene horizontalne silose do 100m du\u017eine i 25 metri \u0161irine. Operacije se daljinski kontroliraju pomo\u0107u Panther [&hellip;]<\/p>\n","protected":false},"author":29,"featured_media":9785,"parent":0,"menu_order":0,"comment_status":"closed","ping_status":"closed","template":"","meta":{"_acf_changed":false,"footnotes":""},"class_list":["post-6510","page","type-page","status-publish","has-post-thumbnail","hentry"],"acf":[],"_links":{"self":[{"href":"https:\/\/www.tele-radio.com\/hr\/wp-json\/wp\/v2\/pages\/6510","targetHints":{"allow":["GET"]}}],"collection":[{"href":"https:\/\/www.tele-radio.com\/hr\/wp-json\/wp\/v2\/pages"}],"about":[{"href":"https:\/\/www.tele-radio.com\/hr\/wp-json\/wp\/v2\/types\/page"}],"author":[{"embeddable":true,"href":"https:\/\/www.tele-radio.com\/hr\/wp-json\/wp\/v2\/users\/29"}],"replies":[{"embeddable":true,"href":"https:\/\/www.tele-radio.com\/hr\/wp-json\/wp\/v2\/comments?post=6510"}],"version-history":[{"count":5,"href":"https:\/\/www.tele-radio.com\/hr\/wp-json\/wp\/v2\/pages\/6510\/revisions"}],"predecessor-version":[{"id":7220,"href":"https:\/\/www.tele-radio.com\/hr\/wp-json\/wp\/v2\/pages\/6510\/revisions\/7220"}],"wp:featuredmedia":[{"embeddable":true,"href":"https:\/\/www.tele-radio.com\/hr\/wp-json\/wp\/v2\/media\/9785"}],"wp:attachment":[{"href":"https:\/\/www.tele-radio.com\/hr\/wp-json\/wp\/v2\/media?parent=6510"}],"curies":[{"name":"wp","href":"https:\/\/api.w.org\/{rel}","templated":true}]}}