{"id":6486,"date":"2018-05-14T09:08:21","date_gmt":"2018-05-14T09:08:21","guid":{"rendered":"https:\/\/www.tele-radio.com\/euro-prima-doo\/"},"modified":"2021-10-07T10:25:03","modified_gmt":"2021-10-07T10:25:03","slug":"euro-prima-doo","status":"publish","type":"page","link":"https:\/\/www.tele-radio.com\/hr\/euro-prima-doo\/","title":{"rendered":"Euro Prima d.o.o"},"content":{"rendered":"<h1>Specijalisti u berbi ljekovitih bilja<\/h1>\n<p>Tvrtka Euro Prima d.o.o. je proizvo\u0111a\u010d strojeva specijaliziranih za berbu ljekovitih biljaka i bilja poput ru\u017emarina, metvice, limunske trave, per\u0161ina i mnogih drugih. Tvrtka ima sjedi\u0161te u Novom Sadu u Srbiji s kupcima u vi\u0161e od 50 zemalja \u0161irom svijeta.<\/p>\n<h2>Jednostavnije i prikladnije uz Tele Radio proizvode<\/h2>\n<p>Na slici gore nalazi se bera\u010dica NB 2005 V, jedinica za berbu koja je izra\u0111ena za kamilicu, mentu i druga bilja. Bera\u010dica prolazi preko biljaka, priklju\u010dena na traktor, odvajaju\u0107i cvije\u0107e od stabljike te ostavljaju\u0107i ve\u0107inu biljke netaknuto. Tvrtka i njezini klijenti iskusili su probleme i neugodnosti prilago\u0111avaju\u0107i se radu sa kabelskim upravljanjem iz kabine traktora. Pomo\u0107u Tele Radio sustava radio daljinskog upravljanja, operater mo\u017ee lako kontrolirati bera\u010dicu a da ne mora napustiti klimatiziranu kabinu traktora rade\u0107i u vru\u0107im poljoprivrednim poljima.<\/p>\n<p>Za upravljanje ovom aplikacijom klijent se odlu\u010dio za Tiger G2 sustave koji se sastoje od predajnika TG-T9-1 i prijemnika TG-R4-1. Postavke sistema omogu\u0107uju upotrebu me\u0111usobno povezanih grupa releja koje isklju\u010duju jednu funkciju tijekom pokretanja druge te je uz to ostvarena povratna informacija na relaciji predajnik-prijemnik u obliku LED indikacije na predajniku. Ovo rje\u0161enje je zadovoljilo sve potrebe klijenta i njegovih krajnjih korisnika te se tako\u0111er pokazalo vrlo jednostavnim za instalaciju na samu aplikaciju.<\/p>\n","protected":false},"excerpt":{"rendered":"<p>Specijalisti u berbi ljekovitih bilja Tvrtka Euro Prima d.o.o. je proizvo\u0111a\u010d strojeva specijaliziranih za berbu ljekovitih biljaka i bilja poput ru\u017emarina, metvice, limunske trave, per\u0161ina i mnogih drugih. Tvrtka ima sjedi\u0161te u Novom Sadu u Srbiji s kupcima u vi\u0161e od 50 zemalja \u0161irom svijeta. Jednostavnije i prikladnije uz Tele Radio proizvode Na slici gore [&hellip;]<\/p>\n","protected":false},"author":29,"featured_media":9821,"parent":0,"menu_order":0,"comment_status":"closed","ping_status":"closed","template":"","meta":{"_acf_changed":false,"footnotes":""},"class_list":["post-6486","page","type-page","status-publish","has-post-thumbnail","hentry"],"acf":[],"_links":{"self":[{"href":"https:\/\/www.tele-radio.com\/hr\/wp-json\/wp\/v2\/pages\/6486","targetHints":{"allow":["GET"]}}],"collection":[{"href":"https:\/\/www.tele-radio.com\/hr\/wp-json\/wp\/v2\/pages"}],"about":[{"href":"https:\/\/www.tele-radio.com\/hr\/wp-json\/wp\/v2\/types\/page"}],"author":[{"embeddable":true,"href":"https:\/\/www.tele-radio.com\/hr\/wp-json\/wp\/v2\/users\/29"}],"replies":[{"embeddable":true,"href":"https:\/\/www.tele-radio.com\/hr\/wp-json\/wp\/v2\/comments?post=6486"}],"version-history":[{"count":7,"href":"https:\/\/www.tele-radio.com\/hr\/wp-json\/wp\/v2\/pages\/6486\/revisions"}],"predecessor-version":[{"id":82833,"href":"https:\/\/www.tele-radio.com\/hr\/wp-json\/wp\/v2\/pages\/6486\/revisions\/82833"}],"wp:featuredmedia":[{"embeddable":true,"href":"https:\/\/www.tele-radio.com\/hr\/wp-json\/wp\/v2\/media\/9821"}],"wp:attachment":[{"href":"https:\/\/www.tele-radio.com\/hr\/wp-json\/wp\/v2\/media?parent=6486"}],"curies":[{"name":"wp","href":"https:\/\/api.w.org\/{rel}","templated":true}]}}