{"id":6379,"date":"2018-05-10T13:37:16","date_gmt":"2018-05-10T13:37:16","guid":{"rendered":"https:\/\/www.tele-radio.com\/ethical-standards\/"},"modified":"2024-02-16T11:04:33","modified_gmt":"2024-02-16T11:04:33","slug":"eticki-standardi","status":"publish","type":"page","link":"https:\/\/www.tele-radio.com\/hr\/eticki-standardi\/","title":{"rendered":"Eti\u010dki standardi"},"content":{"rendered":"<h1>Eti\u010dki standardi<\/h1>\n<h2>Tele Radio provodi dru\u0161tvene i ekolo\u0161ke standarde<\/h2>\n<p>Tele Radio vjeruje u za\u0161titu okoli\u0161a i samim time poti\u010de na smanjenje, ponovnu upotrebu i recikliranje otpadnog materijala u najve\u0107oj mjeri koliko je mogu\u0107e, \u0161to je ujedno i pogodno za navedeno poslovanje. Tele Radio dodatno poti\u010de dobavlja\u010de da smanje vi\u0161ak ambala\u017ee upotrebom recikliranih i netoksi\u010dnih materijala koliko god je to mogu\u0107e. Emisije s bilo kojeg mjesta poslovanja biti \u0107e smanjene kako bi se umanjile \u0161tetnosti za okoli\u0161 te je na snazi plan kako smanjiti rizik od emisija u budu\u0107nosti.<\/p>\n<h2>Sigurno okru\u017eenje na radnom mjestu<\/h2>\n<p>Tele Radio odr\u017eava sigurno, \u010disto, zdravo i produktivno okru\u017eenje za zaposlenike i o\u010dekuje isto od svojih dobavlja\u010da partnera. Partneri dobavlja\u010di moraju osigurati zaposlenicima sigurne i zdrave radne uvjete. Tvornicei koje rade s Tele Radio proizvodima moraju pru\u017eiti odgovaraju\u0107e zdravstvene usluge, vatrogasne izlaze, sigurnosnu opremu, dobro osvijetljene i udobne radne stanice, te \u010diste sanitarne prostorije. Tele Radio ne\u0107e prihvatiti posao dobavlja\u010dima koji pru\u017eaju nezdravu ili opasnu radnu okolinu ili koji upotrebljavaju nedozvoljene mentalne ili fizi\u010dke disciplinske kazne.<\/p>\n<h2>Protiv diskriminacije<\/h2>\n<p>Tele Radio prepoznaje da postoje kulturne razlike i standardi u razli\u010ditim zemljama; me\u0111utim, Tele Radio smatra da se odredbe i uvjeti zapo\u0161ljavanja temelje na sposobnosti pojedinca da obavlja posao, a ne na temelju osobnih karakteristika ili uvjerenja. Tele Radio zahtijeva kako od sebe tako i od vanjskih partnera dobavlja\u010da da podr\u017eavaju temeljna na\u010dela ljudskih prava, da izostave diskriminiranje zaposlenika na temelju rase, boje, nacionalnog podrijetla, spola, vjere, invaliditeta, seksualne orijentacije ili politi\u010dkog mi\u0161ljenja.<\/p>\n<h2>Dje\u010dji rad se ne tolerira<\/h2>\n<p>Tele Radio ne dopu\u0161ta upotrebu dje\u010djeg rada u dizajnu ili proizvodnji proizvoda koje kupuje ili prodaje. Tele Radio ne\u0107e prihvatiti proizvode od dobavlja\u010da partnera koji koriste bilo kakav dje\u010dji rad kroz ugovaranje, podugovaranje ili kroz bilo koje druge odnose za proizvodnju svojih proizvoda i usluga.<\/p>\n<h2>Pro\u010ditajte na\u0161 cijeli Kodeks pona\u0161anja<\/h2>\n<p><a href=\"https:\/\/api.tele-radio.com\/api\/files\/1990\">Na\u0161 cjelokupni Kodeks pona\u0161anja mo\u017ee se pogledati ovdje.<\/a><\/p>\n","protected":false},"excerpt":{"rendered":"<p>Eti\u010dki standardi Tele Radio provodi dru\u0161tvene i ekolo\u0161ke standarde Tele Radio vjeruje u za\u0161titu okoli\u0161a i samim time poti\u010de na smanjenje, ponovnu upotrebu i recikliranje otpadnog materijala u najve\u0107oj mjeri koliko je mogu\u0107e, \u0161to je ujedno i pogodno za navedeno poslovanje. Tele Radio dodatno poti\u010de dobavlja\u010de da smanje vi\u0161ak ambala\u017ee upotrebom recikliranih i netoksi\u010dnih materijala [&hellip;]<\/p>\n","protected":false},"author":29,"featured_media":9695,"parent":0,"menu_order":0,"comment_status":"closed","ping_status":"closed","template":"","meta":{"_acf_changed":false,"footnotes":""},"class_list":["post-6379","page","type-page","status-publish","has-post-thumbnail","hentry"],"acf":[],"_links":{"self":[{"href":"https:\/\/www.tele-radio.com\/hr\/wp-json\/wp\/v2\/pages\/6379","targetHints":{"allow":["GET"]}}],"collection":[{"href":"https:\/\/www.tele-radio.com\/hr\/wp-json\/wp\/v2\/pages"}],"about":[{"href":"https:\/\/www.tele-radio.com\/hr\/wp-json\/wp\/v2\/types\/page"}],"author":[{"embeddable":true,"href":"https:\/\/www.tele-radio.com\/hr\/wp-json\/wp\/v2\/users\/29"}],"replies":[{"embeddable":true,"href":"https:\/\/www.tele-radio.com\/hr\/wp-json\/wp\/v2\/comments?post=6379"}],"version-history":[{"count":5,"href":"https:\/\/www.tele-radio.com\/hr\/wp-json\/wp\/v2\/pages\/6379\/revisions"}],"predecessor-version":[{"id":210041,"href":"https:\/\/www.tele-radio.com\/hr\/wp-json\/wp\/v2\/pages\/6379\/revisions\/210041"}],"wp:featuredmedia":[{"embeddable":true,"href":"https:\/\/www.tele-radio.com\/hr\/wp-json\/wp\/v2\/media\/9695"}],"wp:attachment":[{"href":"https:\/\/www.tele-radio.com\/hr\/wp-json\/wp\/v2\/media?parent=6379"}],"curies":[{"name":"wp","href":"https:\/\/api.w.org\/{rel}","templated":true}]}}