{"id":6360,"date":"2018-05-10T13:37:03","date_gmt":"2018-05-10T13:37:03","guid":{"rendered":"https:\/\/www.tele-radio.com\/iso-certifications\/"},"modified":"2019-08-30T07:04:56","modified_gmt":"2019-08-30T07:04:56","slug":"iso-certifikati","status":"publish","type":"page","link":"https:\/\/www.tele-radio.com\/hr\/iso-certifikati\/","title":{"rendered":"ISO certifikati"},"content":{"rendered":"<h1>Tele Radio je ISO certificirana tvrtka<\/h1>\n<p>Tele Radio AB je certificiran prema ISO 9001 sustavu upravljanja kvalitetom i sustavom upravljanja okoli\u0161em ISO 14001. To zna\u010di da se mo\u017eete pouzdati u na\u0161e kapacitete i znanje za obavljanje posla, da kontinuirano radimo kako bismo izbjegli ponavljanje pogre\u0161aka, da koristimo komponente koje su ekolo\u0161ki prihvatljive i na najbolji mogu\u0107i na\u010din, kako za poslovne putove tako i za transport, a sve u cilju o\u010duvanja okoli\u0161a.<\/p>\n<h2>ISO9001<\/h2>\n<p>Najva\u017eniji dijelovi certifikata ISO 9001 za sustave upravljanja su kvaliteta, odgovornost, resursi, razvoj proizvoda, kao i mjerenje, analiza i pobolj\u0161anje.<br \/>\n<a href=\"https:\/\/api.tele-radio.com\/api\/files\/1986\">Preuzmite ISO 9001 certfikat<\/a><\/p>\n<p><a href=\"https:\/\/api.tele-radio.com\/api\/files\/1986\"><img loading=\"lazy\" decoding=\"async\" class=\"aligncenter wp-image-6297 size-full\" src=\"https:\/\/www.tele-radio.com\/app\/uploads\/ISO9001.jpg\" alt=\"ISO9001 Tele Radio\" width=\"1200\" height=\"519\" srcset=\"https:\/\/www.tele-radio.com\/app\/uploads\/ISO9001.jpg 1200w, https:\/\/www.tele-radio.com\/app\/uploads\/ISO9001-400x173.jpg 400w, https:\/\/www.tele-radio.com\/app\/uploads\/ISO9001-768x332.jpg 768w, https:\/\/www.tele-radio.com\/app\/uploads\/ISO9001-750x324.jpg 750w, https:\/\/www.tele-radio.com\/app\/uploads\/ISO9001-500x216.jpg 500w, https:\/\/www.tele-radio.com\/app\/uploads\/ISO9001-800x346.jpg 800w\" sizes=\"auto, (max-width: 1200px) 100vw, 1200px\" \/><\/a><\/p>\n<h2>ISO14001<\/h2>\n<p>ISO 14001 zahtijeva da preuzmemo odgovornost za sprje\u010davanje zaga\u0111enja i da na\u0161a tvrtka preuzme punu odgovornost za pobolj\u0161avanje iz godine u godinu. U na\u0161em istra\u017eivanju i razvoju postavili smo jasan cilj da na\u0161i proizvodi zadovoljavaju standarde REACH i RoHS. REACH je regulacija Europske unije, usvojena radi pobolj\u0161anja za\u0161tite ljudskog zdravlja i okoli\u0161a od rizika koji mogu predstavljati kemikalije, a koja istodobno pove\u0107ava konkurentnost kemijske industrije EU.<\/p>\n<p><a href=\"https:\/\/api.tele-radio.com\/api\/files\/1987\">Preuzmite ISO 14001 certifikat<\/a><\/p>\n<p><a href=\"https:\/\/api.tele-radio.com\/api\/files\/1987\"><img loading=\"lazy\" decoding=\"async\" class=\"aligncenter wp-image-6298 size-full\" src=\"https:\/\/www.tele-radio.com\/app\/uploads\/ISO14001.jpg\" alt=\"ISO14001 Tele Radio\" width=\"1200\" height=\"555\" srcset=\"https:\/\/www.tele-radio.com\/app\/uploads\/ISO14001.jpg 1200w, https:\/\/www.tele-radio.com\/app\/uploads\/ISO14001-400x185.jpg 400w, https:\/\/www.tele-radio.com\/app\/uploads\/ISO14001-768x355.jpg 768w, https:\/\/www.tele-radio.com\/app\/uploads\/ISO14001-750x347.jpg 750w, https:\/\/www.tele-radio.com\/app\/uploads\/ISO14001-500x231.jpg 500w, https:\/\/www.tele-radio.com\/app\/uploads\/ISO14001-800x370.jpg 800w\" sizes=\"auto, (max-width: 1200px) 100vw, 1200px\" \/><\/a><\/p>\n<p>Direktiva o ograni\u010davanju opasnih tvari 2002\/95 \/ EC, RoHs kratko, opisuje ograni\u010denje uporabe odre\u0111enih opasnih tvari u elektri\u010dnoj i elektroni\u010dkoj opremi.<\/p>\n","protected":false},"excerpt":{"rendered":"<p>Tele Radio je ISO certificirana tvrtka Tele Radio AB je certificiran prema ISO 9001 sustavu upravljanja kvalitetom i sustavom upravljanja okoli\u0161em ISO 14001. To zna\u010di da se mo\u017eete pouzdati u na\u0161e kapacitete i znanje za obavljanje posla, da kontinuirano radimo kako bismo izbjegli ponavljanje pogre\u0161aka, da koristimo komponente koje su ekolo\u0161ki prihvatljive i na najbolji [&hellip;]<\/p>\n","protected":false},"author":29,"featured_media":9677,"parent":0,"menu_order":0,"comment_status":"closed","ping_status":"closed","template":"","meta":{"_acf_changed":false,"footnotes":""},"class_list":["post-6360","page","type-page","status-publish","has-post-thumbnail","hentry"],"acf":[],"_links":{"self":[{"href":"https:\/\/www.tele-radio.com\/hr\/wp-json\/wp\/v2\/pages\/6360","targetHints":{"allow":["GET"]}}],"collection":[{"href":"https:\/\/www.tele-radio.com\/hr\/wp-json\/wp\/v2\/pages"}],"about":[{"href":"https:\/\/www.tele-radio.com\/hr\/wp-json\/wp\/v2\/types\/page"}],"author":[{"embeddable":true,"href":"https:\/\/www.tele-radio.com\/hr\/wp-json\/wp\/v2\/users\/29"}],"replies":[{"embeddable":true,"href":"https:\/\/www.tele-radio.com\/hr\/wp-json\/wp\/v2\/comments?post=6360"}],"version-history":[{"count":3,"href":"https:\/\/www.tele-radio.com\/hr\/wp-json\/wp\/v2\/pages\/6360\/revisions"}],"predecessor-version":[{"id":7586,"href":"https:\/\/www.tele-radio.com\/hr\/wp-json\/wp\/v2\/pages\/6360\/revisions\/7586"}],"wp:featuredmedia":[{"embeddable":true,"href":"https:\/\/www.tele-radio.com\/hr\/wp-json\/wp\/v2\/media\/9677"}],"wp:attachment":[{"href":"https:\/\/www.tele-radio.com\/hr\/wp-json\/wp\/v2\/media?parent=6360"}],"curies":[{"name":"wp","href":"https:\/\/api.w.org\/{rel}","templated":true}]}}