{"id":6341,"date":"2018-05-10T13:36:49","date_gmt":"2018-05-10T13:36:49","guid":{"rendered":"https:\/\/www.tele-radio.com\/specialized-production\/"},"modified":"2023-11-20T10:00:19","modified_gmt":"2023-11-20T10:00:19","slug":"korisnicki-prilagodeni-proizvodi","status":"publish","type":"page","link":"https:\/\/www.tele-radio.com\/hr\/korisnicki-prilagodeni-proizvodi\/","title":{"rendered":"Prilgodba proizvoda"},"content":{"rendered":"<h1>Specijalizirana proizvodnja<\/h1>\n<p>Mi u Tele Radio-u vjerujemo da bi zadovoljili sve potrebe kupca, \u010desto je potrebno prilagoditi proizvod kupcu a ne obrnuto. Da bismo to postigli, imamo tim stru\u010dnjaka za tehni\u010dku podr\u0161ku koji samo rade na izradi prilago\u0111enih rje\u0161enja. Kupac nekad mo\u017ee zatra\u017eiti specijalno softver rje\u0161enje za kontrolu svoje aplikacije na jedinstven na\u010din. Ponekad na\u0161a rje\u0161enja tako\u0111er trebaju prilagodbu hardvera, a ponekad i oboje. Tako\u0111er \u010desto isporu\u010dujemo<a href=\"https:\/\/www.tele-radio.com\/custom-foils\/\"> folije i prednje plo\u010dice<\/a> predajnika prema dizajnu i zahtjevu klijenta. Bez obzira na potrebe kupaca, uvijek nastojimo dati ono najbolje od nas te prona\u0107i rje\u0161enje koje \u0107e zadovoljiti kako tro\u0161kove, tako i&nbsp; probleme kupca.<\/p>\n<p><img loading=\"lazy\" decoding=\"async\" class=\"alignnone wp-image-41584 size-large\" src=\"https:\/\/www.tele-radio.com\/app\/uploads\/\/Webbanner_DESK_1600_x_625_72dpi_NOTXT-2-1200x470.jpg\" alt=\"\" width=\"1200\" height=\"470\" srcset=\"https:\/\/www.tele-radio.com\/app\/uploads\/Webbanner_DESK_1600_x_625_72dpi_NOTXT-2-1200x470.jpg 1200w, https:\/\/www.tele-radio.com\/app\/uploads\/Webbanner_DESK_1600_x_625_72dpi_NOTXT-2-400x157.jpg 400w, https:\/\/www.tele-radio.com\/app\/uploads\/Webbanner_DESK_1600_x_625_72dpi_NOTXT-2-768x301.jpg 768w, https:\/\/www.tele-radio.com\/app\/uploads\/Webbanner_DESK_1600_x_625_72dpi_NOTXT-2-750x293.jpg 750w, https:\/\/www.tele-radio.com\/app\/uploads\/Webbanner_DESK_1600_x_625_72dpi_NOTXT-2-500x196.jpg 500w, https:\/\/www.tele-radio.com\/app\/uploads\/Webbanner_DESK_1600_x_625_72dpi_NOTXT-2-1600x626.jpg 1600w, https:\/\/www.tele-radio.com\/app\/uploads\/Webbanner_DESK_1600_x_625_72dpi_NOTXT-2-800x313.jpg 800w\" sizes=\"auto, (max-width: 1200px) 100vw, 1200px\" \/><\/p>\n<h2>Softver ili hardver?<\/h2>\n<p>Slo\u017eenost projekta mo\u017ee varirati. Najjednostavniji i najbr\u017ei projekti obi\u010dno se odnose na softver. Od zahtjeva kupca do gotovog softvera je samo pitanje dana. 90% svih projekata prilagodbe isklju\u010divo su softverske promjene.<\/p>\n<p>Tako\u0111er <a href=\"https:\/\/www.tele-radio.com\/hr\/products\/puma_standarna_linija\/\">pru\u017eamo rje\u0161enja i za slo\u017eenije prilagodbe<\/a>. Ovi projekti obi\u010dno se odnose na promjene softvera i hardvera te pru\u017eaju kupcu jedinstveno rje\u0161enje. Projekti se uglavnom rje\u0161avaju na isti na\u010din, ali sa dodatnim potvrdama kako bi se osiguralo da sve radi efektno kao \u0161to klijent o\u010dekuje. Svake godine izvedemo nekoliko stotina projekata prilagodbi.<\/p>\n<p><img loading=\"lazy\" decoding=\"async\" class=\"aligncenter size-full wp-image-6293\" src=\"https:\/\/www.tele-radio.com\/app\/uploads\/custom_remotes_from_Tele_Radio.jpg\" alt=\"Custom remote control being milled | Tele Radio\" width=\"1200\" height=\"499\" srcset=\"https:\/\/www.tele-radio.com\/app\/uploads\/custom_remotes_from_Tele_Radio.jpg 1200w, https:\/\/www.tele-radio.com\/app\/uploads\/custom_remotes_from_Tele_Radio-400x166.jpg 400w, https:\/\/www.tele-radio.com\/app\/uploads\/custom_remotes_from_Tele_Radio-768x319.jpg 768w, https:\/\/www.tele-radio.com\/app\/uploads\/custom_remotes_from_Tele_Radio-750x312.jpg 750w, https:\/\/www.tele-radio.com\/app\/uploads\/custom_remotes_from_Tele_Radio-500x208.jpg 500w, https:\/\/www.tele-radio.com\/app\/uploads\/custom_remotes_from_Tele_Radio-800x333.jpg 800w\" sizes=\"auto, (max-width: 1200px) 100vw, 1200px\" \/><\/p>\n<h2>Vi ste jedinstveni!<\/h2>\n<p>Znamo da su aplikacije na\u0161ih kupaca \u010desto jedinstvene i ne vjerujemo da postoji standardni proizvod koji \u0107e zadovoljiti potrebe sviju. Volimo se povezati s na\u0161im klijentima i izgraditi radni odnos. U Tele Radio-u vjerujemo da je to koristan pristup na obostrano zadovoljstvo. Tako\u0111er nas taj pristup pribli\u017eava kupcu i omogu\u0107ava nam da bolje razumijemo njegove potrebe, a potom nam i omogu\u0107ava kvalitetnije razvijanje samih proizvoda. To je idealno rje\u0161enje za sve.<\/p>\n","protected":false},"excerpt":{"rendered":"<p>Specijalizirana proizvodnja Mi u Tele Radio-u vjerujemo da bi zadovoljili sve potrebe kupca, \u010desto je potrebno prilagoditi proizvod kupcu a ne obrnuto. Da bismo to postigli, imamo tim stru\u010dnjaka za tehni\u010dku podr\u0161ku koji samo rade na izradi prilago\u0111enih rje\u0161enja. Kupac nekad mo\u017ee zatra\u017eiti specijalno softver rje\u0161enje za kontrolu svoje aplikacije na jedinstven na\u010din. Ponekad na\u0161a [&hellip;]<\/p>\n","protected":false},"author":29,"featured_media":11783,"parent":0,"menu_order":0,"comment_status":"closed","ping_status":"closed","template":"","meta":{"_acf_changed":false,"footnotes":""},"class_list":["post-6341","page","type-page","status-publish","has-post-thumbnail","hentry"],"acf":[],"_links":{"self":[{"href":"https:\/\/www.tele-radio.com\/hr\/wp-json\/wp\/v2\/pages\/6341","targetHints":{"allow":["GET"]}}],"collection":[{"href":"https:\/\/www.tele-radio.com\/hr\/wp-json\/wp\/v2\/pages"}],"about":[{"href":"https:\/\/www.tele-radio.com\/hr\/wp-json\/wp\/v2\/types\/page"}],"author":[{"embeddable":true,"href":"https:\/\/www.tele-radio.com\/hr\/wp-json\/wp\/v2\/users\/29"}],"replies":[{"embeddable":true,"href":"https:\/\/www.tele-radio.com\/hr\/wp-json\/wp\/v2\/comments?post=6341"}],"version-history":[{"count":9,"href":"https:\/\/www.tele-radio.com\/hr\/wp-json\/wp\/v2\/pages\/6341\/revisions"}],"predecessor-version":[{"id":167429,"href":"https:\/\/www.tele-radio.com\/hr\/wp-json\/wp\/v2\/pages\/6341\/revisions\/167429"}],"wp:featuredmedia":[{"embeddable":true,"href":"https:\/\/www.tele-radio.com\/hr\/wp-json\/wp\/v2\/media\/11783"}],"wp:attachment":[{"href":"https:\/\/www.tele-radio.com\/hr\/wp-json\/wp\/v2\/media?parent=6341"}],"curies":[{"name":"wp","href":"https:\/\/api.w.org\/{rel}","templated":true}]}}