{"id":6322,"date":"2018-05-10T13:36:29","date_gmt":"2018-05-10T13:36:29","guid":{"rendered":"https:\/\/www.tele-radio.com\/why-remote-control\/"},"modified":"2023-11-20T09:56:38","modified_gmt":"2023-11-20T09:56:38","slug":"zasto-daljinsko-upravljanje","status":"publish","type":"page","link":"https:\/\/www.tele-radio.com\/hr\/zasto-daljinsko-upravljanje\/","title":{"rendered":"Pouzdano daljinsko upravljanje"},"content":{"rendered":"<h1>Za\u0161to daljinsko upravljanje?<\/h1>\n<h2>Zgodno ali i pouzdano<\/h2>\n<p>Be\u017ei\u010dno daljinsko upravljanje je pouzdan i prakti\u010dan sustav upravljanja strojem. Jedna od o\u010ditih prednosti je to \u0161to ne morate hodati naprijed-nazad da biste upravljali strojem. Postavlja operatera na mjesto gdje treba biti umjesto ograni\u010denja prisutnih kod upravljanja preko upravlja\u010dke plo\u010de ili kabelske kontrole. Be\u017ei\u010dno daljinsko upravljanje se tako\u0111er ne nalazi na putu kretanja operatera kao \u017ei\u010dani kabelski sustav. Kabelski sustav upravljanja osim \u0161to ometa rad stvara i opasnost za sigurnost, kao i opasnost od pucanja te je podlo\u017ean o\u0161te\u0107enju i koroziji. Popravak samog kabelskog upravljanja mo\u017ee biti skupo i dugotrajno, a da ne spominjemo ako se to dogodi izvan okvira redovnog radnog vremena. Treba razmotriti tro\u0161kove zaustavljanja proizvodnog procesa koji u mnogim slu\u010dajevima mogu biti mnogo ve\u0107i od tro\u0161kova popravka.<\/p>\n<p><img loading=\"lazy\" decoding=\"async\" class=\"size-full wp-image-6288 aligncenter\" src=\"https:\/\/www.tele-radio.com\/app\/uploads\/eot_lifting.jpg\" alt=\"crane operator using Tele Radio remote\" width=\"1200\" height=\"515\" srcset=\"https:\/\/www.tele-radio.com\/app\/uploads\/eot_lifting.jpg 1200w, https:\/\/www.tele-radio.com\/app\/uploads\/eot_lifting-400x172.jpg 400w, https:\/\/www.tele-radio.com\/app\/uploads\/eot_lifting-768x330.jpg 768w, https:\/\/www.tele-radio.com\/app\/uploads\/eot_lifting-750x322.jpg 750w, https:\/\/www.tele-radio.com\/app\/uploads\/eot_lifting-500x215.jpg 500w, https:\/\/www.tele-radio.com\/app\/uploads\/eot_lifting-800x343.jpg 800w\" sizes=\"auto, (max-width: 1200px) 100vw, 1200px\" \/><\/p>\n<h2>Operativna sloboda<\/h2>\n<p>Sa be\u017ei\u010dnim daljinskim kontrolama imate kompletnu slobodu kretanja dok upravljate presom, sjeka\u010dem za drvo, visoko-tla\u010dnom pumpom ili dizalicom, sa umiruju\u0107om \u010dinjenicom da je gumb za zaustavljanje u nu\u017edi nadomak ruke. Be\u017ei\u010dno daljinsko upravljanje zna\u010dajno doprinosi ograni\u010davanju rizika radnoga mjesta. Tele Radio je ugradio mnoge sigurnosne zna\u010dajke u proizvod. Certificirali smo na\u0161e sustave prema najvi\u0161im industrijskim standardima da bismo bili sigurni da sve radi pod najte\u017eim uvjetima. Sistemi sa najvi\u0161im sigurnosnim zahtjevima certificirani su po SIL3, PLd ili PLe. U tim sistemima su ugra\u0111eni sigurnosni releji koji radu u tandemu, da bi osigurali kontrolu nad strojem do odre\u0111ene razine kvara.<\/p>\n<p><img loading=\"lazy\" decoding=\"async\" class=\"size-full wp-image-6287 aligncenter\" src=\"https:\/\/www.tele-radio.com\/app\/uploads\/tow.jpg\" alt=\"Towing a car with radop remote control from Tele Radio\" width=\"1200\" height=\"612\" srcset=\"https:\/\/www.tele-radio.com\/app\/uploads\/tow.jpg 1200w, https:\/\/www.tele-radio.com\/app\/uploads\/tow-400x204.jpg 400w, https:\/\/www.tele-radio.com\/app\/uploads\/tow-768x392.jpg 768w, https:\/\/www.tele-radio.com\/app\/uploads\/tow-750x383.jpg 750w, https:\/\/www.tele-radio.com\/app\/uploads\/tow-500x255.jpg 500w, https:\/\/www.tele-radio.com\/app\/uploads\/tow-800x408.jpg 800w\" sizes=\"auto, (max-width: 1200px) 100vw, 1200px\" \/><\/p>\n<h2>Kako je daljinska kontrola ustvari pouzdanija od kabelske kontrole<\/h2>\n<p>Svaki stroj i povezana operacija postaju neisigurni prilikom nepravilne uporabe. Ali sa pravilnim kori\u0161tenjem, be\u017ei\u010dni daljinski upravlja\u010d ima mnogo prednosti nad tradicionalnim kabelskim kontrolama.\u00a0Uz navedene prednosti, na\u0161i sustavi imaju razli\u010dite sigurnosne zna\u010dajke kao \u0161to je podesivi domet &#8220;krafne&#8221;. Na predajniku se mo\u017ee podesiti specifi\u010dna zona rada u kojoj \u0107e funkcije stroja raditi. Na primjer: ne u neposrednoj blizini stroja- gdje je opasno, ali isto tako ne predaleko od stroja gdje je smanjena vidljivost. Sa kabelskim upravljanjem ovakvu funkcionalnost je nemogu\u0107e ostvariti. Da bi sprije\u010dili neautorizirani predajnik da upravlja strojem ili da generira smetnje, na\u0161i predajnici koriste jedinstveni klju\u010d koji se \u0161alje samo iz na\u0161eg softvera. Startna procedura se mo\u017ee za\u0161titi pin kodom i\/ili sa detekcijom udaljenosti.<\/p>\n<h2><img loading=\"lazy\" decoding=\"async\" class=\"alignleft size-medium wp-image-9677\" src=\"https:\/\/www.tele-radio.com\/app\/uploads\/\/Certified-400x400.jpg\" alt=\"\" width=\"400\" height=\"400\" srcset=\"https:\/\/www.tele-radio.com\/app\/uploads\/Certified-400x400.jpg 400w, https:\/\/www.tele-radio.com\/app\/uploads\/Certified-150x150.jpg 150w, https:\/\/www.tele-radio.com\/app\/uploads\/Certified-768x768.jpg 768w, https:\/\/www.tele-radio.com\/app\/uploads\/Certified-250x250.jpg 250w, https:\/\/www.tele-radio.com\/app\/uploads\/Certified-750x750.jpg 750w, https:\/\/www.tele-radio.com\/app\/uploads\/Certified-500x500.jpg 500w, https:\/\/www.tele-radio.com\/app\/uploads\/Certified.jpg 800w\" sizes=\"auto, (max-width: 400px) 100vw, 400px\" \/>Neovisno testiranje i certificiranje<\/h2>\n<p>U 95% slu\u010dajeva proizvo\u0111a\u010di strojeva i komponenta provode inspekcije za obavezne sigurnosne markice i deklaracije sami. Ali u kojoj mjeri zapravo proizvo\u0111a\u010d provodi ispitivanje i analizu u skladu sa zahtjevima krajnjom kupcu ostaje nejasno.<br \/>\nTele Radio je svjestan \u010dinjenice da se predajnik i prijemnik koriste u kriti\u010dnim procesima. Kako bi zajam\u010dili najvi\u0161u sigurnosnu razinu, proizvodi se neovisno testiraju od strane priznatih inspekcijskih tijela. Certifikati se uvijek mogu pregledati uz va\u0161 zahtjev. Kao korisnik mo\u017eete biti 100% sigurni u pouzdanost Tele Radio proizvoda.<\/p>\n","protected":false},"excerpt":{"rendered":"<p>Za\u0161to daljinsko upravljanje? Zgodno ali i pouzdano Be\u017ei\u010dno daljinsko upravljanje je pouzdan i prakti\u010dan sustav upravljanja strojem. Jedna od o\u010ditih prednosti je to \u0161to ne morate hodati naprijed-nazad da biste upravljali strojem. Postavlja operatera na mjesto gdje treba biti umjesto ograni\u010denja prisutnih kod upravljanja preko upravlja\u010dke plo\u010de ili kabelske kontrole. Be\u017ei\u010dno daljinsko upravljanje se tako\u0111er [&hellip;]<\/p>\n","protected":false},"author":29,"featured_media":120747,"parent":0,"menu_order":0,"comment_status":"closed","ping_status":"closed","template":"","meta":{"_acf_changed":false,"footnotes":""},"class_list":["post-6322","page","type-page","status-publish","has-post-thumbnail","hentry"],"acf":[],"_links":{"self":[{"href":"https:\/\/www.tele-radio.com\/hr\/wp-json\/wp\/v2\/pages\/6322","targetHints":{"allow":["GET"]}}],"collection":[{"href":"https:\/\/www.tele-radio.com\/hr\/wp-json\/wp\/v2\/pages"}],"about":[{"href":"https:\/\/www.tele-radio.com\/hr\/wp-json\/wp\/v2\/types\/page"}],"author":[{"embeddable":true,"href":"https:\/\/www.tele-radio.com\/hr\/wp-json\/wp\/v2\/users\/29"}],"replies":[{"embeddable":true,"href":"https:\/\/www.tele-radio.com\/hr\/wp-json\/wp\/v2\/comments?post=6322"}],"version-history":[{"count":13,"href":"https:\/\/www.tele-radio.com\/hr\/wp-json\/wp\/v2\/pages\/6322\/revisions"}],"predecessor-version":[{"id":167427,"href":"https:\/\/www.tele-radio.com\/hr\/wp-json\/wp\/v2\/pages\/6322\/revisions\/167427"}],"wp:featuredmedia":[{"embeddable":true,"href":"https:\/\/www.tele-radio.com\/hr\/wp-json\/wp\/v2\/media\/120747"}],"wp:attachment":[{"href":"https:\/\/www.tele-radio.com\/hr\/wp-json\/wp\/v2\/media?parent=6322"}],"curies":[{"name":"wp","href":"https:\/\/api.w.org\/{rel}","templated":true}]}}