{"id":5701,"date":"2018-05-04T14:47:03","date_gmt":"2018-05-04T14:47:03","guid":{"rendered":"https:\/\/www.tele-radio.com\/about-us\/"},"modified":"2023-11-20T09:41:17","modified_gmt":"2023-11-20T09:41:17","slug":"o-tele-radio-daljinskim-kontrolama","status":"publish","type":"page","link":"https:\/\/www.tele-radio.com\/hr\/o-tele-radio-daljinskim-kontrolama\/","title":{"rendered":"O nama"},"content":{"rendered":"<h1>Vi\u0161e od 60 godina razvijamo sustave radio daljinskih kontrola<\/h1>\n<h6>Tele Radio razvija, proizvodi i prodaje pouzdane sustave radio daljinskih kontrola za industrijsku upotrebu. Kompanija je osnovana u \u0160vedskoj 1955. i od tada se razvila u ekspanzivnu grupu, Tele Radio Grupu. Mati\u010dni ured je smje\u0161ten u neposrednoj blizini Geteborga, predio Askim, te ima vi\u0161e od desetak podru\u017enica u Europi, SAD-u, Australiji i Aziji. Osim sa podru\u017enicama, sura\u0111ujemo sa distributerima i partnerima u cijelom svijetu.<\/h6>\n<h2>Vlastito istra\u017eivanje i razvoj<\/h2>\n<p>Radimo sva na\u0161a istra\u017eivanje i razvoj. S vi\u0161e od 60 godina iskustva posjedujemo \u010dvrsto znanje i iskustvo u sustavima radio daljinskih komandi. Na\u0161a misija je pru\u017eanje krajnjeg (E2ES) rje\u0161enja, tehnologije i usluge u podru\u010dju be\u017ei\u010dne kontrole ure\u0111aja i komunikacije strojeva, gdje su pouzdanost i sigurnost klju\u010dni \u010dimbenici odlu\u010divanja. Ciljeve posti\u017eemo tako da svi na\u0161i djelatnici aktivno sudjeluju u procesu i preuzimaju odgovornost za svoja podru\u010dja djelovanja.<\/p>\n<blockquote><p><em>\u201cKoristimo Tele Radio zbog izvanredne usluge i podr\u0161ke, \u0161to je jako va\u017eno za nas i na\u0161e poslovanje.\u201d<\/em><\/p>\n<p><em>-Rune Wab\u00f8, Generalni direktor Munck Cranes.<\/em><\/p><\/blockquote>\n<p>Imamo \u0161irok izbor proizvoda, od mini predajnika do velikih platformi za joystik te ukoliko proizvod ne odgovara va\u0161oj aplikaciji, ne prilago\u0111avate se vi nama, ve\u0107 upravo suprotno, mi vama! \u017delimo vam pridonijeti sa ne\u010dim \u0161to \u0107e pobolj\u0161ati va\u0161 na\u010din rada; tako\u0111er vjerujemo u izgradnju dugoro\u010dnog odnosa koji zna\u010di vi\u0161e od same prodaje. \u017delimo da na\u0161i proizvodi daju dodatnu vrijednost va\u0161em svakodnevnom radu.<\/p>\n<h2>Pouzdano radio daljinsko upravljanje<\/h2>\n<p>Sigurnost je na\u0161a velika briga, a budu\u0107i da smo \u0160vedska kompanija ona je dio na\u0161e su\u0161tine. Ula\u017eemo velike napore kako bi na\u0161i proizvodi bili \u0161to pouzdaniji. Ulo\u017eili smo znatne napore kako bi smo bili sigurni da na\u0161i proizvodi zadovoljavaju najvi\u0161e mogu\u0107e sigurnosne standarde i posjedujemo certifikate koji to potvr\u0111uju.<\/p>\n<p>Vjerojatno ste do sada uvidjeli da na\u0161i proizvodi ne da su samo pouzdani, ve\u0107 su robusni i mogu izdr\u017eati razna o\u0161te\u0107enje. Znamo da se na\u0161i daljinski upravlja\u010di bacaju, ispadaju, gaze, smo\u010de &#8211; i to je sve u redu, imali smo to na umu\u00a0 prilikom dizajna. Namijenjeni su za kori\u0161tenje.<\/p>\n<blockquote><p>\u201cTele Radio proizvodi mogu dugo izdr\u017eati pod mehani\u010dkim utjecajima bez prekida i trajanje baterije je impresivno.\u201d<\/p>\n<p>-Tomasz Fraczek, voditelj odr\u017eavanja, Thames Reinforcements Ltd.<\/p><\/blockquote>\n<h2>Mi brinemo<\/h2>\n<p>Tako\u0111er nastojimo biti kompanija koja brine o okoli\u0161u. Radimo u svijetu i koristimo resurse za proizvodnjo na\u0161ih proizvoda. Globalna klima i dobrobit planeta nas zabrinjavaju i ozbiljno se suo\u010davamo s tim izazovima. Iz tog razloga Tele Radio je certificiran prema ISO 14001 standardu. ISO 14001 zahtjeva da preuzmemo odgovornost za spre\u010davanje zaga\u0111enja, te obvezuje upravu da se pobolj\u0161avamo iz godine u godine.<\/p>\n<p>Va\u017eno nam je smanjiti emisiju ugljika kroz u\u010dinkovitiji transport. Ograni\u010davamo upotrebu \u0161tetnih kemikalija i elemenata u na\u0161im proizvodima kako bi za\u0161titili na\u0161e korisnike i okoli\u0161.<\/p>\n<p>Tako\u0111er svaku godinu doniramo sredstva WWF organizaciji za o\u010duvanje ugro\u017eene vrste tigra.\u00a0 Budu\u0107i da se osobine tigra isti\u010du u na\u0161em marketingu i nose ime jednog od na\u0161ih sistema; prirodno je da i mi damo svoj dio u nastojanjima o\u010duvanja.<\/p>\n","protected":false},"excerpt":{"rendered":"<p>Vi\u0161e od 60 godina razvijamo sustave radio daljinskih kontrola Tele Radio razvija, proizvodi i prodaje pouzdane sustave radio daljinskih kontrola za industrijsku upotrebu. Kompanija je osnovana u \u0160vedskoj 1955. i od tada se razvila u ekspanzivnu grupu, Tele Radio Grupu. Mati\u010dni ured je smje\u0161ten u neposrednoj blizini Geteborga, predio Askim, te ima vi\u0161e od desetak [&hellip;]<\/p>\n","protected":false},"author":1,"featured_media":28563,"parent":0,"menu_order":0,"comment_status":"closed","ping_status":"closed","template":"","meta":{"_acf_changed":false,"footnotes":""},"class_list":["post-5701","page","type-page","status-publish","has-post-thumbnail","hentry"],"acf":[],"_links":{"self":[{"href":"https:\/\/www.tele-radio.com\/hr\/wp-json\/wp\/v2\/pages\/5701","targetHints":{"allow":["GET"]}}],"collection":[{"href":"https:\/\/www.tele-radio.com\/hr\/wp-json\/wp\/v2\/pages"}],"about":[{"href":"https:\/\/www.tele-radio.com\/hr\/wp-json\/wp\/v2\/types\/page"}],"author":[{"embeddable":true,"href":"https:\/\/www.tele-radio.com\/hr\/wp-json\/wp\/v2\/users\/1"}],"replies":[{"embeddable":true,"href":"https:\/\/www.tele-radio.com\/hr\/wp-json\/wp\/v2\/comments?post=5701"}],"version-history":[{"count":16,"href":"https:\/\/www.tele-radio.com\/hr\/wp-json\/wp\/v2\/pages\/5701\/revisions"}],"predecessor-version":[{"id":39674,"href":"https:\/\/www.tele-radio.com\/hr\/wp-json\/wp\/v2\/pages\/5701\/revisions\/39674"}],"wp:featuredmedia":[{"embeddable":true,"href":"https:\/\/www.tele-radio.com\/hr\/wp-json\/wp\/v2\/media\/28563"}],"wp:attachment":[{"href":"https:\/\/www.tele-radio.com\/hr\/wp-json\/wp\/v2\/media?parent=5701"}],"curies":[{"name":"wp","href":"https:\/\/api.w.org\/{rel}","templated":true}]}}