{"id":5587,"date":"2018-05-09T09:41:58","date_gmt":"2018-05-09T09:41:58","guid":{"rendered":"https:\/\/www.tele-radio.com\/downloads\/"},"modified":"2019-09-03T06:49:27","modified_gmt":"2019-09-03T06:49:27","slug":"preuzimanja","status":"publish","type":"page","link":"https:\/\/www.tele-radio.com\/hr\/podrska\/preuzimanja\/","title":{"rendered":"Preuzimanja"},"content":{"rendered":"<h6>Ovo je dio za preuzimanje uputa za instalaciju, certifikata, potvrda ovla\u0161tenih tijela i jo\u0161 mnogo toga. Neke su datoteke za\u0161ti\u0107ene lozinkom. Za dobivanje lozinke obratite se lokalnom prodava\u010du.<\/h6>\n<h2>Tra\u017eite starije sisteme<\/h2>\n<p>\u010cuvamo i podatke o na\u0161im starijim sustavima koji nisu vi\u0161e\u00a0 u prodaji. Dolje prona\u0111ite svoj sustav i pripadaju\u0107u dokumentaciju..<\/p>\n","protected":false},"excerpt":{"rendered":"<p>Ovo je dio za preuzimanje uputa za instalaciju, certifikata, potvrda ovla\u0161tenih tijela i jo\u0161 mnogo toga. Neke su datoteke za\u0161ti\u0107ene lozinkom. Za dobivanje lozinke obratite se lokalnom prodava\u010du. Tra\u017eite starije sisteme \u010cuvamo i podatke o na\u0161im starijim sustavima koji nisu vi\u0161e\u00a0 u prodaji. Dolje prona\u0111ite svoj sustav i pripadaju\u0107u dokumentaciju..<\/p>\n","protected":false},"author":1,"featured_media":10037,"parent":6994,"menu_order":0,"comment_status":"closed","ping_status":"closed","template":"page-templates\/downloads.php","meta":{"_acf_changed":false,"footnotes":""},"class_list":["post-5587","page","type-page","status-publish","has-post-thumbnail","hentry"],"acf":[],"_links":{"self":[{"href":"https:\/\/www.tele-radio.com\/hr\/wp-json\/wp\/v2\/pages\/5587","targetHints":{"allow":["GET"]}}],"collection":[{"href":"https:\/\/www.tele-radio.com\/hr\/wp-json\/wp\/v2\/pages"}],"about":[{"href":"https:\/\/www.tele-radio.com\/hr\/wp-json\/wp\/v2\/types\/page"}],"author":[{"embeddable":true,"href":"https:\/\/www.tele-radio.com\/hr\/wp-json\/wp\/v2\/users\/1"}],"replies":[{"embeddable":true,"href":"https:\/\/www.tele-radio.com\/hr\/wp-json\/wp\/v2\/comments?post=5587"}],"version-history":[{"count":6,"href":"https:\/\/www.tele-radio.com\/hr\/wp-json\/wp\/v2\/pages\/5587\/revisions"}],"predecessor-version":[{"id":25512,"href":"https:\/\/www.tele-radio.com\/hr\/wp-json\/wp\/v2\/pages\/5587\/revisions\/25512"}],"up":[{"embeddable":true,"href":"https:\/\/www.tele-radio.com\/hr\/wp-json\/wp\/v2\/pages\/6994"}],"wp:featuredmedia":[{"embeddable":true,"href":"https:\/\/www.tele-radio.com\/hr\/wp-json\/wp\/v2\/media\/10037"}],"wp:attachment":[{"href":"https:\/\/www.tele-radio.com\/hr\/wp-json\/wp\/v2\/media?parent=5587"}],"curies":[{"name":"wp","href":"https:\/\/api.w.org\/{rel}","templated":true}]}}