{"id":293258,"date":"2026-05-12T09:07:47","date_gmt":"2026-05-12T09:07:47","guid":{"rendered":"https:\/\/www.tele-radio.com\/?page_id=293258"},"modified":"2026-05-12T12:39:44","modified_gmt":"2026-05-12T12:39:44","slug":"eva-optic-when-we-called-tele-radio-it-was-sorted-within-three-weeks","status":"publish","type":"page","link":"https:\/\/www.tele-radio.com\/hr\/eva-optic-when-we-called-tele-radio-it-was-sorted-within-three-weeks\/","title":{"rendered":"EVA Optic: \u201cKada smo nazvali Tele Radio, sve je bilo rije\u0161eno kroz tri tjedna.\u201d"},"content":{"rendered":"\n<figure class=\"wp-block-image size-full\"><img loading=\"lazy\" decoding=\"async\" width=\"1200\" height=\"800\" src=\"https:\/\/www.tele-radio.com\/app\/uploads\/09_2025_EVA-OPTICS_BEELDBANK_09.jpg\" alt=\"\" class=\"wp-image-289938\" srcset=\"https:\/\/www.tele-radio.com\/app\/uploads\/09_2025_EVA-OPTICS_BEELDBANK_09.jpg 1200w, https:\/\/www.tele-radio.com\/app\/uploads\/09_2025_EVA-OPTICS_BEELDBANK_09-400x267.jpg 400w, https:\/\/www.tele-radio.com\/app\/uploads\/09_2025_EVA-OPTICS_BEELDBANK_09-768x512.jpg 768w, https:\/\/www.tele-radio.com\/app\/uploads\/09_2025_EVA-OPTICS_BEELDBANK_09-750x500.jpg 750w, https:\/\/www.tele-radio.com\/app\/uploads\/09_2025_EVA-OPTICS_BEELDBANK_09-500x333.jpg 500w, https:\/\/www.tele-radio.com\/app\/uploads\/09_2025_EVA-OPTICS_BEELDBANK_09-800x533.jpg 800w\" sizes=\"auto, (max-width: 1200px) 100vw, 1200px\" \/><\/figure>\n\n\n\n<h1 class=\"wp-block-heading has-x-large-font-size\"><strong>EVA Optic: \u201c<strong>Kada smo nazvali Tele Radio sve je bilo rije\u0161eno kroz tri tjedna.<\/strong>\u201d<\/strong><\/h1>\n\n\n\n<p class=\"has-medium-font-size\"><strong>Kada se daljinski upravlja\u010d koji koristite poka\u017ee nepouzdanim neposredno prije me\u0111unarodnog sajma, dolazi do velikih problema. \u201eImali smo jo\u0161 tri tjedna i nismo imali alternative\u201c, prisje\u0107a se voditelj nabave Pieter Kikkert. \u201eKad sam nazvao Richarda, sve je bilo rije\u0161eno u roku od tri tjedna.\u201c<\/strong><\/p>\n\n\n\n<p class=\"has-medium-font-size\"><br>\u201ePieter nije imao vremena za gubljenje.\u201c Richard Kreunen, voditelj prodaje Tele Radija, osvr\u0107e se na bogat po\u010detak suradnje izme\u0111u EVA Optic i Tele Radija. \u201eMogu li smisliti rje\u0161enje u roku od tri tjedna i provesti ga u djelo \u2013 to je bilo pitanje.\u201c<\/p>\n\n\n\n<p class=\"has-medium-font-size\">Kreunen: \u201eKad sam \u010duo Pieterovu pri\u010du, predlo\u017eio sam da se na daljinski upravlja\u010d stavi posebna za\u0161titna folija, te print po narud\u017ebi. Jer ako ne\u0161to takvo radite, posebno u pripremi za tako presti\u017eni svjetski sajam, morate to u\u010diniti kako treba. Sve je savr\u0161eno ispalo, i \u0161to je najbitnije, to\u010dno na vrijeme.\u201c<\/p>\n\n\n\n<p class=\"has-medium-font-size\"><em>Tekst se nastavlja ispod slike&#8230;<\/em><\/p>\n\n\n\n<figure class=\"wp-block-image size-full\"><img loading=\"lazy\" decoding=\"async\" width=\"800\" height=\"1200\" src=\"https:\/\/www.tele-radio.com\/app\/uploads\/09_2025_EVA-OPTICS_BEELDBANK_46.jpg\" alt=\"\" class=\"wp-image-289968\" style=\"aspect-ratio:4\/3;object-fit:cover\" srcset=\"https:\/\/www.tele-radio.com\/app\/uploads\/09_2025_EVA-OPTICS_BEELDBANK_46.jpg 800w, https:\/\/www.tele-radio.com\/app\/uploads\/09_2025_EVA-OPTICS_BEELDBANK_46-267x400.jpg 267w, https:\/\/www.tele-radio.com\/app\/uploads\/09_2025_EVA-OPTICS_BEELDBANK_46-768x1152.jpg 768w, https:\/\/www.tele-radio.com\/app\/uploads\/09_2025_EVA-OPTICS_BEELDBANK_46-500x750.jpg 500w, https:\/\/www.tele-radio.com\/app\/uploads\/09_2025_EVA-OPTICS_BEELDBANK_46-333x500.jpg 333w, https:\/\/www.tele-radio.com\/app\/uploads\/09_2025_EVA-OPTICS_BEELDBANK_46-533x800.jpg 533w\" sizes=\"auto, (max-width: 800px) 100vw, 800px\" \/><figcaption class=\"wp-element-caption\"><em>Tele Radio <a href=\"https:\/\/www.tele-radio.com\/hr\/products\/panther\/panther-predajnik-3x1-stepene-tipke-2\/\">Panther PN-T7-16<\/a> sustav: lagan oda\u0161ilja\u010d sa tri jednostavne komande.<\/em><\/figcaption><\/figure>\n\n\n\n<h2 class=\"wp-block-heading has-large-font-size\"><strong>Tisu\u0107e daljinskih upravlja\u010da.<\/strong><\/h2>\n\n\n\n<p class=\"has-medium-font-size\">Suradnja je zapo\u010dela 2023. godine. Danas vi\u0161e od 1000 kupaca EVA Optic sustava koristi daljinske upravlja\u010de Tele Radio. Nizozemska tvrtka EVA Optic u Zwartsluisu blizu Zwollea podi\u017ee privatne i javne bazene na vi\u0161u razinu profesionalnom LED rasvjetom i strojevima za protustrujno plivanje. Tra\u017eili su solidnu alternativu za prija\u0161nje daljinske upravlja\u010de koji su zakazivali u samom startu.<\/p>\n\n\n\n<p class=\"has-medium-font-size\">&nbsp;<\/p>\n\n\n\n<p class=\"has-medium-font-size\">Voditelj nabave Pieter Kikkert: \u201eImali smo vi\u0161e daljinskih upravlja\u010da u na\u0161em asortimanu i svi su se, jedan za drugim kvarili. EVA Optic prodaje visokokvalitetne strojeve i jednostavno nije prihvatljivo da nas daljinski upravlja\u010di koje isporu\u010dujemo stalno razo\u010daraju. Otkrili smo da kada tra\u017eite funkcionalan i pouzdan daljinski upravlja\u010d, prirodno \u0107ete zavr\u0161iti s industrijskim daljinskim upravlja\u010dem.\u201c<\/p>\n\n\n\n<p class=\"has-medium-font-size\"><\/p>\n\n\n\n<p class=\"has-text-align-center has-x-large-font-size\"><em>\u201cKada tra\u017eite funkcionalan i pouzdan daljinski upravlja\u010d, prirodno \u0107ete zavr\u0161iti s industrijskim daljinskim upravlja\u010dem\u201d<\/em><\/p>\n\n\n\n<p class=\"has-text-align-right has-medium-font-size\">\u2013 Pieter Kikkert, voditelj nabave EVA Optica&nbsp;<\/p>\n\n\n\n<p class=\"has-medium-font-size\"><em><em>Tekst se nastavlja ispod slike..<\/em><\/em>.<\/p>\n\n\n\n<figure class=\"wp-block-image size-large\"><img loading=\"lazy\" decoding=\"async\" width=\"1200\" height=\"800\" src=\"https:\/\/www.tele-radio.com\/app\/uploads\/\/Zintuig-Studio-Fotografie-Meppel-03-07-25-54-1200x800.jpg\" alt=\"\" class=\"wp-image-289998\" srcset=\"https:\/\/www.tele-radio.com\/app\/uploads\/Zintuig-Studio-Fotografie-Meppel-03-07-25-54-1200x800.jpg 1200w, https:\/\/www.tele-radio.com\/app\/uploads\/Zintuig-Studio-Fotografie-Meppel-03-07-25-54-400x267.jpg 400w, https:\/\/www.tele-radio.com\/app\/uploads\/Zintuig-Studio-Fotografie-Meppel-03-07-25-54-768x512.jpg 768w, https:\/\/www.tele-radio.com\/app\/uploads\/Zintuig-Studio-Fotografie-Meppel-03-07-25-54-1536x1024.jpg 1536w, https:\/\/www.tele-radio.com\/app\/uploads\/Zintuig-Studio-Fotografie-Meppel-03-07-25-54-2048x1365.jpg 2048w, https:\/\/www.tele-radio.com\/app\/uploads\/Zintuig-Studio-Fotografie-Meppel-03-07-25-54-750x500.jpg 750w, https:\/\/www.tele-radio.com\/app\/uploads\/Zintuig-Studio-Fotografie-Meppel-03-07-25-54-500x333.jpg 500w, https:\/\/www.tele-radio.com\/app\/uploads\/Zintuig-Studio-Fotografie-Meppel-03-07-25-54-1600x1067.jpg 1600w, https:\/\/www.tele-radio.com\/app\/uploads\/Zintuig-Studio-Fotografie-Meppel-03-07-25-54-800x533.jpg 800w\" sizes=\"auto, (max-width: 1200px) 100vw, 1200px\" \/><\/figure>\n\n\n\n<h2 class=\"wp-block-heading has-large-font-size\">Lagani i jednostavni upravlja\u010di<\/h2>\n\n\n\n<p class=\"has-medium-font-size\">Tvrtka EVA Optic je izabrala <a href=\"https:\/\/www.tele-radio.com\/hr\/products\/panther\/panther-predajnik-3x1-stepene-tipke-2\/\">Panther PN-T7-16<\/a>, lagan oda\u0161ilja\u010d s tri jednostavne tipke. Jeanine Heutink, odgovorna za marketing, obja\u0161njava da korisnici EVAstreama nemaju koristi od slo\u017eenih daljinskih upravlja\u010da kada prate trening plivanja ili se zabavljaju u vodi. U tim trenucima, EVAstream treba biti jednostavan upravlja\u010d za kori\u0161tenje.<\/p>\n\n\n\n<p class=\"has-medium-font-size\">Heutink: \u201c\u0160to upravlja\u010d ima vi\u0161e opcija, to postaje kompliciranije. S Panther daljinskim upravlja\u010dem osnove su nadohvat ruke: uklju\u010divanje i isklju\u010divanje, ja\u010danje i smanjenje snage, brzi treninzi i jednostavno upravljanje rasvjetom. Ako kupac \u017eeli vi\u0161e, mogu\u0107e je kreirati potpuno personalizirani program treninga pomo\u0107u web aplikacije EVA Optic.\u201d<\/p>\n\n\n\n<div style=\"height:20px\" aria-hidden=\"true\" class=\"wp-block-spacer\"><\/div>\n\n\n\n<section id=\"cta\" class=\"wp-block-group has-amber-background-color has-background is-vertical is-content-justification-center is-layout-flex wp-container-core-group-is-layout-a164e0d7 wp-block-group-is-layout-flex\" style=\"padding-top:60px;padding-bottom:60px\">\n<h2 class=\"wp-block-heading has-text-align-center has-kelp-color has-text-color\"><br><br><strong><br>Ako ste zainteresirani u neki od na\u0161ih sustava<\/strong>,&#8230;<\/h2>\n\n\n\n<h2 class=\"wp-block-heading has-text-align-center\"><strong>Spremni smo vam pomo\u0107i!!!<\/strong><\/h2>\n\n\n\n<div style=\"height:0px\" aria-hidden=\"true\" class=\"wp-block-spacer wp-container-content-6b166158\"><\/div>\n\n\n\n<div class=\"wp-block-buttons is-content-justification-center is-layout-flex wp-container-core-buttons-is-layout-16018d1d wp-block-buttons-is-layout-flex\"><\/div>\n<\/section>\n\n\n\n<div style=\"height:50px\" aria-hidden=\"true\" class=\"wp-block-spacer\"><\/div>\n\n\n\n<div class=\"wp-block-contact-form-7-contact-form-selector\">\n<div class=\"wpcf7 no-js\" id=\"wpcf7-f272059-o1\" lang=\"en-EN\" dir=\"ltr\" data-wpcf7-id=\"272059\">\n<div class=\"screen-reader-response\"><p role=\"status\" aria-live=\"polite\" aria-atomic=\"true\"><\/p> <ul><\/ul><\/div>\n<form action=\"\/hr\/wp-json\/wp\/v2\/pages\/293258#wpcf7-f272059-o1\" method=\"post\" class=\"wpcf7-form init\" aria-label=\"Contact form\" novalidate=\"novalidate\" data-status=\"init\">\n<fieldset class=\"hidden-fields-container\"><input type=\"hidden\" name=\"_wpcf7\" value=\"272059\" \/><input type=\"hidden\" name=\"_wpcf7_version\" value=\"6.1\" \/><input type=\"hidden\" name=\"_wpcf7_locale\" value=\"en_EN\" \/><input type=\"hidden\" name=\"_wpcf7_unit_tag\" value=\"wpcf7-f272059-o1\" \/><input type=\"hidden\" name=\"_wpcf7_container_post\" value=\"0\" \/><input type=\"hidden\" name=\"_wpcf7_posted_data_hash\" value=\"\" \/><input type=\"hidden\" name=\"_wpcf7_recaptcha_response\" value=\"\" \/>\n<\/fieldset>\n<p><label> Ime*<br \/>\n<span class=\"wpcf7-form-control-wrap\" data-name=\"nombre\"><input size=\"40\" maxlength=\"400\" class=\"wpcf7-form-control wpcf7-text wpcf7-validates-as-required\" aria-required=\"true\" aria-invalid=\"false\" placeholder=\"Va\u0161e ime\" value=\"\" type=\"text\" name=\"nombre\" \/><\/span> <\/label>\n<\/p>\n<p><label> Email*<br \/>\n<span class=\"wpcf7-form-control-wrap\" data-name=\"tu-email\"><input size=\"40\" maxlength=\"400\" class=\"wpcf7-form-control wpcf7-email wpcf7-validates-as-required wpcf7-text wpcf7-validates-as-email\" aria-required=\"true\" aria-invalid=\"false\" placeholder=\"Va\u0161 email\" value=\"\" type=\"email\" name=\"tu-email\" \/><\/span> <\/label>\n<\/p>\n<p><label> Telefon*<br \/>\n<span class=\"wpcf7-form-control-wrap\" data-name=\"tu-tfno\"><input size=\"40\" maxlength=\"400\" class=\"wpcf7-form-control wpcf7-tel wpcf7-validates-as-required wpcf7-text wpcf7-validates-as-tel\" aria-required=\"true\" aria-invalid=\"false\" placeholder=\"Va\u0161 broj telefona\" value=\"\" type=\"tel\" name=\"tu-tfno\" \/><\/span> <\/label>\n<\/p>\n<p><label> Poruka \/ Upit*<br \/>\n<span class=\"wpcf7-form-control-wrap\" data-name=\"your-message\"><textarea cols=\"40\" rows=\"10\" maxlength=\"2000\" class=\"wpcf7-form-control wpcf7-textarea wpcf7-validates-as-required\" aria-required=\"true\" aria-invalid=\"false\" placeholder=\"Molimo, ako imate upite, kontaktirajte nas.\" name=\"your-message\"><\/textarea><\/span> <\/label>\n<\/p>\n<p><span class=\"wpcf7-form-control-wrap\" data-name=\"acceptance-322\"><span class=\"wpcf7-form-control wpcf7-acceptance\"><span class=\"wpcf7-list-item\"><label><input type=\"checkbox\" name=\"acceptance-322\" value=\"1\" aria-invalid=\"false\" \/><span class=\"wpcf7-list-item-label\">Sla\u017eem se <a href=\"https:\/\/www.tele-radio.com\/us\/privacy-policy\/\" target=\"_blank\">privacy policy<\/a>.*<\/span><\/label><\/span><\/span><\/span>\n<\/p>\n<p><input class=\"wpcf7-form-control wpcf7-submit has-spinner\" type=\"submit\" value=\"Po\u0161alji\" \/>\n<\/p><div class=\"wpcf7-response-output\" aria-hidden=\"true\"><\/div>\n<\/form>\n<\/div>\n\r\n\t\t\t\t<script>\r\n\t\t\t\tif ( typeof huOptions !== 'undefined' ) {\r\n\t\t\t\t\tvar huFormData = {\"source\":\"contactform7\",\"id\":272059,\"title\":\"THR-contactform_copy\",\"fields\":{\"subject\":{\"first_name\":\"your-name\",\"email\":\"your-email\"},\"preferences\":{\"terms\":\"your-consent\"}}};\r\n\t\t\t\t\tvar huFormNode = document.querySelector( '[id^=\"wpcf7-f272059-\"] form' );\r\n\r\n\t\t\t\t\thuFormData['node'] = huFormNode;\r\n\t\t\t\t\thuOptions['forms'].push( huFormData );\r\n\t\t\t\t}\r\n\t\t\t\t<\/script><\/div>\n","protected":false},"excerpt":{"rendered":"<p>EVA Optic: \u201cKada smo nazvali Tele Radio sve je bilo rije\u0161eno kroz tri tjedna.\u201d Kada se daljinski upravlja\u010d koji koristite poka\u017ee nepouzdanim neposredno prije me\u0111unarodnog sajma, dolazi do velikih problema. \u201eImali smo jo\u0161 tri tjedna i nismo imali alternative\u201c, prisje\u0107a se voditelj nabave Pieter Kikkert. \u201eKad sam nazvao Richarda, sve je bilo rije\u0161eno u roku [&hellip;]<\/p>\n","protected":false},"author":29,"featured_media":289936,"parent":0,"menu_order":0,"comment_status":"closed","ping_status":"closed","template":"content-customer-stories.php","meta":{"_acf_changed":false,"footnotes":""},"class_list":["post-293258","page","type-page","status-publish","has-post-thumbnail","hentry"],"acf":[],"_links":{"self":[{"href":"https:\/\/www.tele-radio.com\/hr\/wp-json\/wp\/v2\/pages\/293258","targetHints":{"allow":["GET"]}}],"collection":[{"href":"https:\/\/www.tele-radio.com\/hr\/wp-json\/wp\/v2\/pages"}],"about":[{"href":"https:\/\/www.tele-radio.com\/hr\/wp-json\/wp\/v2\/types\/page"}],"author":[{"embeddable":true,"href":"https:\/\/www.tele-radio.com\/hr\/wp-json\/wp\/v2\/users\/29"}],"replies":[{"embeddable":true,"href":"https:\/\/www.tele-radio.com\/hr\/wp-json\/wp\/v2\/comments?post=293258"}],"version-history":[{"count":6,"href":"https:\/\/www.tele-radio.com\/hr\/wp-json\/wp\/v2\/pages\/293258\/revisions"}],"predecessor-version":[{"id":293587,"href":"https:\/\/www.tele-radio.com\/hr\/wp-json\/wp\/v2\/pages\/293258\/revisions\/293587"}],"wp:featuredmedia":[{"embeddable":true,"href":"https:\/\/www.tele-radio.com\/hr\/wp-json\/wp\/v2\/media\/289936"}],"wp:attachment":[{"href":"https:\/\/www.tele-radio.com\/hr\/wp-json\/wp\/v2\/media?parent=293258"}],"curies":[{"name":"wp","href":"https:\/\/api.w.org\/{rel}","templated":true}]}}