{"id":280879,"date":"2025-11-04T09:38:39","date_gmt":"2025-11-04T09:38:39","guid":{"rendered":"https:\/\/www.tele-radio.com\/strong-machines-tele-radio-safe-precise-crane-control\/"},"modified":"2026-02-11T14:19:25","modified_gmt":"2026-02-11T14:19:25","slug":"strong-machines-tele-radio-safe-precise-crane-control","status":"publish","type":"page","link":"https:\/\/www.tele-radio.com\/hr\/strong-machines-tele-radio-safe-precise-crane-control\/","title":{"rendered":"Strong Machines: \u201cTele Radio nije samo dobavlja\u010d &#8211; Tele Radio je strate\u0161ki partner\u201d"},"content":{"rendered":"\n<div class=\"wp-block-cover\" style=\"min-height:360px;aspect-ratio:unset;\"><img loading=\"lazy\" decoding=\"async\" width=\"1200\" height=\"675\" class=\"wp-block-cover__image-background wp-image-272497 size-large\" alt=\"\" src=\"https:\/\/www.tele-radio.com\/app\/uploads\/\/Banner_1-2-1200x675.png\" style=\"object-position:56% 82%\" data-object-fit=\"cover\" data-object-position=\"56% 82%\" srcset=\"https:\/\/www.tele-radio.com\/app\/uploads\/Banner_1-2-1200x675.png 1200w, https:\/\/www.tele-radio.com\/app\/uploads\/Banner_1-2-400x225.png 400w, https:\/\/www.tele-radio.com\/app\/uploads\/Banner_1-2-768x432.png 768w, https:\/\/www.tele-radio.com\/app\/uploads\/Banner_1-2-1536x863.png 1536w, https:\/\/www.tele-radio.com\/app\/uploads\/Banner_1-2-2048x1151.png 2048w, https:\/\/www.tele-radio.com\/app\/uploads\/Banner_1-2-750x422.png 750w, https:\/\/www.tele-radio.com\/app\/uploads\/Banner_1-2-500x281.png 500w, https:\/\/www.tele-radio.com\/app\/uploads\/Banner_1-2-1600x899.png 1600w, https:\/\/www.tele-radio.com\/app\/uploads\/Banner_1-2-800x450.png 800w\" sizes=\"auto, (max-width: 1200px) 100vw, 1200px\" \/><span aria-hidden=\"true\" class=\"wp-block-cover__background has-black-background-color has-background-dim\"><\/span><div class=\"wp-block-cover__inner-container is-layout-constrained wp-block-cover-is-layout-constrained\"><h2 class=\"wp-block-post-title has-x-large-font-size\">Strong Machines: \u201cTele Radio nije samo dobavlja\u010d &#8211; Tele Radio je strate\u0161ki partner\u201d<\/h2><\/div><\/div>\n\n\n\n<h2 class=\"wp-block-heading\">Laka dostupnost rezervnih dijelova, odli\u010dna obuka osoblja i agilnost u opskrbi i servisu &#8211; to su razlozi za\u0161to je Strong Machines odabrao Tele Radio.<\/h2>\n\n\n\n<p><strong>Prilikom podizanja tereta s dvije nadzemne dizalice koje rade u tandemu, nema mjesta za pogre\u0161ke. Strong Machines, brazilska tvrtka i proizvo\u0111a\u010d svakodnevno se suo\u010davaju sa tim situacijama. &#8220;Na\u0161em partnerstvo sa Tele Radiom omogu\u0107uje nam da pratimo rad na\u0161ih tandemskih dizalica u svakom trenutku operacije s njima.&#8221;<\/strong><\/p>\n\n\n\n<p>Rad s tandemskim dizalicama predstavlja rizik. Dizalice koje rade paralelno moraju se kretati uskla\u0111eno. Pri rukovanju dugim ili te\u0161kim teretima, \u010dak i mala odstupanja mogu uzrokovati opasne neravnote\u017ee napetosti ili o\u0161te\u0107enje opreme.<\/p>\n\n\n\n<p>Tvrtka Strong Machines, koja se nalazi u Caxias do Sulu, na jugu Brazila, trebala je be\u017ei\u010dno upravljanje koje bi operaterima pru\u017eilo potpunu slobodu kretanja bez ugro\u017eavanja precizniosti.<\/p>\n\n\n\n<h2 class=\"wp-block-heading\">Preciznost i lako\u0107a rukovanja teretom s Tele Radio Tigerom<\/h2>\n\n\n\n<p>Tele Radio Tiger sustav rje\u0161ava sve ovakve izazove. Njegove proporcionalne kontrole omogu\u0107uje operaterima pode\u0161avanje brzine kretanja promjenom pritiska na upravlja\u010dke tipke, \u0161to je klju\u010dno za glatko i precizno rukovanje teretom. Zaustavljanje u nu\u017edi, koje ima PLd\/SIL3 certifikat, trenuta\u010dno zaustavlja rad kada se aktivira.<\/p>\n\n\n\n<p>U tandem na\u010dinu rada, jedan oda\u0161ilja\u010d istovremeno upravlja objema dizalicama. Dizalice se kre\u0107u naprijed, natrag ili bo\u010dno u savr\u0161enom skladu. Operateri se prebacuju izme\u0111u pojedina\u010dnog i sinkroniziranog upravljanja ovisno o zadatku koji je pred njima.<\/p>\n\n\n\n<figure class=\"wp-block-pullquote\"><blockquote><p>\u201cTele Radio se pokazao vi\u0161e od dobavlja\u010da \u2013 postali su strate\u0161ki partner koji razumije na\u0161e izazove, podr\u017eavaju nas opremom i obukom, te pru\u017ea rje\u0161enje koje savr\u0161eno odgovara na\u0161em proizvodu.\u201d<\/p><cite>Markus Grallert, Direktor, Strong Machines-a<\/cite><\/blockquote><\/figure>\n\n\n\n<h2 class=\"wp-block-heading\">Obuka i kontinuirana podr\u0161ka<\/h2>\n\n\n\n<p>Strong Machines je izabrao Tele Radio zbog ljudskog faktora. Instalacija je zavr\u0161ena brzo i uz minimalne probleme \u2013 \u0161to je klju\u010dno za odr\u017eavanje proizvodnje. Osim toga, Tele Radio je osigurao obuku na licu mjesta i kontinuiranu tehni\u010dku podr\u0161ku, osiguravaju\u0107i da tim Strong Machines-a mo\u017ee u\u010dinkovito upravljati sustavom od prvog dana.<\/p>\n\n\n\n<hr class=\"wp-block-separator has-alpha-channel-opacity\"\/>\n\n\n\n<div class=\"wp-block-columns is-layout-flex wp-container-core-columns-is-layout-9d6595d7 wp-block-columns-is-layout-flex\">\n<div class=\"wp-block-column is-layout-flow wp-block-column-is-layout-flow\">\n<figure class=\"wp-block-embed is-type-video is-provider-youtube wp-block-embed-youtube wp-embed-aspect-16-9 wp-has-aspect-ratio\"><div class=\"wp-block-embed__wrapper\">\n<iframe loading=\"lazy\" title=\"Strong Machines &amp; Tele Radio: Safe, Precise Crane Control\" width=\"500\" height=\"281\" src=\"https:\/\/www.youtube.com\/embed\/sCCkOmVvXZc?feature=oembed\" frameborder=\"0\" allow=\"accelerometer; autoplay; clipboard-write; encrypted-media; gyroscope; picture-in-picture; web-share\" referrerpolicy=\"strict-origin-when-cross-origin\" allowfullscreen><\/iframe>\n<\/div><\/figure>\n<\/div>\n\n\n\n<div class=\"wp-block-column is-layout-flow wp-block-column-is-layout-flow\">\n<h2 class=\"wp-block-heading\">     Izazovi<\/h2>\n\n\n\n<ul class=\"wp-block-list\">\n<li><strong>Preciznost i koordinacija:<\/strong>\u00a0Istovremeno upravljanje dvjema nadzemnima dizalicama zahtjeva savr\u0161enu sinkronizaciju. \u010cak i minimalna odstupanja mogu uzrokovati neravnote\u017eu i napetost \u0161to dovodi do o\u0161te\u0107enja opreme i nesre\u0107a na gradili\u0161tu.<\/li>\n\n\n\n<li><strong>Sigurnost i mobilnost:<\/strong>\u00a0Operateri imaju potpunu slobodu kretanja bez ikakvih gubitaka u preciznosti i kontroli.<\/li>\n\n\n\n<li><strong>Minimiziranje zastoja:<\/strong>\u00a0Implementacija novog be\u017ei\u010dnog sustava upravljanja morala je uzrokovati minimalan prekid proizvodnje.<\/li>\n<\/ul>\n<\/div>\n<\/div>\n\n\n\n<div class=\"wp-block-columns is-layout-flex wp-container-core-columns-is-layout-9d6595d7 wp-block-columns-is-layout-flex\">\n<div class=\"wp-block-column is-layout-flow wp-block-column-is-layout-flow\">\n<h2 class=\"wp-block-heading\">Rje\u0161enja<\/h2>\n\n\n\n<ul class=\"wp-block-list\">\n<li><strong>Fleksibilnost:<\/strong>\u00a0Jedan operater upravlja objema dizalicama s bilo koje optimalne to\u010dke gledi\u0161ta.<\/li>\n\n\n\n<li><strong>Proporcionalnost kontrola:<\/strong>\u00a0precizno pode\u0161avanje brzine kretanja dizalice.<\/li>\n\n\n\n<li><strong>Certifikati:<\/strong>\u00a0PLd\/SIL3-certifikati za zaustavljanje u nu\u017edi i trenutno isklju\u010divanje.<\/li>\n\n\n\n<li><strong>Sinkronizacija:<\/strong>\u00a0neprekidna komunikacija izme\u0111u dizalica osigurava savr\u0161eno poravnanje.<\/li>\n\n\n\n<li><strong>Instalacija:<\/strong>\u00a0minimalne preinake potrebne na postoje\u0107oj opremi.<\/li>\n\n\n\n<li><strong>Podr\u0161ka:<\/strong>\u00a0Tele Radio Brazil osigurao je potpunu obuku i pomo\u0107 na\u0161im operaterima.<\/li>\n<\/ul>\n<\/div>\n\n\n\n<div class=\"wp-block-column is-layout-flow wp-block-column-is-layout-flow\">\n<figure class=\"wp-block-image size-full\"><img loading=\"lazy\" decoding=\"async\" width=\"780\" height=\"754\" src=\"https:\/\/www.tele-radio.com\/app\/uploads\/Screenshot-2025-11-04-at-9.55.45\u202fAM.png\" alt=\"\" class=\"wp-image-272435\" srcset=\"https:\/\/www.tele-radio.com\/app\/uploads\/Screenshot-2025-11-04-at-9.55.45\u202fAM.png 780w, https:\/\/www.tele-radio.com\/app\/uploads\/Screenshot-2025-11-04-at-9.55.45\u202fAM-400x387.png 400w, https:\/\/www.tele-radio.com\/app\/uploads\/Screenshot-2025-11-04-at-9.55.45\u202fAM-768x742.png 768w, https:\/\/www.tele-radio.com\/app\/uploads\/Screenshot-2025-11-04-at-9.55.45\u202fAM-750x725.png 750w, https:\/\/www.tele-radio.com\/app\/uploads\/Screenshot-2025-11-04-at-9.55.45\u202fAM-500x483.png 500w\" sizes=\"auto, (max-width: 780px) 100vw, 780px\" \/><\/figure>\n<\/div>\n<\/div>\n\n\n\n<hr class=\"wp-block-separator has-alpha-channel-opacity\"\/>\n\n\n\n<section id=\"contact\" class=\"wp-block-group contact-section has-black-color has-luminous-vivid-amber-background-color has-text-color has-background has-link-color wp-elements-13bbbda6bc1db94678f181307b85ff03\" style=\"padding-top:60px;padding-bottom:60px\"><div class=\"wp-block-group__inner-container is-layout-flow wp-block-group-is-layout-flow\">\n<h2 class=\"wp-block-heading has-text-align-center has-black-color has-text-color\">Razgovarajte sa stru\u010dnjacima<\/h2>\n\n\n\n<p class=\"has-text-align-center has-black-color has-text-color\">Popunite obrazac i odgovorit \u0107emo Vam kroz jedan radni dan.<\/p>\n<\/div><\/section>\n\n\n\n<div class=\"wp-block-contact-form-7-contact-form-selector\">\n<div class=\"wpcf7 no-js\" id=\"wpcf7-f272059-o1\" lang=\"en-EN\" dir=\"ltr\" data-wpcf7-id=\"272059\">\n<div class=\"screen-reader-response\"><p role=\"status\" aria-live=\"polite\" aria-atomic=\"true\"><\/p> <ul><\/ul><\/div>\n<form action=\"\/hr\/wp-json\/wp\/v2\/pages\/280879#wpcf7-f272059-o1\" method=\"post\" class=\"wpcf7-form init\" aria-label=\"Contact form\" novalidate=\"novalidate\" data-status=\"init\">\n<fieldset class=\"hidden-fields-container\"><input type=\"hidden\" name=\"_wpcf7\" value=\"272059\" \/><input type=\"hidden\" name=\"_wpcf7_version\" value=\"6.1\" \/><input type=\"hidden\" name=\"_wpcf7_locale\" value=\"en_EN\" \/><input type=\"hidden\" name=\"_wpcf7_unit_tag\" value=\"wpcf7-f272059-o1\" \/><input type=\"hidden\" name=\"_wpcf7_container_post\" value=\"0\" \/><input type=\"hidden\" name=\"_wpcf7_posted_data_hash\" value=\"\" \/><input type=\"hidden\" name=\"_wpcf7_recaptcha_response\" value=\"\" \/>\n<\/fieldset>\n<p><label> Ime*<br \/>\n<span class=\"wpcf7-form-control-wrap\" data-name=\"nombre\"><input size=\"40\" maxlength=\"400\" class=\"wpcf7-form-control wpcf7-text wpcf7-validates-as-required\" aria-required=\"true\" aria-invalid=\"false\" placeholder=\"Va\u0161e ime\" value=\"\" type=\"text\" name=\"nombre\" \/><\/span> <\/label>\n<\/p>\n<p><label> Email*<br \/>\n<span class=\"wpcf7-form-control-wrap\" data-name=\"tu-email\"><input size=\"40\" maxlength=\"400\" class=\"wpcf7-form-control wpcf7-email wpcf7-validates-as-required wpcf7-text wpcf7-validates-as-email\" aria-required=\"true\" aria-invalid=\"false\" placeholder=\"Va\u0161 email\" value=\"\" type=\"email\" name=\"tu-email\" \/><\/span> <\/label>\n<\/p>\n<p><label> Telefon*<br \/>\n<span class=\"wpcf7-form-control-wrap\" data-name=\"tu-tfno\"><input size=\"40\" maxlength=\"400\" class=\"wpcf7-form-control wpcf7-tel wpcf7-validates-as-required wpcf7-text wpcf7-validates-as-tel\" aria-required=\"true\" aria-invalid=\"false\" placeholder=\"Va\u0161 broj telefona\" value=\"\" type=\"tel\" name=\"tu-tfno\" \/><\/span> <\/label>\n<\/p>\n<p><label> Poruka \/ Upit*<br \/>\n<span class=\"wpcf7-form-control-wrap\" data-name=\"your-message\"><textarea cols=\"40\" rows=\"10\" maxlength=\"2000\" class=\"wpcf7-form-control wpcf7-textarea wpcf7-validates-as-required\" aria-required=\"true\" aria-invalid=\"false\" placeholder=\"Molimo, ako imate upite, kontaktirajte nas.\" name=\"your-message\"><\/textarea><\/span> <\/label>\n<\/p>\n<p><span class=\"wpcf7-form-control-wrap\" data-name=\"acceptance-322\"><span class=\"wpcf7-form-control wpcf7-acceptance\"><span class=\"wpcf7-list-item\"><label><input type=\"checkbox\" name=\"acceptance-322\" value=\"1\" aria-invalid=\"false\" \/><span class=\"wpcf7-list-item-label\">Sla\u017eem se <a href=\"https:\/\/www.tele-radio.com\/us\/privacy-policy\/\" target=\"_blank\">privacy policy<\/a>.*<\/span><\/label><\/span><\/span><\/span>\n<\/p>\n<p><input class=\"wpcf7-form-control wpcf7-submit has-spinner\" type=\"submit\" value=\"Po\u0161alji\" \/>\n<\/p><div class=\"wpcf7-response-output\" aria-hidden=\"true\"><\/div>\n<\/form>\n<\/div>\n\r\n\t\t\t\t<script>\r\n\t\t\t\tif ( typeof huOptions !== 'undefined' ) {\r\n\t\t\t\t\tvar huFormData = {\"source\":\"contactform7\",\"id\":272059,\"title\":\"THR-contactform_copy\",\"fields\":{\"subject\":{\"first_name\":\"your-name\",\"email\":\"your-email\"},\"preferences\":{\"terms\":\"your-consent\"}}};\r\n\t\t\t\t\tvar huFormNode = document.querySelector( '[id^=\"wpcf7-f272059-\"] form' );\r\n\r\n\t\t\t\t\thuFormData['node'] = huFormNode;\r\n\t\t\t\t\thuOptions['forms'].push( huFormData );\r\n\t\t\t\t}\r\n\t\t\t\t<\/script><\/div>\n","protected":false},"excerpt":{"rendered":"<p>Laka dostupnost rezervnih dijelova, odli\u010dna obuka osoblja i agilnost u opskrbi i servisu &#8211; to su razlozi za\u0161to je Strong Machines odabrao Tele Radio. Prilikom podizanja tereta s dvije nadzemne dizalice koje rade u tandemu, nema mjesta za pogre\u0161ke. Strong Machines, brazilska tvrtka i proizvo\u0111a\u010d svakodnevno se suo\u010davaju sa tim situacijama. &#8220;Na\u0161em partnerstvo sa Tele [&hellip;]<\/p>\n","protected":false},"author":29,"featured_media":272469,"parent":0,"menu_order":0,"comment_status":"closed","ping_status":"closed","template":"content-customer-stories.php","meta":{"_acf_changed":false,"footnotes":""},"class_list":["post-280879","page","type-page","status-publish","has-post-thumbnail","hentry"],"acf":[],"_links":{"self":[{"href":"https:\/\/www.tele-radio.com\/hr\/wp-json\/wp\/v2\/pages\/280879","targetHints":{"allow":["GET"]}}],"collection":[{"href":"https:\/\/www.tele-radio.com\/hr\/wp-json\/wp\/v2\/pages"}],"about":[{"href":"https:\/\/www.tele-radio.com\/hr\/wp-json\/wp\/v2\/types\/page"}],"author":[{"embeddable":true,"href":"https:\/\/www.tele-radio.com\/hr\/wp-json\/wp\/v2\/users\/29"}],"replies":[{"embeddable":true,"href":"https:\/\/www.tele-radio.com\/hr\/wp-json\/wp\/v2\/comments?post=280879"}],"version-history":[{"count":4,"href":"https:\/\/www.tele-radio.com\/hr\/wp-json\/wp\/v2\/pages\/280879\/revisions"}],"predecessor-version":[{"id":280890,"href":"https:\/\/www.tele-radio.com\/hr\/wp-json\/wp\/v2\/pages\/280879\/revisions\/280890"}],"wp:featuredmedia":[{"embeddable":true,"href":"https:\/\/www.tele-radio.com\/hr\/wp-json\/wp\/v2\/media\/272469"}],"wp:attachment":[{"href":"https:\/\/www.tele-radio.com\/hr\/wp-json\/wp\/v2\/media?parent=280879"}],"curies":[{"name":"wp","href":"https:\/\/api.w.org\/{rel}","templated":true}]}}