{"id":272046,"date":"2025-10-30T11:41:05","date_gmt":"2025-10-30T11:41:05","guid":{"rendered":"https:\/\/www.tele-radio.com\/?page_id=272046"},"modified":"2026-01-22T13:36:30","modified_gmt":"2026-01-22T13:36:30","slug":"daljinski-upravljaci-za-vucna-vozila-i-vitla","status":"publish","type":"page","link":"https:\/\/www.tele-radio.com\/hr\/daljinski-upravljaci-za-vucna-vozila-i-vitla\/","title":{"rendered":"Daljinski upravlja\u010di za vu\u010dna vozila i vitla"},"content":{"rendered":"\n<p>Na\u0161i be\u017ei\u010dni daljinski upravlja\u010di za vu\u010dna vozila i vitla isti\u010du se svojom jednostavno\u0161\u0107u, fleksibilno\u0161\u0107u i pouzdano\u0161\u0107u. Panther sustav je najkori\u0161teniji sustav za te primjene.<\/p>\n\n\n\n<p>Panther koristi tehnologiju koja omogu\u0107uje nesmetan rad s mnogim sustavima, a tako\u0111er ima ugra\u0111ene sigurnosne zna\u010dajke. Definitivno su najbolji izbor za daljinsko upravljanje vu\u010dnim vozilima.&nbsp;<\/p>\n\n\n\n<div class=\"wp-block-buttons is-horizontal is-content-justification-center is-layout-flex wp-container-core-buttons-is-layout-499968f5 wp-block-buttons-is-layout-flex\">\n<div class=\"wp-block-button\"><a class=\"wp-block-button__link has-black-color has-text-color has-background wp-element-button\" href=\"#info\" style=\"border-radius:7px;background-color:#fbba00\"><strong>Kontaktirajte nas<\/strong><\/a><\/div>\n<\/div>\n\n\n\n<div style=\"height:70px\" aria-hidden=\"true\" class=\"wp-block-spacer\"><\/div>\n\n\n\n<div class=\"wp-block-columns is-layout-flex wp-container-core-columns-is-layout-9d6595d7 wp-block-columns-is-layout-flex\">\n<div class=\"wp-block-column is-layout-flow wp-block-column-is-layout-flow\" style=\"flex-basis:20%\"><\/div>\n\n\n\n<div class=\"wp-block-column is-layout-flow wp-block-column-is-layout-flow\" style=\"flex-basis:60%\">\n<figure class=\"wp-block-video aligncenter\"><video controls src=\"https:\/\/www.tele-radio.com\/app\/uploads\/Tow-Truck-EN.mp4\"><\/video><\/figure>\n<\/div>\n\n\n\n<div class=\"wp-block-column is-layout-flow wp-block-column-is-layout-flow\" style=\"flex-basis:20%\"><\/div>\n<\/div>\n\n\n\n<p><\/p>\n\n\n\n<h2 class=\"wp-block-heading\">Daljinsko upravljanje za vitla<\/h2>\n\n\n\n<div class=\"wp-block-columns are-vertically-aligned-center has-background is-layout-flex wp-container-core-columns-is-layout-9d6595d7 wp-block-columns-is-layout-flex\" style=\"background-color:#ffffff\">\n<div class=\"wp-block-column is-vertically-aligned-center is-layout-flow wp-block-column-is-layout-flow\" style=\"flex-basis:25.5%\"><div class=\"wp-block-image\">\n<figure class=\"alignleft size-medium\"><img loading=\"lazy\" decoding=\"async\" width=\"400\" height=\"380\" src=\"https:\/\/www.tele-radio.com\/app\/uploads\/\/Remote-control-for-Winches-Panther-system-by-Tele-Radio-400x380.jpg\" alt=\"Remote control for Winches - Panther system by Tele Radio\" class=\"wp-image-24144\" srcset=\"https:\/\/www.tele-radio.com\/app\/uploads\/Remote-control-for-Winches-Panther-system-by-Tele-Radio-400x380.jpg 400w, https:\/\/www.tele-radio.com\/app\/uploads\/Remote-control-for-Winches-Panther-system-by-Tele-Radio.jpg 450w\" sizes=\"auto, (max-width: 400px) 100vw, 400px\" \/><\/figure><\/div>\n\n\n<p><\/p>\n<\/div>\n\n\n\n<div class=\"wp-block-column is-vertically-aligned-center is-layout-flow wp-block-column-is-layout-flow\" style=\"flex-basis:75%\">\n<p class=\"has-background has-medium-font-size\" style=\"background-color:#ffffff\">Ovaj sustav je posebno razvijen za jednostavno upravljanje&nbsp;jednobrzinskim vitlima na mobilnoj opremi kao \u0161to su kamioni za vu\u010du, teglja\u010di, terenska vozila i mnogi drugi.&nbsp;<br>Ovaj sustav daljinskog upravljanja, PNS-R171-T2165 (prikazan lijevo), vrlo je jednostavan za instalaciju zahvaljuju\u0107i unaprijed postavljenom prijemniku.&nbsp;<\/p>\n<\/div>\n<\/div>\n\n\n\n<p>Ako situacija zahtijeva dvobrzinska vitla ili dodatne funkcije, nudimo \u0161irok izbor oda\u0161ilja\u010da s dvostupanjskom tipkom, s mogu\u0107no\u0161\u0107u upravljanja do 4 funkcije s jednog oda\u0161ilja\u010da, kao \u0161to je prikazano na&nbsp; <a href=\"#fortowtrucks\" target=\"_blank\" rel=\"noreferrer noopener\">slici ispod<\/a>.<\/p>\n\n\n\n<p><\/p>\n\n\n\n<h2 class=\"wp-block-heading\"><strong><br>Daljinski upravlja\u010di za dizalice s ravnom platformom<\/strong><\/h2>\n\n\n\n<p>Dizalice s ravnom platformom su osnovna oprema za vu\u010du vozila, pomo\u0107 na cesti, prijevoz i spasila\u010dke operacije. Integracija be\u017ei\u010dnog sustava daljinskog upravljanja zna\u010dajno pove\u0107ava sigurnost, prakti\u010dnost i operativnu u\u010dinkovitost.&nbsp;<\/p>\n\n\n\n<h2 class=\"wp-block-heading\"><strong>Za\u0161to je daljinski upravlja\u010d za dizalice pravi odabir?<\/strong><\/h2>\n\n\n\n<p>Naj\u010de\u0161\u0107i daljinski upravlja\u010di za dizalice s ravnom platformom obi\u010dno imaju izme\u0111u 6 i 10 tipki na kompaktnim oda\u0161ilja\u010dima, \u0161to omogu\u0107uje operaterima upravljanje vi\u0161e funkcija poput otvaranja i uvla\u010denja platforme, dodatnih hidrauli\u010dkih pokreta i pomo\u0107nih sustava poput svjetala i stabilizatora.<\/p>\n\n\n\n<p>Za primjene gdje je sigurnost klju\u010dna i potrebna je pobolj\u0161ana za\u0161tita operatera i okoline, obi\u010dno se koriste oda\u0161ilja\u010di s najmanje, 8 tipki &#8211; uklju\u010duju\u0107i tipku za hitno zaustavljanje u obliku gljive. Ova tipka pru\u017ea dodatni sloj sigurnosti, omogu\u0107uju\u0107i trenutno zaustavljanje svih operacija u slu\u010daju potrebe.<\/p>\n\n\n\n<p><\/p>\n\n\n\n<h2 class=\"wp-block-heading\"><strong>Daljinski upravlja\u010di za vu\u010dna vozila<\/strong><\/h2>\n\n\n\n<p>Vu\u010dne slu\u017ebe su neophodne za vu\u010du vozila, pomo\u0107 na cesti i prijevoz, posebno tijekom hitnih slu\u010dajeva ili kvarova.<\/p>\n\n\n\n<p>Integriranje be\u017ei\u010dnih daljinskih upravlja\u010da u vu\u010dna vozila zna\u010dajno pove\u0107ava sigurnost operatera omogu\u0107uju\u0107i provo\u0111enje svih operacija s sigurne udaljenosti, smanjuju\u0107i rizike povezane s prometom i izazovnim uvjetima okoline. To ne samo da \u0161titi operatera, ve\u0107 i pobolj\u0161ava preciznost manevriranja i ukupnu operativnu u\u010dinkovitost.&nbsp;<\/p>\n\n\n\n<p><\/p>\n\n\n\n<figure class=\"wp-block-image size-large\"><img loading=\"lazy\" decoding=\"async\" width=\"1200\" height=\"266\" src=\"https:\/\/www.tele-radio.com\/app\/uploads\/\/FH_MV_PN_0002-1200x266.png\" alt=\"remote control tow truck\" class=\"wp-image-263750\" srcset=\"https:\/\/www.tele-radio.com\/app\/uploads\/FH_MV_PN_0002-1200x266.png 1200w, https:\/\/www.tele-radio.com\/app\/uploads\/FH_MV_PN_0002-400x89.png 400w, https:\/\/www.tele-radio.com\/app\/uploads\/FH_MV_PN_0002-768x170.png 768w, https:\/\/www.tele-radio.com\/app\/uploads\/FH_MV_PN_0002-1536x341.png 1536w, https:\/\/www.tele-radio.com\/app\/uploads\/FH_MV_PN_0002-2048x455.png 2048w, https:\/\/www.tele-radio.com\/app\/uploads\/FH_MV_PN_0002-750x166.png 750w, https:\/\/www.tele-radio.com\/app\/uploads\/FH_MV_PN_0002-500x111.png 500w, https:\/\/www.tele-radio.com\/app\/uploads\/FH_MV_PN_0002-1600x355.png 1600w, https:\/\/www.tele-radio.com\/app\/uploads\/FH_MV_PN_0002-800x178.png 800w\" sizes=\"auto, (max-width: 1200px) 100vw, 1200px\" \/><\/figure>\n\n\n\n<p><\/p>\n\n\n\n<h2 class=\"wp-block-heading\" id=\"fortowtrucks\"><strong>Daljinski upravlja\u010di za teglja\u010de i vozila za izvla\u010denje.<\/strong><\/h2>\n\n\n\n<figure class=\"wp-block-image size-large is-resized\"><img loading=\"lazy\" decoding=\"async\" width=\"1200\" height=\"398\" src=\"https:\/\/www.tele-radio.com\/app\/uploads\/\/remote-controls-for-tow-trucks-1200x398.jpg\" alt=\"Remote control for tow truck\" class=\"wp-image-33991\" style=\"width:900px;height:299px\" srcset=\"https:\/\/www.tele-radio.com\/app\/uploads\/remote-controls-for-tow-trucks-1200x398.jpg 1200w, https:\/\/www.tele-radio.com\/app\/uploads\/remote-controls-for-tow-trucks-400x133.jpg 400w, https:\/\/www.tele-radio.com\/app\/uploads\/remote-controls-for-tow-trucks-768x255.jpg 768w, https:\/\/www.tele-radio.com\/app\/uploads\/remote-controls-for-tow-trucks-750x249.jpg 750w, https:\/\/www.tele-radio.com\/app\/uploads\/remote-controls-for-tow-trucks-500x166.jpg 500w, https:\/\/www.tele-radio.com\/app\/uploads\/remote-controls-for-tow-trucks-800x265.jpg 800w, https:\/\/www.tele-radio.com\/app\/uploads\/remote-controls-for-tow-trucks.jpg 1463w\" sizes=\"auto, (max-width: 1200px) 100vw, 1200px\" \/><\/figure>\n\n\n\n<p>Sustavi daljinskog upravljanja za&nbsp;teglja\u010de s ravnom platformom, vozila za izvla\u010denje i mnoge druge vrste vozila za vu\u010du. Razli\u010dite zna\u010dajke, razli\u010dit broj tipki i prilago\u0111eno programiranje \u010dine na\u0161e proizvode nevjerojatno prilagodljivima.&nbsp;<\/p>\n\n\n\n<div style=\"height:20px\" aria-hidden=\"true\" class=\"wp-block-spacer\"><\/div>\n\n\n\n<div class=\"wp-block-media-text alignwide has-media-on-the-right is-stacked-on-mobile is-vertically-aligned-center has-very-light-gray-background-color has-background\"><div class=\"wp-block-media-text__content\">\n<div style=\"height:20px\" aria-hidden=\"true\" class=\"wp-block-spacer\"><\/div>\n\n\n\n<h2 class=\"wp-block-heading\">Dizajnirate svoj daljinski upravlja\u010d za vu\u010dna vozila.<\/h2>\n\n\n\n<p class=\"has-medium-font-size\">Nabavite <a href=\"https:\/\/www.tele-radio.com\/us\/products\/custom-foils\/\">svoj dizajnirani daljinski upravlja\u010d<\/a> koriste\u0107i vlastite boje ikone ili web stranice.<\/p>\n<\/div><figure class=\"wp-block-media-text__media\"><img loading=\"lazy\" decoding=\"async\" width=\"600\" height=\"347\" src=\"https:\/\/www.tele-radio.com\/app\/uploads\/remote-control-tow-truck-custom-foils-teleradio-2.png\" alt=\"\" class=\"wp-image-59769 size-full\" srcset=\"https:\/\/www.tele-radio.com\/app\/uploads\/remote-control-tow-truck-custom-foils-teleradio-2.png 600w, https:\/\/www.tele-radio.com\/app\/uploads\/remote-control-tow-truck-custom-foils-teleradio-2-400x231.png 400w, https:\/\/www.tele-radio.com\/app\/uploads\/remote-control-tow-truck-custom-foils-teleradio-2-500x289.png 500w\" sizes=\"auto, (max-width: 600px) 100vw, 600px\" \/><\/figure><\/div>\n\n\n\n<div style=\"height:40px\" aria-hidden=\"true\" class=\"wp-block-spacer\"><\/div>\n\n\n\n<h2 class=\"wp-block-heading\"><strong>Karakteristike daljinskog upravlja\u010da za vu\u010dna vozila i vitla<\/strong><\/h2>\n\n\n\n<ul class=\"wp-block-list\">\n<li>Iznimno prilagodljiv za upravljanje razli\u010ditim <strong>prijemnicima sa samo jednim oda\u0161ilja\u010dem<\/strong>. Na primjer, za upravljanje kliznom platformom i vitlom na kamionu za vu\u010du.&nbsp;<\/li>\n\n\n\n<li>Tipke na oda\u0161ilja\u010dima su programabilne i imaju vrlo dug vijek trajanja.<\/li>\n\n\n\n<li>Za oda\u0161ilja\u010de i prijemnike dostupan je \u0161irok raspon dodatne opreme: punjive baterije, remeni, futrole, metalne ili plasti\u010dne kop\u010de za pojas i mnogi drugi.&nbsp;<\/li>\n<\/ul>\n\n\n\n<div class=\"wp-block-columns has-very-light-gray-background-color has-background is-layout-flex wp-container-core-columns-is-layout-9d6595d7 wp-block-columns-is-layout-flex\">\n<div class=\"wp-block-column is-layout-flow wp-block-column-is-layout-flow\"><div class=\"wp-block-image is-resized\">\n<figure class=\"aligncenter size-large\"><img loading=\"lazy\" decoding=\"async\" width=\"100\" height=\"100\" src=\"https:\/\/www.tele-radio.com\/app\/uploads\/protected-t19.png\" alt=\"IP65 and IP67 certified radio remote control for tow truck and winches\" class=\"wp-image-58029\" style=\"width:auto;height:100px\"\/><\/figure><\/div>\n\n\n<p class=\"has-text-align-center has-medium-font-size\"><strong>Otporan na vodu i pra\u0161inu<\/strong><\/p>\n\n\n\n<p class=\"has-text-align-center\">Na\u0161i oda\u0161ilja\u010di su izuzetno izdr\u017eljivi.<br>Neki imaju IP65, a ve\u0107ina IP67 certifikat.<\/p>\n<\/div>\n\n\n\n<div class=\"wp-block-column is-layout-flow wp-block-column-is-layout-flow\"><div class=\"wp-block-image is-resized\">\n<figure class=\"aligncenter size-large\"><img loading=\"lazy\" decoding=\"async\" width=\"100\" height=\"100\" src=\"https:\/\/www.tele-radio.com\/app\/uploads\/reparar-control-remoto-espana-teleradio.png\" alt=\"Local support for radio remote control\" class=\"wp-image-36147\" style=\"width:auto;height:100px\"\/><\/figure><\/div>\n\n\n<p class=\"has-text-align-center has-medium-font-size\"><strong>Globalna i lokalna podr\u0161ka<\/strong><\/p>\n\n\n\n<p class=\"has-text-align-center\">Uredi u Hrvatskoj ali i ostatku svijeta. Vi\u0161e od 20 podru\u017enica diljem svijeta.<\/p>\n<\/div>\n\n\n\n<div class=\"wp-block-column is-layout-flow wp-block-column-is-layout-flow\"><div class=\"wp-block-image is-resized\">\n<figure class=\"aligncenter size-large\"><img loading=\"lazy\" decoding=\"async\" width=\"128\" height=\"128\" src=\"https:\/\/www.tele-radio.com\/app\/uploads\/certification.png\" alt=\"FCC IC CE Approved transmiters\" class=\"wp-image-46654\" style=\"width:auto;height:100px\"\/><\/figure><\/div>\n\n\n<p class=\"has-text-align-center has-medium-font-size\"><strong>FCC IC CE odobrenja<\/strong><\/p>\n\n\n\n<p class=\"has-text-align-center\">Koristite na\u0161e oda\u0161ilja\u010de diljem svijeta.<\/p>\n<\/div>\n<\/div>\n\n\n\n<h2 class=\"wp-block-heading\" id=\"info\">Contact us<\/h2>\n\n\n\n<div class=\"wp-block-columns is-layout-flex wp-container-core-columns-is-layout-9d6595d7 wp-block-columns-is-layout-flex\">\n<div class=\"wp-block-column is-layout-flow wp-block-column-is-layout-flow\" style=\"flex-basis:66.66%\">\n<div class=\"wpcf7 no-js\" id=\"wpcf7-f272059-o1\" lang=\"en-EN\" dir=\"ltr\" data-wpcf7-id=\"272059\">\n<div class=\"screen-reader-response\"><p role=\"status\" aria-live=\"polite\" aria-atomic=\"true\"><\/p> <ul><\/ul><\/div>\n<form action=\"\/hr\/wp-json\/wp\/v2\/pages\/272046#wpcf7-f272059-o1\" method=\"post\" class=\"wpcf7-form init\" aria-label=\"Contact form\" novalidate=\"novalidate\" data-status=\"init\">\n<fieldset class=\"hidden-fields-container\"><input type=\"hidden\" name=\"_wpcf7\" value=\"272059\" \/><input type=\"hidden\" name=\"_wpcf7_version\" value=\"6.1\" \/><input type=\"hidden\" name=\"_wpcf7_locale\" value=\"en_EN\" \/><input type=\"hidden\" name=\"_wpcf7_unit_tag\" value=\"wpcf7-f272059-o1\" \/><input type=\"hidden\" name=\"_wpcf7_container_post\" value=\"0\" \/><input type=\"hidden\" name=\"_wpcf7_posted_data_hash\" value=\"\" \/><input type=\"hidden\" name=\"_wpcf7_recaptcha_response\" value=\"\" \/>\n<\/fieldset>\n<p><label> Ime*<br \/>\n<span class=\"wpcf7-form-control-wrap\" data-name=\"nombre\"><input size=\"40\" maxlength=\"400\" class=\"wpcf7-form-control wpcf7-text wpcf7-validates-as-required\" aria-required=\"true\" aria-invalid=\"false\" placeholder=\"Va\u0161e ime\" value=\"\" type=\"text\" name=\"nombre\" \/><\/span> <\/label>\n<\/p>\n<p><label> Email*<br \/>\n<span class=\"wpcf7-form-control-wrap\" data-name=\"tu-email\"><input size=\"40\" maxlength=\"400\" class=\"wpcf7-form-control wpcf7-email wpcf7-validates-as-required wpcf7-text wpcf7-validates-as-email\" aria-required=\"true\" aria-invalid=\"false\" placeholder=\"Va\u0161 email\" value=\"\" type=\"email\" name=\"tu-email\" \/><\/span> <\/label>\n<\/p>\n<p><label> Telefon*<br \/>\n<span class=\"wpcf7-form-control-wrap\" data-name=\"tu-tfno\"><input size=\"40\" maxlength=\"400\" class=\"wpcf7-form-control wpcf7-tel wpcf7-validates-as-required wpcf7-text wpcf7-validates-as-tel\" aria-required=\"true\" aria-invalid=\"false\" placeholder=\"Va\u0161 broj telefona\" value=\"\" type=\"tel\" name=\"tu-tfno\" \/><\/span> <\/label>\n<\/p>\n<p><label> Poruka \/ Upit*<br \/>\n<span class=\"wpcf7-form-control-wrap\" data-name=\"your-message\"><textarea cols=\"40\" rows=\"10\" maxlength=\"2000\" class=\"wpcf7-form-control wpcf7-textarea wpcf7-validates-as-required\" aria-required=\"true\" aria-invalid=\"false\" placeholder=\"Molimo, ako imate upite, kontaktirajte nas.\" name=\"your-message\"><\/textarea><\/span> <\/label>\n<\/p>\n<p><span class=\"wpcf7-form-control-wrap\" data-name=\"acceptance-322\"><span class=\"wpcf7-form-control wpcf7-acceptance\"><span class=\"wpcf7-list-item\"><label><input type=\"checkbox\" name=\"acceptance-322\" value=\"1\" aria-invalid=\"false\" \/><span class=\"wpcf7-list-item-label\">Sla\u017eem se <a href=\"https:\/\/www.tele-radio.com\/us\/privacy-policy\/\" target=\"_blank\">privacy policy<\/a>.*<\/span><\/label><\/span><\/span><\/span>\n<\/p>\n<p><input class=\"wpcf7-form-control wpcf7-submit has-spinner\" type=\"submit\" value=\"Po\u0161alji\" \/>\n<\/p><div class=\"wpcf7-response-output\" aria-hidden=\"true\"><\/div>\n<\/form>\n<\/div>\n\r\n\t\t\t\t<script>\r\n\t\t\t\tif ( typeof huOptions !== 'undefined' ) {\r\n\t\t\t\t\tvar huFormData = {\"source\":\"contactform7\",\"id\":272059,\"title\":\"THR-contactform_copy\",\"fields\":{\"subject\":{\"first_name\":\"your-name\",\"email\":\"your-email\"},\"preferences\":{\"terms\":\"your-consent\"}}};\r\n\t\t\t\t\tvar huFormNode = document.querySelector( '[id^=\"wpcf7-f272059-\"] form' );\r\n\r\n\t\t\t\t\thuFormData['node'] = huFormNode;\r\n\t\t\t\t\thuOptions['forms'].push( huFormData );\r\n\t\t\t\t}\r\n\t\t\t\t<\/script>\n<\/div>\n\n\n\n<div class=\"wp-block-column is-layout-flow wp-block-column-is-layout-flow\" style=\"flex-basis:33.33%\"><\/div>\n<\/div>\n\n\n\n<p class=\"has-text-align-center\" style=\"font-size:32px\">Brendovi koji se koriste na\u0161im proizvodima<\/p>\n\n\n\n<div class=\"wp-block-columns are-vertically-aligned-center is-layout-flex wp-container-core-columns-is-layout-9d6595d7 wp-block-columns-is-layout-flex\">\n<div class=\"wp-block-column is-vertically-aligned-center is-layout-flow wp-block-column-is-layout-flow\">\n<figure class=\"wp-block-image size-large\"><a href=\"https:\/\/www.volvo.com\/en\/\" target=\"_blank\" rel=\"nofollow noopener\"><img loading=\"lazy\" decoding=\"async\" width=\"130\" height=\"130\" src=\"https:\/\/www.tele-radio.com\/app\/uploads\/volvo-trucks-logo.png\" alt=\"Volvo and Tele Radio\" class=\"wp-image-58810\"\/><\/a><\/figure>\n<\/div>\n\n\n\n<div class=\"wp-block-column is-vertically-aligned-center is-layout-flow wp-block-column-is-layout-flow\">\n<figure class=\"wp-block-image size-large\"><a href=\"https:\/\/www.caterpillar.com\/\" target=\"_blank\" rel=\"nofollow noopener\"><img loading=\"lazy\" decoding=\"async\" width=\"130\" height=\"73\" src=\"https:\/\/www.tele-radio.com\/app\/uploads\/Caterpillar-Logo.png\" alt=\"Caterpillar and Tele Radio\" class=\"wp-image-55802\"\/><\/a><\/figure>\n<\/div>\n\n\n\n<div class=\"wp-block-column is-vertically-aligned-center is-layout-flow wp-block-column-is-layout-flow\">\n<figure class=\"wp-block-image size-large\"><a href=\"https:\/\/www.tesla.com\/\" target=\"_blank\" rel=\"nofollow noopener\"><img loading=\"lazy\" decoding=\"async\" width=\"130\" height=\"131\" src=\"https:\/\/www.tele-radio.com\/app\/uploads\/Tesla-logo.png\" alt=\"Tesla and Tele Radio\" class=\"wp-image-55823\"\/><\/a><\/figure>\n<\/div>\n\n\n\n<div class=\"wp-block-column is-vertically-aligned-center is-layout-flow wp-block-column-is-layout-flow\">\n<figure class=\"wp-block-image size-large\"><a href=\"https:\/\/www.toyotaforklift.com\/\" target=\"_blank\" rel=\"nofollow noopener\"><img loading=\"lazy\" decoding=\"async\" width=\"200\" height=\"57\" src=\"https:\/\/www.tele-radio.com\/app\/uploads\/toyota-industrial-equipment.png\" alt=\"Toyota and Tele Radio\" class=\"wp-image-55865\"\/><\/a><\/figure>\n\n\n\n<p><\/p>\n<\/div>\n<\/div>\n\n\n\n<h3 class=\"wp-block-heading\">O Tele Radiu<\/h3>\n\n\n\n<p>Tele Radio je \u0161vedska tvrtka s vi\u0161e od 70 godina iskustva i jedan je od svjetskih lidera u podru\u010dju daljinskog upravljanja. Proizvodimo, prilago\u0111avamo i prodajemo sustave daljinskog upravljanja tisu\u0107ama tvrtki diljem svijeta.<\/p>\n\n\n\n<p><\/p>\n","protected":false},"excerpt":{"rendered":"<p>Na\u0161i be\u017ei\u010dni daljinski upravlja\u010di za vu\u010dna vozila i vitla isti\u010du se svojom jednostavno\u0161\u0107u, fleksibilno\u0161\u0107u i pouzdano\u0161\u0107u. Panther sustav je najkori\u0161teniji sustav za te primjene. Panther koristi tehnologiju koja omogu\u0107uje nesmetan rad s mnogim sustavima, a tako\u0111er ima ugra\u0111ene sigurnosne zna\u010dajke. Definitivno su najbolji izbor za daljinsko upravljanje vu\u010dnim vozilima.&nbsp; Daljinsko upravljanje za vitla Ovaj sustav [&hellip;]<\/p>\n","protected":false},"author":63,"featured_media":26247,"parent":0,"menu_order":0,"comment_status":"closed","ping_status":"closed","template":"","meta":{"_acf_changed":false,"footnotes":""},"class_list":["post-272046","page","type-page","status-publish","has-post-thumbnail","hentry"],"acf":[],"_links":{"self":[{"href":"https:\/\/www.tele-radio.com\/hr\/wp-json\/wp\/v2\/pages\/272046","targetHints":{"allow":["GET"]}}],"collection":[{"href":"https:\/\/www.tele-radio.com\/hr\/wp-json\/wp\/v2\/pages"}],"about":[{"href":"https:\/\/www.tele-radio.com\/hr\/wp-json\/wp\/v2\/types\/page"}],"author":[{"embeddable":true,"href":"https:\/\/www.tele-radio.com\/hr\/wp-json\/wp\/v2\/users\/63"}],"replies":[{"embeddable":true,"href":"https:\/\/www.tele-radio.com\/hr\/wp-json\/wp\/v2\/comments?post=272046"}],"version-history":[{"count":3,"href":"https:\/\/www.tele-radio.com\/hr\/wp-json\/wp\/v2\/pages\/272046\/revisions"}],"predecessor-version":[{"id":272064,"href":"https:\/\/www.tele-radio.com\/hr\/wp-json\/wp\/v2\/pages\/272046\/revisions\/272064"}],"wp:featuredmedia":[{"embeddable":true,"href":"https:\/\/www.tele-radio.com\/hr\/wp-json\/wp\/v2\/media\/26247"}],"wp:attachment":[{"href":"https:\/\/www.tele-radio.com\/hr\/wp-json\/wp\/v2\/media?parent=272046"}],"curies":[{"name":"wp","href":"https:\/\/api.w.org\/{rel}","templated":true}]}}