{"id":268635,"date":"2024-06-21T11:03:19","date_gmt":"2024-06-21T11:03:19","guid":{"rendered":"https:\/\/www.tele-radio.com\/sterowanie-radiowe-pwm\/"},"modified":"2025-12-03T12:41:33","modified_gmt":"2025-12-03T12:41:33","slug":"strojni-daljinski-upravljaci-pwm","status":"publish","type":"page","link":"https:\/\/www.tele-radio.com\/hr\/strojni-daljinski-upravljaci-pwm\/","title":{"rendered":"PWM radio daljinski upravlja\u010di za strojeve"},"content":{"rendered":"\n<div style=\"height:50px\" aria-hidden=\"true\" class=\"wp-block-spacer\"><\/div>\n\n\n\n<h2 class=\"wp-block-heading has-text-align-center has-large-font-size\">PWM \u2013 Tele Radio sustavi za radio upravljanje&nbsp;<\/h2>\n\n\n\n<div style=\"height:40px\" aria-hidden=\"true\" class=\"wp-block-spacer\"><\/div>\n\n\n\n<p class=\"has-text-align-center\">Tele Radio specijaliziran je za proizvodnju naprednih sustava radio upravljanja, uklju\u010duju\u0107i moderna PWM rje\u0161enja za radio upravljanje. Zahvaljuju\u0107i inovativnim tehnologijama i dugogodi\u0161njem iskustvu, nudimo vrhunske proizvode koji su pouzdani, sigurni i jednostavni za kori\u0161tenje.&nbsp;<\/p>\n\n\n\n<div style=\"height:10px\" aria-hidden=\"true\" class=\"wp-block-spacer\"><\/div>\n\n\n\n<div style=\"height:40px\" aria-hidden=\"true\" class=\"wp-block-spacer\"><\/div>\n\n\n\n<div class=\"wp-block-media-text has-media-on-the-right is-stacked-on-mobile\" style=\"grid-template-columns:auto 32%\"><div class=\"wp-block-media-text__content\">\n<div style=\"height:10px\" aria-hidden=\"true\" class=\"wp-block-spacer\"><\/div>\n\n\n\n<h3 class=\"wp-block-heading\" style=\"font-size:30px\">\u0160to je PWM radio upravljanje?&nbsp;<\/h3>\n\n\n\n<p>PWM je metoda koja omogu\u0107uje preciznu kontrolu snage koja se dovodi do ure\u0111aja promjenom \u0161irine impulsa upravlja\u010dkog signala. U praksi, PWM zna\u010di proporcijonalno generiranje signala, gdje je omjer trajanja impulsa i perioda signala proporcionalan razini snage. Ovo rje\u0161enje je idealno za mnoge industrijske i gra\u0111evinske strojeve gdje su preciznost i pouzdanost klju\u010dni.&nbsp;<\/p>\n\n\n\n<div style=\"height:35px\" aria-hidden=\"true\" class=\"wp-block-spacer\"><\/div>\n\n\n\n<div class=\"wp-block-buttons is-content-justification-center is-layout-flex wp-container-core-buttons-is-layout-16018d1d wp-block-buttons-is-layout-flex\">\n<div class=\"wp-block-button\"><a class=\"wp-block-button__link has-black-color has-luminous-vivid-amber-background-color has-text-color has-background has-link-color has-text-align-center wp-element-button\" href=\"#rozwi\u0105zania\" style=\"border-radius:20px\">Rje\u0161enja Tele Radia<\/a><\/div>\n<\/div>\n<\/div><figure class=\"wp-block-media-text__media\"><img loading=\"lazy\" decoding=\"async\" width=\"1200\" height=\"1200\" src=\"https:\/\/www.tele-radio.com\/app\/uploads\/\/IMG_1949.1-1200x1200.png\" alt=\"\" class=\"wp-image-224561 size-full\" srcset=\"https:\/\/www.tele-radio.com\/app\/uploads\/IMG_1949.1-1200x1200.png 1200w, https:\/\/www.tele-radio.com\/app\/uploads\/IMG_1949.1-400x400.png 400w, https:\/\/www.tele-radio.com\/app\/uploads\/IMG_1949.1-150x150.png 150w, https:\/\/www.tele-radio.com\/app\/uploads\/IMG_1949.1-768x768.png 768w, https:\/\/www.tele-radio.com\/app\/uploads\/IMG_1949.1-250x250.png 250w, https:\/\/www.tele-radio.com\/app\/uploads\/IMG_1949.1-750x750.png 750w, https:\/\/www.tele-radio.com\/app\/uploads\/IMG_1949.1-500x500.png 500w, https:\/\/www.tele-radio.com\/app\/uploads\/IMG_1949.1-800x800.png 800w, https:\/\/www.tele-radio.com\/app\/uploads\/IMG_1949.1.png 1500w\" sizes=\"auto, (max-width: 1200px) 100vw, 1200px\" \/><\/figure><\/div>\n\n\n\n<div style=\"height:100px\" aria-hidden=\"true\" class=\"wp-block-spacer\"><\/div>\n\n\n\n<h3 class=\"wp-block-heading\" style=\"font-size:30px\">Prednosti radio upravljanja s PWM izlazima&nbsp;<\/h3>\n\n\n\n<div style=\"height:15px\" aria-hidden=\"true\" class=\"wp-block-spacer\"><\/div>\n\n\n\n<p class=\"has-text-align-left has-background\" style=\"background-color:#eeeeee\"><br><br><strong>Precizna kontrola<\/strong>&nbsp;<br>Omogu\u0107uje preciznu kontrolu brzine hidrauli\u010dnih cilindara i aktuatora, \u0161to je bitno u primjenama koje zahtijevaju preciznost.&nbsp;<br>&nbsp;<br><strong>Glatka kontrola<\/strong>&nbsp;<br>PWM omogu\u0107uje glatku kontrolu brzine i sile, \u0161to je korisno u primjenama koje zahtijevaju delikatno upravljanje te\u0161kim teretima ili precizno pozicioniranje komponenti.&nbsp;<br>&nbsp;<br><strong>Visoka reaktivnost sustava&nbsp;<\/strong><br>PWM sustavi mogu vrlo brzo reagirati na promjene u upravlja\u010dkom signalu, \u0161to je va\u017eno u primjenama koje zahtijevaju brzu reakciju.&nbsp;<br>&nbsp;<br><strong>Smanjeni trzaji i vibracije&nbsp;<\/strong><br>PWM omogu\u0107uje glatke promjene radnih parametara, smanjuju\u0107i trzaje i vibracije, pove\u0107avaju\u0107i vijek trajanja i pouzdanost sustava.&nbsp;<br><\/p>\n\n\n\n<div style=\"height:70px\" aria-hidden=\"true\" class=\"wp-block-spacer\"><\/div>\n\n\n\n<h3 class=\"wp-block-heading\" id=\"rozwi\u0105zania\" style=\"font-size:30px\">Kontrolna rje\u0161enja&nbsp;<\/h3>\n\n\n\n<p>Na\u0161i Tele Radio radio upravlja\u010dki sustavi s PWM izlazima koriste se u raznim vrstama strojeva koji zahtijevaju precizno i \u200b\u200bglatko upravljanje, posebno onima s hidraulikom. Pru\u017eamo upravlja\u010dka rje\u0161enja za gra\u0111evinske\/ru\u0161iteljske, \u0161umarske i poljoprivredne strojeve, kao i vozila za pomo\u0107 na cesti i druge. Vrijedi napomenuti da Tele Radio sustavi nude mogu\u0107nost upravljanja analognim signalima, uklju\u010duju\u0107i PWM, kao i kontrolu napona i struje.&nbsp;<\/p>\n\n\n\n<div style=\"height:50px\" aria-hidden=\"true\" class=\"wp-block-spacer\"><\/div>\n\n\n\n<p class=\"has-text-align-center\" style=\"font-size:24px\"><strong>Oda\u0161ilja\u010di s joystickom predajnikom&nbsp;<\/strong><br>~ TEQLine serija ~<\/p>\n\n\n\n<div style=\"height:15px\" aria-hidden=\"true\" class=\"wp-block-spacer\"><\/div>\n\n\n\n<div class=\"wp-block-columns is-layout-flex wp-container-core-columns-is-layout-9d6595d7 wp-block-columns-is-layout-flex\">\n<div class=\"wp-block-column is-vertically-aligned-center is-layout-flow wp-block-column-is-layout-flow\"><div class=\"wp-block-image\">\n<figure class=\"aligncenter size-full\"><img loading=\"lazy\" decoding=\"async\" width=\"1200\" height=\"790\" src=\"https:\/\/www.tele-radio.com\/app\/uploads\/grafika_teqline.png\" alt=\"nadajniki Tele Radio z serii TEQLine: VersaTEQ i SupraTEQ\" class=\"wp-image-221242\" srcset=\"https:\/\/www.tele-radio.com\/app\/uploads\/grafika_teqline.png 1200w, https:\/\/www.tele-radio.com\/app\/uploads\/grafika_teqline-400x263.png 400w, https:\/\/www.tele-radio.com\/app\/uploads\/grafika_teqline-768x506.png 768w, https:\/\/www.tele-radio.com\/app\/uploads\/grafika_teqline-750x494.png 750w, https:\/\/www.tele-radio.com\/app\/uploads\/grafika_teqline-500x329.png 500w, https:\/\/www.tele-radio.com\/app\/uploads\/grafika_teqline-800x527.png 800w\" sizes=\"auto, (max-width: 1200px) 100vw, 1200px\" \/><\/figure><\/div><\/div>\n\n\n\n<div class=\"wp-block-column is-vertically-aligned-center is-layout-flow wp-block-column-is-layout-flow\">\n<p>\u2022 Joystick oda\u0161ilja\u010di <strong><a href=\"https:\/\/www.tele-radio.com\/pl\/versateq\/\">VersaTEQ<\/a><\/strong> i <strong><a href=\"https:\/\/www.tele-radio.com\/pl\/suprateq\/\">SupraTEQ<\/a><\/strong><br><br>Serija Tele Radio TEQ Line idealna je za napredne primjene, uklju\u010duju\u0107i hidrauli\u010dki pogonjene strojeve. Njezin modularni dizajn omogu\u0107uje prakti\u010dki neograni\u010dene mogu\u0107nosti prilagodbe. Ima PLe certifikat za funkciju zaustavljanja.&nbsp;<\/p>\n\n\n\n<p>\u2022 VersaTEQ i SupraTEQ dostupni su s dva modela prijemnika; prijemnik R20 dizajniran je za hidrauli\u010dki pogonjene strojeve i preciznu, glatku PWM kontrolu.&nbsp;<\/p>\n<\/div>\n<\/div>\n\n\n\n<div style=\"height:60px\" aria-hidden=\"true\" class=\"wp-block-spacer\"><\/div>\n\n\n\n<p class=\"has-text-align-center has-medium-font-size\">RJE\u0160ENJA<\/p>\n\n\n\n<p class=\"has-text-align-center\" style=\"font-size:18px\"><em>Sustavi radio upravljanja za strojeve za duboko bu\u0161enje koriste je SupraTEQ. Taj sustav koristi oda\u0161ilja\u010d s TEQLine manipulatorima i prijemnicima s PWM analognim izlazima (otprilike 60) i razli\u010ditim vrstama ulazno\/izlaznih signala. Tako\u0111er je kori\u0161ten T14 oda\u0161ilja\u010d s proporcionalnim tipkama.&nbsp;<\/em><\/p>\n\n\n\n<div class=\"wp-block-columns has-background is-layout-flex wp-container-core-columns-is-layout-9d6595d7 wp-block-columns-is-layout-flex\" style=\"background-color:#eeeeee\">\n<div class=\"wp-block-column is-layout-flow wp-block-column-is-layout-flow\" style=\"flex-basis:25%\">\n<div style=\"height:5px\" aria-hidden=\"true\" class=\"wp-block-spacer\"><\/div>\n<\/div>\n\n\n\n<div class=\"wp-block-column has-background is-layout-flow wp-block-column-is-layout-flow\" style=\"background-color:#eeeeee;flex-basis:50%\">\n<figure class=\"wp-block-image size-large\"><img loading=\"lazy\" decoding=\"async\" width=\"1200\" height=\"857\" src=\"https:\/\/www.tele-radio.com\/app\/uploads\/\/IMG_1667_transparent-1-1200x857.png\" alt=\"\" class=\"wp-image-221667\" srcset=\"https:\/\/www.tele-radio.com\/app\/uploads\/IMG_1667_transparent-1-1200x857.png 1200w, https:\/\/www.tele-radio.com\/app\/uploads\/IMG_1667_transparent-1-400x286.png 400w, https:\/\/www.tele-radio.com\/app\/uploads\/IMG_1667_transparent-1-768x549.png 768w, https:\/\/www.tele-radio.com\/app\/uploads\/IMG_1667_transparent-1-1536x1097.png 1536w, https:\/\/www.tele-radio.com\/app\/uploads\/IMG_1667_transparent-1-2048x1463.png 2048w, https:\/\/www.tele-radio.com\/app\/uploads\/IMG_1667_transparent-1-750x536.png 750w, https:\/\/www.tele-radio.com\/app\/uploads\/IMG_1667_transparent-1-500x357.png 500w, https:\/\/www.tele-radio.com\/app\/uploads\/IMG_1667_transparent-1-1600x1143.png 1600w, https:\/\/www.tele-radio.com\/app\/uploads\/IMG_1667_transparent-1-800x571.png 800w\" sizes=\"auto, (max-width: 1200px) 100vw, 1200px\" \/><\/figure>\n<\/div>\n\n\n\n<div class=\"wp-block-column is-layout-flow wp-block-column-is-layout-flow\" style=\"flex-basis:25%\">\n<div style=\"height:5px\" aria-hidden=\"true\" class=\"wp-block-spacer\"><\/div>\n<\/div>\n<\/div>\n\n\n\n<div style=\"height:90px\" aria-hidden=\"true\" class=\"wp-block-spacer\"><\/div>\n\n\n\n<p class=\"has-text-align-center\" style=\"font-size:24px\">O<strong>da\u0161ilja\u010di s proporcionalnim tipkama<\/strong><br>~ Tiger G2 serija~<\/p>\n\n\n\n<div style=\"height:15px\" aria-hidden=\"true\" class=\"wp-block-spacer\"><\/div>\n\n\n\n<div class=\"wp-block-columns is-layout-flex wp-container-core-columns-is-layout-9d6595d7 wp-block-columns-is-layout-flex\">\n<div class=\"wp-block-column is-vertically-aligned-center is-layout-flow wp-block-column-is-layout-flow\"><div class=\"wp-block-image\">\n<figure class=\"aligncenter size-full\"><img loading=\"lazy\" decoding=\"async\" width=\"1200\" height=\"790\" src=\"https:\/\/www.tele-radio.com\/app\/uploads\/grafika_proporcjonalne.png\" alt=\"nadajniki Tele Radio z przyciskami proporcjonalnymi: T14-7 i T15-7\" class=\"wp-image-221268\" srcset=\"https:\/\/www.tele-radio.com\/app\/uploads\/grafika_proporcjonalne.png 1200w, https:\/\/www.tele-radio.com\/app\/uploads\/grafika_proporcjonalne-400x263.png 400w, https:\/\/www.tele-radio.com\/app\/uploads\/grafika_proporcjonalne-768x506.png 768w, https:\/\/www.tele-radio.com\/app\/uploads\/grafika_proporcjonalne-750x494.png 750w, https:\/\/www.tele-radio.com\/app\/uploads\/grafika_proporcjonalne-500x329.png 500w, https:\/\/www.tele-radio.com\/app\/uploads\/grafika_proporcjonalne-800x527.png 800w\" sizes=\"auto, (max-width: 1200px) 100vw, 1200px\" \/><\/figure><\/div><\/div>\n\n\n\n<div class=\"wp-block-column is-vertically-aligned-center is-layout-flow wp-block-column-is-layout-flow\">\n<p>\u2022 Oda\u0161ilja\u010di s tipkama <strong><a href=\"https:\/\/www.tele-radio.com\/pl\/products\/tiger-g2\/tiger-g2-nadajnik-4x2-step-buttons-display-sil3-ple-2\/\">TG-T14-7<\/a><\/strong> i <strong><a href=\"https:\/\/www.tele-radio.com\/pl\/products\/tiger-g2\/tiger-g2-transmitter-4x2-step-buttons-display-sil3-ple-3\/\">TG-T15-7<\/a><\/strong><br><br>Ovi modeli kombiniraju preciznost oda\u0161ilja\u010da s d\u017eojstikom i kompaktnost oda\u0161ilja\u010da s tipkama. Zahvaljuju\u0107i proporcionalnim analognim tipkama (\u0161to je tipka dublje pritisnuta, to je izlazni signal ja\u010di). Imaju <strong>PLe<\/strong> certifikat za funkciju zaustavljanja.&nbsp;<br>&nbsp;<\/p>\n\n\n\n<p>\u2022 PWM upravljanje posti\u017ee se pomo\u0107u Tiger prijemnika + R20 prijemnika (Tiger oda\u0161ilja\u010d se spaja na Tiger prijemnik, dok se Tiger prijemnik spaja na R20 prijemnik putem plo\u010de za pro\u0161irenje, Modbus).<\/p>\n<\/div>\n<\/div>\n\n\n\n<div style=\"height:60px\" aria-hidden=\"true\" class=\"wp-block-spacer\"><\/div>\n\n\n\n<p class=\"has-text-align-center has-medium-font-size\"><strong>PRIMJER RJE\u0160ENJA<\/strong><\/p>\n\n\n\n<p class=\"has-text-align-center\" style=\"font-size:18px\"><em>Sustavi radio upravljanja za vozila za pomo\u0107 na cesti. Koriste oda\u0161ilja\u010d serije T15-7 Tiger s osam proporcionalnih tipki i zaslonom, zajedno s prijemnicima R20 i Tiger R4-1.&nbsp;<\/em><\/p>\n\n\n\n<div class=\"wp-block-columns has-background is-layout-flex wp-container-core-columns-is-layout-9d6595d7 wp-block-columns-is-layout-flex\" style=\"background-color:#eeeeee\">\n<div class=\"wp-block-column is-layout-flow wp-block-column-is-layout-flow\" style=\"flex-basis:25%\">\n<div style=\"height:5px\" aria-hidden=\"true\" class=\"wp-block-spacer\"><\/div>\n<\/div>\n\n\n\n<div class=\"wp-block-column has-background is-layout-flow wp-block-column-is-layout-flow\" style=\"background-color:#eeeeee;flex-basis:50%\">\n<figure class=\"wp-block-image size-large\"><img decoding=\"async\" src=\"https:\/\/www.tele-radio.com\/app\/uploads\/\/IMG_1794-1-1200x960.png\" alt=\"\" class=\"wp-image-221694\"\/><\/figure>\n<\/div>\n\n\n\n<div class=\"wp-block-column is-layout-flow wp-block-column-is-layout-flow\" style=\"flex-basis:25%\">\n<div style=\"height:5px\" aria-hidden=\"true\" class=\"wp-block-spacer\"><\/div>\n<\/div>\n<\/div>\n\n\n\n<div style=\"height:100px\" aria-hidden=\"true\" class=\"wp-block-spacer\"><\/div>\n\n\n\n<div style=\"height:100px\" aria-hidden=\"true\" class=\"wp-block-spacer\"><\/div>\n\n\n\n<h3 class=\"wp-block-heading\" style=\"font-size:30px\"><\/h3>\n\n\n\n<p><\/p>\n\n\n\n<p><\/p>\n\n\n\n<div class=\"wp-block-columns is-layout-flex wp-container-core-columns-is-layout-9d6595d7 wp-block-columns-is-layout-flex\">\n<div class=\"wp-block-column is-layout-flow wp-block-column-is-layout-flow\" style=\"flex-basis:66.66%\"><\/div>\n\n\n\n<div class=\"wp-block-column is-layout-flow wp-block-column-is-layout-flow\" style=\"flex-basis:33.33%\"><\/div>\n<\/div>\n","protected":false},"excerpt":{"rendered":"<p>PWM \u2013 Tele Radio sustavi za radio upravljanje&nbsp; Tele Radio specijaliziran je za proizvodnju naprednih sustava radio upravljanja, uklju\u010duju\u0107i moderna PWM rje\u0161enja za radio upravljanje. Zahvaljuju\u0107i inovativnim tehnologijama i dugogodi\u0161njem iskustvu, nudimo vrhunske proizvode koji su pouzdani, sigurni i jednostavni za kori\u0161tenje.&nbsp; Prednosti radio upravljanja s PWM izlazima&nbsp; Precizna kontrola&nbsp;Omogu\u0107uje preciznu kontrolu brzine hidrauli\u010dnih cilindara [&hellip;]<\/p>\n","protected":false},"author":87,"featured_media":0,"parent":0,"menu_order":0,"comment_status":"closed","ping_status":"closed","template":"page-templates\/landing-page.php","meta":{"_acf_changed":false,"footnotes":""},"class_list":["post-268635","page","type-page","status-publish","hentry"],"acf":[],"_links":{"self":[{"href":"https:\/\/www.tele-radio.com\/hr\/wp-json\/wp\/v2\/pages\/268635","targetHints":{"allow":["GET"]}}],"collection":[{"href":"https:\/\/www.tele-radio.com\/hr\/wp-json\/wp\/v2\/pages"}],"about":[{"href":"https:\/\/www.tele-radio.com\/hr\/wp-json\/wp\/v2\/types\/page"}],"author":[{"embeddable":true,"href":"https:\/\/www.tele-radio.com\/hr\/wp-json\/wp\/v2\/users\/87"}],"replies":[{"embeddable":true,"href":"https:\/\/www.tele-radio.com\/hr\/wp-json\/wp\/v2\/comments?post=268635"}],"version-history":[{"count":2,"href":"https:\/\/www.tele-radio.com\/hr\/wp-json\/wp\/v2\/pages\/268635\/revisions"}],"predecessor-version":[{"id":273294,"href":"https:\/\/www.tele-radio.com\/hr\/wp-json\/wp\/v2\/pages\/268635\/revisions\/273294"}],"wp:attachment":[{"href":"https:\/\/www.tele-radio.com\/hr\/wp-json\/wp\/v2\/media?parent=268635"}],"curies":[{"name":"wp","href":"https:\/\/api.w.org\/{rel}","templated":true}]}}