{"id":268623,"date":"2025-09-29T07:26:35","date_gmt":"2025-09-29T07:26:35","guid":{"rendered":"https:\/\/www.tele-radio.com\/?page_id=268623"},"modified":"2026-01-22T11:52:50","modified_gmt":"2026-01-22T11:52:50","slug":"vodic-za-promjenu-zastitne-folije","status":"publish","type":"page","link":"https:\/\/www.tele-radio.com\/hr\/vodic-za-promjenu-zastitne-folije\/","title":{"rendered":"Vodi\u010d za promjenu za\u0161titne folije."},"content":{"rendered":"\n<div style=\"height:79px\" aria-hidden=\"true\" class=\"wp-block-spacer\"><\/div>\n\n\n\n<div class=\"wp-block-columns is-layout-flex wp-container-core-columns-is-layout-9d6595d7 wp-block-columns-is-layout-flex\">\n<div class=\"wp-block-column is-layout-flow wp-block-column-is-layout-flow\" style=\"flex-basis:25%\"><\/div>\n\n\n\n<div class=\"wp-block-column is-layout-flow wp-block-column-is-layout-flow\" style=\"flex-basis:50%\">\n<figure class=\"wp-block-pullquote has-cyan-bluish-gray-background-color has-background has-small-font-size\" style=\"border-style:none;border-width:0px;border-radius:20px\"><blockquote><p><strong>VA\u017dNO<\/strong><\/p><cite>Prije uporabe daljinskog upravlja\u010da morate zalijepiti&nbsp;za\u0161titnu foliju sa simbolima. U suprotnom, jamstvo oda\u0161ilja\u010da bit \u0107e poni\u0161teno jer nije za\u0161ti\u0107en od pra\u0161ine i vlage.&nbsp;<\/cite><\/blockquote><\/figure>\n<\/div>\n\n\n\n<div class=\"wp-block-column is-layout-flow wp-block-column-is-layout-flow\" style=\"flex-basis:25%\"><\/div>\n<\/div>\n\n\n\n<div class=\"schema-how-to wp-block-yoast-how-to-block\"><p class=\"schema-how-to-description\">Vodi\u010d za mijenjanje za\u0161titne folije.&nbsp;<\/p> <ol class=\"schema-how-to-steps\"><li class=\"schema-how-to-step\" id=\"how-to-step-1721980467685\"><strong class=\"schema-how-to-step-name\">Odaberite i uklonite samoljepljivi simbol.<\/strong> <p class=\"schema-how-to-step-text\">Ponovite ovaj korak zajedno s korakom 2 prije nego \u0161to prije\u0111ete na 3. korak.<br\/><br\/><img loading=\"lazy\" decoding=\"async\" width=\"100\" height=\"100\" class=\"wp-image-224941\" style=\"width: 100px;\" src=\"https:\/\/www.tele-radio.com\/app\/uploads\/1-4.png\" alt=\"PASO 1 FOIL\" srcset=\"https:\/\/www.tele-radio.com\/app\/uploads\/1-4.png 512w, https:\/\/www.tele-radio.com\/app\/uploads\/1-4-400x400.png 400w, https:\/\/www.tele-radio.com\/app\/uploads\/1-4-150x150.png 150w, https:\/\/www.tele-radio.com\/app\/uploads\/1-4-250x250.png 250w, https:\/\/www.tele-radio.com\/app\/uploads\/1-4-500x500.png 500w\" sizes=\"auto, (max-width: 100px) 100vw, 100px\" \/><br\/><br\/><\/p> <\/li><li class=\"schema-how-to-step\" id=\"how-to-step-1721981034594\"><strong class=\"schema-how-to-step-name\">Postavite simbol na odgovaraju\u0107i gumb, koji odgovara funkciji samog gumba.<\/strong> <p class=\"schema-how-to-step-text\">Ponovite ovaj postupak dok svi gumbi ne budu ispravno ozna\u010deni.<br\/><br\/><img loading=\"lazy\" decoding=\"async\" width=\"100\" height=\"100\" class=\"wp-image-224969\" style=\"width: 100px;\" src=\"https:\/\/www.tele-radio.com\/app\/uploads\/2-1.png\" alt=\"PASO 2 FOIL\" srcset=\"https:\/\/www.tele-radio.com\/app\/uploads\/2-1.png 512w, https:\/\/www.tele-radio.com\/app\/uploads\/2-1-400x400.png 400w, https:\/\/www.tele-radio.com\/app\/uploads\/2-1-150x150.png 150w, https:\/\/www.tele-radio.com\/app\/uploads\/2-1-250x250.png 250w, https:\/\/www.tele-radio.com\/app\/uploads\/2-1-500x500.png 500w\" sizes=\"auto, (max-width: 100px) 100vw, 100px\" \/><br\/><br\/><\/p> <\/li><li class=\"schema-how-to-step\" id=\"how-to-step-1721981117475\"><strong class=\"schema-how-to-step-name\">Uklonite prozirnu za\u0161titnu foliju sa stra\u017enje strane lista.<\/strong> <p class=\"schema-how-to-step-text\">Dio M192505.<br\/><br\/><img loading=\"lazy\" decoding=\"async\" width=\"100\" height=\"100\" class=\"wp-image-224997\" style=\"width: 100px;\" src=\"https:\/\/www.tele-radio.com\/app\/uploads\/3-2.png\" alt=\"PASO 3 FOIL\" srcset=\"https:\/\/www.tele-radio.com\/app\/uploads\/3-2.png 512w, https:\/\/www.tele-radio.com\/app\/uploads\/3-2-400x400.png 400w, https:\/\/www.tele-radio.com\/app\/uploads\/3-2-150x150.png 150w, https:\/\/www.tele-radio.com\/app\/uploads\/3-2-250x250.png 250w, https:\/\/www.tele-radio.com\/app\/uploads\/3-2-500x500.png 500w\" sizes=\"auto, (max-width: 100px) 100vw, 100px\" \/><br\/><br\/><\/p> <\/li><li class=\"schema-how-to-step\" id=\"how-to-step-1721981322130\"><strong class=\"schema-how-to-step-name\">Uzmite foliju i postavite je preko prednje plo\u010de oda\u0161ilja\u010da<\/strong> <p class=\"schema-how-to-step-text\">Nakon \u0161to je pravilno postavljena, zalijepite foliju na prednju stranu oda\u0161ilja\u010da, \u010dvrsto je pritiskaju\u0107i uz plasti\u010dno ku\u0107i\u0161te kako biste je zatvorili.\u00a0<br\/><br\/><img loading=\"lazy\" decoding=\"async\" width=\"100\" height=\"100\" class=\"wp-image-225025\" style=\"width: 100px;\" src=\"https:\/\/www.tele-radio.com\/app\/uploads\/4.png\" alt=\"PASO 4 FOIL\" srcset=\"https:\/\/www.tele-radio.com\/app\/uploads\/4.png 512w, https:\/\/www.tele-radio.com\/app\/uploads\/4-400x400.png 400w, https:\/\/www.tele-radio.com\/app\/uploads\/4-150x150.png 150w, https:\/\/www.tele-radio.com\/app\/uploads\/4-250x250.png 250w, https:\/\/www.tele-radio.com\/app\/uploads\/4-500x500.png 500w\" sizes=\"auto, (max-width: 100px) 100vw, 100px\" \/><br\/><br\/><\/p> <\/li><\/ol><\/div>\n\n\n\n<div style=\"height:51px\" aria-hidden=\"true\" class=\"wp-block-spacer\"><\/div>\n\n\n\n<div class=\"wp-block-buttons is-content-justification-center is-layout-flex wp-container-core-buttons-is-layout-16018d1d wp-block-buttons-is-layout-flex\">\n<div class=\"wp-block-button is-style-fill\"><a class=\"wp-block-button__link has-black-color has-luminous-vivid-amber-background-color has-text-color has-background has-link-color wp-element-button\" href=\"https:\/\/www.tele-radio.com\/es\/pns-r1522-t1922-qr\/\" style=\"border-radius:10px\"><strong>Povratak<\/strong><\/a><\/div>\n<\/div>\n\n\n\n<div class=\"wp-block-contact-form-7-contact-form-selector\">\n<div class=\"wpcf7 no-js\" id=\"wpcf7-f272059-o1\" lang=\"en-EN\" dir=\"ltr\" data-wpcf7-id=\"272059\">\n<div class=\"screen-reader-response\"><p role=\"status\" aria-live=\"polite\" aria-atomic=\"true\"><\/p> <ul><\/ul><\/div>\n<form action=\"\/hr\/wp-json\/wp\/v2\/pages\/268623#wpcf7-f272059-o1\" method=\"post\" class=\"wpcf7-form init\" aria-label=\"Contact form\" novalidate=\"novalidate\" data-status=\"init\">\n<fieldset class=\"hidden-fields-container\"><input type=\"hidden\" name=\"_wpcf7\" value=\"272059\" \/><input type=\"hidden\" name=\"_wpcf7_version\" value=\"6.1\" \/><input type=\"hidden\" name=\"_wpcf7_locale\" value=\"en_EN\" \/><input type=\"hidden\" name=\"_wpcf7_unit_tag\" value=\"wpcf7-f272059-o1\" \/><input type=\"hidden\" name=\"_wpcf7_container_post\" value=\"0\" \/><input type=\"hidden\" name=\"_wpcf7_posted_data_hash\" value=\"\" \/><input type=\"hidden\" name=\"_wpcf7_recaptcha_response\" value=\"\" \/>\n<\/fieldset>\n<p><label> Ime*<br \/>\n<span class=\"wpcf7-form-control-wrap\" data-name=\"nombre\"><input size=\"40\" maxlength=\"400\" class=\"wpcf7-form-control wpcf7-text wpcf7-validates-as-required\" aria-required=\"true\" aria-invalid=\"false\" placeholder=\"Va\u0161e ime\" value=\"\" type=\"text\" name=\"nombre\" \/><\/span> <\/label>\n<\/p>\n<p><label> Email*<br \/>\n<span class=\"wpcf7-form-control-wrap\" data-name=\"tu-email\"><input size=\"40\" maxlength=\"400\" class=\"wpcf7-form-control wpcf7-email wpcf7-validates-as-required wpcf7-text wpcf7-validates-as-email\" aria-required=\"true\" aria-invalid=\"false\" placeholder=\"Va\u0161 email\" value=\"\" type=\"email\" name=\"tu-email\" \/><\/span> <\/label>\n<\/p>\n<p><label> Telefon*<br \/>\n<span class=\"wpcf7-form-control-wrap\" data-name=\"tu-tfno\"><input size=\"40\" maxlength=\"400\" class=\"wpcf7-form-control wpcf7-tel wpcf7-validates-as-required wpcf7-text wpcf7-validates-as-tel\" aria-required=\"true\" aria-invalid=\"false\" placeholder=\"Va\u0161 broj telefona\" value=\"\" type=\"tel\" name=\"tu-tfno\" \/><\/span> <\/label>\n<\/p>\n<p><label> Poruka \/ Upit*<br \/>\n<span class=\"wpcf7-form-control-wrap\" data-name=\"your-message\"><textarea cols=\"40\" rows=\"10\" maxlength=\"2000\" class=\"wpcf7-form-control wpcf7-textarea wpcf7-validates-as-required\" aria-required=\"true\" aria-invalid=\"false\" placeholder=\"Molimo, ako imate upite, kontaktirajte nas.\" name=\"your-message\"><\/textarea><\/span> <\/label>\n<\/p>\n<p><span class=\"wpcf7-form-control-wrap\" data-name=\"acceptance-322\"><span class=\"wpcf7-form-control wpcf7-acceptance\"><span class=\"wpcf7-list-item\"><label><input type=\"checkbox\" name=\"acceptance-322\" value=\"1\" aria-invalid=\"false\" \/><span class=\"wpcf7-list-item-label\">Sla\u017eem se <a href=\"https:\/\/www.tele-radio.com\/us\/privacy-policy\/\" target=\"_blank\">privacy policy<\/a>.*<\/span><\/label><\/span><\/span><\/span>\n<\/p>\n<p><input class=\"wpcf7-form-control wpcf7-submit has-spinner\" type=\"submit\" value=\"Po\u0161alji\" \/>\n<\/p><div class=\"wpcf7-response-output\" aria-hidden=\"true\"><\/div>\n<\/form>\n<\/div>\n\r\n\t\t\t\t<script>\r\n\t\t\t\tif ( typeof huOptions !== 'undefined' ) {\r\n\t\t\t\t\tvar huFormData = {\"source\":\"contactform7\",\"id\":272059,\"title\":\"THR-contactform_copy\",\"fields\":{\"subject\":{\"first_name\":\"your-name\",\"email\":\"your-email\"},\"preferences\":{\"terms\":\"your-consent\"}}};\r\n\t\t\t\t\tvar huFormNode = document.querySelector( '[id^=\"wpcf7-f272059-\"] form' );\r\n\r\n\t\t\t\t\thuFormData['node'] = huFormNode;\r\n\t\t\t\t\thuOptions['forms'].push( huFormData );\r\n\t\t\t\t}\r\n\t\t\t\t<\/script><\/div>\n","protected":false},"excerpt":{"rendered":"<p>VA\u017dNO Prije uporabe daljinskog upravlja\u010da morate zalijepiti&nbsp;za\u0161titnu foliju sa simbolima. U suprotnom, jamstvo oda\u0161ilja\u010da bit \u0107e poni\u0161teno jer nije za\u0161ti\u0107en od pra\u0161ine i vlage.&nbsp;<\/p>\n","protected":false},"author":63,"featured_media":0,"parent":0,"menu_order":0,"comment_status":"closed","ping_status":"closed","template":"","meta":{"_acf_changed":false,"footnotes":""},"class_list":["post-268623","page","type-page","status-publish","hentry"],"acf":[],"_links":{"self":[{"href":"https:\/\/www.tele-radio.com\/hr\/wp-json\/wp\/v2\/pages\/268623","targetHints":{"allow":["GET"]}}],"collection":[{"href":"https:\/\/www.tele-radio.com\/hr\/wp-json\/wp\/v2\/pages"}],"about":[{"href":"https:\/\/www.tele-radio.com\/hr\/wp-json\/wp\/v2\/types\/page"}],"author":[{"embeddable":true,"href":"https:\/\/www.tele-radio.com\/hr\/wp-json\/wp\/v2\/users\/63"}],"replies":[{"embeddable":true,"href":"https:\/\/www.tele-radio.com\/hr\/wp-json\/wp\/v2\/comments?post=268623"}],"version-history":[{"count":3,"href":"https:\/\/www.tele-radio.com\/hr\/wp-json\/wp\/v2\/pages\/268623\/revisions"}],"predecessor-version":[{"id":276197,"href":"https:\/\/www.tele-radio.com\/hr\/wp-json\/wp\/v2\/pages\/268623\/revisions\/276197"}],"wp:attachment":[{"href":"https:\/\/www.tele-radio.com\/hr\/wp-json\/wp\/v2\/media?parent=268623"}],"curies":[{"name":"wp","href":"https:\/\/api.w.org\/{rel}","templated":true}]}}