{"id":263161,"date":"2025-06-26T14:41:50","date_gmt":"2025-06-26T14:41:50","guid":{"rendered":"https:\/\/www.tele-radio.com\/?page_id=263161"},"modified":"2025-06-26T14:43:16","modified_gmt":"2025-06-26T14:43:16","slug":"vdl-container-systems-i-tele-radio-sigurno-rjesenje","status":"publish","type":"page","link":"https:\/\/www.tele-radio.com\/hr\/vdl-container-systems-i-tele-radio-sigurno-rjesenje\/","title":{"rendered":"\u00a0VDL Container Systems i Tele Radio &#8211; Sigurno rje\u0161enje"},"content":{"rendered":"\n<pre id=\"tw-target-text\" class=\"wp-block-preformatted\"><\/pre>\n\n\n\n<div style=\"height:100px\" aria-hidden=\"true\" class=\"wp-block-spacer\"><\/div>\n\n\n\n<div class=\"wp-block-cover aligncenter\" style=\"min-height:500px;aspect-ratio:unset;\"><img loading=\"lazy\" decoding=\"async\" width=\"2560\" height=\"1707\" class=\"wp-block-cover__image-background wp-image-261238 size-full\" alt=\"\" src=\"https:\/\/www.tele-radio.com\/app\/uploads\/SAEYS_Tele_Radio_VDL_Containersystemen_8150-scaled.jpg\" style=\"object-position:48% 49%\" data-object-fit=\"cover\" data-object-position=\"48% 49%\" srcset=\"https:\/\/www.tele-radio.com\/app\/uploads\/SAEYS_Tele_Radio_VDL_Containersystemen_8150-scaled.jpg 2560w, https:\/\/www.tele-radio.com\/app\/uploads\/SAEYS_Tele_Radio_VDL_Containersystemen_8150-400x267.jpg 400w, https:\/\/www.tele-radio.com\/app\/uploads\/SAEYS_Tele_Radio_VDL_Containersystemen_8150-1200x800.jpg 1200w, https:\/\/www.tele-radio.com\/app\/uploads\/SAEYS_Tele_Radio_VDL_Containersystemen_8150-768x512.jpg 768w, https:\/\/www.tele-radio.com\/app\/uploads\/SAEYS_Tele_Radio_VDL_Containersystemen_8150-1536x1024.jpg 1536w, https:\/\/www.tele-radio.com\/app\/uploads\/SAEYS_Tele_Radio_VDL_Containersystemen_8150-2048x1365.jpg 2048w, https:\/\/www.tele-radio.com\/app\/uploads\/SAEYS_Tele_Radio_VDL_Containersystemen_8150-750x500.jpg 750w, https:\/\/www.tele-radio.com\/app\/uploads\/SAEYS_Tele_Radio_VDL_Containersystemen_8150-500x333.jpg 500w, https:\/\/www.tele-radio.com\/app\/uploads\/SAEYS_Tele_Radio_VDL_Containersystemen_8150-1600x1067.jpg 1600w, https:\/\/www.tele-radio.com\/app\/uploads\/SAEYS_Tele_Radio_VDL_Containersystemen_8150-800x533.jpg 800w\" sizes=\"auto, (max-width: 2560px) 100vw, 2560px\" \/><span aria-hidden=\"true\" class=\"wp-block-cover__background has-background-dim-60 has-background-dim\"><\/span><div class=\"wp-block-cover__inner-container is-layout-flow wp-block-cover-is-layout-flow\">\n<div class=\"wp-block-group is-vertical is-content-justification-center is-layout-flex wp-container-core-group-is-layout-19dca076 wp-block-group-is-layout-flex\">\n<h1 class=\"wp-block-heading has-text-align-center has-white-color has-text-color\" style=\"font-size:56px\">&nbsp;VDL Container Systems i Tele Radio &#8211; Sigurno rje\u0161enje<\/h1>\n\n\n\n<p class=\"has-text-align-center has-white-color has-text-color\" style=\"font-size:22px\"><\/p>\n\n\n\n<p class=\"has-text-align-center has-white-color has-text-color\" style=\"font-size:22px\">VDL Container Systems proizvodi sustave za rukovanje kontejnerima i oslanja se na Tele Radio za sigurno povezane daljinske upravlja\u010de.<\/p>\n\n\n\n<div class=\"wp-block-buttons is-content-justification-center is-layout-flex wp-container-core-buttons-is-layout-16018d1d wp-block-buttons-is-layout-flex\">\n<div class=\"wp-block-button\"><a class=\"wp-block-button__link has-kelp-color has-amber-background-color has-text-color has-background has-custom-font-size wp-element-button\" href=\"https:\/\/www.tele-radio.com\/contact-us\/\" style=\"border-radius:4px;font-size:20px\">Zatra\u017ei testni sistem<\/a><\/div>\n<\/div>\n<\/div>\n<\/div><\/div>\n\n\n\n<div class=\"wp-block-group\" style=\"padding-top:80px;padding-bottom:60px\"><div class=\"wp-block-group__inner-container is-layout-flow wp-block-group-is-layout-flow\">\n<div class=\"wp-block-columns are-vertically-aligned-center is-layout-flex wp-container-core-columns-is-layout-a0017d07 wp-block-columns-is-layout-flex\">\n<div class=\"wp-block-column is-vertically-aligned-center is-layout-flow wp-block-column-is-layout-flow\" style=\"flex-basis:50%\">\n<h2 class=\"wp-block-heading has-kelp-color has-text-color\">Izazovi<\/h2>\n\n\n\n<p>Operateri koji se bave kontejnerskim poslovima, susre\u0107u se sa raznim visokorizi\u010dnim situacijama u svakoj smjeni.<\/p>\n\n\n\n<ul class=\"wp-block-list\">\n<li><strong>Ograni\u010dena vidljivost<\/strong> oko strojeva ote\u017eava procjenu i pove\u0107ava rizika od prevrtanja.<\/li>\n\n\n\n<li><\/li>\n\n\n\n<li><strong>Hidrauli\u010dki \u0161ok<\/strong> izazvan dvopozicijskim ili tropozicijskim tipkama mo\u017ee uzrokovati nagle i opasne pokrete tereta.<\/li>\n\n\n\n<li><strong>Ekstremni uvjeti<\/strong> \u2013 od visokih temperatura u industrijskim pe\u0107ima do ledenih sjevernih podneblja. Sve su to izazovi za izdr\u017eljivost i pouzdanost daljinske kontrole.<\/li>\n<\/ul>\n\n\n\n<p>U takvim okolnostima, gubitak veze izme\u0111u predajnika i prijemnika mo\u017ee rezultirati skupom<br>\u0161tetom i fatalnim posljedicama.<\/p>\n<\/div>\n\n\n\n<div class=\"wp-block-column is-vertically-aligned-center is-layout-flow wp-block-column-is-layout-flow\" style=\"flex-basis:50%\">\n<figure class=\"wp-block-image size-large\"><img loading=\"lazy\" decoding=\"async\" width=\"1200\" height=\"675\" src=\"https:\/\/www.tele-radio.com\/app\/uploads\/\/Foto-8-1200x675.jpg\" alt=\"\" class=\"wp-image-261732\" style=\"aspect-ratio:1;object-fit:cover\" srcset=\"https:\/\/www.tele-radio.com\/app\/uploads\/Foto-8-1200x675.jpg 1200w, https:\/\/www.tele-radio.com\/app\/uploads\/Foto-8-400x225.jpg 400w, https:\/\/www.tele-radio.com\/app\/uploads\/Foto-8-768x432.jpg 768w, https:\/\/www.tele-radio.com\/app\/uploads\/Foto-8-1536x864.jpg 1536w, https:\/\/www.tele-radio.com\/app\/uploads\/Foto-8-750x422.jpg 750w, https:\/\/www.tele-radio.com\/app\/uploads\/Foto-8-500x281.jpg 500w, https:\/\/www.tele-radio.com\/app\/uploads\/Foto-8-1600x900.jpg 1600w, https:\/\/www.tele-radio.com\/app\/uploads\/Foto-8-800x450.jpg 800w, https:\/\/www.tele-radio.com\/app\/uploads\/Foto-8.jpg 1920w\" sizes=\"auto, (max-width: 1200px) 100vw, 1200px\" \/><\/figure>\n<\/div>\n<\/div>\n<\/div><\/div>\n\n\n\n<div class=\"wp-block-group\" style=\"border-top-color:var(--wp--preset--color--gallery);border-top-width:3px;padding-top:60px;padding-bottom:60px\"><div class=\"wp-block-group__inner-container is-layout-flow wp-block-group-is-layout-flow\">\n<div style=\"height:50px\" aria-hidden=\"true\" class=\"wp-block-spacer\"><\/div>\n\n\n\n<div class=\"wp-block-columns are-vertically-aligned-center is-layout-flex wp-container-core-columns-is-layout-a0017d07 wp-block-columns-is-layout-flex\">\n<div class=\"wp-block-column is-vertically-aligned-center is-layout-flow wp-block-column-is-layout-flow\" style=\"flex-basis:50%\">\n<figure class=\"wp-block-embed is-type-video is-provider-youtube wp-block-embed-youtube wp-embed-aspect-16-9 wp-has-aspect-ratio\"><div class=\"wp-block-embed__wrapper\">\n<iframe loading=\"lazy\" title=\"Tele Radio &amp; VDL Container Systems\" width=\"500\" height=\"281\" src=\"https:\/\/www.youtube.com\/embed\/niwTAvnNVr8?feature=oembed\" frameborder=\"0\" allow=\"accelerometer; autoplay; clipboard-write; encrypted-media; gyroscope; picture-in-picture; web-share\" referrerpolicy=\"strict-origin-when-cross-origin\" allowfullscreen><\/iframe>\n<\/div><\/figure>\n<\/div>\n\n\n\n<div class=\"wp-block-column is-vertically-aligned-center is-layout-flow wp-block-column-is-layout-flow\" style=\"flex-basis:50%\">\n<h2 class=\"wp-block-heading has-kelp-color has-text-color\">Rje\u0161enje<\/h2>\n\n\n\n<p>Kako bi rije\u0161ili ove izazove, VDL Container Systems se odlu\u010dio za TIGER T14-7 i T15-7 be\u017ei\u010dne, visoko proporcionalne, daljinske upravlja\u010de tvrtke Tele Radio. Ovi profesionalni sustavi nude:<\/p>\n\n\n\n<ul class=\"wp-block-list\">\n<li><strong>Milimetarsku proporcionalnost:<\/strong> Tipke osjetljive na pritisak omogu\u0107uju preciznu regulaciju hidrauli\u010dkog protoka u stvarnom vremenu, bez trzaja.<\/li>\n\n\n\n<li><strong>Sigurnu i pouzdanu vezu:<\/strong> Stabilna komunikacija izme\u0111u predajnika i prijemnika jam\u010di neprekidnu kontrolu, \u010dak i u najte\u017eim uvjetima.<\/li>\n\n\n\n<li><strong>Radni domet i do 50 metara<\/strong> \u2013 Operateri mogu zadr\u017eati potpunu preglednost dok su na sigurnoj udaljenosti od topline, buke i pokretnih tereta.<\/li>\n<\/ul>\n<\/div>\n<\/div>\n<\/div><\/div>\n\n\n\n<h2 class=\"wp-block-heading has-text-align-left has-black-color has-text-color has-link-color has-large-font-size wp-elements-0d197f4f5caf594876269b34e99bf0c2\"><strong>VDL Container Systems: \u201cTele Radio pru\u017ea maksimalnu sigurnost na\u0161im korisnicima\u201d<\/strong><\/h2>\n\n\n\n<p><strong>VDL Container Systems proizvodi sustave za rukovanje kontejnerima. Korisnici se svakodnevno suo\u010davaju s raznim pote\u0161ko\u0107ama. \u201eOperateri dobivaju perspektivu o svojoj okolini kori\u0161tenjem daljinskog upravlja\u010da. Tako\u0111er se mogu udaljiti od intenzivne topline industrijske pe\u0107i ili nestabilnih kamiona. Sigurnost le\u017ei u vezi izme\u0111u oda\u0161ilja\u010da i prijemnika. Ako se ta veza prekine, gubi se kontrola.\u201c<\/strong><\/p>\n\n\n\n<p>Paul van der Loo, \u0161ef proizvodnje u VDL Container Systemsu, obilazi prostorije tvrtke u Hapertu, malom selu u regiji koja je koljevka preko 100 tvrtki koje su sada dio VDL Grupe. osnovane 1999. godine. VDL Container Systems razvija i proizvodi dizalice s kukom, kontejnerske utovariva\u010de te sustave za podizanje s kabelima i lancima. Prerasta u me\u0111unarodnu korporaciju s kupcima diljem Europe i \u0161ire.<\/p>\n\n\n\n<details class=\"wp-block-details is-layout-flow wp-block-details-is-layout-flow\"><summary>Pro\u010ditaj cijelu pri\u010du.<\/summary>\n<h3 class=\"wp-block-heading\"><strong>Bolja preglednost<\/strong><\/h3>\n\n\n\n<p>\u201eVDL Container Systems i Tele Radio zapo\u010deli su suradnju\u201c, prisje\u0107a se Van der Loo, \u201ekada su kupci po\u010deli izra\u017eavati mi\u0161ljenje o opasnostima s kojima se suo\u010davaju na radnom mjestu. Zamislite prijevoz tereta rastaljenog metala, kamion za istovar sme\u0107a koji se naginje unatrag do to\u010dke u kojoj bi se mogao prevrnuti ili dostavu unutar grada usred u\u017eurbanog prometa. Tele Radio korisnicima pru\u017ea mogu\u0107nost da se osvrnu i dobiju pregled situacije u kojoj rade.<\/p>\n\n\n\n<p><\/p>\n\n\n\n<p><strong><em>\u2013 Paul van der Loo, \u0161ef proizvodnje VDL Container Systems-a<\/em><\/strong><\/p>\n\n\n\n<p>VDL Container za be\u017ei\u010dne daljinske upravlja\u010de Tele Radia T14-7 i T15-7, koji pripadaju liniji TIGER. Van der Loo: \u201eNjihove proporcionalne kontrole \u010dine ih najboljima za kombinaciju s na\u0161im hidrauli\u010dkim sustavima.\u201c<\/p>\n\n\n\n<p><strong><br>Sigurna i pouzdana veza<\/strong><\/p>\n\n\n\n<p>Proporcionalnost je va\u017ena za VDL Container Systems. Tipke s dva ili tri polo\u017eaja uzrokuju udarce u hidrauli\u010dkim sustavima, \u0161to potencijalno dovodi do nepredvidivog kretanja i na kraju do nesre\u0107a. \u201eOperateri zahtijevaju preciznu kontrolu\u201c, ka\u017ee Van der Loo. \u201eTele Radio pru\u017ea i vezu i preciznost koja nam je potrebna.\u201c<\/p>\n\n\n\n<p>Zaklju\u010duje: \u201eNa\u0161i sustavi izlo\u017eeni su te\u0161kim uvjetima u industrijama poput rudarstva, poljoprivrede i gra\u0111evinarstva. Koriste su u izuzetno hladnom vremenu na sjeveru Europe, kao i u visokim temperaturama na jugu. Tele Radio jam\u010di pouzdanu vezu izme\u0111u oda\u0161ilja\u010da i prijemnika, bez obzira na okolnosti.\u201c<\/p>\n\n\n\n<div style=\"height:58px\" aria-hidden=\"true\" class=\"wp-block-spacer\"><\/div>\n<\/details>\n\n\n\n<div style=\"height:100px\" aria-hidden=\"true\" class=\"wp-block-spacer\"><\/div>\n\n\n\n<div class=\"wp-block-group has-gallery-background-color has-background\" style=\"padding-top:50px;padding-bottom:50px\"><div class=\"wp-block-group__inner-container is-layout-flow wp-block-group-is-layout-flow\">\n<blockquote class=\"wp-block-quote is-style-large is-layout-flow wp-block-quote-is-layout-flow\">\n<p>\u201eTele Radio je neusporediv u uspostavljanju sigurne veze, osiguravaju\u0107i sigurnost na\u0161ih korisnika.\u201c<\/p>\n\n\n\n<p class=\"has-medium-font-size\"><strong>Paul van der Loo,  <strong><em>\u0161ef proizvodnje VDL Container Systems-a<\/em><\/strong><\/strong><\/p>\n<\/blockquote>\n\n\n\n<div style=\"height:23px\" aria-hidden=\"true\" class=\"wp-block-spacer\"><\/div>\n<\/div><\/div>\n\n\n\n<div class=\"wp-block-group\" style=\"padding-top:60px;padding-bottom:60px\"><div class=\"wp-block-group__inner-container is-layout-flow wp-block-group-is-layout-flow\">\n<h2 class=\"wp-block-heading has-text-align-center has-kelp-color has-text-color\">Za\u0161to Tele Radio?<\/h2>\n\n\n\n<div class=\"wp-block-columns is-layout-flex wp-container-core-columns-is-layout-7501fc45 wp-block-columns-is-layout-flex\" style=\"padding-top:40px\">\n<div class=\"wp-block-column is-layout-flow wp-block-column-is-layout-flow\">\n<h3 class=\"wp-block-heading has-amber-color has-text-color\">Visoka proporcionalnost<\/h3>\n\n\n\n<p class=\"has-gray-color has-text-color\">Glatko kretanje bez udaraca \u0161titi cilindre, okvire i ljude u blizini.<\/p>\n\n\n\n<p class=\"has-gray-color has-text-color\"><\/p>\n<\/div>\n\n\n\n<div class=\"wp-block-column is-layout-flow wp-block-column-is-layout-flow\">\n<h3 class=\"wp-block-heading has-amber-color has-text-color\">Izdr\u017eljivost<\/h3>\n\n\n\n<p class=\"has-gray-color has-text-color\">Daljinski upravlja\u010di otporni su na mraz od -20 \u00b0C do povr\u0161inske topline +55 \u00b0C i ne propu\u0161taju pra\u0161inu zahvaljuju\u0107i ku\u0107i\u0161tima s IP za\u0161titom.<\/p>\n\n\n\n<p class=\"has-gray-color has-text-color\"><\/p>\n<\/div>\n\n\n\n<div class=\"wp-block-column is-layout-flow wp-block-column-is-layout-flow\">\n<h3 class=\"wp-block-heading has-amber-color has-text-color\"><strong>Modularna fleksibilnost<\/strong><\/h3>\n\n\n\n<p class=\"has-gray-color has-text-color\">Od kompaktnog ru\u010dnog do ve\u0107ih i te\u017eih oda\u0161ilja\u010da ; CAN-bus, SAE-J1939 mogu se povezati na svaki sustav.<\/p>\n<\/div>\n<\/div>\n\n\n\n<p><\/p>\n<\/div><\/div>\n\n\n\n<section id=\"cta\" class=\"wp-block-group has-amber-background-color has-background is-vertical is-content-justification-center is-layout-flex wp-container-core-group-is-layout-a164e0d7 wp-block-group-is-layout-flex\" style=\"padding-top:60px;padding-bottom:60px\">\n<h2 class=\"wp-block-heading has-text-align-center has-kelp-color has-text-color\"><br><br><strong>Jeste li spremni za br\u017ee i sigurnije podizanje svih tereta?<\/strong><\/h2>\n\n\n\n<div style=\"height:0px\" aria-hidden=\"true\" class=\"wp-block-spacer wp-container-content-6b166158\"><\/div>\n\n\n\n<div class=\"wp-block-buttons is-content-justification-center is-layout-flex wp-container-core-buttons-is-layout-16018d1d wp-block-buttons-is-layout-flex\">\n<div class=\"wp-block-button is-style-fill\"><a class=\"wp-block-button__link has-white-color has-kelp-background-color has-text-color has-background has-custom-font-size wp-element-button\" href=\"https:\/\/www.tele-radio.com\/contact-us\/\" style=\"border-radius:4px;padding-top:14px;padding-right:34px;padding-bottom:14px;padding-left:34px;font-size:20px\">Dogovorite besplatno savjetovanje<\/a><\/div>\n<\/div>\n<\/section>\n\n\n\n<p><\/p>\n\n\n\n<section id=\"contact\" class=\"wp-block-group contact-section has-kelp-background-color has-background\" style=\"padding-top:60px;padding-bottom:60px\"><div class=\"wp-block-group__inner-container is-layout-flow wp-block-group-is-layout-flow\">\n<h2 class=\"wp-block-heading has-text-align-center has-white-color has-text-color\">Talk to an Expert<\/h2>\n\n\n\n<p class=\"has-text-align-center has-white-color has-text-color\">Fill out the form and we\u2019ll respond within one business day.<\/p>\n<\/div><\/section>\n\n\n\n<div style=\"height:33px\" aria-hidden=\"true\" class=\"wp-block-spacer\"><\/div>\n\n\n\n<div class=\"wp-block-contact-form-7-contact-form-selector\">\n<div class=\"wpcf7 no-js\" id=\"wpcf7-f68842-o1\" lang=\"en-EN\" dir=\"ltr\" data-wpcf7-id=\"68842\">\n<div class=\"screen-reader-response\"><p role=\"status\" aria-live=\"polite\" aria-atomic=\"true\"><\/p> <ul><\/ul><\/div>\n<form action=\"\/hr\/wp-json\/wp\/v2\/pages\/263161#wpcf7-f68842-o1\" method=\"post\" class=\"wpcf7-form init\" aria-label=\"Contact form\" novalidate=\"novalidate\" data-status=\"init\">\n<fieldset class=\"hidden-fields-container\"><input type=\"hidden\" name=\"_wpcf7\" value=\"68842\" \/><input type=\"hidden\" name=\"_wpcf7_version\" value=\"6.1\" \/><input type=\"hidden\" name=\"_wpcf7_locale\" value=\"en_EN\" \/><input type=\"hidden\" name=\"_wpcf7_unit_tag\" value=\"wpcf7-f68842-o1\" \/><input type=\"hidden\" name=\"_wpcf7_container_post\" value=\"0\" \/><input type=\"hidden\" name=\"_wpcf7_posted_data_hash\" value=\"\" \/><input type=\"hidden\" name=\"_wpcf7_recaptcha_response\" value=\"\" \/>\n<\/fieldset>\n<p>Fill in our contact form below. We will contact you as soon as possible.\n<\/p>\n<p><label> Your name<br \/>\n<span class=\"wpcf7-form-control-wrap\" data-name=\"your-name\"><input size=\"40\" maxlength=\"400\" class=\"wpcf7-form-control wpcf7-text wpcf7-validates-as-required\" aria-required=\"true\" aria-invalid=\"false\" value=\"\" type=\"text\" name=\"your-name\" \/><\/span> <\/label>\n<\/p>\n<p><label> Your email<br \/>\n<span class=\"wpcf7-form-control-wrap\" data-name=\"your-email\"><input size=\"40\" maxlength=\"400\" class=\"wpcf7-form-control wpcf7-email wpcf7-validates-as-required wpcf7-text wpcf7-validates-as-email\" aria-required=\"true\" aria-invalid=\"false\" value=\"\" type=\"email\" name=\"your-email\" \/><\/span> <\/label>\n<\/p>\n<p><label> Your message (optional)<br \/>\n<span class=\"wpcf7-form-control-wrap\" data-name=\"your-message\"><textarea cols=\"40\" rows=\"10\" maxlength=\"2000\" class=\"wpcf7-form-control wpcf7-textarea\" aria-invalid=\"false\" name=\"your-message\"><\/textarea><\/span> <\/label>\n<\/p>\n<p><input class=\"wpcf7-form-control wpcf7-submit has-spinner\" type=\"submit\" value=\"Submit\" \/>\n<\/p><div class=\"wpcf7-response-output\" aria-hidden=\"true\"><\/div>\n<\/form>\n<\/div>\n\r\n\t\t\t\t<script>\r\n\t\t\t\tif ( typeof huOptions !== 'undefined' ) {\r\n\t\t\t\t\tvar huFormData = {\"source\":\"contactform7\",\"id\":68842,\"title\":\"TRGLOBAL\",\"fields\":{\"subject\":{\"first_name\":\"your-name\",\"email\":\"your-email\"},\"preferences\":{\"terms\":\"your-consent\"}}};\r\n\t\t\t\t\tvar huFormNode = document.querySelector( '[id^=\"wpcf7-f68842-\"] form' );\r\n\r\n\t\t\t\t\thuFormData['node'] = huFormNode;\r\n\t\t\t\t\thuOptions['forms'].push( huFormData );\r\n\t\t\t\t}\r\n\t\t\t\t<\/script><\/div>\n","protected":false},"excerpt":{"rendered":"<p>Izazovi Operateri koji se bave kontejnerskim poslovima, susre\u0107u se sa raznim visokorizi\u010dnim situacijama u svakoj smjeni. U takvim okolnostima, gubitak veze izme\u0111u predajnika i prijemnika mo\u017ee rezultirati skupom\u0161tetom i fatalnim posljedicama. Rje\u0161enje Kako bi rije\u0161ili ove izazove, VDL Container Systems se odlu\u010dio za TIGER T14-7 i T15-7 be\u017ei\u010dne, visoko proporcionalne, daljinske upravlja\u010de tvrtke Tele Radio. [&hellip;]<\/p>\n","protected":false},"author":63,"featured_media":261577,"parent":0,"menu_order":0,"comment_status":"closed","ping_status":"closed","template":"content-customer-stories.php","meta":{"_acf_changed":false,"footnotes":""},"class_list":["post-263161","page","type-page","status-publish","has-post-thumbnail","hentry"],"acf":[],"_links":{"self":[{"href":"https:\/\/www.tele-radio.com\/hr\/wp-json\/wp\/v2\/pages\/263161","targetHints":{"allow":["GET"]}}],"collection":[{"href":"https:\/\/www.tele-radio.com\/hr\/wp-json\/wp\/v2\/pages"}],"about":[{"href":"https:\/\/www.tele-radio.com\/hr\/wp-json\/wp\/v2\/types\/page"}],"author":[{"embeddable":true,"href":"https:\/\/www.tele-radio.com\/hr\/wp-json\/wp\/v2\/users\/63"}],"replies":[{"embeddable":true,"href":"https:\/\/www.tele-radio.com\/hr\/wp-json\/wp\/v2\/comments?post=263161"}],"version-history":[{"count":2,"href":"https:\/\/www.tele-radio.com\/hr\/wp-json\/wp\/v2\/pages\/263161\/revisions"}],"predecessor-version":[{"id":263297,"href":"https:\/\/www.tele-radio.com\/hr\/wp-json\/wp\/v2\/pages\/263161\/revisions\/263297"}],"wp:featuredmedia":[{"embeddable":true,"href":"https:\/\/www.tele-radio.com\/hr\/wp-json\/wp\/v2\/media\/261577"}],"wp:attachment":[{"href":"https:\/\/www.tele-radio.com\/hr\/wp-json\/wp\/v2\/media?parent=263161"}],"curies":[{"name":"wp","href":"https:\/\/api.w.org\/{rel}","templated":true}]}}