{"id":260734,"date":"2025-04-28T12:26:35","date_gmt":"2025-04-28T12:26:35","guid":{"rendered":"https:\/\/www.tele-radio.com\/global-towing-systems\/"},"modified":"2025-06-18T10:46:06","modified_gmt":"2025-06-18T10:46:06","slug":"global-towing-systems","status":"publish","type":"page","link":"https:\/\/www.tele-radio.com\/hr\/global-towing-systems\/","title":{"rendered":"Global Towing Systems-Vu\u010dne slu\u017ebe za teretna vozila"},"content":{"rendered":"\n<div class=\"wp-block-cover alignfull\" style=\"min-height:640px;aspect-ratio:unset;\"><img decoding=\"async\" class=\"wp-block-cover__image-background\" alt=\"\" src=\"https:\/\/www.tele-radio.com\/app\/uploads\/XT5A6738.jpg\" data-object-fit=\"cover\"\/><span aria-hidden=\"true\" class=\"wp-block-cover__background has-kelp-background-color has-background-dim-60 has-background-dim\"><\/span><div class=\"wp-block-cover__inner-container is-layout-flow wp-block-cover-is-layout-flow\">\n<div class=\"wp-block-group is-vertical is-content-justification-center is-layout-flex wp-container-core-group-is-layout-19dca076 wp-block-group-is-layout-flex\">\n<h1 class=\"wp-block-heading has-text-align-center has-white-color has-text-color\" style=\"font-size:56px\">Za najte\u017ee zadatke &#8211; podignite s povjerenjem!<\/h1>\n\n\n\n<p class=\"has-text-align-center has-white-color has-text-color\" style=\"font-size:22px\">Pro\u010ditajte o suradnji Global Towing Systems sa Tele Radio be\u017ei\u010dnim daljinskim upravljanjem<\/p>\n\n\n\n<div class=\"wp-block-buttons is-content-justification-center is-layout-flex wp-container-core-buttons-is-layout-16018d1d wp-block-buttons-is-layout-flex\">\n<div class=\"wp-block-button\"><a class=\"wp-block-button__link has-kelp-color has-amber-background-color has-text-color has-background has-custom-font-size wp-element-button\" href=\"https:\/\/www.tele-radio.com\/hr\/kontakt\/\" style=\"border-radius:4px;font-size:20px\">Zatra\u017eite testni sistem<\/a><\/div>\n<\/div>\n<\/div>\n<\/div><\/div>\n\n\n\n<div class=\"wp-block-group\" style=\"padding-top:80px;padding-bottom:60px\"><div class=\"wp-block-group__inner-container is-layout-flow wp-block-group-is-layout-flow\">\n<div class=\"wp-block-columns are-vertically-aligned-center is-layout-flex wp-container-core-columns-is-layout-a0017d07 wp-block-columns-is-layout-flex\">\n<div class=\"wp-block-column is-vertically-aligned-center is-layout-flow wp-block-column-is-layout-flow\" style=\"flex-basis:50%\">\n<h2 class=\"wp-block-heading has-kelp-color has-text-color\">Izazovi<\/h2>\n\n\n\n<p class=\"has-gray-color has-text-color\">Za saniranje o\u0161te\u0107enih kamiona, autobusa, vojnih vozila i sli\u010dno, potrebna je iznimna preciznost. Jedna pogre\u0161ka mo\u017ee uzrokovati mnogo \u0161tete i ozljeda.<\/p>\n\n\n\n<p class=\"has-gray-color has-text-color\"><\/p>\n\n\n\n<ul class=\"wp-block-list\">\n<li>Lo\u0161a preglednost o\u0161te\u0107enog vozila;<\/li>\n\n\n\n<li>Rizik od uru\u0161avanja i deformacija;<\/li>\n\n\n\n<li>Gubitak vremena pri hodanju od vozila do vu\u010dnog stroja.<\/li>\n<\/ul>\n<\/div>\n\n\n\n<div class=\"wp-block-column is-vertically-aligned-center is-layout-flow wp-block-column-is-layout-flow\" style=\"flex-basis:50%\">\n<figure class=\"wp-block-image size-large\"><img decoding=\"async\" src=\"https:\/\/www.tele-radio.com\/app\/uploads\/XT5A6812.jpg\" alt=\"High-risk recovery operation\" style=\"aspect-ratio:1;object-fit:cover\"\/><\/figure>\n<\/div>\n<\/div>\n<\/div><\/div>\n\n\n\n<div class=\"wp-block-group\" style=\"border-top-color:var(--wp--preset--color--gallery);border-top-width:3px;padding-top:60px;padding-bottom:60px\"><div class=\"wp-block-group__inner-container is-layout-flow wp-block-group-is-layout-flow\">\n<div class=\"wp-block-columns are-vertically-aligned-center is-layout-flex wp-container-core-columns-is-layout-a0017d07 wp-block-columns-is-layout-flex\">\n<div class=\"wp-block-column is-vertically-aligned-center is-layout-flow wp-block-column-is-layout-flow\" style=\"flex-basis:50%\">\n<figure class=\"wp-block-embed is-type-video is-provider-youtube wp-block-embed-youtube wp-embed-aspect-16-9 wp-has-aspect-ratio\"><div class=\"wp-block-embed__wrapper\">\n<iframe loading=\"lazy\" title=\"From Chaos to Control: Wireless Vehicle Recovery with Tele Radio\" width=\"500\" height=\"281\" src=\"https:\/\/www.youtube.com\/embed\/vE4_Ynxbc9k?feature=oembed\" frameborder=\"0\" allow=\"accelerometer; autoplay; clipboard-write; encrypted-media; gyroscope; picture-in-picture; web-share\" referrerpolicy=\"strict-origin-when-cross-origin\" allowfullscreen><\/iframe>\n<\/div><\/figure>\n<\/div>\n\n\n\n<div class=\"wp-block-column is-vertically-aligned-center is-layout-flow wp-block-column-is-layout-flow\" style=\"flex-basis:50%\">\n<h2 class=\"wp-block-heading has-kelp-color has-text-color\">Rje\u0161enje<\/h2>\n\n\n\n<p>VersaTEQ i Panther su precizni sustavi tvrtke Tele Radio. Pru\u017eaju korisnicima milimetarsku kontrolu s udaljenosti i do 50 metara. Dva ru\u010dna daljinska upravlja\u010da kontroliraju svaku funkciju stroja.<\/p>\n\n\n\n<div class=\"wp-block-buttons is-layout-flex wp-block-buttons-is-layout-flex\">\n<div class=\"wp-block-button\"><a class=\"wp-block-button__link has-kelp-color has-amber-background-color has-text-color has-background wp-element-button\" href=\"https:\/\/www.tele-radio.com\/hr\/custom-line-solutions\/versateq\/\" style=\"border-radius:19px\">Pregledajte tehni\u010dke podatke<\/a><\/div>\n<\/div>\n<\/div>\n<\/div>\n<\/div><\/div>\n\n\n\n<p class=\"has-text-align-left has-black-color has-text-color has-link-color has-large-font-size wp-elements-b409f803905ceb341b9a9b6c26eed511\"><strong>Global Towing Systems: \u201cZa sprje\u010davanje gubitaka treba vam najbolji daljinski upravlja\u010d\u201d<\/strong><\/p>\n\n\n\n<p class=\"has-text-align-left has-black-color has-text-color has-link-color has-medium-font-size wp-elements-e743efab24e7d46f7e7a63e3ea186b75\"><strong>Kada se teretna vozila na\u0111u u nevolji, u pomo\u0107 dolazi Global Towing System. &#8220;<strong>Prevurnuti kamioni, autobusi i vojna vozila najgore su no\u0107ne more za vu\u010dne sisteme\u201c, ka\u017ee Michel Noel, izvr\u0161ni direktor sustava, skra\u0107eno GTS.<\/strong><\/strong><\/p>\n\n\n\n<p>\u201eKako bi se dosegli kota\u010di vozila, kamion za vu\u010du raste\u017ee se do svog maksimuma\u201c, prenosi Michel iz svog ureda u Koml\u00f3u, s juga Ma\u0111arske. Od kraja 2023. godine sustav se slu\u017ei modernim daljinskim upravlja\u010dima tvrtke Tele Radio.<\/p>\n\n\n\n<details class=\"wp-block-details has-kelp-color has-text-color has-medium-font-size is-layout-flow wp-block-details-is-layout-flow\" style=\"padding-top:60px;padding-bottom:60px\"><summary>Pro\u010ditajte cijeli \u010dlanak<\/summary>\n<p>Michel: \u201eKorisnici na\u0161eg sustava rade na vrlo te\u0161kim i velikim vozilima. Jedna sitna gre\u0161ka i cijelo se vozilo mo\u017ee uru\u0161iti zajedno sa sustavom.\u201c Tada na scenu dolaze daljinski upravlja\u010di. \u201eAko \u017eelite izbje\u0107i lomove u klju\u010dnih djelova, potreban vam je najbolji daljinski upravlja\u010d na tr\u017ei\u0161tu. Osjetljivost Tele Radio opreme omogu\u0107uje korisnicima lagano podizanje te\u0161kih vozila i upravljanje teretom na najbolji mogu\u0107i na\u010din.\u201c<\/p>\n\n\n\n<p><em>\u201c<\/em>Osjetljivost Tele Radio opreme omogu\u0107uje korisnicima lagano podizanje te\u0161kih vozila i upravljanje teretom na najbolji mogu\u0107i na\u010din.\u201c<\/p>\n\n\n\n<p><em>\u2013 Michel Noel, izvr\u0161ni direktor GTS-a<\/em><\/p>\n\n\n\n<h3 class=\"wp-block-heading has-black-color has-text-color\"><strong>Preciznost: klju\u010dna stvar tijekom te\u0161kih operacija<\/strong><\/h3>\n\n\n\n<p>Michel vrlo cijeni uklju\u010denost Tele Radia u razvoj poslovanja GTS-a. \u201ePredstavnici tvrtke Tele Radio su u malo manje od godinu dana posjetili na\u0161u tvornicu \u010dak dvaput. Odvajaju vrijeme kako bi razumjeli na\u0161 prijedlog i nude rje\u0161enja za daljinsko upravljanje koja odgovaraju na\u0161im proizvodima.\u201c<\/p>\n\n\n\n<p>\u201e Me\u0111utim, postoji vi\u0161e razloga koji su nas naveli da se odlu\u010dimo za Tele Radio. Daljinski upravlja\u010di imaju nevjerojatno precizno proprocionalno upravljanje, &nbsp;\u0161to mo\u017ee biti klju\u010dno za operativni uspjeh. Pritisak na gumb utje\u010de na kretanje u stvarnom vremenu. Daljinski upravlja\u010di tvrtke Tele Radio omogu\u0107uju izuzetno sporo i to\u010dno kretanje, \u0161to u na\u0161em poslu spa\u0161ava.\u201c<\/p>\n\n\n\n<p>\u201eNa\u0161i korisnici sada mogu kontrolirati svoja vu\u010dna vozila sa udaljenosti i do \u010dak 50 metara. Operacije se sada,nakon vezivanja za sajle, mogu zapo\u010deti odma sa lica mjesta, bez potrebe za vra\u0107anjem do vozila\u201c<\/p>\n\n\n\n<h3 class=\"wp-block-heading has-black-color has-text-color\"><strong>Pru\u017eanje najbolje mogu\u0107e usluge i komponenti<\/strong><\/h3>\n\n\n\n<p>GTS nabavlja Tele Radio sustave za upravljanje VersaTEQ i Panther. Ovisno o lokaciji i zahtjevima kupca, VersaTEQ je ve\u0107i i slo\u017eeniji sustav, ali tvrtka nudi i manju verziju Panthera kao daljinski upravlja\u010d za uklju\u010divanje\/isklju\u010divanje.<\/p>\n\n\n\n<p>\u201eKada se korisnik provla\u010di ispod vozila, ne mo\u017ee uvijek koristiti VersaTEQ zbog njegove veli\u010dine. U takvom slu\u010daju mo\u017ee koristiti manji ru\u010dni daljinski upravlja\u010d Panther i dalje utjecati na zna\u010dajan dio funkcija vu\u010dnog vozila.\u201c<\/p>\n\n\n\n<p>\u201eCilj nam je pru\u017eiti najbolje mogu\u0107e ure\u0111aje i usluge, a Tele Radio se savr\u0161eno uklapa u tom nastojanju.\u201c<\/p>\n<\/details>\n\n\n\n<p><\/p>\n\n\n\n<div class=\"wp-block-group has-gallery-background-color has-background\" style=\"padding-top:50px;padding-bottom:50px\"><div class=\"wp-block-group__inner-container is-layout-flow wp-block-group-is-layout-flow\">\n<blockquote class=\"wp-block-quote is-style-large is-layout-flow wp-block-quote-is-layout-flow\">\n<p>Preciznost Tele Radio opreme omogu\u0107uje korisnicima lagano podizanje te\u0161kih vozila i upravljanje teretom na najbolji mogu\u0107i na\u010din.\u201c<\/p>\n<cite>Michel Noel, izvr\u0161ni direktor \u2013 Global Towing Systems<\/cite><\/blockquote>\n\n\n\n<p><\/p>\n<\/div><\/div>\n\n\n\n<div class=\"wp-block-group\" style=\"padding-top:60px;padding-bottom:60px\"><div class=\"wp-block-group__inner-container is-layout-flow wp-block-group-is-layout-flow\">\n<h2 class=\"wp-block-heading has-text-align-center has-kelp-color has-text-color\">Za\u0161to Tele Radio?<\/h2>\n\n\n\n<div class=\"wp-block-columns is-layout-flex wp-container-core-columns-is-layout-7501fc45 wp-block-columns-is-layout-flex\" style=\"padding-top:40px\">\n<div class=\"wp-block-column is-layout-flow wp-block-column-is-layout-flow\">\n<h3 class=\"wp-block-heading has-amber-color has-text-color\">Milimetarska preciznost<\/h3>\n\n\n\n<p class=\"has-gray-color has-text-color\">Proporcionalne tipke pretvaraju izravan pritisak prsta u pokret stroja \u0161to je klju\u010dno pri podizanju tereta.<\/p>\n\n\n\n<p class=\"has-gray-color has-text-color\"><\/p>\n<\/div>\n\n\n\n<div class=\"wp-block-column is-layout-flow wp-block-column-is-layout-flow\">\n<h3 class=\"wp-block-heading has-amber-color has-text-color\">50m radna udaljenost<\/h3>\n\n\n\n<p class=\"has-gray-color has-text-color\">Zadr\u017eavanje sigurne udaljenosti uz mogu\u0107nost pune kontrole nad teretom. Bez dodatnih kretanja i signala.<\/p>\n\n\n\n<p class=\"has-gray-color has-text-color\"><\/p>\n<\/div>\n\n\n\n<div class=\"wp-block-column is-layout-flow wp-block-column-is-layout-flow\">\n<h3 class=\"wp-block-heading has-amber-color has-text-color\">Prakti\u010dan i modularan<\/h3>\n\n\n\n<p class=\"has-gray-color has-text-color\">Umjesto robusnih upravlja\u010da, prakti\u010dni ru\u010dni oda\u0161ilja\u010d. Svaka tipka odli\u010dno odgovara zadatku.<\/p>\n<\/div>\n<\/div>\n<\/div><\/div>\n\n\n\n<p><\/p>\n\n\n\n<section id=\"cta\" class=\"wp-block-group has-amber-background-color has-background\" style=\"padding-top:60px;padding-bottom:60px\"><div class=\"wp-block-group__inner-container is-layout-flow wp-block-group-is-layout-flow\">\n<h2 class=\"wp-block-heading has-text-align-center has-kelp-color has-text-color\">Spremni ste privesti \u0161tetu na minimum i u\u0161tediti vrijeme?<\/h2>\n\n\n\n<div class=\"wp-block-buttons is-content-justification-center is-layout-flex wp-container-core-buttons-is-layout-16018d1d wp-block-buttons-is-layout-flex\">\n<div class=\"wp-block-button\"><a class=\"wp-block-button__link has-white-color has-kelp-background-color has-text-color has-background has-custom-font-size wp-element-button\" href=\"https:\/\/www.tele-radio.com\/hr\/kontakt\/\" style=\"border-radius:4px;padding-top:14px;padding-right:34px;padding-bottom:14px;padding-left:34px;font-size:20px\">Dogovorite besplatno savjetovanje<\/a><\/div>\n<\/div>\n<\/div><\/section>\n\n\n\n<p><\/p>\n\n\n\n<section id=\"contact\" class=\"wp-block-group contact-section has-kelp-background-color has-background\" style=\"padding-top:60px;padding-bottom:60px\"><div class=\"wp-block-group__inner-container is-layout-flow wp-block-group-is-layout-flow\">\n<h2 class=\"wp-block-heading has-text-align-center has-white-color has-text-color\">Talk to an Expert<\/h2>\n\n\n\n<p class=\"has-text-align-center has-white-color has-text-color\">Fill out the form and we\u2019ll respond within one business day.<\/p>\n<\/div><\/section>\n\n\n\n<div style=\"height:33px\" aria-hidden=\"true\" class=\"wp-block-spacer\"><\/div>\n\n\n\n<div class=\"wp-block-contact-form-7-contact-form-selector\">\n<div class=\"wpcf7 no-js\" id=\"wpcf7-f68842-o1\" lang=\"en-EN\" dir=\"ltr\" data-wpcf7-id=\"68842\">\n<div class=\"screen-reader-response\"><p role=\"status\" aria-live=\"polite\" aria-atomic=\"true\"><\/p> <ul><\/ul><\/div>\n<form action=\"\/hr\/wp-json\/wp\/v2\/pages\/260734#wpcf7-f68842-o1\" method=\"post\" class=\"wpcf7-form init\" aria-label=\"Contact form\" novalidate=\"novalidate\" data-status=\"init\">\n<fieldset class=\"hidden-fields-container\"><input type=\"hidden\" name=\"_wpcf7\" value=\"68842\" \/><input type=\"hidden\" name=\"_wpcf7_version\" value=\"6.1\" \/><input type=\"hidden\" name=\"_wpcf7_locale\" value=\"en_EN\" \/><input type=\"hidden\" name=\"_wpcf7_unit_tag\" value=\"wpcf7-f68842-o1\" \/><input type=\"hidden\" name=\"_wpcf7_container_post\" value=\"0\" \/><input type=\"hidden\" name=\"_wpcf7_posted_data_hash\" value=\"\" \/><input type=\"hidden\" name=\"_wpcf7_recaptcha_response\" value=\"\" \/>\n<\/fieldset>\n<p>Fill in our contact form below. We will contact you as soon as possible.\n<\/p>\n<p><label> Your name<br \/>\n<span class=\"wpcf7-form-control-wrap\" data-name=\"your-name\"><input size=\"40\" maxlength=\"400\" class=\"wpcf7-form-control wpcf7-text wpcf7-validates-as-required\" aria-required=\"true\" aria-invalid=\"false\" value=\"\" type=\"text\" name=\"your-name\" \/><\/span> <\/label>\n<\/p>\n<p><label> Your email<br \/>\n<span class=\"wpcf7-form-control-wrap\" data-name=\"your-email\"><input size=\"40\" maxlength=\"400\" class=\"wpcf7-form-control wpcf7-email wpcf7-validates-as-required wpcf7-text wpcf7-validates-as-email\" aria-required=\"true\" aria-invalid=\"false\" value=\"\" type=\"email\" name=\"your-email\" \/><\/span> <\/label>\n<\/p>\n<p><label> Your message (optional)<br \/>\n<span class=\"wpcf7-form-control-wrap\" data-name=\"your-message\"><textarea cols=\"40\" rows=\"10\" maxlength=\"2000\" class=\"wpcf7-form-control wpcf7-textarea\" aria-invalid=\"false\" name=\"your-message\"><\/textarea><\/span> <\/label>\n<\/p>\n<p><input class=\"wpcf7-form-control wpcf7-submit has-spinner\" type=\"submit\" value=\"Submit\" \/>\n<\/p><div class=\"wpcf7-response-output\" aria-hidden=\"true\"><\/div>\n<\/form>\n<\/div>\n\r\n\t\t\t\t<script>\r\n\t\t\t\tif ( typeof huOptions !== 'undefined' ) {\r\n\t\t\t\t\tvar huFormData = {\"source\":\"contactform7\",\"id\":68842,\"title\":\"TRGLOBAL\",\"fields\":{\"subject\":{\"first_name\":\"your-name\",\"email\":\"your-email\"},\"preferences\":{\"terms\":\"your-consent\"}}};\r\n\t\t\t\t\tvar huFormNode = document.querySelector( '[id^=\"wpcf7-f68842-\"] form' );\r\n\r\n\t\t\t\t\thuFormData['node'] = huFormNode;\r\n\t\t\t\t\thuOptions['forms'].push( huFormData );\r\n\t\t\t\t}\r\n\t\t\t\t<\/script><\/div>\n","protected":false},"excerpt":{"rendered":"<p>Izazovi Za saniranje o\u0161te\u0107enih kamiona, autobusa, vojnih vozila i sli\u010dno, potrebna je iznimna preciznost. Jedna pogre\u0161ka mo\u017ee uzrokovati mnogo \u0161tete i ozljeda. Rje\u0161enje VersaTEQ i Panther su precizni sustavi tvrtke Tele Radio. Pru\u017eaju korisnicima milimetarsku kontrolu s udaljenosti i do 50 metara. Dva ru\u010dna daljinska upravlja\u010da kontroliraju svaku funkciju stroja. Global Towing Systems: \u201cZa sprje\u010davanje [&hellip;]<\/p>\n","protected":false},"author":29,"featured_media":259352,"parent":0,"menu_order":0,"comment_status":"closed","ping_status":"closed","template":"content-customer-stories.php","meta":{"_acf_changed":false,"footnotes":""},"class_list":["post-260734","page","type-page","status-publish","has-post-thumbnail","hentry"],"acf":[],"_links":{"self":[{"href":"https:\/\/www.tele-radio.com\/hr\/wp-json\/wp\/v2\/pages\/260734","targetHints":{"allow":["GET"]}}],"collection":[{"href":"https:\/\/www.tele-radio.com\/hr\/wp-json\/wp\/v2\/pages"}],"about":[{"href":"https:\/\/www.tele-radio.com\/hr\/wp-json\/wp\/v2\/types\/page"}],"author":[{"embeddable":true,"href":"https:\/\/www.tele-radio.com\/hr\/wp-json\/wp\/v2\/users\/29"}],"replies":[{"embeddable":true,"href":"https:\/\/www.tele-radio.com\/hr\/wp-json\/wp\/v2\/comments?post=260734"}],"version-history":[{"count":6,"href":"https:\/\/www.tele-radio.com\/hr\/wp-json\/wp\/v2\/pages\/260734\/revisions"}],"predecessor-version":[{"id":262110,"href":"https:\/\/www.tele-radio.com\/hr\/wp-json\/wp\/v2\/pages\/260734\/revisions\/262110"}],"wp:featuredmedia":[{"embeddable":true,"href":"https:\/\/www.tele-radio.com\/hr\/wp-json\/wp\/v2\/media\/259352"}],"wp:attachment":[{"href":"https:\/\/www.tele-radio.com\/hr\/wp-json\/wp\/v2\/media?parent=260734"}],"curies":[{"name":"wp","href":"https:\/\/api.w.org\/{rel}","templated":true}]}}