{"id":235483,"date":"2024-10-17T11:34:01","date_gmt":"2024-10-17T11:34:01","guid":{"rendered":"https:\/\/www.tele-radio.com\/panther-pld-the-industrial-remote-control-you-can-rely-on\/"},"modified":"2024-12-09T09:15:24","modified_gmt":"2024-12-09T09:15:24","slug":"panther-pld-industrijski-daljinski-upravljac-na-koji-se-mozete-osloniti","status":"publish","type":"page","link":"https:\/\/www.tele-radio.com\/hr\/panther-pld-industrijski-daljinski-upravljac-na-koji-se-mozete-osloniti\/","title":{"rendered":"Panther PLd: industrijski daljinski upravlja\u010d na koji se mo\u017eete osloniti"},"content":{"rendered":"\n<div style=\"height:113px\" aria-hidden=\"true\" class=\"wp-block-spacer\"><\/div>\n\n\n\n<h1 class=\"wp-block-heading has-text-align-center has-black-color has-luminous-vivid-amber-background-color has-text-color has-background has-link-color has-x-large-font-size wp-elements-dab288cc043851aa525025b59c6f56f8\" style=\"font-style:normal;font-weight:900\">Panther PLd: industrijski daljinski upravlja\u010d na koji se mo\u017eete osloniti<\/h1>\n\n\n\n<div style=\"height:51px\" aria-hidden=\"true\" class=\"wp-block-spacer\"><\/div>\n\n\n\n<figure class=\"wp-block-video aligncenter\"><video controls poster=\"https:\/\/www.tele-radio.com\/app\/uploads\/Panther_PLd_Promo_Snippet_UK_4.png\" src=\"https:\/\/www.tele-radio.com\/app\/uploads\/Panther_PLd_Promo_UK.mp4\"><\/video><\/figure>\n\n\n\n<div style=\"height:51px\" aria-hidden=\"true\" class=\"wp-block-spacer\"><\/div>\n\n\n\n<div class=\"wp-block-columns is-layout-flex wp-container-core-columns-is-layout-9d6595d7 wp-block-columns-is-layout-flex\">\n<div class=\"wp-block-column is-layout-flow wp-block-column-is-layout-flow\">\n<div style=\"height:169px\" aria-hidden=\"true\" class=\"wp-block-spacer\"><\/div>\n\n\n\n<figure class=\"wp-block-image size-large\"><img loading=\"lazy\" decoding=\"async\" width=\"1200\" height=\"675\" src=\"https:\/\/www.tele-radio.com\/app\/uploads\/\/Panther_PLd_Promo_Snippet_UK_9-1200x675.png\" alt=\"\" class=\"wp-image-230317\" srcset=\"https:\/\/www.tele-radio.com\/app\/uploads\/Panther_PLd_Promo_Snippet_UK_9-1200x675.png 1200w, https:\/\/www.tele-radio.com\/app\/uploads\/Panther_PLd_Promo_Snippet_UK_9-400x225.png 400w, https:\/\/www.tele-radio.com\/app\/uploads\/Panther_PLd_Promo_Snippet_UK_9-768x432.png 768w, https:\/\/www.tele-radio.com\/app\/uploads\/Panther_PLd_Promo_Snippet_UK_9-1536x864.png 1536w, https:\/\/www.tele-radio.com\/app\/uploads\/Panther_PLd_Promo_Snippet_UK_9-750x422.png 750w, https:\/\/www.tele-radio.com\/app\/uploads\/Panther_PLd_Promo_Snippet_UK_9-500x281.png 500w, https:\/\/www.tele-radio.com\/app\/uploads\/Panther_PLd_Promo_Snippet_UK_9-1600x900.png 1600w, https:\/\/www.tele-radio.com\/app\/uploads\/Panther_PLd_Promo_Snippet_UK_9-800x450.png 800w, https:\/\/www.tele-radio.com\/app\/uploads\/Panther_PLd_Promo_Snippet_UK_9.png 1920w\" sizes=\"auto, (max-width: 1200px) 100vw, 1200px\" \/><\/figure>\n<\/div>\n\n\n\n<div class=\"wp-block-column is-layout-flow wp-block-column-is-layout-flow\">\n<h2 class=\"wp-block-heading\" style=\"font-style:normal;font-weight:700\">Bezbroj mogu\u0107nosti<\/h2>\n\n\n\n<p class=\"has-medium-font-size\">Predstavljamo Panther PLd: napredni radijski daljinski sustav od Tele Radio, dostupan po povoljnoj cijeni. Panther PLd serija uklju\u010duje dva industrijska modela \u2013 T19-2 i T29-12 \u2013 s be\u017ei\u010dnim dometom do 500 metara, ovisno o uvjetima okoline. Model T19-2 opremljen je s osam tipki, dok T29-12 ima dvanaest, pru\u017eaju\u0107i visoku razinu preciznosti u upravljanju. Svaka tipka nudi tri stanja: isklju\u010deno, pola i potpuno aktivno, omogu\u0107uju\u0107i do 24 razli\u010dite funkcije. Dodatno, funkcija &#8220;odabir sloja&#8221; pove\u0107ava broj mogu\u0107ih funkcija na \u010dak 4 x 24. S obzirom na bogate mogu\u0107nosti programiranja, Panther PLd je potpuno prilagodljiv individualnim potrebama korisnika, \u010dine\u0107i ga idealnim izborom za one koji tra\u017ee svestran i ekonomi\u010dan sustav daljinskog upravljanja.<\/p>\n<\/div>\n<\/div>\n\n\n\n<div class=\"wp-block-columns is-layout-flex wp-container-core-columns-is-layout-9d6595d7 wp-block-columns-is-layout-flex\">\n<div class=\"wp-block-column is-layout-flow wp-block-column-is-layout-flow\">\n<h2 class=\"wp-block-heading\" style=\"font-style:normal;font-weight:700\"><strong>Beskompromisna sigurnost potkrijepljena neovisnim<br>certifikatom<\/strong><\/h2>\n\n\n\n<p class=\"has-medium-font-size\">Modeli T19-2 i T29-12 isti\u010du se uskla\u0111eno\u0161\u0107u s klju\u010dnim sigurnosnim standardima industrije, uklju\u010duju\u0107i Performance Level d (PLd), Kategoriju 3 i ekvivalent Safety Integrity Level (SIL) 2. No, ne morate se oslanjati samo na na\u0161e tvrdnje \u2013 na\u0161i proizvodi certificirani su od strane neovisnih institucija poput renomiranog RISE Research Institute iz \u0160vedske. To pru\u017ea \u010dvrstu garanciju da, primjerice, stroj zaista staje kada se pritisne e-stop. Sigurnost je prioritet za Tele Radio, \u0161to se vidi u ergonomskom dizajnu oda\u0161ilja\u010da i robusnom ku\u0107i\u0161tu s ugra\u0111enim za\u0161titnim odbojnicima. Oda\u0161ilja\u010di su otporni na udarce i vodu (IP65, prijemnici IP66), spremni za rad u najzahtjevnijim okru\u017eenjima. T19-2 i T29-12 omogu\u0107uju operaterima pouzdanu kontrolu u visokorizi\u010dnim situacijama, poput upravljanja te\u0161kim ili pokretnim teretima. Serija Panther PLd koristi globalno prihva\u0107enu frekvenciju od 2,4 GHz, pru\u017eaju\u0107i sigurnost i u\u010dinkovitost u svakodnevnom radu.<\/p>\n<\/div>\n\n\n\n<div class=\"wp-block-column is-layout-flow wp-block-column-is-layout-flow\">\n<div style=\"height:173px\" aria-hidden=\"true\" class=\"wp-block-spacer\"><\/div>\n\n\n<div class=\"wp-block-image is-style-default\">\n<figure class=\"aligncenter size-large\"><img loading=\"lazy\" decoding=\"async\" width=\"1200\" height=\"675\" src=\"https:\/\/www.tele-radio.com\/app\/uploads\/\/Panther_PLd_Promo_Snippet_UK_5-1200x675.png\" alt=\"\" class=\"wp-image-230283\" srcset=\"https:\/\/www.tele-radio.com\/app\/uploads\/Panther_PLd_Promo_Snippet_UK_5-1200x675.png 1200w, https:\/\/www.tele-radio.com\/app\/uploads\/Panther_PLd_Promo_Snippet_UK_5-400x225.png 400w, https:\/\/www.tele-radio.com\/app\/uploads\/Panther_PLd_Promo_Snippet_UK_5-768x432.png 768w, https:\/\/www.tele-radio.com\/app\/uploads\/Panther_PLd_Promo_Snippet_UK_5-1536x864.png 1536w, https:\/\/www.tele-radio.com\/app\/uploads\/Panther_PLd_Promo_Snippet_UK_5-750x422.png 750w, https:\/\/www.tele-radio.com\/app\/uploads\/Panther_PLd_Promo_Snippet_UK_5-500x281.png 500w, https:\/\/www.tele-radio.com\/app\/uploads\/Panther_PLd_Promo_Snippet_UK_5-1600x900.png 1600w, https:\/\/www.tele-radio.com\/app\/uploads\/Panther_PLd_Promo_Snippet_UK_5-800x450.png 800w, https:\/\/www.tele-radio.com\/app\/uploads\/Panther_PLd_Promo_Snippet_UK_5.png 1920w\" sizes=\"auto, (max-width: 1200px) 100vw, 1200px\" \/><\/figure><\/div><\/div>\n<\/div>\n\n\n\n<div style=\"height:51px\" aria-hidden=\"true\" class=\"wp-block-spacer\"><\/div>\n\n\n\n<h2 class=\"wp-block-heading\" style=\"font-style:normal;font-weight:700\">Panther PLd T19-2 &amp; T29-12: fleksibilnost od A do \u017d<\/h2>\n\n\n\n<div style=\"height:27px\" aria-hidden=\"true\" class=\"wp-block-spacer\"><\/div>\n\n\n<div class=\"wp-block-image is-style-rounded\">\n<figure class=\"alignleft size-large is-resized\"><img loading=\"lazy\" decoding=\"async\" width=\"1200\" height=\"798\" src=\"https:\/\/www.tele-radio.com\/app\/uploads\/\/Photo_4-1200x798.jpg\" alt=\"\" class=\"wp-image-230124\" style=\"aspect-ratio:0.75;object-fit:cover;width:198px;height:auto\" srcset=\"https:\/\/www.tele-radio.com\/app\/uploads\/Photo_4-1200x798.jpg 1200w, https:\/\/www.tele-radio.com\/app\/uploads\/Photo_4-400x266.jpg 400w, https:\/\/www.tele-radio.com\/app\/uploads\/Photo_4-768x511.jpg 768w, https:\/\/www.tele-radio.com\/app\/uploads\/Photo_4-1536x1022.jpg 1536w, https:\/\/www.tele-radio.com\/app\/uploads\/Photo_4-2048x1363.jpg 2048w, https:\/\/www.tele-radio.com\/app\/uploads\/Photo_4-750x499.jpg 750w, https:\/\/www.tele-radio.com\/app\/uploads\/Photo_4-500x333.jpg 500w, https:\/\/www.tele-radio.com\/app\/uploads\/Photo_4-1600x1065.jpg 1600w, https:\/\/www.tele-radio.com\/app\/uploads\/Photo_4-800x532.jpg 800w\" sizes=\"auto, (max-width: 1200px) 100vw, 1200px\" \/><\/figure><\/div>\n\n\n<p class=\"has-medium-font-size\">Panther PLd modeli T19-2 i T29-12 nude iznimnu fleksibilnost u radu. Njihov jedinstveni grupni kod omogu\u0107ava da jedan prijemnik istovremeno kontrolira vi\u0161e oda\u0161ilja\u010da. Zahvaljuju\u0107i mogu\u0107nosti uparivanja na razini tla, \u010dak i kada je prijemnik postavljen na velikim visinama, rukovanje sustavom je jednostavno i sigurno. Modularni prijemnici prilago\u0111avaju se razli\u010ditim naponskim razinama te omogu\u0107uju povezivanje s vanjskim antenama i poja\u010dalima signala, pru\u017eaju\u0107i dodatnu svestranost. Svakom gumbu na oda\u0161ilja\u010du mo\u017ee se dodijeliti sekundarna funkcija, \u010dime se broj upravlja\u010dkih opcija udvostru\u010duje. Za prilagodbu specifi\u010dnim zahtjevima, mogu\u0107e je dizajnirati personaliziranu prednju plo\u010du kontrola prema va\u0161im potrebama ili potrebama va\u0161ih klijenata. Osim toga, uz napredne postavke, daljinski upravlja\u010di mogu se povezati s ra\u010dunalom putem USB programskog kompleta, koji je dostupan kao dodatna oprema. Ovo kombinira jednostavnost kori\u0161tenja s mogu\u0107no\u0161\u0107u sofisticiranog pode\u0161avanja, \u010dine\u0107i Panther PLd idealnim izborom za \u0161irok spektar primjena.<\/p>\n\n\n\n<div style=\"height:30px\" aria-hidden=\"true\" class=\"wp-block-spacer\"><\/div>\n\n\n\n<h2 class=\"wp-block-heading\" style=\"font-style:normal;font-weight:700\">Odr\u017eiva investicija<\/h2>\n\n\n\n<p class=\"has-medium-font-size\">Zaklju\u010dno, modeli Panther PLd T19-2 i T29-12 predstavljaju dugoro\u010dnu i odr\u017eivu investiciju. Njihova konstrukcija omogu\u0107uje zamjenu svih dijelova, uklju\u010duju\u0107i ku\u0107i\u0161te, \u0161to produ\u017eava \u017eivotni vijek ure\u0111aja i smanjuje operativne tro\u0161kove. Povjerenje na\u0161ih kupaca potvr\u0111uje \u010dinjenica da oni koji su se pridru\u017eili Tele Radio obitelji prije vi\u0161e od 20 godina i dalje naru\u010duju rezervne dijelove \u2013 koje redovito isporu\u010dujemo. Ova posve\u0107enost kvaliteti i dugotrajnosti \u010dini Panther PLd pouzdanim rje\u0161enjem za va\u0161u budu\u0107nost.<\/p>\n\n\n<div class=\"wp-block-image\">\n<figure class=\"aligncenter size-large is-resized\"><img loading=\"lazy\" decoding=\"async\" width=\"1200\" height=\"880\" src=\"https:\/\/www.tele-radio.com\/app\/uploads\/\/Photo_3-1200x880.jpg\" alt=\"\" class=\"wp-image-230156\" style=\"width:408px;height:auto\" srcset=\"https:\/\/www.tele-radio.com\/app\/uploads\/Photo_3-1200x880.jpg 1200w, https:\/\/www.tele-radio.com\/app\/uploads\/Photo_3-400x293.jpg 400w, https:\/\/www.tele-radio.com\/app\/uploads\/Photo_3-768x563.jpg 768w, https:\/\/www.tele-radio.com\/app\/uploads\/Photo_3-1536x1126.jpg 1536w, https:\/\/www.tele-radio.com\/app\/uploads\/Photo_3-2048x1502.jpg 2048w, https:\/\/www.tele-radio.com\/app\/uploads\/Photo_3-750x550.jpg 750w, https:\/\/www.tele-radio.com\/app\/uploads\/Photo_3-500x367.jpg 500w, https:\/\/www.tele-radio.com\/app\/uploads\/Photo_3-1600x1173.jpg 1600w, https:\/\/www.tele-radio.com\/app\/uploads\/Photo_3-800x587.jpg 800w\" sizes=\"auto, (max-width: 1200px) 100vw, 1200px\" \/><\/figure><\/div>\n\n\n<h2 class=\"wp-block-heading\" style=\"font-style:normal;font-weight:900\">Aplikacije?<\/h2>\n\n\n\n<p class=\"has-medium-font-size\">Zahvaljuju\u0107i svojoj svestranosti, daljinski upravlja\u010di Panther PLd T19-2 i T29-12 pronalaze primjenu u \u0161irokom rasponu opreme, uklju\u010duju\u0107i \u2013 ali ne ograni\u010davaju\u0107i se na \u2013 topove za maglu, mije\u0161alice za beton, hidrauli\u010dke rampe i mobilne rasvjetne instalacije na gradili\u0161tima. Njihova primjena idealna je i za kabine dizalica i bagera, omogu\u0107uju\u0107i preciznu kontrolu pri\u010dvr\u0161\u0107enih komponenti zahvaljuju\u0107i prilagodljivom zglobnom kutu. Uz to, koriste se za upravljanje vratima, kapijama i barijerama, kao i za transportne trake, portalne dizalice, elektri\u010dne mostne dizalice, elektri\u010dne dizalice, toranjske dizalice i vitla. Daljinski upravlja\u010di tako\u0111er se primjenjuju u specijaliziranim vozilima poput kamiona za vu\u010du, vozila za spa\u0161avanje i vakumskih kamiona, kao i u rudarskim bagerima, strojevima za drena\u017eu, prikolicama, kombajnima, pokriva\u010dima za sila\u017eu i drobilicama otpadaka. Ova \u0161iroka primjena \u010dini ih neophodnim alatom za razne industrijske i specijalizirane zadatke.<\/p>\n\n\n\n<p class=\"has-medium-font-size\"><br>\u017delite li pro\u010ditati vi\u0161e o raznim aplikacijama Panther Pld T19-2 i T29-12? <a href=\"https:\/\/www.tele-radio.com\/hr\/aplikacije\/\">Pro\u010ditaj vi\u0161e&#8230;<\/a><\/p>\n","protected":false},"excerpt":{"rendered":"<p>Panther PLd: industrijski daljinski upravlja\u010d na koji se mo\u017eete osloniti Bezbroj mogu\u0107nosti Predstavljamo Panther PLd: napredni radijski daljinski sustav od Tele Radio, dostupan po povoljnoj cijeni. Panther PLd serija uklju\u010duje dva industrijska modela \u2013 T19-2 i T29-12 \u2013 s be\u017ei\u010dnim dometom do 500 metara, ovisno o uvjetima okoline. Model T19-2 opremljen je s osam tipki, [&hellip;]<\/p>\n","protected":false},"author":29,"featured_media":231025,"parent":0,"menu_order":0,"comment_status":"closed","ping_status":"closed","template":"","meta":{"_acf_changed":false,"footnotes":""},"class_list":["post-235483","page","type-page","status-publish","has-post-thumbnail","hentry"],"acf":[],"_links":{"self":[{"href":"https:\/\/www.tele-radio.com\/hr\/wp-json\/wp\/v2\/pages\/235483","targetHints":{"allow":["GET"]}}],"collection":[{"href":"https:\/\/www.tele-radio.com\/hr\/wp-json\/wp\/v2\/pages"}],"about":[{"href":"https:\/\/www.tele-radio.com\/hr\/wp-json\/wp\/v2\/types\/page"}],"author":[{"embeddable":true,"href":"https:\/\/www.tele-radio.com\/hr\/wp-json\/wp\/v2\/users\/29"}],"replies":[{"embeddable":true,"href":"https:\/\/www.tele-radio.com\/hr\/wp-json\/wp\/v2\/comments?post=235483"}],"version-history":[{"count":1,"href":"https:\/\/www.tele-radio.com\/hr\/wp-json\/wp\/v2\/pages\/235483\/revisions"}],"predecessor-version":[{"id":235496,"href":"https:\/\/www.tele-radio.com\/hr\/wp-json\/wp\/v2\/pages\/235483\/revisions\/235496"}],"wp:featuredmedia":[{"embeddable":true,"href":"https:\/\/www.tele-radio.com\/hr\/wp-json\/wp\/v2\/media\/231025"}],"wp:attachment":[{"href":"https:\/\/www.tele-radio.com\/hr\/wp-json\/wp\/v2\/media?parent=235483"}],"curies":[{"name":"wp","href":"https:\/\/api.w.org\/{rel}","templated":true}]}}