{"id":233626,"date":"2024-08-29T12:18:32","date_gmt":"2024-08-29T12:18:32","guid":{"rendered":"https:\/\/www.tele-radio.com\/qts-leading-contractors-in-the-british-railway-industry\/"},"modified":"2024-12-11T11:33:17","modified_gmt":"2024-12-11T11:33:17","slug":"qts-jedan-od-vodecih-strucnjaka-u-britanskoj-zeljeznickoj-industriji","status":"publish","type":"page","link":"https:\/\/www.tele-radio.com\/hr\/qts-jedan-od-vodecih-strucnjaka-u-britanskoj-zeljeznickoj-industriji\/","title":{"rendered":"QTS \u2013 jedan od vode\u0107ih stru\u010dnjaka u britanskoj \u017eeljezni\u010dkoj industriji."},"content":{"rendered":"\n<div style=\"height:141px\" aria-hidden=\"true\" class=\"wp-block-spacer\"><\/div>\n\n\n\n<h1 class=\"wp-block-heading has-text-align-center has-white-color has-black-background-color has-text-color has-background has-link-color has-x-large-font-size wp-elements-f6f200e0fe2f9fa930a265541f3713b7\">QTS \u2013 jedan od vode\u0107ih stru\u010dnjaka u britanskoj \u017eeljezni\u010dkoj industriji.<\/h1>\n\n\n\n<div class=\"wp-block-columns is-layout-flex wp-container-core-columns-is-layout-9d6595d7 wp-block-columns-is-layout-flex\">\n<div class=\"wp-block-column is-layout-flow wp-block-column-is-layout-flow\" style=\"flex-basis:250px\"><\/div>\n\n\n\n<div class=\"wp-block-column is-layout-flow wp-block-column-is-layout-flow\">\n<figure class=\"wp-block-embed is-type-video is-provider-youtube wp-block-embed-youtube wp-embed-aspect-16-9 wp-has-aspect-ratio\"><div class=\"wp-block-embed__wrapper\">\n<iframe loading=\"lazy\" title=\"QTS &amp; Tele Radio - Implementing Remote Controls\" width=\"500\" height=\"281\" src=\"https:\/\/www.youtube.com\/embed\/c6WVDuXyIF4?feature=oembed\" frameborder=\"0\" allow=\"accelerometer; autoplay; clipboard-write; encrypted-media; gyroscope; picture-in-picture; web-share\" referrerpolicy=\"strict-origin-when-cross-origin\" allowfullscreen><\/iframe>\n<\/div><\/figure>\n<\/div>\n\n\n\n<div class=\"wp-block-column is-layout-flow wp-block-column-is-layout-flow\" style=\"flex-basis:80px\"><\/div>\n<\/div>\n\n\n\n<div class=\"wp-block-group is-vertical is-content-justification-stretch is-layout-flex wp-container-core-group-is-layout-b16ad781 wp-block-group-is-layout-flex\">\n<h2 class=\"wp-block-heading has-text-align-left has-large-font-size\"><strong>Sigurniji radni uvjeti, pove\u0107ana operativna u\u010dinkovitost<\/strong><\/h2>\n\n\n\n<p class=\"has-medium-font-size wp-container-content-9cfa9a5a\">QTS, istaknuti lider u britanskoj \u017eeljezni\u010dkoj industriji, igra klju\u010dnu ulogu u odr\u017eavanju i unapre\u0111enju \u017eeljezni\u010dke mre\u017ee. Specijaliziran je za \u0161irok spektar usluga, uklju\u010duju\u0107i radove na niskogradnji, upravljanje vegetacijom, sustave odvodnje, \u010di\u0161\u0107enje pruga, postavljanje ograda, elektrifikaciju, taktilne povr\u0161ine, IRATA pristup u\u017eetom te najam specijalizirane flote opreme.<\/p>\n\n\n\n<p class=\"has-medium-font-size wp-container-content-9cfa9a5a\">U suradnji s tvrtkom Tele Radio, QTS je razvio inovativno rje\u0161enje za daljinsko upravljanje odre\u0111enim strojevima. Ovaj korak zna\u010dajno je unaprijedio sigurnost zaposlenika i pove\u0107ao operativnu u\u010dinkovitost.<\/p>\n\n\n\n<p class=\"has-medium-font-size wp-container-content-9cfa9a5a\">Tele Radio prilagodio je svoju TEQ liniju daljinskih upravlja\u010da specifi\u010dnim potrebama QTS-ovih te\u0161kih strojeva, omogu\u0107uju\u0107i upravljanje svim funkcijama kroz jedan kompaktan i integriran sustav.<\/p>\n<\/div>\n\n\n\n<div style=\"height:100px\" aria-hidden=\"true\" class=\"wp-block-spacer\"><\/div>\n\n\n\n<h3 class=\"wp-block-heading has-large-font-size\"><strong>Za\u0161to daljinski upravlja\u010di?<\/strong><\/h3>\n\n\n\n<p class=\"has-medium-font-size\"><text x=\"-9999\" y=\"-9999\"><\/text><path d=\"M37.5324 16.8707C37.9808 15.5241 38.1363 14.0974 37.9886 12.6859C37.8409 11.2744 37.3934 9.91076 36.676 8.68622C35.6126 6.83404 33.9882 5.3676 32.0373 4.4985C30.0864 3.62941 27.9098 3.40259 25.8215 3.85078C24.8796 2.7893 23.7219 1.94125 22.4257 1.36341C21.1295 0.785575 19.7249 0.491269 18.3058 0.500197C16.1708 0.495044 14.0893 1.16803 12.3614 2.42214C10.6335 3.67624 9.34853 5.44666 8.6917 7.47815C7.30085 7.76286 5.98686 8.3414 4.8377 9.17505C3.68854 10.0087 2.73073 11.0782 2.02839 12.312C0.956464 14.1591 0.498905 16.2988 0.721698 18.4228C0.944492 20.5467 1.83612 22.5449 3.268 24.1293C2.81966 25.4759 2.66413 26.9026 2.81182 28.3141C2.95951 29.7256 3.40701 31.0892 4.12437 32.3138C5.18791 34.1659 6.8123 35.6322 8.76321 36.5013C10.7141 37.3704 12.8907 37.5973 14.9789 37.1492C15.9208 38.2107 17.0786 39.0587 18.3747 39.6366C19.6709 40.2144 21.0755 40.5087 22.4946 40.4998C24.6307 40.5054 26.7133 39.8321 28.4418 38.5772C30.1704 37.3223 31.4556 35.5506 32.1119 33.5179C33.5027 33.2332 34.8167 32.6547 35.9659 31.821C37.115 30.9874 38.0728 29.9178 38.7752 28.684C39.8458 26.8371 40.3023 24.6979 40.0789 22.5748C39.8556 20.4517 38.9639 18.4544 37.5324 16.8707ZM22.4978 37.8849C20.7443 37.8874 19.0459 37.2733 17.6994 36.1501C17.7601 36.117 17.8666 36.0586 17.936 36.0161L25.9004 31.4156C26.1003 31.3019 26.2663 31.137 26.3813 30.9378C26.4964 30.7386 26.5563 30.5124 26.5549 30.2825V19.0542L29.9213 20.998C29.9389 21.0068 29.9541 21.0198 29.9656 21.0359C29.977 21.052 29.9842 21.0707 29.9867 21.0902V30.3889C29.9842 32.375 29.1946 34.2791 27.7909 35.6841C26.3872 37.0892 24.4838 37.8806 22.4978 37.8849ZM6.39227 31.0064C5.51397 29.4888 5.19742 27.7107 5.49804 25.9832C5.55718 26.0187 5.66048 26.0818 5.73461 26.1244L13.699 30.7248C13.8975 30.8408 14.1233 30.902 14.3532 30.902C14.583 30.902 14.8088 30.8408 15.0073 30.7248L24.731 25.1103V28.9979C24.7321 29.0177 24.7283 29.0376 24.7199 29.0556C24.7115 29.0736 24.6988 29.0893 24.6829 29.1012L16.6317 33.7497C14.9096 34.7416 12.8643 35.0097 10.9447 34.4954C9.02506 33.9811 7.38785 32.7263 6.39227 31.0064ZM4.29707 13.6194C5.17156 12.0998 6.55279 10.9364 8.19885 10.3327C8.19885 10.4013 8.19491 10.5228 8.19491 10.6071V19.808C8.19351 20.0378 8.25334 20.2638 8.36823 20.4629C8.48312 20.6619 8.64893 20.8267 8.84863 20.9404L18.5723 26.5542L15.206 28.4979C15.1894 28.5089 15.1703 28.5155 15.1505 28.5173C15.1307 28.5191 15.1107 28.516 15.0924 28.5082L7.04046 23.8557C5.32135 22.8601 4.06716 21.2235 3.55289 19.3046C3.03862 17.3858 3.30624 15.3413 4.29707 13.6194ZM31.955 20.0556L22.2312 14.4411L25.5976 12.4981C25.6142 12.4872 25.6333 12.4805 25.6531 12.4787C25.6729 12.4769 25.6928 12.4801 25.7111 12.4879L33.7631 17.1364C34.9967 17.849 36.0017 18.8982 36.6606 20.1613C37.3194 21.4244 37.6047 22.849 37.4832 24.2684C37.3617 25.6878 36.8382 27.0432 35.9743 28.1759C35.1103 29.3086 33.9415 30.1717 32.6047 30.6641C32.6047 30.5947 32.6047 30.4733 32.6047 30.3889V21.188C32.6066 20.9586 32.5474 20.7328 32.4332 20.5338C32.319 20.3348 32.154 20.1698 31.955 20.0556ZM35.3055 15.0128C35.2464 14.9765 35.1431 14.9142 35.069 14.8717L27.1045 10.2712C26.906 10.1554 26.6803 10.0943 26.4504 10.0943C26.2206 10.0943 25.9948 10.1554 25.7963 10.2712L16.0726 15.8858V11.9982C16.0715 11.9783 16.0753 11.9585 16.0837 11.9405C16.0921 11.9225 16.1048 11.9068 16.1207 11.8949L24.1719 7.25025C25.4053 6.53903 26.8158 6.19376 28.2383 6.25482C29.6608 6.31589 31.0364 6.78077 32.2044 7.59508C33.3723 8.40939 34.2842 9.53945 34.8334 10.8531C35.3826 12.1667 35.5464 13.6095 35.3055 15.0128ZM14.2424 21.9419L10.8752 19.9981C10.8576 19.9893 10.8423 19.9763 10.8309 19.9602C10.8195 19.9441 10.8122 19.9254 10.8098 19.9058V10.6071C10.8107 9.18295 11.2173 7.78848 11.9819 6.58696C12.7466 5.38544 13.8377 4.42659 15.1275 3.82264C16.4173 3.21869 17.8524 2.99464 19.2649 3.1767C20.6775 3.35876 22.0089 3.93941 23.1034 4.85067C23.0427 4.88379 22.937 4.94215 22.8668 4.98473L14.9024 9.58517C14.7025 9.69878 14.5366 9.86356 14.4215 10.0626C14.3065 10.2616 14.2466 10.4877 14.2479 10.7175L14.2424 21.9419ZM16.071 17.9991L20.4018 15.4978L24.7325 17.9975V22.9985L20.4018 25.4983L16.071 22.9985V17.9991Z\" fill=\"currentColor\"><\/path><strong>U\u010dinkovitost<\/strong> \u2013 Veliki broj funkcija na QTS-ovim strojevima, kojima se ranije upravljalo izravno ili putem privezane kontrolne ru\u010dke, zahtijevao je od operatera stalno hodanje do i od stroja. Daljinski upravlja\u010d sada objedinjuje sve te funkcije u jedan prakti\u010dan sustav, zna\u010dajno smanjuju\u0107i vrijeme koje su operateri prije tro\u0161ili na kretanje.<\/p>\n\n\n\n<p class=\"has-medium-font-size\"><strong>Sigurnost <\/strong>\u2013 Sigurnost radnika je prioritet, a QTS osoblje strogo se pridr\u017eava sigurnosnih protokola. Be\u017ei\u010dno rje\u0161enje dodatno podi\u017ee razinu sigurnosti omogu\u0107uju\u0107i operaterima da ostanu na sigurnoj udaljenosti od strojeva, \u010dime se zna\u010dajno smanjuje rizik od nesre\u0107a. Istovremeno, operateri imaju bolji pregled nad operacijama. Tele Radio TEQ linija daljinskih upravlja\u010da zadovoljava visoku sigurnosnu ocjenu PLe CAT 3.<\/p>\n\n\n\n<div style=\"height:100px\" aria-hidden=\"true\" class=\"wp-block-spacer\"><\/div>\n\n\n\n<h2 class=\"wp-block-heading has-large-font-size\"><strong>Fleksibilnost u sredi\u0161tu<\/strong><\/h2>\n\n\n\n<p>QTS je odabrao prilago\u0111enu verziju Tele Radio TEQ linije upravo zbog njezine iznimne fleksibilnosti. Tele Radio je od samog po\u010detka pokazao duboko razumijevanje specifi\u010dnih izazova s kojima se QTS suo\u010dava, pru\u017eaju\u0107i opremu koja odgovara tim potrebama. Kako su se uvjeti mijenjali, Tele Radio je kontinuirano prilago\u0111avao svoj dizajn, osiguravaju\u0107i da QTS uvijek ostane korak ispred.<\/p>\n\n\n\n<p><br>Marcus Edwards, nadzornik uskla\u0111enosti pogona i posebnih projekata u QTS grupi, izjavio je: <em>&#8220;Odabrali smo Tele Radio jer smo trebali daljinske upravlja\u010de za razli\u010dite primjene.&#8221;<\/em> Tele Radio TEQ linija pokazala se kao vrhunski izbor, omogu\u0107uju\u0107i integraciju \u0161irokog spektra funkcija \u2013 uklju\u010duju\u0107i ulazne i izlazne komponente te povratne informacije \u2013 u jedinstveno, prakti\u010dno rje\u0161enje.<\/p>\n\n\n\n<pre class=\"wp-block-code\"><code>\n<\/code><\/pre>\n\n\n\n<pre class=\"wp-block-code\"><code><\/code><\/pre>\n","protected":false},"excerpt":{"rendered":"<p>QTS \u2013 jedan od vode\u0107ih stru\u010dnjaka u britanskoj \u017eeljezni\u010dkoj industriji. Sigurniji radni uvjeti, pove\u0107ana operativna u\u010dinkovitost QTS, istaknuti lider u britanskoj \u017eeljezni\u010dkoj industriji, igra klju\u010dnu ulogu u odr\u017eavanju i unapre\u0111enju \u017eeljezni\u010dke mre\u017ee. Specijaliziran je za \u0161irok spektar usluga, uklju\u010duju\u0107i radove na niskogradnji, upravljanje vegetacijom, sustave odvodnje, \u010di\u0161\u0107enje pruga, postavljanje ograda, elektrifikaciju, taktilne povr\u0161ine, IRATA pristup [&hellip;]<\/p>\n","protected":false},"author":29,"featured_media":227663,"parent":0,"menu_order":0,"comment_status":"closed","ping_status":"closed","template":"","meta":{"_acf_changed":false,"footnotes":""},"class_list":["post-233626","page","type-page","status-publish","has-post-thumbnail","hentry"],"acf":[],"_links":{"self":[{"href":"https:\/\/www.tele-radio.com\/hr\/wp-json\/wp\/v2\/pages\/233626","targetHints":{"allow":["GET"]}}],"collection":[{"href":"https:\/\/www.tele-radio.com\/hr\/wp-json\/wp\/v2\/pages"}],"about":[{"href":"https:\/\/www.tele-radio.com\/hr\/wp-json\/wp\/v2\/types\/page"}],"author":[{"embeddable":true,"href":"https:\/\/www.tele-radio.com\/hr\/wp-json\/wp\/v2\/users\/29"}],"replies":[{"embeddable":true,"href":"https:\/\/www.tele-radio.com\/hr\/wp-json\/wp\/v2\/comments?post=233626"}],"version-history":[{"count":2,"href":"https:\/\/www.tele-radio.com\/hr\/wp-json\/wp\/v2\/pages\/233626\/revisions"}],"predecessor-version":[{"id":233632,"href":"https:\/\/www.tele-radio.com\/hr\/wp-json\/wp\/v2\/pages\/233626\/revisions\/233632"}],"wp:featuredmedia":[{"embeddable":true,"href":"https:\/\/www.tele-radio.com\/hr\/wp-json\/wp\/v2\/media\/227663"}],"wp:attachment":[{"href":"https:\/\/www.tele-radio.com\/hr\/wp-json\/wp\/v2\/media?parent=233626"}],"curies":[{"name":"wp","href":"https:\/\/api.w.org\/{rel}","templated":true}]}}