{"id":216494,"date":"2022-11-23T10:32:08","date_gmt":"2022-11-23T10:32:08","guid":{"rendered":"https:\/\/www.tele-radio.com\/other\/"},"modified":"2025-09-02T12:29:40","modified_gmt":"2025-09-02T12:29:40","slug":"ostalo","status":"publish","type":"page","link":"https:\/\/www.tele-radio.com\/hr\/ostalo\/","title":{"rendered":"OSTALO"},"content":{"rendered":"\n<div style=\"height:31px\" aria-hidden=\"true\" class=\"wp-block-spacer\"><\/div>\n\n\n\n<h1 class=\"wp-block-heading has-text-align-center\"><strong><strong>OSTALO<\/strong><\/strong><\/h1>\n\n\n\n<div style=\"height:26px\" aria-hidden=\"true\" class=\"wp-block-spacer\"><\/div>\n\n\n\n<div class=\"wp-block-columns is-layout-flex wp-container-core-columns-is-layout-9d6595d7 wp-block-columns-is-layout-flex\">\n<div class=\"wp-block-column is-layout-flow wp-block-column-is-layout-flow\">\n<h2 class=\"wp-block-heading\"><strong>Vrata, kapije i barijere; kada \u017eelite kontrolirati pristup<\/strong><\/h2>\n\n\n\n<p>Imati mogu\u0107nost daljinskog upravljanja, otvaranja ili pomicanja (rolo ili kliznih) vrata, kapija, ograda, barijera, stupi\u0107a i rampi je stvar sigurnosti i prakti\u010dnosti. Zahvaljuju\u0107i godinama iskustva, Tele Radio Vam nudi naju\u010dinkovitija i najpouzdanija rje\u0161enja. Napravljen za vi\u0161egodi\u0161nju upotrebu i prilago\u0111en va\u0161im specifi\u010dnim potrebama te sa bogatim asortimanom dodataka koji olak\u0161avaju svakodnevnu upotrebu. Bilo da podi\u017eete stupi\u0107 na prometnoj ulici ili upravljate rolo vratima u distribucijskom centru pomo\u0107u osobnog predajnika.<\/p>\n<\/div>\n\n\n\n<div class=\"wp-block-column is-layout-flow wp-block-column-is-layout-flow\" style=\"flex-basis:100px\"><\/div>\n\n\n\n<div class=\"wp-block-column is-layout-flow wp-block-column-is-layout-flow\">\n<div style=\"height:31px\" aria-hidden=\"true\" class=\"wp-block-spacer\"><\/div>\n\n\n\n<div class=\"wp-block-cover\" style=\"min-height:368px;aspect-ratio:unset;\"><img loading=\"lazy\" decoding=\"async\" width=\"2400\" height=\"1602\" class=\"wp-block-cover__image-background wp-image-119677\" alt=\"\" src=\"https:\/\/www.tele-radio.com\/app\/uploads\/FM_MI_PN_0039.jpg\" style=\"object-position:59% 54%\" data-object-fit=\"cover\" data-object-position=\"59% 54%\" srcset=\"https:\/\/www.tele-radio.com\/app\/uploads\/FM_MI_PN_0039.jpg 2400w, https:\/\/www.tele-radio.com\/app\/uploads\/FM_MI_PN_0039-400x267.jpg 400w, https:\/\/www.tele-radio.com\/app\/uploads\/FM_MI_PN_0039-1200x801.jpg 1200w, https:\/\/www.tele-radio.com\/app\/uploads\/FM_MI_PN_0039-768x513.jpg 768w, https:\/\/www.tele-radio.com\/app\/uploads\/FM_MI_PN_0039-1536x1025.jpg 1536w, https:\/\/www.tele-radio.com\/app\/uploads\/FM_MI_PN_0039-2048x1367.jpg 2048w, https:\/\/www.tele-radio.com\/app\/uploads\/FM_MI_PN_0039-750x501.jpg 750w, https:\/\/www.tele-radio.com\/app\/uploads\/FM_MI_PN_0039-500x334.jpg 500w, https:\/\/www.tele-radio.com\/app\/uploads\/FM_MI_PN_0039-1600x1068.jpg 1600w, https:\/\/www.tele-radio.com\/app\/uploads\/FM_MI_PN_0039-800x534.jpg 800w\" sizes=\"auto, (max-width: 2400px) 100vw, 2400px\" \/><span aria-hidden=\"true\" class=\"wp-block-cover__background has-black-background-color has-background-dim-20 has-background-dim\"><\/span><div class=\"wp-block-cover__inner-container is-layout-flow wp-block-cover-is-layout-flow\">\n<p class=\"has-text-align-center has-large-font-size\"><\/p>\n<\/div><\/div>\n<\/div>\n<\/div>\n\n\n\n<div style=\"height:32px\" aria-hidden=\"true\" class=\"wp-block-spacer\"><\/div>\n\n\n\n\n\n<div style=\"height:100px\" aria-hidden=\"true\" class=\"wp-block-spacer\"><\/div>\n\n\n\n<div style=\"height:50px\" aria-hidden=\"true\" class=\"wp-block-spacer\"><\/div>\n\n\n\n<div style=\"height:50px\" aria-hidden=\"true\" class=\"wp-block-spacer\"><\/div>\n\n\n\n<h3 class=\"wp-block-heading has-text-align-center\">Va\u0161 odabir za sigurnost i funkcionalnost<\/h3>\n\n\n\n<p>Za odabir oda\u0161ilja\u010da koji najbolje odgovara va\u0161im potrebama, najbolje\u00a0se konzultirati s va\u0161im Tele Radio timom. Nudimo razli\u010dite oda\u0161ilja\u010de sa specifi\u010dnim karakteristikama. Iznosimo tri razloga za\u0161to ba\u0161 nas odabrati.\u00a0<\/p>\n\n\n\n<div class=\"wp-block-media-text alignwide is-stacked-on-mobile is-vertically-aligned-center\" style=\"grid-template-columns:15% auto\"><figure class=\"wp-block-media-text__media\"><img loading=\"lazy\" decoding=\"async\" width=\"404\" height=\"404\" src=\"https:\/\/www.tele-radio.com\/app\/uploads\/Safety_level_2.png\" alt=\"\" class=\"wp-image-68198 size-full\" srcset=\"https:\/\/www.tele-radio.com\/app\/uploads\/Safety_level_2.png 404w, https:\/\/www.tele-radio.com\/app\/uploads\/Safety_level_2-400x400.png 400w, https:\/\/www.tele-radio.com\/app\/uploads\/Safety_level_2-150x150.png 150w, https:\/\/www.tele-radio.com\/app\/uploads\/Safety_level_2-250x250.png 250w\" sizes=\"auto, (max-width: 404px) 100vw, 404px\" \/><\/figure><div class=\"wp-block-media-text__content\">\n<p><strong>Razina sigurnosti<\/strong><\/p>\n\n\n\n<p>Na\u0161i oda\u0161ilja\u010di su sigurni i mnogi modeli imaju\u00a0svojstveni i neovisni sigurnosni certifikat. To zna\u010di da je rad gumba za zaustavljanje testiran i provjeren od strane vanjskog i neovisnog tijela. Preporu\u010dujemo odabir sustava s neovisnim sigurnosnim certifikatom\u00a0s ciljem smanjenja rizik od ozljeda pri kori\u0161tenju strojeva.\u00a0Ako posao nema sigurnosnog rizika mo\u017eete odabrati i oda\u0161ilja\u010d bez posebnog certifikata.<\/p>\n<\/div><\/div>\n\n\n\n<div class=\"wp-block-media-text alignwide is-stacked-on-mobile is-vertically-aligned-center\" style=\"grid-template-columns:15% auto\"><figure class=\"wp-block-media-text__media\"><img loading=\"lazy\" decoding=\"async\" width=\"404\" height=\"404\" src=\"https:\/\/www.tele-radio.com\/app\/uploads\/Control_element_2.png\" alt=\"\" class=\"wp-image-68176 size-full\" srcset=\"https:\/\/www.tele-radio.com\/app\/uploads\/Control_element_2.png 404w, https:\/\/www.tele-radio.com\/app\/uploads\/Control_element_2-400x400.png 400w, https:\/\/www.tele-radio.com\/app\/uploads\/Control_element_2-150x150.png 150w, https:\/\/www.tele-radio.com\/app\/uploads\/Control_element_2-250x250.png 250w\" sizes=\"auto, (max-width: 404px) 100vw, 404px\" \/><\/figure><div class=\"wp-block-media-text__content\">\n<p><strong>Tipke ili upravlja\u010di<\/strong><\/p>\n\n\n\n<p><br>Kori\u0161tenje tipki na oda\u0161ilja\u010du je lak\u0161e za upravljanje ali i manje preciznije. Zato na\u0161 oda\u0161ilja\u010d s proporcionalnim tipkama ima jednaku to\u010dnost kao oda\u0161ilja\u010da s kontrolnom palicom. Pritiskom na tipku dodatno se pove\u0107ava stupanj aktivacije. Oda\u0161ilja\u010d s\u00a0kontrolnom palicom\u00a0je ve\u0107i, ali ima vi\u0161e mogu\u0107nosti prilagodbe, kao \u0161to su posebne tipke i prekida\u010di.<\/p>\n<\/div><\/div>\n\n\n\n<div class=\"wp-block-media-text alignwide is-stacked-on-mobile\" style=\"grid-template-columns:15% auto\"><figure class=\"wp-block-media-text__media\"><img loading=\"lazy\" decoding=\"async\" width=\"404\" height=\"404\" src=\"https:\/\/www.tele-radio.com\/app\/uploads\/Feedback_2.png\" alt=\"\" class=\"wp-image-68223 size-full\" srcset=\"https:\/\/www.tele-radio.com\/app\/uploads\/Feedback_2.png 404w, https:\/\/www.tele-radio.com\/app\/uploads\/Feedback_2-400x400.png 400w, https:\/\/www.tele-radio.com\/app\/uploads\/Feedback_2-150x150.png 150w, https:\/\/www.tele-radio.com\/app\/uploads\/Feedback_2-250x250.png 250w\" sizes=\"auto, (max-width: 404px) 100vw, 404px\" \/><\/figure><div class=\"wp-block-media-text__content\">\n<p><strong>Povratne informacije<\/strong><\/p>\n\n\n\n<p>Neki oda\u0161ilja\u010di mogu primati informacije s kontroliranog prijemnika. Ovisno o sustavu, informacije mogu biti vidljive putem LED dioda na oda\u0161ilja\u010du ili putem zaslona. Na primjer, prilikom upravljanja dizalicom, zaslon mo\u017eete koristiti za prikaz informacija kao \u0161to su te\u017eina koju treba podi\u0107i ili alarmi. Ova zna\u010dajka je manje va\u017ena za\u00a0jednostavnije primjene, kao \u0161to su vitla za kamione.<br>\u200b<\/p>\n\n\n\n<p><\/p>\n<\/div><\/div>\n\n\n<div class=\"wp-block-image is-style-default\">\n<figure class=\"aligncenter size-large is-resized\"><img decoding=\"async\" src=\"https:\/\/www.tele-radio.com\/app\/uploads\/\/Assortiment_2019_zonder_spiegeling_en_schaduw-1200x614.jpg\" alt=\"\" style=\"width:771px;height:394px\"\/><\/figure><\/div>\n\n\n<hr class=\"wp-block-separator has-text-color has-luminous-vivid-amber-color has-alpha-channel-opacity has-luminous-vivid-amber-background-color has-background is-style-default\"\/>\n","protected":false},"excerpt":{"rendered":"<p>OSTALO Vrata, kapije i barijere; kada \u017eelite kontrolirati pristup Imati mogu\u0107nost daljinskog upravljanja, otvaranja ili pomicanja (rolo ili kliznih) vrata, kapija, ograda, barijera, stupi\u0107a i rampi je stvar sigurnosti i prakti\u010dnosti. Zahvaljuju\u0107i godinama iskustva, Tele Radio Vam nudi naju\u010dinkovitija i najpouzdanija rje\u0161enja. Napravljen za vi\u0161egodi\u0161nju upotrebu i prilago\u0111en va\u0161im specifi\u010dnim potrebama te sa bogatim asortimanom [&hellip;]<\/p>\n","protected":false},"author":29,"featured_media":0,"parent":0,"menu_order":0,"comment_status":"closed","ping_status":"closed","template":"","meta":{"_acf_changed":false,"footnotes":""},"class_list":["post-216494","page","type-page","status-publish","hentry"],"acf":[],"_links":{"self":[{"href":"https:\/\/www.tele-radio.com\/hr\/wp-json\/wp\/v2\/pages\/216494","targetHints":{"allow":["GET"]}}],"collection":[{"href":"https:\/\/www.tele-radio.com\/hr\/wp-json\/wp\/v2\/pages"}],"about":[{"href":"https:\/\/www.tele-radio.com\/hr\/wp-json\/wp\/v2\/types\/page"}],"author":[{"embeddable":true,"href":"https:\/\/www.tele-radio.com\/hr\/wp-json\/wp\/v2\/users\/29"}],"replies":[{"embeddable":true,"href":"https:\/\/www.tele-radio.com\/hr\/wp-json\/wp\/v2\/comments?post=216494"}],"version-history":[{"count":2,"href":"https:\/\/www.tele-radio.com\/hr\/wp-json\/wp\/v2\/pages\/216494\/revisions"}],"predecessor-version":[{"id":266955,"href":"https:\/\/www.tele-radio.com\/hr\/wp-json\/wp\/v2\/pages\/216494\/revisions\/266955"}],"wp:attachment":[{"href":"https:\/\/www.tele-radio.com\/hr\/wp-json\/wp\/v2\/media?parent=216494"}],"curies":[{"name":"wp","href":"https:\/\/api.w.org\/{rel}","templated":true}]}}