{"id":216481,"date":"2022-11-23T10:24:20","date_gmt":"2022-11-23T10:24:20","guid":{"rendered":"https:\/\/www.tele-radio.com\/construction\/"},"modified":"2025-09-02T12:31:20","modified_gmt":"2025-09-02T12:31:20","slug":"gradevina","status":"publish","type":"page","link":"https:\/\/www.tele-radio.com\/hr\/gradevina\/","title":{"rendered":"GRA\u0110EVINA"},"content":{"rendered":"\n<div style=\"height:31px\" aria-hidden=\"true\" class=\"wp-block-spacer\"><\/div>\n\n\n\n<h1 class=\"wp-block-heading has-text-align-center\"><strong><strong>GRA\u0110EVINA<\/strong><\/strong><\/h1>\n\n\n\n<div style=\"height:26px\" aria-hidden=\"true\" class=\"wp-block-spacer\"><\/div>\n\n\n\n<div class=\"wp-block-columns is-layout-flex wp-container-core-columns-is-layout-9d6595d7 wp-block-columns-is-layout-flex\">\n<div class=\"wp-block-column is-layout-flow wp-block-column-is-layout-flow\">\n<p>Gra\u0111evinska industrija je ogromna i uklju\u010duje mnoge aplikacije kojima mo\u017eemo upravljati u\u010dinkovito i sa sigurne udaljenosti. Lopate, drobilice kamenja, pumpe za vodu, agregati i tvornice betona mali su popis onoga \u010dime mo\u017eemo upravljati be\u017ei\u010dno.<\/p>\n\n\n\n<p>Tele Radio nudi sve vrste rje\u0161enja za gra\u0111evinsku industriju gdje je siguran rad od velike va\u017enosti. Certificiramo na\u0161e sustave prema najvi\u0161im industrijskim standardima kako bismo osigurali da sve nastavivi raditi u najte\u017eim uvjetima. Sustavi s najvi\u0161im sigurnosnim zahtjevima certificirani su za SIL3, PLd ili PLe. Kako bi se zajam\u010dila najvi\u0161a razina sigurnosti, proizvode Tele Radia neovisno testira akreditirana agencija za ispitivanje. Certifikati se uvijek mogu pokazati kada ih zatra\u017eite. Kao korisnik, morate se 100% osloniti na sigurnost Tele Radio proizvoda.<\/p>\n\n\n\n<p>Pouzdani proizvodi su od velike va\u017enosti. Tvornica koja je zbog kvara na opremi zatvorena pola dana, trpi velike posljedice. Tele Radio sustavi imaju veliki domet te su pouzdani i sigurni \u010dak i pod najekstremnijim uvjetima.<\/p>\n<\/div>\n\n\n\n<div class=\"wp-block-column is-layout-flow wp-block-column-is-layout-flow\" style=\"flex-basis:100px\"><\/div>\n\n\n\n<div class=\"wp-block-column is-layout-flow wp-block-column-is-layout-flow\">\n<div style=\"height:31px\" aria-hidden=\"true\" class=\"wp-block-spacer\"><\/div>\n\n\n\n<div class=\"wp-block-cover\" style=\"min-height:368px;aspect-ratio:unset;\"><img loading=\"lazy\" decoding=\"async\" width=\"2400\" height=\"1597\" class=\"wp-block-cover__image-background wp-image-119802\" alt=\"\" src=\"https:\/\/www.tele-radio.com\/app\/uploads\/FM_MI_TI_0217-2.jpg\" style=\"object-position:59% 54%\" data-object-fit=\"cover\" data-object-position=\"59% 54%\" srcset=\"https:\/\/www.tele-radio.com\/app\/uploads\/FM_MI_TI_0217-2.jpg 2400w, https:\/\/www.tele-radio.com\/app\/uploads\/FM_MI_TI_0217-2-400x266.jpg 400w, https:\/\/www.tele-radio.com\/app\/uploads\/FM_MI_TI_0217-2-1200x799.jpg 1200w, https:\/\/www.tele-radio.com\/app\/uploads\/FM_MI_TI_0217-2-768x511.jpg 768w, https:\/\/www.tele-radio.com\/app\/uploads\/FM_MI_TI_0217-2-1536x1022.jpg 1536w, https:\/\/www.tele-radio.com\/app\/uploads\/FM_MI_TI_0217-2-2048x1363.jpg 2048w, https:\/\/www.tele-radio.com\/app\/uploads\/FM_MI_TI_0217-2-750x499.jpg 750w, https:\/\/www.tele-radio.com\/app\/uploads\/FM_MI_TI_0217-2-500x333.jpg 500w, https:\/\/www.tele-radio.com\/app\/uploads\/FM_MI_TI_0217-2-1600x1065.jpg 1600w, https:\/\/www.tele-radio.com\/app\/uploads\/FM_MI_TI_0217-2-800x532.jpg 800w\" sizes=\"auto, (max-width: 2400px) 100vw, 2400px\" \/><span aria-hidden=\"true\" class=\"wp-block-cover__background has-black-background-color has-background-dim-20 has-background-dim\"><\/span><div class=\"wp-block-cover__inner-container is-layout-flow wp-block-cover-is-layout-flow\">\n<p class=\"has-text-align-center has-large-font-size\"><\/p>\n<\/div><\/div>\n<\/div>\n<\/div>\n\n\n\n<div style=\"height:32px\" aria-hidden=\"true\" class=\"wp-block-spacer\"><\/div>\n\n\n\n\n\n<div style=\"height:100px\" aria-hidden=\"true\" class=\"wp-block-spacer\"><\/div>\n\n\n\n<h2 class=\"wp-block-heading has-text-align-center\">APLIKACIJE<\/h2>\n\n\n\n<p class=\"has-text-align-center\"><em>Kako bismo dali ideju o mogu\u0107nostima, u nastavku imamo neke primjere aplikacija i njihovih tipi\u010dnih proizvoda:<\/em><\/p>\n\n\n\n<div class=\"wp-block-columns is-layout-flex wp-container-core-columns-is-layout-9d6595d7 wp-block-columns-is-layout-flex\">\n<div class=\"wp-block-column is-layout-flow wp-block-column-is-layout-flow\">\n<div class=\"wp-block-cover is-light\"><span aria-hidden=\"true\" class=\"wp-block-cover__background has-white-background-color has-background-dim-100 has-background-dim\"><\/span><div class=\"wp-block-cover__inner-container is-layout-flow wp-block-cover-is-layout-flow\"><div class=\"wp-block-image is-style-default\">\n<figure class=\"aligncenter size-full\"><img loading=\"lazy\" decoding=\"async\" width=\"64\" height=\"64\" src=\"https:\/\/www.tele-radio.com\/app\/uploads\/shovel.png\" alt=\"\" class=\"wp-image-119650\"\/><\/figure><\/div>\n\n\n<p class=\"has-text-align-center has-black-color has-text-color\"><strong>BAGER<\/strong><\/p>\n\n\n\n<p class=\"has-text-align-center has-black-color has-text-color\">Bager je stroj koji se koristi u gra\u0111evinarstvu ili ure\u0111enju okoli\u0161a za pomicanje zemlje ili pijeska. To se mo\u017ee u\u010diniti bagerom pomo\u0107u lopate za utovar ili guranjem pijesma. Drugi nazivi za stroj su utovariva\u010d na kota\u010dima, utovarna lopata ili stroj za zemljane radove. Za bolji pregled, lopatom se mo\u017ee upravljati izvan kabine pomo\u0107u predajnika.<\/p>\n<\/div><\/div>\n<\/div>\n\n\n\n<div class=\"wp-block-column is-vertically-aligned-top is-layout-flow wp-block-column-is-layout-flow\">\n<div class=\"wp-block-cover is-light\"><span aria-hidden=\"true\" class=\"wp-block-cover__background has-white-background-color has-background-dim-100 has-background-dim\"><\/span><div class=\"wp-block-cover__inner-container is-layout-flow wp-block-cover-is-layout-flow\"><div class=\"wp-block-image is-style-default\">\n<figure class=\"aligncenter size-full\"><img loading=\"lazy\" decoding=\"async\" width=\"64\" height=\"64\" src=\"https:\/\/www.tele-radio.com\/app\/uploads\/lighting.png\" alt=\"\" class=\"wp-image-119626\"\/><\/figure><\/div>\n\n\n<p class=\"has-text-align-center has-black-color has-text-color\"><strong>AGREGATI<\/strong><\/p>\n\n\n\n<p class=\"has-text-align-center has-black-color has-text-color\">Agregat je stroj koji generira elektri\u010dnu energiju. Agregati se \u010desto koriste na mjestima gdje nema dovoljno elektri\u010dne energije ili na mjestima gdje je pristup struji toliko va\u017ean da mora postojati dostupna rezerva. To je zato \u0161to agregati mogu raditi potpuno neovisno o mre\u017ei i s kabela s daljinskim upravlja\u010dem.<\/p>\n<\/div><\/div>\n<\/div>\n\n\n\n<div class=\"wp-block-column is-vertically-aligned-top is-layout-flow wp-block-column-is-layout-flow\">\n<div style=\"height:65px\" aria-hidden=\"true\" class=\"wp-block-spacer\"><\/div>\n\n\n<div class=\"wp-block-image is-style-default\">\n<figure class=\"aligncenter size-full\"><img loading=\"lazy\" decoding=\"async\" width=\"64\" height=\"64\" src=\"https:\/\/www.tele-radio.com\/app\/uploads\/pump.png\" alt=\"\" class=\"wp-image-119602\"\/><\/figure><\/div>\n\n\n<p class=\"has-text-align-center\"><strong>PUMPA ZA VODU<\/strong><\/p>\n\n\n\n<p class=\"has-text-align-center\">Pumpa za vodu je elektromehani\u010dki stroj koji se koristi za pove\u0107anje tlaka vode kako bi se pomaknula s jedne to\u010dke na drugu. Moderne pumpe za vodu koriste se diljem svijeta za opskrbu vodom za komunalne, industrijske, poljoprivredne i stambene potrebe i njima se mo\u017ee upravljati be\u017ei\u010dno s daljinskim upravlja\u010dem.<\/p>\n<\/div>\n<\/div>\n\n\n\n<div style=\"height:50px\" aria-hidden=\"true\" class=\"wp-block-spacer\"><\/div>\n\n\n\n<div style=\"height:50px\" aria-hidden=\"true\" class=\"wp-block-spacer\"><\/div>\n\n\n\n<div style=\"height:50px\" aria-hidden=\"true\" class=\"wp-block-spacer\"><\/div>\n\n\n\n<h3 class=\"wp-block-heading has-text-align-center\">Va\u0161 odabir za sigurnost i funkcionalnost<\/h3>\n\n\n\n<p>Za odabir oda\u0161ilja\u010da koji najbolje odgovara va\u0161im potrebama, najbolje\u00a0se konzultirati s va\u0161im Tele Radio timom. Nudimo razli\u010dite oda\u0161ilja\u010de sa specifi\u010dnim karakteristikama. Iznosimo tri razloga za\u0161to ba\u0161 nas odabrati.\u00a0<\/p>\n\n\n\n<div class=\"wp-block-media-text alignwide is-stacked-on-mobile is-vertically-aligned-center\" style=\"grid-template-columns:15% auto\"><figure class=\"wp-block-media-text__media\"><img loading=\"lazy\" decoding=\"async\" width=\"404\" height=\"404\" src=\"https:\/\/www.tele-radio.com\/app\/uploads\/Safety_level_2.png\" alt=\"\" class=\"wp-image-68198 size-full\" srcset=\"https:\/\/www.tele-radio.com\/app\/uploads\/Safety_level_2.png 404w, https:\/\/www.tele-radio.com\/app\/uploads\/Safety_level_2-400x400.png 400w, https:\/\/www.tele-radio.com\/app\/uploads\/Safety_level_2-150x150.png 150w, https:\/\/www.tele-radio.com\/app\/uploads\/Safety_level_2-250x250.png 250w\" sizes=\"auto, (max-width: 404px) 100vw, 404px\" \/><\/figure><div class=\"wp-block-media-text__content\">\n<p><strong>Razina sigurnosti<\/strong><\/p>\n\n\n\n<p>Na\u0161i oda\u0161ilja\u010di su sigurni i mnogi modeli imaju\u00a0svojstveni i neovisni sigurnosni certifikat. To zna\u010di da je rad gumba za zaustavljanje testiran i provjeren od strane vanjskog i neovisnog tijela. Preporu\u010dujemo odabir sustava s neovisnim sigurnosnim certifikatom\u00a0s ciljem smanjenja rizik od ozljeda pri kori\u0161tenju strojeva.\u00a0Ako posao nema sigurnosnog rizika mo\u017eete odabrati i oda\u0161ilja\u010d bez posebnog certifikata.<\/p>\n<\/div><\/div>\n\n\n\n<div class=\"wp-block-media-text alignwide is-stacked-on-mobile is-vertically-aligned-center\" style=\"grid-template-columns:15% auto\"><figure class=\"wp-block-media-text__media\"><img loading=\"lazy\" decoding=\"async\" width=\"404\" height=\"404\" src=\"https:\/\/www.tele-radio.com\/app\/uploads\/Control_element_2.png\" alt=\"\" class=\"wp-image-68176 size-full\" srcset=\"https:\/\/www.tele-radio.com\/app\/uploads\/Control_element_2.png 404w, https:\/\/www.tele-radio.com\/app\/uploads\/Control_element_2-400x400.png 400w, https:\/\/www.tele-radio.com\/app\/uploads\/Control_element_2-150x150.png 150w, https:\/\/www.tele-radio.com\/app\/uploads\/Control_element_2-250x250.png 250w\" sizes=\"auto, (max-width: 404px) 100vw, 404px\" \/><\/figure><div class=\"wp-block-media-text__content\">\n<p><strong>Tipke ili upravlja\u010di<\/strong><\/p>\n\n\n\n<p><br>Kori\u0161tenje tipki na oda\u0161ilja\u010du je lak\u0161e za upravljanje ali i manje preciznije. Zato na\u0161 oda\u0161ilja\u010d s proporcionalnim tipkama ima jednaku to\u010dnost kao oda\u0161ilja\u010da s kontrolnom palicom. Pritiskom na tipku dodatno se pove\u0107ava stupanj aktivacije. Oda\u0161ilja\u010d s\u00a0kontrolnom palicom\u00a0je ve\u0107i, ali ima vi\u0161e mogu\u0107nosti prilagodbe, kao \u0161to su posebne tipke i prekida\u010di.<\/p>\n<\/div><\/div>\n\n\n\n<div class=\"wp-block-media-text alignwide is-stacked-on-mobile\" style=\"grid-template-columns:15% auto\"><figure class=\"wp-block-media-text__media\"><img loading=\"lazy\" decoding=\"async\" width=\"404\" height=\"404\" src=\"https:\/\/www.tele-radio.com\/app\/uploads\/Feedback_2.png\" alt=\"\" class=\"wp-image-68223 size-full\" srcset=\"https:\/\/www.tele-radio.com\/app\/uploads\/Feedback_2.png 404w, https:\/\/www.tele-radio.com\/app\/uploads\/Feedback_2-400x400.png 400w, https:\/\/www.tele-radio.com\/app\/uploads\/Feedback_2-150x150.png 150w, https:\/\/www.tele-radio.com\/app\/uploads\/Feedback_2-250x250.png 250w\" sizes=\"auto, (max-width: 404px) 100vw, 404px\" \/><\/figure><div class=\"wp-block-media-text__content\">\n<p><strong>Povratne informacije<\/strong><\/p>\n\n\n\n<p>Neki oda\u0161ilja\u010di mogu primati informacije s kontroliranog prijemnika. Ovisno o sustavu, informacije mogu biti vidljive putem LED dioda na oda\u0161ilja\u010du ili putem zaslona. Na primjer, prilikom upravljanja dizalicom, zaslon mo\u017eete koristiti za prikaz informacija kao \u0161to su te\u017eina koju treba podi\u0107i ili alarmi. Ova zna\u010dajka je manje va\u017ena za\u00a0jednostavnije primjene, kao \u0161to su vitla za kamione.<br>\u200b<\/p>\n\n\n\n<p><\/p>\n<\/div><\/div>\n\n\n<div class=\"wp-block-image is-style-default\">\n<figure class=\"aligncenter size-large is-resized\"><img decoding=\"async\" src=\"https:\/\/www.tele-radio.com\/app\/uploads\/\/Assortiment_2019_zonder_spiegeling_en_schaduw-1200x614.jpg\" alt=\"\" style=\"width:771px;height:394px\"\/><\/figure><\/div>\n\n\n<hr class=\"wp-block-separator has-text-color has-luminous-vivid-amber-color has-alpha-channel-opacity has-luminous-vivid-amber-background-color has-background is-style-default\"\/>\n\n\n\n<div class=\"wp-block-columns is-layout-flex wp-container-core-columns-is-layout-9d6595d7 wp-block-columns-is-layout-flex\">\n<div class=\"wp-block-column is-vertically-aligned-top is-layout-flow wp-block-column-is-layout-flow\" style=\"flex-basis:33.33%\">\n<p style=\"font-size:40px\"><strong>Za vi\u0161e informacija<\/strong><\/p>\n<\/div>\n\n\n\n<div class=\"wp-block-column is-vertically-aligned-center is-layout-flow wp-block-column-is-layout-flow\" style=\"flex-basis:66.66%\">\n<div class=\"wpcf7 no-js\" id=\"wpcf7-f149104-o1\" lang=\"en-EN\" dir=\"ltr\" data-wpcf7-id=\"149104\">\n<div class=\"screen-reader-response\"><p role=\"status\" aria-live=\"polite\" aria-atomic=\"true\"><\/p> <ul><\/ul><\/div>\n<form action=\"\/hr\/wp-json\/wp\/v2\/pages\/216481#wpcf7-f149104-o1\" method=\"post\" class=\"wpcf7-form init\" aria-label=\"Contact form\" novalidate=\"novalidate\" data-status=\"init\">\n<fieldset class=\"hidden-fields-container\"><input type=\"hidden\" name=\"_wpcf7\" value=\"149104\" \/><input type=\"hidden\" name=\"_wpcf7_version\" value=\"6.1\" \/><input type=\"hidden\" name=\"_wpcf7_locale\" value=\"en_EN\" \/><input type=\"hidden\" name=\"_wpcf7_unit_tag\" value=\"wpcf7-f149104-o1\" \/><input type=\"hidden\" name=\"_wpcf7_container_post\" value=\"0\" \/><input type=\"hidden\" name=\"_wpcf7_posted_data_hash\" value=\"\" \/><input type=\"hidden\" name=\"_wpcf7_recaptcha_response\" value=\"\" \/>\n<\/fieldset>\n<p><label> Your name<br \/>\n<span class=\"wpcf7-form-control-wrap\" data-name=\"your-name\"><input size=\"40\" maxlength=\"400\" class=\"wpcf7-form-control wpcf7-text wpcf7-validates-as-required\" autocomplete=\"name\" aria-required=\"true\" aria-invalid=\"false\" value=\"\" type=\"text\" name=\"your-name\" \/><\/span> <\/label>\n<\/p>\n<p><label> Your email<br \/>\n<span class=\"wpcf7-form-control-wrap\" data-name=\"your-email\"><input size=\"40\" maxlength=\"400\" class=\"wpcf7-form-control wpcf7-email wpcf7-validates-as-required wpcf7-text wpcf7-validates-as-email\" autocomplete=\"email\" aria-required=\"true\" aria-invalid=\"false\" value=\"\" type=\"email\" name=\"your-email\" \/><\/span> <\/label>\n<\/p>\n<p><label> Phone number<br \/>\n<span class=\"wpcf7-form-control-wrap\" data-name=\"Phonenumber\"><input size=\"40\" maxlength=\"400\" class=\"wpcf7-form-control wpcf7-tel wpcf7-validates-as-required wpcf7-text wpcf7-validates-as-tel Phone Number\" id=\"phonenumber\" aria-required=\"true\" aria-invalid=\"false\" value=\"\" type=\"tel\" name=\"Phonenumber\" \/><\/span> <\/label>\n<\/p>\n<p><label> Query type<br \/>\n<span class=\"wpcf7-form-control-wrap\" data-name=\"Querytype\"><select class=\"wpcf7-form-control wpcf7-select wpcf7-validates-as-required\" id=\"Questiontype\" aria-required=\"true\" aria-invalid=\"false\" name=\"Querytype\"><option value=\"Service\">Service<\/option><option value=\"Engineering\">Engineering<\/option><option value=\"Sales\">Sales<\/option><\/select><\/span> <\/label>\n<\/p>\n<p><label> Subject <span class=\"wpcf7-form-control-wrap\" data-name=\"your-subject\"><input size=\"40\" maxlength=\"400\" class=\"wpcf7-form-control wpcf7-text wpcf7-validates-as-required\" aria-required=\"true\" aria-invalid=\"false\" value=\"\" type=\"text\" name=\"your-subject\" \/><\/span> <\/label>\n<\/p>\n<p><label> Your message (optional)<br \/>\n<span class=\"wpcf7-form-control-wrap\" data-name=\"your-message\"><textarea cols=\"40\" rows=\"10\" maxlength=\"2000\" class=\"wpcf7-form-control wpcf7-textarea\" aria-invalid=\"false\" name=\"your-message\"><\/textarea><\/span> <\/label>\n<\/p>\n<p><input class=\"wpcf7-form-control wpcf7-submit has-spinner\" type=\"submit\" value=\"Submit\" \/>\n<\/p><div class=\"wpcf7-response-output\" aria-hidden=\"true\"><\/div>\n<\/form>\n<\/div>\n\r\n\t\t\t\t<script>\r\n\t\t\t\tif ( typeof huOptions !== 'undefined' ) {\r\n\t\t\t\t\tvar huFormData = {\"source\":\"contactform7\",\"id\":149104,\"title\":\"Contact us - Australia\",\"fields\":{\"subject\":{\"first_name\":\"your-name\",\"email\":\"your-email\"},\"preferences\":{\"terms\":\"your-consent\"}}};\r\n\t\t\t\t\tvar huFormNode = document.querySelector( '[id^=\"wpcf7-f149104-\"] form' );\r\n\r\n\t\t\t\t\thuFormData['node'] = huFormNode;\r\n\t\t\t\t\thuOptions['forms'].push( huFormData );\r\n\t\t\t\t}\r\n\t\t\t\t<\/script>\n<\/div>\n<\/div>\n\n\n\n<p><\/p>\n\n\n\n<p><\/p>\n\n\n\n<p><\/p>\n","protected":false},"excerpt":{"rendered":"<p>GRA\u0110EVINA Gra\u0111evinska industrija je ogromna i uklju\u010duje mnoge aplikacije kojima mo\u017eemo upravljati u\u010dinkovito i sa sigurne udaljenosti. Lopate, drobilice kamenja, pumpe za vodu, agregati i tvornice betona mali su popis onoga \u010dime mo\u017eemo upravljati be\u017ei\u010dno. Tele Radio nudi sve vrste rje\u0161enja za gra\u0111evinsku industriju gdje je siguran rad od velike va\u017enosti. Certificiramo na\u0161e sustave prema [&hellip;]<\/p>\n","protected":false},"author":29,"featured_media":0,"parent":0,"menu_order":0,"comment_status":"closed","ping_status":"closed","template":"","meta":{"_acf_changed":false,"footnotes":""},"class_list":["post-216481","page","type-page","status-publish","hentry"],"acf":[],"_links":{"self":[{"href":"https:\/\/www.tele-radio.com\/hr\/wp-json\/wp\/v2\/pages\/216481","targetHints":{"allow":["GET"]}}],"collection":[{"href":"https:\/\/www.tele-radio.com\/hr\/wp-json\/wp\/v2\/pages"}],"about":[{"href":"https:\/\/www.tele-radio.com\/hr\/wp-json\/wp\/v2\/types\/page"}],"author":[{"embeddable":true,"href":"https:\/\/www.tele-radio.com\/hr\/wp-json\/wp\/v2\/users\/29"}],"replies":[{"embeddable":true,"href":"https:\/\/www.tele-radio.com\/hr\/wp-json\/wp\/v2\/comments?post=216481"}],"version-history":[{"count":2,"href":"https:\/\/www.tele-radio.com\/hr\/wp-json\/wp\/v2\/pages\/216481\/revisions"}],"predecessor-version":[{"id":266956,"href":"https:\/\/www.tele-radio.com\/hr\/wp-json\/wp\/v2\/pages\/216481\/revisions\/266956"}],"wp:attachment":[{"href":"https:\/\/www.tele-radio.com\/hr\/wp-json\/wp\/v2\/media?parent=216481"}],"curies":[{"name":"wp","href":"https:\/\/api.w.org\/{rel}","templated":true}]}}