{"id":212550,"date":"2022-11-23T08:20:05","date_gmt":"2022-11-23T08:20:05","guid":{"rendered":"https:\/\/www.tele-radio.com\/marine-offshore\/"},"modified":"2025-09-02T12:35:47","modified_gmt":"2025-09-02T12:35:47","slug":"marine-offshore","status":"publish","type":"page","link":"https:\/\/www.tele-radio.com\/hr\/marine-offshore\/","title":{"rendered":"MARINE I POMORSTVO"},"content":{"rendered":"\n<div style=\"height:31px\" aria-hidden=\"true\" class=\"wp-block-spacer\"><\/div>\n\n\n\n<h1 class=\"wp-block-heading has-text-align-center\">MARINE I POMORSTVO<\/h1>\n\n\n\n<div style=\"height:26px\" aria-hidden=\"true\" class=\"wp-block-spacer\"><\/div>\n\n\n\n<div class=\"wp-block-columns is-layout-flex wp-container-core-columns-is-layout-9d6595d7 wp-block-columns-is-layout-flex\">\n<div class=\"wp-block-column is-layout-flow wp-block-column-is-layout-flow\">\n<h1 class=\"wp-block-heading\">Poma\u017eemo pomorskom sektoru<\/h1>\n\n\n\n<p>Tele Radio nudi rje\u0161enja za sva podru\u010dja pomorskog sektora. Bilo da posjedujete mali privatni brod ili veliki brod, imamo ne\u0161to za vas. Kada je rije\u010d o \u010damcu ili brodu, na rijekama i deltama ili na moru, postoji mnogo razli\u010ditih primjena i vrlo ih je te\u0161ko sve pokriti, ali nekoliko primjera za \u0161to nudimo rje\u0161enja su: portalne dizalice, mosti\u0107i , svjetla, sidra, vitla, trim podupira\u010di i jo\u0161 mnogo toga. Kao i u mnogim drugim podru\u010djima, rje\u0161enje za daljinsko upravljanje \u0107e vas postaviti na pravo mjesto gdje trebate biti, a ne vezati se za mjesto na kojem se nalazi upravlja\u010dka plo\u010da. Ponekad ostajanje u kabini strojara mo\u017ee zna\u010diti da nemate najbolji pogled na radnju \u0161to mo\u017ee uzrokovati nesre\u0107e ili smanjiti produktivnost.<\/p>\n<\/div>\n\n\n\n<div class=\"wp-block-column is-layout-flow wp-block-column-is-layout-flow\" style=\"flex-basis:100px\"><\/div>\n\n\n\n<div class=\"wp-block-column is-layout-flow wp-block-column-is-layout-flow\">\n<div style=\"height:31px\" aria-hidden=\"true\" class=\"wp-block-spacer\"><\/div>\n\n\n\n<div class=\"wp-block-cover\" style=\"min-height:368px;aspect-ratio:unset;\"><img loading=\"lazy\" decoding=\"async\" width=\"2048\" height=\"1365\" class=\"wp-block-cover__image-background wp-image-116065\" alt=\"\" src=\"https:\/\/www.tele-radio.com\/app\/uploads\/FL_LC_PU_0002.jpg\" style=\"object-position:45% 59%\" data-object-fit=\"cover\" data-object-position=\"45% 59%\" srcset=\"https:\/\/www.tele-radio.com\/app\/uploads\/FL_LC_PU_0002.jpg 2048w, https:\/\/www.tele-radio.com\/app\/uploads\/FL_LC_PU_0002-400x267.jpg 400w, https:\/\/www.tele-radio.com\/app\/uploads\/FL_LC_PU_0002-1200x800.jpg 1200w, https:\/\/www.tele-radio.com\/app\/uploads\/FL_LC_PU_0002-768x512.jpg 768w, https:\/\/www.tele-radio.com\/app\/uploads\/FL_LC_PU_0002-1536x1024.jpg 1536w, https:\/\/www.tele-radio.com\/app\/uploads\/FL_LC_PU_0002-750x500.jpg 750w, https:\/\/www.tele-radio.com\/app\/uploads\/FL_LC_PU_0002-500x333.jpg 500w, https:\/\/www.tele-radio.com\/app\/uploads\/FL_LC_PU_0002-1600x1066.jpg 1600w, https:\/\/www.tele-radio.com\/app\/uploads\/FL_LC_PU_0002-800x533.jpg 800w\" sizes=\"auto, (max-width: 2048px) 100vw, 2048px\" \/><span aria-hidden=\"true\" class=\"wp-block-cover__background has-black-background-color has-background-dim-20 has-background-dim\"><\/span><div class=\"wp-block-cover__inner-container is-layout-flow wp-block-cover-is-layout-flow\">\n<p class=\"has-text-align-center has-large-font-size\"><\/p>\n<\/div><\/div>\n<\/div>\n<\/div>\n\n\n\n<div style=\"height:54px\" aria-hidden=\"true\" class=\"wp-block-spacer\"><\/div>\n\n\n\n\n\n<div style=\"height:100px\" aria-hidden=\"true\" class=\"wp-block-spacer\"><\/div>\n\n\n\n<h2 class=\"wp-block-heading has-text-align-center\">APLIKACIJE<\/h2>\n\n\n\n<p class=\"has-text-align-center\"><em>Kako bismo dali ideju o mogu\u0107nostima, u nastavku imamo neke primjere aplikacija i njihovih tipi\u010dnih proizvoda:<\/em><\/p>\n\n\n\n<div class=\"wp-block-columns is-layout-flex wp-container-core-columns-is-layout-9d6595d7 wp-block-columns-is-layout-flex\">\n<div class=\"wp-block-column is-layout-flow wp-block-column-is-layout-flow\">\n<div class=\"wp-block-cover is-light\"><span aria-hidden=\"true\" class=\"wp-block-cover__background has-white-background-color has-background-dim-100 has-background-dim\"><\/span><div class=\"wp-block-cover__inner-container is-layout-flow wp-block-cover-is-layout-flow\"><div class=\"wp-block-image is-style-default\">\n<figure class=\"aligncenter size-full\"><img loading=\"lazy\" decoding=\"async\" width=\"64\" height=\"64\" src=\"https:\/\/www.tele-radio.com\/app\/uploads\/ladder.png\" alt=\"\" class=\"wp-image-119185\"\/><\/figure><\/div>\n\n\n<p class=\"has-text-align-center has-black-color has-text-color\"><strong>PASARELA<\/strong><\/p>\n\n\n\n<p class=\"has-text-align-center has-black-color has-text-color\">Elektri\u010dno kontrolirani mostovi za \u010damce i plovila uobi\u010dajena su primjena koja ima veliku korist od daljinskog upravljanja. Prakti\u010dno podignite ili spustite prolaz s dokova, ba\u0161 kad vam zatreba.<\/p>\n<\/div><\/div>\n<\/div>\n\n\n\n<div class=\"wp-block-column is-vertically-aligned-top is-layout-flow wp-block-column-is-layout-flow\">\n<div class=\"wp-block-cover is-light\"><span aria-hidden=\"true\" class=\"wp-block-cover__background has-white-background-color has-background-dim-100 has-background-dim\"><\/span><div class=\"wp-block-cover__inner-container is-layout-flow wp-block-cover-is-layout-flow\"><div class=\"wp-block-image is-style-default\">\n<figure class=\"aligncenter size-full\"><img loading=\"lazy\" decoding=\"async\" width=\"64\" height=\"64\" src=\"https:\/\/www.tele-radio.com\/app\/uploads\/lamp.png\" alt=\"\" class=\"wp-image-119209\"\/><\/figure><\/div>\n\n\n<p class=\"has-text-align-center has-black-color has-text-color\"><strong>SVIJETLA<\/strong><\/p>\n\n\n\n<p class=\"has-text-align-center has-black-color has-text-color\">\u0160to se ti\u010de broda, mogu\u0107nost paljenja i ga\u0161enja svjetla dok manevrirate kroz brod lako se posti\u017ee daljinskim upravljanjem. Ako imate ve\u0107i brod, osoblje mo\u017ee imati vlastite daljinske upravlja\u010de \u0161to im olak\u0161ava pra\u0107enje potreba gostiju.<\/p>\n<\/div><\/div>\n<\/div>\n\n\n\n<div class=\"wp-block-column is-vertically-aligned-top is-layout-flow wp-block-column-is-layout-flow\">\n<div style=\"height:22px\" aria-hidden=\"true\" class=\"wp-block-spacer\"><\/div>\n\n\n<div class=\"wp-block-image is-style-default\">\n<figure class=\"aligncenter size-full\"><img loading=\"lazy\" decoding=\"async\" width=\"64\" height=\"64\" src=\"https:\/\/www.tele-radio.com\/app\/uploads\/cruise.png\" alt=\"\" class=\"wp-image-119233\"\/><\/figure><\/div>\n\n\n<p class=\"has-text-align-center\"><strong>TEGLJA\u010c PLOVILA<\/strong><\/p>\n\n\n\n<p class=\"has-text-align-center\">Teglja\u010d za opasne materijale i remorker za \u010di\u0161\u0107enje s hidrauli\u010dnim komponentama trebaju posebne sustave daljinskog upravljanja koji mogu upravljati kontrolama ventila. Podru\u010dje koje dobro poslu\u017euje Tele Radio. Popis kontrolnih to\u010daka mogao bi biti oprema za iskopavanje, stabiliziraju\u0107i pontoni, reza\u010di svrdla ili druge vrste dizalica.<\/p>\n<\/div>\n<\/div>\n\n\n\n<div style=\"height:50px\" aria-hidden=\"true\" class=\"wp-block-spacer\"><\/div>\n\n\n\n<div style=\"height:50px\" aria-hidden=\"true\" class=\"wp-block-spacer\"><\/div>\n\n\n\n<div style=\"height:50px\" aria-hidden=\"true\" class=\"wp-block-spacer\"><\/div>\n\n\n\n<h3 class=\"wp-block-heading has-text-align-center\">Va\u0161 odabir za sigurnost i funkcionalnost<\/h3>\n\n\n\n<p>Za odabir oda\u0161ilja\u010da koji najbolje odgovara va\u0161im potrebama, najbolje\u00a0se konzultirati s va\u0161im Tele Radio timom. Nudimo razli\u010dite oda\u0161ilja\u010de sa specifi\u010dnim karakteristikama. Iznosimo tri razloga za\u0161to ba\u0161 nas odabrati.\u00a0<\/p>\n\n\n\n<div class=\"wp-block-media-text alignwide is-stacked-on-mobile is-vertically-aligned-center\" style=\"grid-template-columns:15% auto\"><figure class=\"wp-block-media-text__media\"><img loading=\"lazy\" decoding=\"async\" width=\"404\" height=\"404\" src=\"https:\/\/www.tele-radio.com\/app\/uploads\/Safety_level_2.png\" alt=\"\" class=\"wp-image-68198 size-full\" srcset=\"https:\/\/www.tele-radio.com\/app\/uploads\/Safety_level_2.png 404w, https:\/\/www.tele-radio.com\/app\/uploads\/Safety_level_2-400x400.png 400w, https:\/\/www.tele-radio.com\/app\/uploads\/Safety_level_2-150x150.png 150w, https:\/\/www.tele-radio.com\/app\/uploads\/Safety_level_2-250x250.png 250w\" sizes=\"auto, (max-width: 404px) 100vw, 404px\" \/><\/figure><div class=\"wp-block-media-text__content\">\n<p><strong>Razina sigurnosti<\/strong><\/p>\n\n\n\n<p>Na\u0161i oda\u0161ilja\u010di su sigurni i mnogi modeli imaju\u00a0svojstveni i neovisni sigurnosni certifikat. To zna\u010di da je rad gumba za zaustavljanje testiran i provjeren od strane vanjskog i neovisnog tijela. Preporu\u010dujemo odabir sustava s neovisnim sigurnosnim certifikatom\u00a0s ciljem smanjenja rizik od ozljeda pri kori\u0161tenju strojeva.\u00a0Ako posao nema sigurnosnog rizika mo\u017eete odabrati i oda\u0161ilja\u010d bez posebnog certifikata.<\/p>\n<\/div><\/div>\n\n\n\n<div class=\"wp-block-media-text alignwide is-stacked-on-mobile is-vertically-aligned-center\" style=\"grid-template-columns:15% auto\"><figure class=\"wp-block-media-text__media\"><img loading=\"lazy\" decoding=\"async\" width=\"404\" height=\"404\" src=\"https:\/\/www.tele-radio.com\/app\/uploads\/Control_element_2.png\" alt=\"\" class=\"wp-image-68176 size-full\" srcset=\"https:\/\/www.tele-radio.com\/app\/uploads\/Control_element_2.png 404w, https:\/\/www.tele-radio.com\/app\/uploads\/Control_element_2-400x400.png 400w, https:\/\/www.tele-radio.com\/app\/uploads\/Control_element_2-150x150.png 150w, https:\/\/www.tele-radio.com\/app\/uploads\/Control_element_2-250x250.png 250w\" sizes=\"auto, (max-width: 404px) 100vw, 404px\" \/><\/figure><div class=\"wp-block-media-text__content\">\n<p><strong>Tipke ili upravlja\u010di<\/strong><\/p>\n\n\n\n<p><br>Kori\u0161tenje tipki na oda\u0161ilja\u010du je lak\u0161e za upravljanje ali i manje preciznije. Zato na\u0161 oda\u0161ilja\u010d s proporcionalnim tipkama ima jednaku to\u010dnost kao oda\u0161ilja\u010da s kontrolnom palicom. Pritiskom na tipku dodatno se pove\u0107ava stupanj aktivacije. Oda\u0161ilja\u010d s\u00a0kontrolnom palicom\u00a0je ve\u0107i, ali ima vi\u0161e mogu\u0107nosti prilagodbe, kao \u0161to su posebne tipke i prekida\u010di.<\/p>\n<\/div><\/div>\n\n\n\n<div class=\"wp-block-media-text alignwide is-stacked-on-mobile\" style=\"grid-template-columns:15% auto\"><figure class=\"wp-block-media-text__media\"><img loading=\"lazy\" decoding=\"async\" width=\"404\" height=\"404\" src=\"https:\/\/www.tele-radio.com\/app\/uploads\/Feedback_2.png\" alt=\"\" class=\"wp-image-68223 size-full\" srcset=\"https:\/\/www.tele-radio.com\/app\/uploads\/Feedback_2.png 404w, https:\/\/www.tele-radio.com\/app\/uploads\/Feedback_2-400x400.png 400w, https:\/\/www.tele-radio.com\/app\/uploads\/Feedback_2-150x150.png 150w, https:\/\/www.tele-radio.com\/app\/uploads\/Feedback_2-250x250.png 250w\" sizes=\"auto, (max-width: 404px) 100vw, 404px\" \/><\/figure><div class=\"wp-block-media-text__content\">\n<p><strong>Povratne informacije<\/strong><\/p>\n\n\n\n<p>Neki oda\u0161ilja\u010di mogu primati informacije s kontroliranog prijemnika. Ovisno o sustavu, informacije mogu biti vidljive putem LED dioda na oda\u0161ilja\u010du ili putem zaslona. Na primjer, prilikom upravljanja dizalicom, zaslon mo\u017eete koristiti za prikaz informacija kao \u0161to su te\u017eina koju treba podi\u0107i ili alarmi. Ova zna\u010dajka je manje va\u017ena za\u00a0jednostavnije primjene, kao \u0161to su vitla za kamione.<br>\u200b<\/p>\n\n\n\n<p><\/p>\n<\/div><\/div>\n\n\n<div class=\"wp-block-image is-style-default\">\n<figure class=\"aligncenter size-large is-resized\"><img decoding=\"async\" src=\"https:\/\/www.tele-radio.com\/app\/uploads\/\/Assortiment_2019_zonder_spiegeling_en_schaduw-1200x614.jpg\" alt=\"\" style=\"width:771px;height:394px\"\/><\/figure><\/div>\n\n\n<hr class=\"wp-block-separator has-text-color has-luminous-vivid-amber-color has-alpha-channel-opacity has-luminous-vivid-amber-background-color has-background is-style-default\"\/>\n","protected":false},"excerpt":{"rendered":"<p>MARINE I POMORSTVO Poma\u017eemo pomorskom sektoru Tele Radio nudi rje\u0161enja za sva podru\u010dja pomorskog sektora. Bilo da posjedujete mali privatni brod ili veliki brod, imamo ne\u0161to za vas. Kada je rije\u010d o \u010damcu ili brodu, na rijekama i deltama ili na moru, postoji mnogo razli\u010ditih primjena i vrlo ih je te\u0161ko sve pokriti, ali nekoliko [&hellip;]<\/p>\n","protected":false},"author":29,"featured_media":0,"parent":0,"menu_order":0,"comment_status":"closed","ping_status":"closed","template":"","meta":{"_acf_changed":false,"footnotes":""},"class_list":["post-212550","page","type-page","status-publish","hentry"],"acf":[],"_links":{"self":[{"href":"https:\/\/www.tele-radio.com\/hr\/wp-json\/wp\/v2\/pages\/212550","targetHints":{"allow":["GET"]}}],"collection":[{"href":"https:\/\/www.tele-radio.com\/hr\/wp-json\/wp\/v2\/pages"}],"about":[{"href":"https:\/\/www.tele-radio.com\/hr\/wp-json\/wp\/v2\/types\/page"}],"author":[{"embeddable":true,"href":"https:\/\/www.tele-radio.com\/hr\/wp-json\/wp\/v2\/users\/29"}],"replies":[{"embeddable":true,"href":"https:\/\/www.tele-radio.com\/hr\/wp-json\/wp\/v2\/comments?post=212550"}],"version-history":[{"count":2,"href":"https:\/\/www.tele-radio.com\/hr\/wp-json\/wp\/v2\/pages\/212550\/revisions"}],"predecessor-version":[{"id":266959,"href":"https:\/\/www.tele-radio.com\/hr\/wp-json\/wp\/v2\/pages\/212550\/revisions\/266959"}],"wp:attachment":[{"href":"https:\/\/www.tele-radio.com\/hr\/wp-json\/wp\/v2\/media?parent=212550"}],"curies":[{"name":"wp","href":"https:\/\/api.w.org\/{rel}","templated":true}]}}