{"id":212184,"date":"2024-03-12T10:27:13","date_gmt":"2024-03-12T10:27:13","guid":{"rendered":"https:\/\/www.tele-radio.com\/agrikultura\/"},"modified":"2025-09-02T12:40:24","modified_gmt":"2025-09-02T12:40:24","slug":"poljoprivreda","status":"publish","type":"page","link":"https:\/\/www.tele-radio.com\/hr\/poljoprivreda\/","title":{"rendered":"AGRIKULTURA"},"content":{"rendered":"\n<div style=\"height:31px\" aria-hidden=\"true\" class=\"wp-block-spacer\"><\/div>\n\n\n\n<h1 class=\"wp-block-heading has-text-align-center\">POLJOPRIVREDA<\/h1>\n\n\n\n<div style=\"height:26px\" aria-hidden=\"true\" class=\"wp-block-spacer\"><\/div>\n\n\n\n<div class=\"wp-block-columns is-layout-flex wp-container-core-columns-is-layout-9d6595d7 wp-block-columns-is-layout-flex\">\n<div class=\"wp-block-column is-layout-flow wp-block-column-is-layout-flow\">\n<h1 class=\"wp-block-heading\">Mala farma ili velika poljoprivredna poduze\u0107a?<\/h1>\n\n\n\n<p>Bilo da radite na malom obiteljskom gospodarstvu ili upravljate desecima tisu\u0107a hektara, imamo rje\u0161enja koja \u0107e vam pomo\u0107i da budete produktivniji u poljoprivredi. U\u010dinili smo sve, od integriranih raspr\u0161iva\u010da sjemena ili gnojiva do traktorskih priklju\u010daka kojima se upravlja iz kabine. Be\u017ei\u010dni daljinski upravlja\u010d nudi jednostavnu instalaciju, izdr\u017eljivost, iznimnu kontrolu i mnoge prednosti za dana\u0161nje poljoprivredne ili poljoprivredne potrebe, bez \u017ertvovanja sigurnosti.<\/p>\n\n\n\n<p>Uz sofisticiranost napredne funkcionalne kontrole koju vidimo u kabini, dolazi potreba za integracijom GPS automatizacije, laserske kontrole, bilje\u017eenja i prijenosa podataka i jo\u0161 mnogo toga s precizno\u0161\u0107u upravlja\u010dkih kontrola kako bi postali jo\u0161 u\u010dinkovitiji.<\/p>\n\n\n\n<p>Tu na scenu dolaze rje\u0161enja za daljinsko upravljanje Tele Radio. Mo\u017eda vam je potreban bolji pregled va\u0161eg priklju\u010dka tijekom rada ili se mo\u017eda samo \u017eelite skloniti s ki\u0161e, vjetra, sunca i vremenskih nepogoda; dopustite nam da vam pomognemo optimizirati va\u0161e strojeve i unijeti ergonomsku udobnost u va\u0161e duge te\u0161ke dane na terenu.<\/p>\n\n\n\n<p>Upravljajte bilo kojim dijelom poljoprivredne opreme ili priklju\u010dkom za traktor, bilo proporcionalnim ili digitalnim aktiviranjem; integrirati skale, kontrole stope isplate, automatizaciju, sustave upravljanja podacima; prilagodite svoju opremu kako biste maksimalno iskoristili svoje vrijeme i trud uz Tele Radio rje\u0161enja za daljinsko upravljanje poljoprivredom.<\/p>\n<\/div>\n\n\n\n<div class=\"wp-block-column is-layout-flow wp-block-column-is-layout-flow\" style=\"flex-basis:100px\"><\/div>\n\n\n\n<div class=\"wp-block-column is-layout-flow wp-block-column-is-layout-flow\">\n<div style=\"height:31px\" aria-hidden=\"true\" class=\"wp-block-spacer\"><\/div>\n\n\n\n<div class=\"wp-block-cover\" style=\"min-height:788px;aspect-ratio:unset;\"><img loading=\"lazy\" decoding=\"async\" width=\"1602\" height=\"2400\" class=\"wp-block-cover__image-background wp-image-98510\" alt=\"\" src=\"https:\/\/www.tele-radio.com\/app\/uploads\/FM_MI_PN_0086.jpg\" style=\"object-position:62% 56%\" data-object-fit=\"cover\" data-object-position=\"62% 56%\" srcset=\"https:\/\/www.tele-radio.com\/app\/uploads\/FM_MI_PN_0086.jpg 1602w, https:\/\/www.tele-radio.com\/app\/uploads\/FM_MI_PN_0086-267x400.jpg 267w, https:\/\/www.tele-radio.com\/app\/uploads\/FM_MI_PN_0086-801x1200.jpg 801w, https:\/\/www.tele-radio.com\/app\/uploads\/FM_MI_PN_0086-768x1151.jpg 768w, https:\/\/www.tele-radio.com\/app\/uploads\/FM_MI_PN_0086-1025x1536.jpg 1025w, https:\/\/www.tele-radio.com\/app\/uploads\/FM_MI_PN_0086-1367x2048.jpg 1367w, https:\/\/www.tele-radio.com\/app\/uploads\/FM_MI_PN_0086-501x750.jpg 501w, https:\/\/www.tele-radio.com\/app\/uploads\/FM_MI_PN_0086-334x500.jpg 334w, https:\/\/www.tele-radio.com\/app\/uploads\/FM_MI_PN_0086-1068x1600.jpg 1068w, https:\/\/www.tele-radio.com\/app\/uploads\/FM_MI_PN_0086-534x800.jpg 534w\" sizes=\"auto, (max-width: 1602px) 100vw, 1602px\" \/><span aria-hidden=\"true\" class=\"wp-block-cover__background has-black-background-color has-background-dim-20 has-background-dim\"><\/span><div class=\"wp-block-cover__inner-container is-layout-flow wp-block-cover-is-layout-flow\">\n<p class=\"has-text-align-center has-large-font-size\"><\/p>\n<\/div><\/div>\n<\/div>\n<\/div>\n\n\n\n<div style=\"height:100px\" aria-hidden=\"true\" class=\"wp-block-spacer\"><\/div>\n\n\n\n\n\n<div style=\"height:100px\" aria-hidden=\"true\" class=\"wp-block-spacer\"><\/div>\n\n\n\n<h2 class=\"wp-block-heading has-text-align-center\">APLIKACIJE<\/h2>\n\n\n\n<p class=\"has-text-align-center\"><em>Kako bismo dali ideju o mogu\u0107nostima, u nastavku imamo neke primjere aplikacija i njihovih tipi\u010dnih proizvoda:<\/em><\/p>\n\n\n\n<div class=\"wp-block-columns is-layout-flex wp-container-core-columns-is-layout-9d6595d7 wp-block-columns-is-layout-flex\">\n<div class=\"wp-block-column is-layout-flow wp-block-column-is-layout-flow\">\n<div class=\"wp-block-cover is-light\"><span aria-hidden=\"true\" class=\"wp-block-cover__background has-white-background-color has-background-dim-100 has-background-dim\"><\/span><div class=\"wp-block-cover__inner-container is-layout-flow wp-block-cover-is-layout-flow\"><div class=\"wp-block-image is-style-default\">\n<figure class=\"aligncenter size-full is-resized\"><img loading=\"lazy\" decoding=\"async\" width=\"128\" height=\"128\" src=\"https:\/\/www.tele-radio.com\/app\/uploads\/harvester-1.png\" alt=\"\" class=\"wp-image-117791\" style=\"width:64px\"\/><\/figure><\/div>\n\n\n<p class=\"has-text-align-center has-black-color has-text-color\"><strong>STROJEVI ZA \u017dETVU<\/strong><\/p>\n\n\n\n<p class=\"has-text-align-center has-black-color has-text-color\">\u0160irok raspon kombajna &#8211; \u010de\u0161njak, mrkva, cikla itd. mogu se kontrolirati s lako\u0107om i u\u010dinkovito\u0161\u0107u. Povucite iza priklju\u010daka ili strojeva specifi\u010dnih za primjenu, s Tele Radio be\u017ei\u010dnim daljinskim upravlja\u010dem instaliranim na ovoj opremi, mo\u017eete kontrolirati brzinu, uklju\u010diti i isklju\u010diti funkcije, prilagoditi postavke \u017eetve i vi\u0161e.<\/p>\n<\/div><\/div>\n<\/div>\n\n\n\n<div class=\"wp-block-column is-vertically-aligned-top is-layout-flow wp-block-column-is-layout-flow\">\n<div class=\"wp-block-cover is-light\"><span aria-hidden=\"true\" class=\"wp-block-cover__background has-white-background-color has-background-dim-100 has-background-dim\"><\/span><div class=\"wp-block-cover__inner-container is-layout-flow wp-block-cover-is-layout-flow\"><div class=\"wp-block-image is-style-default\">\n<figure class=\"aligncenter size-full is-resized\"><img decoding=\"async\" src=\"https:\/\/www.tele-radio.com\/app\/uploads\/CONVEYOR.png\" alt=\"\" class=\"wp-image-117887\" style=\"width:71px;height:71px\"\/><\/figure><\/div>\n\n\n<p class=\"has-text-align-center has-black-color has-text-color\"><strong>UTOVARIVA\u010c ZA BALE<\/strong><\/p>\n\n\n\n<p class=\"has-text-align-center has-black-color has-text-color\">Robustan, izdr\u017eljiv i spreman na sve; Tele Radio predajnici rade jednako naporno kao i vi. Od zore do sumraka, stoka treba va\u0161u pa\u017enju, odaberite partnera koji \u0107e biti pouzdan i siguran za kori\u0161tenje cijeli dan. S nizom zna\u010dajki, ovo be\u017ei\u010dno upravlja\u010dko rje\u0161enje omogu\u0107uje vam podizanje, premje\u0161tanje, osloba\u0111anje i odmotavanje bala do duboko u no\u0107 ako je potrebno. S opcijama kao \u0161to je na\u0161a kontrola dodava\u010da kola\u010da, mo\u017eete stvoriti rje\u0161enje koje dobro radi i omogu\u0107uje vam pra\u0107enje onoga \u0161to ste ve\u0107 napravili.<\/p>\n<\/div><\/div>\n<\/div>\n\n\n\n<div class=\"wp-block-column is-vertically-aligned-top is-layout-flow wp-block-column-is-layout-flow\">\n<div style=\"height:25px\" aria-hidden=\"true\" class=\"wp-block-spacer\"><\/div>\n\n\n<div class=\"wp-block-image is-style-default\">\n<figure class=\"aligncenter size-full is-resized\"><img loading=\"lazy\" decoding=\"async\" width=\"128\" height=\"128\" src=\"https:\/\/www.tele-radio.com\/app\/uploads\/sprout.png\" alt=\"\" class=\"wp-image-117837\" style=\"width:64px;height:64px\"\/><\/figure><\/div>\n\n\n<p class=\"has-text-align-center\"><strong>SIJA\u010cICA ZA SJEME<\/strong><\/p>\n\n\n\n<p class=\"has-text-align-center\">Bilo s vagom, automatizacijom ili jednostavnom kontrolom operatera, i Tiger i Panther predajnici nude robusnu, intuitivnu kontrolu nad sija\u010dem. Bilo koja poljoprivredna ili gra\u0111evinska aplikacija za prijenos rasutog materijala mo\u017ee se lako kontrolirati s na\u0161im sustavima koji omogu\u0107uju siguran rad tisu\u0107ama sati; vani na terenu ili unutar postrojenja. Kontaktirajte nas danas da saznate kako vam mo\u017eemo pomo\u0107i da imate koristi od uklju\u010divanja be\u017ei\u010dnog daljinskog upravljanja na va\u0161e strojeve.<\/p>\n<\/div>\n<\/div>\n\n\n\n<div style=\"height:50px\" aria-hidden=\"true\" class=\"wp-block-spacer\"><\/div>\n\n\n\n<div style=\"height:50px\" aria-hidden=\"true\" class=\"wp-block-spacer\"><\/div>\n\n\n\n<div style=\"height:50px\" aria-hidden=\"true\" class=\"wp-block-spacer\"><\/div>\n\n\n\n<h3 class=\"wp-block-heading has-text-align-center\">Va\u0161 odabir za sigurnost i funkcionalnost<\/h3>\n\n\n\n<p>Za odabir oda\u0161ilja\u010da koji najbolje odgovara va\u0161im potrebama, najbolje\u00a0se konzultirati s va\u0161im Tele Radio timom. Nudimo razli\u010dite oda\u0161ilja\u010de sa specifi\u010dnim karakteristikama. Iznosimo tri razloga za\u0161to ba\u0161 nas odabrati.\u00a0<\/p>\n\n\n\n<div class=\"wp-block-media-text alignwide is-stacked-on-mobile is-vertically-aligned-center\" style=\"grid-template-columns:15% auto\"><figure class=\"wp-block-media-text__media\"><img loading=\"lazy\" decoding=\"async\" width=\"404\" height=\"404\" src=\"https:\/\/www.tele-radio.com\/app\/uploads\/Safety_level_2.png\" alt=\"\" class=\"wp-image-68198 size-full\" srcset=\"https:\/\/www.tele-radio.com\/app\/uploads\/Safety_level_2.png 404w, https:\/\/www.tele-radio.com\/app\/uploads\/Safety_level_2-400x400.png 400w, https:\/\/www.tele-radio.com\/app\/uploads\/Safety_level_2-150x150.png 150w, https:\/\/www.tele-radio.com\/app\/uploads\/Safety_level_2-250x250.png 250w\" sizes=\"auto, (max-width: 404px) 100vw, 404px\" \/><\/figure><div class=\"wp-block-media-text__content\">\n<p><strong>Razina sigurnosti<\/strong><\/p>\n\n\n\n<p>Na\u0161i oda\u0161ilja\u010di su sigurni i mnogi modeli imaju\u00a0svojstveni i neovisni sigurnosni certifikat. To zna\u010di da je rad gumba za zaustavljanje testiran i provjeren od strane vanjskog i neovisnog tijela. Preporu\u010dujemo odabir sustava s neovisnim sigurnosnim certifikatom\u00a0s ciljem smanjenja rizik od ozljeda pri kori\u0161tenju strojeva.\u00a0Ako posao nema sigurnosnog rizika mo\u017eete odabrati i oda\u0161ilja\u010d bez posebnog certifikata.<\/p>\n<\/div><\/div>\n\n\n\n<div class=\"wp-block-media-text alignwide is-stacked-on-mobile is-vertically-aligned-center\" style=\"grid-template-columns:15% auto\"><figure class=\"wp-block-media-text__media\"><img loading=\"lazy\" decoding=\"async\" width=\"404\" height=\"404\" src=\"https:\/\/www.tele-radio.com\/app\/uploads\/Control_element_2.png\" alt=\"\" class=\"wp-image-68176 size-full\" srcset=\"https:\/\/www.tele-radio.com\/app\/uploads\/Control_element_2.png 404w, https:\/\/www.tele-radio.com\/app\/uploads\/Control_element_2-400x400.png 400w, https:\/\/www.tele-radio.com\/app\/uploads\/Control_element_2-150x150.png 150w, https:\/\/www.tele-radio.com\/app\/uploads\/Control_element_2-250x250.png 250w\" sizes=\"auto, (max-width: 404px) 100vw, 404px\" \/><\/figure><div class=\"wp-block-media-text__content\">\n<p><strong>Tipke ili upravlja\u010di<\/strong><\/p>\n\n\n\n<p><br>Kori\u0161tenje tipki na oda\u0161ilja\u010du je lak\u0161e za upravljanje ali i manje preciznije. Zato na\u0161 oda\u0161ilja\u010d s proporcionalnim tipkama ima jednaku to\u010dnost kao oda\u0161ilja\u010da s kontrolnom palicom. Pritiskom na tipku dodatno se pove\u0107ava stupanj aktivacije. Oda\u0161ilja\u010d s\u00a0kontrolnom palicom\u00a0je ve\u0107i, ali ima vi\u0161e mogu\u0107nosti prilagodbe, kao \u0161to su posebne tipke i prekida\u010di.<\/p>\n<\/div><\/div>\n\n\n\n<div class=\"wp-block-media-text alignwide is-stacked-on-mobile\" style=\"grid-template-columns:15% auto\"><figure class=\"wp-block-media-text__media\"><img loading=\"lazy\" decoding=\"async\" width=\"404\" height=\"404\" src=\"https:\/\/www.tele-radio.com\/app\/uploads\/Feedback_2.png\" alt=\"\" class=\"wp-image-68223 size-full\" srcset=\"https:\/\/www.tele-radio.com\/app\/uploads\/Feedback_2.png 404w, https:\/\/www.tele-radio.com\/app\/uploads\/Feedback_2-400x400.png 400w, https:\/\/www.tele-radio.com\/app\/uploads\/Feedback_2-150x150.png 150w, https:\/\/www.tele-radio.com\/app\/uploads\/Feedback_2-250x250.png 250w\" sizes=\"auto, (max-width: 404px) 100vw, 404px\" \/><\/figure><div class=\"wp-block-media-text__content\">\n<p><strong>Povratne informacije<\/strong><\/p>\n\n\n\n<p>Neki oda\u0161ilja\u010di mogu primati informacije s kontroliranog prijemnika. Ovisno o sustavu, informacije mogu biti vidljive putem LED dioda na oda\u0161ilja\u010du ili putem zaslona. Na primjer, prilikom upravljanja dizalicom, zaslon mo\u017eete koristiti za prikaz informacija kao \u0161to su te\u017eina koju treba podi\u0107i ili alarmi. Ova zna\u010dajka je manje va\u017ena za\u00a0jednostavnije primjene, kao \u0161to su vitla za kamione.<br>\u200b<\/p>\n\n\n\n<p><\/p>\n<\/div><\/div>\n\n\n<div class=\"wp-block-image is-style-default\">\n<figure class=\"aligncenter size-large is-resized\"><img decoding=\"async\" src=\"https:\/\/www.tele-radio.com\/app\/uploads\/\/Assortiment_2019_zonder_spiegeling_en_schaduw-1200x614.jpg\" alt=\"\" style=\"width:771px;height:394px\"\/><\/figure><\/div>\n\n\n<div class=\"wp-block-buttons is-horizontal is-content-justification-center is-layout-flex wp-container-core-buttons-is-layout-499968f5 wp-block-buttons-is-layout-flex\">\n<div class=\"wp-block-button\"><a class=\"wp-block-button__link has-black-color has-text-color has-background wp-element-button\" href=\"https:\/\/www.tele-radio.com\/hr\/kontakt\/\" style=\"border-radius:7px;background-color:#fabb00\"><strong>Pitaj stru\u010dnjaka<\/strong><\/a><\/div>\n<\/div>\n","protected":false},"excerpt":{"rendered":"<p>POLJOPRIVREDA Mala farma ili velika poljoprivredna poduze\u0107a? Bilo da radite na malom obiteljskom gospodarstvu ili upravljate desecima tisu\u0107a hektara, imamo rje\u0161enja koja \u0107e vam pomo\u0107i da budete produktivniji u poljoprivredi. U\u010dinili smo sve, od integriranih raspr\u0161iva\u010da sjemena ili gnojiva do traktorskih priklju\u010daka kojima se upravlja iz kabine. Be\u017ei\u010dni daljinski upravlja\u010d nudi jednostavnu instalaciju, izdr\u017eljivost, iznimnu [&hellip;]<\/p>\n","protected":false},"author":29,"featured_media":0,"parent":0,"menu_order":0,"comment_status":"closed","ping_status":"closed","template":"","meta":{"_acf_changed":false,"footnotes":""},"class_list":["post-212184","page","type-page","status-publish","hentry"],"acf":[],"_links":{"self":[{"href":"https:\/\/www.tele-radio.com\/hr\/wp-json\/wp\/v2\/pages\/212184","targetHints":{"allow":["GET"]}}],"collection":[{"href":"https:\/\/www.tele-radio.com\/hr\/wp-json\/wp\/v2\/pages"}],"about":[{"href":"https:\/\/www.tele-radio.com\/hr\/wp-json\/wp\/v2\/types\/page"}],"author":[{"embeddable":true,"href":"https:\/\/www.tele-radio.com\/hr\/wp-json\/wp\/v2\/users\/29"}],"replies":[{"embeddable":true,"href":"https:\/\/www.tele-radio.com\/hr\/wp-json\/wp\/v2\/comments?post=212184"}],"version-history":[{"count":5,"href":"https:\/\/www.tele-radio.com\/hr\/wp-json\/wp\/v2\/pages\/212184\/revisions"}],"predecessor-version":[{"id":266962,"href":"https:\/\/www.tele-radio.com\/hr\/wp-json\/wp\/v2\/pages\/212184\/revisions\/266962"}],"wp:attachment":[{"href":"https:\/\/www.tele-radio.com\/hr\/wp-json\/wp\/v2\/media?parent=212184"}],"curies":[{"name":"wp","href":"https:\/\/api.w.org\/{rel}","templated":true}]}}