{"id":211244,"date":"2024-01-30T15:40:05","date_gmt":"2024-01-30T15:40:05","guid":{"rendered":"https:\/\/www.tele-radio.com\/controla-varios-receptores-con-un-telemando-de-pupitre\/"},"modified":"2024-03-08T11:11:57","modified_gmt":"2024-03-08T11:11:57","slug":"upravljajte-s-vise-prijemnika-sa-samo-jednog-daljinskog-upravljaca","status":"publish","type":"page","link":"https:\/\/www.tele-radio.com\/hr\/upravljajte-s-vise-prijemnika-sa-samo-jednog-daljinskog-upravljaca\/","title":{"rendered":"Upravljajte s vi\u0161e prijemnika sa samo jednog daljinskog upravlja\u010da"},"content":{"rendered":"\n<div style=\"height:70px\" aria-hidden=\"true\" class=\"wp-block-spacer\"><\/div>\n\n\n\n<p>TEQ Tele Radio joystick daljinski upravlja\u010di omogu\u0107uju vam potpunu kontrolu nad va\u0161im voznim parkom (autonomni AGV \/ AMR, vilju\u0161kari, industrijski kamioni&#8230;). Mo\u017eete registrirati jedan predajnik u do 32 prijemnika kao standard i skalabilan za projekte na zahtjev. Tako\u0111er ima certificiranu funkciju zaustavljanja s razinom SIL3, CAT3, PLe. Ova tehnologija vam daje nevi\u0111enu slobodu kontrole i u\u010dinkovitosti, plus sigurnost na dohvat ruke s jednog ure\u0111aja.<\/p>\n\n\n\n<p>Predajnik se mo\u017ee prilagoditi razli\u010ditim kontrolama kao \u0161to su lopatice, joystickovi, potenciometri, itd&#8230; Uklju\u010duju\u0107i sigurnosne implementacije kao \u0161to su pristupne tipke, PIN kod, RFID, akcelerometar i inklinometar. Granica je u va\u0161oj ma\u0161ti, ako imate pitanja, mo\u017eete se obratiti na\u0161em tehni\u010dkom timu.<\/p>\n\n\n\n<div style=\"height:70px\" aria-hidden=\"true\" class=\"wp-block-spacer\"><\/div>\n\n\n\n<div class=\"wp-block-media-text is-stacked-on-mobile is-image-fill\" style=\"grid-template-columns:40% auto\"><figure class=\"wp-block-media-text__media\" style=\"background-image:url(https:\/\/www.tele-radio.com\/app\/uploads\/FH_LC_PU_0007-1200x798.jpg);background-position:72% 39%\"><img loading=\"lazy\" decoding=\"async\" width=\"1200\" height=\"798\" src=\"https:\/\/www.tele-radio.com\/app\/uploads\/FH_LC_PU_0007-1200x798.jpg\" alt=\"\" class=\"wp-image-207710 size-full\" srcset=\"https:\/\/www.tele-radio.com\/app\/uploads\/FH_LC_PU_0007-1200x798.jpg 1200w, https:\/\/www.tele-radio.com\/app\/uploads\/FH_LC_PU_0007-400x266.jpg 400w, https:\/\/www.tele-radio.com\/app\/uploads\/FH_LC_PU_0007-768x511.jpg 768w, https:\/\/www.tele-radio.com\/app\/uploads\/FH_LC_PU_0007-1536x1022.jpg 1536w, https:\/\/www.tele-radio.com\/app\/uploads\/FH_LC_PU_0007-2048x1363.jpg 2048w, https:\/\/www.tele-radio.com\/app\/uploads\/FH_LC_PU_0007-750x499.jpg 750w, https:\/\/www.tele-radio.com\/app\/uploads\/FH_LC_PU_0007-500x333.jpg 500w, https:\/\/www.tele-radio.com\/app\/uploads\/FH_LC_PU_0007-1600x1065.jpg 1600w, https:\/\/www.tele-radio.com\/app\/uploads\/FH_LC_PU_0007-800x532.jpg 800w\" sizes=\"auto, (max-width: 1200px) 100vw, 1200px\" \/><\/figure><div class=\"wp-block-media-text__content\">\n\n<h2 class=\"wp-block-heading\">Zna\u010dajke upravljanja nekoliko prijemnika pomo\u0107u joystick daljinskog upravlja\u010da<\/h2>\n\n\n<p><\/p>\n\n\n<ul class=\"wp-block-list\">\n\n<li><strong>Pametna kontrola<\/strong>: Standardno odaberite izme\u0111u do 32 prijemnika s lako\u0107om iz jednog TEQ predajnika. Modularan na zahtjev.<\/li>\n\n\n<li><strong>SIL3, CAT3, PLe sigurnost<\/strong>: Funkcija zaustavljanja ima SIL3, CAT3, PLe certifikat, jam\u010de\u0107i maksimalnu sigurnost u va\u0161im operacijama i hitnim situacijama.<\/li>\n\n\n<li><strong>Frekvencija od 2,4 GHz<\/strong>: bez smetnji, sa \u0161irokim rasponom i velikom tolerancijom na prepreke.<\/li>\n\n\n<li><strong>Optimizacija resursa<\/strong>: Idealno za svaku situaciju u kojoj vam je potrebna jedna naredba i nekoliko ure\u0111aja za upravljanje. Izbjegnite udvostru\u010denje tro\u0161kova s \u200b\u200bvi\u0161e predajnikom nego \u0161to vam je potrebno. <\/li>\n\n\n<li><strong>Repetitori<\/strong>: Osim raspona koji frekvencija ovih predajnika mo\u017ee podrazumijevati, mogu\u0107e je koristiti repetitore koji sigurno pro\u0161iruju upotrebu ovih joystick daljinskih upravlja\u010da.<\/li>\n\n\n<li><strong>Potpuna prilagodba<\/strong>: Osim svestranosti, na\u0161i predajnici mogu se prilagoditi pomo\u0107u gumba, lopatica, joysticka, broj\u010danika, potenciometara i povratne informacije na ekranu.<\/li>\n\n\n<li><strong>Vi\u0161e funkcija<\/strong>: TEQ sustavi imaju akcelerometar i inklinometar, tako da mogu detektirati pad komande i uzrokovati zaustavljanje kretanja, kao i mogu\u0107nost da se neke funkcije aktiviraju samo ako je u vodoravnom polo\u017eaju za ispravno kori\u0161tenje.<\/li>\n\n<\/ul>\n\n<\/div><\/div>\n\n\n\n<div style=\"height:70px\" aria-hidden=\"true\" class=\"wp-block-spacer\"><\/div>\n\n\n\n<div class=\"wp-block-media-text has-media-on-the-right is-stacked-on-mobile has-white-color has-black-background-color has-text-color has-background has-link-color wp-elements-62fc452c6bfbf4dfbc6290dd0ed1fe3d\" style=\"grid-template-columns:auto 25%\"><div class=\"wp-block-media-text__content\">\n\n<p><\/p>\n\n\n<h3 class=\"wp-block-heading\">Kako sustav upravljanja radi iz jednog predajnika<\/h3>\n\n\n<p>Standardno, predajnik se mo\u017ee registrirati i birati izme\u0111u 32 prijemnika. Mo\u017eete brzo odabrati koji prijemnik \u017eelite kontrolirati prije nego \u0161to zapo\u010dnete sesiju, i to bez potrebe za dodatnim hardverom, jer je na\u0161a EEPROM ve\u0107 integrirana i prilagodljiva.<\/p>\n\n\n<p>Predajnik se jednostavno mo\u017ee zamijeniti drugim (standardnim) pomo\u0107u jednostavne kombinacije iz izbornika na ekranu.<\/p>\n\n\n<p>U <strong>prilago\u0111enoj<\/strong> opciji mo\u017eemo dizajnirati ure\u0111aj prema va\u0161im potrebama sa selektorima kako biste mogli odabrati prijemnik izravno tijekom sesije, intuitivno putem panela oda\u0161ilja\u010da. Na taj na\u010din uvijek \u0107e biti vidljivo kojim prijemnikom upravljate, \u0161to \u0107e omogu\u0107iti br\u017ei pristup kontroli.<\/p>\n\n\n<p>U projektima gdje je potrebna ve\u0107a modularnost, <a href=\"https:\/\/www.tele-radio.com\/hr\/kontakt\/\">kontaktirajte nas.<\/a><\/p>\n\n<\/div><figure class=\"wp-block-media-text__media\"><img loading=\"lazy\" decoding=\"async\" width=\"1200\" height=\"1200\" src=\"https:\/\/www.tele-radio.com\/app\/uploads\/\/exster_puma-2048x1365-2-1200x1200.jpeg\" alt=\"\" class=\"wp-image-207963 size-full\" srcset=\"https:\/\/www.tele-radio.com\/app\/uploads\/exster_puma-2048x1365-2-1200x1200.jpeg 1200w, https:\/\/www.tele-radio.com\/app\/uploads\/exster_puma-2048x1365-2-400x400.jpeg 400w, https:\/\/www.tele-radio.com\/app\/uploads\/exster_puma-2048x1365-2-150x150.jpeg 150w, https:\/\/www.tele-radio.com\/app\/uploads\/exster_puma-2048x1365-2-768x768.jpeg 768w, https:\/\/www.tele-radio.com\/app\/uploads\/exster_puma-2048x1365-2-250x250.jpeg 250w, https:\/\/www.tele-radio.com\/app\/uploads\/exster_puma-2048x1365-2-750x750.jpeg 750w, https:\/\/www.tele-radio.com\/app\/uploads\/exster_puma-2048x1365-2-500x500.jpeg 500w, https:\/\/www.tele-radio.com\/app\/uploads\/exster_puma-2048x1365-2-800x800.jpeg 800w, https:\/\/www.tele-radio.com\/app\/uploads\/exster_puma-2048x1365-2.jpeg 1365w\" sizes=\"auto, (max-width: 1200px) 100vw, 1200px\" \/><\/figure><\/div>\n\n\n\n<div style=\"height:70px\" aria-hidden=\"true\" class=\"wp-block-spacer\"><\/div>\n\n\n\n<h3 class=\"wp-block-heading has-text-align-center\">Ejemplos de sectores donde controlar varios receptores desde un mismo mando<\/h3>\n\n\n\n<p><\/p>\n\n\n\n<div style=\"height:70px\" aria-hidden=\"true\" class=\"wp-block-spacer\"><\/div>\n\n\n\n<h2 class=\"wp-block-heading has-text-align-center has-luminous-vivid-amber-color has-black-background-color has-text-color has-background\" style=\"font-size:30px\">Joystick daljinski upravlja\u010di za kontrolu nekoliko prijemnika<\/h2>\n\n\n\n<div class=\"wp-block-columns is-layout-flex wp-container-core-columns-is-layout-9d6595d7 wp-block-columns-is-layout-flex\">\n<div class=\"wp-block-column is-layout-flow wp-block-column-is-layout-flow\">\n<div class=\"wp-block-cover\" style=\"min-height:800px;aspect-ratio:unset;\"><span aria-hidden=\"true\" class=\"wp-block-cover__background has-black-background-color has-background-dim-100 has-background-dim\"><\/span><div class=\"wp-block-cover__inner-container is-layout-flow wp-block-cover-is-layout-flow\">\n<div class=\"wp-block-buttons is-horizontal is-content-justification-center is-layout-flex wp-container-core-buttons-is-layout-499968f5 wp-block-buttons-is-layout-flex\">\n<div class=\"wp-block-button has-custom-font-size has-medium-font-size\"><a class=\"wp-block-button__link has-black-color has-text-color has-background wp-element-button\" href=\"https:\/\/www.tele-radio.com\/es\/suprateq\/\" style=\"border-radius:6px;background-color:#fbba00\"><strong>SUPRATEQ<\/strong><\/a><\/div>\n<\/div>\n\n\n\n<div style=\"height:20px\" aria-hidden=\"true\" class=\"wp-block-spacer\"><\/div>\n\n\n<div class=\"wp-block-image\">\n<figure class=\"aligncenter size-full\"><img loading=\"lazy\" decoding=\"async\" width=\"1195\" height=\"797\" src=\"https:\/\/www.tele-radio.com\/app\/uploads\/SupraTEQ_Stones-1.png\" alt=\"\" class=\"wp-image-108990\" srcset=\"https:\/\/www.tele-radio.com\/app\/uploads\/SupraTEQ_Stones-1.png 1195w, https:\/\/www.tele-radio.com\/app\/uploads\/SupraTEQ_Stones-1-400x267.png 400w, https:\/\/www.tele-radio.com\/app\/uploads\/SupraTEQ_Stones-1-768x512.png 768w, https:\/\/www.tele-radio.com\/app\/uploads\/SupraTEQ_Stones-1-750x500.png 750w, https:\/\/www.tele-radio.com\/app\/uploads\/SupraTEQ_Stones-1-500x333.png 500w, https:\/\/www.tele-radio.com\/app\/uploads\/SupraTEQ_Stones-1-800x534.png 800w\" sizes=\"auto, (max-width: 1195px) 100vw, 1195px\" \/><figcaption class=\"wp-element-caption\"><a href=\"https:\/\/www.tele-radio.com\/suprateq\/\">Pro\u010ditaj vi\u0161e&gt;<\/a><\/figcaption><\/figure><\/div>\n\n\n<p class=\"has-text-align-center\">S veli\u010dinom od 33 centimetra, ovaj daljinski upravlja\u010d isti\u010de se po tome \u0161to nudi vi\u0161e prostora na prednjoj plo\u010di kako biste mogli umetnuti koliko god \u017eelite kontrola ili bira\u010da za razli\u010dite prijemnike.<\/p>\n\n\n\n<div class=\"wp-block-columns are-vertically-aligned-top is-layout-flex wp-container-core-columns-is-layout-9d6595d7 wp-block-columns-is-layout-flex\">\n<div class=\"wp-block-column is-vertically-aligned-top is-layout-flow wp-block-column-is-layout-flow\" style=\"flex-basis:33.33%\"><div class=\"wp-block-image\">\n<figure class=\"alignright size-full is-resized\"><img loading=\"lazy\" decoding=\"async\" width=\"62\" height=\"60\" src=\"https:\/\/www.tele-radio.com\/app\/uploads\/Custom_configuration_W.png\" alt=\"\" class=\"wp-image-108898\" style=\"width:31px;height:30px\"\/><\/figure><\/div><\/div>\n\n\n\n<div class=\"wp-block-column is-vertically-aligned-top is-layout-flow wp-block-column-is-layout-flow\" style=\"flex-basis:66.66%\">\n<p class=\"has-medium-font-size\">Standardna ili verzija po mjeri<\/p>\n<\/div>\n<\/div>\n\n\n\n<div class=\"wp-block-columns are-vertically-aligned-top is-layout-flex wp-container-core-columns-is-layout-9d6595d7 wp-block-columns-is-layout-flex\">\n<div class=\"wp-block-column is-vertically-aligned-top is-layout-flow wp-block-column-is-layout-flow\" style=\"flex-basis:33.33%\"><div class=\"wp-block-image\">\n<figure class=\"alignright size-full is-resized\"><img loading=\"lazy\" decoding=\"async\" width=\"64\" height=\"64\" src=\"https:\/\/www.tele-radio.com\/app\/uploads\/maximize-1.png\" alt=\"\" class=\"wp-image-108921\" style=\"width:32px;height:32px\"\/><\/figure><\/div><\/div>\n\n\n\n<div class=\"wp-block-column is-vertically-aligned-top is-layout-flow wp-block-column-is-layout-flow\" style=\"flex-basis:66.66%\">\n<p class=\"has-medium-font-size\">Maksimalna TFT boja 95&#215;54 mm \/ 480&#215;272 px<\/p>\n<\/div>\n<\/div>\n\n\n\n<div class=\"wp-block-columns are-vertically-aligned-top is-layout-flex wp-container-core-columns-is-layout-9d6595d7 wp-block-columns-is-layout-flex\">\n<div class=\"wp-block-column is-vertically-aligned-top is-layout-flow wp-block-column-is-layout-flow\" style=\"flex-basis:33.33%\"><div class=\"wp-block-image\">\n<figure class=\"alignright size-full is-resized\"><img loading=\"lazy\" decoding=\"async\" width=\"64\" height=\"64\" src=\"https:\/\/www.tele-radio.com\/app\/uploads\/ruler-1.png\" alt=\"\" class=\"wp-image-108944\" style=\"width:32px;height:32px\"\/><\/figure><\/div><\/div>\n\n\n\n<div class=\"wp-block-column is-vertically-aligned-top is-layout-flow wp-block-column-is-layout-flow\" style=\"flex-basis:66.66%\">\n<p class=\"has-medium-font-size\">33 cm \u0161irok, 2 kg te\u017eak<\/p>\n<\/div>\n<\/div>\n<\/div><\/div>\n<\/div>\n\n\n\n<div class=\"wp-block-column is-layout-flow wp-block-column-is-layout-flow\">\n<div class=\"wp-block-cover\" style=\"min-height:800px;aspect-ratio:unset;\"><span aria-hidden=\"true\" class=\"wp-block-cover__background has-black-background-color has-background-dim-100 has-background-dim\"><\/span><div class=\"wp-block-cover__inner-container is-layout-flow wp-block-cover-is-layout-flow\">\n<div class=\"wp-block-buttons is-horizontal is-content-justification-center is-layout-flex wp-container-core-buttons-is-layout-499968f5 wp-block-buttons-is-layout-flex\">\n<div class=\"wp-block-button has-custom-font-size has-medium-font-size\"><a class=\"wp-block-button__link has-black-color has-text-color has-background wp-element-button\" href=\"https:\/\/www.tele-radio.com\/es\/versateq\/\" style=\"border-radius:6px;background-color:#fbba00\"><strong>VERSATEQ<\/strong><\/a><\/div>\n<\/div>\n\n\n\n<div style=\"height:20px\" aria-hidden=\"true\" class=\"wp-block-spacer\"><\/div>\n\n\n<div class=\"wp-block-image\">\n<figure class=\"aligncenter size-large\"><img loading=\"lazy\" decoding=\"async\" width=\"1200\" height=\"800\" src=\"https:\/\/www.tele-radio.com\/app\/uploads\/\/VersaTEQ_Stones-1200x800.jpg\" alt=\"\" class=\"wp-image-109013\" srcset=\"https:\/\/www.tele-radio.com\/app\/uploads\/VersaTEQ_Stones-1200x800.jpg 1200w, https:\/\/www.tele-radio.com\/app\/uploads\/VersaTEQ_Stones-400x267.jpg 400w, https:\/\/www.tele-radio.com\/app\/uploads\/VersaTEQ_Stones-768x512.jpg 768w, https:\/\/www.tele-radio.com\/app\/uploads\/VersaTEQ_Stones-1536x1024.jpg 1536w\" sizes=\"auto, (max-width: 1200px) 100vw, 1200px\" \/><figcaption class=\"wp-element-caption\"><a href=\"https:\/\/www.tele-radio.com\/hr\/versateq\/\">Pro\u010ditaj vi\u0161e&gt;<\/a><\/figcaption><\/figure><\/div>\n\n\n<p class=\"has-text-align-center\">Tele Radio joystick daljinski upravlja\u010d srednje klase, jednostavan i ergonomi\u010dan. S dovoljno prostora za kontrole i zaslonom na kojem mo\u017eete odabrati jedan ili vi\u0161e prijemnika.<\/p>\n\n\n\n<div class=\"wp-block-columns are-vertically-aligned-top is-layout-flex wp-container-core-columns-is-layout-9d6595d7 wp-block-columns-is-layout-flex\">\n<div class=\"wp-block-column is-vertically-aligned-top is-layout-flow wp-block-column-is-layout-flow\" style=\"flex-basis:33.33%\"><div class=\"wp-block-image\">\n<figure class=\"alignright size-full is-resized\"><img loading=\"lazy\" decoding=\"async\" width=\"62\" height=\"60\" src=\"https:\/\/www.tele-radio.com\/app\/uploads\/Custom_configuration_W.png\" alt=\"\" class=\"wp-image-108898\" style=\"width:31px;height:30px\"\/><\/figure><\/div><\/div>\n\n\n\n<div class=\"wp-block-column is-vertically-aligned-top is-layout-flow wp-block-column-is-layout-flow\" style=\"flex-basis:66.66%\">\n<p class=\"has-medium-font-size\">Standardna ili verzija po mjeri<\/p>\n<\/div>\n<\/div>\n\n\n\n<div class=\"wp-block-columns are-vertically-aligned-top is-layout-flex wp-container-core-columns-is-layout-9d6595d7 wp-block-columns-is-layout-flex\">\n<div class=\"wp-block-column is-vertically-aligned-top is-layout-flow wp-block-column-is-layout-flow\" style=\"flex-basis:33.33%\"><div class=\"wp-block-image\">\n<figure class=\"alignright size-full is-resized\"><img loading=\"lazy\" decoding=\"async\" width=\"64\" height=\"64\" src=\"https:\/\/www.tele-radio.com\/app\/uploads\/maximize-1.png\" alt=\"\" class=\"wp-image-108921\" style=\"width:32px;height:32px\"\/><\/figure><\/div><\/div>\n\n\n\n<div class=\"wp-block-column is-vertically-aligned-top is-layout-flow wp-block-column-is-layout-flow\" style=\"flex-basis:66.66%\">\n<p class=\"has-medium-font-size\">Zaslon u boji 95&#215;54 mm \/ 480&#215;272 px<\/p>\n<\/div>\n<\/div>\n\n\n\n<div class=\"wp-block-columns are-vertically-aligned-top is-layout-flex wp-container-core-columns-is-layout-9d6595d7 wp-block-columns-is-layout-flex\">\n<div class=\"wp-block-column is-vertically-aligned-top is-layout-flow wp-block-column-is-layout-flow\" style=\"flex-basis:33.33%\"><div class=\"wp-block-image\">\n<figure class=\"alignright size-full is-resized\"><img loading=\"lazy\" decoding=\"async\" width=\"64\" height=\"64\" src=\"https:\/\/www.tele-radio.com\/app\/uploads\/ruler-1.png\" alt=\"\" class=\"wp-image-108944\" style=\"width:32px;height:32px\"\/><\/figure><\/div><\/div>\n\n\n\n<div class=\"wp-block-column is-vertically-aligned-top is-layout-flow wp-block-column-is-layout-flow\" style=\"flex-basis:66.66%\">\n<p class=\"has-medium-font-size\">24 cm \u0161irok, 950 g te\u017eak<\/p>\n<\/div>\n<\/div>\n<\/div><\/div>\n<\/div>\n<\/div>\n\n\n\n<p><\/p>\n\n\n\n<h2 class=\"wp-block-heading has-text-align-center has-luminous-vivid-amber-color has-black-background-color has-text-color has-background\" style=\"font-size:30px\">Prijemnici kompatibilni s jednim kontrolerom<\/h2>\n\n\n\n<div class=\"wp-block-columns is-layout-flex wp-container-core-columns-is-layout-9d6595d7 wp-block-columns-is-layout-flex\">\n<div class=\"wp-block-column is-layout-flow wp-block-column-is-layout-flow\"><div class=\"wp-block-image is-resized\">\n<figure class=\"aligncenter size-full\"><img loading=\"lazy\" decoding=\"async\" width=\"1250\" height=\"1265\" src=\"https:\/\/www.tele-radio.com\/app\/uploads\/PH_PM_HY-R20-RS01_0001.png\" alt=\"\" class=\"wp-image-110129\" style=\"width:auto;height:150px\" srcset=\"https:\/\/www.tele-radio.com\/app\/uploads\/PH_PM_HY-R20-RS01_0001.png 1250w, https:\/\/www.tele-radio.com\/app\/uploads\/PH_PM_HY-R20-RS01_0001-395x400.png 395w, https:\/\/www.tele-radio.com\/app\/uploads\/PH_PM_HY-R20-RS01_0001-1186x1200.png 1186w, https:\/\/www.tele-radio.com\/app\/uploads\/PH_PM_HY-R20-RS01_0001-768x777.png 768w, https:\/\/www.tele-radio.com\/app\/uploads\/PH_PM_HY-R20-RS01_0001-741x750.png 741w, https:\/\/www.tele-radio.com\/app\/uploads\/PH_PM_HY-R20-RS01_0001-494x500.png 494w, https:\/\/www.tele-radio.com\/app\/uploads\/PH_PM_HY-R20-RS01_0001-791x800.png 791w\" sizes=\"auto, (max-width: 1250px) 100vw, 1250px\" \/><\/figure><\/div>\n\n\n<div class=\"wp-block-cover\" style=\"min-height:300px;aspect-ratio:unset;\"><span aria-hidden=\"true\" class=\"wp-block-cover__background has-black-background-color has-background-dim-100 has-background-dim\"><\/span><div class=\"wp-block-cover__inner-container is-layout-flow wp-block-cover-is-layout-flow\">\n<div class=\"wp-block-buttons is-content-justification-center is-layout-flex wp-container-core-buttons-is-layout-16018d1d wp-block-buttons-is-layout-flex\">\n<div class=\"wp-block-button has-custom-font-size has-medium-font-size\"><a class=\"wp-block-button__link has-black-color has-text-color has-background wp-element-button\" href=\"https:\/\/www.tele-radio.com\/products\/teq-waist-transmitters\/receiver-r20-1\/\" style=\"border-radius:10px;background-color:#fbba00\"><strong>PRIJEMNIK R20<\/strong><\/a><\/div>\n<\/div>\n\n\n\n<p style=\"font-size:28px\"><strong>R20<\/strong><\/p>\n\n\n\n<p>Prijemnik R20 \u0107e kontrolirati do 90% hidrauli\u010dkih ventila koji su trenutno na tr\u017ei\u0161tu. Proporcionalna rezolucija osigurava nenadma\u0161an gladak i besprijekoran rad hidrauli\u010dkih sustava.<\/p>\n<\/div><\/div>\n<\/div>\n\n\n\n<div class=\"wp-block-column is-layout-flow wp-block-column-is-layout-flow\"><div class=\"wp-block-image is-resized\">\n<figure class=\"aligncenter size-full\"><img loading=\"lazy\" decoding=\"async\" width=\"1250\" height=\"1265\" src=\"https:\/\/www.tele-radio.com\/app\/uploads\/PH_PM_HY-R21-RS02_0001.png\" alt=\"\" class=\"wp-image-110152\" style=\"width:auto;height:150px\" srcset=\"https:\/\/www.tele-radio.com\/app\/uploads\/PH_PM_HY-R21-RS02_0001.png 1250w, https:\/\/www.tele-radio.com\/app\/uploads\/PH_PM_HY-R21-RS02_0001-395x400.png 395w, https:\/\/www.tele-radio.com\/app\/uploads\/PH_PM_HY-R21-RS02_0001-1186x1200.png 1186w, https:\/\/www.tele-radio.com\/app\/uploads\/PH_PM_HY-R21-RS02_0001-768x777.png 768w, https:\/\/www.tele-radio.com\/app\/uploads\/PH_PM_HY-R21-RS02_0001-741x750.png 741w, https:\/\/www.tele-radio.com\/app\/uploads\/PH_PM_HY-R21-RS02_0001-494x500.png 494w, https:\/\/www.tele-radio.com\/app\/uploads\/PH_PM_HY-R21-RS02_0001-791x800.png 791w\" sizes=\"auto, (max-width: 1250px) 100vw, 1250px\" \/><\/figure><\/div>\n\n\n<div class=\"wp-block-cover\" style=\"min-height:300px;aspect-ratio:unset;\"><span aria-hidden=\"true\" class=\"wp-block-cover__background has-black-background-color has-background-dim-100 has-background-dim\"><\/span><div class=\"wp-block-cover__inner-container is-layout-flow wp-block-cover-is-layout-flow\">\n<div class=\"wp-block-buttons is-content-justification-center is-layout-flex wp-container-core-buttons-is-layout-16018d1d wp-block-buttons-is-layout-flex\">\n<div class=\"wp-block-button has-custom-font-size has-medium-font-size\"><a class=\"wp-block-button__link has-black-color has-text-color has-background wp-element-button\" href=\"https:\/\/www.tele-radio.com\/hr\/products\/teq\/r21-rs01-prijemnik\/\" style=\"border-radius:10px;background-color:#fbba00\"><strong>PRIJEMNIK R21<\/strong><\/a><\/div>\n<\/div>\n\n\n\n<p style=\"font-size:28px\"><strong>R21<\/strong><\/p>\n\n\n\n<p>R21 je prijemnik CAN su\u010delja budu\u0107nosti dostupan danas. Mali, ali pun zna\u010dajki koje ga \u010dine lako prilagodljivim ve\u0107ini trenutnih CAN ili BUS sustava.<br>\u200b<\/p>\n<\/div><\/div>\n<\/div>\n<\/div>\n\n\n\n<p><\/p>\n\n\n\n<div class=\"wp-block-columns is-layout-flex wp-container-core-columns-is-layout-9d6595d7 wp-block-columns-is-layout-flex\">\n<div class=\"wp-block-column is-layout-flow wp-block-column-is-layout-flow\" style=\"flex-basis:66.66%\"><\/div>\n\n\n\n<div class=\"wp-block-column is-layout-flow wp-block-column-is-layout-flow\" style=\"flex-basis:33.33%\"><\/div>\n<\/div>\n","protected":false},"excerpt":{"rendered":"<p>TEQ Tele Radio joystick daljinski upravlja\u010di omogu\u0107uju vam potpunu kontrolu nad va\u0161im voznim parkom (autonomni AGV \/ AMR, vilju\u0161kari, industrijski kamioni&#8230;). Mo\u017eete registrirati jedan predajnik u do 32 prijemnika kao standard i skalabilan za projekte na zahtjev. Tako\u0111er ima certificiranu funkciju zaustavljanja s razinom SIL3, CAT3, PLe. Ova tehnologija vam daje nevi\u0111enu slobodu kontrole i [&hellip;]<\/p>\n","protected":false},"author":54,"featured_media":0,"parent":0,"menu_order":0,"comment_status":"closed","ping_status":"closed","template":"","meta":{"_acf_changed":false,"footnotes":""},"class_list":["post-211244","page","type-page","status-publish","hentry"],"acf":[],"_links":{"self":[{"href":"https:\/\/www.tele-radio.com\/hr\/wp-json\/wp\/v2\/pages\/211244","targetHints":{"allow":["GET"]}}],"collection":[{"href":"https:\/\/www.tele-radio.com\/hr\/wp-json\/wp\/v2\/pages"}],"about":[{"href":"https:\/\/www.tele-radio.com\/hr\/wp-json\/wp\/v2\/types\/page"}],"author":[{"embeddable":true,"href":"https:\/\/www.tele-radio.com\/hr\/wp-json\/wp\/v2\/users\/54"}],"replies":[{"embeddable":true,"href":"https:\/\/www.tele-radio.com\/hr\/wp-json\/wp\/v2\/comments?post=211244"}],"version-history":[{"count":8,"href":"https:\/\/www.tele-radio.com\/hr\/wp-json\/wp\/v2\/pages\/211244\/revisions"}],"predecessor-version":[{"id":211998,"href":"https:\/\/www.tele-radio.com\/hr\/wp-json\/wp\/v2\/pages\/211244\/revisions\/211998"}],"wp:attachment":[{"href":"https:\/\/www.tele-radio.com\/hr\/wp-json\/wp\/v2\/media?parent=211244"}],"curies":[{"name":"wp","href":"https:\/\/api.w.org\/{rel}","templated":true}]}}