{"id":210076,"date":"2024-02-19T13:18:28","date_gmt":"2024-02-19T13:18:28","guid":{"rendered":"https:\/\/www.tele-radio.com\/dizalice\/"},"modified":"2025-09-02T12:25:08","modified_gmt":"2025-09-02T12:25:08","slug":"dizalice","status":"publish","type":"page","link":"https:\/\/www.tele-radio.com\/hr\/dizalice\/","title":{"rendered":"DIZALICE"},"content":{"rendered":"\n<div style=\"height:31px\" aria-hidden=\"true\" class=\"wp-block-spacer\"><\/div>\n\n\n\n<h1 class=\"wp-block-heading has-text-align-center\">DIZALICE<\/h1>\n\n\n\n<div style=\"height:26px\" aria-hidden=\"true\" class=\"wp-block-spacer\"><\/div>\n\n\n\n<div class=\"wp-block-columns is-layout-flex wp-container-core-columns-is-layout-9d6595d7 wp-block-columns-is-layout-flex\">\n<div class=\"wp-block-column is-layout-flow wp-block-column-is-layout-flow\">\n<h1 class=\"wp-block-heading\">Daljinski upravlja\u010d za dizalice i aplikacije za dizanje<\/h1>\n\n\n\n<p>Precizno i sigurno upravljanje za dizalicu je klju\u010dno. Uz na\u0161u \u0161iroku ponudu predajnika, nudimo vam najbolji mogu\u0107i rad, sa sigurne udaljenosti, bez ograni\u010denja kabela i s najve\u0107om precizno\u0161\u0107u.<\/p>\n\n\n\n<p>Za sigurnost va\u0161ih zaposlenika, va\u0161e se osoblje mora mo\u0107i osloniti na \u010dinjenicu da se njihovom opremom mo\u017ee upravljati kako je predvi\u0111eno u svim uvjetima. Zato je Tele Radio va\u0161 savr\u0161en partner za daljinske upravlja\u010de. Bez obzira upravljate li svojom opremom za podizanje i dizalicama s najmanjim predajnikom koji stane u va\u0161 d\u017eep ili najve\u0107om, robusnom verzijom za te\u0161ke uvjete rada.<\/p>\n\n\n\n<p>S na\u0161im predajnicima mo\u017eete upravljati svojom opremom sa sigurne udaljenosti s velikom precizno\u0161\u0107u i bez prepreka kablovima ili ometanja pogleda. Na\u0161e komponente su robusne, izdr\u017eljive i otporne na pra\u0161inu i vodu. Nudimo stabilan signal izme\u0111u oda\u0161ilja\u010da i va\u0161eg stroja, bez obzira na okolnosti. Nudimo oda\u0161ilja\u010de s razli\u010ditim razinama sigurnosti koji su svi neovisno provjereni. Na\u0161i proizvodi dolaze s puno fleksibilnosti za jednostavnu instalaciju. Mo\u017eete \u010dak zamijeniti izgubljene ili o\u0161te\u0107ene oda\u0161ilja\u010de iz temelja, bez potrebe za pristupom prijemniku. Zahvaljuju\u0107i Tele Radiju, sigurnost Va\u0161ih zaposlenika je uvijek zajam\u010dena.<\/p>\n<\/div>\n\n\n\n<div class=\"wp-block-column is-layout-flow wp-block-column-is-layout-flow\" style=\"flex-basis:100px\"><\/div>\n\n\n\n<div class=\"wp-block-column is-layout-flow wp-block-column-is-layout-flow\">\n<div style=\"height:31px\" aria-hidden=\"true\" class=\"wp-block-spacer\"><\/div>\n\n\n\n<div class=\"wp-block-cover\" style=\"min-height:788px;aspect-ratio:unset;\"><img loading=\"lazy\" decoding=\"async\" width=\"1597\" height=\"2400\" class=\"wp-block-cover__image-background wp-image-116014\" alt=\"\" src=\"https:\/\/www.tele-radio.com\/app\/uploads\/FM_LC_PN_0027.jpg\" style=\"object-position:62% 56%\" data-object-fit=\"cover\" data-object-position=\"62% 56%\" srcset=\"https:\/\/www.tele-radio.com\/app\/uploads\/FM_LC_PN_0027.jpg 1597w, https:\/\/www.tele-radio.com\/app\/uploads\/FM_LC_PN_0027-266x400.jpg 266w, https:\/\/www.tele-radio.com\/app\/uploads\/FM_LC_PN_0027-799x1200.jpg 799w, https:\/\/www.tele-radio.com\/app\/uploads\/FM_LC_PN_0027-768x1154.jpg 768w, https:\/\/www.tele-radio.com\/app\/uploads\/FM_LC_PN_0027-1022x1536.jpg 1022w, https:\/\/www.tele-radio.com\/app\/uploads\/FM_LC_PN_0027-1363x2048.jpg 1363w, https:\/\/www.tele-radio.com\/app\/uploads\/FM_LC_PN_0027-499x750.jpg 499w, https:\/\/www.tele-radio.com\/app\/uploads\/FM_LC_PN_0027-333x500.jpg 333w, https:\/\/www.tele-radio.com\/app\/uploads\/FM_LC_PN_0027-1065x1600.jpg 1065w, https:\/\/www.tele-radio.com\/app\/uploads\/FM_LC_PN_0027-532x800.jpg 532w\" sizes=\"auto, (max-width: 1597px) 100vw, 1597px\" \/><span aria-hidden=\"true\" class=\"wp-block-cover__background has-black-background-color has-background-dim-20 has-background-dim\"><\/span><div class=\"wp-block-cover__inner-container is-layout-flow wp-block-cover-is-layout-flow\">\n<p class=\"has-text-align-center has-large-font-size\"><\/p>\n<\/div><\/div>\n<\/div>\n<\/div>\n\n\n\n<div style=\"height:100px\" aria-hidden=\"true\" class=\"wp-block-spacer\"><\/div>\n\n\n\n\n\n<div style=\"height:100px\" aria-hidden=\"true\" class=\"wp-block-spacer\"><\/div>\n\n\n\n<h2 class=\"wp-block-heading has-text-align-center\">APLIKACIJE<\/h2>\n\n\n\n<p class=\"has-text-align-center\"><em>Kako bismo dali ideju o mogu\u0107nostima, u nastavku imamo neke primjere aplikacija i njihovih tipi\u010dnih proizvoda:<\/em><\/p>\n\n\n\n<div class=\"wp-block-columns is-layout-flex wp-container-core-columns-is-layout-9d6595d7 wp-block-columns-is-layout-flex\">\n<div class=\"wp-block-column is-layout-flow wp-block-column-is-layout-flow\">\n<div class=\"wp-block-cover is-light\"><span aria-hidden=\"true\" class=\"wp-block-cover__background has-white-background-color has-background-dim-100 has-background-dim\"><\/span><div class=\"wp-block-cover__inner-container is-layout-flow wp-block-cover-is-layout-flow\"><div class=\"wp-block-image is-style-default\">\n<figure class=\"aligncenter size-full\"><img loading=\"lazy\" decoding=\"async\" width=\"64\" height=\"64\" src=\"https:\/\/www.tele-radio.com\/app\/uploads\/tower-crane-1.png\" alt=\"\" class=\"wp-image-118332\"\/><\/figure><\/div>\n\n\n<p class=\"has-text-align-center has-black-color has-text-color\"><strong>TORANJSKI KRANOVI<\/strong><\/p>\n\n\n\n<p class=\"has-text-align-center has-black-color has-text-color\">Toranjske dizalice bez kabine operatera koriste isklju\u010divo daljinsko upravljanje, a Tele Radio mo\u017ee ponuditi nekoliko rje\u0161enja za upravljanje. Prednost kori\u0161tenja daljinskih upravlja\u010da tvrtke Tele Radio je u tome \u0161to isporu\u010dujemo PLd i PLe certificirane sustave, \u0161to je uvjet u mnogim zemljama pri dizanju tereta koji prelazi preko ljudi.<\/p>\n<\/div><\/div>\n<\/div>\n\n\n\n<div class=\"wp-block-column is-vertically-aligned-top is-layout-flow wp-block-column-is-layout-flow\">\n<div class=\"wp-block-cover is-light\"><span aria-hidden=\"true\" class=\"wp-block-cover__background has-white-background-color has-background-dim-100 has-background-dim\"><\/span><div class=\"wp-block-cover__inner-container is-layout-flow wp-block-cover-is-layout-flow\"><div class=\"wp-block-image is-style-default\">\n<figure class=\"aligncenter size-full\"><img loading=\"lazy\" decoding=\"async\" width=\"64\" height=\"64\" src=\"https:\/\/www.tele-radio.com\/app\/uploads\/winch-1.png\" alt=\"\" class=\"wp-image-118355\"\/><\/figure><\/div>\n\n\n<p class=\"has-text-align-center has-black-color has-text-color\"><strong>ELEKTRI\u010cNA DIZALICA<\/strong><\/p>\n\n\n\n<p class=\"has-text-align-center has-black-color has-text-color\">Tipi\u010dna dizalica je lan\u010dani ure\u0111aj za podizanje lak\u0161ih tereta, u rasponu do oko 5000 kg, koji se obi\u010dno koristi za podizanje na stacionarnoj radnoj stanici. Kori\u0161tenjem daljinskog upravlja\u010da korisnik mo\u017ee izbje\u0107i rad u blizini tereta iu ergonomski povoljnijem polo\u017eaju.<\/p>\n<\/div><\/div>\n<\/div>\n\n\n\n<div class=\"wp-block-column is-vertically-aligned-top is-layout-flow wp-block-column-is-layout-flow\">\n<div style=\"height:65px\" aria-hidden=\"true\" class=\"wp-block-spacer\"><\/div>\n\n\n<div class=\"wp-block-image is-style-default\">\n<figure class=\"aligncenter size-full\"><img loading=\"lazy\" decoding=\"async\" width=\"64\" height=\"64\" src=\"https:\/\/www.tele-radio.com\/app\/uploads\/overhead-1.png\" alt=\"\" class=\"wp-image-118378\"\/><\/figure><\/div>\n\n\n<p class=\"has-text-align-center\"><strong>EOT DIZALICE<\/strong><\/p>\n\n\n\n<p class=\"has-text-align-center\">Elektri\u010dne mostne dizalice su velike utovarne grede koje se kre\u0107u po tra\u010dnicama na krovu skladi\u0161ta. Ove dizalice podi\u017eu terete od nekoliko tona do 100 metri\u010dkih tona ili vi\u0161e.<\/p>\n<\/div>\n<\/div>\n\n\n\n<div style=\"height:50px\" aria-hidden=\"true\" class=\"wp-block-spacer\"><\/div>\n\n\n\n<div style=\"height:50px\" aria-hidden=\"true\" class=\"wp-block-spacer\"><\/div>\n\n\n\n<div style=\"height:50px\" aria-hidden=\"true\" class=\"wp-block-spacer\"><\/div>\n\n\n\n<h3 class=\"wp-block-heading has-text-align-center\">Va\u0161 odabir za sigurnost i funkcionalnost<\/h3>\n\n\n\n<p>Za odabir oda\u0161ilja\u010da koji najbolje odgovara va\u0161im potrebama, najbolje\u00a0se konzultirati s va\u0161im Tele Radio timom. Nudimo razli\u010dite oda\u0161ilja\u010de sa specifi\u010dnim karakteristikama. Iznosimo tri razloga za\u0161to ba\u0161 nas odabrati.\u00a0<\/p>\n\n\n\n<div class=\"wp-block-media-text alignwide is-stacked-on-mobile is-vertically-aligned-center\" style=\"grid-template-columns:15% auto\"><figure class=\"wp-block-media-text__media\"><img loading=\"lazy\" decoding=\"async\" width=\"404\" height=\"404\" src=\"https:\/\/www.tele-radio.com\/app\/uploads\/Safety_level_2.png\" alt=\"\" class=\"wp-image-68198 size-full\" srcset=\"https:\/\/www.tele-radio.com\/app\/uploads\/Safety_level_2.png 404w, https:\/\/www.tele-radio.com\/app\/uploads\/Safety_level_2-400x400.png 400w, https:\/\/www.tele-radio.com\/app\/uploads\/Safety_level_2-150x150.png 150w, https:\/\/www.tele-radio.com\/app\/uploads\/Safety_level_2-250x250.png 250w\" sizes=\"auto, (max-width: 404px) 100vw, 404px\" \/><\/figure><div class=\"wp-block-media-text__content\">\n<p><strong>Razina sigurnosti<\/strong><\/p>\n\n\n\n<p>Na\u0161i oda\u0161ilja\u010di su sigurni i mnogi modeli imaju\u00a0svojstveni i neovisni sigurnosni certifikat. To zna\u010di da je rad gumba za zaustavljanje testiran i provjeren od strane vanjskog i neovisnog tijela. Preporu\u010dujemo odabir sustava s neovisnim sigurnosnim certifikatom\u00a0s ciljem smanjenja rizik od ozljeda pri kori\u0161tenju strojeva.\u00a0Ako posao nema sigurnosnog rizika mo\u017eete odabrati i oda\u0161ilja\u010d bez posebnog certifikata.<\/p>\n<\/div><\/div>\n\n\n\n<div class=\"wp-block-media-text alignwide is-stacked-on-mobile is-vertically-aligned-center\" style=\"grid-template-columns:15% auto\"><figure class=\"wp-block-media-text__media\"><img loading=\"lazy\" decoding=\"async\" width=\"404\" height=\"404\" src=\"https:\/\/www.tele-radio.com\/app\/uploads\/Control_element_2.png\" alt=\"\" class=\"wp-image-68176 size-full\" srcset=\"https:\/\/www.tele-radio.com\/app\/uploads\/Control_element_2.png 404w, https:\/\/www.tele-radio.com\/app\/uploads\/Control_element_2-400x400.png 400w, https:\/\/www.tele-radio.com\/app\/uploads\/Control_element_2-150x150.png 150w, https:\/\/www.tele-radio.com\/app\/uploads\/Control_element_2-250x250.png 250w\" sizes=\"auto, (max-width: 404px) 100vw, 404px\" \/><\/figure><div class=\"wp-block-media-text__content\">\n<p><strong>Tipke ili upravlja\u010di<\/strong><\/p>\n\n\n\n<p><br>Kori\u0161tenje tipki na oda\u0161ilja\u010du je lak\u0161e za upravljanje ali i manje preciznije. Zato na\u0161 oda\u0161ilja\u010d s proporcionalnim tipkama ima jednaku to\u010dnost kao oda\u0161ilja\u010da s kontrolnom palicom. Pritiskom na tipku dodatno se pove\u0107ava stupanj aktivacije. Oda\u0161ilja\u010d s\u00a0kontrolnom palicom\u00a0je ve\u0107i, ali ima vi\u0161e mogu\u0107nosti prilagodbe, kao \u0161to su posebne tipke i prekida\u010di.<\/p>\n<\/div><\/div>\n\n\n\n<div class=\"wp-block-media-text alignwide is-stacked-on-mobile\" style=\"grid-template-columns:15% auto\"><figure class=\"wp-block-media-text__media\"><img loading=\"lazy\" decoding=\"async\" width=\"404\" height=\"404\" src=\"https:\/\/www.tele-radio.com\/app\/uploads\/Feedback_2.png\" alt=\"\" class=\"wp-image-68223 size-full\" srcset=\"https:\/\/www.tele-radio.com\/app\/uploads\/Feedback_2.png 404w, https:\/\/www.tele-radio.com\/app\/uploads\/Feedback_2-400x400.png 400w, https:\/\/www.tele-radio.com\/app\/uploads\/Feedback_2-150x150.png 150w, https:\/\/www.tele-radio.com\/app\/uploads\/Feedback_2-250x250.png 250w\" sizes=\"auto, (max-width: 404px) 100vw, 404px\" \/><\/figure><div class=\"wp-block-media-text__content\">\n<p><strong>Povratne informacije<\/strong><\/p>\n\n\n\n<p>Neki oda\u0161ilja\u010di mogu primati informacije s kontroliranog prijemnika. Ovisno o sustavu, informacije mogu biti vidljive putem LED dioda na oda\u0161ilja\u010du ili putem zaslona. Na primjer, prilikom upravljanja dizalicom, zaslon mo\u017eete koristiti za prikaz informacija kao \u0161to su te\u017eina koju treba podi\u0107i ili alarmi. Ova zna\u010dajka je manje va\u017ena za\u00a0jednostavnije primjene, kao \u0161to su vitla za kamione.<br>\u200b<\/p>\n\n\n\n<p><\/p>\n<\/div><\/div>\n\n\n<div class=\"wp-block-image is-resized is-style-default\">\n<figure class=\"aligncenter size-large\"><img decoding=\"async\" src=\"https:\/\/www.tele-radio.com\/app\/uploads\/\/Assortiment_2019_zonder_spiegeling_en_schaduw-1200x614.jpg\" alt=\"\"\/><\/figure><\/div>\n\n\n<hr class=\"wp-block-separator has-text-color has-luminous-vivid-amber-color has-alpha-channel-opacity has-luminous-vivid-amber-background-color has-background is-style-default\"\/>\n","protected":false},"excerpt":{"rendered":"<p>DIZALICE Daljinski upravlja\u010d za dizalice i aplikacije za dizanje Precizno i sigurno upravljanje za dizalicu je klju\u010dno. Uz na\u0161u \u0161iroku ponudu predajnika, nudimo vam najbolji mogu\u0107i rad, sa sigurne udaljenosti, bez ograni\u010denja kabela i s najve\u0107om precizno\u0161\u0107u. Za sigurnost va\u0161ih zaposlenika, va\u0161e se osoblje mora mo\u0107i osloniti na \u010dinjenicu da se njihovom opremom mo\u017ee upravljati [&hellip;]<\/p>\n","protected":false},"author":29,"featured_media":0,"parent":0,"menu_order":0,"comment_status":"closed","ping_status":"closed","template":"","meta":{"_acf_changed":false,"footnotes":""},"class_list":["post-210076","page","type-page","status-publish","hentry"],"acf":[],"_links":{"self":[{"href":"https:\/\/www.tele-radio.com\/hr\/wp-json\/wp\/v2\/pages\/210076","targetHints":{"allow":["GET"]}}],"collection":[{"href":"https:\/\/www.tele-radio.com\/hr\/wp-json\/wp\/v2\/pages"}],"about":[{"href":"https:\/\/www.tele-radio.com\/hr\/wp-json\/wp\/v2\/types\/page"}],"author":[{"embeddable":true,"href":"https:\/\/www.tele-radio.com\/hr\/wp-json\/wp\/v2\/users\/29"}],"replies":[{"embeddable":true,"href":"https:\/\/www.tele-radio.com\/hr\/wp-json\/wp\/v2\/comments?post=210076"}],"version-history":[{"count":11,"href":"https:\/\/www.tele-radio.com\/hr\/wp-json\/wp\/v2\/pages\/210076\/revisions"}],"predecessor-version":[{"id":266954,"href":"https:\/\/www.tele-radio.com\/hr\/wp-json\/wp\/v2\/pages\/210076\/revisions\/266954"}],"wp:attachment":[{"href":"https:\/\/www.tele-radio.com\/hr\/wp-json\/wp\/v2\/media?parent=210076"}],"curies":[{"name":"wp","href":"https:\/\/api.w.org\/{rel}","templated":true}]}}