{"id":210074,"date":"2024-02-19T12:37:15","date_gmt":"2024-02-19T12:37:15","guid":{"rendered":"https:\/\/www.tele-radio.com\/aplikacije\/"},"modified":"2024-04-24T12:38:52","modified_gmt":"2024-04-24T12:38:52","slug":"aplikacije","status":"publish","type":"page","link":"https:\/\/www.tele-radio.com\/hr\/aplikacije\/","title":{"rendered":"Aplikacije"},"content":{"rendered":"\n<h1 class=\"wp-block-heading\">APLIKACIJE<\/h1>\n\n\n\n<h2 class=\"wp-block-heading\"><strong>TELE RADIO INDUSTRIJSKI DALJINSKI UPRAVLJA\u010c<\/strong><\/h2>\n\n\n\n<p><strong>NUDIMO BE\u017dI\u010cNO RIJE\u0160ENJE ZA SVE APLIKACIJE<\/strong><\/p>\n\n\n\n<p><em>Tele Radio sistemi koriste se u mnogim industrijama, posebno tamo gdje su ergonomija, pouzdanost i sigurnost klju\u010dni \u010dimbenici.<\/em><\/p>\n\n\n\n<p>Na\u0161a je misija pru\u017eanje end-to-end proizvodnih rje\u0161enja, tehnologija i usluga u podru\u010dju kontrole be\u017ei\u010dne opreme i komunikacije strojeva gdje su pouzdanost i sigurnost klju\u010dni odlu\u010duju\u0107i \u010dimbenici.<\/p>\n\n\n\n<p>Pru\u017eanje rje\u0161enja koja \u0107e dodati vrijednost va\u0161em poslovanju, a u isto vrijeme pru\u017eiti besprijekornu podr\u0161ku kada Vam je potrebno, na\u0161 je najve\u0107i cilj.\n<\/p>\n\n\n\n<p>Postoji be\u017ei\u010dni sustav daljinskog upravljanja za svako tr\u017ei\u0161te ili industriju. Ispod je izbor aplikacija i primjera rje\u0161enja radijskog upravljanja koje mo\u017eete vidjeti klikom na odgovaraju\u0107u kategoriju.<\/p>\n\n\n\n<p><\/p>\n\n\n\n<div class=\"wp-block-columns is-layout-flex wp-container-core-columns-is-layout-9d6595d7 wp-block-columns-is-layout-flex\">\n<div class=\"wp-block-column is-layout-flow wp-block-column-is-layout-flow\">\n<div class=\"wp-block-cover is-light\"><span aria-hidden=\"true\" class=\"wp-block-cover__background has-background-dim\"><\/span><img loading=\"lazy\" decoding=\"async\" width=\"2560\" height=\"1707\" class=\"wp-block-cover__image-background wp-image-97882\" alt=\"\" src=\"https:\/\/www.tele-radio.com\/app\/uploads\/Agriculture-scaled.jpg\" data-object-fit=\"cover\" srcset=\"https:\/\/www.tele-radio.com\/app\/uploads\/Agriculture-scaled.jpg 2560w, https:\/\/www.tele-radio.com\/app\/uploads\/Agriculture-400x267.jpg 400w, https:\/\/www.tele-radio.com\/app\/uploads\/Agriculture-1200x800.jpg 1200w, https:\/\/www.tele-radio.com\/app\/uploads\/Agriculture-768x512.jpg 768w, https:\/\/www.tele-radio.com\/app\/uploads\/Agriculture-1536x1024.jpg 1536w\" sizes=\"auto, (max-width: 2560px) 100vw, 2560px\" \/><div class=\"wp-block-cover__inner-container is-layout-flow wp-block-cover-is-layout-flow\"><div class=\"wp-block-image is-style-default\">\n<figure class=\"aligncenter size-full\"><img loading=\"lazy\" decoding=\"async\" width=\"150\" height=\"150\" src=\"https:\/\/www.tele-radio.com\/app\/uploads\/AGRICULTURALw.png\" alt=\"Daljinski upravlja\u010d u poljoprivredi\" class=\"wp-image-5926\"\/><\/figure><\/div>\n\n\n<div class=\"wp-block-buttons is-horizontal is-content-justification-center is-layout-flex wp-container-core-buttons-is-layout-499968f5 wp-block-buttons-is-layout-flex\">\n<div class=\"wp-block-button\"><a class=\"wp-block-button__link has-black-color has-text-color has-background wp-element-button\" href=\"https:\/\/www.tele-radio.com\/hr\/applications\/agriculture\/\" style=\"border-radius:7px;background-color:#fabb00\" target=\"_blank\" rel=\"noreferrer noopener\"><strong>Poljoprivreda<\/strong><\/a><\/div>\n<\/div>\n<\/div><\/div>\n<\/div>\n\n\n\n<div class=\"wp-block-column is-layout-flow wp-block-column-is-layout-flow\">\n<div class=\"wp-block-cover\"><span aria-hidden=\"true\" class=\"wp-block-cover__background has-background-dim-30 has-background-dim\"><\/span><img loading=\"lazy\" decoding=\"async\" width=\"2560\" height=\"1701\" class=\"wp-block-cover__image-background wp-image-97892\" alt=\"\" src=\"https:\/\/www.tele-radio.com\/app\/uploads\/Industrial-scaled.jpg\" data-object-fit=\"cover\" srcset=\"https:\/\/www.tele-radio.com\/app\/uploads\/Industrial-scaled.jpg 2560w, https:\/\/www.tele-radio.com\/app\/uploads\/Industrial-400x266.jpg 400w, https:\/\/www.tele-radio.com\/app\/uploads\/Industrial-1200x797.jpg 1200w, https:\/\/www.tele-radio.com\/app\/uploads\/Industrial-768x510.jpg 768w, https:\/\/www.tele-radio.com\/app\/uploads\/Industrial-1536x1021.jpg 1536w, https:\/\/www.tele-radio.com\/app\/uploads\/Industrial-2048x1361.jpg 2048w, https:\/\/www.tele-radio.com\/app\/uploads\/Industrial-750x498.jpg 750w, https:\/\/www.tele-radio.com\/app\/uploads\/Industrial-500x332.jpg 500w, https:\/\/www.tele-radio.com\/app\/uploads\/Industrial-1600x1063.jpg 1600w, https:\/\/www.tele-radio.com\/app\/uploads\/Industrial-800x532.jpg 800w\" sizes=\"auto, (max-width: 2560px) 100vw, 2560px\" \/><div class=\"wp-block-cover__inner-container is-layout-flow wp-block-cover-is-layout-flow\"><div class=\"wp-block-image is-style-default\">\n<figure class=\"aligncenter size-full\"><img loading=\"lazy\" decoding=\"async\" width=\"150\" height=\"150\" src=\"https:\/\/www.tele-radio.com\/app\/uploads\/INDUSTRYw.png\" alt=\"Daljinsko upravljanje za strojeve\" class=\"wp-image-5923\"\/><\/figure><\/div>\n\n\n<div class=\"wp-block-buttons is-horizontal is-content-justification-center is-layout-flex wp-container-core-buttons-is-layout-499968f5 wp-block-buttons-is-layout-flex\">\n<div class=\"wp-block-button\"><a class=\"wp-block-button__link has-black-color has-text-color has-background wp-element-button\" href=\"https:\/\/www.tele-radio.com\/au\/industrial-machines\/\" style=\"border-radius:7px;background-color:#fabb00\" target=\"_blank\" rel=\"noreferrer noopener\"><strong>Industrija i strojevi<\/strong><\/a><\/div>\n<\/div>\n<\/div><\/div>\n<\/div>\n\n\n\n<div class=\"wp-block-column is-layout-flow wp-block-column-is-layout-flow\">\n<div class=\"wp-block-cover\"><span aria-hidden=\"true\" class=\"wp-block-cover__background has-background-dim-20 has-background-dim\"><\/span><img loading=\"lazy\" decoding=\"async\" width=\"2560\" height=\"1707\" class=\"wp-block-cover__image-background wp-image-97915\" alt=\"\" src=\"https:\/\/www.tele-radio.com\/app\/uploads\/Lifting-Hoisting-scaled.jpg\" data-object-fit=\"cover\" srcset=\"https:\/\/www.tele-radio.com\/app\/uploads\/Lifting-Hoisting-scaled.jpg 2560w, https:\/\/www.tele-radio.com\/app\/uploads\/Lifting-Hoisting-400x267.jpg 400w, https:\/\/www.tele-radio.com\/app\/uploads\/Lifting-Hoisting-1200x800.jpg 1200w, https:\/\/www.tele-radio.com\/app\/uploads\/Lifting-Hoisting-768x512.jpg 768w, https:\/\/www.tele-radio.com\/app\/uploads\/Lifting-Hoisting-1536x1024.jpg 1536w, https:\/\/www.tele-radio.com\/app\/uploads\/Lifting-Hoisting-2048x1365.jpg 2048w, https:\/\/www.tele-radio.com\/app\/uploads\/Lifting-Hoisting-750x500.jpg 750w, https:\/\/www.tele-radio.com\/app\/uploads\/Lifting-Hoisting-500x333.jpg 500w, https:\/\/www.tele-radio.com\/app\/uploads\/Lifting-Hoisting-1600x1067.jpg 1600w, https:\/\/www.tele-radio.com\/app\/uploads\/Lifting-Hoisting-800x533.jpg 800w\" sizes=\"auto, (max-width: 2560px) 100vw, 2560px\" \/><div class=\"wp-block-cover__inner-container is-layout-flow wp-block-cover-is-layout-flow\"><div class=\"wp-block-image is-style-default\">\n<figure class=\"aligncenter size-full\"><img loading=\"lazy\" decoding=\"async\" width=\"150\" height=\"150\" src=\"https:\/\/www.tele-radio.com\/app\/uploads\/WINCHw.png\" alt=\"Daljinsko upravljanje za dizalice\" class=\"wp-image-6093\"\/><\/figure><\/div>\n\n\n<div class=\"wp-block-buttons is-horizontal is-content-justification-center is-layout-flex wp-container-core-buttons-is-layout-499968f5 wp-block-buttons-is-layout-flex\">\n<div class=\"wp-block-button\"><a class=\"wp-block-button__link has-black-color has-text-color has-background wp-element-button\" href=\"https:\/\/www.tele-radio.com\/au\/lifting-cranes\/\" style=\"border-radius:7px;background-color:#fabb00\" target=\"_blank\" rel=\"noreferrer noopener\"><strong>Dizalice<\/strong><\/a><\/div>\n<\/div>\n<\/div><\/div>\n<\/div>\n<\/div>\n\n\n\n<div class=\"wp-block-columns is-layout-flex wp-container-core-columns-is-layout-9d6595d7 wp-block-columns-is-layout-flex\">\n<div class=\"wp-block-column is-layout-flow wp-block-column-is-layout-flow\">\n<div class=\"wp-block-cover\"><span aria-hidden=\"true\" class=\"wp-block-cover__background has-background-dim\"><\/span><img loading=\"lazy\" decoding=\"async\" width=\"2560\" height=\"1440\" class=\"wp-block-cover__image-background wp-image-97938\" alt=\"\" src=\"https:\/\/www.tele-radio.com\/app\/uploads\/Marine-scaled.jpg\" data-object-fit=\"cover\" srcset=\"https:\/\/www.tele-radio.com\/app\/uploads\/Marine-scaled.jpg 2560w, https:\/\/www.tele-radio.com\/app\/uploads\/Marine-400x225.jpg 400w, https:\/\/www.tele-radio.com\/app\/uploads\/Marine-1200x675.jpg 1200w, https:\/\/www.tele-radio.com\/app\/uploads\/Marine-768x432.jpg 768w, https:\/\/www.tele-radio.com\/app\/uploads\/Marine-1536x864.jpg 1536w, https:\/\/www.tele-radio.com\/app\/uploads\/Marine-2048x1152.jpg 2048w, https:\/\/www.tele-radio.com\/app\/uploads\/Marine-750x422.jpg 750w, https:\/\/www.tele-radio.com\/app\/uploads\/Marine-500x281.jpg 500w, https:\/\/www.tele-radio.com\/app\/uploads\/Marine-1600x900.jpg 1600w, https:\/\/www.tele-radio.com\/app\/uploads\/Marine-800x450.jpg 800w\" sizes=\"auto, (max-width: 2560px) 100vw, 2560px\" \/><div class=\"wp-block-cover__inner-container is-layout-flow wp-block-cover-is-layout-flow\"><div class=\"wp-block-image is-style-default\">\n<figure class=\"aligncenter size-full\"><img loading=\"lazy\" decoding=\"async\" width=\"150\" height=\"150\" src=\"https:\/\/www.tele-radio.com\/app\/uploads\/MARINEw.png\" alt=\"Daljinsko upravljanje u pomorstvu\" class=\"wp-image-5903\"\/><\/figure><\/div>\n\n\n<div class=\"wp-block-buttons is-horizontal is-content-justification-center is-layout-flex wp-container-core-buttons-is-layout-499968f5 wp-block-buttons-is-layout-flex\">\n<div class=\"wp-block-button\"><a class=\"wp-block-button__link has-black-color has-text-color has-background wp-element-button\" href=\"https:\/\/www.tele-radio.com\/hr\/marine-offshore\/\" style=\"border-radius:7px;background-color:#fabb00\" target=\"_blank\" rel=\"noreferrer noopener\"><strong>Pomorstvo<\/strong><\/a><\/div>\n<\/div>\n<\/div><\/div>\n<\/div>\n\n\n\n<div class=\"wp-block-column is-layout-flow wp-block-column-is-layout-flow\">\n<div class=\"wp-block-cover\"><span aria-hidden=\"true\" class=\"wp-block-cover__background has-background-dim\"><\/span><img loading=\"lazy\" decoding=\"async\" width=\"1600\" height=\"1071\" class=\"wp-block-cover__image-background wp-image-96570\" alt=\"\" src=\"https:\/\/www.tele-radio.com\/app\/uploads\/In_Truck_Final_movement-1600x1071-2.jpg\" data-object-fit=\"cover\" srcset=\"https:\/\/www.tele-radio.com\/app\/uploads\/In_Truck_Final_movement-1600x1071-2.jpg 1600w, https:\/\/www.tele-radio.com\/app\/uploads\/In_Truck_Final_movement-1600x1071-2-400x268.jpg 400w, https:\/\/www.tele-radio.com\/app\/uploads\/In_Truck_Final_movement-1600x1071-2-1200x803.jpg 1200w, https:\/\/www.tele-radio.com\/app\/uploads\/In_Truck_Final_movement-1600x1071-2-768x514.jpg 768w, https:\/\/www.tele-radio.com\/app\/uploads\/In_Truck_Final_movement-1600x1071-2-1536x1028.jpg 1536w, https:\/\/www.tele-radio.com\/app\/uploads\/In_Truck_Final_movement-1600x1071-2-750x502.jpg 750w, https:\/\/www.tele-radio.com\/app\/uploads\/In_Truck_Final_movement-1600x1071-2-500x335.jpg 500w, https:\/\/www.tele-radio.com\/app\/uploads\/In_Truck_Final_movement-1600x1071-2-800x536.jpg 800w\" sizes=\"auto, (max-width: 1600px) 100vw, 1600px\" \/><div class=\"wp-block-cover__inner-container is-layout-flow wp-block-cover-is-layout-flow\"><div class=\"wp-block-image is-style-default\">\n<figure class=\"aligncenter size-full is-resized\"><img loading=\"lazy\" decoding=\"async\" width=\"150\" height=\"150\" src=\"https:\/\/www.tele-radio.com\/app\/uploads\/MOBILEw.png\" alt=\"Daljinsko upravljanje za hidrauliku\" class=\"wp-image-5921\" style=\"width:150px;height:auto\"\/><\/figure><\/div>\n\n\n<div class=\"wp-block-buttons is-horizontal is-content-justification-center is-layout-flex wp-container-core-buttons-is-layout-499968f5 wp-block-buttons-is-layout-flex\">\n<div class=\"wp-block-button\"><a class=\"wp-block-button__link has-black-color has-text-color has-background wp-element-button\" href=\"https:\/\/www.tele-radio.com\/au\/applications\/mobile-applications\/\" style=\"border-radius:7px;background-color:#fabb00\" target=\"_blank\" rel=\"noreferrer noopener\"><strong>Hidraulika<\/strong><\/a><\/div>\n<\/div>\n<\/div><\/div>\n<\/div>\n\n\n\n<div class=\"wp-block-column is-layout-flow wp-block-column-is-layout-flow\">\n<div class=\"wp-block-cover\"><span aria-hidden=\"true\" class=\"wp-block-cover__background has-background-dim-30 has-background-dim\"><\/span><img loading=\"lazy\" decoding=\"async\" width=\"7966\" height=\"5486\" class=\"wp-block-cover__image-background wp-image-119829\" alt=\"\" src=\"https:\/\/www.tele-radio.com\/app\/uploads\/ricardo-gomez-angel-F2iCP_knaj8-unsplash.jpg\" data-object-fit=\"cover\" srcset=\"https:\/\/www.tele-radio.com\/app\/uploads\/ricardo-gomez-angel-F2iCP_knaj8-unsplash.jpg 7966w, https:\/\/www.tele-radio.com\/app\/uploads\/ricardo-gomez-angel-F2iCP_knaj8-unsplash-400x275.jpg 400w, https:\/\/www.tele-radio.com\/app\/uploads\/ricardo-gomez-angel-F2iCP_knaj8-unsplash-1200x826.jpg 1200w, https:\/\/www.tele-radio.com\/app\/uploads\/ricardo-gomez-angel-F2iCP_knaj8-unsplash-768x529.jpg 768w, https:\/\/www.tele-radio.com\/app\/uploads\/ricardo-gomez-angel-F2iCP_knaj8-unsplash-1536x1058.jpg 1536w, https:\/\/www.tele-radio.com\/app\/uploads\/ricardo-gomez-angel-F2iCP_knaj8-unsplash-750x517.jpg 750w, https:\/\/www.tele-radio.com\/app\/uploads\/ricardo-gomez-angel-F2iCP_knaj8-unsplash-500x344.jpg 500w, https:\/\/www.tele-radio.com\/app\/uploads\/ricardo-gomez-angel-F2iCP_knaj8-unsplash-1600x1102.jpg 1600w, https:\/\/www.tele-radio.com\/app\/uploads\/ricardo-gomez-angel-F2iCP_knaj8-unsplash-800x551.jpg 800w\" sizes=\"auto, (max-width: 7966px) 100vw, 7966px\" \/><div class=\"wp-block-cover__inner-container is-layout-flow wp-block-cover-is-layout-flow\"><div class=\"wp-block-image is-resized is-style-default\">\n<figure class=\"aligncenter size-full\"><img loading=\"lazy\" decoding=\"async\" width=\"150\" height=\"150\" src=\"https:\/\/www.tele-radio.com\/app\/uploads\/\/pickaxe-1-150x150.png\" alt=\"Daljinsko upravljanje u rudarstvu\" class=\"wp-image-119853\" style=\"width:132px;height:auto\" srcset=\"https:\/\/www.tele-radio.com\/app\/uploads\/pickaxe-1-150x150.png 150w, https:\/\/www.tele-radio.com\/app\/uploads\/pickaxe-1-250x250.png 250w, https:\/\/www.tele-radio.com\/app\/uploads\/pickaxe-1.png 256w\" sizes=\"auto, (max-width: 150px) 100vw, 150px\" \/><\/figure><\/div>\n\n\n<div class=\"wp-block-buttons is-horizontal is-content-justification-center is-layout-flex wp-container-core-buttons-is-layout-499968f5 wp-block-buttons-is-layout-flex\">\n<div class=\"wp-block-button\"><a class=\"wp-block-button__link has-black-color has-text-color has-background wp-element-button\" href=\"https:\/\/www.tele-radio.com\/hr\/rudarstvo-i-reciklaza\/\" style=\"border-radius:7px;background-color:#fabb00\"><strong>Rudarstvo, ru\u0161enje i recikliranje<\/strong><\/a><\/div>\n<\/div>\n<\/div><\/div>\n<\/div>\n<\/div>\n\n\n\n<div class=\"wp-block-columns is-layout-flex wp-container-core-columns-is-layout-9d6595d7 wp-block-columns-is-layout-flex\">\n<div class=\"wp-block-column is-layout-flow wp-block-column-is-layout-flow\">\n<div class=\"wp-block-cover\"><span aria-hidden=\"true\" class=\"wp-block-cover__background has-background-dim\"><\/span><img loading=\"lazy\" decoding=\"async\" width=\"2560\" height=\"1703\" class=\"wp-block-cover__image-background wp-image-119877\" alt=\"\" src=\"https:\/\/www.tele-radio.com\/app\/uploads\/chuttersnap-BNBA1h-NgdY-unsplash-scaled.jpg\" data-object-fit=\"cover\" srcset=\"https:\/\/www.tele-radio.com\/app\/uploads\/chuttersnap-BNBA1h-NgdY-unsplash-scaled.jpg 2560w, https:\/\/www.tele-radio.com\/app\/uploads\/chuttersnap-BNBA1h-NgdY-unsplash-400x266.jpg 400w, https:\/\/www.tele-radio.com\/app\/uploads\/chuttersnap-BNBA1h-NgdY-unsplash-1200x798.jpg 1200w, https:\/\/www.tele-radio.com\/app\/uploads\/chuttersnap-BNBA1h-NgdY-unsplash-768x511.jpg 768w, https:\/\/www.tele-radio.com\/app\/uploads\/chuttersnap-BNBA1h-NgdY-unsplash-1536x1022.jpg 1536w, https:\/\/www.tele-radio.com\/app\/uploads\/chuttersnap-BNBA1h-NgdY-unsplash-2048x1363.jpg 2048w, https:\/\/www.tele-radio.com\/app\/uploads\/chuttersnap-BNBA1h-NgdY-unsplash-750x499.jpg 750w, https:\/\/www.tele-radio.com\/app\/uploads\/chuttersnap-BNBA1h-NgdY-unsplash-500x333.jpg 500w, https:\/\/www.tele-radio.com\/app\/uploads\/chuttersnap-BNBA1h-NgdY-unsplash-1600x1065.jpg 1600w, https:\/\/www.tele-radio.com\/app\/uploads\/chuttersnap-BNBA1h-NgdY-unsplash-800x532.jpg 800w\" sizes=\"auto, (max-width: 2560px) 100vw, 2560px\" \/><div class=\"wp-block-cover__inner-container is-layout-flow wp-block-cover-is-layout-flow\"><div class=\"wp-block-image is-style-default\">\n<figure class=\"aligncenter size-full is-resized\"><img loading=\"lazy\" decoding=\"async\" width=\"256\" height=\"256\" src=\"https:\/\/www.tele-radio.com\/app\/uploads\/logistics.png\" alt=\"Daljinsko upravljanje u logistici\" class=\"wp-image-119901\" style=\"width:150px;height:150px\" srcset=\"https:\/\/www.tele-radio.com\/app\/uploads\/logistics.png 256w, https:\/\/www.tele-radio.com\/app\/uploads\/logistics-150x150.png 150w, https:\/\/www.tele-radio.com\/app\/uploads\/logistics-250x250.png 250w\" sizes=\"auto, (max-width: 256px) 100vw, 256px\" \/><\/figure><\/div>\n\n\n<div class=\"wp-block-buttons is-horizontal is-content-justification-center is-layout-flex wp-container-core-buttons-is-layout-499968f5 wp-block-buttons-is-layout-flex\">\n<div class=\"wp-block-button\"><a class=\"wp-block-button__link has-black-color has-text-color has-background wp-element-button\" href=\"https:\/\/www.tele-radio.com\/hr\/logistics\/\" style=\"border-radius:7px;background-color:#fabb00\"><strong>Logistika<\/strong><\/a><\/div>\n<\/div>\n<\/div><\/div>\n<\/div>\n\n\n\n<div class=\"wp-block-column is-layout-flow wp-block-column-is-layout-flow\">\n<div class=\"wp-block-cover is-light\"><span aria-hidden=\"true\" class=\"wp-block-cover__background has-background-dim\"><\/span><img loading=\"lazy\" decoding=\"async\" width=\"1707\" height=\"2560\" class=\"wp-block-cover__image-background wp-image-119925\" alt=\"\" src=\"https:\/\/www.tele-radio.com\/app\/uploads\/mathias-reding-BhctH6b8hdA-unsplash-scaled.jpg\" data-object-fit=\"cover\" srcset=\"https:\/\/www.tele-radio.com\/app\/uploads\/mathias-reding-BhctH6b8hdA-unsplash-scaled.jpg 1707w, https:\/\/www.tele-radio.com\/app\/uploads\/mathias-reding-BhctH6b8hdA-unsplash-267x400.jpg 267w, https:\/\/www.tele-radio.com\/app\/uploads\/mathias-reding-BhctH6b8hdA-unsplash-800x1200.jpg 800w, https:\/\/www.tele-radio.com\/app\/uploads\/mathias-reding-BhctH6b8hdA-unsplash-768x1152.jpg 768w, https:\/\/www.tele-radio.com\/app\/uploads\/mathias-reding-BhctH6b8hdA-unsplash-1024x1536.jpg 1024w, https:\/\/www.tele-radio.com\/app\/uploads\/mathias-reding-BhctH6b8hdA-unsplash-1365x2048.jpg 1365w, https:\/\/www.tele-radio.com\/app\/uploads\/mathias-reding-BhctH6b8hdA-unsplash-500x750.jpg 500w, https:\/\/www.tele-radio.com\/app\/uploads\/mathias-reding-BhctH6b8hdA-unsplash-333x500.jpg 333w, https:\/\/www.tele-radio.com\/app\/uploads\/mathias-reding-BhctH6b8hdA-unsplash-1067x1600.jpg 1067w, https:\/\/www.tele-radio.com\/app\/uploads\/mathias-reding-BhctH6b8hdA-unsplash-533x800.jpg 533w\" sizes=\"auto, (max-width: 1707px) 100vw, 1707px\" \/><div class=\"wp-block-cover__inner-container is-layout-flow wp-block-cover-is-layout-flow\"><div class=\"wp-block-image is-resized is-style-default\">\n<figure class=\"aligncenter size-full\"><img loading=\"lazy\" decoding=\"async\" width=\"256\" height=\"256\" src=\"https:\/\/www.tele-radio.com\/app\/uploads\/hook.png\" alt=\"Daljinsko upravljanje u gra\u0111evini\" class=\"wp-image-119949\" style=\"width:128px;height:auto\" srcset=\"https:\/\/www.tele-radio.com\/app\/uploads\/hook.png 256w, https:\/\/www.tele-radio.com\/app\/uploads\/hook-150x150.png 150w, https:\/\/www.tele-radio.com\/app\/uploads\/hook-250x250.png 250w\" sizes=\"auto, (max-width: 256px) 100vw, 256px\" \/><\/figure><\/div>\n\n\n<div class=\"wp-block-buttons is-horizontal is-content-justification-center is-layout-flex wp-container-core-buttons-is-layout-499968f5 wp-block-buttons-is-layout-flex\">\n<div class=\"wp-block-button\"><a class=\"wp-block-button__link has-black-color has-text-color has-background wp-element-button\" href=\"https:\/\/www.tele-radio.com\/hr\/gradevina\/\" style=\"border-radius:7px;background-color:#fabb00\" target=\"_blank\" rel=\"noreferrer noopener\"><strong>Gra\u0111evina<\/strong><\/a><\/div>\n<\/div>\n<\/div><\/div>\n<\/div>\n\n\n\n<div class=\"wp-block-column is-layout-flow wp-block-column-is-layout-flow\">\n<div class=\"wp-block-cover is-light\"><span aria-hidden=\"true\" class=\"wp-block-cover__background has-background-dim\"><\/span><img loading=\"lazy\" decoding=\"async\" width=\"1920\" height=\"2560\" class=\"wp-block-cover__image-background wp-image-119973\" alt=\"\" src=\"https:\/\/www.tele-radio.com\/app\/uploads\/edgar-moran-EW5tFsF6e4g-unsplash-1-scaled.jpg\" data-object-fit=\"cover\" srcset=\"https:\/\/www.tele-radio.com\/app\/uploads\/edgar-moran-EW5tFsF6e4g-unsplash-1-scaled.jpg 1920w, https:\/\/www.tele-radio.com\/app\/uploads\/edgar-moran-EW5tFsF6e4g-unsplash-1-300x400.jpg 300w, https:\/\/www.tele-radio.com\/app\/uploads\/edgar-moran-EW5tFsF6e4g-unsplash-1-900x1200.jpg 900w, https:\/\/www.tele-radio.com\/app\/uploads\/edgar-moran-EW5tFsF6e4g-unsplash-1-768x1024.jpg 768w, https:\/\/www.tele-radio.com\/app\/uploads\/edgar-moran-EW5tFsF6e4g-unsplash-1-1152x1536.jpg 1152w, https:\/\/www.tele-radio.com\/app\/uploads\/edgar-moran-EW5tFsF6e4g-unsplash-1-1536x2048.jpg 1536w, https:\/\/www.tele-radio.com\/app\/uploads\/edgar-moran-EW5tFsF6e4g-unsplash-1-563x750.jpg 563w, https:\/\/www.tele-radio.com\/app\/uploads\/edgar-moran-EW5tFsF6e4g-unsplash-1-375x500.jpg 375w, https:\/\/www.tele-radio.com\/app\/uploads\/edgar-moran-EW5tFsF6e4g-unsplash-1-1200x1600.jpg 1200w, https:\/\/www.tele-radio.com\/app\/uploads\/edgar-moran-EW5tFsF6e4g-unsplash-1-600x800.jpg 600w\" sizes=\"auto, (max-width: 1920px) 100vw, 1920px\" \/><div class=\"wp-block-cover__inner-container is-layout-flow wp-block-cover-is-layout-flow\"><div class=\"wp-block-image is-style-default\">\n<figure class=\"aligncenter size-full is-resized\"><img loading=\"lazy\" decoding=\"async\" width=\"256\" height=\"256\" src=\"https:\/\/www.tele-radio.com\/app\/uploads\/gate-1.png\" alt=\"Vrata i kapije na daljinsko upravljanje\" class=\"wp-image-119997\" style=\"width:150px;height:150px\" srcset=\"https:\/\/www.tele-radio.com\/app\/uploads\/gate-1.png 256w, https:\/\/www.tele-radio.com\/app\/uploads\/gate-1-150x150.png 150w, https:\/\/www.tele-radio.com\/app\/uploads\/gate-1-250x250.png 250w\" sizes=\"auto, (max-width: 256px) 100vw, 256px\" \/><\/figure><\/div>\n\n\n<div class=\"wp-block-buttons is-horizontal is-content-justification-center is-layout-flex wp-container-core-buttons-is-layout-499968f5 wp-block-buttons-is-layout-flex\">\n<div class=\"wp-block-button\"><a class=\"wp-block-button__link has-black-color has-text-color has-background wp-element-button\" href=\"https:\/\/www.tele-radio.com\/au\/other\/\" style=\"border-radius:7px;background-color:#fabb00\" target=\"_blank\" rel=\"noreferrer noopener\"><strong>Ostalo<\/strong><\/a><\/div>\n<\/div>\n<\/div><\/div>\n<\/div>\n<\/div>\n\n\n\n<p><\/p>\n","protected":false},"excerpt":{"rendered":"<p>APLIKACIJE TELE RADIO INDUSTRIJSKI DALJINSKI UPRAVLJA\u010c NUDIMO BE\u017dI\u010cNO RIJE\u0160ENJE ZA SVE APLIKACIJE Tele Radio sistemi koriste se u mnogim industrijama, posebno tamo gdje su ergonomija, pouzdanost i sigurnost klju\u010dni \u010dimbenici. Na\u0161a je misija pru\u017eanje end-to-end proizvodnih rje\u0161enja, tehnologija i usluga u podru\u010dju kontrole be\u017ei\u010dne opreme i komunikacije strojeva gdje su pouzdanost i sigurnost klju\u010dni odlu\u010duju\u0107i [&hellip;]<\/p>\n","protected":false},"author":29,"featured_media":0,"parent":0,"menu_order":0,"comment_status":"closed","ping_status":"closed","template":"","meta":{"_acf_changed":false,"footnotes":""},"class_list":["post-210074","page","type-page","status-publish","hentry"],"acf":[],"_links":{"self":[{"href":"https:\/\/www.tele-radio.com\/hr\/wp-json\/wp\/v2\/pages\/210074","targetHints":{"allow":["GET"]}}],"collection":[{"href":"https:\/\/www.tele-radio.com\/hr\/wp-json\/wp\/v2\/pages"}],"about":[{"href":"https:\/\/www.tele-radio.com\/hr\/wp-json\/wp\/v2\/types\/page"}],"author":[{"embeddable":true,"href":"https:\/\/www.tele-radio.com\/hr\/wp-json\/wp\/v2\/users\/29"}],"replies":[{"embeddable":true,"href":"https:\/\/www.tele-radio.com\/hr\/wp-json\/wp\/v2\/comments?post=210074"}],"version-history":[{"count":10,"href":"https:\/\/www.tele-radio.com\/hr\/wp-json\/wp\/v2\/pages\/210074\/revisions"}],"predecessor-version":[{"id":266932,"href":"https:\/\/www.tele-radio.com\/hr\/wp-json\/wp\/v2\/pages\/210074\/revisions\/266932"}],"wp:attachment":[{"href":"https:\/\/www.tele-radio.com\/hr\/wp-json\/wp\/v2\/media?parent=210074"}],"curies":[{"name":"wp","href":"https:\/\/api.w.org\/{rel}","templated":true}]}}